{"id":2297,"date":"2022-07-27T21:34:21","date_gmt":"2022-07-27T19:34:21","guid":{"rendered":"https:\/\/123-esta.com\/top10-visite-new-york\/"},"modified":"2022-09-19T16:24:42","modified_gmt":"2022-09-19T14:24:42","slug":"10-migliori-tour-di-new-york","status":"publish","type":"page","link":"https:\/\/123-esta.com\/it\/10-migliori-tour-di-new-york\/","title":{"rendered":"I 10 luoghi da non perdere a New York"},"content":{"rendered":"\n<p>Per raggiungere gli Stati Uniti, potete prendere un aereo o una nave e visitare la mitica citt\u00e0 di New York!<\/p>\n\n<p>Per farlo, dovrete richiedere una semplice autorizzazione elettronica su Internet, chiamata ESTA. Una volta concessa, l&#8217;ESTA vi permetter\u00e0 di godervi un viaggio indimenticabile nella Grande Mela per un massimo di 90 giorni. New York \u00e8 di gran lunga la citt\u00e0 pi\u00f9 visitata degli Stati Uniti ed \u00e8 una delle <a href=\"https:\/\/123-esta.com\/it\/citta-e-regioni-da-visitare-negli-stati-uniti\/\">principali attrazioni degli Stati Uniti<\/a>, che attira ogni anno milioni di visitatori da tutto il mondo. Sarai il prossimo?<\/p>\n\n<h2 class=\"wp-block-heading\">Turismo a New York: i buoni piani<\/h2>\n\n<p>Se \u00e8 il vostro primo viaggio a New York, pianificare la vostra visita potrebbe essere molto importante, dato che ci sono cos\u00ec tanti siti da vedere. \u00c8 quindi consigliabile stilare un programma dei luoghi da visitare prima di partire per evitare inutili perdite di tempo.<\/p>\n\n<p>Il programma di visite consigliato comprende molte attivit\u00e0, come la visita della citt\u00e0 stessa, dei suoi musei, lo shopping o la frequentazione di bar o locali notturni. Se avete tempo, non esitate a perdervi nella citt\u00e0, perch\u00e9 ogni strada pu\u00f2 riservare molte sorprese.<\/p>\n\n<h2 class=\"wp-block-heading\">Visita guidata di New York<\/h2>\n\n<p>New York ha cos\u00ec tanti luoghi interessanti che ci vorrebbe una vita per vederli tutti. Visite ai monumenti, attivit\u00e0 acquatiche e crociere, spettacoli, eventi sportivi, ecc. New York offre una moltitudine di attivit\u00e0. Per aiutarvi nella scelta, ecco alcune idee:<\/p>\n\n<ul class=\"wp-block-list\"><li>I siti pi\u00f9 importanti sono la Statua della Libert\u00e0 e il Ponte di Brooklyn.<\/li><li>Un tour in elicottero vi permetter\u00e0 di avere un&#8217;ampia visione del paesaggio di Manhattan con un budget limitato. Contrariamente a quanto si potrebbe pensare, le tariffe non sono cos\u00ec costose. Sorvolare la citt\u00e0 \u00e8 un&#8217;esperienza indimenticabile!<\/li><li>Il Rockefeller Center \u00e8 un complesso di 19 edifici commerciali che si estende tra la 48a e la 51a strada a Manhattan. In cima all&#8217;edificio si gode di una vista incredibile su tutta la citt\u00e0!<\/li><li>Una delle meraviglie di New York \u00e8 senza dubbio Ellis Island, il luogo in cui sbarcarono molti immigrati europei in cerca di una vita migliore negli Stati Uniti.<\/li><li>Come si pu\u00f2 parlare di New York senza parlare di <a href=\"https:\/\/123-esta.com\/it\/visitare-central-park-new-york\/\">Central Park? <\/a><\/li><\/ul>\n\n<h2 class=\"wp-block-heading\">New York e le sue strade mitiche<\/h2>\n\n<p>Le strade di New York sono sempre affollate e vivaci, cos\u00ec come la famosa piazza nel cuore di Manhattan, conosciuta come la Via Crucis del Mondo. Questo luogo offre ai visitatori un vero e proprio spettacolo di luci e architettura, completamente gratuito.<\/p>\n\n<p>A New York \u00e8 facile trovare hotel di lusso e ristoranti con cibo delizioso. Un&#8217;attivit\u00e0 che consigliamo a novembre \u00e8 la parata del Giorno del Ringraziamento di Macy. \u00c8 un evento annuale che accoglie pi\u00f9 di tre milioni di visitatori, attratti dalla parata organizzata per l&#8217;occasione.<\/p>\n","protected":false},"excerpt":{"rendered":"<p>Per raggiungere gli Stati Uniti, potete prendere un aereo o una nave e visitare la mitica citt\u00e0 di New York! Per farlo, dovrete richiedere una semplice autorizzazione elettronica su Internet, chiamata ESTA. Una volta concessa, l&#8217;ESTA vi permetter\u00e0 di godervi un viaggio indimenticabile nella Grande Mela per un massimo di 90 giorni. New York \u00e8 [&hellip;]<\/p>\n","protected":false},"author":1,"featured_media":0,"parent":0,"menu_order":0,"comment_status":"closed","ping_status":"closed","template":"","meta":{"site-sidebar-layout":"default","site-content-layout":"default","ast-site-content-layout":"default","site-content-style":"default","site-sidebar-style":"default","ast-global-header-display":"","ast-banner-title-visibility":"","ast-main-header-display":"","ast-hfb-above-header-display":"","ast-hfb-below-header-display":"","ast-hfb-mobile-header-display":"","site-post-title":"","ast-breadcrumbs-content":"","ast-featured-img":"","footer-sml-layout":"","ast-disable-related-posts":"","theme-transparent-header-meta":"default","adv-header-id-meta":"","stick-header-meta":"default","header-above-stick-meta":"","header-main-stick-meta":"","header-below-stick-meta":"","astra-migrate-meta-layouts":"default","ast-page-background-enabled":"default","ast-page-background-meta":{"desktop":{"background-color":"","background-image":"","background-repeat":"repeat","background-position":"center center","background-size":"auto","background-attachment":"scroll","background-type":"","background-media":"","overlay-type":"","overlay-color":"","overlay-opacity":"","overlay-gradient":""},"tablet":{"background-color":"","background-image":"","background-repeat":"repeat","background-position":"center center","background-size":"auto","background-attachment":"scroll","background-type":"","background-media":"","overlay-type":"","overlay-color":"","overlay-opacity":"","overlay-gradient":""},"mobile":{"background-color":"","background-image":"","background-repeat":"repeat","background-position":"center center","background-size":"auto","background-attachment":"scroll","background-type":"","background-media":"","overlay-type":"","overlay-color":"","overlay-opacity":"","overlay-gradient":""}},"ast-content-background-meta":{"desktop":{"background-color":"var(--ast-global-color-5)","background-image":"","background-repeat":"repeat","background-position":"center center","background-size":"auto","background-attachment":"scroll","background-type":"","background-media":"","overlay-type":"","overlay-color":"","overlay-opacity":"","overlay-gradient":""},"tablet":{"background-color":"var(--ast-global-color-5)","background-image":"","background-repeat":"repeat","background-position":"center center","background-size":"auto","background-attachment":"scroll","background-type":"","background-media":"","overlay-type":"","overlay-color":"","overlay-opacity":"","overlay-gradient":""},"mobile":{"background-color":"var(--ast-global-color-5)","background-image":"","background-repeat":"repeat","background-position":"center center","background-size":"auto","background-attachment":"scroll","background-type":"","background-media":"","overlay-type":"","overlay-color":"","overlay-opacity":"","overlay-gradient":""}},"footnotes":""},"class_list":["post-2297","page","type-page","status-publish","hentry"],"yoast_head":"<!-- This site is optimized with the Yoast SEO plugin v27.1.1 - https:\/\/yoast.com\/product\/yoast-seo-wordpress\/ -->\n<title>La nostra Top 10 delle cose da vedere e fare a New York<\/title>\n<meta name=\"description\" content=\"Una volta ottenuto il modulo ESTA via Internet, potrete viaggiare a New York e ovunque negli Stati Uniti.\" \/>\n<meta name=\"robots\" content=\"index, follow, max-snippet:-1, max-image-preview:large, max-video-preview:-1\" \/>\n<link rel=\"canonical\" href=\"https:\/\/123-esta.com\/it\/10-migliori-tour-di-new-york\/\" \/>\n<meta property=\"og:locale\" content=\"it_IT\" \/>\n<meta property=\"og:type\" content=\"article\" \/>\n<meta property=\"og:title\" content=\"La nostra Top 10 delle cose da vedere e fare a New York\" \/>\n<meta property=\"og:description\" content=\"Una volta ottenuto il modulo ESTA via Internet, potrete viaggiare a New York e ovunque negli Stati Uniti.\" \/>\n<meta property=\"og:url\" content=\"https:\/\/123-esta.com\/it\/10-migliori-tour-di-new-york\/\" \/>\n<meta property=\"og:site_name\" content=\"Formulaire ESTA pour les USA\" \/>\n<meta property=\"article:modified_time\" content=\"2022-09-19T14:24:42+00:00\" \/>\n<meta name=\"twitter:card\" content=\"summary_large_image\" \/>\n<meta name=\"twitter:label1\" content=\"Tempo di lettura stimato\" \/>\n\t<meta name=\"twitter:data1\" content=\"2 minuti\" \/>\n<script type=\"application\/ld+json\" class=\"yoast-schema-graph\">{\"@context\":\"https:\/\/schema.org\",\"@graph\":[{\"@type\":\"WebPage\",\"@id\":\"https:\/\/123-esta.com\/it\/10-migliori-tour-di-new-york\/\",\"url\":\"https:\/\/123-esta.com\/it\/10-migliori-tour-di-new-york\/\",\"name\":\"La nostra Top 10 delle cose da vedere e fare a New York\",\"isPartOf\":{\"@id\":\"https:\/\/123-esta.com\/it\/#website\"},\"datePublished\":\"2022-07-27T19:34:21+00:00\",\"dateModified\":\"2022-09-19T14:24:42+00:00\",\"description\":\"Una volta ottenuto il modulo ESTA via Internet, potrete viaggiare a New York e ovunque negli Stati Uniti.\",\"inLanguage\":\"it-IT\",\"potentialAction\":[{\"@type\":\"ReadAction\",\"target\":[\"https:\/\/123-esta.com\/it\/10-migliori-tour-di-new-york\/\"]}]},{\"@type\":\"WebSite\",\"@id\":\"https:\/\/123-esta.com\/it\/#website\",\"url\":\"https:\/\/123-esta.com\/it\/\",\"name\":\"Formulaire ESTA pour les USA\",\"description\":\"\",\"publisher\":{\"@id\":\"https:\/\/123-esta.com\/it\/#organization\"},\"potentialAction\":[{\"@type\":\"SearchAction\",\"target\":{\"@type\":\"EntryPoint\",\"urlTemplate\":\"https:\/\/123-esta.com\/it\/?s={search_term_string}\"},\"query-input\":{\"@type\":\"PropertyValueSpecification\",\"valueRequired\":true,\"valueName\":\"search_term_string\"}}],\"inLanguage\":\"it-IT\"},{\"@type\":\"Organization\",\"@id\":\"https:\/\/123-esta.com\/it\/#organization\",\"name\":\"Formulaire ESTA pour les USA\",\"url\":\"https:\/\/123-esta.com\/it\/\",\"logo\":{\"@type\":\"ImageObject\",\"inLanguage\":\"it-IT\",\"@id\":\"https:\/\/123-esta.com\/it\/#\/schema\/logo\/image\/\",\"url\":\"https:\/\/123-esta.com\/wp-content\/uploads\/2018\/03\/logo-123-esta.png\",\"contentUrl\":\"https:\/\/123-esta.com\/wp-content\/uploads\/2018\/03\/logo-123-esta.png\",\"width\":191,\"height\":54,\"caption\":\"Formulaire ESTA pour les USA\"},\"image\":{\"@id\":\"https:\/\/123-esta.com\/it\/#\/schema\/logo\/image\/\"}}]}<\/script>\n<!-- \/ Yoast SEO plugin. -->","yoast_head_json":{"title":"La nostra Top 10 delle cose da vedere e fare a New York","description":"Una volta ottenuto il modulo ESTA via Internet, potrete viaggiare a New York e ovunque negli Stati Uniti.","robots":{"index":"index","follow":"follow","max-snippet":"max-snippet:-1","max-image-preview":"max-image-preview:large","max-video-preview":"max-video-preview:-1"},"canonical":"https:\/\/123-esta.com\/it\/10-migliori-tour-di-new-york\/","og_locale":"it_IT","og_type":"article","og_title":"La nostra Top 10 delle cose da vedere e fare a New York","og_description":"Una volta ottenuto il modulo ESTA via Internet, potrete viaggiare a New York e ovunque negli Stati Uniti.","og_url":"https:\/\/123-esta.com\/it\/10-migliori-tour-di-new-york\/","og_site_name":"Formulaire ESTA pour les USA","article_modified_time":"2022-09-19T14:24:42+00:00","twitter_card":"summary_large_image","twitter_misc":{"Tempo di lettura stimato":"2 minuti"},"schema":{"@context":"https:\/\/schema.org","@graph":[{"@type":"WebPage","@id":"https:\/\/123-esta.com\/it\/10-migliori-tour-di-new-york\/","url":"https:\/\/123-esta.com\/it\/10-migliori-tour-di-new-york\/","name":"La nostra Top 10 delle cose da vedere e fare a New York","isPartOf":{"@id":"https:\/\/123-esta.com\/it\/#website"},"datePublished":"2022-07-27T19:34:21+00:00","dateModified":"2022-09-19T14:24:42+00:00","description":"Una volta ottenuto il modulo ESTA via Internet, potrete viaggiare a New York e ovunque negli Stati Uniti.","inLanguage":"it-IT","potentialAction":[{"@type":"ReadAction","target":["https:\/\/123-esta.com\/it\/10-migliori-tour-di-new-york\/"]}]},{"@type":"WebSite","@id":"https:\/\/123-esta.com\/it\/#website","url":"https:\/\/123-esta.com\/it\/","name":"Formulaire ESTA pour les USA","description":"","publisher":{"@id":"https:\/\/123-esta.com\/it\/#organization"},"potentialAction":[{"@type":"SearchAction","target":{"@type":"EntryPoint","urlTemplate":"https:\/\/123-esta.com\/it\/?s={search_term_string}"},"query-input":{"@type":"PropertyValueSpecification","valueRequired":true,"valueName":"search_term_string"}}],"inLanguage":"it-IT"},{"@type":"Organization","@id":"https:\/\/123-esta.com\/it\/#organization","name":"Formulaire ESTA pour les USA","url":"https:\/\/123-esta.com\/it\/","logo":{"@type":"ImageObject","inLanguage":"it-IT","@id":"https:\/\/123-esta.com\/it\/#\/schema\/logo\/image\/","url":"https:\/\/123-esta.com\/wp-content\/uploads\/2018\/03\/logo-123-esta.png","contentUrl":"https:\/\/123-esta.com\/wp-content\/uploads\/2018\/03\/logo-123-esta.png","width":191,"height":54,"caption":"Formulaire ESTA pour les USA"},"image":{"@id":"https:\/\/123-esta.com\/it\/#\/schema\/logo\/image\/"}}]}},"_links":{"self":[{"href":"https:\/\/123-esta.com\/it\/wp-json\/wp\/v2\/pages\/2297","targetHints":{"allow":["GET"]}}],"collection":[{"href":"https:\/\/123-esta.com\/it\/wp-json\/wp\/v2\/pages"}],"about":[{"href":"https:\/\/123-esta.com\/it\/wp-json\/wp\/v2\/types\/page"}],"author":[{"embeddable":true,"href":"https:\/\/123-esta.com\/it\/wp-json\/wp\/v2\/users\/1"}],"replies":[{"embeddable":true,"href":"https:\/\/123-esta.com\/it\/wp-json\/wp\/v2\/comments?post=2297"}],"version-history":[{"count":0,"href":"https:\/\/123-esta.com\/it\/wp-json\/wp\/v2\/pages\/2297\/revisions"}],"wp:attachment":[{"href":"https:\/\/123-esta.com\/it\/wp-json\/wp\/v2\/media?parent=2297"}],"curies":[{"name":"wp","href":"https:\/\/api.w.org\/{rel}","templated":true}]}}