{"id":2291,"date":"2022-07-27T21:34:19","date_gmt":"2022-07-27T19:34:19","guid":{"rendered":"https:\/\/123-esta.com\/cosa-fare-in-florida\/"},"modified":"2022-09-19T16:50:18","modified_gmt":"2022-09-19T14:50:18","slug":"cosa-fare-in-florida","status":"publish","type":"page","link":"https:\/\/123-esta.com\/it\/cosa-fare-in-florida\/","title":{"rendered":"Quali sono le attrazioni da non perdere in Florida?"},"content":{"rendered":"\n<p>Con una superficie di 151.940 km2, la penisola della Florida \u00e8 lunga 700 km ed \u00e8 delimitata a sud e a est dall&#8217;Oceano Atlantico e a ovest dal Golfo del Messico. La sua costa di oltre 1930 km offre bellissime spiagge a perdita d&#8217;occhio, con graziose baie e molti luoghi da visitare. Con una costa di quasi 4000 isole, la Florida \u00e8 conosciuta come la patria dell&#8217;acqua blu. \u00c8 una delle <a href=\"https:\/\/123-esta.com\/it\/citta-e-regioni-da-visitare-negli-stati-uniti\/\">principali regioni turistiche degli Stati Uniti<\/a>.<\/p>\n\n<p>Per non rovinare nulla, la Florida non si limita alle sue spiagge. Oltre all&#8217;impareggiabile ambiente naturale, in Florida ci sono diversi siti che vi piacer\u00e0 scoprire, come Disney World, un parco divertimenti considerato una tappa obbligata dalla maggior parte dei visitatori della Florida.<\/p>\n\n<h2 class=\"wp-block-heading\">Alla scoperta di Miami<\/h2>\n\n<p>Con una popolazione di quasi cinque milioni di abitanti, Miami e l&#8217;area circostante sono un focolaio di affari e turismo. La citt\u00e0 \u00e8 anche la porta d&#8217;accesso ai Caraibi ed \u00e8 facilmente raggiungibile per una fuga invernale o un weekend memorabile.<br\/><a href=\"https:\/\/123-esta.com\/it\/top10-visite-miami\/\">Visitare Miami<\/a> significa anche visitare South Beach, la vita notturna senza pari, i culturisti e la spiaggia. Ma anche Little Havana, un piccolo pezzo di Cuba nel mezzo della citt\u00e0. Per quanto riguarda gli hotel, in Florida non mancano e potrete facilmente trovare un&#8217;opzione che soddisfi le vostre esigenze. Un viaggio a <a href=\"https:\/\/123-esta.com\/it\/fort-lauderdale-crociera\/\">Fort Lauderdale<\/a> vi permetter\u00e0 anche di godervi una delle tante <a href=\"https:\/\/123-esta.com\/it\/crociera-di-lusso-negli-stati-uniti\/\">crociere di lusso americane<\/a> offerte.<\/p>\n\n<h2 class=\"wp-block-heading\">Viaggiare in Florida con l&#8217;autorizzazione elettronica di viaggio ESTA<\/h2>\n\n<p>Chi desidera visitare la Florida dalla Francia deve ottenere un&#8217;autorizzazione di viaggio ESTA prima di prendere il volo.<\/p>\n\n<p>Per ottenere questa autorizzazione, \u00e8 necessario fare domanda online compilando un modulo e pagando la tassa. \u00c8 bene ricordare che l&#8217;autorizzazione non viene concessa di fatto. Pu\u00f2 essere rifiutata o concessa senza ulteriori indugi. Ma non c&#8217;\u00e8 dubbio che i rifiuti sono ancora rari.<\/p>\n\n<h2 class=\"wp-block-heading\">E se non si soddisfano i requisiti?<\/h2>\n\n<p>Se, per qualche motivo, non soddisfate i criteri per l&#8217;autorizzazione al viaggio ESTA, avete una seconda opzione: recarvi all&#8217;ambasciata statunitense per <a href=\"https:\/\/123-esta.com\/it\/visto-turistico-stati-uniti\/\">richiedere un visto turistico<\/a>.<\/p>\n\n<p>Attenzione: anche se soddisfate i criteri e la vostra domanda ESTA \u00e8 stata rifiutata per un errore o un malinteso, non potete compilare il modulo una seconda volta. Dovrete attendere dieci giorni prima di richiedere nuovamente l&#8217;autorizzazione. La risposta di quest&#8217;ultimo dipende sempre dal ministero responsabile della gestione dell&#8217;immigrazione.<\/p>\n","protected":false},"excerpt":{"rendered":"<p>Con una superficie di 151.940 km2, la penisola della Florida \u00e8 lunga 700 km ed \u00e8 delimitata a sud e a est dall&#8217;Oceano Atlantico e a ovest dal Golfo del Messico. La sua costa di oltre 1930 km offre bellissime spiagge a perdita d&#8217;occhio, con graziose baie e molti luoghi da visitare. Con una costa [&hellip;]<\/p>\n","protected":false},"author":1,"featured_media":0,"parent":0,"menu_order":0,"comment_status":"closed","ping_status":"closed","template":"","meta":{"site-sidebar-layout":"default","site-content-layout":"default","ast-site-content-layout":"default","site-content-style":"default","site-sidebar-style":"default","ast-global-header-display":"","ast-banner-title-visibility":"","ast-main-header-display":"","ast-hfb-above-header-display":"","ast-hfb-below-header-display":"","ast-hfb-mobile-header-display":"","site-post-title":"","ast-breadcrumbs-content":"","ast-featured-img":"","footer-sml-layout":"","ast-disable-related-posts":"","theme-transparent-header-meta":"default","adv-header-id-meta":"","stick-header-meta":"default","header-above-stick-meta":"","header-main-stick-meta":"","header-below-stick-meta":"","astra-migrate-meta-layouts":"default","ast-page-background-enabled":"default","ast-page-background-meta":{"desktop":{"background-color":"","background-image":"","background-repeat":"repeat","background-position":"center center","background-size":"auto","background-attachment":"scroll","background-type":"","background-media":"","overlay-type":"","overlay-color":"","overlay-opacity":"","overlay-gradient":""},"tablet":{"background-color":"","background-image":"","background-repeat":"repeat","background-position":"center center","background-size":"auto","background-attachment":"scroll","background-type":"","background-media":"","overlay-type":"","overlay-color":"","overlay-opacity":"","overlay-gradient":""},"mobile":{"background-color":"","background-image":"","background-repeat":"repeat","background-position":"center center","background-size":"auto","background-attachment":"scroll","background-type":"","background-media":"","overlay-type":"","overlay-color":"","overlay-opacity":"","overlay-gradient":""}},"ast-content-background-meta":{"desktop":{"background-color":"var(--ast-global-color-5)","background-image":"","background-repeat":"repeat","background-position":"center center","background-size":"auto","background-attachment":"scroll","background-type":"","background-media":"","overlay-type":"","overlay-color":"","overlay-opacity":"","overlay-gradient":""},"tablet":{"background-color":"var(--ast-global-color-5)","background-image":"","background-repeat":"repeat","background-position":"center center","background-size":"auto","background-attachment":"scroll","background-type":"","background-media":"","overlay-type":"","overlay-color":"","overlay-opacity":"","overlay-gradient":""},"mobile":{"background-color":"var(--ast-global-color-5)","background-image":"","background-repeat":"repeat","background-position":"center center","background-size":"auto","background-attachment":"scroll","background-type":"","background-media":"","overlay-type":"","overlay-color":"","overlay-opacity":"","overlay-gradient":""}},"footnotes":""},"class_list":["post-2291","page","type-page","status-publish","hentry"],"yoast_head":"<!-- This site is optimized with the Yoast SEO plugin v27.1.1 - https:\/\/yoast.com\/product\/yoast-seo-wordpress\/ -->\n<title>Cosa visitare durante una vacanza in Florida<\/title>\n<meta name=\"description\" content=\"Visitare la Florida \u00e8 consigliato per il sole, la spiaggia, lo shopping e la vita notturna. Viaggiate in Florida con l&#039;ESTA\" \/>\n<meta name=\"robots\" content=\"index, follow, max-snippet:-1, max-image-preview:large, max-video-preview:-1\" \/>\n<link rel=\"canonical\" href=\"https:\/\/123-esta.com\/it\/cosa-fare-in-florida\/\" \/>\n<meta property=\"og:locale\" content=\"it_IT\" \/>\n<meta property=\"og:type\" content=\"article\" \/>\n<meta property=\"og:title\" content=\"Cosa visitare durante una vacanza in Florida\" \/>\n<meta property=\"og:description\" content=\"Visitare la Florida \u00e8 consigliato per il sole, la spiaggia, lo shopping e la vita notturna. Viaggiate in Florida con l&#039;ESTA\" \/>\n<meta property=\"og:url\" content=\"https:\/\/123-esta.com\/it\/cosa-fare-in-florida\/\" \/>\n<meta property=\"og:site_name\" content=\"Formulaire ESTA pour les USA\" \/>\n<meta property=\"article:modified_time\" content=\"2022-09-19T14:50:18+00:00\" \/>\n<meta name=\"twitter:card\" content=\"summary_large_image\" \/>\n<meta name=\"twitter:label1\" content=\"Tempo di lettura stimato\" \/>\n\t<meta name=\"twitter:data1\" content=\"2 minuti\" \/>\n<script type=\"application\/ld+json\" class=\"yoast-schema-graph\">{\"@context\":\"https:\/\/schema.org\",\"@graph\":[{\"@type\":\"WebPage\",\"@id\":\"https:\/\/123-esta.com\/it\/cosa-fare-in-florida\/\",\"url\":\"https:\/\/123-esta.com\/it\/cosa-fare-in-florida\/\",\"name\":\"Cosa visitare durante una vacanza in Florida\",\"isPartOf\":{\"@id\":\"https:\/\/123-esta.com\/it\/#website\"},\"datePublished\":\"2022-07-27T19:34:19+00:00\",\"dateModified\":\"2022-09-19T14:50:18+00:00\",\"description\":\"Visitare la Florida \u00e8 consigliato per il sole, la spiaggia, lo shopping e la vita notturna. Viaggiate in Florida con l'ESTA\",\"inLanguage\":\"it-IT\",\"potentialAction\":[{\"@type\":\"ReadAction\",\"target\":[\"https:\/\/123-esta.com\/it\/cosa-fare-in-florida\/\"]}]},{\"@type\":\"WebSite\",\"@id\":\"https:\/\/123-esta.com\/it\/#website\",\"url\":\"https:\/\/123-esta.com\/it\/\",\"name\":\"Formulaire ESTA pour les USA\",\"description\":\"\",\"publisher\":{\"@id\":\"https:\/\/123-esta.com\/it\/#organization\"},\"potentialAction\":[{\"@type\":\"SearchAction\",\"target\":{\"@type\":\"EntryPoint\",\"urlTemplate\":\"https:\/\/123-esta.com\/it\/?s={search_term_string}\"},\"query-input\":{\"@type\":\"PropertyValueSpecification\",\"valueRequired\":true,\"valueName\":\"search_term_string\"}}],\"inLanguage\":\"it-IT\"},{\"@type\":\"Organization\",\"@id\":\"https:\/\/123-esta.com\/it\/#organization\",\"name\":\"Formulaire ESTA pour les USA\",\"url\":\"https:\/\/123-esta.com\/it\/\",\"logo\":{\"@type\":\"ImageObject\",\"inLanguage\":\"it-IT\",\"@id\":\"https:\/\/123-esta.com\/it\/#\/schema\/logo\/image\/\",\"url\":\"https:\/\/123-esta.com\/wp-content\/uploads\/2018\/03\/logo-123-esta.png\",\"contentUrl\":\"https:\/\/123-esta.com\/wp-content\/uploads\/2018\/03\/logo-123-esta.png\",\"width\":191,\"height\":54,\"caption\":\"Formulaire ESTA pour les USA\"},\"image\":{\"@id\":\"https:\/\/123-esta.com\/it\/#\/schema\/logo\/image\/\"}}]}<\/script>\n<!-- \/ Yoast SEO plugin. -->","yoast_head_json":{"title":"Cosa visitare durante una vacanza in Florida","description":"Visitare la Florida \u00e8 consigliato per il sole, la spiaggia, lo shopping e la vita notturna. Viaggiate in Florida con l'ESTA","robots":{"index":"index","follow":"follow","max-snippet":"max-snippet:-1","max-image-preview":"max-image-preview:large","max-video-preview":"max-video-preview:-1"},"canonical":"https:\/\/123-esta.com\/it\/cosa-fare-in-florida\/","og_locale":"it_IT","og_type":"article","og_title":"Cosa visitare durante una vacanza in Florida","og_description":"Visitare la Florida \u00e8 consigliato per il sole, la spiaggia, lo shopping e la vita notturna. Viaggiate in Florida con l'ESTA","og_url":"https:\/\/123-esta.com\/it\/cosa-fare-in-florida\/","og_site_name":"Formulaire ESTA pour les USA","article_modified_time":"2022-09-19T14:50:18+00:00","twitter_card":"summary_large_image","twitter_misc":{"Tempo di lettura stimato":"2 minuti"},"schema":{"@context":"https:\/\/schema.org","@graph":[{"@type":"WebPage","@id":"https:\/\/123-esta.com\/it\/cosa-fare-in-florida\/","url":"https:\/\/123-esta.com\/it\/cosa-fare-in-florida\/","name":"Cosa visitare durante una vacanza in Florida","isPartOf":{"@id":"https:\/\/123-esta.com\/it\/#website"},"datePublished":"2022-07-27T19:34:19+00:00","dateModified":"2022-09-19T14:50:18+00:00","description":"Visitare la Florida \u00e8 consigliato per il sole, la spiaggia, lo shopping e la vita notturna. Viaggiate in Florida con l'ESTA","inLanguage":"it-IT","potentialAction":[{"@type":"ReadAction","target":["https:\/\/123-esta.com\/it\/cosa-fare-in-florida\/"]}]},{"@type":"WebSite","@id":"https:\/\/123-esta.com\/it\/#website","url":"https:\/\/123-esta.com\/it\/","name":"Formulaire ESTA pour les USA","description":"","publisher":{"@id":"https:\/\/123-esta.com\/it\/#organization"},"potentialAction":[{"@type":"SearchAction","target":{"@type":"EntryPoint","urlTemplate":"https:\/\/123-esta.com\/it\/?s={search_term_string}"},"query-input":{"@type":"PropertyValueSpecification","valueRequired":true,"valueName":"search_term_string"}}],"inLanguage":"it-IT"},{"@type":"Organization","@id":"https:\/\/123-esta.com\/it\/#organization","name":"Formulaire ESTA pour les USA","url":"https:\/\/123-esta.com\/it\/","logo":{"@type":"ImageObject","inLanguage":"it-IT","@id":"https:\/\/123-esta.com\/it\/#\/schema\/logo\/image\/","url":"https:\/\/123-esta.com\/wp-content\/uploads\/2018\/03\/logo-123-esta.png","contentUrl":"https:\/\/123-esta.com\/wp-content\/uploads\/2018\/03\/logo-123-esta.png","width":191,"height":54,"caption":"Formulaire ESTA pour les USA"},"image":{"@id":"https:\/\/123-esta.com\/it\/#\/schema\/logo\/image\/"}}]}},"_links":{"self":[{"href":"https:\/\/123-esta.com\/it\/wp-json\/wp\/v2\/pages\/2291","targetHints":{"allow":["GET"]}}],"collection":[{"href":"https:\/\/123-esta.com\/it\/wp-json\/wp\/v2\/pages"}],"about":[{"href":"https:\/\/123-esta.com\/it\/wp-json\/wp\/v2\/types\/page"}],"author":[{"embeddable":true,"href":"https:\/\/123-esta.com\/it\/wp-json\/wp\/v2\/users\/1"}],"replies":[{"embeddable":true,"href":"https:\/\/123-esta.com\/it\/wp-json\/wp\/v2\/comments?post=2291"}],"version-history":[{"count":0,"href":"https:\/\/123-esta.com\/it\/wp-json\/wp\/v2\/pages\/2291\/revisions"}],"wp:attachment":[{"href":"https:\/\/123-esta.com\/it\/wp-json\/wp\/v2\/media?parent=2291"}],"curies":[{"name":"wp","href":"https:\/\/api.w.org\/{rel}","templated":true}]}}