{"id":2287,"date":"2022-07-27T21:34:17","date_gmt":"2022-07-27T19:34:17","guid":{"rendered":"https:\/\/123-esta.com\/citta-e-regioni-da-visitare-negli-stati-uniti\/"},"modified":"2022-08-23T23:54:17","modified_gmt":"2022-08-23T21:54:17","slug":"citta-e-regioni-da-visitare-negli-stati-uniti","status":"publish","type":"page","link":"https:\/\/123-esta.com\/it\/citta-e-regioni-da-visitare-negli-stati-uniti\/","title":{"rendered":"Le principali citt\u00e0 e regioni da visitare durante un viaggio negli USA"},"content":{"rendered":"\n<p>Da est a ovest e da nord a sud, gli Stati Uniti hanno molto da offrire, dalle magnifiche coste alle maestose catene montuose, dalle moderne metropoli agli incredibili scenari naturali. C&#8217;\u00e8 sicuramente qualcosa per tutti! Se non sapete <a href=\"https:\/\/123-esta.com\/it\/cosa-fare-e-visitare-negli-stati-uniti\/\">cosa vedere e visitare negli Stati Uniti<\/a>, ecco i nostri consigli!<\/p>\n\n<h2 class=\"wp-block-heading\">New York<\/h2>\n\n<p><a href=\"https:\/\/123-esta.com\/it\/10-migliori-tour-di-new-york\/\">New York<\/a>, la Grande Mela, \u00e8 una tappa obbligata per tutti i viaggiatori, soprattutto se si tratta della prima visita negli Stati Uniti. La citt\u00e0 \u00e8 popolare soprattutto grazie ai famosi taxi gialli che attraversano la citt\u00e0 giorno e notte. Dal Rockefeller Center a Times Square, dal Metropolitan Museum of Art a Broadway e Manhattan, la citt\u00e0 che non dorme mai vi tiene sulle spine 24 ore al giorno, 7 giorni alla settimana.<\/p>\n\n<h2 class=\"wp-block-heading\">Il Nord Est degli Stati Uniti<\/h2>\n\n<p>Tra gli itinerari pi\u00f9 popolari, il <a href=\"https:\/\/123-esta.com\/it\/cosa-fare-negli-stati-uniti-del-nordest\/\">Nord Est degli Stati Uniti<\/a> non \u00e8 da meno. E per una buona ragione, questa regione americana comprende tre delle citt\u00e0 pi\u00f9 interessanti del Paese: New York, Boston e Philadelphia. Sia che cerchiate la modernit\u00e0 o che abbiate un&#8217;insaziabile fame di storia e cultura, scoprirete che il Nord-Est \u00e8 la miscela perfetta di vecchio e nuovo. Non ci crederete mai!<\/p>\n\n<h2 class=\"wp-block-heading\">Florida<\/h2>\n\n<p>Questo stato \u00e8 LA destinazione perfetta per un viaggio in famiglia: il clima \u00e8 piacevole e soleggiato per la maggior parte dell&#8217;anno, consentendo avventure divertenti ed emozionanti per grandi e piccini! La <a href=\"https:\/\/123-esta.com\/it\/cosa-fare-in-florida\/\">Florida<\/a> ospita numerosi parchi a tema, come Disney World e Universal Studios.<\/p>\n\n<h2 class=\"wp-block-heading\">California<\/h2>\n\n<p>Volete passeggiare lungo Venice Beach, sorseggiare un cocktail al Beverley Hills Hotel o fare shopping nei quartieri commerciali di Los Angeles? Allora <a href=\"https:\/\/123-esta.com\/it\/cosa-vedere-e-visitare-in-california\/\">la California<\/a> fa per voi! Potete anche approfittare dei tour in autobus per vedere dove vivono le vostre star preferite a Hollywood!<\/p>\n\n<h2 class=\"wp-block-heading\">New Orleans<\/h2>\n\n<p>Conosciuta per i suoi festival colorati e la sua folle vita notturna, <a href=\"https:\/\/123-esta.com\/it\/cosa-fare-a-new-orleans\/\">New<\/a> Orleans \u00e8 considerata la citt\u00e0 &#8220;specialista&#8221; delle feste. La cucina non \u00e8 da meno per gli amanti delle influenze creole. New Orleans \u00e8 una delle destinazioni pi\u00f9 popolari per i francesi, grazie al legame storico tra Louisiana e Francia.<\/p>\n\n<h2 class=\"wp-block-heading\">Nevada<\/h2>\n\n<p>Il <a href=\"https:\/\/123-esta.com\/it\/visitare-il-nevada-usa\/\">Nevada<\/a> \u00e8 la patria della citt\u00e0 di tutti i piaceri! Situata nel deserto, Las Vegas non \u00e8 affatto un luogo privo di attivit\u00e0, anzi: hotel lussuosi, casin\u00f2 giganteschi, cucina eccellente, shopping di alta gamma, spettacoli che vi lasceranno a bocca aperta&#8230; A Las Vegas non ci si annoia mai!<\/p>\n\n<h2 class=\"wp-block-heading\">La Casa Bianca<\/h2>\n\n<p>Con ben 132 stanze, 35 bagni, 6 piani, 412 porte, 147 finestre, 28 camini, 8 scale e 3 ascensori, la <a href=\"https:\/\/123-esta.com\/it\/visita-alla-casa-bianca-usa\/\">Casa Bianca<\/a> \u00e8 il simbolo del governo americano nel mondo. Alcune parti di questo immacolato edificio sono aperte al pubblico tutti i giorni dell&#8217;anno per ammirare le decorazioni e i leggendari dipinti dei presidenti del passato. Se siete stranieri, dovete contattare la vostra ambasciata a Washington D.C. con largo anticipo per organizzare la vostra visita.<\/p>\n","protected":false},"excerpt":{"rendered":"<p>Da est a ovest e da nord a sud, gli Stati Uniti hanno molto da offrire, dalle magnifiche coste alle maestose catene montuose, dalle moderne metropoli agli incredibili scenari naturali. C&#8217;\u00e8 sicuramente qualcosa per tutti! Se non sapete cosa vedere e visitare negli Stati Uniti, ecco i nostri consigli! New York New York, la Grande [&hellip;]<\/p>\n","protected":false},"author":1,"featured_media":0,"parent":0,"menu_order":0,"comment_status":"closed","ping_status":"closed","template":"","meta":{"site-sidebar-layout":"default","site-content-layout":"default","ast-site-content-layout":"default","site-content-style":"default","site-sidebar-style":"default","ast-global-header-display":"","ast-banner-title-visibility":"","ast-main-header-display":"","ast-hfb-above-header-display":"","ast-hfb-below-header-display":"","ast-hfb-mobile-header-display":"","site-post-title":"","ast-breadcrumbs-content":"","ast-featured-img":"","footer-sml-layout":"","ast-disable-related-posts":"","theme-transparent-header-meta":"default","adv-header-id-meta":"","stick-header-meta":"default","header-above-stick-meta":"","header-main-stick-meta":"","header-below-stick-meta":"","astra-migrate-meta-layouts":"default","ast-page-background-enabled":"default","ast-page-background-meta":{"desktop":{"background-color":"","background-image":"","background-repeat":"repeat","background-position":"center center","background-size":"auto","background-attachment":"scroll","background-type":"","background-media":"","overlay-type":"","overlay-color":"","overlay-opacity":"","overlay-gradient":""},"tablet":{"background-color":"","background-image":"","background-repeat":"repeat","background-position":"center center","background-size":"auto","background-attachment":"scroll","background-type":"","background-media":"","overlay-type":"","overlay-color":"","overlay-opacity":"","overlay-gradient":""},"mobile":{"background-color":"","background-image":"","background-repeat":"repeat","background-position":"center center","background-size":"auto","background-attachment":"scroll","background-type":"","background-media":"","overlay-type":"","overlay-color":"","overlay-opacity":"","overlay-gradient":""}},"ast-content-background-meta":{"desktop":{"background-color":"var(--ast-global-color-5)","background-image":"","background-repeat":"repeat","background-position":"center center","background-size":"auto","background-attachment":"scroll","background-type":"","background-media":"","overlay-type":"","overlay-color":"","overlay-opacity":"","overlay-gradient":""},"tablet":{"background-color":"var(--ast-global-color-5)","background-image":"","background-repeat":"repeat","background-position":"center center","background-size":"auto","background-attachment":"scroll","background-type":"","background-media":"","overlay-type":"","overlay-color":"","overlay-opacity":"","overlay-gradient":""},"mobile":{"background-color":"var(--ast-global-color-5)","background-image":"","background-repeat":"repeat","background-position":"center center","background-size":"auto","background-attachment":"scroll","background-type":"","background-media":"","overlay-type":"","overlay-color":"","overlay-opacity":"","overlay-gradient":""}},"footnotes":""},"class_list":["post-2287","page","type-page","status-publish","hentry"],"yoast_head":"<!-- This site is optimized with the Yoast SEO plugin v27.1.1 - https:\/\/yoast.com\/product\/yoast-seo-wordpress\/ -->\n<title>Viaggi negli Stati Uniti: le principali citt\u00e0 e regioni da visitare<\/title>\n<meta name=\"description\" content=\"Quali sono le principali citt\u00e0 e regioni da visitare negli Stati Uniti?\" \/>\n<meta name=\"robots\" content=\"index, follow, max-snippet:-1, max-image-preview:large, max-video-preview:-1\" \/>\n<link rel=\"canonical\" href=\"https:\/\/123-esta.com\/it\/citta-e-regioni-da-visitare-negli-stati-uniti\/\" \/>\n<meta property=\"og:locale\" content=\"it_IT\" \/>\n<meta property=\"og:type\" content=\"article\" \/>\n<meta property=\"og:title\" content=\"Viaggi negli Stati Uniti: le principali citt\u00e0 e regioni da visitare\" \/>\n<meta property=\"og:description\" content=\"Quali sono le principali citt\u00e0 e regioni da visitare negli Stati Uniti?\" \/>\n<meta property=\"og:url\" content=\"https:\/\/123-esta.com\/it\/citta-e-regioni-da-visitare-negli-stati-uniti\/\" \/>\n<meta property=\"og:site_name\" content=\"Formulaire ESTA pour les USA\" \/>\n<meta property=\"article:modified_time\" content=\"2022-08-23T21:54:17+00:00\" \/>\n<meta name=\"twitter:card\" content=\"summary_large_image\" \/>\n<meta name=\"twitter:label1\" content=\"Tempo di lettura stimato\" \/>\n\t<meta name=\"twitter:data1\" content=\"2 minuti\" \/>\n<script type=\"application\/ld+json\" class=\"yoast-schema-graph\">{\"@context\":\"https:\/\/schema.org\",\"@graph\":[{\"@type\":\"WebPage\",\"@id\":\"https:\/\/123-esta.com\/it\/citta-e-regioni-da-visitare-negli-stati-uniti\/\",\"url\":\"https:\/\/123-esta.com\/it\/citta-e-regioni-da-visitare-negli-stati-uniti\/\",\"name\":\"Viaggi negli Stati Uniti: le principali citt\u00e0 e regioni da visitare\",\"isPartOf\":{\"@id\":\"https:\/\/123-esta.com\/it\/#website\"},\"datePublished\":\"2022-07-27T19:34:17+00:00\",\"dateModified\":\"2022-08-23T21:54:17+00:00\",\"description\":\"Quali sono le principali citt\u00e0 e regioni da visitare negli Stati Uniti?\",\"inLanguage\":\"it-IT\",\"potentialAction\":[{\"@type\":\"ReadAction\",\"target\":[\"https:\/\/123-esta.com\/it\/citta-e-regioni-da-visitare-negli-stati-uniti\/\"]}]},{\"@type\":\"WebSite\",\"@id\":\"https:\/\/123-esta.com\/it\/#website\",\"url\":\"https:\/\/123-esta.com\/it\/\",\"name\":\"Formulaire ESTA pour les USA\",\"description\":\"\",\"publisher\":{\"@id\":\"https:\/\/123-esta.com\/it\/#organization\"},\"potentialAction\":[{\"@type\":\"SearchAction\",\"target\":{\"@type\":\"EntryPoint\",\"urlTemplate\":\"https:\/\/123-esta.com\/it\/?s={search_term_string}\"},\"query-input\":{\"@type\":\"PropertyValueSpecification\",\"valueRequired\":true,\"valueName\":\"search_term_string\"}}],\"inLanguage\":\"it-IT\"},{\"@type\":\"Organization\",\"@id\":\"https:\/\/123-esta.com\/it\/#organization\",\"name\":\"Formulaire ESTA pour les USA\",\"url\":\"https:\/\/123-esta.com\/it\/\",\"logo\":{\"@type\":\"ImageObject\",\"inLanguage\":\"it-IT\",\"@id\":\"https:\/\/123-esta.com\/it\/#\/schema\/logo\/image\/\",\"url\":\"https:\/\/123-esta.com\/wp-content\/uploads\/2018\/03\/logo-123-esta.png\",\"contentUrl\":\"https:\/\/123-esta.com\/wp-content\/uploads\/2018\/03\/logo-123-esta.png\",\"width\":191,\"height\":54,\"caption\":\"Formulaire ESTA pour les USA\"},\"image\":{\"@id\":\"https:\/\/123-esta.com\/it\/#\/schema\/logo\/image\/\"}}]}<\/script>\n<!-- \/ Yoast SEO plugin. -->","yoast_head_json":{"title":"Viaggi negli Stati Uniti: le principali citt\u00e0 e regioni da visitare","description":"Quali sono le principali citt\u00e0 e regioni da visitare negli Stati Uniti?","robots":{"index":"index","follow":"follow","max-snippet":"max-snippet:-1","max-image-preview":"max-image-preview:large","max-video-preview":"max-video-preview:-1"},"canonical":"https:\/\/123-esta.com\/it\/citta-e-regioni-da-visitare-negli-stati-uniti\/","og_locale":"it_IT","og_type":"article","og_title":"Viaggi negli Stati Uniti: le principali citt\u00e0 e regioni da visitare","og_description":"Quali sono le principali citt\u00e0 e regioni da visitare negli Stati Uniti?","og_url":"https:\/\/123-esta.com\/it\/citta-e-regioni-da-visitare-negli-stati-uniti\/","og_site_name":"Formulaire ESTA pour les USA","article_modified_time":"2022-08-23T21:54:17+00:00","twitter_card":"summary_large_image","twitter_misc":{"Tempo di lettura stimato":"2 minuti"},"schema":{"@context":"https:\/\/schema.org","@graph":[{"@type":"WebPage","@id":"https:\/\/123-esta.com\/it\/citta-e-regioni-da-visitare-negli-stati-uniti\/","url":"https:\/\/123-esta.com\/it\/citta-e-regioni-da-visitare-negli-stati-uniti\/","name":"Viaggi negli Stati Uniti: le principali citt\u00e0 e regioni da visitare","isPartOf":{"@id":"https:\/\/123-esta.com\/it\/#website"},"datePublished":"2022-07-27T19:34:17+00:00","dateModified":"2022-08-23T21:54:17+00:00","description":"Quali sono le principali citt\u00e0 e regioni da visitare negli Stati Uniti?","inLanguage":"it-IT","potentialAction":[{"@type":"ReadAction","target":["https:\/\/123-esta.com\/it\/citta-e-regioni-da-visitare-negli-stati-uniti\/"]}]},{"@type":"WebSite","@id":"https:\/\/123-esta.com\/it\/#website","url":"https:\/\/123-esta.com\/it\/","name":"Formulaire ESTA pour les USA","description":"","publisher":{"@id":"https:\/\/123-esta.com\/it\/#organization"},"potentialAction":[{"@type":"SearchAction","target":{"@type":"EntryPoint","urlTemplate":"https:\/\/123-esta.com\/it\/?s={search_term_string}"},"query-input":{"@type":"PropertyValueSpecification","valueRequired":true,"valueName":"search_term_string"}}],"inLanguage":"it-IT"},{"@type":"Organization","@id":"https:\/\/123-esta.com\/it\/#organization","name":"Formulaire ESTA pour les USA","url":"https:\/\/123-esta.com\/it\/","logo":{"@type":"ImageObject","inLanguage":"it-IT","@id":"https:\/\/123-esta.com\/it\/#\/schema\/logo\/image\/","url":"https:\/\/123-esta.com\/wp-content\/uploads\/2018\/03\/logo-123-esta.png","contentUrl":"https:\/\/123-esta.com\/wp-content\/uploads\/2018\/03\/logo-123-esta.png","width":191,"height":54,"caption":"Formulaire ESTA pour les USA"},"image":{"@id":"https:\/\/123-esta.com\/it\/#\/schema\/logo\/image\/"}}]}},"_links":{"self":[{"href":"https:\/\/123-esta.com\/it\/wp-json\/wp\/v2\/pages\/2287","targetHints":{"allow":["GET"]}}],"collection":[{"href":"https:\/\/123-esta.com\/it\/wp-json\/wp\/v2\/pages"}],"about":[{"href":"https:\/\/123-esta.com\/it\/wp-json\/wp\/v2\/types\/page"}],"author":[{"embeddable":true,"href":"https:\/\/123-esta.com\/it\/wp-json\/wp\/v2\/users\/1"}],"replies":[{"embeddable":true,"href":"https:\/\/123-esta.com\/it\/wp-json\/wp\/v2\/comments?post=2287"}],"version-history":[{"count":0,"href":"https:\/\/123-esta.com\/it\/wp-json\/wp\/v2\/pages\/2287\/revisions"}],"wp:attachment":[{"href":"https:\/\/123-esta.com\/it\/wp-json\/wp\/v2\/media?parent=2287"}],"curies":[{"name":"wp","href":"https:\/\/api.w.org\/{rel}","templated":true}]}}