{"id":2285,"date":"2022-07-27T21:34:16","date_gmt":"2022-07-27T19:34:16","guid":{"rendered":"https:\/\/123-esta.com\/come-alloggiare-gratis-in-usa\/"},"modified":"2022-08-23T22:16:37","modified_gmt":"2022-08-23T20:16:37","slug":"come-trovare-un-alloggio-gratuito-negli-stati-uniti","status":"publish","type":"page","link":"https:\/\/123-esta.com\/it\/come-trovare-un-alloggio-gratuito-negli-stati-uniti\/","title":{"rendered":"Come soggiornare gratuitamente negli Stati Uniti?"},"content":{"rendered":"<p>In un precedente post del blog, vi abbiamo dato alcuni <a href=\"https:\/\/123-esta.com\/it\/quale-hotel-scegliere-negli-usa\/\">consigli su come soggiornare negli Stati Uniti con un budget limitato<\/a>. In questo nuovo articolo, abbiamo voluto fare un ulteriore passo avanti dandovi 3 modi per trascorrere le vostre notti negli Stati Uniti in modo totalmente gratuito!<\/p>\n<p>Come promemoria, prima di considerare un&#8217;avventura nel Paese dello Zio Sam, dovete assolutamente richiedere un&#8217;ESTA, che vi consentir\u00e0 di soggiornare legalmente negli Stati Uniti, senza problemi, per un periodo di 90 giorni.<\/p>\n<h2>Couchsurfing<\/h2>\n<p>Per illustrare come il Couchsurfing negli Stati Uniti possa essere un&#8217;ottima opzione e 100% gratuita, pensiamo che sia rilevante dare l&#8217;esempio di uno dei nostri leader.<\/p>\n<p>Nel 2013, uno di noi ha trascorso un totale di 40 giorni sul suolo americano. Durante questi 40 giorni, pi\u00f9 dell&#8217;80% delle notti sono state trascorse gratuitamente tramite Couchsurfing, nelle case dei locali! Chicago, Boston, New York, Nashville, New Orleans, Las Vegas,&#8230;, tutte citt\u00e0 in cui il nostro partner \u00e8 stato accolto a braccia aperte da un locale, per periodi che vanno da una notte a quasi una settimana!<\/p>\n<p>Quindi, naturalmente, il Couchsurfing non pu\u00f2 essere a senso unico. Diversi consigli sono essenziali:<\/p>\n<ul>\n<li>Se avete un po&#8217; di spazio nel vostro appartamento\/casa in Francia, sarebbe bello se vi offriste di ospitare uno o l&#8217;altro viaggiatore, soprattutto se vivete in una zona turistica. Il dare e ricevere \u00e8 ci\u00f2 che rende possibile il concetto di Couchsurfing. Inoltre, consente di iniziare a ottenere referenze, che sono molto importanti per essere accettati dagli altri membri.<\/li>\n<li>Compilate il vostro profilo di Couchsurfing nel modo pi\u00f9 completo possibile. La maggior parte dei profili vuoti non ottiene mai una risposta positiva&#8230; tranne nei casi in cui l&#8217;unica foto \u00e8 quella di una bella signora ma&#8230; vorresti essere ospitato per motivi di genere?<\/li>\n<li>Quando fate le vostre richieste, personalizzatele il pi\u00f9 possibile! Dimostrate di aver letto almeno i profili delle persone a cui vi candidate. Questo migliorer\u00e0 notevolmente le vostre possibilit\u00e0!<\/li>\n<li>Portate con voi piccoli doni &#8216;Made in France&#8217; da offrire alle persone che vi ospiteranno gratuitamente&#8230; \u00c8 sempre un piacere!<\/li>\n<\/ul>\n<h2>Autobus notturni<\/h2>\n<p>Un altro ottimo modo per risparmiare molto denaro e dormire gratis \u00e8 quello di prendere gli autobus notturni quando possibile! Naturalmente dovrete pagare i biglietti, ma \u00e8 una situazione vantaggiosa per tutti! Non si perde tempo a viaggiare e si pu\u00f2 dormire durante i viaggi in autobus.<\/p>\n<p>Per vostra informazione, gli autobus di una compagnia come Greyhound sono molto confortevoli e hanno molti servizi inclusi nel prezzo del biglietto: cibo fornito durante il viaggio, presa per il telefono (ecc.), connessione wifi, sedili di lusso, ecc.<\/p>\n<p>L&#8217;unico inconveniente \u00e8 che le persone di altezza superiore al metro e ottanta si sentiranno subito strette. Se siete sfortunati, un bambino nella fila accanto avr\u00e0 difficolt\u00e0 a dormire. Per non parlare del russare. Tuttavia, un atteggiamento positivo e dei tappi per le orecchie dovrebbero aiutare.<\/p>\n<h2>Dormire in aeroporto<\/h2>\n<p>In caso di viaggi non fattibili in autobus a causa delle lunghe distanze, i pi\u00f9 avventurosi tra voi non esiteranno a ordinare i voli il pi\u00f9 presto possibile al mattino!<\/p>\n<p>Se il vostro volo parte alle 6 del mattino, non esitate a passare la notte in aeroporto. Molti viaggiatori scelgono questa opzione senza alcun problema per le autorit\u00e0 statunitensi. Con un minimo di organizzazione (un cuscino e qualcosa per proteggere gli occhi dalla luce), si pu\u00f2 anche passare una notte eccellente, anche se breve.<\/p>\n","protected":false},"excerpt":{"rendered":"<p>In un precedente post del blog, vi abbiamo dato alcuni consigli su come soggiornare negli Stati Uniti con un budget limitato. In questo nuovo articolo, abbiamo voluto fare un ulteriore passo avanti dandovi 3 modi per trascorrere le vostre notti negli Stati Uniti in modo totalmente gratuito! Come promemoria, prima di considerare un&#8217;avventura nel Paese [&hellip;]<\/p>\n","protected":false},"author":1,"featured_media":0,"parent":0,"menu_order":0,"comment_status":"closed","ping_status":"closed","template":"","meta":{"site-sidebar-layout":"default","site-content-layout":"default","ast-site-content-layout":"default","site-content-style":"default","site-sidebar-style":"default","ast-global-header-display":"","ast-banner-title-visibility":"","ast-main-header-display":"","ast-hfb-above-header-display":"","ast-hfb-below-header-display":"","ast-hfb-mobile-header-display":"","site-post-title":"","ast-breadcrumbs-content":"","ast-featured-img":"","footer-sml-layout":"","ast-disable-related-posts":"","theme-transparent-header-meta":"default","adv-header-id-meta":"","stick-header-meta":"default","header-above-stick-meta":"","header-main-stick-meta":"","header-below-stick-meta":"","astra-migrate-meta-layouts":"default","ast-page-background-enabled":"default","ast-page-background-meta":{"desktop":{"background-color":"","background-image":"","background-repeat":"repeat","background-position":"center center","background-size":"auto","background-attachment":"scroll","background-type":"","background-media":"","overlay-type":"","overlay-color":"","overlay-opacity":"","overlay-gradient":""},"tablet":{"background-color":"","background-image":"","background-repeat":"repeat","background-position":"center center","background-size":"auto","background-attachment":"scroll","background-type":"","background-media":"","overlay-type":"","overlay-color":"","overlay-opacity":"","overlay-gradient":""},"mobile":{"background-color":"","background-image":"","background-repeat":"repeat","background-position":"center center","background-size":"auto","background-attachment":"scroll","background-type":"","background-media":"","overlay-type":"","overlay-color":"","overlay-opacity":"","overlay-gradient":""}},"ast-content-background-meta":{"desktop":{"background-color":"var(--ast-global-color-5)","background-image":"","background-repeat":"repeat","background-position":"center center","background-size":"auto","background-attachment":"scroll","background-type":"","background-media":"","overlay-type":"","overlay-color":"","overlay-opacity":"","overlay-gradient":""},"tablet":{"background-color":"var(--ast-global-color-5)","background-image":"","background-repeat":"repeat","background-position":"center center","background-size":"auto","background-attachment":"scroll","background-type":"","background-media":"","overlay-type":"","overlay-color":"","overlay-opacity":"","overlay-gradient":""},"mobile":{"background-color":"var(--ast-global-color-5)","background-image":"","background-repeat":"repeat","background-position":"center center","background-size":"auto","background-attachment":"scroll","background-type":"","background-media":"","overlay-type":"","overlay-color":"","overlay-opacity":"","overlay-gradient":""}},"footnotes":""},"class_list":["post-2285","page","type-page","status-publish","hentry"],"yoast_head":"<!-- This site is optimized with the Yoast SEO plugin v27.1.1 - https:\/\/yoast.com\/product\/yoast-seo-wordpress\/ -->\n<title>I nostri consigli per un alloggio gratuito negli Stati Uniti<\/title>\n<meta name=\"description\" content=\"Suggerimenti per l&#039;alloggio gratuito negli Stati Uniti e per i soggiorni in famiglia. come fare couchsurfing negli usa o viaggiare in autobus.\" \/>\n<meta name=\"robots\" content=\"index, follow, max-snippet:-1, max-image-preview:large, max-video-preview:-1\" \/>\n<link rel=\"canonical\" href=\"https:\/\/123-esta.com\/it\/come-trovare-un-alloggio-gratuito-negli-stati-uniti\/\" \/>\n<meta property=\"og:locale\" content=\"it_IT\" \/>\n<meta property=\"og:type\" content=\"article\" \/>\n<meta property=\"og:title\" content=\"I nostri consigli per un alloggio gratuito negli Stati Uniti\" \/>\n<meta property=\"og:description\" content=\"Suggerimenti per l&#039;alloggio gratuito negli Stati Uniti e per i soggiorni in famiglia. come fare couchsurfing negli usa o viaggiare in autobus.\" \/>\n<meta property=\"og:url\" content=\"https:\/\/123-esta.com\/it\/come-trovare-un-alloggio-gratuito-negli-stati-uniti\/\" \/>\n<meta property=\"og:site_name\" content=\"Formulaire ESTA pour les USA\" \/>\n<meta property=\"article:modified_time\" content=\"2022-08-23T20:16:37+00:00\" \/>\n<meta name=\"twitter:card\" content=\"summary_large_image\" \/>\n<meta name=\"twitter:label1\" content=\"Tempo di lettura stimato\" \/>\n\t<meta name=\"twitter:data1\" content=\"3 minuti\" \/>\n<script type=\"application\/ld+json\" class=\"yoast-schema-graph\">{\"@context\":\"https:\/\/schema.org\",\"@graph\":[{\"@type\":\"WebPage\",\"@id\":\"https:\/\/123-esta.com\/it\/come-trovare-un-alloggio-gratuito-negli-stati-uniti\/\",\"url\":\"https:\/\/123-esta.com\/it\/come-trovare-un-alloggio-gratuito-negli-stati-uniti\/\",\"name\":\"I nostri consigli per un alloggio gratuito negli Stati Uniti\",\"isPartOf\":{\"@id\":\"https:\/\/123-esta.com\/it\/#website\"},\"datePublished\":\"2022-07-27T19:34:16+00:00\",\"dateModified\":\"2022-08-23T20:16:37+00:00\",\"description\":\"Suggerimenti per l'alloggio gratuito negli Stati Uniti e per i soggiorni in famiglia. come fare couchsurfing negli usa o viaggiare in autobus.\",\"inLanguage\":\"it-IT\",\"potentialAction\":[{\"@type\":\"ReadAction\",\"target\":[\"https:\/\/123-esta.com\/it\/come-trovare-un-alloggio-gratuito-negli-stati-uniti\/\"]}]},{\"@type\":\"WebSite\",\"@id\":\"https:\/\/123-esta.com\/it\/#website\",\"url\":\"https:\/\/123-esta.com\/it\/\",\"name\":\"Formulaire ESTA pour les USA\",\"description\":\"\",\"publisher\":{\"@id\":\"https:\/\/123-esta.com\/it\/#organization\"},\"potentialAction\":[{\"@type\":\"SearchAction\",\"target\":{\"@type\":\"EntryPoint\",\"urlTemplate\":\"https:\/\/123-esta.com\/it\/?s={search_term_string}\"},\"query-input\":{\"@type\":\"PropertyValueSpecification\",\"valueRequired\":true,\"valueName\":\"search_term_string\"}}],\"inLanguage\":\"it-IT\"},{\"@type\":\"Organization\",\"@id\":\"https:\/\/123-esta.com\/it\/#organization\",\"name\":\"Formulaire ESTA pour les USA\",\"url\":\"https:\/\/123-esta.com\/it\/\",\"logo\":{\"@type\":\"ImageObject\",\"inLanguage\":\"it-IT\",\"@id\":\"https:\/\/123-esta.com\/it\/#\/schema\/logo\/image\/\",\"url\":\"https:\/\/123-esta.com\/wp-content\/uploads\/2018\/03\/logo-123-esta.png\",\"contentUrl\":\"https:\/\/123-esta.com\/wp-content\/uploads\/2018\/03\/logo-123-esta.png\",\"width\":191,\"height\":54,\"caption\":\"Formulaire ESTA pour les USA\"},\"image\":{\"@id\":\"https:\/\/123-esta.com\/it\/#\/schema\/logo\/image\/\"}}]}<\/script>\n<!-- \/ Yoast SEO plugin. -->","yoast_head_json":{"title":"I nostri consigli per un alloggio gratuito negli Stati Uniti","description":"Suggerimenti per l'alloggio gratuito negli Stati Uniti e per i soggiorni in famiglia. come fare couchsurfing negli usa o viaggiare in autobus.","robots":{"index":"index","follow":"follow","max-snippet":"max-snippet:-1","max-image-preview":"max-image-preview:large","max-video-preview":"max-video-preview:-1"},"canonical":"https:\/\/123-esta.com\/it\/come-trovare-un-alloggio-gratuito-negli-stati-uniti\/","og_locale":"it_IT","og_type":"article","og_title":"I nostri consigli per un alloggio gratuito negli Stati Uniti","og_description":"Suggerimenti per l'alloggio gratuito negli Stati Uniti e per i soggiorni in famiglia. come fare couchsurfing negli usa o viaggiare in autobus.","og_url":"https:\/\/123-esta.com\/it\/come-trovare-un-alloggio-gratuito-negli-stati-uniti\/","og_site_name":"Formulaire ESTA pour les USA","article_modified_time":"2022-08-23T20:16:37+00:00","twitter_card":"summary_large_image","twitter_misc":{"Tempo di lettura stimato":"3 minuti"},"schema":{"@context":"https:\/\/schema.org","@graph":[{"@type":"WebPage","@id":"https:\/\/123-esta.com\/it\/come-trovare-un-alloggio-gratuito-negli-stati-uniti\/","url":"https:\/\/123-esta.com\/it\/come-trovare-un-alloggio-gratuito-negli-stati-uniti\/","name":"I nostri consigli per un alloggio gratuito negli Stati Uniti","isPartOf":{"@id":"https:\/\/123-esta.com\/it\/#website"},"datePublished":"2022-07-27T19:34:16+00:00","dateModified":"2022-08-23T20:16:37+00:00","description":"Suggerimenti per l'alloggio gratuito negli Stati Uniti e per i soggiorni in famiglia. come fare couchsurfing negli usa o viaggiare in autobus.","inLanguage":"it-IT","potentialAction":[{"@type":"ReadAction","target":["https:\/\/123-esta.com\/it\/come-trovare-un-alloggio-gratuito-negli-stati-uniti\/"]}]},{"@type":"WebSite","@id":"https:\/\/123-esta.com\/it\/#website","url":"https:\/\/123-esta.com\/it\/","name":"Formulaire ESTA pour les USA","description":"","publisher":{"@id":"https:\/\/123-esta.com\/it\/#organization"},"potentialAction":[{"@type":"SearchAction","target":{"@type":"EntryPoint","urlTemplate":"https:\/\/123-esta.com\/it\/?s={search_term_string}"},"query-input":{"@type":"PropertyValueSpecification","valueRequired":true,"valueName":"search_term_string"}}],"inLanguage":"it-IT"},{"@type":"Organization","@id":"https:\/\/123-esta.com\/it\/#organization","name":"Formulaire ESTA pour les USA","url":"https:\/\/123-esta.com\/it\/","logo":{"@type":"ImageObject","inLanguage":"it-IT","@id":"https:\/\/123-esta.com\/it\/#\/schema\/logo\/image\/","url":"https:\/\/123-esta.com\/wp-content\/uploads\/2018\/03\/logo-123-esta.png","contentUrl":"https:\/\/123-esta.com\/wp-content\/uploads\/2018\/03\/logo-123-esta.png","width":191,"height":54,"caption":"Formulaire ESTA pour les USA"},"image":{"@id":"https:\/\/123-esta.com\/it\/#\/schema\/logo\/image\/"}}]}},"_links":{"self":[{"href":"https:\/\/123-esta.com\/it\/wp-json\/wp\/v2\/pages\/2285","targetHints":{"allow":["GET"]}}],"collection":[{"href":"https:\/\/123-esta.com\/it\/wp-json\/wp\/v2\/pages"}],"about":[{"href":"https:\/\/123-esta.com\/it\/wp-json\/wp\/v2\/types\/page"}],"author":[{"embeddable":true,"href":"https:\/\/123-esta.com\/it\/wp-json\/wp\/v2\/users\/1"}],"replies":[{"embeddable":true,"href":"https:\/\/123-esta.com\/it\/wp-json\/wp\/v2\/comments?post=2285"}],"version-history":[{"count":0,"href":"https:\/\/123-esta.com\/it\/wp-json\/wp\/v2\/pages\/2285\/revisions"}],"wp:attachment":[{"href":"https:\/\/123-esta.com\/it\/wp-json\/wp\/v2\/media?parent=2285"}],"curies":[{"name":"wp","href":"https:\/\/api.w.org\/{rel}","templated":true}]}}