{"id":2273,"date":"2022-07-27T21:34:15","date_gmt":"2022-07-27T19:34:15","guid":{"rendered":"https:\/\/123-esta.com\/que-faire-nouvelle-orleans\/"},"modified":"2022-09-08T19:57:06","modified_gmt":"2022-09-08T17:57:06","slug":"cosa-fare-a-new-orleans","status":"publish","type":"page","link":"https:\/\/123-esta.com\/it\/cosa-fare-a-new-orleans\/","title":{"rendered":"Cosa vedere e fare a New Orleans?"},"content":{"rendered":"<p>Se siete francofoni, se vi piace la buona musica e se avete sempre sognato di scoprire gli Stati Uniti, non possiamo che consigliarvi di andare in Louisiana, a New Orleans! Uno dei <a href=\"https:\/\/123-esta.com\/it\/citta-e-regioni-da-visitare-negli-stati-uniti\/\">punti di riferimento pi\u00f9 iconici d&#8217;America<\/a>.<\/p>\n<p>Con una popolazione di poco superiore a 1.240.000 abitanti, New Orleans \u00e8 la citt\u00e0 principale di uno stato che, con un po&#8217; di fortuna o di coraggio, avrebbe potuto far parte della Francia! Infatti, la citt\u00e0 fu definitivamente venduta agli Stati Uniti, insieme alla Louisiana, da Napoleone Bonaparte nel 1803.<\/p>\n<p>Un tempo lontano, ma che rende questa citt\u00e0 unica negli Stati Uniti, con la sua architettura coloniale, un&#8217;incredibile scena musicale nero-americana e un famoso quartiere che prende il nome dalla Francia: il French Quarter.<\/p>\n<p>Se volete scoprire l&#8217;incredibile cultura della Louisiana, non dimenticate di richiedere l&#8217;autorizzazione ESTA, che vi permetter\u00e0 di visitare legalmente l&#8217;ex citt\u00e0 francese per un periodo massimo di 3 mesi. Una volta ottenuta l&#8217;autorizzazione, siete liberi di scoprire le varie attrazioni elencate di seguito.<\/p>\n<h2>New Orleans e il suo famoso quartiere francese!<\/h2>\n<p>Il quartiere francese \u00e8 il centro storico di una citt\u00e0 fondata nel 1718 da Jean-Baptiste Le Moyne de Bienville. \u00c8 un luogo unico negli Stati Uniti perch\u00e9 ha conservato l&#8217;architettura che era gi\u00e0 in uso pi\u00f9 di 200 anni fa, cosa estremamente rara nel Paese dello Zio Sam.<\/p>\n<p>Tutte le case del quartiere sono classificate e sono molto apprezzate dai loro proprietari, spesso facoltosi. Durante la guerra civile americana, questa parte della citt\u00e0 fu fortunatamente risparmiata dalla distruzione, poich\u00e9 gli abitanti decisero di non combattere. Molto pi\u00f9 tardi, nel 2005, durante il terribile uragano Katrina, il quartiere \u00e8 stato risparmiato: costruito a 1,5 metri sul livello del mare, solo i quartieri pi\u00f9 bassi, spesso poveri, sono stati realmente colpiti.<\/p>\n<p>Durante la visita al Quartiere Francese, potrete ammirare la Cattedrale di San Luigi di New Orleans, la pi\u00f9 antica chiesa sopravvissuta negli Stati Uniti (fondata nel 1718), Bourbon Street con le sue case tipiche e Royal Street, luogo di vita notturna per i turisti di tutto il mondo.<\/p>\n<h2>Jazz, blues, New Orleans e il suo lato amante della musica<\/h2>\n<p>Una visita a New Orleans non sarebbe completa senza uno sguardo al lato musicale di questa splendida citt\u00e0. Molti artisti famosi provenivano da l\u00ec: Louis Armstrong, Fats Domino, King Oliver, ecc. L&#8217;elenco \u00e8 lungo!<\/p>\n<p>Se volete vivere un&#8217;esperienza non troppo turistica che vi avvicini a ci\u00f2 che dovevano essere le folli notti musicali di New Orleans agli albori del Jazz e del Blues, vi consigliamo pi\u00f9 che mai di andare allo Spotted Cat! Questo leggendario bar di musica jazz in Frenchmen Street offre deliziose birre artigianali, da gustare (con moderazione) davanti a uno dei tanti spettacoli musicali che vi si tengono ogni giorno. Indimenticabile!<\/p>\n<h2>Quando visitare New Orleans?<\/h2>\n<p>Una volta ottenuta l&#8217;autorizzazione ESTA per l&#8217;ingresso legale negli Stati Uniti, potrete finalmente scoprire la citt\u00e0 che i locali chiamano NoLa. Per questo motivo, vi consigliamo vivamente di venire tra ottobre e maggio, che non sono i mesi pi\u00f9 piovosi e ventosi.<\/p>\n<p>Al di fuori di questo periodo, la citt\u00e0 \u00e8 purtroppo nota per essere molto fragile agli assalti di Madre Natura. Nel corso della sua storia, la citt\u00e0 \u00e8 stata devastata 27 volte (!) da disastri meteorologici. Si pu\u00f2 scommettere che al di fuori dei mesi di giugno, luglio, agosto e settembre, sarete completamente al sicuro.<\/p>\n","protected":false},"excerpt":{"rendered":"<p>Se siete francofoni, se vi piace la buona musica e se avete sempre sognato di scoprire gli Stati Uniti, non possiamo che consigliarvi di andare in Louisiana, a New Orleans! Uno dei punti di riferimento pi\u00f9 iconici d&#8217;America. Con una popolazione di poco superiore a 1.240.000 abitanti, New Orleans \u00e8 la citt\u00e0 principale di uno [&hellip;]<\/p>\n","protected":false},"author":1,"featured_media":0,"parent":0,"menu_order":0,"comment_status":"closed","ping_status":"closed","template":"","meta":{"site-sidebar-layout":"default","site-content-layout":"default","ast-site-content-layout":"default","site-content-style":"default","site-sidebar-style":"default","ast-global-header-display":"","ast-banner-title-visibility":"","ast-main-header-display":"","ast-hfb-above-header-display":"","ast-hfb-below-header-display":"","ast-hfb-mobile-header-display":"","site-post-title":"","ast-breadcrumbs-content":"","ast-featured-img":"","footer-sml-layout":"","ast-disable-related-posts":"","theme-transparent-header-meta":"default","adv-header-id-meta":"","stick-header-meta":"default","header-above-stick-meta":"","header-main-stick-meta":"","header-below-stick-meta":"","astra-migrate-meta-layouts":"default","ast-page-background-enabled":"default","ast-page-background-meta":{"desktop":{"background-color":"","background-image":"","background-repeat":"repeat","background-position":"center center","background-size":"auto","background-attachment":"scroll","background-type":"","background-media":"","overlay-type":"","overlay-color":"","overlay-opacity":"","overlay-gradient":""},"tablet":{"background-color":"","background-image":"","background-repeat":"repeat","background-position":"center center","background-size":"auto","background-attachment":"scroll","background-type":"","background-media":"","overlay-type":"","overlay-color":"","overlay-opacity":"","overlay-gradient":""},"mobile":{"background-color":"","background-image":"","background-repeat":"repeat","background-position":"center center","background-size":"auto","background-attachment":"scroll","background-type":"","background-media":"","overlay-type":"","overlay-color":"","overlay-opacity":"","overlay-gradient":""}},"ast-content-background-meta":{"desktop":{"background-color":"var(--ast-global-color-5)","background-image":"","background-repeat":"repeat","background-position":"center center","background-size":"auto","background-attachment":"scroll","background-type":"","background-media":"","overlay-type":"","overlay-color":"","overlay-opacity":"","overlay-gradient":""},"tablet":{"background-color":"var(--ast-global-color-5)","background-image":"","background-repeat":"repeat","background-position":"center center","background-size":"auto","background-attachment":"scroll","background-type":"","background-media":"","overlay-type":"","overlay-color":"","overlay-opacity":"","overlay-gradient":""},"mobile":{"background-color":"var(--ast-global-color-5)","background-image":"","background-repeat":"repeat","background-position":"center center","background-size":"auto","background-attachment":"scroll","background-type":"","background-media":"","overlay-type":"","overlay-color":"","overlay-opacity":"","overlay-gradient":""}},"footnotes":""},"class_list":["post-2273","page","type-page","status-publish","hentry"],"yoast_head":"<!-- This site is optimized with the Yoast SEO plugin v27.1.1 - https:\/\/yoast.com\/product\/yoast-seo-wordpress\/ -->\n<title>Cosa si pu\u00f2 vedere e fare a New Orleans?<\/title>\n<meta name=\"description\" content=\"New Orleans, le sue origini francesi, il suo jazz e le sue specialit\u00e0 creole sono a portata di mano con ESTA. Non esitate!\" \/>\n<meta name=\"robots\" content=\"index, follow, max-snippet:-1, max-image-preview:large, max-video-preview:-1\" \/>\n<link rel=\"canonical\" href=\"https:\/\/123-esta.com\/it\/cosa-fare-a-new-orleans\/\" \/>\n<meta property=\"og:locale\" content=\"it_IT\" \/>\n<meta property=\"og:type\" content=\"article\" \/>\n<meta property=\"og:title\" content=\"Cosa si pu\u00f2 vedere e fare a New Orleans?\" \/>\n<meta property=\"og:description\" content=\"New Orleans, le sue origini francesi, il suo jazz e le sue specialit\u00e0 creole sono a portata di mano con ESTA. Non esitate!\" \/>\n<meta property=\"og:url\" content=\"https:\/\/123-esta.com\/it\/cosa-fare-a-new-orleans\/\" \/>\n<meta property=\"og:site_name\" content=\"Formulaire ESTA pour les USA\" \/>\n<meta property=\"article:modified_time\" content=\"2022-09-08T17:57:06+00:00\" \/>\n<meta name=\"twitter:card\" content=\"summary_large_image\" \/>\n<meta name=\"twitter:label1\" content=\"Tempo di lettura stimato\" \/>\n\t<meta name=\"twitter:data1\" content=\"3 minuti\" \/>\n<script type=\"application\/ld+json\" class=\"yoast-schema-graph\">{\"@context\":\"https:\/\/schema.org\",\"@graph\":[{\"@type\":\"WebPage\",\"@id\":\"https:\/\/123-esta.com\/it\/cosa-fare-a-new-orleans\/\",\"url\":\"https:\/\/123-esta.com\/it\/cosa-fare-a-new-orleans\/\",\"name\":\"Cosa si pu\u00f2 vedere e fare a New Orleans?\",\"isPartOf\":{\"@id\":\"https:\/\/123-esta.com\/it\/#website\"},\"datePublished\":\"2022-07-27T19:34:15+00:00\",\"dateModified\":\"2022-09-08T17:57:06+00:00\",\"description\":\"New Orleans, le sue origini francesi, il suo jazz e le sue specialit\u00e0 creole sono a portata di mano con ESTA. Non esitate!\",\"inLanguage\":\"it-IT\",\"potentialAction\":[{\"@type\":\"ReadAction\",\"target\":[\"https:\/\/123-esta.com\/it\/cosa-fare-a-new-orleans\/\"]}]},{\"@type\":\"WebSite\",\"@id\":\"https:\/\/123-esta.com\/it\/#website\",\"url\":\"https:\/\/123-esta.com\/it\/\",\"name\":\"Formulaire ESTA pour les USA\",\"description\":\"\",\"publisher\":{\"@id\":\"https:\/\/123-esta.com\/it\/#organization\"},\"potentialAction\":[{\"@type\":\"SearchAction\",\"target\":{\"@type\":\"EntryPoint\",\"urlTemplate\":\"https:\/\/123-esta.com\/it\/?s={search_term_string}\"},\"query-input\":{\"@type\":\"PropertyValueSpecification\",\"valueRequired\":true,\"valueName\":\"search_term_string\"}}],\"inLanguage\":\"it-IT\"},{\"@type\":\"Organization\",\"@id\":\"https:\/\/123-esta.com\/it\/#organization\",\"name\":\"Formulaire ESTA pour les USA\",\"url\":\"https:\/\/123-esta.com\/it\/\",\"logo\":{\"@type\":\"ImageObject\",\"inLanguage\":\"it-IT\",\"@id\":\"https:\/\/123-esta.com\/it\/#\/schema\/logo\/image\/\",\"url\":\"https:\/\/123-esta.com\/wp-content\/uploads\/2018\/03\/logo-123-esta.png\",\"contentUrl\":\"https:\/\/123-esta.com\/wp-content\/uploads\/2018\/03\/logo-123-esta.png\",\"width\":191,\"height\":54,\"caption\":\"Formulaire ESTA pour les USA\"},\"image\":{\"@id\":\"https:\/\/123-esta.com\/it\/#\/schema\/logo\/image\/\"}}]}<\/script>\n<!-- \/ Yoast SEO plugin. -->","yoast_head_json":{"title":"Cosa si pu\u00f2 vedere e fare a New Orleans?","description":"New Orleans, le sue origini francesi, il suo jazz e le sue specialit\u00e0 creole sono a portata di mano con ESTA. Non esitate!","robots":{"index":"index","follow":"follow","max-snippet":"max-snippet:-1","max-image-preview":"max-image-preview:large","max-video-preview":"max-video-preview:-1"},"canonical":"https:\/\/123-esta.com\/it\/cosa-fare-a-new-orleans\/","og_locale":"it_IT","og_type":"article","og_title":"Cosa si pu\u00f2 vedere e fare a New Orleans?","og_description":"New Orleans, le sue origini francesi, il suo jazz e le sue specialit\u00e0 creole sono a portata di mano con ESTA. Non esitate!","og_url":"https:\/\/123-esta.com\/it\/cosa-fare-a-new-orleans\/","og_site_name":"Formulaire ESTA pour les USA","article_modified_time":"2022-09-08T17:57:06+00:00","twitter_card":"summary_large_image","twitter_misc":{"Tempo di lettura stimato":"3 minuti"},"schema":{"@context":"https:\/\/schema.org","@graph":[{"@type":"WebPage","@id":"https:\/\/123-esta.com\/it\/cosa-fare-a-new-orleans\/","url":"https:\/\/123-esta.com\/it\/cosa-fare-a-new-orleans\/","name":"Cosa si pu\u00f2 vedere e fare a New Orleans?","isPartOf":{"@id":"https:\/\/123-esta.com\/it\/#website"},"datePublished":"2022-07-27T19:34:15+00:00","dateModified":"2022-09-08T17:57:06+00:00","description":"New Orleans, le sue origini francesi, il suo jazz e le sue specialit\u00e0 creole sono a portata di mano con ESTA. Non esitate!","inLanguage":"it-IT","potentialAction":[{"@type":"ReadAction","target":["https:\/\/123-esta.com\/it\/cosa-fare-a-new-orleans\/"]}]},{"@type":"WebSite","@id":"https:\/\/123-esta.com\/it\/#website","url":"https:\/\/123-esta.com\/it\/","name":"Formulaire ESTA pour les USA","description":"","publisher":{"@id":"https:\/\/123-esta.com\/it\/#organization"},"potentialAction":[{"@type":"SearchAction","target":{"@type":"EntryPoint","urlTemplate":"https:\/\/123-esta.com\/it\/?s={search_term_string}"},"query-input":{"@type":"PropertyValueSpecification","valueRequired":true,"valueName":"search_term_string"}}],"inLanguage":"it-IT"},{"@type":"Organization","@id":"https:\/\/123-esta.com\/it\/#organization","name":"Formulaire ESTA pour les USA","url":"https:\/\/123-esta.com\/it\/","logo":{"@type":"ImageObject","inLanguage":"it-IT","@id":"https:\/\/123-esta.com\/it\/#\/schema\/logo\/image\/","url":"https:\/\/123-esta.com\/wp-content\/uploads\/2018\/03\/logo-123-esta.png","contentUrl":"https:\/\/123-esta.com\/wp-content\/uploads\/2018\/03\/logo-123-esta.png","width":191,"height":54,"caption":"Formulaire ESTA pour les USA"},"image":{"@id":"https:\/\/123-esta.com\/it\/#\/schema\/logo\/image\/"}}]}},"_links":{"self":[{"href":"https:\/\/123-esta.com\/it\/wp-json\/wp\/v2\/pages\/2273","targetHints":{"allow":["GET"]}}],"collection":[{"href":"https:\/\/123-esta.com\/it\/wp-json\/wp\/v2\/pages"}],"about":[{"href":"https:\/\/123-esta.com\/it\/wp-json\/wp\/v2\/types\/page"}],"author":[{"embeddable":true,"href":"https:\/\/123-esta.com\/it\/wp-json\/wp\/v2\/users\/1"}],"replies":[{"embeddable":true,"href":"https:\/\/123-esta.com\/it\/wp-json\/wp\/v2\/comments?post=2273"}],"version-history":[{"count":0,"href":"https:\/\/123-esta.com\/it\/wp-json\/wp\/v2\/pages\/2273\/revisions"}],"wp:attachment":[{"href":"https:\/\/123-esta.com\/it\/wp-json\/wp\/v2\/media?parent=2273"}],"curies":[{"name":"wp","href":"https:\/\/api.w.org\/{rel}","templated":true}]}}