{"id":2269,"date":"2022-07-27T21:34:15","date_gmt":"2022-07-27T19:34:15","guid":{"rendered":"https:\/\/123-esta.com\/cosa-vedere-e-visitare-negli-stati-uniti\/"},"modified":"2022-09-13T20:56:16","modified_gmt":"2022-09-13T18:56:16","slug":"cosa-fare-e-visitare-negli-stati-uniti","status":"publish","type":"page","link":"https:\/\/123-esta.com\/it\/cosa-fare-e-visitare-negli-stati-uniti\/","title":{"rendered":"Cosa vedere e visitare durante il vostro soggiorno negli Stati Uniti?"},"content":{"rendered":"\n<p>Viaggiare negli Stati Uniti a volte pu\u00f2 sembrare un vero e proprio percorso a ostacoli. Un <a href=\"https:\/\/123-esta.com\/it\/consigli-per-viaggiare-negli-stati-uniti\/\">consiglio prima di partire per gli Stati Uniti<\/a>, per evitare qualsiasi inconveniente: preparate il vostro soggiorno, in particolare ripassando l&#8217;inglese e preparando tutti i documenti necessari. E per essere sicuri di non perdere tempo, \u00e8 meglio definire i luoghi che si vogliono visitare negli Stati Uniti, perch\u00e9 sono cos\u00ec tanti che dovrete fare delle scelte! A proposito, sapete cosa vedere in un viaggio negli Stati Uniti?<\/p>\n\n<h2 class=\"wp-block-heading\">Luoghi da non perdere negli Stati Uniti<\/h2>\n\n<p>Con una superficie di quasi un milione di metri quadrati, gli Stati Uniti sono il terzo Paese pi\u00f9 grande del mondo. Le <a href=\"https:\/\/123-esta.com\/it\/citta-e-regioni-da-visitare-negli-stati-uniti\/\">citt\u00e0 e le regioni fantastiche da visitare negli Stati Uniti<\/a> non mancano e stilare un elenco potrebbe richiedere una vita intera. Diamo un&#8217;occhiata ai luoghi che rendono famosi gli Stati Uniti e che fanno venire voglia di andare negli Stati Uniti.<\/p>\n\n<p>Come non parlare di New York? Talmente nota che la citt\u00e0 \u00e8 spesso considerata la capitale del Paese. Una citt\u00e0 cosmopolita che non dorme mai, ha qualcosa per tutti. Per gli amanti della natura \u00e8 consigliata una gita al Grand Canyon, la cui storia della creazione risale a oltre 1,7 milioni di anni fa. I pi\u00f9 inclini al gioco d&#8217;azzardo punteranno sicuramente tutte le loro fiches sul rosso a Las Vegas, la citt\u00e0 di tutti i vizi dove il jackpot attende il suo prossimo proprietario.<\/p>\n\n<p>Se avete dei bambini o se voi stessi avete ancora un&#8217;anima da bambini, ci sono tutti i motivi per andare a meravigliarsi di Disney World e del suo gigantesco parco a tema. Non preoccupatevi dell&#8217;alloggio: potrete <a href=\"https:\/\/123-esta.com\/it\/quale-hotel-scegliere-negli-usa\/\">trovare un hotel<\/a> dove trascorrere la notte in un paesaggio irreale. Infine, fermiamoci a San Francisco e al suo famoso Golden Gate Bridge. Ma la citt\u00e0 non si ferma al ponte e offre molti negozi tipici e ristoranti molto apprezzati. \u00c8 anche in questa zona che si \u00e8 sviluppato il movimento hippie, per coloro che erano interessati a un ritorno alle radici della Summer of Love del 1967.<\/p>\n\n<h2 class=\"wp-block-heading\">Dove riposare quando si viaggia negli Stati Uniti?<\/h2>\n\n<p>Per chi vuole evitare la frenesia dei luoghi turistici che possono essere i luoghi imperdibili, ci sono luoghi meno conosciuti da visitare negli Stati Uniti che sono altrettanto interessanti, soprattutto per quanto riguarda il relax.<\/p>\n\n<p>Perch\u00e9 non andare a godersi una delle localit\u00e0 balneari? O stazioni sciistiche? Per esempio, il resort di Snowmass in Colorado \u00e8 uno dei pi\u00f9 famosi del Paese, piacevole sia in inverno che in estate. Se volete allontanarvi dal mondo esterno per un po&#8217;, recatevi a St. Simon&#8217;s Island in Georgia: vi aspettano oltre 45 chilometri quadrati di natura in totale tranquillit\u00e0.<\/p>\n\n<p>Anche sulle <a href=\"https:\/\/123-esta.com\/it\/le-spiagge-degli-stati-uniti\/\">spiagge degli Stati Uniti<\/a> le destinazioni non mancano. La Wallis Sands State Beach offre quasi 20 miglia di splendida costa a Rye, nel New Hampshire, dove molte famiglie vanno a fare una passeggiata. Miami Beach combina l&#8217;emozione di una grande citt\u00e0 costiera con una spiaggia rinomata per la sua qualit\u00e0. Tuttavia, si consiglia di evitare di andarci durante i periodi di forte influenza per poter godere appieno dell&#8217;ambiente.<\/p>\n","protected":false},"excerpt":{"rendered":"<p>Viaggiare negli Stati Uniti a volte pu\u00f2 sembrare un vero e proprio percorso a ostacoli. Un consiglio prima di partire per gli Stati Uniti, per evitare qualsiasi inconveniente: preparate il vostro soggiorno, in particolare ripassando l&#8217;inglese e preparando tutti i documenti necessari. E per essere sicuri di non perdere tempo, \u00e8 meglio definire i luoghi [&hellip;]<\/p>\n","protected":false},"author":1,"featured_media":0,"parent":0,"menu_order":0,"comment_status":"closed","ping_status":"closed","template":"","meta":{"site-sidebar-layout":"default","site-content-layout":"default","ast-site-content-layout":"default","site-content-style":"default","site-sidebar-style":"default","ast-global-header-display":"","ast-banner-title-visibility":"","ast-main-header-display":"","ast-hfb-above-header-display":"","ast-hfb-below-header-display":"","ast-hfb-mobile-header-display":"","site-post-title":"","ast-breadcrumbs-content":"","ast-featured-img":"","footer-sml-layout":"","ast-disable-related-posts":"","theme-transparent-header-meta":"default","adv-header-id-meta":"","stick-header-meta":"default","header-above-stick-meta":"","header-main-stick-meta":"","header-below-stick-meta":"","astra-migrate-meta-layouts":"default","ast-page-background-enabled":"default","ast-page-background-meta":{"desktop":{"background-color":"","background-image":"","background-repeat":"repeat","background-position":"center center","background-size":"auto","background-attachment":"scroll","background-type":"","background-media":"","overlay-type":"","overlay-color":"","overlay-opacity":"","overlay-gradient":""},"tablet":{"background-color":"","background-image":"","background-repeat":"repeat","background-position":"center center","background-size":"auto","background-attachment":"scroll","background-type":"","background-media":"","overlay-type":"","overlay-color":"","overlay-opacity":"","overlay-gradient":""},"mobile":{"background-color":"","background-image":"","background-repeat":"repeat","background-position":"center center","background-size":"auto","background-attachment":"scroll","background-type":"","background-media":"","overlay-type":"","overlay-color":"","overlay-opacity":"","overlay-gradient":""}},"ast-content-background-meta":{"desktop":{"background-color":"var(--ast-global-color-5)","background-image":"","background-repeat":"repeat","background-position":"center center","background-size":"auto","background-attachment":"scroll","background-type":"","background-media":"","overlay-type":"","overlay-color":"","overlay-opacity":"","overlay-gradient":""},"tablet":{"background-color":"var(--ast-global-color-5)","background-image":"","background-repeat":"repeat","background-position":"center center","background-size":"auto","background-attachment":"scroll","background-type":"","background-media":"","overlay-type":"","overlay-color":"","overlay-opacity":"","overlay-gradient":""},"mobile":{"background-color":"var(--ast-global-color-5)","background-image":"","background-repeat":"repeat","background-position":"center center","background-size":"auto","background-attachment":"scroll","background-type":"","background-media":"","overlay-type":"","overlay-color":"","overlay-opacity":"","overlay-gradient":""}},"footnotes":""},"class_list":["post-2269","page","type-page","status-publish","hentry"],"yoast_head":"<!-- This site is optimized with the Yoast SEO plugin v27.1.1 - https:\/\/yoast.com\/product\/yoast-seo-wordpress\/ -->\n<title>I nostri consigli per il vostro viaggio negli Stati Uniti<\/title>\n<meta name=\"description\" content=\"Molte persone vogliono viaggiare negli Stati Uniti. Grazie all&#039;ESTA, ora \u00e8 pi\u00f9 facile. Vi consigliamo alcuni luoghi da non perdere.\" \/>\n<meta name=\"robots\" content=\"index, follow, max-snippet:-1, max-image-preview:large, max-video-preview:-1\" \/>\n<link rel=\"canonical\" href=\"https:\/\/123-esta.com\/it\/cosa-fare-e-visitare-negli-stati-uniti\/\" \/>\n<meta property=\"og:locale\" content=\"it_IT\" \/>\n<meta property=\"og:type\" content=\"article\" \/>\n<meta property=\"og:title\" content=\"I nostri consigli per il vostro viaggio negli Stati Uniti\" \/>\n<meta property=\"og:description\" content=\"Molte persone vogliono viaggiare negli Stati Uniti. Grazie all&#039;ESTA, ora \u00e8 pi\u00f9 facile. Vi consigliamo alcuni luoghi da non perdere.\" \/>\n<meta property=\"og:url\" content=\"https:\/\/123-esta.com\/it\/cosa-fare-e-visitare-negli-stati-uniti\/\" \/>\n<meta property=\"og:site_name\" content=\"Formulaire ESTA pour les USA\" \/>\n<meta property=\"article:modified_time\" content=\"2022-09-13T18:56:16+00:00\" \/>\n<meta name=\"twitter:card\" content=\"summary_large_image\" \/>\n<meta name=\"twitter:label1\" content=\"Tempo di lettura stimato\" \/>\n\t<meta name=\"twitter:data1\" content=\"3 minuti\" \/>\n<script type=\"application\/ld+json\" class=\"yoast-schema-graph\">{\"@context\":\"https:\/\/schema.org\",\"@graph\":[{\"@type\":\"WebPage\",\"@id\":\"https:\/\/123-esta.com\/it\/cosa-fare-e-visitare-negli-stati-uniti\/\",\"url\":\"https:\/\/123-esta.com\/it\/cosa-fare-e-visitare-negli-stati-uniti\/\",\"name\":\"I nostri consigli per il vostro viaggio negli Stati Uniti\",\"isPartOf\":{\"@id\":\"https:\/\/123-esta.com\/it\/#website\"},\"datePublished\":\"2022-07-27T19:34:15+00:00\",\"dateModified\":\"2022-09-13T18:56:16+00:00\",\"description\":\"Molte persone vogliono viaggiare negli Stati Uniti. Grazie all'ESTA, ora \u00e8 pi\u00f9 facile. Vi consigliamo alcuni luoghi da non perdere.\",\"inLanguage\":\"it-IT\",\"potentialAction\":[{\"@type\":\"ReadAction\",\"target\":[\"https:\/\/123-esta.com\/it\/cosa-fare-e-visitare-negli-stati-uniti\/\"]}]},{\"@type\":\"WebSite\",\"@id\":\"https:\/\/123-esta.com\/it\/#website\",\"url\":\"https:\/\/123-esta.com\/it\/\",\"name\":\"Formulaire ESTA pour les USA\",\"description\":\"\",\"publisher\":{\"@id\":\"https:\/\/123-esta.com\/it\/#organization\"},\"potentialAction\":[{\"@type\":\"SearchAction\",\"target\":{\"@type\":\"EntryPoint\",\"urlTemplate\":\"https:\/\/123-esta.com\/it\/?s={search_term_string}\"},\"query-input\":{\"@type\":\"PropertyValueSpecification\",\"valueRequired\":true,\"valueName\":\"search_term_string\"}}],\"inLanguage\":\"it-IT\"},{\"@type\":\"Organization\",\"@id\":\"https:\/\/123-esta.com\/it\/#organization\",\"name\":\"Formulaire ESTA pour les USA\",\"url\":\"https:\/\/123-esta.com\/it\/\",\"logo\":{\"@type\":\"ImageObject\",\"inLanguage\":\"it-IT\",\"@id\":\"https:\/\/123-esta.com\/it\/#\/schema\/logo\/image\/\",\"url\":\"https:\/\/123-esta.com\/wp-content\/uploads\/2018\/03\/logo-123-esta.png\",\"contentUrl\":\"https:\/\/123-esta.com\/wp-content\/uploads\/2018\/03\/logo-123-esta.png\",\"width\":191,\"height\":54,\"caption\":\"Formulaire ESTA pour les USA\"},\"image\":{\"@id\":\"https:\/\/123-esta.com\/it\/#\/schema\/logo\/image\/\"}}]}<\/script>\n<!-- \/ Yoast SEO plugin. -->","yoast_head_json":{"title":"I nostri consigli per il vostro viaggio negli Stati Uniti","description":"Molte persone vogliono viaggiare negli Stati Uniti. Grazie all'ESTA, ora \u00e8 pi\u00f9 facile. Vi consigliamo alcuni luoghi da non perdere.","robots":{"index":"index","follow":"follow","max-snippet":"max-snippet:-1","max-image-preview":"max-image-preview:large","max-video-preview":"max-video-preview:-1"},"canonical":"https:\/\/123-esta.com\/it\/cosa-fare-e-visitare-negli-stati-uniti\/","og_locale":"it_IT","og_type":"article","og_title":"I nostri consigli per il vostro viaggio negli Stati Uniti","og_description":"Molte persone vogliono viaggiare negli Stati Uniti. Grazie all'ESTA, ora \u00e8 pi\u00f9 facile. Vi consigliamo alcuni luoghi da non perdere.","og_url":"https:\/\/123-esta.com\/it\/cosa-fare-e-visitare-negli-stati-uniti\/","og_site_name":"Formulaire ESTA pour les USA","article_modified_time":"2022-09-13T18:56:16+00:00","twitter_card":"summary_large_image","twitter_misc":{"Tempo di lettura stimato":"3 minuti"},"schema":{"@context":"https:\/\/schema.org","@graph":[{"@type":"WebPage","@id":"https:\/\/123-esta.com\/it\/cosa-fare-e-visitare-negli-stati-uniti\/","url":"https:\/\/123-esta.com\/it\/cosa-fare-e-visitare-negli-stati-uniti\/","name":"I nostri consigli per il vostro viaggio negli Stati Uniti","isPartOf":{"@id":"https:\/\/123-esta.com\/it\/#website"},"datePublished":"2022-07-27T19:34:15+00:00","dateModified":"2022-09-13T18:56:16+00:00","description":"Molte persone vogliono viaggiare negli Stati Uniti. Grazie all'ESTA, ora \u00e8 pi\u00f9 facile. Vi consigliamo alcuni luoghi da non perdere.","inLanguage":"it-IT","potentialAction":[{"@type":"ReadAction","target":["https:\/\/123-esta.com\/it\/cosa-fare-e-visitare-negli-stati-uniti\/"]}]},{"@type":"WebSite","@id":"https:\/\/123-esta.com\/it\/#website","url":"https:\/\/123-esta.com\/it\/","name":"Formulaire ESTA pour les USA","description":"","publisher":{"@id":"https:\/\/123-esta.com\/it\/#organization"},"potentialAction":[{"@type":"SearchAction","target":{"@type":"EntryPoint","urlTemplate":"https:\/\/123-esta.com\/it\/?s={search_term_string}"},"query-input":{"@type":"PropertyValueSpecification","valueRequired":true,"valueName":"search_term_string"}}],"inLanguage":"it-IT"},{"@type":"Organization","@id":"https:\/\/123-esta.com\/it\/#organization","name":"Formulaire ESTA pour les USA","url":"https:\/\/123-esta.com\/it\/","logo":{"@type":"ImageObject","inLanguage":"it-IT","@id":"https:\/\/123-esta.com\/it\/#\/schema\/logo\/image\/","url":"https:\/\/123-esta.com\/wp-content\/uploads\/2018\/03\/logo-123-esta.png","contentUrl":"https:\/\/123-esta.com\/wp-content\/uploads\/2018\/03\/logo-123-esta.png","width":191,"height":54,"caption":"Formulaire ESTA pour les USA"},"image":{"@id":"https:\/\/123-esta.com\/it\/#\/schema\/logo\/image\/"}}]}},"_links":{"self":[{"href":"https:\/\/123-esta.com\/it\/wp-json\/wp\/v2\/pages\/2269","targetHints":{"allow":["GET"]}}],"collection":[{"href":"https:\/\/123-esta.com\/it\/wp-json\/wp\/v2\/pages"}],"about":[{"href":"https:\/\/123-esta.com\/it\/wp-json\/wp\/v2\/types\/page"}],"author":[{"embeddable":true,"href":"https:\/\/123-esta.com\/it\/wp-json\/wp\/v2\/users\/1"}],"replies":[{"embeddable":true,"href":"https:\/\/123-esta.com\/it\/wp-json\/wp\/v2\/comments?post=2269"}],"version-history":[{"count":0,"href":"https:\/\/123-esta.com\/it\/wp-json\/wp\/v2\/pages\/2269\/revisions"}],"wp:attachment":[{"href":"https:\/\/123-esta.com\/it\/wp-json\/wp\/v2\/media?parent=2269"}],"curies":[{"name":"wp","href":"https:\/\/api.w.org\/{rel}","templated":true}]}}