{"id":2265,"date":"2022-07-27T21:34:14","date_gmt":"2022-07-27T19:34:14","guid":{"rendered":"https:\/\/123-esta.com\/visita-alla-casa-bianca\/"},"modified":"2022-09-19T17:46:14","modified_gmt":"2022-09-19T15:46:14","slug":"visita-alla-casa-bianca-usa","status":"publish","type":"page","link":"https:\/\/123-esta.com\/it\/visita-alla-casa-bianca-usa\/","title":{"rendered":"Visita alla Casa Bianca, Washington DC"},"content":{"rendered":"\n<p>Per chi \u00e8 tentato dall&#8217;idea, una visita alla Casa Bianca \u00e8 possibile ed \u00e8 uno dei <a href=\"https:\/\/123-esta.com\/it\/citta-e-regioni-da-visitare-negli-stati-uniti\/\">luoghi da visitare negli Stati Uniti<\/a>. Questa pratica \u00e8 consentita da Thomas Jefferson, nel 1805, quando il presidente americano decise di aprire le porte del palazzo presidenziale al pubblico.<\/p>\n\n<h2 class=\"wp-block-heading\">Preparare il viaggio e pianificare la visita<\/h2>\n\n<p>Innanzitutto, \u00e8 necessario ottenere l&#8217;autorizzazione al viaggio ESTA. Questo documento sostituisce il visto ordinario ed \u00e8 obbligatorio per chi desidera entrare o transitare negli Stati Uniti per meno di 90 giorni.<\/p>\n\n<p>In seguito, programmate la vostra visita negli Stati Uniti, e in particolare alla Casa Bianca. Per ottenere il permesso di visita possono essere necessarie da tre settimane a cinque o addirittura sei mesi di anticipo. La domanda viene presentata presso il Consolato francese a Washington. I richiedenti saranno sottoposti a rigorose indagini da parte delle autorit\u00e0 statunitensi per convalidare le domande (il che spiega la lentezza delle procedure). Si noti che le procedure sono uguali per tutti, senza eccezioni per i cittadini statunitensi.<\/p>\n\n<h2 class=\"wp-block-heading\">La visita alla Casa Bianca<\/h2>\n\n<p>Una volta sul posto, i visitatori dovranno portare con s\u00e9 il passaporto. Durante la visita non saranno ammessi effetti personali. Per motivi di sicurezza, anche i telefoni e le telecamere devono essere esclusi dalla visita.<\/p>\n\n<p>Solo alcune stanze della Casa Bianca sono aperte al pubblico. In generale, una visita dura in media mezz&#8217;ora. Durante il tour, i visitatori avranno il privilegio di visitare la Blueroom, la Greenroom, il famoso Studio Ovale, la East Room dove si tengono le conferenze stampa alla Casa Bianca, la Roosevelt Room, l&#8217;elegantissima Vermeil Room, ecc. Dagli attentati dell&#8217;11 settembre le visite vengono effettuate solo in gruppo.<\/p>\n\n<p>Il precedente Presidente degli Stati Uniti, Barack Obama, ha reso possibile un tour virtuale a 360\u00b0 di due splendide stanze della Casa Bianca. Questo \u00e8 il suo ex ufficio, lo Studio Ovale, e la Situation Room, una delle stanze pi\u00f9 importanti da cui vengono decise tutte le principali questioni relative alla strategia americana.<\/p>\n\n<p>Visitare la Casa Bianca \u00e8 un&#8217;esperienza estremamente gratificante, da provare quando si \u00e8 negli Stati Uniti.<\/p>\n","protected":false},"excerpt":{"rendered":"<p>Per chi \u00e8 tentato dall&#8217;idea, una visita alla Casa Bianca \u00e8 possibile ed \u00e8 uno dei luoghi da visitare negli Stati Uniti. Questa pratica \u00e8 consentita da Thomas Jefferson, nel 1805, quando il presidente americano decise di aprire le porte del palazzo presidenziale al pubblico. Preparare il viaggio e pianificare la visita Innanzitutto, \u00e8 necessario [&hellip;]<\/p>\n","protected":false},"author":1,"featured_media":0,"parent":0,"menu_order":0,"comment_status":"closed","ping_status":"closed","template":"","meta":{"site-sidebar-layout":"default","site-content-layout":"default","ast-site-content-layout":"default","site-content-style":"default","site-sidebar-style":"default","ast-global-header-display":"","ast-banner-title-visibility":"","ast-main-header-display":"","ast-hfb-above-header-display":"","ast-hfb-below-header-display":"","ast-hfb-mobile-header-display":"","site-post-title":"","ast-breadcrumbs-content":"","ast-featured-img":"","footer-sml-layout":"","ast-disable-related-posts":"","theme-transparent-header-meta":"default","adv-header-id-meta":"","stick-header-meta":"default","header-above-stick-meta":"","header-main-stick-meta":"","header-below-stick-meta":"","astra-migrate-meta-layouts":"default","ast-page-background-enabled":"default","ast-page-background-meta":{"desktop":{"background-color":"","background-image":"","background-repeat":"repeat","background-position":"center center","background-size":"auto","background-attachment":"scroll","background-type":"","background-media":"","overlay-type":"","overlay-color":"","overlay-opacity":"","overlay-gradient":""},"tablet":{"background-color":"","background-image":"","background-repeat":"repeat","background-position":"center center","background-size":"auto","background-attachment":"scroll","background-type":"","background-media":"","overlay-type":"","overlay-color":"","overlay-opacity":"","overlay-gradient":""},"mobile":{"background-color":"","background-image":"","background-repeat":"repeat","background-position":"center center","background-size":"auto","background-attachment":"scroll","background-type":"","background-media":"","overlay-type":"","overlay-color":"","overlay-opacity":"","overlay-gradient":""}},"ast-content-background-meta":{"desktop":{"background-color":"var(--ast-global-color-5)","background-image":"","background-repeat":"repeat","background-position":"center center","background-size":"auto","background-attachment":"scroll","background-type":"","background-media":"","overlay-type":"","overlay-color":"","overlay-opacity":"","overlay-gradient":""},"tablet":{"background-color":"var(--ast-global-color-5)","background-image":"","background-repeat":"repeat","background-position":"center center","background-size":"auto","background-attachment":"scroll","background-type":"","background-media":"","overlay-type":"","overlay-color":"","overlay-opacity":"","overlay-gradient":""},"mobile":{"background-color":"var(--ast-global-color-5)","background-image":"","background-repeat":"repeat","background-position":"center center","background-size":"auto","background-attachment":"scroll","background-type":"","background-media":"","overlay-type":"","overlay-color":"","overlay-opacity":"","overlay-gradient":""}},"footnotes":""},"class_list":["post-2265","page","type-page","status-publish","hentry"],"yoast_head":"<!-- This site is optimized with the Yoast SEO plugin v27.1.1 - https:\/\/yoast.com\/product\/yoast-seo-wordpress\/ -->\n<title>Visitare la Casa Bianca mentre si \u00e8 a Washington<\/title>\n<meta name=\"description\" content=\"La Casa Bianca, simbolo degli Stati Uniti, \u00e8 aperta al pubblico a determinate condizioni. Qui trovate tutte le informazioni necessarie per una visita indimenticabile.\" \/>\n<meta name=\"robots\" content=\"index, follow, max-snippet:-1, max-image-preview:large, max-video-preview:-1\" \/>\n<link rel=\"canonical\" href=\"https:\/\/123-esta.com\/it\/visita-alla-casa-bianca-usa\/\" \/>\n<meta property=\"og:locale\" content=\"it_IT\" \/>\n<meta property=\"og:type\" content=\"article\" \/>\n<meta property=\"og:title\" content=\"Visitare la Casa Bianca mentre si \u00e8 a Washington\" \/>\n<meta property=\"og:description\" content=\"La Casa Bianca, simbolo degli Stati Uniti, \u00e8 aperta al pubblico a determinate condizioni. Qui trovate tutte le informazioni necessarie per una visita indimenticabile.\" \/>\n<meta property=\"og:url\" content=\"https:\/\/123-esta.com\/it\/visita-alla-casa-bianca-usa\/\" \/>\n<meta property=\"og:site_name\" content=\"Formulaire ESTA pour les USA\" \/>\n<meta property=\"article:modified_time\" content=\"2022-09-19T15:46:14+00:00\" \/>\n<meta name=\"twitter:card\" content=\"summary_large_image\" \/>\n<meta name=\"twitter:label1\" content=\"Tempo di lettura stimato\" \/>\n\t<meta name=\"twitter:data1\" content=\"2 minuti\" \/>\n<script type=\"application\/ld+json\" class=\"yoast-schema-graph\">{\"@context\":\"https:\/\/schema.org\",\"@graph\":[{\"@type\":\"WebPage\",\"@id\":\"https:\/\/123-esta.com\/it\/visita-alla-casa-bianca-usa\/\",\"url\":\"https:\/\/123-esta.com\/it\/visita-alla-casa-bianca-usa\/\",\"name\":\"Visitare la Casa Bianca mentre si \u00e8 a Washington\",\"isPartOf\":{\"@id\":\"https:\/\/123-esta.com\/it\/#website\"},\"datePublished\":\"2022-07-27T19:34:14+00:00\",\"dateModified\":\"2022-09-19T15:46:14+00:00\",\"description\":\"La Casa Bianca, simbolo degli Stati Uniti, \u00e8 aperta al pubblico a determinate condizioni. Qui trovate tutte le informazioni necessarie per una visita indimenticabile.\",\"inLanguage\":\"it-IT\",\"potentialAction\":[{\"@type\":\"ReadAction\",\"target\":[\"https:\/\/123-esta.com\/it\/visita-alla-casa-bianca-usa\/\"]}]},{\"@type\":\"WebSite\",\"@id\":\"https:\/\/123-esta.com\/it\/#website\",\"url\":\"https:\/\/123-esta.com\/it\/\",\"name\":\"Formulaire ESTA pour les USA\",\"description\":\"\",\"publisher\":{\"@id\":\"https:\/\/123-esta.com\/it\/#organization\"},\"potentialAction\":[{\"@type\":\"SearchAction\",\"target\":{\"@type\":\"EntryPoint\",\"urlTemplate\":\"https:\/\/123-esta.com\/it\/?s={search_term_string}\"},\"query-input\":{\"@type\":\"PropertyValueSpecification\",\"valueRequired\":true,\"valueName\":\"search_term_string\"}}],\"inLanguage\":\"it-IT\"},{\"@type\":\"Organization\",\"@id\":\"https:\/\/123-esta.com\/it\/#organization\",\"name\":\"Formulaire ESTA pour les USA\",\"url\":\"https:\/\/123-esta.com\/it\/\",\"logo\":{\"@type\":\"ImageObject\",\"inLanguage\":\"it-IT\",\"@id\":\"https:\/\/123-esta.com\/it\/#\/schema\/logo\/image\/\",\"url\":\"https:\/\/123-esta.com\/wp-content\/uploads\/2018\/03\/logo-123-esta.png\",\"contentUrl\":\"https:\/\/123-esta.com\/wp-content\/uploads\/2018\/03\/logo-123-esta.png\",\"width\":191,\"height\":54,\"caption\":\"Formulaire ESTA pour les USA\"},\"image\":{\"@id\":\"https:\/\/123-esta.com\/it\/#\/schema\/logo\/image\/\"}}]}<\/script>\n<!-- \/ Yoast SEO plugin. -->","yoast_head_json":{"title":"Visitare la Casa Bianca mentre si \u00e8 a Washington","description":"La Casa Bianca, simbolo degli Stati Uniti, \u00e8 aperta al pubblico a determinate condizioni. Qui trovate tutte le informazioni necessarie per una visita indimenticabile.","robots":{"index":"index","follow":"follow","max-snippet":"max-snippet:-1","max-image-preview":"max-image-preview:large","max-video-preview":"max-video-preview:-1"},"canonical":"https:\/\/123-esta.com\/it\/visita-alla-casa-bianca-usa\/","og_locale":"it_IT","og_type":"article","og_title":"Visitare la Casa Bianca mentre si \u00e8 a Washington","og_description":"La Casa Bianca, simbolo degli Stati Uniti, \u00e8 aperta al pubblico a determinate condizioni. Qui trovate tutte le informazioni necessarie per una visita indimenticabile.","og_url":"https:\/\/123-esta.com\/it\/visita-alla-casa-bianca-usa\/","og_site_name":"Formulaire ESTA pour les USA","article_modified_time":"2022-09-19T15:46:14+00:00","twitter_card":"summary_large_image","twitter_misc":{"Tempo di lettura stimato":"2 minuti"},"schema":{"@context":"https:\/\/schema.org","@graph":[{"@type":"WebPage","@id":"https:\/\/123-esta.com\/it\/visita-alla-casa-bianca-usa\/","url":"https:\/\/123-esta.com\/it\/visita-alla-casa-bianca-usa\/","name":"Visitare la Casa Bianca mentre si \u00e8 a Washington","isPartOf":{"@id":"https:\/\/123-esta.com\/it\/#website"},"datePublished":"2022-07-27T19:34:14+00:00","dateModified":"2022-09-19T15:46:14+00:00","description":"La Casa Bianca, simbolo degli Stati Uniti, \u00e8 aperta al pubblico a determinate condizioni. Qui trovate tutte le informazioni necessarie per una visita indimenticabile.","inLanguage":"it-IT","potentialAction":[{"@type":"ReadAction","target":["https:\/\/123-esta.com\/it\/visita-alla-casa-bianca-usa\/"]}]},{"@type":"WebSite","@id":"https:\/\/123-esta.com\/it\/#website","url":"https:\/\/123-esta.com\/it\/","name":"Formulaire ESTA pour les USA","description":"","publisher":{"@id":"https:\/\/123-esta.com\/it\/#organization"},"potentialAction":[{"@type":"SearchAction","target":{"@type":"EntryPoint","urlTemplate":"https:\/\/123-esta.com\/it\/?s={search_term_string}"},"query-input":{"@type":"PropertyValueSpecification","valueRequired":true,"valueName":"search_term_string"}}],"inLanguage":"it-IT"},{"@type":"Organization","@id":"https:\/\/123-esta.com\/it\/#organization","name":"Formulaire ESTA pour les USA","url":"https:\/\/123-esta.com\/it\/","logo":{"@type":"ImageObject","inLanguage":"it-IT","@id":"https:\/\/123-esta.com\/it\/#\/schema\/logo\/image\/","url":"https:\/\/123-esta.com\/wp-content\/uploads\/2018\/03\/logo-123-esta.png","contentUrl":"https:\/\/123-esta.com\/wp-content\/uploads\/2018\/03\/logo-123-esta.png","width":191,"height":54,"caption":"Formulaire ESTA pour les USA"},"image":{"@id":"https:\/\/123-esta.com\/it\/#\/schema\/logo\/image\/"}}]}},"_links":{"self":[{"href":"https:\/\/123-esta.com\/it\/wp-json\/wp\/v2\/pages\/2265","targetHints":{"allow":["GET"]}}],"collection":[{"href":"https:\/\/123-esta.com\/it\/wp-json\/wp\/v2\/pages"}],"about":[{"href":"https:\/\/123-esta.com\/it\/wp-json\/wp\/v2\/types\/page"}],"author":[{"embeddable":true,"href":"https:\/\/123-esta.com\/it\/wp-json\/wp\/v2\/users\/1"}],"replies":[{"embeddable":true,"href":"https:\/\/123-esta.com\/it\/wp-json\/wp\/v2\/comments?post=2265"}],"version-history":[{"count":0,"href":"https:\/\/123-esta.com\/it\/wp-json\/wp\/v2\/pages\/2265\/revisions"}],"wp:attachment":[{"href":"https:\/\/123-esta.com\/it\/wp-json\/wp\/v2\/media?parent=2265"}],"curies":[{"name":"wp","href":"https:\/\/api.w.org\/{rel}","templated":true}]}}