{"id":2264,"date":"2022-07-27T21:34:14","date_gmt":"2022-07-27T19:34:14","guid":{"rendered":"https:\/\/123-esta.com\/spiagge-e-stati-uniti\/"},"modified":"2022-09-13T23:24:36","modified_gmt":"2022-09-13T21:24:36","slug":"le-spiagge-degli-stati-uniti","status":"publish","type":"page","link":"https:\/\/123-esta.com\/it\/le-spiagge-degli-stati-uniti\/","title":{"rendered":"Quali sono le spiagge pi\u00f9 belle degli Stati Uniti?"},"content":{"rendered":"\n<p>\u00c8 difficile stilare un elenco completo delle spiagge americane perch\u00e9 <a href=\"https:\/\/123-esta.com\/it\/cosa-fare-e-visitare-negli-stati-uniti\/\">i luoghi da visitare negli Stati Uniti sono<\/a> davvero tanti. In questo articolo cercheremo semplicemente di darvi una panoramica delle spiagge pi\u00f9 famose, nella speranza di risparmiarvi un po&#8217; di tempo di ricerca.<\/p>\n\n<p>Negli Stati Uniti non mancano le spiagge &#8220;belle&#8221;. Ben 19.000 km di costa con spiagge adatte alla balneazione e altre no. Potremmo anche stilare una top 10 delle migliori spiagge di ogni Stato degli USA (quelle che non si trovano sulla costa, ovviamente).<\/p>\n\n<p>Gli americani hanno un esperto di nome Stephen P. Leatherman, noto anche come Dr Beach, che valuta le spiagge pi\u00f9 belle del Paese in base a vari criteri come la bellezza della spiaggia stessa, la sabbia, la temperatura, la qualit\u00e0 delle infrastrutture, ecc. S\u00ec, con loro non c&#8217;\u00e8 da ridere!<\/p>\n\n<h2 class=\"wp-block-heading\">Le spiagge pi\u00f9 famose degli Stati Uniti<\/h2>\n\n<p>Tra i 50 Stati degli Stati Uniti, le Hawaii sono la spiaggia pi\u00f9 bella del Paese. L&#8217;Hanauma Bay Beach Park, situato sull&#8217;isola di Oahu, \u00e8 stato addirittura eletto &#8220;Miglior spiaggia&#8221; degli Stati Uniti per il 2016.<\/p>\n\n<p>Ha tutto per piacere: cielo azzurro, sabbia bianca, palme da cocco e un mare calmo; il tutto in un contesto naturale e verde. Le immersioni e lo snorkeling sono molto popolari qui grazie alla qualit\u00e0 e alla limpidezza del mare e all&#8217;esistenza di una barriera corallina con una variet\u00e0 di pesci colorati. Alle Hawaii, abbiamo alcune menzioni d&#8217;onore come Kapalua Bay e North Shore Oahu che meritano una visita.<\/p>\n\n<p>La Florida ha tre spiagge interessanti, tra cui Caladesi Island State Park, Siesta Beach e Langdon Beach. Le spiagge sono caratterizzate da un mare cristallino e da una soffice sabbia bianca. Sono ideali per il nuoto.<\/p>\n\n<p>La California \u00e8 anche ricca di spiagge famose come la celebre Malibu Beach, Venice Beach, Laguna Beach, ecc.<\/p>\n\n<h2 class=\"wp-block-heading\">Quando \u00e8 il caso di andare?<\/h2>\n\n<p>Il periodo ideale per andare \u00e8 da luglio a settembre. Le spiagge, tuttavia, sono molto pi\u00f9 frequentate grazie al bel tempo. Negli Stati Uniti, questo periodo corrisponde all&#8217;alta stagione turistica ed \u00e8 necessario un budget minimo a causa dell&#8217;aumento dei prezzi.<\/p>\n","protected":false},"excerpt":{"rendered":"<p>\u00c8 difficile stilare un elenco completo delle spiagge americane perch\u00e9 i luoghi da visitare negli Stati Uniti sono davvero tanti. In questo articolo cercheremo semplicemente di darvi una panoramica delle spiagge pi\u00f9 famose, nella speranza di risparmiarvi un po&#8217; di tempo di ricerca. Negli Stati Uniti non mancano le spiagge &#8220;belle&#8221;. Ben 19.000 km di [&hellip;]<\/p>\n","protected":false},"author":1,"featured_media":0,"parent":0,"menu_order":0,"comment_status":"closed","ping_status":"closed","template":"","meta":{"site-sidebar-layout":"default","site-content-layout":"default","ast-site-content-layout":"default","site-content-style":"default","site-sidebar-style":"default","ast-global-header-display":"","ast-banner-title-visibility":"","ast-main-header-display":"","ast-hfb-above-header-display":"","ast-hfb-below-header-display":"","ast-hfb-mobile-header-display":"","site-post-title":"","ast-breadcrumbs-content":"","ast-featured-img":"","footer-sml-layout":"","ast-disable-related-posts":"","theme-transparent-header-meta":"default","adv-header-id-meta":"","stick-header-meta":"default","header-above-stick-meta":"","header-main-stick-meta":"","header-below-stick-meta":"","astra-migrate-meta-layouts":"default","ast-page-background-enabled":"default","ast-page-background-meta":{"desktop":{"background-color":"","background-image":"","background-repeat":"repeat","background-position":"center center","background-size":"auto","background-attachment":"scroll","background-type":"","background-media":"","overlay-type":"","overlay-color":"","overlay-opacity":"","overlay-gradient":""},"tablet":{"background-color":"","background-image":"","background-repeat":"repeat","background-position":"center center","background-size":"auto","background-attachment":"scroll","background-type":"","background-media":"","overlay-type":"","overlay-color":"","overlay-opacity":"","overlay-gradient":""},"mobile":{"background-color":"","background-image":"","background-repeat":"repeat","background-position":"center center","background-size":"auto","background-attachment":"scroll","background-type":"","background-media":"","overlay-type":"","overlay-color":"","overlay-opacity":"","overlay-gradient":""}},"ast-content-background-meta":{"desktop":{"background-color":"var(--ast-global-color-5)","background-image":"","background-repeat":"repeat","background-position":"center center","background-size":"auto","background-attachment":"scroll","background-type":"","background-media":"","overlay-type":"","overlay-color":"","overlay-opacity":"","overlay-gradient":""},"tablet":{"background-color":"var(--ast-global-color-5)","background-image":"","background-repeat":"repeat","background-position":"center center","background-size":"auto","background-attachment":"scroll","background-type":"","background-media":"","overlay-type":"","overlay-color":"","overlay-opacity":"","overlay-gradient":""},"mobile":{"background-color":"var(--ast-global-color-5)","background-image":"","background-repeat":"repeat","background-position":"center center","background-size":"auto","background-attachment":"scroll","background-type":"","background-media":"","overlay-type":"","overlay-color":"","overlay-opacity":"","overlay-gradient":""}},"footnotes":""},"class_list":["post-2264","page","type-page","status-publish","hentry"],"yoast_head":"<!-- This site is optimized with the Yoast SEO plugin v27.1.1 - https:\/\/yoast.com\/product\/yoast-seo-wordpress\/ -->\n<title>In evidenza le spiagge pi\u00f9 belle degli USA<\/title>\n<meta name=\"description\" content=\"Gli Stati Uniti non sono noti solo per i parchi nazionali e le grandi citt\u00e0. Raccomandiamo anche le spiagge americane.\" \/>\n<meta name=\"robots\" content=\"index, follow, max-snippet:-1, max-image-preview:large, max-video-preview:-1\" \/>\n<link rel=\"canonical\" href=\"https:\/\/123-esta.com\/it\/le-spiagge-degli-stati-uniti\/\" \/>\n<meta property=\"og:locale\" content=\"it_IT\" \/>\n<meta property=\"og:type\" content=\"article\" \/>\n<meta property=\"og:title\" content=\"In evidenza le spiagge pi\u00f9 belle degli USA\" \/>\n<meta property=\"og:description\" content=\"Gli Stati Uniti non sono noti solo per i parchi nazionali e le grandi citt\u00e0. Raccomandiamo anche le spiagge americane.\" \/>\n<meta property=\"og:url\" content=\"https:\/\/123-esta.com\/it\/le-spiagge-degli-stati-uniti\/\" \/>\n<meta property=\"og:site_name\" content=\"Formulaire ESTA pour les USA\" \/>\n<meta property=\"article:modified_time\" content=\"2022-09-13T21:24:36+00:00\" \/>\n<meta name=\"twitter:card\" content=\"summary_large_image\" \/>\n<meta name=\"twitter:label1\" content=\"Tempo di lettura stimato\" \/>\n\t<meta name=\"twitter:data1\" content=\"2 minuti\" \/>\n<script type=\"application\/ld+json\" class=\"yoast-schema-graph\">{\"@context\":\"https:\/\/schema.org\",\"@graph\":[{\"@type\":\"WebPage\",\"@id\":\"https:\/\/123-esta.com\/it\/le-spiagge-degli-stati-uniti\/\",\"url\":\"https:\/\/123-esta.com\/it\/le-spiagge-degli-stati-uniti\/\",\"name\":\"In evidenza le spiagge pi\u00f9 belle degli USA\",\"isPartOf\":{\"@id\":\"https:\/\/123-esta.com\/it\/#website\"},\"datePublished\":\"2022-07-27T19:34:14+00:00\",\"dateModified\":\"2022-09-13T21:24:36+00:00\",\"description\":\"Gli Stati Uniti non sono noti solo per i parchi nazionali e le grandi citt\u00e0. Raccomandiamo anche le spiagge americane.\",\"inLanguage\":\"it-IT\",\"potentialAction\":[{\"@type\":\"ReadAction\",\"target\":[\"https:\/\/123-esta.com\/it\/le-spiagge-degli-stati-uniti\/\"]}]},{\"@type\":\"WebSite\",\"@id\":\"https:\/\/123-esta.com\/it\/#website\",\"url\":\"https:\/\/123-esta.com\/it\/\",\"name\":\"Formulaire ESTA pour les USA\",\"description\":\"\",\"publisher\":{\"@id\":\"https:\/\/123-esta.com\/it\/#organization\"},\"potentialAction\":[{\"@type\":\"SearchAction\",\"target\":{\"@type\":\"EntryPoint\",\"urlTemplate\":\"https:\/\/123-esta.com\/it\/?s={search_term_string}\"},\"query-input\":{\"@type\":\"PropertyValueSpecification\",\"valueRequired\":true,\"valueName\":\"search_term_string\"}}],\"inLanguage\":\"it-IT\"},{\"@type\":\"Organization\",\"@id\":\"https:\/\/123-esta.com\/it\/#organization\",\"name\":\"Formulaire ESTA pour les USA\",\"url\":\"https:\/\/123-esta.com\/it\/\",\"logo\":{\"@type\":\"ImageObject\",\"inLanguage\":\"it-IT\",\"@id\":\"https:\/\/123-esta.com\/it\/#\/schema\/logo\/image\/\",\"url\":\"https:\/\/123-esta.com\/wp-content\/uploads\/2018\/03\/logo-123-esta.png\",\"contentUrl\":\"https:\/\/123-esta.com\/wp-content\/uploads\/2018\/03\/logo-123-esta.png\",\"width\":191,\"height\":54,\"caption\":\"Formulaire ESTA pour les USA\"},\"image\":{\"@id\":\"https:\/\/123-esta.com\/it\/#\/schema\/logo\/image\/\"}}]}<\/script>\n<!-- \/ Yoast SEO plugin. -->","yoast_head_json":{"title":"In evidenza le spiagge pi\u00f9 belle degli USA","description":"Gli Stati Uniti non sono noti solo per i parchi nazionali e le grandi citt\u00e0. Raccomandiamo anche le spiagge americane.","robots":{"index":"index","follow":"follow","max-snippet":"max-snippet:-1","max-image-preview":"max-image-preview:large","max-video-preview":"max-video-preview:-1"},"canonical":"https:\/\/123-esta.com\/it\/le-spiagge-degli-stati-uniti\/","og_locale":"it_IT","og_type":"article","og_title":"In evidenza le spiagge pi\u00f9 belle degli USA","og_description":"Gli Stati Uniti non sono noti solo per i parchi nazionali e le grandi citt\u00e0. Raccomandiamo anche le spiagge americane.","og_url":"https:\/\/123-esta.com\/it\/le-spiagge-degli-stati-uniti\/","og_site_name":"Formulaire ESTA pour les USA","article_modified_time":"2022-09-13T21:24:36+00:00","twitter_card":"summary_large_image","twitter_misc":{"Tempo di lettura stimato":"2 minuti"},"schema":{"@context":"https:\/\/schema.org","@graph":[{"@type":"WebPage","@id":"https:\/\/123-esta.com\/it\/le-spiagge-degli-stati-uniti\/","url":"https:\/\/123-esta.com\/it\/le-spiagge-degli-stati-uniti\/","name":"In evidenza le spiagge pi\u00f9 belle degli USA","isPartOf":{"@id":"https:\/\/123-esta.com\/it\/#website"},"datePublished":"2022-07-27T19:34:14+00:00","dateModified":"2022-09-13T21:24:36+00:00","description":"Gli Stati Uniti non sono noti solo per i parchi nazionali e le grandi citt\u00e0. Raccomandiamo anche le spiagge americane.","inLanguage":"it-IT","potentialAction":[{"@type":"ReadAction","target":["https:\/\/123-esta.com\/it\/le-spiagge-degli-stati-uniti\/"]}]},{"@type":"WebSite","@id":"https:\/\/123-esta.com\/it\/#website","url":"https:\/\/123-esta.com\/it\/","name":"Formulaire ESTA pour les USA","description":"","publisher":{"@id":"https:\/\/123-esta.com\/it\/#organization"},"potentialAction":[{"@type":"SearchAction","target":{"@type":"EntryPoint","urlTemplate":"https:\/\/123-esta.com\/it\/?s={search_term_string}"},"query-input":{"@type":"PropertyValueSpecification","valueRequired":true,"valueName":"search_term_string"}}],"inLanguage":"it-IT"},{"@type":"Organization","@id":"https:\/\/123-esta.com\/it\/#organization","name":"Formulaire ESTA pour les USA","url":"https:\/\/123-esta.com\/it\/","logo":{"@type":"ImageObject","inLanguage":"it-IT","@id":"https:\/\/123-esta.com\/it\/#\/schema\/logo\/image\/","url":"https:\/\/123-esta.com\/wp-content\/uploads\/2018\/03\/logo-123-esta.png","contentUrl":"https:\/\/123-esta.com\/wp-content\/uploads\/2018\/03\/logo-123-esta.png","width":191,"height":54,"caption":"Formulaire ESTA pour les USA"},"image":{"@id":"https:\/\/123-esta.com\/it\/#\/schema\/logo\/image\/"}}]}},"_links":{"self":[{"href":"https:\/\/123-esta.com\/it\/wp-json\/wp\/v2\/pages\/2264","targetHints":{"allow":["GET"]}}],"collection":[{"href":"https:\/\/123-esta.com\/it\/wp-json\/wp\/v2\/pages"}],"about":[{"href":"https:\/\/123-esta.com\/it\/wp-json\/wp\/v2\/types\/page"}],"author":[{"embeddable":true,"href":"https:\/\/123-esta.com\/it\/wp-json\/wp\/v2\/users\/1"}],"replies":[{"embeddable":true,"href":"https:\/\/123-esta.com\/it\/wp-json\/wp\/v2\/comments?post=2264"}],"version-history":[{"count":0,"href":"https:\/\/123-esta.com\/it\/wp-json\/wp\/v2\/pages\/2264\/revisions"}],"wp:attachment":[{"href":"https:\/\/123-esta.com\/it\/wp-json\/wp\/v2\/media?parent=2264"}],"curies":[{"name":"wp","href":"https:\/\/api.w.org\/{rel}","templated":true}]}}