{"id":2262,"date":"2022-07-27T21:34:13","date_gmt":"2022-07-27T19:34:13","guid":{"rendered":"https:\/\/123-esta.com\/quale-hotel-scegliere-noi\/"},"modified":"2022-08-23T22:30:19","modified_gmt":"2022-08-23T20:30:19","slug":"quale-hotel-scegliere-negli-usa","status":"publish","type":"page","link":"https:\/\/123-esta.com\/it\/quale-hotel-scegliere-negli-usa\/","title":{"rendered":"Come trovare un alloggio o un hotel per il vostro soggiorno negli Stati Uniti?"},"content":{"rendered":"<p>Gli americani sono noti per il loro grande senso dell&#8217;ospitalit\u00e0.<\/p>\n<p>Tuttavia, quando si <a href=\"https:\/\/123-esta.com\/it\/cosa-fare-e-visitare-negli-stati-uniti\/\">visita gli Stati Uniti<\/a> con l&#8217;ESTA, \u00e8 necessario trovare un alloggio. Il couchsurfing, una comunit\u00e0 che permette di soggiornare gratuitamente nelle case degli altri in cambio del proprio buon umore, \u00e8 un&#8217;opzione molto diffusa. Ci sono molti modi diversi per soggiornare negli Stati Uniti, a seconda del vostro budget. Il seguente \u00e8 un elenco non esaustivo.<\/p>\n<h2>Scegliere l&#8217;alloggio giusto per un viaggio negli USA<\/h2>\n<p>Per chi ha un budget limitato, i motel sono considerati il gold standard, con reception 24 ore su 24, connessione wi-fi e colazione. Questi piccoli hotel sono numerosi lungo le strade principali e all&#8217;ingresso\/uscita delle citt\u00e0. Le tariffe di queste strutture indipendenti e di catena (Quality Inn, Comfort Inn, Red Roof) variano da 30 a 90 dollari a notte.<\/p>\n<p>Gli hotel sono la sistemazione consigliata per chi desidera soggiornare per diversi giorni in una grande citt\u00e0. In questo caso sono possibili anche i motel, ma potrebbero non offrire il comfort necessario. Dovete scegliere in base al vostro budget.<\/p>\n<p>Gli Stati Uniti dispongono anche di diverse categorie di locali per la ristorazione per accogliere il gran numero di turisti in visita. Per i viaggiatori zaino in spalla consigliamo un&#8217;alternativa interessante: soggiornare in un bed &amp; breakfast.<\/p>\n<p>Infine, ci sono molte alternative pi\u00f9 o meno accettabili, con budget diversi, come ostelli, Couchsurfing, Airbnb, lodge, affitti sulla spiaggia, cabine, condomini, ecc.<\/p>\n<p>Per chi ha un budget limitato, un altro consiglio per risparmiare \u00e8 quello di dormire in auto. Infatti, alcune autostrade, soprattutto le superstrade e le interstatali, dispongono di speciali aree di sosta dove \u00e8 possibile riposare in auto. Tuttavia, per un maggiore comfort e se il vostro budget lo consente, \u00e8 meglio affittare una piazzola. In questo modo potrete dormire in tutta sicurezza e usufruire delle docce e dei servizi igienici solitamente offerti da queste strutture.<\/p>\n<h2>Come soggiornare a basso costo negli Stati Uniti<\/h2>\n<p>Per i pi\u00f9 socievoli e aperti, sono disponibili due opzioni molto economiche: il Couchsurfing e i dormitori disponibili negli ostelli della giovent\u00f9.<\/p>\n<p>Il principio di Couchsurfing \u00e8 piuttosto semplice: ogni persona registrata sul sito si offre di ospitare gratuitamente un viaggiatore nella propria casa, di tanto in tanto. In cambio, quando si viaggia da soli, si pu\u00f2 <a href=\"https:\/\/123-esta.com\/it\/come-trovare-un-alloggio-gratuito-negli-stati-uniti\/\">soggiornare gratuitamente presso un locale<\/a>. La comunit\u00e0 di Couchsurfing \u00e8 enorme negli Stati Uniti, con molte opportunit\u00e0 a disposizione.<\/p>\n<p>Gli ostelli della giovent\u00f9 offrono spesso la possibilit\u00e0 di dormire in dormitori condivisi con altri viaggiatori. Queste sono quasi sempre le opzioni abitative pi\u00f9 economiche.<\/p>\n<p>Infine, per coloro che intendono soggiornare negli Stati Uniti per pi\u00f9 di 3 mesi con l&#8217;aiuto di un visto, si consiglia di trovare un alloggio attraverso gli annunci che si trovano spesso sui giornali locali. Si consiglia anche un sito come craiglist, molto conosciuto negli Stati Uniti. \u00c8 possibile trovare un compagno di stanza e condividere un appartamento.<\/p>\n","protected":false},"excerpt":{"rendered":"<p>Gli americani sono noti per il loro grande senso dell&#8217;ospitalit\u00e0. Tuttavia, quando si visita gli Stati Uniti con l&#8217;ESTA, \u00e8 necessario trovare un alloggio. Il couchsurfing, una comunit\u00e0 che permette di soggiornare gratuitamente nelle case degli altri in cambio del proprio buon umore, \u00e8 un&#8217;opzione molto diffusa. Ci sono molti modi diversi per soggiornare negli [&hellip;]<\/p>\n","protected":false},"author":1,"featured_media":0,"parent":0,"menu_order":0,"comment_status":"closed","ping_status":"closed","template":"","meta":{"site-sidebar-layout":"default","site-content-layout":"default","ast-site-content-layout":"default","site-content-style":"default","site-sidebar-style":"default","ast-global-header-display":"","ast-banner-title-visibility":"","ast-main-header-display":"","ast-hfb-above-header-display":"","ast-hfb-below-header-display":"","ast-hfb-mobile-header-display":"","site-post-title":"","ast-breadcrumbs-content":"","ast-featured-img":"","footer-sml-layout":"","ast-disable-related-posts":"","theme-transparent-header-meta":"default","adv-header-id-meta":"","stick-header-meta":"default","header-above-stick-meta":"","header-main-stick-meta":"","header-below-stick-meta":"","astra-migrate-meta-layouts":"default","ast-page-background-enabled":"default","ast-page-background-meta":{"desktop":{"background-color":"","background-image":"","background-repeat":"repeat","background-position":"center center","background-size":"auto","background-attachment":"scroll","background-type":"","background-media":"","overlay-type":"","overlay-color":"","overlay-opacity":"","overlay-gradient":""},"tablet":{"background-color":"","background-image":"","background-repeat":"repeat","background-position":"center center","background-size":"auto","background-attachment":"scroll","background-type":"","background-media":"","overlay-type":"","overlay-color":"","overlay-opacity":"","overlay-gradient":""},"mobile":{"background-color":"","background-image":"","background-repeat":"repeat","background-position":"center center","background-size":"auto","background-attachment":"scroll","background-type":"","background-media":"","overlay-type":"","overlay-color":"","overlay-opacity":"","overlay-gradient":""}},"ast-content-background-meta":{"desktop":{"background-color":"var(--ast-global-color-5)","background-image":"","background-repeat":"repeat","background-position":"center center","background-size":"auto","background-attachment":"scroll","background-type":"","background-media":"","overlay-type":"","overlay-color":"","overlay-opacity":"","overlay-gradient":""},"tablet":{"background-color":"var(--ast-global-color-5)","background-image":"","background-repeat":"repeat","background-position":"center center","background-size":"auto","background-attachment":"scroll","background-type":"","background-media":"","overlay-type":"","overlay-color":"","overlay-opacity":"","overlay-gradient":""},"mobile":{"background-color":"var(--ast-global-color-5)","background-image":"","background-repeat":"repeat","background-position":"center center","background-size":"auto","background-attachment":"scroll","background-type":"","background-media":"","overlay-type":"","overlay-color":"","overlay-opacity":"","overlay-gradient":""}},"footnotes":""},"class_list":["post-2262","page","type-page","status-publish","hentry"],"yoast_head":"<!-- This site is optimized with the Yoast SEO plugin v27.1.1 - https:\/\/yoast.com\/product\/yoast-seo-wordpress\/ -->\n<title>I nostri consigli per trovare il miglior hotel negli USA<\/title>\n<meta name=\"description\" content=\"Gli Stati Uniti sono pieni di possibilit\u00e0 di alloggio: dalle pensioni agli hotel di lusso, ai motel tradizionali... La scelta \u00e8 vostra!\" \/>\n<meta name=\"robots\" content=\"index, follow, max-snippet:-1, max-image-preview:large, max-video-preview:-1\" \/>\n<link rel=\"canonical\" href=\"https:\/\/123-esta.com\/it\/quale-hotel-scegliere-negli-usa\/\" \/>\n<meta property=\"og:locale\" content=\"it_IT\" \/>\n<meta property=\"og:type\" content=\"article\" \/>\n<meta property=\"og:title\" content=\"I nostri consigli per trovare il miglior hotel negli USA\" \/>\n<meta property=\"og:description\" content=\"Gli Stati Uniti sono pieni di possibilit\u00e0 di alloggio: dalle pensioni agli hotel di lusso, ai motel tradizionali... La scelta \u00e8 vostra!\" \/>\n<meta property=\"og:url\" content=\"https:\/\/123-esta.com\/it\/quale-hotel-scegliere-negli-usa\/\" \/>\n<meta property=\"og:site_name\" content=\"Formulaire ESTA pour les USA\" \/>\n<meta property=\"article:modified_time\" content=\"2022-08-23T20:30:19+00:00\" \/>\n<meta name=\"twitter:card\" content=\"summary_large_image\" \/>\n<meta name=\"twitter:label1\" content=\"Tempo di lettura stimato\" \/>\n\t<meta name=\"twitter:data1\" content=\"2 minuti\" \/>\n<script type=\"application\/ld+json\" class=\"yoast-schema-graph\">{\"@context\":\"https:\/\/schema.org\",\"@graph\":[{\"@type\":\"WebPage\",\"@id\":\"https:\/\/123-esta.com\/it\/quale-hotel-scegliere-negli-usa\/\",\"url\":\"https:\/\/123-esta.com\/it\/quale-hotel-scegliere-negli-usa\/\",\"name\":\"I nostri consigli per trovare il miglior hotel negli USA\",\"isPartOf\":{\"@id\":\"https:\/\/123-esta.com\/it\/#website\"},\"datePublished\":\"2022-07-27T19:34:13+00:00\",\"dateModified\":\"2022-08-23T20:30:19+00:00\",\"description\":\"Gli Stati Uniti sono pieni di possibilit\u00e0 di alloggio: dalle pensioni agli hotel di lusso, ai motel tradizionali... La scelta \u00e8 vostra!\",\"inLanguage\":\"it-IT\",\"potentialAction\":[{\"@type\":\"ReadAction\",\"target\":[\"https:\/\/123-esta.com\/it\/quale-hotel-scegliere-negli-usa\/\"]}]},{\"@type\":\"WebSite\",\"@id\":\"https:\/\/123-esta.com\/it\/#website\",\"url\":\"https:\/\/123-esta.com\/it\/\",\"name\":\"Formulaire ESTA pour les USA\",\"description\":\"\",\"publisher\":{\"@id\":\"https:\/\/123-esta.com\/it\/#organization\"},\"potentialAction\":[{\"@type\":\"SearchAction\",\"target\":{\"@type\":\"EntryPoint\",\"urlTemplate\":\"https:\/\/123-esta.com\/it\/?s={search_term_string}\"},\"query-input\":{\"@type\":\"PropertyValueSpecification\",\"valueRequired\":true,\"valueName\":\"search_term_string\"}}],\"inLanguage\":\"it-IT\"},{\"@type\":\"Organization\",\"@id\":\"https:\/\/123-esta.com\/it\/#organization\",\"name\":\"Formulaire ESTA pour les USA\",\"url\":\"https:\/\/123-esta.com\/it\/\",\"logo\":{\"@type\":\"ImageObject\",\"inLanguage\":\"it-IT\",\"@id\":\"https:\/\/123-esta.com\/it\/#\/schema\/logo\/image\/\",\"url\":\"https:\/\/123-esta.com\/wp-content\/uploads\/2018\/03\/logo-123-esta.png\",\"contentUrl\":\"https:\/\/123-esta.com\/wp-content\/uploads\/2018\/03\/logo-123-esta.png\",\"width\":191,\"height\":54,\"caption\":\"Formulaire ESTA pour les USA\"},\"image\":{\"@id\":\"https:\/\/123-esta.com\/it\/#\/schema\/logo\/image\/\"}}]}<\/script>\n<!-- \/ Yoast SEO plugin. -->","yoast_head_json":{"title":"I nostri consigli per trovare il miglior hotel negli USA","description":"Gli Stati Uniti sono pieni di possibilit\u00e0 di alloggio: dalle pensioni agli hotel di lusso, ai motel tradizionali... La scelta \u00e8 vostra!","robots":{"index":"index","follow":"follow","max-snippet":"max-snippet:-1","max-image-preview":"max-image-preview:large","max-video-preview":"max-video-preview:-1"},"canonical":"https:\/\/123-esta.com\/it\/quale-hotel-scegliere-negli-usa\/","og_locale":"it_IT","og_type":"article","og_title":"I nostri consigli per trovare il miglior hotel negli USA","og_description":"Gli Stati Uniti sono pieni di possibilit\u00e0 di alloggio: dalle pensioni agli hotel di lusso, ai motel tradizionali... La scelta \u00e8 vostra!","og_url":"https:\/\/123-esta.com\/it\/quale-hotel-scegliere-negli-usa\/","og_site_name":"Formulaire ESTA pour les USA","article_modified_time":"2022-08-23T20:30:19+00:00","twitter_card":"summary_large_image","twitter_misc":{"Tempo di lettura stimato":"2 minuti"},"schema":{"@context":"https:\/\/schema.org","@graph":[{"@type":"WebPage","@id":"https:\/\/123-esta.com\/it\/quale-hotel-scegliere-negli-usa\/","url":"https:\/\/123-esta.com\/it\/quale-hotel-scegliere-negli-usa\/","name":"I nostri consigli per trovare il miglior hotel negli USA","isPartOf":{"@id":"https:\/\/123-esta.com\/it\/#website"},"datePublished":"2022-07-27T19:34:13+00:00","dateModified":"2022-08-23T20:30:19+00:00","description":"Gli Stati Uniti sono pieni di possibilit\u00e0 di alloggio: dalle pensioni agli hotel di lusso, ai motel tradizionali... La scelta \u00e8 vostra!","inLanguage":"it-IT","potentialAction":[{"@type":"ReadAction","target":["https:\/\/123-esta.com\/it\/quale-hotel-scegliere-negli-usa\/"]}]},{"@type":"WebSite","@id":"https:\/\/123-esta.com\/it\/#website","url":"https:\/\/123-esta.com\/it\/","name":"Formulaire ESTA pour les USA","description":"","publisher":{"@id":"https:\/\/123-esta.com\/it\/#organization"},"potentialAction":[{"@type":"SearchAction","target":{"@type":"EntryPoint","urlTemplate":"https:\/\/123-esta.com\/it\/?s={search_term_string}"},"query-input":{"@type":"PropertyValueSpecification","valueRequired":true,"valueName":"search_term_string"}}],"inLanguage":"it-IT"},{"@type":"Organization","@id":"https:\/\/123-esta.com\/it\/#organization","name":"Formulaire ESTA pour les USA","url":"https:\/\/123-esta.com\/it\/","logo":{"@type":"ImageObject","inLanguage":"it-IT","@id":"https:\/\/123-esta.com\/it\/#\/schema\/logo\/image\/","url":"https:\/\/123-esta.com\/wp-content\/uploads\/2018\/03\/logo-123-esta.png","contentUrl":"https:\/\/123-esta.com\/wp-content\/uploads\/2018\/03\/logo-123-esta.png","width":191,"height":54,"caption":"Formulaire ESTA pour les USA"},"image":{"@id":"https:\/\/123-esta.com\/it\/#\/schema\/logo\/image\/"}}]}},"_links":{"self":[{"href":"https:\/\/123-esta.com\/it\/wp-json\/wp\/v2\/pages\/2262","targetHints":{"allow":["GET"]}}],"collection":[{"href":"https:\/\/123-esta.com\/it\/wp-json\/wp\/v2\/pages"}],"about":[{"href":"https:\/\/123-esta.com\/it\/wp-json\/wp\/v2\/types\/page"}],"author":[{"embeddable":true,"href":"https:\/\/123-esta.com\/it\/wp-json\/wp\/v2\/users\/1"}],"replies":[{"embeddable":true,"href":"https:\/\/123-esta.com\/it\/wp-json\/wp\/v2\/comments?post=2262"}],"version-history":[{"count":0,"href":"https:\/\/123-esta.com\/it\/wp-json\/wp\/v2\/pages\/2262\/revisions"}],"wp:attachment":[{"href":"https:\/\/123-esta.com\/it\/wp-json\/wp\/v2\/media?parent=2262"}],"curies":[{"name":"wp","href":"https:\/\/api.w.org\/{rel}","templated":true}]}}