{"id":2250,"date":"2022-07-27T21:33:32","date_gmt":"2022-07-27T19:33:32","guid":{"rendered":"https:\/\/123-esta.com\/presentazione-di-lesta-canada\/"},"modified":"2022-10-11T16:41:04","modified_gmt":"2022-10-11T14:41:04","slug":"presentazione-di-esta-canada","status":"publish","type":"page","link":"https:\/\/123-esta.com\/it\/presentazione-di-esta-canada\/","title":{"rendered":"Introduzione all&#8217;ESTA Canada"},"content":{"rendered":"\n<p><span style=\"font-weight: 400;\">Modellata sull&#8217;<a href=\"https:\/\/123-esta.com\/it\/\">ESTA<\/a> per i viaggi negli Stati Uniti, l&#8217;ESTA Canada \u00e8 un&#8217;autorizzazione elettronica che consente a determinati viaggiatori di soggiornare o transitare in Canada. Questo permesso \u00e8 stato introdotto nel 2016 e serve a rafforzare le misure di sicurezza del Paese e quelle dei viaggiatori. Scoprite questo documento che vi permette di viaggiare facilmente nella terra dei carib\u00f9 e di scoprire le bellissime citt\u00e0 e province di Vancouver, Ontario, Toronto, Quebec, Nuova Scozia, ecc. Tra l&#8217;estate indiana, l&#8217;immensit\u00e0 del paesaggio, lo sciroppo d&#8217;acero e l&#8217;aurora boreale, questo Paese vi lascer\u00e0 ricordi indimenticabili. Destinazione Canada!<\/span><\/p>\n\n<h2 class=\"wp-block-heading\">Restrizioni all&#8217;ingresso in Canada a causa di COVID-19<\/h2>\n\n<p>La crisi sanitaria iniziata nel 2020 con la comparsa del COVID 19 ha portato alla chiusura delle frontiere di tutti i Paesi del mondo. Come gli Stati Uniti, il Canada ha chiuso il Paese ai viaggiatori stranieri dal marzo 2020. Il Canada ha deciso di riaprire il suo territorio agli stranieri a partire dal 30 novembre 2021. I criteri di ingresso in Canada per gli stranieri sono stati inaspriti e ora \u00e8 necessario essere completamente vaccinati contro la COVID-19 per entrare in Canada.<\/p>\n\n<h2 class=\"wp-block-heading\"><span style=\"font-weight: 400;\">Cosa c&#8217;\u00e8 da sapere sul <\/span><span style=\"font-weight: 400;\">ESTA Canada<\/span><\/h2>\n\n<p><span style=\"font-weight: 400;\">ESTA Canada non \u00e8 il nome ufficiale dell&#8217;autorizzazione di viaggio canadese. Il suo nome \u00e8 <a href=\"https:\/\/ave-eta-canada.com\/it\/\">eTA Canada<\/a> per Electronic Travel Authorization. Permette ai viaggiatori di soggiornare in Canada senza dover prima richiedere un visto canadese.<\/span><\/p>\n\n<h3 class=\"wp-block-heading\"><span style=\"font-weight: 400;\">Chi pu\u00f2 beneficiare dell&#8217;esenzione dal visto canadese?<\/span><\/h3>\n\n<p><span style=\"font-weight: 400;\">L&#8217;esenzione dal visto per il Canada non \u00e8 disponibile per tutti i viaggiatori. Per richiedere un&#8217;autorizzazione \u00e8 necessario soddisfare diverse condizioni.<\/span><\/p>\n\n<p><span style=\"font-weight: 400;\">Innanzitutto, \u00e8 obbligatorio essere cittadini di uno dei Paesi membri di questo schema: Andorra, Australia, Austria, Bahamas, Barbados, Belgio, Brasile, Brunei Darussalam, Bulgaria, Cile, Croazia, Cipro, Danimarca, Estonia, Finlandia, Francia, Germania, Grecia, Ungheria, Hong Kong, Islanda, Irlanda, Israele, Italia, Isole Salomone, Spagna, Emirati Arabi Uniti, Giappone, Lettonia, Liechtenstein, Lituania, Lussemburgo, Malta, Messico, Monaco, Paesi Bassi, Nuova Zelanda, Norvegia, Papua Nuova Guinea, Polonia, Portogallo, Repubblica di Corea, Romania, Samoa, Isole Salomone, Singapore, Slovacchia, Slovenia, Spagna, Svezia, Svizzera, Taiwan e Vaticano.<\/span><\/p>\n\n<p><span style=\"font-weight: 400;\">Come si pu\u00f2 notare, i cittadini italiano sono esenti dall&#8217;obbligo del visto turistico e possono quindi richiedere l&#8217;ESTA Canada. <\/span><\/p>\n\n<p><span style=\"font-weight: 400;\">La seconda condizione imposta \u00e8 la modalit\u00e0 di trasporto: solo i viaggi in Canada in aereo sono coperti dall&#8217;autorizzazione di viaggio canadese.  <\/span><\/p>\n\n<p><span style=\"font-weight: 400;\">La terza condizione si riferisce al motivo del soggiorno in Canada. Il viaggiatore non deve avere l&#8217;intenzione di stabilirsi o lavorare in Canada. Per entrare in Canada con un eTA, \u00e8 necessario voler soggiornare temporaneamente.<\/span><\/p>\n\n<p><span style=\"font-weight: 400;\">Naturalmente \u00e8 necessario un passaporto valido, sia esso un passaporto elettronico o biometrico.<\/span><\/p>\n\n<h3 class=\"wp-block-heading\"><span style=\"font-weight: 400;\">Quanto costa l&#8217;ESTA Canada?<\/span><\/h3>\n\n<p><span style=\"font-weight: 400;\">L&#8217;ESTA canadese \u00e8 pi\u00f9 economico di quello statunitense. Il costo \u00e8 di 7 CAD (dollari canadesi) per una domanda presentata sul sito web del governo canadese e un po&#8217; di pi\u00f9 se desiderate essere assistiti nella vostra domanda, vale a dire incaricando un fornitore privato di fare la domanda per voi. Vedremo le diverse piattaforme di controllo pi\u00f9 avanti in questo testo.<\/span><\/p>\n\n<h3 class=\"wp-block-heading\"><span style=\"font-weight: 400;\">Per quanto tempo si pu\u00f2 viaggiare in Canada con un eTA?<\/span><\/h3>\n\n<p><span style=\"font-weight: 400;\">La durata del soggiorno in territorio canadese con un&#8217;autorizzazione AVE non \u00e8 identica a quella di un ESTA per un soggiorno negli Stati Uniti: \u00e8 di 6 mesi consecutivi per un AVE Canada contro i 90 giorni dell&#8217;ESTA.<\/span><\/p>\n\n<h3 class=\"wp-block-heading\"><span style=\"font-weight: 400;\">Per quanto tempo \u00e8 valida l&#8217;autorizzazione al viaggio?<\/span><\/h3>\n\n<p><span style=\"font-weight: 400;\">Anche il periodo di validit\u00e0 dell&#8217;AVE \u00e8 pi\u00f9 lungo di quello dell&#8217;ESTA USA. \u00c8 valido per 5 anni dalla data di ricezione dell&#8217;accordo da parte delle autorit\u00e0 canadesi. \u00c8 quindi possibile effettuare pi\u00f9 soggiorni in Canada senza dover richiedere un nuovo ESTA Canada.  <\/span><\/p>\n\n<p><span style=\"font-weight: 400;\">Se avete perso il passaporto o se \u00e8 scaduto, dovete rinnovare la domanda ESTA Canada con il nuovo passaporto prima di ripartire, poich\u00e9 l&#8217;autorizzazione e il passaporto vanno di pari passo.<\/span><\/p>\n\n<h2 class=\"wp-block-heading\"><span style=\"font-weight: 400;\">Come ottenere un <\/span><span style=\"font-weight: 400;\"> eTA <\/span><span style=\"font-weight: 400;\">per un viaggio in Canada?<\/span><\/h2>\n\n<p><span style=\"font-weight: 400;\">Se si soddisfano i criteri di ammissibilit\u00e0 per la domanda AVE, \u00e8 giunto il momento di spiegare come ottenerla al pi\u00f9 presto per poter scoprire il Canada.  <\/span><\/p>\n\n<p><span style=\"font-weight: 400;\">Non \u00e8 necessario recarsi all&#8217;ambasciata canadese o contattare le autorit\u00e0 consolari. Tutto ci\u00f2 che dovete fare \u00e8 fare domanda online tramite un modulo ESTA Canada. Per compilare il modulo \u00e8 necessario fornire i propri dati personali e quelli degli altri viaggiatori che vi accompagnano. \u00c8 necessario portare con s\u00e9 anche il passaporto elettronico o biometrico e una carta di pagamento.<\/span><\/p>\n\n<h3 class=\"wp-block-heading\"><span style=\"font-weight: 400;\">Ottenere un eTA sul sito ufficiale del governo canadese<\/span><\/h3>\n\n<p><span style=\"font-weight: 400;\">Potete anche utilizzare il sito ufficiale del Governo del Canada. Su questo sito non avrete accesso all&#8217;assistenza. Per ottenere l&#8217;autorizzazione ESTA Canada, \u00e8 sufficiente compilare il modulo online disponibile sul sito. Per convalidare la richiesta, \u00e8 necessario portare con s\u00e9 la carta di credito e pagare l&#8217;importo richiesto.<\/span><\/p>\n\n<h3 class=\"wp-block-heading\"><span style=\"font-weight: 400;\">Quanto tempo ci vuole per ricevere un&#8217;eTA?<\/span><\/h3>\n\n<p><span style=\"font-weight: 400;\">Sia che si ordini dal sito del governo canadese o da un sito specializzato, si riceve l&#8217;approvazione delle autorit\u00e0 entro pochi giorni. Assicuratevi di fornire l&#8217;indirizzo e-mail corretto, poich\u00e9 la risposta vi sar\u00e0 inviata via e-mail. La prima e-mail \u00e8 la conferma di ricezione, la seconda \u00e8 la risposta alla domanda eTA.<\/span><\/p>\n\n<h3 class=\"wp-block-heading\"><span style=\"font-weight: 400;\">Cosa fare se l&#8217;ESTA Canada viene rifiutato?<\/span><\/h3>\n\n<p><span style=\"font-weight: 400;\">Il rifiuto di un ESTA Canada da parte di Immigration Canada rimane una situazione rara ma non impossibile. Se si nota un problema nel modulo, \u00e8 possibile contattare le autorit\u00e0 canadesi il prima possibile tramite un modulo per correggere il refuso. Se la modifica non \u00e8 pi\u00f9 possibile, \u00e8 possibile presentare una nuova domanda.<\/span><\/p>\n\n<p><span style=\"font-weight: 400;\">Dopo un rifiuto definitivo, \u00e8 ancora necessario richiedere un visto presso l&#8217;ambasciata o il consolato canadese. Per recarsi in Canada, esistono diversi visti che consentono di studiare all&#8217;estero, vivere in Canada o visitare il Canada per turismo. Per ulteriori informazioni, rivolgersi all&#8217;Ambasciata canadese. Se avete un&#8217;et\u00e0 compresa tra i 18 e i 35 anni, prendete in considerazione il WHP (Working Holiday Permit), un permesso di lavoro che vi consente di guadagnarvi da vivere mentre <a href=\"https:\/\/123-esta.com\/it\/viaggiare-in-canada-dagli-stati-uniti\/\">siete in Canada<\/a>.<\/span><\/p>\n\n<p><span style=\"font-weight: 400;\">In ogni caso, le citt\u00e0 del Canada vi affascineranno. Vi auguriamo un buon viaggio!<\/span><\/p>\n\n<p><span style=\"font-weight: 400;\"><strong>Buono a sapersi<\/strong>: se volete approfittare dell&#8217;opportunit\u00e0 di viaggiare negli Stati Uniti in aereo, non dimenticate di richiedere l&#8217;ESTA online, non presso l&#8217;ambasciata americana. Per recarsi negli Stati Uniti d&#8217;America \u00e8 necessario un passaporto valido, un viaggio di lavoro o di piacere e una permanenza negli Stati Uniti non superiore a 90 giorni.<\/span><\/p>\n","protected":false},"excerpt":{"rendered":"<p>Modellata sull&#8217;ESTA per i viaggi negli Stati Uniti, l&#8217;ESTA Canada \u00e8 un&#8217;autorizzazione elettronica che consente a determinati viaggiatori di soggiornare o transitare in Canada. Questo permesso \u00e8 stato introdotto nel 2016 e serve a rafforzare le misure di sicurezza del Paese e quelle dei viaggiatori. Scoprite questo documento che vi permette di viaggiare facilmente nella [&hellip;]<\/p>\n","protected":false},"author":1,"featured_media":0,"parent":0,"menu_order":0,"comment_status":"closed","ping_status":"closed","template":"","meta":{"site-sidebar-layout":"default","site-content-layout":"default","ast-site-content-layout":"default","site-content-style":"default","site-sidebar-style":"default","ast-global-header-display":"","ast-banner-title-visibility":"","ast-main-header-display":"","ast-hfb-above-header-display":"","ast-hfb-below-header-display":"","ast-hfb-mobile-header-display":"","site-post-title":"","ast-breadcrumbs-content":"","ast-featured-img":"","footer-sml-layout":"","ast-disable-related-posts":"","theme-transparent-header-meta":"default","adv-header-id-meta":"","stick-header-meta":"default","header-above-stick-meta":"","header-main-stick-meta":"","header-below-stick-meta":"","astra-migrate-meta-layouts":"default","ast-page-background-enabled":"default","ast-page-background-meta":{"desktop":{"background-color":"","background-image":"","background-repeat":"repeat","background-position":"center center","background-size":"auto","background-attachment":"scroll","background-type":"","background-media":"","overlay-type":"","overlay-color":"","overlay-opacity":"","overlay-gradient":""},"tablet":{"background-color":"","background-image":"","background-repeat":"repeat","background-position":"center center","background-size":"auto","background-attachment":"scroll","background-type":"","background-media":"","overlay-type":"","overlay-color":"","overlay-opacity":"","overlay-gradient":""},"mobile":{"background-color":"","background-image":"","background-repeat":"repeat","background-position":"center center","background-size":"auto","background-attachment":"scroll","background-type":"","background-media":"","overlay-type":"","overlay-color":"","overlay-opacity":"","overlay-gradient":""}},"ast-content-background-meta":{"desktop":{"background-color":"var(--ast-global-color-5)","background-image":"","background-repeat":"repeat","background-position":"center center","background-size":"auto","background-attachment":"scroll","background-type":"","background-media":"","overlay-type":"","overlay-color":"","overlay-opacity":"","overlay-gradient":""},"tablet":{"background-color":"var(--ast-global-color-5)","background-image":"","background-repeat":"repeat","background-position":"center center","background-size":"auto","background-attachment":"scroll","background-type":"","background-media":"","overlay-type":"","overlay-color":"","overlay-opacity":"","overlay-gradient":""},"mobile":{"background-color":"var(--ast-global-color-5)","background-image":"","background-repeat":"repeat","background-position":"center center","background-size":"auto","background-attachment":"scroll","background-type":"","background-media":"","overlay-type":"","overlay-color":"","overlay-opacity":"","overlay-gradient":""}},"footnotes":""},"class_list":["post-2250","page","type-page","status-publish","hentry"],"yoast_head":"<!-- This site is optimized with the Yoast SEO plugin v27.1.1 - https:\/\/yoast.com\/product\/yoast-seo-wordpress\/ -->\n<title>ESTA Canada: cos&#039;\u00e8 esattamente?<\/title>\n<meta name=\"description\" content=\"State pensando di andare in Canada ma non sapete quali sono le formalit\u00e0 da seguire? Vi presentiamo l&#039;eTA, che \u00e8 una sorta di ESTA per il Canada.\" \/>\n<meta name=\"robots\" content=\"index, follow, max-snippet:-1, max-image-preview:large, max-video-preview:-1\" \/>\n<link rel=\"canonical\" href=\"https:\/\/123-esta.com\/it\/presentazione-di-esta-canada\/\" \/>\n<meta property=\"og:locale\" content=\"it_IT\" \/>\n<meta property=\"og:type\" content=\"article\" \/>\n<meta property=\"og:title\" content=\"ESTA Canada: cos&#039;\u00e8 esattamente?\" \/>\n<meta property=\"og:description\" content=\"State pensando di andare in Canada ma non sapete quali sono le formalit\u00e0 da seguire? Vi presentiamo l&#039;eTA, che \u00e8 una sorta di ESTA per il Canada.\" \/>\n<meta property=\"og:url\" content=\"https:\/\/123-esta.com\/it\/presentazione-di-esta-canada\/\" \/>\n<meta property=\"og:site_name\" content=\"Formulaire ESTA pour les USA\" \/>\n<meta property=\"article:modified_time\" content=\"2022-10-11T14:41:04+00:00\" \/>\n<meta name=\"twitter:card\" content=\"summary_large_image\" \/>\n<meta name=\"twitter:label1\" content=\"Tempo di lettura stimato\" \/>\n\t<meta name=\"twitter:data1\" content=\"5 minuti\" \/>\n<script type=\"application\/ld+json\" class=\"yoast-schema-graph\">{\"@context\":\"https:\/\/schema.org\",\"@graph\":[{\"@type\":\"WebPage\",\"@id\":\"https:\/\/123-esta.com\/it\/presentazione-di-esta-canada\/\",\"url\":\"https:\/\/123-esta.com\/it\/presentazione-di-esta-canada\/\",\"name\":\"ESTA Canada: cos'\u00e8 esattamente?\",\"isPartOf\":{\"@id\":\"https:\/\/123-esta.com\/it\/#website\"},\"datePublished\":\"2022-07-27T19:33:32+00:00\",\"dateModified\":\"2022-10-11T14:41:04+00:00\",\"description\":\"State pensando di andare in Canada ma non sapete quali sono le formalit\u00e0 da seguire? Vi presentiamo l'eTA, che \u00e8 una sorta di ESTA per il Canada.\",\"inLanguage\":\"it-IT\",\"potentialAction\":[{\"@type\":\"ReadAction\",\"target\":[\"https:\/\/123-esta.com\/it\/presentazione-di-esta-canada\/\"]}]},{\"@type\":\"WebSite\",\"@id\":\"https:\/\/123-esta.com\/it\/#website\",\"url\":\"https:\/\/123-esta.com\/it\/\",\"name\":\"Formulaire ESTA pour les USA\",\"description\":\"\",\"publisher\":{\"@id\":\"https:\/\/123-esta.com\/it\/#organization\"},\"potentialAction\":[{\"@type\":\"SearchAction\",\"target\":{\"@type\":\"EntryPoint\",\"urlTemplate\":\"https:\/\/123-esta.com\/it\/?s={search_term_string}\"},\"query-input\":{\"@type\":\"PropertyValueSpecification\",\"valueRequired\":true,\"valueName\":\"search_term_string\"}}],\"inLanguage\":\"it-IT\"},{\"@type\":\"Organization\",\"@id\":\"https:\/\/123-esta.com\/it\/#organization\",\"name\":\"Formulaire ESTA pour les USA\",\"url\":\"https:\/\/123-esta.com\/it\/\",\"logo\":{\"@type\":\"ImageObject\",\"inLanguage\":\"it-IT\",\"@id\":\"https:\/\/123-esta.com\/it\/#\/schema\/logo\/image\/\",\"url\":\"https:\/\/123-esta.com\/wp-content\/uploads\/2018\/03\/logo-123-esta.png\",\"contentUrl\":\"https:\/\/123-esta.com\/wp-content\/uploads\/2018\/03\/logo-123-esta.png\",\"width\":191,\"height\":54,\"caption\":\"Formulaire ESTA pour les USA\"},\"image\":{\"@id\":\"https:\/\/123-esta.com\/it\/#\/schema\/logo\/image\/\"}}]}<\/script>\n<!-- \/ Yoast SEO plugin. -->","yoast_head_json":{"title":"ESTA Canada: cos'\u00e8 esattamente?","description":"State pensando di andare in Canada ma non sapete quali sono le formalit\u00e0 da seguire? Vi presentiamo l'eTA, che \u00e8 una sorta di ESTA per il Canada.","robots":{"index":"index","follow":"follow","max-snippet":"max-snippet:-1","max-image-preview":"max-image-preview:large","max-video-preview":"max-video-preview:-1"},"canonical":"https:\/\/123-esta.com\/it\/presentazione-di-esta-canada\/","og_locale":"it_IT","og_type":"article","og_title":"ESTA Canada: cos'\u00e8 esattamente?","og_description":"State pensando di andare in Canada ma non sapete quali sono le formalit\u00e0 da seguire? Vi presentiamo l'eTA, che \u00e8 una sorta di ESTA per il Canada.","og_url":"https:\/\/123-esta.com\/it\/presentazione-di-esta-canada\/","og_site_name":"Formulaire ESTA pour les USA","article_modified_time":"2022-10-11T14:41:04+00:00","twitter_card":"summary_large_image","twitter_misc":{"Tempo di lettura stimato":"5 minuti"},"schema":{"@context":"https:\/\/schema.org","@graph":[{"@type":"WebPage","@id":"https:\/\/123-esta.com\/it\/presentazione-di-esta-canada\/","url":"https:\/\/123-esta.com\/it\/presentazione-di-esta-canada\/","name":"ESTA Canada: cos'\u00e8 esattamente?","isPartOf":{"@id":"https:\/\/123-esta.com\/it\/#website"},"datePublished":"2022-07-27T19:33:32+00:00","dateModified":"2022-10-11T14:41:04+00:00","description":"State pensando di andare in Canada ma non sapete quali sono le formalit\u00e0 da seguire? Vi presentiamo l'eTA, che \u00e8 una sorta di ESTA per il Canada.","inLanguage":"it-IT","potentialAction":[{"@type":"ReadAction","target":["https:\/\/123-esta.com\/it\/presentazione-di-esta-canada\/"]}]},{"@type":"WebSite","@id":"https:\/\/123-esta.com\/it\/#website","url":"https:\/\/123-esta.com\/it\/","name":"Formulaire ESTA pour les USA","description":"","publisher":{"@id":"https:\/\/123-esta.com\/it\/#organization"},"potentialAction":[{"@type":"SearchAction","target":{"@type":"EntryPoint","urlTemplate":"https:\/\/123-esta.com\/it\/?s={search_term_string}"},"query-input":{"@type":"PropertyValueSpecification","valueRequired":true,"valueName":"search_term_string"}}],"inLanguage":"it-IT"},{"@type":"Organization","@id":"https:\/\/123-esta.com\/it\/#organization","name":"Formulaire ESTA pour les USA","url":"https:\/\/123-esta.com\/it\/","logo":{"@type":"ImageObject","inLanguage":"it-IT","@id":"https:\/\/123-esta.com\/it\/#\/schema\/logo\/image\/","url":"https:\/\/123-esta.com\/wp-content\/uploads\/2018\/03\/logo-123-esta.png","contentUrl":"https:\/\/123-esta.com\/wp-content\/uploads\/2018\/03\/logo-123-esta.png","width":191,"height":54,"caption":"Formulaire ESTA pour les USA"},"image":{"@id":"https:\/\/123-esta.com\/it\/#\/schema\/logo\/image\/"}}]}},"_links":{"self":[{"href":"https:\/\/123-esta.com\/it\/wp-json\/wp\/v2\/pages\/2250","targetHints":{"allow":["GET"]}}],"collection":[{"href":"https:\/\/123-esta.com\/it\/wp-json\/wp\/v2\/pages"}],"about":[{"href":"https:\/\/123-esta.com\/it\/wp-json\/wp\/v2\/types\/page"}],"author":[{"embeddable":true,"href":"https:\/\/123-esta.com\/it\/wp-json\/wp\/v2\/users\/1"}],"replies":[{"embeddable":true,"href":"https:\/\/123-esta.com\/it\/wp-json\/wp\/v2\/comments?post=2250"}],"version-history":[{"count":0,"href":"https:\/\/123-esta.com\/it\/wp-json\/wp\/v2\/pages\/2250\/revisions"}],"wp:attachment":[{"href":"https:\/\/123-esta.com\/it\/wp-json\/wp\/v2\/media?parent=2250"}],"curies":[{"name":"wp","href":"https:\/\/api.w.org\/{rel}","templated":true}]}}