{"id":2243,"date":"2022-07-27T21:33:31","date_gmt":"2022-07-27T19:33:31","guid":{"rendered":"https:\/\/123-esta.com\/perche-fare-una-domanda-esta-per-noi\/"},"modified":"2022-09-01T22:54:30","modified_gmt":"2022-09-01T20:54:30","slug":"perche-applicare-esta-per-gli-usa","status":"publish","type":"page","link":"https:\/\/123-esta.com\/it\/perche-applicare-esta-per-gli-usa\/","title":{"rendered":"Perch\u00e9 richiedere l&#8217;ESTA per gli Stati Uniti?"},"content":{"rendered":"\n<p>Da gennaio 2009, la domanda ESTA \u00e8 obbligatoria per i viaggiatori che intendono visitare gli Stati Uniti per meno di 90 giorni. Tuttavia, l&#8217;<a href=\"https:\/\/123-esta.com\/it\/esta-ufficiale\/\">ESTA ufficiale<\/a> non \u00e8 disponibile per tutti, in quanto richiede il rispetto di diverse condizioni per essere ottenuto.<\/p>\n\n<p>In questo articolo discuteremo i diversi motivi e la necessit\u00e0 di presentare una domanda di autorizzazione al viaggio.<\/p>\n\n<h2 class=\"wp-block-heading\">Che cos&#8217;\u00e8 la domanda di autorizzazione al viaggio?<\/h2>\n\n<p>Il Dipartimento di Sicurezza Nazionale degli Stati Uniti ha implementato il <a href=\"https:\/\/123-esta.com\/it\/elenco-dei-paesi-visa-waiver-program\/\">Programma Viaggio senza Visto (Visa Waiver Program<\/a>, VWP) per vagliare le richieste di ingresso negli Stati Uniti e migliorare le misure di sicurezza. Il Visa Waiver Program (VWP) \u00e8 stato sottoscritto da 40 Paesi e consente ai cittadini dei Paesi aderenti al VWP di recarsi negli Stati Uniti utilizzando la domanda ESTA. Consultate la nostra pagina con l&#8217;<a href=\"https:\/\/123-esta.com\/it\/elenco-dei-paesi-visa-waiver-program\/\">elenco dei Paesi VWP<\/a>.<\/p>\n\n<p>Compilando la domanda ESTA, le autorit\u00e0 statunitensi saranno in grado di identificare pi\u00f9 facilmente i viaggiatori ad alto rischio, grazie alle informazioni sull&#8217;identit\u00e0 fornite dal richiedente. Per essere sicuri di ottenere la domanda ESTA, dovete assicurarvi di soddisfare tutti i criteri richiesti.<\/p>\n\n<p>Grazie al <a href=\"https:\/\/123-esta.com\/it\/forma-esta\/\">modulo online<\/a>, l&#8217;ESTA ufficiale pu\u00f2 essere richiesto rapidamente (a differenza del visto statunitense). Per fare <a href=\"https:\/\/123-esta.com\/it\/tutte-le-conoscenze-sulla-domanda-esta\/\">domanda online<\/a>, \u00e8 possibile visitare il sito web del governo statunitense o il sito web privato del nostro partner di servizi.<\/p>\n\n<p>Attenzione: non lasciate tutto all&#8217;ultimo minuto, anche se l&#8217;ESTA viene ottenuto per il 99% dei richiedenti, la vostra domanda pu\u00f2 richiedere pi\u00f9 tempo se le autorit\u00e0 americane lo richiedono.<\/p>\n\n<h2 class=\"wp-block-heading\">Devo richiedere l&#8217;ESTA?<\/h2>\n\n<p>Abbiamo citato il primo criterio: essere cittadini di uno dei Paesi interessati dal VWP.<\/p>\n\n<p>Tuttavia, questa non \u00e8 l&#8217;unica condizione per ottenere l&#8217;autorizzazione ESTA. Per darvi le migliori possibilit\u00e0, ecco i diversi punti da rispettare.<\/p>\n\n<h3 class=\"wp-block-heading\">Viaggiare per uno di questi 3 motivi<\/h3>\n\n<ul class=\"wp-block-list\"><li>Turista: volete visitare gli Stati Uniti per un viaggio in auto, un viaggio a New York o per un altro motivo di viaggio;<\/li><li>Transito: si passa negli Stati Uniti solo per uno scalo;<\/li><li>Professionale: formazione, riunioni, ecc. Il motivo aziendale non deve essere commerciale. Se volete avviare un&#8217;attivit\u00e0 commerciale, dovrete richiedere un visto per gli Stati Uniti.<\/li><\/ul>\n\n<h3 class=\"wp-block-heading\">Partenza per 90 giorni (o meno)<\/h3>\n\n<p>La richiesta di ESTA \u00e8 consentita per un soggiorno breve fino a 90 giorni (3 mesi). L&#8217;ESTA \u00e8 valido per 2 anni, ma non \u00e8 possibile viaggiare per pi\u00f9 di 90 giorni consecutivi.<\/p>\n\n<h3 class=\"wp-block-heading\">Aggiornate i vostri documenti<\/h3>\n\n<h4 class=\"wp-block-heading\">Passaporto biometrico o elettronico<\/h4>\n\n<p>Il <a href=\"https:\/\/123-esta.com\/it\/esta-usa-passaporto\/\">passaporto elettronico o biometrico<\/a> \u00e8 probabilmente il documento pi\u00f9 importante per la richiesta di autorizzazione al viaggio negli Stati Uniti: verr\u00e0 utilizzato per compilare il modulo ESTA, ma sar\u00e0 anche direttamente collegato al modulo ESTA grazie al numero di passaporto valido.<\/p>\n\n<p>In breve, le autorit\u00e0 richiedono un passaporto biometrico o elettronico per poter collegare digitalmente (con i loro sistemi elettronici) l&#8217;ESTA e il passaporto. Pertanto, quando la domanda ESTA viene approvata, non \u00e8 necessario stamparla, poich\u00e9 i funzionari doganali la leggeranno sul passaporto.<\/p>\n\n<h4 class=\"wp-block-heading\">Autorizzazione ESTA<\/h4>\n\n<p>Si ricorda che l&#8217;autorizzazione ESTA \u00e8 valida per 2 anni dal giorno in cui viene ricevuta. Se il passaporto scade durante i due anni, \u00e8 necessario rinnovarlo e richiedere un nuovo ESTA.<\/p>\n\n<h4 class=\"wp-block-heading\">Biglietti aerei<\/h4>\n\n<p>S\u00ec, sembra logico avere dei biglietti aerei, ma per gli Stati Uniti \u00e8 obbligatorio utilizzare una compagnia aerea o di spedizione riconosciuta dal Paese. Inoltre, non aspettate di essere l\u00ec per acquistare il biglietto di ritorno in Francia (o nel vostro Paese). Se all&#8217;arrivo l&#8217;agente di sicurezza osserva che non avete un biglietto di ritorno, pu\u00f2 negarvi l&#8217;accesso agli Stati Uniti ritenendo che il motivo del vostro viaggio sia l&#8217;immigrazione illegale negli Stati Uniti.<\/p>\n\n<p>Attenzione: anche con l&#8217;autorizzazione al viaggio ESTA (e un biglietto di ritorno), la dogana statunitense ha il diritto di rifiutare l&#8217;ingresso. L&#8217;ESTA \u00e8 un&#8217;autorizzazione a recarsi negli Stati Uniti (per via aerea o marittima), ma non \u00e8 un&#8217;autorizzazione a entrare nel Paese.<\/p>\n\n<h2 class=\"wp-block-heading\">O dal visto?<\/h2>\n\n<p>L&#8217;ESTA non \u00e8 un visto. I due documenti sono ben distinti l&#8217;uno dall&#8217;altro, in quanto l&#8217;ESTA consente ai viaggiatori di essere esentati da un visto per il loro soggiorno temporaneo. Esistono molti tipi di visto: per lavoro, per stage, per studio universitario, per l&#8217;apertura di un&#8217;attivit\u00e0 commerciale, ecc. Una domanda di visto \u00e8 notoriamente pi\u00f9 costosa e lunga di una <span style=\"font-weight: 400;\">domanda ESTA<\/span>.<\/p>\n\n<p>Le persone interessate all&#8217;ottenimento del visto sono quelle che hanno ricevuto :<\/p>\n\n<h3 class=\"wp-block-heading\">Un ESTA rifiutato<\/h3>\n\n<p>Dopo aver compilato il modulo online, la risposta alla vostra domanda richieder\u00e0 fino a 72 ore e potrete ottenere 3 diverse risposte: approvata, <a href=\"https:\/\/123-esta.com\/it\/cosa-fare-se-la-domanda-esta-e-in-attesa\/\">in attesa<\/a> o rifiutata. In quest&#8217;ultimo caso, le cause possono essere due: errori nella copiatura delle informazioni sulla vostra identit\u00e0 o il mancato rispetto dei criteri per ottenerle. Per evitare errori di copiatura, assicuratevi di avere il passaporto a disposizione o di utilizzare un fornitore di servizi privato.<\/p>\n\n<p>Se non soddisfate i criteri di richiesta ESTA, dovrete richiedere un visto presso i servizi consolari dell&#8217;ambasciata statunitense (o del consolato generale). \u00c8 inoltre possibile richiedere la Carta verde se si desidera diventare residenti permanenti. Come per il visto, \u00e8 necessario contattare l&#8217;ambasciata statunitense.<\/p>\n","protected":false},"excerpt":{"rendered":"<p>Da gennaio 2009, la domanda ESTA \u00e8 obbligatoria per i viaggiatori che intendono visitare gli Stati Uniti per meno di 90 giorni. Tuttavia, l&#8217;ESTA ufficiale non \u00e8 disponibile per tutti, in quanto richiede il rispetto di diverse condizioni per essere ottenuto. In questo articolo discuteremo i diversi motivi e la necessit\u00e0 di presentare una domanda [&hellip;]<\/p>\n","protected":false},"author":1,"featured_media":0,"parent":0,"menu_order":0,"comment_status":"closed","ping_status":"closed","template":"","meta":{"site-sidebar-layout":"default","site-content-layout":"default","ast-site-content-layout":"default","site-content-style":"default","site-sidebar-style":"default","ast-global-header-display":"","ast-banner-title-visibility":"","ast-main-header-display":"","ast-hfb-above-header-display":"","ast-hfb-below-header-display":"","ast-hfb-mobile-header-display":"","site-post-title":"","ast-breadcrumbs-content":"","ast-featured-img":"","footer-sml-layout":"","ast-disable-related-posts":"","theme-transparent-header-meta":"default","adv-header-id-meta":"","stick-header-meta":"default","header-above-stick-meta":"","header-main-stick-meta":"","header-below-stick-meta":"","astra-migrate-meta-layouts":"default","ast-page-background-enabled":"default","ast-page-background-meta":{"desktop":{"background-color":"","background-image":"","background-repeat":"repeat","background-position":"center center","background-size":"auto","background-attachment":"scroll","background-type":"","background-media":"","overlay-type":"","overlay-color":"","overlay-opacity":"","overlay-gradient":""},"tablet":{"background-color":"","background-image":"","background-repeat":"repeat","background-position":"center center","background-size":"auto","background-attachment":"scroll","background-type":"","background-media":"","overlay-type":"","overlay-color":"","overlay-opacity":"","overlay-gradient":""},"mobile":{"background-color":"","background-image":"","background-repeat":"repeat","background-position":"center center","background-size":"auto","background-attachment":"scroll","background-type":"","background-media":"","overlay-type":"","overlay-color":"","overlay-opacity":"","overlay-gradient":""}},"ast-content-background-meta":{"desktop":{"background-color":"var(--ast-global-color-5)","background-image":"","background-repeat":"repeat","background-position":"center center","background-size":"auto","background-attachment":"scroll","background-type":"","background-media":"","overlay-type":"","overlay-color":"","overlay-opacity":"","overlay-gradient":""},"tablet":{"background-color":"var(--ast-global-color-5)","background-image":"","background-repeat":"repeat","background-position":"center center","background-size":"auto","background-attachment":"scroll","background-type":"","background-media":"","overlay-type":"","overlay-color":"","overlay-opacity":"","overlay-gradient":""},"mobile":{"background-color":"var(--ast-global-color-5)","background-image":"","background-repeat":"repeat","background-position":"center center","background-size":"auto","background-attachment":"scroll","background-type":"","background-media":"","overlay-type":"","overlay-color":"","overlay-opacity":"","overlay-gradient":""}},"footnotes":""},"class_list":["post-2243","page","type-page","status-publish","hentry"],"yoast_head":"<!-- This site is optimized with the Yoast SEO plugin v27.1.1 - https:\/\/yoast.com\/product\/yoast-seo-wordpress\/ -->\n<title>Perch\u00e9 richiedere l&#039;ESTA per gli Stati Uniti?<\/title>\n<meta name=\"description\" content=\"La domanda ESTA \u00e8 un&#039;autorizzazione a viaggiare negli Stati Uniti. Tutte le risposte alle vostre domande sulla richiesta di un permesso.\" \/>\n<meta name=\"robots\" content=\"index, follow, max-snippet:-1, max-image-preview:large, max-video-preview:-1\" \/>\n<link rel=\"canonical\" href=\"https:\/\/123-esta.com\/it\/perche-applicare-esta-per-gli-usa\/\" \/>\n<meta property=\"og:locale\" content=\"it_IT\" \/>\n<meta property=\"og:type\" content=\"article\" \/>\n<meta property=\"og:title\" content=\"Perch\u00e9 richiedere l&#039;ESTA per gli Stati Uniti?\" \/>\n<meta property=\"og:description\" content=\"La domanda ESTA \u00e8 un&#039;autorizzazione a viaggiare negli Stati Uniti. Tutte le risposte alle vostre domande sulla richiesta di un permesso.\" \/>\n<meta property=\"og:url\" content=\"https:\/\/123-esta.com\/it\/perche-applicare-esta-per-gli-usa\/\" \/>\n<meta property=\"og:site_name\" content=\"Formulaire ESTA pour les USA\" \/>\n<meta property=\"article:modified_time\" content=\"2022-09-01T20:54:30+00:00\" \/>\n<meta name=\"twitter:card\" content=\"summary_large_image\" \/>\n<meta name=\"twitter:label1\" content=\"Tempo di lettura stimato\" \/>\n\t<meta name=\"twitter:data1\" content=\"4 minuti\" \/>\n<script type=\"application\/ld+json\" class=\"yoast-schema-graph\">{\"@context\":\"https:\/\/schema.org\",\"@graph\":[{\"@type\":\"WebPage\",\"@id\":\"https:\/\/123-esta.com\/it\/perche-applicare-esta-per-gli-usa\/\",\"url\":\"https:\/\/123-esta.com\/it\/perche-applicare-esta-per-gli-usa\/\",\"name\":\"Perch\u00e9 richiedere l'ESTA per gli Stati Uniti?\",\"isPartOf\":{\"@id\":\"https:\/\/123-esta.com\/it\/#website\"},\"datePublished\":\"2022-07-27T19:33:31+00:00\",\"dateModified\":\"2022-09-01T20:54:30+00:00\",\"description\":\"La domanda ESTA \u00e8 un'autorizzazione a viaggiare negli Stati Uniti. Tutte le risposte alle vostre domande sulla richiesta di un permesso.\",\"inLanguage\":\"it-IT\",\"potentialAction\":[{\"@type\":\"ReadAction\",\"target\":[\"https:\/\/123-esta.com\/it\/perche-applicare-esta-per-gli-usa\/\"]}]},{\"@type\":\"WebSite\",\"@id\":\"https:\/\/123-esta.com\/it\/#website\",\"url\":\"https:\/\/123-esta.com\/it\/\",\"name\":\"Formulaire ESTA pour les USA\",\"description\":\"\",\"publisher\":{\"@id\":\"https:\/\/123-esta.com\/it\/#organization\"},\"potentialAction\":[{\"@type\":\"SearchAction\",\"target\":{\"@type\":\"EntryPoint\",\"urlTemplate\":\"https:\/\/123-esta.com\/it\/?s={search_term_string}\"},\"query-input\":{\"@type\":\"PropertyValueSpecification\",\"valueRequired\":true,\"valueName\":\"search_term_string\"}}],\"inLanguage\":\"it-IT\"},{\"@type\":\"Organization\",\"@id\":\"https:\/\/123-esta.com\/it\/#organization\",\"name\":\"Formulaire ESTA pour les USA\",\"url\":\"https:\/\/123-esta.com\/it\/\",\"logo\":{\"@type\":\"ImageObject\",\"inLanguage\":\"it-IT\",\"@id\":\"https:\/\/123-esta.com\/it\/#\/schema\/logo\/image\/\",\"url\":\"https:\/\/123-esta.com\/wp-content\/uploads\/2018\/03\/logo-123-esta.png\",\"contentUrl\":\"https:\/\/123-esta.com\/wp-content\/uploads\/2018\/03\/logo-123-esta.png\",\"width\":191,\"height\":54,\"caption\":\"Formulaire ESTA pour les USA\"},\"image\":{\"@id\":\"https:\/\/123-esta.com\/it\/#\/schema\/logo\/image\/\"}}]}<\/script>\n<!-- \/ Yoast SEO plugin. -->","yoast_head_json":{"title":"Perch\u00e9 richiedere l'ESTA per gli Stati Uniti?","description":"La domanda ESTA \u00e8 un'autorizzazione a viaggiare negli Stati Uniti. Tutte le risposte alle vostre domande sulla richiesta di un permesso.","robots":{"index":"index","follow":"follow","max-snippet":"max-snippet:-1","max-image-preview":"max-image-preview:large","max-video-preview":"max-video-preview:-1"},"canonical":"https:\/\/123-esta.com\/it\/perche-applicare-esta-per-gli-usa\/","og_locale":"it_IT","og_type":"article","og_title":"Perch\u00e9 richiedere l'ESTA per gli Stati Uniti?","og_description":"La domanda ESTA \u00e8 un'autorizzazione a viaggiare negli Stati Uniti. Tutte le risposte alle vostre domande sulla richiesta di un permesso.","og_url":"https:\/\/123-esta.com\/it\/perche-applicare-esta-per-gli-usa\/","og_site_name":"Formulaire ESTA pour les USA","article_modified_time":"2022-09-01T20:54:30+00:00","twitter_card":"summary_large_image","twitter_misc":{"Tempo di lettura stimato":"4 minuti"},"schema":{"@context":"https:\/\/schema.org","@graph":[{"@type":"WebPage","@id":"https:\/\/123-esta.com\/it\/perche-applicare-esta-per-gli-usa\/","url":"https:\/\/123-esta.com\/it\/perche-applicare-esta-per-gli-usa\/","name":"Perch\u00e9 richiedere l'ESTA per gli Stati Uniti?","isPartOf":{"@id":"https:\/\/123-esta.com\/it\/#website"},"datePublished":"2022-07-27T19:33:31+00:00","dateModified":"2022-09-01T20:54:30+00:00","description":"La domanda ESTA \u00e8 un'autorizzazione a viaggiare negli Stati Uniti. Tutte le risposte alle vostre domande sulla richiesta di un permesso.","inLanguage":"it-IT","potentialAction":[{"@type":"ReadAction","target":["https:\/\/123-esta.com\/it\/perche-applicare-esta-per-gli-usa\/"]}]},{"@type":"WebSite","@id":"https:\/\/123-esta.com\/it\/#website","url":"https:\/\/123-esta.com\/it\/","name":"Formulaire ESTA pour les USA","description":"","publisher":{"@id":"https:\/\/123-esta.com\/it\/#organization"},"potentialAction":[{"@type":"SearchAction","target":{"@type":"EntryPoint","urlTemplate":"https:\/\/123-esta.com\/it\/?s={search_term_string}"},"query-input":{"@type":"PropertyValueSpecification","valueRequired":true,"valueName":"search_term_string"}}],"inLanguage":"it-IT"},{"@type":"Organization","@id":"https:\/\/123-esta.com\/it\/#organization","name":"Formulaire ESTA pour les USA","url":"https:\/\/123-esta.com\/it\/","logo":{"@type":"ImageObject","inLanguage":"it-IT","@id":"https:\/\/123-esta.com\/it\/#\/schema\/logo\/image\/","url":"https:\/\/123-esta.com\/wp-content\/uploads\/2018\/03\/logo-123-esta.png","contentUrl":"https:\/\/123-esta.com\/wp-content\/uploads\/2018\/03\/logo-123-esta.png","width":191,"height":54,"caption":"Formulaire ESTA pour les USA"},"image":{"@id":"https:\/\/123-esta.com\/it\/#\/schema\/logo\/image\/"}}]}},"_links":{"self":[{"href":"https:\/\/123-esta.com\/it\/wp-json\/wp\/v2\/pages\/2243","targetHints":{"allow":["GET"]}}],"collection":[{"href":"https:\/\/123-esta.com\/it\/wp-json\/wp\/v2\/pages"}],"about":[{"href":"https:\/\/123-esta.com\/it\/wp-json\/wp\/v2\/types\/page"}],"author":[{"embeddable":true,"href":"https:\/\/123-esta.com\/it\/wp-json\/wp\/v2\/users\/1"}],"replies":[{"embeddable":true,"href":"https:\/\/123-esta.com\/it\/wp-json\/wp\/v2\/comments?post=2243"}],"version-history":[{"count":0,"href":"https:\/\/123-esta.com\/it\/wp-json\/wp\/v2\/pages\/2243\/revisions"}],"wp:attachment":[{"href":"https:\/\/123-esta.com\/it\/wp-json\/wp\/v2\/media?parent=2243"}],"curies":[{"name":"wp","href":"https:\/\/api.w.org\/{rel}","templated":true}]}}