{"id":2238,"date":"2022-07-27T21:33:30","date_gmt":"2022-07-27T19:33:30","guid":{"rendered":"https:\/\/123-esta.com\/forma-esta\/"},"modified":"2023-08-24T11:49:58","modified_gmt":"2023-08-24T09:49:58","slug":"modulo-esta","status":"publish","type":"page","link":"https:\/\/123-esta.com\/it\/modulo-esta\/","title":{"rendered":"Modulo ESTA online"},"content":{"rendered":"\t\t<div data-elementor-type=\"wp-page\" data-elementor-id=\"2238\" class=\"elementor elementor-2238 elementor-715\" data-elementor-post-type=\"page\">\n\t\t\t\t\t\t<section class=\"elementor-section elementor-top-section elementor-element elementor-element-feebf82 elementor-section-boxed elementor-section-height-default elementor-section-height-default\" data-id=\"feebf82\" data-element_type=\"section\" data-e-type=\"section\">\n\t\t\t\t\t\t<div class=\"elementor-container elementor-column-gap-default\">\n\t\t\t\t\t<div class=\"elementor-column elementor-col-100 elementor-top-column elementor-element elementor-element-652c94f\" data-id=\"652c94f\" data-element_type=\"column\" data-e-type=\"column\">\n\t\t\t<div class=\"elementor-widget-wrap elementor-element-populated\">\n\t\t\t\t\t\t<div class=\"elementor-element elementor-element-cc3db0a elementor-widget elementor-widget-spacer\" data-id=\"cc3db0a\" data-element_type=\"widget\" data-e-type=\"widget\" data-widget_type=\"spacer.default\">\n\t\t\t\t<div class=\"elementor-widget-container\">\n\t\t\t\t\t\t\t<div class=\"elementor-spacer\">\n\t\t\t<div class=\"elementor-spacer-inner\"><\/div>\n\t\t<\/div>\n\t\t\t\t\t\t<\/div>\n\t\t\t\t<\/div>\n\t\t\t\t\t<\/div>\n\t\t<\/div>\n\t\t\t\t\t<\/div>\n\t\t<\/section>\n\t\t\t\t<section class=\"elementor-section elementor-top-section elementor-element elementor-element-32a9414 elementor-section-boxed elementor-section-height-default elementor-section-height-default\" data-id=\"32a9414\" data-element_type=\"section\" data-e-type=\"section\">\n\t\t\t\t\t\t<div class=\"elementor-container elementor-column-gap-default\">\n\t\t\t\t\t<div class=\"elementor-column elementor-col-50 elementor-top-column elementor-element elementor-element-102f3fe\" data-id=\"102f3fe\" data-element_type=\"column\" data-e-type=\"column\">\n\t\t\t<div class=\"elementor-widget-wrap elementor-element-populated\">\n\t\t\t\t\t\t<div class=\"elementor-element elementor-element-a9cd3d3 elementor-button-danger elementor-widget elementor-widget-button\" data-id=\"a9cd3d3\" data-element_type=\"widget\" data-e-type=\"widget\" data-widget_type=\"button.default\">\n\t\t\t\t<div class=\"elementor-widget-container\">\n\t\t\t\t\t\t\t\t\t<div class=\"elementor-button-wrapper\">\n\t\t\t\t\t<a class=\"elementor-button elementor-button-link elementor-size-sm\" href=\"https:\/\/ufficiale-esta.it\/richiedere-esta\/?aid=1\">\n\t\t\t\t\t\t<span class=\"elementor-button-content-wrapper\">\n\t\t\t\t\t\t\t\t\t<span class=\"elementor-button-text\">Clicca qui<\/span>\n\t\t\t\t\t<\/span>\n\t\t\t\t\t<\/a>\n\t\t\t\t<\/div>\n\t\t\t\t\t\t\t\t<\/div>\n\t\t\t\t<\/div>\n\t\t\t\t\t<\/div>\n\t\t<\/div>\n\t\t\t\t<div class=\"elementor-column elementor-col-50 elementor-top-column elementor-element elementor-element-a00866f\" data-id=\"a00866f\" data-element_type=\"column\" data-e-type=\"column\">\n\t\t\t<div class=\"elementor-widget-wrap elementor-element-populated\">\n\t\t\t\t\t\t<div class=\"elementor-element elementor-element-42ac55a elementor-widget elementor-widget-text-editor\" data-id=\"42ac55a\" data-element_type=\"widget\" data-e-type=\"widget\" data-widget_type=\"text-editor.default\">\n\t\t\t\t<div class=\"elementor-widget-container\">\n\t\t\t\t\t\t\t\t\t<p>La domanda di autorizzazione al viaggio ESTA si effettua interamente online via Internet.<br \/>\nSe siete in possesso dei documenti di viaggio, potete compilare il modulo per ottenere l&#8217;ESTA in pochi minuti. <\/p>\n\t\t\t\t\t\t\t\t<\/div>\n\t\t\t\t<\/div>\n\t\t\t\t\t<\/div>\n\t\t<\/div>\n\t\t\t\t\t<\/div>\n\t\t<\/section>\n\t\t\t\t<section class=\"elementor-section elementor-top-section elementor-element elementor-element-8f1c345 elementor-section-boxed elementor-section-height-default elementor-section-height-default\" data-id=\"8f1c345\" data-element_type=\"section\" data-e-type=\"section\">\n\t\t\t\t\t\t<div class=\"elementor-container elementor-column-gap-default\">\n\t\t\t\t\t<div class=\"elementor-column elementor-col-100 elementor-top-column elementor-element elementor-element-3d0cb0b\" data-id=\"3d0cb0b\" data-element_type=\"column\" data-e-type=\"column\">\n\t\t\t<div class=\"elementor-widget-wrap elementor-element-populated\">\n\t\t\t\t\t\t<div class=\"elementor-element elementor-element-27f2ed2 elementor-widget elementor-widget-spacer\" data-id=\"27f2ed2\" data-element_type=\"widget\" data-e-type=\"widget\" data-widget_type=\"spacer.default\">\n\t\t\t\t<div class=\"elementor-widget-container\">\n\t\t\t\t\t\t\t<div class=\"elementor-spacer\">\n\t\t\t<div class=\"elementor-spacer-inner\"><\/div>\n\t\t<\/div>\n\t\t\t\t\t\t<\/div>\n\t\t\t\t<\/div>\n\t\t\t\t\t<\/div>\n\t\t<\/div>\n\t\t\t\t\t<\/div>\n\t\t<\/section>\n\t\t\t\t<section class=\"elementor-section elementor-top-section elementor-element elementor-element-7b0fc160 elementor-section-boxed elementor-section-height-default elementor-section-height-default\" data-id=\"7b0fc160\" data-element_type=\"section\" data-e-type=\"section\">\n\t\t\t\t\t\t<div class=\"elementor-container elementor-column-gap-default\">\n\t\t\t\t\t<div class=\"elementor-column elementor-col-100 elementor-top-column elementor-element elementor-element-68f20d73\" data-id=\"68f20d73\" data-element_type=\"column\" data-e-type=\"column\">\n\t\t\t<div class=\"elementor-widget-wrap elementor-element-populated\">\n\t\t\t\t\t\t<div class=\"elementor-element elementor-element-c383530 elementor-widget elementor-widget-text-editor\" data-id=\"c383530\" data-element_type=\"widget\" data-e-type=\"widget\" data-widget_type=\"text-editor.default\">\n\t\t\t\t<div class=\"elementor-widget-container\">\n\t\t\t\t\t\t\t\t\t<p><strong>Informazioni importanti: <\/strong>A partire da maggio 2023, non sar\u00e0 pi\u00f9 necessario essere vaccinati contro il coronavirus (COVID 19) per viaggiare negli Stati Uniti.<\/p>\n<h2>Il questionario per ottenere l&#8217;ESTA<\/h2>\nIl processo di presentazione di una domanda ESTA online \u00e8 suddiviso nelle seguenti fasi:\n<ul>\n \t<li>Andate sul sito web del <a href=\"https:\/\/esta.cbp.dhs.gov\/\">Dipartimento di Sicurezza Nazionale<\/a> per fare nuovamente domanda;<\/li>\n \t<li>Convalidare l&#8217;accesso al modulo accettando le clausole di esclusione della responsabilit\u00e0 e le condizioni generali;<\/li>\n \t<li>Compilare i dati del richiedente e controllare la casella e-mail per convalidare l&#8217;e-mail di contatto;<\/li>\n \t<li>Compilare le informazioni sull&#8217;identit\u00e0 personale (cognome, nome, sesso, luogo e data di nascita, identit\u00e0 dei genitori, indirizzo, lavoro, profili sociali);<\/li>\n \t<li>Compilando le informazioni di viaggio, \u00e8 necessario inserire un contatto di emergenza e un indirizzo di casa durante il soggiorno negli Stati Uniti;<\/li>\n \t<li>Per rispondere alle domande di idoneit\u00e0, \u00e8 possibile rispondere solo s\u00ec o no. Si tratta di rispondere onestamente a domande sulla propria salute e ad altre relative alla propria storia con la legge;<\/li>\n \t<li>Per completare il modulo ESTA, \u00e8 necessario leggere i vari dettagli, quindi convalidare la domanda pagando l&#8217;importo richiesto con carta di credito o Paypal.<\/li>\n<\/ul>\n<h2>Cosa fare se la domanda ESTA viene respinta?<\/h2>\nLa richiesta di un visto presso l&#8217;ambasciata statunitense \u00e8 ancora un&#8217;opzione se si ha tempo a disposizione prima della partenza per gli Stati Uniti d&#8217;America. Se le autorit\u00e0 statunitensi rifiutano di rilasciarvi l&#8217;ESTA, potete ripresentare la domanda 10 giorni dopo, ma solo se il rifiuto \u00e8 dovuto a un errore di battitura nella domanda online originariamente rifiutata.\n<h2>Qual \u00e8 la differenza tra un ESTA e un visto?<\/h2>\nAnche se l&#8217;ESTA sembra essere un visto per gli Stati Uniti, non \u00e8 cos\u00ec.\nL&#8217;ESTA \u00e8 un&#8217;autorizzazione elettronica di pre-arrivo per entrare negli Stati Uniti, mentre il visto \u00e8 un permesso di soggiorno rilasciato dall&#8217;ambasciata statunitense dopo un processo specifico. \n\nPrima di compilare il modulo ESTA online, verificate di soddisfare tutti i requisiti:\n<ol>\n \t<li>Siete cittadini di uno dei Paesi coperti dal Visa Waiver Program (VWP) degli Stati Uniti;<\/li>\n \t<li>Siete in possesso di un passaporto elettronico o biometrico valido;<\/li>\n \t<li>Desiderate soggiornare negli Stati Uniti per turismo, affari o <a href=\"https:\/\/123-esta.com\/it\/dovrebbe-uno-richiedere-un-esta-per-un-transito\/\">transito<\/a> per un massimo di 90 giorni;<\/li>\n<\/ol>\n&nbsp;\t\t\t\t\t\t\t\t<\/div>\n\t\t\t\t<\/div>\n\t\t\t\t\t<\/div>\n\t\t<\/div>\n\t\t\t\t\t<\/div>\n\t\t<\/section>\n\t\t\t\t<\/div>\n\t\t","protected":false},"excerpt":{"rendered":"<p>Clicca qui La domanda di autorizzazione al viaggio ESTA si effettua interamente online via Internet. Se siete in possesso dei documenti di viaggio, potete compilare il modulo per ottenere l&#8217;ESTA in pochi minuti. Informazioni importanti: A partire da maggio 2023, non sar\u00e0 pi\u00f9 necessario essere vaccinati contro il coronavirus (COVID 19) per viaggiare negli Stati [&hellip;]<\/p>\n","protected":false},"author":1,"featured_media":0,"parent":0,"menu_order":0,"comment_status":"closed","ping_status":"closed","template":"","meta":{"site-sidebar-layout":"default","site-content-layout":"default","ast-site-content-layout":"default","site-content-style":"default","site-sidebar-style":"default","ast-global-header-display":"","ast-banner-title-visibility":"","ast-main-header-display":"","ast-hfb-above-header-display":"","ast-hfb-below-header-display":"","ast-hfb-mobile-header-display":"","site-post-title":"","ast-breadcrumbs-content":"","ast-featured-img":"","footer-sml-layout":"","ast-disable-related-posts":"","theme-transparent-header-meta":"default","adv-header-id-meta":"","stick-header-meta":"default","header-above-stick-meta":"","header-main-stick-meta":"","header-below-stick-meta":"","astra-migrate-meta-layouts":"default","ast-page-background-enabled":"default","ast-page-background-meta":{"desktop":{"background-color":"","background-image":"","background-repeat":"repeat","background-position":"center center","background-size":"auto","background-attachment":"scroll","background-type":"","background-media":"","overlay-type":"","overlay-color":"","overlay-opacity":"","overlay-gradient":""},"tablet":{"background-color":"","background-image":"","background-repeat":"repeat","background-position":"center center","background-size":"auto","background-attachment":"scroll","background-type":"","background-media":"","overlay-type":"","overlay-color":"","overlay-opacity":"","overlay-gradient":""},"mobile":{"background-color":"","background-image":"","background-repeat":"repeat","background-position":"center center","background-size":"auto","background-attachment":"scroll","background-type":"","background-media":"","overlay-type":"","overlay-color":"","overlay-opacity":"","overlay-gradient":""}},"ast-content-background-meta":{"desktop":{"background-color":"var(--ast-global-color-5)","background-image":"","background-repeat":"repeat","background-position":"center center","background-size":"auto","background-attachment":"scroll","background-type":"","background-media":"","overlay-type":"","overlay-color":"","overlay-opacity":"","overlay-gradient":""},"tablet":{"background-color":"var(--ast-global-color-5)","background-image":"","background-repeat":"repeat","background-position":"center center","background-size":"auto","background-attachment":"scroll","background-type":"","background-media":"","overlay-type":"","overlay-color":"","overlay-opacity":"","overlay-gradient":""},"mobile":{"background-color":"var(--ast-global-color-5)","background-image":"","background-repeat":"repeat","background-position":"center center","background-size":"auto","background-attachment":"scroll","background-type":"","background-media":"","overlay-type":"","overlay-color":"","overlay-opacity":"","overlay-gradient":""}},"footnotes":""},"class_list":["post-2238","page","type-page","status-publish","hentry"],"yoast_head":"<!-- This site is optimized with the Yoast SEO plugin v27.1.1 - https:\/\/yoast.com\/product\/yoast-seo-wordpress\/ -->\n<title>Che aspetto ha il modulo di autorizzazione ESTA?<\/title>\n<meta name=\"description\" content=\"Compilate il modulo online per ottenere rapidamente l&#039;autorizzazione a viaggiare negli Stati Uniti d&#039;America per 2 anni.\" \/>\n<meta name=\"robots\" content=\"index, follow, max-snippet:-1, max-image-preview:large, max-video-preview:-1\" \/>\n<link rel=\"canonical\" href=\"https:\/\/123-esta.com\/it\/modulo-esta\/\" \/>\n<meta property=\"og:locale\" content=\"it_IT\" \/>\n<meta property=\"og:type\" content=\"article\" \/>\n<meta property=\"og:title\" content=\"Che aspetto ha il modulo di autorizzazione ESTA?\" \/>\n<meta property=\"og:description\" content=\"Compilate il modulo online per ottenere rapidamente l&#039;autorizzazione a viaggiare negli Stati Uniti d&#039;America per 2 anni.\" \/>\n<meta property=\"og:url\" content=\"https:\/\/123-esta.com\/it\/modulo-esta\/\" \/>\n<meta property=\"og:site_name\" content=\"Formulaire ESTA pour les USA\" \/>\n<meta property=\"article:modified_time\" content=\"2023-08-24T09:49:58+00:00\" \/>\n<meta name=\"twitter:card\" content=\"summary_large_image\" \/>\n<meta name=\"twitter:label1\" content=\"Tempo di lettura stimato\" \/>\n\t<meta name=\"twitter:data1\" content=\"2 minuti\" \/>\n<script type=\"application\/ld+json\" class=\"yoast-schema-graph\">{\"@context\":\"https:\/\/schema.org\",\"@graph\":[{\"@type\":\"WebPage\",\"@id\":\"https:\/\/123-esta.com\/it\/modulo-esta\/\",\"url\":\"https:\/\/123-esta.com\/it\/modulo-esta\/\",\"name\":\"Che aspetto ha il modulo di autorizzazione ESTA?\",\"isPartOf\":{\"@id\":\"https:\/\/123-esta.com\/it\/#website\"},\"datePublished\":\"2022-07-27T19:33:30+00:00\",\"dateModified\":\"2023-08-24T09:49:58+00:00\",\"description\":\"Compilate il modulo online per ottenere rapidamente l'autorizzazione a viaggiare negli Stati Uniti d'America per 2 anni.\",\"inLanguage\":\"it-IT\",\"potentialAction\":[{\"@type\":\"ReadAction\",\"target\":[\"https:\/\/123-esta.com\/it\/modulo-esta\/\"]}]},{\"@type\":\"WebSite\",\"@id\":\"https:\/\/123-esta.com\/it\/#website\",\"url\":\"https:\/\/123-esta.com\/it\/\",\"name\":\"Formulaire ESTA pour les USA\",\"description\":\"\",\"publisher\":{\"@id\":\"https:\/\/123-esta.com\/it\/#organization\"},\"potentialAction\":[{\"@type\":\"SearchAction\",\"target\":{\"@type\":\"EntryPoint\",\"urlTemplate\":\"https:\/\/123-esta.com\/it\/?s={search_term_string}\"},\"query-input\":{\"@type\":\"PropertyValueSpecification\",\"valueRequired\":true,\"valueName\":\"search_term_string\"}}],\"inLanguage\":\"it-IT\"},{\"@type\":\"Organization\",\"@id\":\"https:\/\/123-esta.com\/it\/#organization\",\"name\":\"Formulaire ESTA pour les USA\",\"url\":\"https:\/\/123-esta.com\/it\/\",\"logo\":{\"@type\":\"ImageObject\",\"inLanguage\":\"it-IT\",\"@id\":\"https:\/\/123-esta.com\/it\/#\/schema\/logo\/image\/\",\"url\":\"https:\/\/123-esta.com\/wp-content\/uploads\/2018\/03\/logo-123-esta.png\",\"contentUrl\":\"https:\/\/123-esta.com\/wp-content\/uploads\/2018\/03\/logo-123-esta.png\",\"width\":191,\"height\":54,\"caption\":\"Formulaire ESTA pour les USA\"},\"image\":{\"@id\":\"https:\/\/123-esta.com\/it\/#\/schema\/logo\/image\/\"}}]}<\/script>\n<!-- \/ Yoast SEO plugin. -->","yoast_head_json":{"title":"Che aspetto ha il modulo di autorizzazione ESTA?","description":"Compilate il modulo online per ottenere rapidamente l'autorizzazione a viaggiare negli Stati Uniti d'America per 2 anni.","robots":{"index":"index","follow":"follow","max-snippet":"max-snippet:-1","max-image-preview":"max-image-preview:large","max-video-preview":"max-video-preview:-1"},"canonical":"https:\/\/123-esta.com\/it\/modulo-esta\/","og_locale":"it_IT","og_type":"article","og_title":"Che aspetto ha il modulo di autorizzazione ESTA?","og_description":"Compilate il modulo online per ottenere rapidamente l'autorizzazione a viaggiare negli Stati Uniti d'America per 2 anni.","og_url":"https:\/\/123-esta.com\/it\/modulo-esta\/","og_site_name":"Formulaire ESTA pour les USA","article_modified_time":"2023-08-24T09:49:58+00:00","twitter_card":"summary_large_image","twitter_misc":{"Tempo di lettura stimato":"2 minuti"},"schema":{"@context":"https:\/\/schema.org","@graph":[{"@type":"WebPage","@id":"https:\/\/123-esta.com\/it\/modulo-esta\/","url":"https:\/\/123-esta.com\/it\/modulo-esta\/","name":"Che aspetto ha il modulo di autorizzazione ESTA?","isPartOf":{"@id":"https:\/\/123-esta.com\/it\/#website"},"datePublished":"2022-07-27T19:33:30+00:00","dateModified":"2023-08-24T09:49:58+00:00","description":"Compilate il modulo online per ottenere rapidamente l'autorizzazione a viaggiare negli Stati Uniti d'America per 2 anni.","inLanguage":"it-IT","potentialAction":[{"@type":"ReadAction","target":["https:\/\/123-esta.com\/it\/modulo-esta\/"]}]},{"@type":"WebSite","@id":"https:\/\/123-esta.com\/it\/#website","url":"https:\/\/123-esta.com\/it\/","name":"Formulaire ESTA pour les USA","description":"","publisher":{"@id":"https:\/\/123-esta.com\/it\/#organization"},"potentialAction":[{"@type":"SearchAction","target":{"@type":"EntryPoint","urlTemplate":"https:\/\/123-esta.com\/it\/?s={search_term_string}"},"query-input":{"@type":"PropertyValueSpecification","valueRequired":true,"valueName":"search_term_string"}}],"inLanguage":"it-IT"},{"@type":"Organization","@id":"https:\/\/123-esta.com\/it\/#organization","name":"Formulaire ESTA pour les USA","url":"https:\/\/123-esta.com\/it\/","logo":{"@type":"ImageObject","inLanguage":"it-IT","@id":"https:\/\/123-esta.com\/it\/#\/schema\/logo\/image\/","url":"https:\/\/123-esta.com\/wp-content\/uploads\/2018\/03\/logo-123-esta.png","contentUrl":"https:\/\/123-esta.com\/wp-content\/uploads\/2018\/03\/logo-123-esta.png","width":191,"height":54,"caption":"Formulaire ESTA pour les USA"},"image":{"@id":"https:\/\/123-esta.com\/it\/#\/schema\/logo\/image\/"}}]}},"_links":{"self":[{"href":"https:\/\/123-esta.com\/it\/wp-json\/wp\/v2\/pages\/2238","targetHints":{"allow":["GET"]}}],"collection":[{"href":"https:\/\/123-esta.com\/it\/wp-json\/wp\/v2\/pages"}],"about":[{"href":"https:\/\/123-esta.com\/it\/wp-json\/wp\/v2\/types\/page"}],"author":[{"embeddable":true,"href":"https:\/\/123-esta.com\/it\/wp-json\/wp\/v2\/users\/1"}],"replies":[{"embeddable":true,"href":"https:\/\/123-esta.com\/it\/wp-json\/wp\/v2\/comments?post=2238"}],"version-history":[{"count":0,"href":"https:\/\/123-esta.com\/it\/wp-json\/wp\/v2\/pages\/2238\/revisions"}],"wp:attachment":[{"href":"https:\/\/123-esta.com\/it\/wp-json\/wp\/v2\/media?parent=2238"}],"curies":[{"name":"wp","href":"https:\/\/api.w.org\/{rel}","templated":true}]}}