{"id":2227,"date":"2022-07-27T21:33:29","date_gmt":"2022-07-27T19:33:29","guid":{"rendered":"https:\/\/123-esta.com\/spiegazioni-dei-diversi-statuti\/"},"modified":"2022-08-23T23:00:32","modified_gmt":"2022-08-23T21:00:32","slug":"spiegazioni-sui-diversi-stati-di-esta","status":"publish","type":"page","link":"https:\/\/123-esta.com\/it\/spiegazioni-sui-diversi-stati-di-esta\/","title":{"rendered":"Spiegazione dei diversi status ESTA"},"content":{"rendered":"\n<p>Siete idonei al programma Visa Waiver del governo statunitense? Se avete intenzione di recarvi negli Stati Uniti nel prossimo futuro, avrete bisogno dell&#8217;autorizzazione <a href=\"https:\/\/123-esta.com\/it\/\">ESTA<\/a> per entrare negli Stati Uniti. Una volta presentata la domanda, sono possibili tre status ESTA. Vi spieghiamo in dettaglio la differenza tra i vari stati della domanda ESTA.<\/p>\n\n<h2 class=\"wp-block-heading\">L&#8217;ESTA in breve<\/h2>\n\n<p>Prima di tutto, vediamo cos&#8217;\u00e8 il Sistema elettronico di autorizzazione al viaggio o ESTA.<\/p>\n\n<p>Si tratta di un&#8217;autorizzazione al viaggio che sostituisce la richiesta di un visto tradizionale per gli Stati Uniti, che i cittadini dei Paesi aderenti al <a href=\"https:\/\/123-esta.com\/it\/elenco-dei-paesi-visa-waiver-program\/\">Visa Waiver Program<\/a> devono avere se intendono recarsi negli Stati Uniti per turismo o affari per un periodo massimo di 90 giorni. Questa autorizzazione \u00e8 necessaria anche in caso di transito attraverso gli Stati Uniti verso una destinazione finale.<\/p>\n\n<p>Per richiedere l&#8217;ESTA non \u00e8 necessario fissare un appuntamento presso l&#8217;ambasciata statunitense, poich\u00e9 tutto avviene tramite un modulo online. Una volta compilato il modulo ESTA, \u00e8 necessario pagare la tassa di richiesta.<\/p>\n\n<p>Da quel momento in poi, non dovrete far altro che attendere la risposta delle autorit\u00e0 statunitensi. A tal fine, \u00e8 necessario tornare regolarmente sul sito web del governo per controllare lo stato dell&#8217;ESTA, accedendo con il numero di pratica o il numero di passaporto. Se avete utilizzato i servizi di un sito web privato, come il nostro partner, sarete informati via e-mail di eventuali modifiche allo stato della vostra domanda ESTA.<\/p>\n\n<h2 class=\"wp-block-heading\">Stato approvato ESTA<\/h2>\n\n<p>Se soddisfate tutti i requisiti del Programma Viaggio senza Visto, la vostra domanda sar\u00e0 accettata rapidamente. In questo caso il vostro status ESTA sar\u00e0 approvato. Ci\u00f2 significa che l&#8217;ESTA \u00e8 ora collegato elettronicamente al vostro passaporto biometrico o elettronico. Il servizio doganale degli Stati Uniti sar\u00e0 in grado di verificarlo attraverso la scansione del passaporto all&#8217;arrivo al confine. Da questo momento in poi non dovrete fare pi\u00f9 nulla per quanto riguarda lo stato della vostra domanda ESTA, se non prepararvi per il vostro viaggio negli Stati Uniti. L&#8217;ESTA \u00e8 valida per due anni o fino alla scadenza del passaporto, se precedente. L&#8217;autorizzazione \u00e8 valida anche per viaggi turistici multipli durante questo periodo.<\/p>\n\n<h2 class=\"wp-block-heading\">Lo stato di attesa<\/h2>\n\n<p>Il vostro status ESTA potrebbe essere in sospeso. Questo stato di solito non dura pi\u00f9 di 72 ore. Questo accade quando i funzionari che controllano le domande hanno bisogno di pi\u00f9 tempo per verificare alcuni dettagli che ritengono sospetti. Per questo motivo, \u00e8 necessario prestare la massima attenzione quando si compila il modulo online. Un semplice errore di battitura pu\u00f2 essere considerato un tentativo di frode e mettere a rischio la vostra domanda ESTA e il vostro viaggio negli Stati Uniti. Un sito privato, come quello del nostro partner, garantisce che le informazioni contenute nel modulo siano veritiere, al fine di evitare qualsiasi malinteso.<\/p>\n\n<h2 class=\"wp-block-heading\">Stato della domanda ESTA negato<\/h2>\n\n<p>Se il vostro status ESTA viene negato, significa che non soddisfate i criteri per il Programma Viaggio senza Visto. Le ragioni possono essere molteplici.<\/p>\n\n<p>Potreste aver commesso un errore nella compilazione del modulo per quanto riguarda il vostro cognome da nubile (se siete sposati), il numero di passaporto. \u00c8 anche possibile che il passaporto non sia sufficientemente valido per la durata del soggiorno negli Stati Uniti. In questo caso, \u00e8 necessario ottenere un nuovo passaporto e assicurarsi che sia un passaporto elettronico o biometrico.<\/p>\n\n<p>\u00c8 possibile che abbiate risposto affermativamente a una delle domande dell&#8217;ultima parte del modulo online. Queste domande riguardano la Sicurezza Nazionale degli Stati Uniti; rispondere affermativamente a una qualsiasi di esse comprometter\u00e0 drasticamente le vostre possibilit\u00e0 di accedere all&#8217;ESTA. \u00c8 sempre possibile ripresentare la domanda 10 giorni dopo il rifiuto.<\/p>\n\n<p>Ricordate che il rifiuto dell&#8217;ESTA non significa che non possiate recarvi negli Stati Uniti. Dovrete per\u00f2 richiedere un visto turistico per gli Stati Uniti e quindi recarvi all&#8217;ambasciata o al consolato statunitense del vostro Paese. Un colloquio con un funzionario consolare determiner\u00e0 se siete idonei per un visto turistico.<\/p>\n","protected":false},"excerpt":{"rendered":"<p>Siete idonei al programma Visa Waiver del governo statunitense? Se avete intenzione di recarvi negli Stati Uniti nel prossimo futuro, avrete bisogno dell&#8217;autorizzazione ESTA per entrare negli Stati Uniti. Una volta presentata la domanda, sono possibili tre status ESTA. Vi spieghiamo in dettaglio la differenza tra i vari stati della domanda ESTA. L&#8217;ESTA in breve [&hellip;]<\/p>\n","protected":false},"author":1,"featured_media":0,"parent":0,"menu_order":0,"comment_status":"closed","ping_status":"closed","template":"","meta":{"site-sidebar-layout":"default","site-content-layout":"default","ast-site-content-layout":"default","site-content-style":"default","site-sidebar-style":"default","ast-global-header-display":"","ast-banner-title-visibility":"","ast-main-header-display":"","ast-hfb-above-header-display":"","ast-hfb-below-header-display":"","ast-hfb-mobile-header-display":"","site-post-title":"","ast-breadcrumbs-content":"","ast-featured-img":"","footer-sml-layout":"","ast-disable-related-posts":"","theme-transparent-header-meta":"default","adv-header-id-meta":"","stick-header-meta":"default","header-above-stick-meta":"","header-main-stick-meta":"","header-below-stick-meta":"","astra-migrate-meta-layouts":"default","ast-page-background-enabled":"default","ast-page-background-meta":{"desktop":{"background-color":"","background-image":"","background-repeat":"repeat","background-position":"center center","background-size":"auto","background-attachment":"scroll","background-type":"","background-media":"","overlay-type":"","overlay-color":"","overlay-opacity":"","overlay-gradient":""},"tablet":{"background-color":"","background-image":"","background-repeat":"repeat","background-position":"center center","background-size":"auto","background-attachment":"scroll","background-type":"","background-media":"","overlay-type":"","overlay-color":"","overlay-opacity":"","overlay-gradient":""},"mobile":{"background-color":"","background-image":"","background-repeat":"repeat","background-position":"center center","background-size":"auto","background-attachment":"scroll","background-type":"","background-media":"","overlay-type":"","overlay-color":"","overlay-opacity":"","overlay-gradient":""}},"ast-content-background-meta":{"desktop":{"background-color":"var(--ast-global-color-5)","background-image":"","background-repeat":"repeat","background-position":"center center","background-size":"auto","background-attachment":"scroll","background-type":"","background-media":"","overlay-type":"","overlay-color":"","overlay-opacity":"","overlay-gradient":""},"tablet":{"background-color":"var(--ast-global-color-5)","background-image":"","background-repeat":"repeat","background-position":"center center","background-size":"auto","background-attachment":"scroll","background-type":"","background-media":"","overlay-type":"","overlay-color":"","overlay-opacity":"","overlay-gradient":""},"mobile":{"background-color":"var(--ast-global-color-5)","background-image":"","background-repeat":"repeat","background-position":"center center","background-size":"auto","background-attachment":"scroll","background-type":"","background-media":"","overlay-type":"","overlay-color":"","overlay-opacity":"","overlay-gradient":""}},"footnotes":""},"class_list":["post-2227","page","type-page","status-publish","hentry"],"yoast_head":"<!-- This site is optimized with the Yoast SEO plugin v27.1.1 - https:\/\/yoast.com\/product\/yoast-seo-wordpress\/ -->\n<title>Come si controlla lo stato della domanda ESTA?<\/title>\n<meta name=\"description\" content=\"Avete presentato la domanda ESTA per gli Stati Uniti e volete verificare il vostro stato ESTA? Seguite i consigli dei nostri esperti per saperne di pi\u00f9.\" \/>\n<meta name=\"robots\" content=\"index, follow, max-snippet:-1, max-image-preview:large, max-video-preview:-1\" \/>\n<link rel=\"canonical\" href=\"https:\/\/123-esta.com\/it\/spiegazioni-sui-diversi-stati-di-esta\/\" \/>\n<meta property=\"og:locale\" content=\"it_IT\" \/>\n<meta property=\"og:type\" content=\"article\" \/>\n<meta property=\"og:title\" content=\"Come si controlla lo stato della domanda ESTA?\" \/>\n<meta property=\"og:description\" content=\"Avete presentato la domanda ESTA per gli Stati Uniti e volete verificare il vostro stato ESTA? Seguite i consigli dei nostri esperti per saperne di pi\u00f9.\" \/>\n<meta property=\"og:url\" content=\"https:\/\/123-esta.com\/it\/spiegazioni-sui-diversi-stati-di-esta\/\" \/>\n<meta property=\"og:site_name\" content=\"Formulaire ESTA pour les USA\" \/>\n<meta property=\"article:modified_time\" content=\"2022-08-23T21:00:32+00:00\" \/>\n<meta name=\"twitter:card\" content=\"summary_large_image\" \/>\n<meta name=\"twitter:label1\" content=\"Tempo di lettura stimato\" \/>\n\t<meta name=\"twitter:data1\" content=\"3 minuti\" \/>\n<script type=\"application\/ld+json\" class=\"yoast-schema-graph\">{\"@context\":\"https:\/\/schema.org\",\"@graph\":[{\"@type\":\"WebPage\",\"@id\":\"https:\/\/123-esta.com\/it\/spiegazioni-sui-diversi-stati-di-esta\/\",\"url\":\"https:\/\/123-esta.com\/it\/spiegazioni-sui-diversi-stati-di-esta\/\",\"name\":\"Come si controlla lo stato della domanda ESTA?\",\"isPartOf\":{\"@id\":\"https:\/\/123-esta.com\/it\/#website\"},\"datePublished\":\"2022-07-27T19:33:29+00:00\",\"dateModified\":\"2022-08-23T21:00:32+00:00\",\"description\":\"Avete presentato la domanda ESTA per gli Stati Uniti e volete verificare il vostro stato ESTA? Seguite i consigli dei nostri esperti per saperne di pi\u00f9.\",\"inLanguage\":\"it-IT\",\"potentialAction\":[{\"@type\":\"ReadAction\",\"target\":[\"https:\/\/123-esta.com\/it\/spiegazioni-sui-diversi-stati-di-esta\/\"]}]},{\"@type\":\"WebSite\",\"@id\":\"https:\/\/123-esta.com\/it\/#website\",\"url\":\"https:\/\/123-esta.com\/it\/\",\"name\":\"Formulaire ESTA pour les USA\",\"description\":\"\",\"publisher\":{\"@id\":\"https:\/\/123-esta.com\/it\/#organization\"},\"potentialAction\":[{\"@type\":\"SearchAction\",\"target\":{\"@type\":\"EntryPoint\",\"urlTemplate\":\"https:\/\/123-esta.com\/it\/?s={search_term_string}\"},\"query-input\":{\"@type\":\"PropertyValueSpecification\",\"valueRequired\":true,\"valueName\":\"search_term_string\"}}],\"inLanguage\":\"it-IT\"},{\"@type\":\"Organization\",\"@id\":\"https:\/\/123-esta.com\/it\/#organization\",\"name\":\"Formulaire ESTA pour les USA\",\"url\":\"https:\/\/123-esta.com\/it\/\",\"logo\":{\"@type\":\"ImageObject\",\"inLanguage\":\"it-IT\",\"@id\":\"https:\/\/123-esta.com\/it\/#\/schema\/logo\/image\/\",\"url\":\"https:\/\/123-esta.com\/wp-content\/uploads\/2018\/03\/logo-123-esta.png\",\"contentUrl\":\"https:\/\/123-esta.com\/wp-content\/uploads\/2018\/03\/logo-123-esta.png\",\"width\":191,\"height\":54,\"caption\":\"Formulaire ESTA pour les USA\"},\"image\":{\"@id\":\"https:\/\/123-esta.com\/it\/#\/schema\/logo\/image\/\"}}]}<\/script>\n<!-- \/ Yoast SEO plugin. -->","yoast_head_json":{"title":"Come si controlla lo stato della domanda ESTA?","description":"Avete presentato la domanda ESTA per gli Stati Uniti e volete verificare il vostro stato ESTA? Seguite i consigli dei nostri esperti per saperne di pi\u00f9.","robots":{"index":"index","follow":"follow","max-snippet":"max-snippet:-1","max-image-preview":"max-image-preview:large","max-video-preview":"max-video-preview:-1"},"canonical":"https:\/\/123-esta.com\/it\/spiegazioni-sui-diversi-stati-di-esta\/","og_locale":"it_IT","og_type":"article","og_title":"Come si controlla lo stato della domanda ESTA?","og_description":"Avete presentato la domanda ESTA per gli Stati Uniti e volete verificare il vostro stato ESTA? Seguite i consigli dei nostri esperti per saperne di pi\u00f9.","og_url":"https:\/\/123-esta.com\/it\/spiegazioni-sui-diversi-stati-di-esta\/","og_site_name":"Formulaire ESTA pour les USA","article_modified_time":"2022-08-23T21:00:32+00:00","twitter_card":"summary_large_image","twitter_misc":{"Tempo di lettura stimato":"3 minuti"},"schema":{"@context":"https:\/\/schema.org","@graph":[{"@type":"WebPage","@id":"https:\/\/123-esta.com\/it\/spiegazioni-sui-diversi-stati-di-esta\/","url":"https:\/\/123-esta.com\/it\/spiegazioni-sui-diversi-stati-di-esta\/","name":"Come si controlla lo stato della domanda ESTA?","isPartOf":{"@id":"https:\/\/123-esta.com\/it\/#website"},"datePublished":"2022-07-27T19:33:29+00:00","dateModified":"2022-08-23T21:00:32+00:00","description":"Avete presentato la domanda ESTA per gli Stati Uniti e volete verificare il vostro stato ESTA? Seguite i consigli dei nostri esperti per saperne di pi\u00f9.","inLanguage":"it-IT","potentialAction":[{"@type":"ReadAction","target":["https:\/\/123-esta.com\/it\/spiegazioni-sui-diversi-stati-di-esta\/"]}]},{"@type":"WebSite","@id":"https:\/\/123-esta.com\/it\/#website","url":"https:\/\/123-esta.com\/it\/","name":"Formulaire ESTA pour les USA","description":"","publisher":{"@id":"https:\/\/123-esta.com\/it\/#organization"},"potentialAction":[{"@type":"SearchAction","target":{"@type":"EntryPoint","urlTemplate":"https:\/\/123-esta.com\/it\/?s={search_term_string}"},"query-input":{"@type":"PropertyValueSpecification","valueRequired":true,"valueName":"search_term_string"}}],"inLanguage":"it-IT"},{"@type":"Organization","@id":"https:\/\/123-esta.com\/it\/#organization","name":"Formulaire ESTA pour les USA","url":"https:\/\/123-esta.com\/it\/","logo":{"@type":"ImageObject","inLanguage":"it-IT","@id":"https:\/\/123-esta.com\/it\/#\/schema\/logo\/image\/","url":"https:\/\/123-esta.com\/wp-content\/uploads\/2018\/03\/logo-123-esta.png","contentUrl":"https:\/\/123-esta.com\/wp-content\/uploads\/2018\/03\/logo-123-esta.png","width":191,"height":54,"caption":"Formulaire ESTA pour les USA"},"image":{"@id":"https:\/\/123-esta.com\/it\/#\/schema\/logo\/image\/"}}]}},"_links":{"self":[{"href":"https:\/\/123-esta.com\/it\/wp-json\/wp\/v2\/pages\/2227","targetHints":{"allow":["GET"]}}],"collection":[{"href":"https:\/\/123-esta.com\/it\/wp-json\/wp\/v2\/pages"}],"about":[{"href":"https:\/\/123-esta.com\/it\/wp-json\/wp\/v2\/types\/page"}],"author":[{"embeddable":true,"href":"https:\/\/123-esta.com\/it\/wp-json\/wp\/v2\/users\/1"}],"replies":[{"embeddable":true,"href":"https:\/\/123-esta.com\/it\/wp-json\/wp\/v2\/comments?post=2227"}],"version-history":[{"count":0,"href":"https:\/\/123-esta.com\/it\/wp-json\/wp\/v2\/pages\/2227\/revisions"}],"wp:attachment":[{"href":"https:\/\/123-esta.com\/it\/wp-json\/wp\/v2\/media?parent=2227"}],"curies":[{"name":"wp","href":"https:\/\/api.w.org\/{rel}","templated":true}]}}