{"id":2197,"date":"2022-07-27T21:33:21","date_gmt":"2022-07-27T19:33:21","guid":{"rendered":"https:\/\/123-esta.com\/cosa-fare-se-si-fa-domanda-e-in-attesa\/"},"modified":"2022-09-06T23:09:56","modified_gmt":"2022-09-06T21:09:56","slug":"cosa-fare-se-la-domanda-esta-e-in-attesa","status":"publish","type":"page","link":"https:\/\/123-esta.com\/it\/cosa-fare-se-la-domanda-esta-e-in-attesa\/","title":{"rendered":"Cosa fare se si ha una domanda ESTA &#8220;in sospeso&#8221;?"},"content":{"rendered":"\n<p><span style=\"font-weight: 400;\">Come probabilmente saprete, per i cittadini dell&#8217;UE viaggiare negli Stati Uniti non \u00e8 cos\u00ec facile come viaggiare nell&#8217;area Schengen. Purtroppo il possesso di un passaporto valido non \u00e8 sufficiente per entrare negli Stati Uniti. Tuttavia, il governo americano incoraggia i viaggi temporanei negli Stati Uniti. Lo dimostra l&#8217;introduzione del Programma Viaggio senza Visto (VWP). Anche il desiderio di proteggere il proprio territorio \u00e8 stato fatto nell&#8217;interesse di mantenere l&#8217;attrattiva turistica degli Stati Uniti con l&#8217;introduzione dell&#8217;ESTA piuttosto che con l&#8217;abolizione del programma di esenzione dal visto.  <\/span><\/p>\n\n<p><span style=\"font-weight: 400;\">L&#8217;<a href=\"\/\/123-esta.com\/it\/\">ESTA<\/a> \u00e8 un&#8217;autorizzazione di viaggio elettronica che possono richiedere solo i cittadini stranieri dei 40 Paesi membri del VWP (Visa Waiver Program). Per farlo, dovranno compilare un modulo online ed effettuare il pagamento. Dopo l&#8217;invio del modulo ESTA, i sistemi informatici della Dogana e della Protezione delle Frontiere degli Stati Uniti analizzano la vostra domanda ESTA e vi assegnano uno stato: ESTA concesso, ESTA in attesa o ESTA negato.  <\/span><\/p>\n\n<p><span style=\"font-weight: 400;\">In questo articolo, esaminiamo il <\/span><span style=\"font-weight: 400;\">Domanda ESTA.<\/span><\/p>\n\n<h2 class=\"wp-block-heading\"><span style=\"font-weight: 400;\">&#8220;Autorizzazione <\/span><span style=\"font-weight: 400;\">ESTA in attesa<\/span><span style=\"font-weight: 400;\">&#8220;\u00c8 un rifiuto? <\/span> <\/h2>\n\n<p><span style=\"font-weight: 400;\">La risposta a una domanda ESTA \u00e8 immediata, ma la risposta pu\u00f2 essere ESTA pending. Ci\u00f2 significa che riceverete una risposta definitiva entro 72 ore. \u00c8 possibile verificare lo stato della domanda inserendo il numero di passaporto e il numero di domanda sul sito ufficiale del governo statunitense. Se la domanda ESTA \u00e8 stata presentata su un sito web privato, come quello del nostro partner, vi verr\u00e0 inviata un&#8217;e-mail per informarvi sullo stato della vostra domanda.<\/span><\/p>\n\n<p><span style=\"font-weight: 400;\">Lo stato di <\/span><span style=\"font-weight: 400;\">ESTA in attesa<\/span><span style=\"font-weight: 400;\">  non \u00e8 necessariamente un segno di rifiuto. Significa semplicemente che l&#8217;autorizzazione al viaggio \u00e8 in fase di revisione, a causa di un numero elevato di richieste o di ulteriori verifiche.<\/span><\/p>\n\n<h2 class=\"wp-block-heading\"><span style=\"font-weight: 400;\">ESTA in attesa<\/span><span style=\"font-weight: 400;\"> Quale stato finale otterr\u00f2?<\/span><\/h2>\n\n<p><span style=\"font-weight: 400;\">Naturalmente, lo stato <\/span><span style=\"font-weight: 400;\">&#8220;Stato &#8220;ESTA in sospeso<\/span><span style=\"font-weight: 400;\">  non \u00e8 definitivo. Entro 3 giorni potrete sapere se siete autorizzati o meno a recarvi negli Stati Uniti con un&#8217;ESTA.  <\/span><\/p>\n\n<p><span style=\"font-weight: 400;\">Lo status finale di &#8220;viaggio approvato&#8221; o &#8220;viaggio non autorizzato&#8221; dipender\u00e0 dal vostro profilo. Ricordiamo che l&#8217;ESTA \u00e8 prima di tutto una misura di sicurezza, quindi il rispetto dei requisiti richiesti dal governo americano \u00e8 essenziale per ottenerla. Se i criteri di ammissibilit\u00e0 sono soddisfatti, la vostra domanda di partecipazione  <\/span><span style=\"font-weight: 400;\">ESTA in attesa<\/span><span style=\"font-weight: 400;\"> risulter\u00e0 nell&#8217;approvazione del soggiorno negli Stati Uniti.<\/span><\/p>\n\n<h3 class=\"wp-block-heading\"><span style=\"font-weight: 400;\">Autorizzazione approvata: bon voyage!<\/span><\/h3>\n\n<p><span style=\"font-weight: 400;\">Quando un <\/span><span style=\"font-weight: 400;\">L&#8217;ESTA \u00e8 in attesa<\/span><span style=\"font-weight: 400;\">  diventa un&#8217;autorizzazione approvata, congratulazioni! Ci\u00f2 significa che siete autorizzati a recarvi negli Stati Uniti nell&#8217;ambito del Programma Viaggio senza Visto (Visa Waiver Program).  <\/span><\/p>\n\n<p><span style=\"font-weight: 400;\">Tuttavia, l<a href=\"https:\/\/123-esta.com\/it\/cose-esta-per-gli-stati-uniti\/\">&#8216;autorizzazione ESTA<\/a> non garantisce l&#8217;ammissione negli Stati Uniti: la decisione finale spetta al funzionario doganale. Per massimizzare le possibilit\u00e0 di entrare negli Stati Uniti, presentate <a href=\"https:\/\/123-esta.com\/it\/esta-biglietto-aereo-di-ritorno-obbligatorio-per-gli-stati-uniti\/\">i biglietti aerei di andata e ritorno<\/a> alla dogana statunitense e rispondete seriamente alle domande.  <\/span><\/p>\n\n<p><span style=\"font-weight: 400;\">Consigli di viaggio: ci sono diverse cose da controllare prima di partire. Questi includono:  <\/span><\/p>\n\n<ul class=\"wp-block-list\"><li style=\"font-weight: 400;\"><span style=\"font-weight: 400;\">avere un passaporto biometrico (o elettronico) valido. Il numero di passaporto \u00e8 collegato all&#8217;ESTA attraverso i sistemi elettronici di sicurezza degli Stati Uniti. Se il passaporto scade, \u00e8 necessario rinnovarlo e richiedere un nuovo ESTA con il nuovo passaporto;  <\/span><\/li><li style=\"font-weight: 400;\"><span style=\"font-weight: 400;\">Controllate che l&#8217;autorizzazione sia ancora valida prima di partire. La durata ufficiale di questa autorizzazione al viaggio \u00e8 solitamente di 2 anni, ma dipende anche dalla data di scadenza del passaporto. Se l&#8217;ESTA scade durante il vostro viaggio negli Stati Uniti d&#8217;America, potrete comunque viaggiare purch\u00e9 abbiate un passaporto valido per tutta la durata del vostro soggiorno.  <\/span><\/li><\/ul>\n\n<h3 class=\"wp-block-heading\"><span style=\"font-weight: 400;\">Viaggio non autorizzato: rivolgersi a un visto  <\/span><\/h3>\n\n<p><span style=\"font-weight: 400;\">La causa pi\u00f9 comune di uno status rifiutato \u00e8 la disattenzione nella compilazione dei dati. Assicuratevi di compilare correttamente il modulo e di correggerlo prima di inviarlo. Se la domanda viene respinta per questo motivo, \u00e8 possibile ripresentarla online entro 10 giorni. Per garantire una domanda autorizzata e, di conseguenza, un viaggio negli Stati Uniti, vi consigliamo di utilizzare un sito privato, come questo. I nostri esperti completeranno e controlleranno il modulo per voi.  <\/span><\/p>\n\n<p><span style=\"font-weight: 400;\">Altri casi di passaggio <\/span><span style=\"font-weight: 400;\">&#8220;ESTA in attesa<\/span><span style=\"font-weight: 400;\">  al &#8220;viaggio non autorizzato&#8221;: non soddisfa le condizioni per ottenere l&#8217;ESTA. Prima di presentare una domanda, assicuratevi di soddisfare queste condizioni:  <\/span><\/p>\n\n<ul class=\"wp-block-list\"><li style=\"font-weight: 400;\"><span style=\"font-weight: 400;\">essere cittadini di uno dei Paesi coperti dal VWP;  <\/span><\/li><li style=\"font-weight: 400;\"><span style=\"font-weight: 400;\">Soggiorno breve fino a 90 giorni;  <\/span><\/li><li style=\"font-weight: 400;\"><span style=\"font-weight: 400;\">avere un passaporto elettronico (o biometrico) valido;  <\/span><\/li><li style=\"font-weight: 400;\"><span style=\"font-weight: 400;\">recarsi negli Stati Uniti per un soggiorno turistico, un viaggio d&#8217;affari o uno scalo.  <\/span><\/li><\/ul>\n\n<p><span style=\"font-weight: 400;\">Se uno o pi\u00f9 dei suddetti elementi non sono soddisfatti, \u00e8 necessario richiedere un visto per gli Stati Uniti fissando un appuntamento presso i servizi consolari dell&#8217;ambasciata statunitense.  <\/span><\/p>\n","protected":false},"excerpt":{"rendered":"<p>Come probabilmente saprete, per i cittadini dell&#8217;UE viaggiare negli Stati Uniti non \u00e8 cos\u00ec facile come viaggiare nell&#8217;area Schengen. Purtroppo il possesso di un passaporto valido non \u00e8 sufficiente per entrare negli Stati Uniti. Tuttavia, il governo americano incoraggia i viaggi temporanei negli Stati Uniti. Lo dimostra l&#8217;introduzione del Programma Viaggio senza Visto (VWP). Anche [&hellip;]<\/p>\n","protected":false},"author":1,"featured_media":0,"parent":0,"menu_order":0,"comment_status":"closed","ping_status":"closed","template":"","meta":{"site-sidebar-layout":"default","site-content-layout":"default","ast-site-content-layout":"default","site-content-style":"default","site-sidebar-style":"default","ast-global-header-display":"","ast-banner-title-visibility":"","ast-main-header-display":"","ast-hfb-above-header-display":"","ast-hfb-below-header-display":"","ast-hfb-mobile-header-display":"","site-post-title":"","ast-breadcrumbs-content":"","ast-featured-img":"","footer-sml-layout":"","ast-disable-related-posts":"","theme-transparent-header-meta":"default","adv-header-id-meta":"","stick-header-meta":"default","header-above-stick-meta":"","header-main-stick-meta":"","header-below-stick-meta":"","astra-migrate-meta-layouts":"default","ast-page-background-enabled":"default","ast-page-background-meta":{"desktop":{"background-color":"","background-image":"","background-repeat":"repeat","background-position":"center center","background-size":"auto","background-attachment":"scroll","background-type":"","background-media":"","overlay-type":"","overlay-color":"","overlay-opacity":"","overlay-gradient":""},"tablet":{"background-color":"","background-image":"","background-repeat":"repeat","background-position":"center center","background-size":"auto","background-attachment":"scroll","background-type":"","background-media":"","overlay-type":"","overlay-color":"","overlay-opacity":"","overlay-gradient":""},"mobile":{"background-color":"","background-image":"","background-repeat":"repeat","background-position":"center center","background-size":"auto","background-attachment":"scroll","background-type":"","background-media":"","overlay-type":"","overlay-color":"","overlay-opacity":"","overlay-gradient":""}},"ast-content-background-meta":{"desktop":{"background-color":"var(--ast-global-color-5)","background-image":"","background-repeat":"repeat","background-position":"center center","background-size":"auto","background-attachment":"scroll","background-type":"","background-media":"","overlay-type":"","overlay-color":"","overlay-opacity":"","overlay-gradient":""},"tablet":{"background-color":"var(--ast-global-color-5)","background-image":"","background-repeat":"repeat","background-position":"center center","background-size":"auto","background-attachment":"scroll","background-type":"","background-media":"","overlay-type":"","overlay-color":"","overlay-opacity":"","overlay-gradient":""},"mobile":{"background-color":"var(--ast-global-color-5)","background-image":"","background-repeat":"repeat","background-position":"center center","background-size":"auto","background-attachment":"scroll","background-type":"","background-media":"","overlay-type":"","overlay-color":"","overlay-opacity":"","overlay-gradient":""}},"footnotes":""},"class_list":["post-2197","page","type-page","status-publish","hentry"],"yoast_head":"<!-- This site is optimized with the Yoast SEO plugin v27.1.1 - https:\/\/yoast.com\/product\/yoast-seo-wordpress\/ -->\n<title>Domanda ESTA &quot;in sospeso&quot;: cosa fare?<\/title>\n<meta name=\"description\" content=\"La vostra domanda ESTA riceve la risposta &quot;ESTA in attesa&quot;? Il vostro soggiorno negli Stati Uniti \u00e8 in pericolo? Vi spieghiamo tutto ci\u00f2 che riguarda lo status ESTA.\" \/>\n<meta name=\"robots\" content=\"index, follow, max-snippet:-1, max-image-preview:large, max-video-preview:-1\" \/>\n<link rel=\"canonical\" href=\"https:\/\/123-esta.com\/it\/cosa-fare-se-la-domanda-esta-e-in-attesa\/\" \/>\n<meta property=\"og:locale\" content=\"it_IT\" \/>\n<meta property=\"og:type\" content=\"article\" \/>\n<meta property=\"og:title\" content=\"Domanda ESTA &quot;in sospeso&quot;: cosa fare?\" \/>\n<meta property=\"og:description\" content=\"La vostra domanda ESTA riceve la risposta &quot;ESTA in attesa&quot;? Il vostro soggiorno negli Stati Uniti \u00e8 in pericolo? Vi spieghiamo tutto ci\u00f2 che riguarda lo status ESTA.\" \/>\n<meta property=\"og:url\" content=\"https:\/\/123-esta.com\/it\/cosa-fare-se-la-domanda-esta-e-in-attesa\/\" \/>\n<meta property=\"og:site_name\" content=\"Formulaire ESTA pour les USA\" \/>\n<meta property=\"article:modified_time\" content=\"2022-09-06T21:09:56+00:00\" \/>\n<meta name=\"twitter:card\" content=\"summary_large_image\" \/>\n<meta name=\"twitter:label1\" content=\"Tempo di lettura stimato\" \/>\n\t<meta name=\"twitter:data1\" content=\"4 minuti\" \/>\n<script type=\"application\/ld+json\" class=\"yoast-schema-graph\">{\"@context\":\"https:\/\/schema.org\",\"@graph\":[{\"@type\":\"WebPage\",\"@id\":\"https:\/\/123-esta.com\/it\/cosa-fare-se-la-domanda-esta-e-in-attesa\/\",\"url\":\"https:\/\/123-esta.com\/it\/cosa-fare-se-la-domanda-esta-e-in-attesa\/\",\"name\":\"Domanda ESTA \\\"in sospeso\\\": cosa fare?\",\"isPartOf\":{\"@id\":\"https:\/\/123-esta.com\/it\/#website\"},\"datePublished\":\"2022-07-27T19:33:21+00:00\",\"dateModified\":\"2022-09-06T21:09:56+00:00\",\"description\":\"La vostra domanda ESTA riceve la risposta \\\"ESTA in attesa\\\"? Il vostro soggiorno negli Stati Uniti \u00e8 in pericolo? Vi spieghiamo tutto ci\u00f2 che riguarda lo status ESTA.\",\"inLanguage\":\"it-IT\",\"potentialAction\":[{\"@type\":\"ReadAction\",\"target\":[\"https:\/\/123-esta.com\/it\/cosa-fare-se-la-domanda-esta-e-in-attesa\/\"]}]},{\"@type\":\"WebSite\",\"@id\":\"https:\/\/123-esta.com\/it\/#website\",\"url\":\"https:\/\/123-esta.com\/it\/\",\"name\":\"Formulaire ESTA pour les USA\",\"description\":\"\",\"publisher\":{\"@id\":\"https:\/\/123-esta.com\/it\/#organization\"},\"potentialAction\":[{\"@type\":\"SearchAction\",\"target\":{\"@type\":\"EntryPoint\",\"urlTemplate\":\"https:\/\/123-esta.com\/it\/?s={search_term_string}\"},\"query-input\":{\"@type\":\"PropertyValueSpecification\",\"valueRequired\":true,\"valueName\":\"search_term_string\"}}],\"inLanguage\":\"it-IT\"},{\"@type\":\"Organization\",\"@id\":\"https:\/\/123-esta.com\/it\/#organization\",\"name\":\"Formulaire ESTA pour les USA\",\"url\":\"https:\/\/123-esta.com\/it\/\",\"logo\":{\"@type\":\"ImageObject\",\"inLanguage\":\"it-IT\",\"@id\":\"https:\/\/123-esta.com\/it\/#\/schema\/logo\/image\/\",\"url\":\"https:\/\/123-esta.com\/wp-content\/uploads\/2018\/03\/logo-123-esta.png\",\"contentUrl\":\"https:\/\/123-esta.com\/wp-content\/uploads\/2018\/03\/logo-123-esta.png\",\"width\":191,\"height\":54,\"caption\":\"Formulaire ESTA pour les USA\"},\"image\":{\"@id\":\"https:\/\/123-esta.com\/it\/#\/schema\/logo\/image\/\"}}]}<\/script>\n<!-- \/ Yoast SEO plugin. -->","yoast_head_json":{"title":"Domanda ESTA \"in sospeso\": cosa fare?","description":"La vostra domanda ESTA riceve la risposta \"ESTA in attesa\"? Il vostro soggiorno negli Stati Uniti \u00e8 in pericolo? Vi spieghiamo tutto ci\u00f2 che riguarda lo status ESTA.","robots":{"index":"index","follow":"follow","max-snippet":"max-snippet:-1","max-image-preview":"max-image-preview:large","max-video-preview":"max-video-preview:-1"},"canonical":"https:\/\/123-esta.com\/it\/cosa-fare-se-la-domanda-esta-e-in-attesa\/","og_locale":"it_IT","og_type":"article","og_title":"Domanda ESTA \"in sospeso\": cosa fare?","og_description":"La vostra domanda ESTA riceve la risposta \"ESTA in attesa\"? Il vostro soggiorno negli Stati Uniti \u00e8 in pericolo? Vi spieghiamo tutto ci\u00f2 che riguarda lo status ESTA.","og_url":"https:\/\/123-esta.com\/it\/cosa-fare-se-la-domanda-esta-e-in-attesa\/","og_site_name":"Formulaire ESTA pour les USA","article_modified_time":"2022-09-06T21:09:56+00:00","twitter_card":"summary_large_image","twitter_misc":{"Tempo di lettura stimato":"4 minuti"},"schema":{"@context":"https:\/\/schema.org","@graph":[{"@type":"WebPage","@id":"https:\/\/123-esta.com\/it\/cosa-fare-se-la-domanda-esta-e-in-attesa\/","url":"https:\/\/123-esta.com\/it\/cosa-fare-se-la-domanda-esta-e-in-attesa\/","name":"Domanda ESTA \"in sospeso\": cosa fare?","isPartOf":{"@id":"https:\/\/123-esta.com\/it\/#website"},"datePublished":"2022-07-27T19:33:21+00:00","dateModified":"2022-09-06T21:09:56+00:00","description":"La vostra domanda ESTA riceve la risposta \"ESTA in attesa\"? Il vostro soggiorno negli Stati Uniti \u00e8 in pericolo? Vi spieghiamo tutto ci\u00f2 che riguarda lo status ESTA.","inLanguage":"it-IT","potentialAction":[{"@type":"ReadAction","target":["https:\/\/123-esta.com\/it\/cosa-fare-se-la-domanda-esta-e-in-attesa\/"]}]},{"@type":"WebSite","@id":"https:\/\/123-esta.com\/it\/#website","url":"https:\/\/123-esta.com\/it\/","name":"Formulaire ESTA pour les USA","description":"","publisher":{"@id":"https:\/\/123-esta.com\/it\/#organization"},"potentialAction":[{"@type":"SearchAction","target":{"@type":"EntryPoint","urlTemplate":"https:\/\/123-esta.com\/it\/?s={search_term_string}"},"query-input":{"@type":"PropertyValueSpecification","valueRequired":true,"valueName":"search_term_string"}}],"inLanguage":"it-IT"},{"@type":"Organization","@id":"https:\/\/123-esta.com\/it\/#organization","name":"Formulaire ESTA pour les USA","url":"https:\/\/123-esta.com\/it\/","logo":{"@type":"ImageObject","inLanguage":"it-IT","@id":"https:\/\/123-esta.com\/it\/#\/schema\/logo\/image\/","url":"https:\/\/123-esta.com\/wp-content\/uploads\/2018\/03\/logo-123-esta.png","contentUrl":"https:\/\/123-esta.com\/wp-content\/uploads\/2018\/03\/logo-123-esta.png","width":191,"height":54,"caption":"Formulaire ESTA pour les USA"},"image":{"@id":"https:\/\/123-esta.com\/it\/#\/schema\/logo\/image\/"}}]}},"_links":{"self":[{"href":"https:\/\/123-esta.com\/it\/wp-json\/wp\/v2\/pages\/2197","targetHints":{"allow":["GET"]}}],"collection":[{"href":"https:\/\/123-esta.com\/it\/wp-json\/wp\/v2\/pages"}],"about":[{"href":"https:\/\/123-esta.com\/it\/wp-json\/wp\/v2\/types\/page"}],"author":[{"embeddable":true,"href":"https:\/\/123-esta.com\/it\/wp-json\/wp\/v2\/users\/1"}],"replies":[{"embeddable":true,"href":"https:\/\/123-esta.com\/it\/wp-json\/wp\/v2\/comments?post=2197"}],"version-history":[{"count":0,"href":"https:\/\/123-esta.com\/it\/wp-json\/wp\/v2\/pages\/2197\/revisions"}],"wp:attachment":[{"href":"https:\/\/123-esta.com\/it\/wp-json\/wp\/v2\/media?parent=2197"}],"curies":[{"name":"wp","href":"https:\/\/api.w.org\/{rel}","templated":true}]}}