{"id":2186,"date":"2022-07-27T21:33:20","date_gmt":"2022-07-27T19:33:20","guid":{"rendered":"https:\/\/123-esta.com\/a-quando-deve-richiedere-il-rinnovo-isa\/"},"modified":"2022-08-23T22:01:49","modified_gmt":"2022-08-23T20:01:49","slug":"a-quando-deve-richiedere-il-rinnovo-esta","status":"publish","type":"page","link":"https:\/\/123-esta.com\/it\/a-quando-deve-richiedere-il-rinnovo-esta\/","title":{"rendered":"Quando devo richiedere il rinnovo dell&#8217;ESTA?"},"content":{"rendered":"\n<p>L&#8217;autorizzazione ESTA consente ai cittadini di alcuni Paesi di recarsi negli Stati Uniti senza dover richiedere un visto turistico.<\/p>\n\n<p>Questo ha semplificato il processo per milioni di viaggiatori in tutto il mondo, ma l&#8217;autorizzazione, per quanto comoda, non \u00e8 illimitata nel tempo. Arriva il momento in cui \u00e8 necessario presentare una nuova domanda ESTA. \u00c8 anche possibile che il rinnovo dell&#8217;ESTA debba essere effettuato per motivi diversi dalla data di validit\u00e0.<\/p>\n\n<p>e esamineremo i diversi scenari in cui \u00e8 necessario rinnovare l&#8217;ESTA per poter entrare negli Stati Uniti senza ostacoli.<\/p>\n\n<h2 class=\"wp-block-heading\">Rinnovo dell&#8217;ESTA per scadenza della validit\u00e0<\/h2>\n\n<p>Il motivo pi\u00f9 comune per rinnovare l&#8217;ESTA \u00e8 la scadenza dell&#8217;autorizzazione di viaggio negli Stati Uniti. Dalla data di emissione, l&#8217;ESTA \u00e8 collegato al passaporto biometrico o al passaporto elettronico per un periodo di 2 anni. Dopo questo periodo, \u00e8 necessario rinnovare l&#8217;ESTA se si intende viaggiare negli Stati Uniti.<\/p>\n\n<h2 class=\"wp-block-heading\">Rinnovo dell&#8217;ESTA<span style=\"font-weight: 400;\"> a seguito di un cambio di passaporto<\/span><\/h2>\n\n<p>Come abbiamo appena visto, l&#8217;ESTA \u00e8 collegato al passaporto per 2 anni. Ma cosa succede se non avete pi\u00f9 un <a href=\"https:\/\/123-esta.com\/it\/esta-usa-passaporto\/\">passaporto valido<\/a> e ne ottenete uno nuovo prima della scadenza dei due anni? Poich\u00e9 l&#8217;autorizzazione e il passaporto sono inscindibili, un nuovo passaporto rende obbligatorio il rinnovo dell&#8217;ESTA. \u00c8 necessario ricominciare la procedura di richiesta dell&#8217;ESTA con i nuovi dati del passaporto (anche se il numero e la data di validit\u00e0 del passaporto sono di solito le uniche modifiche evidenti). Non rinnovare l&#8217;ESTA, pensando che sia ancora valido entro il periodo di 2 anni, \u00e8 un errore, poich\u00e9 l&#8217;autorizzazione perde automaticamente la sua validit\u00e0 alla data di scadenza del vecchio passaporto.<\/p>\n\n<h2 class=\"wp-block-heading\">Rinnovo dell&#8217;ESTA per modifica delle informazioni<\/h2>\n\n<p>Il rinnovo dell&#8217;ESTA \u00e8 obbligatorio anche se le informazioni personali cambiano durante il <a href=\"https:\/\/123-esta.com\/it\/tutto-sulla-validita-esta\/\">periodo di validit\u00e0<\/a>. Per modifica dei dati personali si intende un cambiamento di nome, nazionalit\u00e0 o paese di residenza. Allo stesso modo, se le vostre risposte relative alla sicurezza interna degli Stati Uniti sono cambiate rispetto alla prima domanda, \u00e8 necessario rinnovare l&#8217;ESTA.<\/p>\n\n<p>Ricordate che il personale delle compagnie aeree o di spedizione verificher\u00e0 se siete in possesso del documento ESTA prima di imbarcarvi sul volo per gli Stati Uniti.<\/p>\n\n<p>Tenete presente che l&#8217;ESTA \u00e8 necessaria solo per i viaggi turistici, d&#8217;affari o di transito negli Stati Uniti verso la vostra destinazione finale. La durata del soggiorno negli Stati Uniti non deve superare i 90 giorni.<\/p>\n\n<h2 class=\"wp-block-heading\">Richiedere un nuovo ESTA<\/h2>\n\n<p>Ora che sappiamo quando \u00e8 necessario il rinnovo dell&#8217;ESTA, vediamo come richiedere l&#8217;autorizzazione. In teoria \u00e8 molto semplice, perch\u00e9 bisogna seguire esattamente gli stessi passaggi della prima volta.<\/p>\n\n<p>Non \u00e8 necessario recarsi all&#8217;ambasciata statunitense: l&#8217;intero processo si svolge tramite una domanda online sul sito web del governo o attraverso i servizi di un sito web privato, come il nostro partner.<\/p>\n\n<p>Il passaporto biometrico o elettronico \u00e8 ancora un requisito obbligatorio.<\/p>\n\n<p>Compilare il modulo ESTA come prima. Naturalmente, prestate particolare attenzione all&#8217;accuratezza delle informazioni fornite, soprattutto se queste cambiano. Una volta completato il modulo online, dovrete pagare nuovamente la tassa amministrativa.<\/p>\n\n<p>Da quel momento in poi, non dovrete far altro che attendere la risposta delle autorit\u00e0 statunitensi alla vostra nuova domanda.<\/p>\n\n<p>Ricordate che dovete tornare regolarmente sul sito web del governo per controllare lo stato della vostra domanda (un fornitore di servizi privato, come il nostro partner, vi informer\u00e0 in tempo reale sullo stato di avanzamento della vostra domanda).<\/p>\n\n<p>Il vostro ESTA USA pu\u00f2 essere accettato immediatamente o pu\u00f2 essere messo in &#8220;attesa&#8221;, se gli agenti incaricati di controllare le domande hanno bisogno di pi\u00f9 tempo.<\/p>\n\n<p>Non \u00e8 impossibile che vi venga<a href=\"https:\/\/123-esta.com\/it\/ragioni-per-un-esta-rifiutato\/\">rifiutato l&#8217;ESTA<\/a> in seguito alla vostra nuova domanda.<\/p>\n\n<p>Ci\u00f2 pu\u00f2 significare che, in seguito a modifiche delle informazioni o della nazionalit\u00e0, non si \u00e8 pi\u00f9 idonei a partecipare al Programma Viaggio senza Visto (Visa Waiver Programme). In questo caso, dovrete contattare l&#8217;ambasciata o il consolato statunitense locale per richiedere un visto turistico per gli Stati Uniti. Un colloquio con un funzionario consolare determiner\u00e0 se siete idonei o meno a ottenere un visto turistico. Se il rifiuto \u00e8 dovuto a un errore di copia, \u00e8 possibile presentare una nuova domanda ESTA dopo il precedente rifiuto.<\/p>\n","protected":false},"excerpt":{"rendered":"<p>L&#8217;autorizzazione ESTA consente ai cittadini di alcuni Paesi di recarsi negli Stati Uniti senza dover richiedere un visto turistico. Questo ha semplificato il processo per milioni di viaggiatori in tutto il mondo, ma l&#8217;autorizzazione, per quanto comoda, non \u00e8 illimitata nel tempo. Arriva il momento in cui \u00e8 necessario presentare una nuova domanda ESTA. \u00c8 [&hellip;]<\/p>\n","protected":false},"author":1,"featured_media":0,"parent":0,"menu_order":0,"comment_status":"closed","ping_status":"closed","template":"","meta":{"site-sidebar-layout":"default","site-content-layout":"default","ast-site-content-layout":"default","site-content-style":"default","site-sidebar-style":"default","ast-global-header-display":"","ast-banner-title-visibility":"","ast-main-header-display":"","ast-hfb-above-header-display":"","ast-hfb-below-header-display":"","ast-hfb-mobile-header-display":"","site-post-title":"","ast-breadcrumbs-content":"","ast-featured-img":"","footer-sml-layout":"","ast-disable-related-posts":"","theme-transparent-header-meta":"default","adv-header-id-meta":"","stick-header-meta":"default","header-above-stick-meta":"","header-main-stick-meta":"","header-below-stick-meta":"","astra-migrate-meta-layouts":"default","ast-page-background-enabled":"default","ast-page-background-meta":{"desktop":{"background-color":"","background-image":"","background-repeat":"repeat","background-position":"center center","background-size":"auto","background-attachment":"scroll","background-type":"","background-media":"","overlay-type":"","overlay-color":"","overlay-opacity":"","overlay-gradient":""},"tablet":{"background-color":"","background-image":"","background-repeat":"repeat","background-position":"center center","background-size":"auto","background-attachment":"scroll","background-type":"","background-media":"","overlay-type":"","overlay-color":"","overlay-opacity":"","overlay-gradient":""},"mobile":{"background-color":"","background-image":"","background-repeat":"repeat","background-position":"center center","background-size":"auto","background-attachment":"scroll","background-type":"","background-media":"","overlay-type":"","overlay-color":"","overlay-opacity":"","overlay-gradient":""}},"ast-content-background-meta":{"desktop":{"background-color":"var(--ast-global-color-5)","background-image":"","background-repeat":"repeat","background-position":"center center","background-size":"auto","background-attachment":"scroll","background-type":"","background-media":"","overlay-type":"","overlay-color":"","overlay-opacity":"","overlay-gradient":""},"tablet":{"background-color":"var(--ast-global-color-5)","background-image":"","background-repeat":"repeat","background-position":"center center","background-size":"auto","background-attachment":"scroll","background-type":"","background-media":"","overlay-type":"","overlay-color":"","overlay-opacity":"","overlay-gradient":""},"mobile":{"background-color":"var(--ast-global-color-5)","background-image":"","background-repeat":"repeat","background-position":"center center","background-size":"auto","background-attachment":"scroll","background-type":"","background-media":"","overlay-type":"","overlay-color":"","overlay-opacity":"","overlay-gradient":""}},"footnotes":""},"class_list":["post-2186","page","type-page","status-publish","hentry"],"yoast_head":"<!-- This site is optimized with the Yoast SEO plugin v27.1.1 - https:\/\/yoast.com\/product\/yoast-seo-wordpress\/ -->\n<title>Quando \u00e8 necessario rinnovare l&#039;ESTA per gli Stati Uniti?<\/title>\n<meta name=\"description\" content=\"Dovete recarvi negli Stati Uniti, ma non siete sicuri di dover rinnovare l&#039;ESTA? Vi spieghiamo quando \u00e8 necessario ripresentare la domanda.\" \/>\n<meta name=\"robots\" content=\"index, follow, max-snippet:-1, max-image-preview:large, max-video-preview:-1\" \/>\n<link rel=\"canonical\" href=\"https:\/\/123-esta.com\/it\/a-quando-deve-richiedere-il-rinnovo-esta\/\" \/>\n<meta property=\"og:locale\" content=\"it_IT\" \/>\n<meta property=\"og:type\" content=\"article\" \/>\n<meta property=\"og:title\" content=\"Quando \u00e8 necessario rinnovare l&#039;ESTA per gli Stati Uniti?\" \/>\n<meta property=\"og:description\" content=\"Dovete recarvi negli Stati Uniti, ma non siete sicuri di dover rinnovare l&#039;ESTA? Vi spieghiamo quando \u00e8 necessario ripresentare la domanda.\" \/>\n<meta property=\"og:url\" content=\"https:\/\/123-esta.com\/it\/a-quando-deve-richiedere-il-rinnovo-esta\/\" \/>\n<meta property=\"og:site_name\" content=\"Formulaire ESTA pour les USA\" \/>\n<meta property=\"article:modified_time\" content=\"2022-08-23T20:01:49+00:00\" \/>\n<meta name=\"twitter:card\" content=\"summary_large_image\" \/>\n<meta name=\"twitter:label1\" content=\"Tempo di lettura stimato\" \/>\n\t<meta name=\"twitter:data1\" content=\"3 minuti\" \/>\n<script type=\"application\/ld+json\" class=\"yoast-schema-graph\">{\"@context\":\"https:\/\/schema.org\",\"@graph\":[{\"@type\":\"WebPage\",\"@id\":\"https:\/\/123-esta.com\/it\/a-quando-deve-richiedere-il-rinnovo-esta\/\",\"url\":\"https:\/\/123-esta.com\/it\/a-quando-deve-richiedere-il-rinnovo-esta\/\",\"name\":\"Quando \u00e8 necessario rinnovare l'ESTA per gli Stati Uniti?\",\"isPartOf\":{\"@id\":\"https:\/\/123-esta.com\/it\/#website\"},\"datePublished\":\"2022-07-27T19:33:20+00:00\",\"dateModified\":\"2022-08-23T20:01:49+00:00\",\"description\":\"Dovete recarvi negli Stati Uniti, ma non siete sicuri di dover rinnovare l'ESTA? Vi spieghiamo quando \u00e8 necessario ripresentare la domanda.\",\"inLanguage\":\"it-IT\",\"potentialAction\":[{\"@type\":\"ReadAction\",\"target\":[\"https:\/\/123-esta.com\/it\/a-quando-deve-richiedere-il-rinnovo-esta\/\"]}]},{\"@type\":\"WebSite\",\"@id\":\"https:\/\/123-esta.com\/it\/#website\",\"url\":\"https:\/\/123-esta.com\/it\/\",\"name\":\"Formulaire ESTA pour les USA\",\"description\":\"\",\"publisher\":{\"@id\":\"https:\/\/123-esta.com\/it\/#organization\"},\"potentialAction\":[{\"@type\":\"SearchAction\",\"target\":{\"@type\":\"EntryPoint\",\"urlTemplate\":\"https:\/\/123-esta.com\/it\/?s={search_term_string}\"},\"query-input\":{\"@type\":\"PropertyValueSpecification\",\"valueRequired\":true,\"valueName\":\"search_term_string\"}}],\"inLanguage\":\"it-IT\"},{\"@type\":\"Organization\",\"@id\":\"https:\/\/123-esta.com\/it\/#organization\",\"name\":\"Formulaire ESTA pour les USA\",\"url\":\"https:\/\/123-esta.com\/it\/\",\"logo\":{\"@type\":\"ImageObject\",\"inLanguage\":\"it-IT\",\"@id\":\"https:\/\/123-esta.com\/it\/#\/schema\/logo\/image\/\",\"url\":\"https:\/\/123-esta.com\/wp-content\/uploads\/2018\/03\/logo-123-esta.png\",\"contentUrl\":\"https:\/\/123-esta.com\/wp-content\/uploads\/2018\/03\/logo-123-esta.png\",\"width\":191,\"height\":54,\"caption\":\"Formulaire ESTA pour les USA\"},\"image\":{\"@id\":\"https:\/\/123-esta.com\/it\/#\/schema\/logo\/image\/\"}}]}<\/script>\n<!-- \/ Yoast SEO plugin. -->","yoast_head_json":{"title":"Quando \u00e8 necessario rinnovare l'ESTA per gli Stati Uniti?","description":"Dovete recarvi negli Stati Uniti, ma non siete sicuri di dover rinnovare l'ESTA? Vi spieghiamo quando \u00e8 necessario ripresentare la domanda.","robots":{"index":"index","follow":"follow","max-snippet":"max-snippet:-1","max-image-preview":"max-image-preview:large","max-video-preview":"max-video-preview:-1"},"canonical":"https:\/\/123-esta.com\/it\/a-quando-deve-richiedere-il-rinnovo-esta\/","og_locale":"it_IT","og_type":"article","og_title":"Quando \u00e8 necessario rinnovare l'ESTA per gli Stati Uniti?","og_description":"Dovete recarvi negli Stati Uniti, ma non siete sicuri di dover rinnovare l'ESTA? Vi spieghiamo quando \u00e8 necessario ripresentare la domanda.","og_url":"https:\/\/123-esta.com\/it\/a-quando-deve-richiedere-il-rinnovo-esta\/","og_site_name":"Formulaire ESTA pour les USA","article_modified_time":"2022-08-23T20:01:49+00:00","twitter_card":"summary_large_image","twitter_misc":{"Tempo di lettura stimato":"3 minuti"},"schema":{"@context":"https:\/\/schema.org","@graph":[{"@type":"WebPage","@id":"https:\/\/123-esta.com\/it\/a-quando-deve-richiedere-il-rinnovo-esta\/","url":"https:\/\/123-esta.com\/it\/a-quando-deve-richiedere-il-rinnovo-esta\/","name":"Quando \u00e8 necessario rinnovare l'ESTA per gli Stati Uniti?","isPartOf":{"@id":"https:\/\/123-esta.com\/it\/#website"},"datePublished":"2022-07-27T19:33:20+00:00","dateModified":"2022-08-23T20:01:49+00:00","description":"Dovete recarvi negli Stati Uniti, ma non siete sicuri di dover rinnovare l'ESTA? Vi spieghiamo quando \u00e8 necessario ripresentare la domanda.","inLanguage":"it-IT","potentialAction":[{"@type":"ReadAction","target":["https:\/\/123-esta.com\/it\/a-quando-deve-richiedere-il-rinnovo-esta\/"]}]},{"@type":"WebSite","@id":"https:\/\/123-esta.com\/it\/#website","url":"https:\/\/123-esta.com\/it\/","name":"Formulaire ESTA pour les USA","description":"","publisher":{"@id":"https:\/\/123-esta.com\/it\/#organization"},"potentialAction":[{"@type":"SearchAction","target":{"@type":"EntryPoint","urlTemplate":"https:\/\/123-esta.com\/it\/?s={search_term_string}"},"query-input":{"@type":"PropertyValueSpecification","valueRequired":true,"valueName":"search_term_string"}}],"inLanguage":"it-IT"},{"@type":"Organization","@id":"https:\/\/123-esta.com\/it\/#organization","name":"Formulaire ESTA pour les USA","url":"https:\/\/123-esta.com\/it\/","logo":{"@type":"ImageObject","inLanguage":"it-IT","@id":"https:\/\/123-esta.com\/it\/#\/schema\/logo\/image\/","url":"https:\/\/123-esta.com\/wp-content\/uploads\/2018\/03\/logo-123-esta.png","contentUrl":"https:\/\/123-esta.com\/wp-content\/uploads\/2018\/03\/logo-123-esta.png","width":191,"height":54,"caption":"Formulaire ESTA pour les USA"},"image":{"@id":"https:\/\/123-esta.com\/it\/#\/schema\/logo\/image\/"}}]}},"_links":{"self":[{"href":"https:\/\/123-esta.com\/it\/wp-json\/wp\/v2\/pages\/2186","targetHints":{"allow":["GET"]}}],"collection":[{"href":"https:\/\/123-esta.com\/it\/wp-json\/wp\/v2\/pages"}],"about":[{"href":"https:\/\/123-esta.com\/it\/wp-json\/wp\/v2\/types\/page"}],"author":[{"embeddable":true,"href":"https:\/\/123-esta.com\/it\/wp-json\/wp\/v2\/users\/1"}],"replies":[{"embeddable":true,"href":"https:\/\/123-esta.com\/it\/wp-json\/wp\/v2\/comments?post=2186"}],"version-history":[{"count":0,"href":"https:\/\/123-esta.com\/it\/wp-json\/wp\/v2\/pages\/2186\/revisions"}],"wp:attachment":[{"href":"https:\/\/123-esta.com\/it\/wp-json\/wp\/v2\/media?parent=2186"}],"curies":[{"name":"wp","href":"https:\/\/api.w.org\/{rel}","templated":true}]}}