{"id":2185,"date":"2022-07-27T21:33:20","date_gmt":"2022-07-27T19:33:20","guid":{"rendered":"https:\/\/123-esta.com\/visto-turistico-per-gli-stati-uniti\/"},"modified":"2022-09-15T09:28:12","modified_gmt":"2022-09-15T07:28:12","slug":"visto-turistico-stati-uniti","status":"publish","type":"page","link":"https:\/\/123-esta.com\/it\/visto-turistico-stati-uniti\/","title":{"rendered":"Visto turistico USA &#8211; Visto B2"},"content":{"rendered":"\n<p>Quando ci si reca negli Stati Uniti per turismo, ci sono diversi modi per ottenere un visto di visita per entrare nel Paese. Lo scopo turistico di un viaggio indica il tipo di visto che il viaggiatore deve richiedere all&#8217;amministrazione statunitense. Il visto turistico per gli Stati Uniti si richiede online via Internet.<\/p>\n\n<p><strong>Per un soggiorno negli Stati Uniti inferiore a 90 giorni<\/strong>: non \u00e8 necessario richiedere un visto turistico per gli Stati Uniti, \u00e8 possibile espletare le formalit\u00e0 direttamente online e ottenere un&#8217;autorizzazione elettronica di viaggio ESTA in pochi minuti cliccando sul<a href=\"https:\/\/123-esta.com\/it\/forma-esta\/\"> modulo online<\/a>.<\/p>\n\n<p>Il visto turistico statunitense per un soggiorno di oltre 90 giorni consecutivi \u00e8 il visto B2. Questo visto per visitatori consente di soggiornare negli Stati Uniti per motivi di turismo o di svago, o per visitare i familiari che vivono negli Stati Uniti.  <\/p>\n\n<h2 class=\"wp-block-heading\">Cos&#8217;\u00e8 il visto turistico B2 per gli Stati Uniti<\/h2>\n\n<p>Il visto B2 \u00e8 un visto turistico che i viaggiatori stranieri ottengono dall&#8217;amministrazione statunitense nel loro Paese di residenza. Questo visto consente ai viaggiatori di soggiornare negli Stati Uniti per pi\u00f9 di 90 giorni consecutivi. Questo tipo di <a href=\"https:\/\/usa-esta.net\/it\/visto-stati-uniti\/visto-b2\/\">visto turistico statunitense<\/a> \u00e8 diventato meno popolare da quando, nel 2009, gli Stati Uniti hanno introdotto l&#8217;Electronic Travel Authorisation, che esenta i viaggiatori dall&#8217;ottenere un visto per un soggiorno inferiore a 90 giorni.<\/p>\n\n<h2 class=\"wp-block-heading\">Chi pu\u00f2 richiedere un visto turistico per gli Stati Uniti?<\/h2>\n\n<p>Il visto turistico B2 pu\u00f2 essere richiesto da tutti i viaggiatori che desiderano soggiornare negli Stati Uniti per 6 mesi. Anche i cittadini dei Paesi VWP (Visa Waiver Program) possono richiedere un visto quando il loro soggiorno turistico negli Stati Uniti \u00e8 previsto per pi\u00f9 di 90 giorni.<\/p>\n\n<h2 class=\"wp-block-heading\">Quali sono i criteri di ammissibilit\u00e0?<\/h2>\n\n<p>I principali criteri per richiedere un visto turistico per gli Stati Uniti sono<\/p>\n\n<ul class=\"wp-block-list\"><li>Dovete disporre di mezzi finanziari sufficienti per pagare l&#8217;intero soggiorno negli Stati Uniti;<\/li><li>Non dovete pianificare di lavorare negli Stati Uniti, n\u00e9 cercare lavoro mentre siete l\u00ec;<\/li><li>Dovete inoltre dimostrare di avere intenzione di tornare nel vostro Paese d&#8217;origine al termine del vostro soggiorno negli Stati Uniti.<\/li><\/ul>\n\n<h2 class=\"wp-block-heading\">Quali attivit\u00e0 sono consentite con il visto turistico B2<\/h2>\n\n<p>Una volta ottenuto il visto turistico B2, potrete svolgere le seguenti attivit\u00e0:<\/p>\n\n<ul class=\"wp-block-list\"><li>Potrete trascorrere un soggiorno turistico in tutto il Paese, praticando ogni tipo di attivit\u00e0 ricreativa sul posto;<\/li><li>Negli Stati Uniti \u00e8 possibile assistere a eventi sportivi e musicali;<\/li><li>Sar\u00e0 inoltre possibile sottoporsi a cure mediche, se necessario;<\/li><li>Potrete visitare la vostra famiglia negli Stati Uniti o i vostri amici.<\/li><\/ul>\n\n<h2 class=\"wp-block-heading\">foto di un visto turistico B2<\/h2>\n\n<figure class=\"wp-block-image size-full\"><img fetchpriority=\"high\" decoding=\"async\" width=\"2214\" height=\"1464\" src=\"https:\/\/123-esta.com\/wp-content\/uploads\/2022\/07\/visa-usa-tourist.jpg\" alt=\"Visto turistico USA - Visto B2\" class=\"wp-image-2022\" srcset=\"https:\/\/123-esta.com\/wp-content\/uploads\/2022\/07\/visa-usa-tourist.jpg 2214w, https:\/\/123-esta.com\/wp-content\/uploads\/2022\/07\/visa-usa-tourist-300x198.jpg 300w, https:\/\/123-esta.com\/wp-content\/uploads\/2022\/07\/visa-usa-tourist-1024x677.jpg 1024w, https:\/\/123-esta.com\/wp-content\/uploads\/2022\/07\/visa-usa-tourist-768x508.jpg 768w, https:\/\/123-esta.com\/wp-content\/uploads\/2022\/07\/visa-usa-tourist-1536x1016.jpg 1536w, https:\/\/123-esta.com\/wp-content\/uploads\/2022\/07\/visa-usa-tourist-2048x1354.jpg 2048w\" sizes=\"(max-width: 2214px) 100vw, 2214px\" \/><figcaption>Foto del visto turistico USA &#8211; Visto B2 USA<\/figcaption><\/figure>\n\n<h2 class=\"wp-block-heading\">Domanda di visto turistico per gli Stati Uniti<\/h2>\n\n<p>La richiesta di un visto B2 si effettua via Internet sul sito ufficiale <a href=\"https:\/\/www.uscis.gov\/\">uscis.gov.<\/a> Al termine della procedura di richiesta del visto statunitense online, i viaggiatori devono sostenere un colloquio visitando l&#8217;ambasciata o il consolato degli Stati Uniti nel Paese di residenza.<\/p>\n\n<p>La richiesta di un visto turistico per gli Stati Uniti si svolge come segue:<\/p>\n\n<ol class=\"wp-block-list\"><li>Il viaggiatore deve prima compilare il modulo DS-160 online;<\/li><li>Al termine del modulo online, al richiedente viene chiesto di pagare la tassa amministrativa per l&#8217;elaborazione della domanda di visto, pari a 160 dollari;<\/li><li>Per completare la domanda, il viaggiatore deve scannerizzare e allegare i documenti di supporto alla domanda di visto online;<\/li><li>Una volta completata la domanda online, il richiedente il visto deve fissare un colloquio con il Consolato degli Stati Uniti;<\/li><\/ol>\n\n<h3 class=\"wp-block-heading\">Quali sono i documenti di supporto per un visto turistico<\/h3>\n\n<p>Tutti i documenti giustificativi da allegare alla domanda di visto devono essere scansionati. Questi documenti sono essenziali per l&#8217;elaborazione della domanda di visto.  <\/p>\n\n<p>L&#8217;elenco completo dei documenti necessari per ottenere un visto turistico per gli Stati Uniti \u00e8 il seguente:  <\/p>\n\n<ul class=\"wp-block-list\"><li>\u00c8 necessario dimostrare di essere in possesso di un passaporto con pi\u00f9 di 6 mesi di validit\u00e0 residua;<\/li><li>\u00c8 necessario allegare una fototessera conforme alle norme statunitensi in materia di visti;<\/li><li>\u00c8 necessario allegare i documenti che attestino l&#8217;invio del modulo DS-160 e il pagamento della tassa amministrativa per il visto (160 dollari);<\/li><li>Dovete aver fissato il colloquio con il Consolato degli Stati Uniti;<\/li><li>Dovrete inoltre allegare una lettera personale che descriva il motivo del vostro viaggio negli Stati Uniti;<\/li><li>\u00c8 necessario dimostrare la capacit\u00e0 finanziaria di coprire l&#8217;intero viaggio negli Stati Uniti, che ammonta a quasi 300 dollari al giorno per persona.<\/li><li>Dovrete inoltre dimostrare che i legami con il vostro Paese d&#8217;origine sono reali e che vi riporteranno negli Stati Uniti dopo il vostro soggiorno;<\/li><li>Infine, \u00e8 necessario fornire una fedina penale pulita che dimostri l&#8217;assenza di condanne recenti.<\/li><\/ul>\n\n<h2 class=\"wp-block-heading\">Tempo per ottenere un visto turistico per gli Stati Uniti<\/h2>\n\n<p>I tempi di elaborazione di un visto turistico variano notevolmente: possono durare da una settimana a diversi mesi. La durata dipende dal consolato a cui ci si rivolge e dal suo carico di lavoro al momento della richiesta.<\/p>\n\n<h2 class=\"wp-block-heading\">Durata della validit\u00e0 e proroga del visto turistico B2<\/h2>\n\n<p>Il visto turistico USA B2 \u00e8 valido per 5 anni. Tuttavia, non \u00e8 possibile soggiornare per pi\u00f9 di 6 mesi consecutivi. Dopo 6 mesi dovete lasciare gli Stati Uniti e tornare nel vostro Paese.<\/p>\n\n<p>\u00c8 possibile ottenere un&#8217;estensione del visto turistico per soggiornare per altri 6 mesi dopo la validit\u00e0 iniziale del visto. Per ottenere un&#8217;estensione, \u00e8 necessario farne richiesta almeno 8 settimane prima della scadenza del visto B2.<\/p>\n","protected":false},"excerpt":{"rendered":"<p>Quando ci si reca negli Stati Uniti per turismo, ci sono diversi modi per ottenere un visto di visita per entrare nel Paese. Lo scopo turistico di un viaggio indica il tipo di visto che il viaggiatore deve richiedere all&#8217;amministrazione statunitense. Il visto turistico per gli Stati Uniti si richiede online via Internet. Per un [&hellip;]<\/p>\n","protected":false},"author":1,"featured_media":0,"parent":0,"menu_order":0,"comment_status":"closed","ping_status":"closed","template":"","meta":{"site-sidebar-layout":"default","site-content-layout":"","ast-site-content-layout":"default","site-content-style":"default","site-sidebar-style":"default","ast-global-header-display":"","ast-banner-title-visibility":"","ast-main-header-display":"","ast-hfb-above-header-display":"","ast-hfb-below-header-display":"","ast-hfb-mobile-header-display":"","site-post-title":"","ast-breadcrumbs-content":"","ast-featured-img":"","footer-sml-layout":"","ast-disable-related-posts":"","theme-transparent-header-meta":"","adv-header-id-meta":"","stick-header-meta":"","header-above-stick-meta":"","header-main-stick-meta":"","header-below-stick-meta":"","astra-migrate-meta-layouts":"default","ast-page-background-enabled":"default","ast-page-background-meta":{"desktop":{"background-color":"","background-image":"","background-repeat":"repeat","background-position":"center center","background-size":"auto","background-attachment":"scroll","background-type":"","background-media":"","overlay-type":"","overlay-color":"","overlay-opacity":"","overlay-gradient":""},"tablet":{"background-color":"","background-image":"","background-repeat":"repeat","background-position":"center center","background-size":"auto","background-attachment":"scroll","background-type":"","background-media":"","overlay-type":"","overlay-color":"","overlay-opacity":"","overlay-gradient":""},"mobile":{"background-color":"","background-image":"","background-repeat":"repeat","background-position":"center center","background-size":"auto","background-attachment":"scroll","background-type":"","background-media":"","overlay-type":"","overlay-color":"","overlay-opacity":"","overlay-gradient":""}},"ast-content-background-meta":{"desktop":{"background-color":"var(--ast-global-color-5)","background-image":"","background-repeat":"repeat","background-position":"center center","background-size":"auto","background-attachment":"scroll","background-type":"","background-media":"","overlay-type":"","overlay-color":"","overlay-opacity":"","overlay-gradient":""},"tablet":{"background-color":"var(--ast-global-color-5)","background-image":"","background-repeat":"repeat","background-position":"center center","background-size":"auto","background-attachment":"scroll","background-type":"","background-media":"","overlay-type":"","overlay-color":"","overlay-opacity":"","overlay-gradient":""},"mobile":{"background-color":"var(--ast-global-color-5)","background-image":"","background-repeat":"repeat","background-position":"center center","background-size":"auto","background-attachment":"scroll","background-type":"","background-media":"","overlay-type":"","overlay-color":"","overlay-opacity":"","overlay-gradient":""}},"footnotes":""},"class_list":["post-2185","page","type-page","status-publish","hentry"],"yoast_head":"<!-- This site is optimized with the Yoast SEO plugin v27.1.1 - https:\/\/yoast.com\/product\/yoast-seo-wordpress\/ -->\n<title>Visto turistico USA - Visto B2<\/title>\n<meta name=\"description\" content=\"Come ottenere un visto turistico per gli Stati Uniti. Scoprite tutte le informazioni necessarie per richiedere con successo un visto.\" \/>\n<meta name=\"robots\" content=\"index, follow, max-snippet:-1, max-image-preview:large, max-video-preview:-1\" \/>\n<link rel=\"canonical\" href=\"https:\/\/123-esta.com\/it\/visto-turistico-stati-uniti\/\" \/>\n<meta property=\"og:locale\" content=\"it_IT\" \/>\n<meta property=\"og:type\" content=\"article\" \/>\n<meta property=\"og:title\" content=\"Visto turistico USA - Visto B2\" \/>\n<meta property=\"og:description\" content=\"Come ottenere un visto turistico per gli Stati Uniti. Scoprite tutte le informazioni necessarie per richiedere con successo un visto.\" \/>\n<meta property=\"og:url\" content=\"https:\/\/123-esta.com\/it\/visto-turistico-stati-uniti\/\" \/>\n<meta property=\"og:site_name\" content=\"Formulaire ESTA pour les USA\" \/>\n<meta property=\"article:modified_time\" content=\"2022-09-15T07:28:12+00:00\" \/>\n<meta property=\"og:image\" content=\"https:\/\/123-esta.com\/wp-content\/uploads\/2022\/07\/visa-usa-tourist.jpg\" \/>\n<meta name=\"twitter:card\" content=\"summary_large_image\" \/>\n<meta name=\"twitter:label1\" content=\"Tempo di lettura stimato\" \/>\n\t<meta name=\"twitter:data1\" content=\"4 minuti\" \/>\n<script type=\"application\/ld+json\" class=\"yoast-schema-graph\">{\"@context\":\"https:\/\/schema.org\",\"@graph\":[{\"@type\":\"WebPage\",\"@id\":\"https:\/\/123-esta.com\/it\/visto-turistico-stati-uniti\/\",\"url\":\"https:\/\/123-esta.com\/it\/visto-turistico-stati-uniti\/\",\"name\":\"Visto turistico USA - Visto B2\",\"isPartOf\":{\"@id\":\"https:\/\/123-esta.com\/it\/#website\"},\"primaryImageOfPage\":{\"@id\":\"https:\/\/123-esta.com\/it\/visto-turistico-stati-uniti\/#primaryimage\"},\"image\":{\"@id\":\"https:\/\/123-esta.com\/it\/visto-turistico-stati-uniti\/#primaryimage\"},\"thumbnailUrl\":\"https:\/\/123-esta.com\/wp-content\/uploads\/2022\/07\/visa-usa-tourist.jpg\",\"datePublished\":\"2022-07-27T19:33:20+00:00\",\"dateModified\":\"2022-09-15T07:28:12+00:00\",\"description\":\"Come ottenere un visto turistico per gli Stati Uniti. Scoprite tutte le informazioni necessarie per richiedere con successo un visto.\",\"inLanguage\":\"it-IT\",\"potentialAction\":[{\"@type\":\"ReadAction\",\"target\":[\"https:\/\/123-esta.com\/it\/visto-turistico-stati-uniti\/\"]}]},{\"@type\":\"ImageObject\",\"inLanguage\":\"it-IT\",\"@id\":\"https:\/\/123-esta.com\/it\/visto-turistico-stati-uniti\/#primaryimage\",\"url\":\"https:\/\/123-esta.com\/wp-content\/uploads\/2022\/07\/visa-usa-tourist.jpg\",\"contentUrl\":\"https:\/\/123-esta.com\/wp-content\/uploads\/2022\/07\/visa-usa-tourist.jpg\"},{\"@type\":\"WebSite\",\"@id\":\"https:\/\/123-esta.com\/it\/#website\",\"url\":\"https:\/\/123-esta.com\/it\/\",\"name\":\"Formulaire ESTA pour les USA\",\"description\":\"\",\"publisher\":{\"@id\":\"https:\/\/123-esta.com\/it\/#organization\"},\"potentialAction\":[{\"@type\":\"SearchAction\",\"target\":{\"@type\":\"EntryPoint\",\"urlTemplate\":\"https:\/\/123-esta.com\/it\/?s={search_term_string}\"},\"query-input\":{\"@type\":\"PropertyValueSpecification\",\"valueRequired\":true,\"valueName\":\"search_term_string\"}}],\"inLanguage\":\"it-IT\"},{\"@type\":\"Organization\",\"@id\":\"https:\/\/123-esta.com\/it\/#organization\",\"name\":\"Formulaire ESTA pour les USA\",\"url\":\"https:\/\/123-esta.com\/it\/\",\"logo\":{\"@type\":\"ImageObject\",\"inLanguage\":\"it-IT\",\"@id\":\"https:\/\/123-esta.com\/it\/#\/schema\/logo\/image\/\",\"url\":\"https:\/\/123-esta.com\/wp-content\/uploads\/2018\/03\/logo-123-esta.png\",\"contentUrl\":\"https:\/\/123-esta.com\/wp-content\/uploads\/2018\/03\/logo-123-esta.png\",\"width\":191,\"height\":54,\"caption\":\"Formulaire ESTA pour les USA\"},\"image\":{\"@id\":\"https:\/\/123-esta.com\/it\/#\/schema\/logo\/image\/\"}}]}<\/script>\n<!-- \/ Yoast SEO plugin. -->","yoast_head_json":{"title":"Visto turistico USA - Visto B2","description":"Come ottenere un visto turistico per gli Stati Uniti. Scoprite tutte le informazioni necessarie per richiedere con successo un visto.","robots":{"index":"index","follow":"follow","max-snippet":"max-snippet:-1","max-image-preview":"max-image-preview:large","max-video-preview":"max-video-preview:-1"},"canonical":"https:\/\/123-esta.com\/it\/visto-turistico-stati-uniti\/","og_locale":"it_IT","og_type":"article","og_title":"Visto turistico USA - Visto B2","og_description":"Come ottenere un visto turistico per gli Stati Uniti. Scoprite tutte le informazioni necessarie per richiedere con successo un visto.","og_url":"https:\/\/123-esta.com\/it\/visto-turistico-stati-uniti\/","og_site_name":"Formulaire ESTA pour les USA","article_modified_time":"2022-09-15T07:28:12+00:00","og_image":[{"url":"https:\/\/123-esta.com\/wp-content\/uploads\/2022\/07\/visa-usa-tourist.jpg","type":"","width":"","height":""}],"twitter_card":"summary_large_image","twitter_misc":{"Tempo di lettura stimato":"4 minuti"},"schema":{"@context":"https:\/\/schema.org","@graph":[{"@type":"WebPage","@id":"https:\/\/123-esta.com\/it\/visto-turistico-stati-uniti\/","url":"https:\/\/123-esta.com\/it\/visto-turistico-stati-uniti\/","name":"Visto turistico USA - Visto B2","isPartOf":{"@id":"https:\/\/123-esta.com\/it\/#website"},"primaryImageOfPage":{"@id":"https:\/\/123-esta.com\/it\/visto-turistico-stati-uniti\/#primaryimage"},"image":{"@id":"https:\/\/123-esta.com\/it\/visto-turistico-stati-uniti\/#primaryimage"},"thumbnailUrl":"https:\/\/123-esta.com\/wp-content\/uploads\/2022\/07\/visa-usa-tourist.jpg","datePublished":"2022-07-27T19:33:20+00:00","dateModified":"2022-09-15T07:28:12+00:00","description":"Come ottenere un visto turistico per gli Stati Uniti. Scoprite tutte le informazioni necessarie per richiedere con successo un visto.","inLanguage":"it-IT","potentialAction":[{"@type":"ReadAction","target":["https:\/\/123-esta.com\/it\/visto-turistico-stati-uniti\/"]}]},{"@type":"ImageObject","inLanguage":"it-IT","@id":"https:\/\/123-esta.com\/it\/visto-turistico-stati-uniti\/#primaryimage","url":"https:\/\/123-esta.com\/wp-content\/uploads\/2022\/07\/visa-usa-tourist.jpg","contentUrl":"https:\/\/123-esta.com\/wp-content\/uploads\/2022\/07\/visa-usa-tourist.jpg"},{"@type":"WebSite","@id":"https:\/\/123-esta.com\/it\/#website","url":"https:\/\/123-esta.com\/it\/","name":"Formulaire ESTA pour les USA","description":"","publisher":{"@id":"https:\/\/123-esta.com\/it\/#organization"},"potentialAction":[{"@type":"SearchAction","target":{"@type":"EntryPoint","urlTemplate":"https:\/\/123-esta.com\/it\/?s={search_term_string}"},"query-input":{"@type":"PropertyValueSpecification","valueRequired":true,"valueName":"search_term_string"}}],"inLanguage":"it-IT"},{"@type":"Organization","@id":"https:\/\/123-esta.com\/it\/#organization","name":"Formulaire ESTA pour les USA","url":"https:\/\/123-esta.com\/it\/","logo":{"@type":"ImageObject","inLanguage":"it-IT","@id":"https:\/\/123-esta.com\/it\/#\/schema\/logo\/image\/","url":"https:\/\/123-esta.com\/wp-content\/uploads\/2018\/03\/logo-123-esta.png","contentUrl":"https:\/\/123-esta.com\/wp-content\/uploads\/2018\/03\/logo-123-esta.png","width":191,"height":54,"caption":"Formulaire ESTA pour les USA"},"image":{"@id":"https:\/\/123-esta.com\/it\/#\/schema\/logo\/image\/"}}]}},"_links":{"self":[{"href":"https:\/\/123-esta.com\/it\/wp-json\/wp\/v2\/pages\/2185","targetHints":{"allow":["GET"]}}],"collection":[{"href":"https:\/\/123-esta.com\/it\/wp-json\/wp\/v2\/pages"}],"about":[{"href":"https:\/\/123-esta.com\/it\/wp-json\/wp\/v2\/types\/page"}],"author":[{"embeddable":true,"href":"https:\/\/123-esta.com\/it\/wp-json\/wp\/v2\/users\/1"}],"replies":[{"embeddable":true,"href":"https:\/\/123-esta.com\/it\/wp-json\/wp\/v2\/comments?post=2185"}],"version-history":[{"count":0,"href":"https:\/\/123-esta.com\/it\/wp-json\/wp\/v2\/pages\/2185\/revisions"}],"wp:attachment":[{"href":"https:\/\/123-esta.com\/it\/wp-json\/wp\/v2\/media?parent=2185"}],"curies":[{"name":"wp","href":"https:\/\/api.w.org\/{rel}","templated":true}]}}