{"id":2181,"date":"2022-07-27T21:33:20","date_gmt":"2022-07-27T19:33:20","guid":{"rendered":"https:\/\/123-esta.com\/necessita-di-presentare-una-domanda-per-un-transito-desta\/"},"modified":"2022-08-23T23:11:45","modified_gmt":"2022-08-23T21:11:45","slug":"dovrebbe-uno-richiedere-un-esta-per-un-transito","status":"publish","type":"page","link":"https:\/\/123-esta.com\/it\/dovrebbe-uno-richiedere-un-esta-per-un-transito\/","title":{"rendered":"Devo richiedere l&#8217;ESTA per il transito?"},"content":{"rendered":"\n<p>Come probabilmente saprete, per recarsi negli Stati Uniti tutti hanno bisogno di un&#8217;autorizzazione di viaggio, che si tratti di un visto statunitense o di un&#8217;<a href=\"\/\">ESTA<\/a>. Ma \u00e8 necessario richiedere un ESTA USA per un semplice transito?<\/p>\n\n<p>In primo luogo, definiremo l&#8217;ESTA e il transito, quindi vedremo <a href=\"https:\/\/123-esta.com\/it\/perche-applicare-esta-per-gli-usa\/\">se \u00e8 importante avere un ESTA<\/a> per il vostro prossimo viaggio negli Stati Uniti in transito.<\/p>\n\n<h2 class=\"wp-block-heading\">Definizione di ESTA e transito<\/h2>\n\n<p>Prima di capire se l&#8217;ESTA \u00e8 indispensabile per il vostro futuro transito, \u00e8 importante fare il punto sui due concetti seguenti: l&#8217;ESTA e il transito.<\/p>\n\n<h3 class=\"wp-block-heading\">Certificato ESTA<\/h3>\n\n<p>L&#8217;ESTA, o Electronic System for Travel Authorization, \u00e8 un&#8217;autorizzazione elettronica che consente ad alcuni cittadini stranieri di essere esentati dall&#8217;obbligo di visto negli Stati Uniti. Per poterne beneficiare, \u00e8 necessario che siano soddisfatte tutte le condizioni. I cittadini eleggibili devono provenire da uno dei Paesi coperti dal Visa Waiver Programme (40 Paesi a partire dal 2022). Devono inoltre essere in possesso di un passaporto valido (passaporto elettronico o biometrico). Inoltre, il viaggio deve essere effettuato per turismo o per affari e non deve superare i 90 giorni. \u00c8 importante ricordare che i viaggiatori devono utilizzare rotte aeree o marittime per recarsi negli Stati Uniti con l&#8217;ESTA.<\/p>\n\n<h3 class=\"wp-block-heading\">Il transito<\/h3>\n\n<p>Il dizionario Larousse definisce il transito come &#8220;la situazione di un viaggiatore che, durante uno scalo aereo, rimane all&#8217;interno dell&#8217;aeroporto&#8221;. O, nel caso di transito marittimo, all&#8217;interno del porto.  <\/p>\n\n<p>Spesso i viaggiatori fanno scalo in un aeroporto o porto americano prima di partire per la loro destinazione finale (Canada, Cuba, Messico, Thailandia, Giamaica, ecc.).  <\/p>\n\n<p>Sembrerebbe ovvio non richiedere un&#8217;ESTA per poche ore in un aeroporto degli Stati Uniti. Tuttavia, \u00e8 impossibile per il viaggiatore imbarcarsi senza un permesso di viaggio. Ulteriori spiegazioni nel prossimo paragrafo.<\/p>\n\n<h2 class=\"wp-block-heading\">Perch\u00e9 richiedere un&#8217;ESTA per il transito?<\/h2>\n\n<p>\u00c8 essenziale richiedere un ESTA, anche per il transito, poich\u00e9 rimanere in aeroporto o in porto equivale a mettere piede sul suolo statunitense. Per questo motivo, il Dipartimento di Sicurezza Nazionale degli Stati Uniti richiede ai turisti in transito un&#8217;ESTA. Se non hanno richiesto questa autorizzazione di viaggio, non potranno imbarcarsi sull&#8217;aereo o sulla nave per gli Stati Uniti d&#8217;America.<\/p>\n\n<p>La sicurezza interna \u00e8 pi\u00f9 che importante negli Stati Uniti. L&#8217;ESTA \u00e8 stata introdotta dal governo statunitense per migliorare le misure di sicurezza attraverso i criteri di ammissibilit\u00e0. Infatti, questa applicazione online permette alle autorit\u00e0 statunitensi di selezionare i viaggiatori in base alle loro informazioni personali, alle motivazioni e alle intenzioni del loro soggiorno negli Stati Uniti. L&#8217;autorizzazione ESTA \u00e8 quindi necessaria per uno scalo.<\/p>\n\n<h2 class=\"wp-block-heading\">Come ottenere l&#8217;approvazione ESTA per uno scalo?<\/h2>\n\n<p>Le procedure per ottenere l&#8217;autorizzazione ESTA per uno scalo sono le stesse dell&#8217;ESTA per un soggiorno temporaneo di 90 giorni consecutivi negli Stati Uniti.<\/p>\n\n<p>Desiderate ottenere un&#8217;autorizzazione di viaggio elettronica per recarvi negli Stati Uniti? Tutto ci\u00f2 che serve \u00e8 un computer con una buona connessione a Internet, perch\u00e9 tutto si svolge online. A differenza della domanda di visto, che si svolge presso l&#8217;ambasciata o il consolato degli Stati Uniti, la domanda ESTA pu\u00f2 essere presentata solo <a href=\"https:\/\/123-esta.com\/it\/come-compilare-il-questionario-esta\/\">compilando un modulo online<\/a>.<\/p>\n\n<p>Questo modulo di autorizzazione ESTA \u00e8 disponibile su diverse piattaforme come :<\/p>\n\n<ul class=\"wp-block-list\"><li>siti privati autorizzati a richiedere l&#8217;ESTA per vostro conto;<\/li><li>il sito ufficiale del governo statunitense, dove \u00e8 possibile selezionare &#8220;transito&#8221; come tipo di soggiorno.<\/li><\/ul>\n\n<p>Va da s\u00e9 che il modulo ESTA deve essere compilato correttamente. Prestate attenzione alle informazioni fornite, perch\u00e9 se i sistemi rilevano un errore, la vostra richiesta di autorizzazione potrebbe essere rifiutata. In questo caso, \u00e8 necessario presentare una nuova domanda 10 giorni dopo la prima. Se la domanda viene rifiutata per qualsiasi motivo diverso da un errore nel modulo, \u00e8 necessario richiedere il visto all&#8217;ambasciata statunitense. Il visto statunitense per il transito \u00e8 il visto C.<\/p>\n\n<p>La validit\u00e0 dell&#8217;ESTA dipende dalla data di scadenza del passaporto, ma non pu\u00f2 superare i 2 anni. Spuntare la voce &#8220;transito&#8221; sulla domanda non deve limitarvi a questo tipo di viaggio. Tuttavia, in caso di dubbio, \u00e8 possibile richiedere un&#8217;ESTA per un soggiorno. Inoltre, l&#8217;ESTA consente ingressi multipli negli Stati Uniti, quindi non sar\u00e0 necessario rinnovare questa formalit\u00e0 se ci si reca negli Stati Uniti durante i due anni di validit\u00e0 dell&#8217;ESTA.  <\/p>\n\n<p>Per i viaggi futuri, sappiate che se il passaporto utilizzato per la richiesta di esenzione dal visto non \u00e8 pi\u00f9 lo stesso, il permesso di soggiorno non \u00e8 pi\u00f9 valido, poich\u00e9 \u00e8 collegato elettronicamente al numero del passaporto. Un nuovo passaporto equivale a una nuova domanda.<\/p>\n\n<h2 class=\"wp-block-heading\">Formalit\u00e0 di ingresso con un ESTA in transito  <\/h2>\n\n<p>Il possesso di un ESTA o di un visto valido non garantisce l&#8217;ingresso negli Stati Uniti. All&#8217;arrivo, sarete controllati da un funzionario dell&#8217;immigrazione. Quest&#8217;ultima cercher\u00e0 di assicurarsi che il cliente rispetti in tutto e per tutto le condizioni di ingresso negli Stati Uniti, anche per un transito di poche ore sul suolo americano. In caso di dubbio, il funzionario federale pu\u00f2 ordinare il rimpatrio nel Paese d&#8217;origine.  <br\/><\/p>\n","protected":false},"excerpt":{"rendered":"<p>Come probabilmente saprete, per recarsi negli Stati Uniti tutti hanno bisogno di un&#8217;autorizzazione di viaggio, che si tratti di un visto statunitense o di un&#8217;ESTA. Ma \u00e8 necessario richiedere un ESTA USA per un semplice transito? In primo luogo, definiremo l&#8217;ESTA e il transito, quindi vedremo se \u00e8 importante avere un ESTA per il vostro [&hellip;]<\/p>\n","protected":false},"author":1,"featured_media":0,"parent":0,"menu_order":0,"comment_status":"closed","ping_status":"closed","template":"","meta":{"site-sidebar-layout":"default","site-content-layout":"default","ast-site-content-layout":"default","site-content-style":"default","site-sidebar-style":"default","ast-global-header-display":"","ast-banner-title-visibility":"","ast-main-header-display":"","ast-hfb-above-header-display":"","ast-hfb-below-header-display":"","ast-hfb-mobile-header-display":"","site-post-title":"","ast-breadcrumbs-content":"","ast-featured-img":"","footer-sml-layout":"","ast-disable-related-posts":"","theme-transparent-header-meta":"default","adv-header-id-meta":"","stick-header-meta":"default","header-above-stick-meta":"","header-main-stick-meta":"","header-below-stick-meta":"","astra-migrate-meta-layouts":"default","ast-page-background-enabled":"default","ast-page-background-meta":{"desktop":{"background-color":"","background-image":"","background-repeat":"repeat","background-position":"center center","background-size":"auto","background-attachment":"scroll","background-type":"","background-media":"","overlay-type":"","overlay-color":"","overlay-opacity":"","overlay-gradient":""},"tablet":{"background-color":"","background-image":"","background-repeat":"repeat","background-position":"center center","background-size":"auto","background-attachment":"scroll","background-type":"","background-media":"","overlay-type":"","overlay-color":"","overlay-opacity":"","overlay-gradient":""},"mobile":{"background-color":"","background-image":"","background-repeat":"repeat","background-position":"center center","background-size":"auto","background-attachment":"scroll","background-type":"","background-media":"","overlay-type":"","overlay-color":"","overlay-opacity":"","overlay-gradient":""}},"ast-content-background-meta":{"desktop":{"background-color":"var(--ast-global-color-5)","background-image":"","background-repeat":"repeat","background-position":"center center","background-size":"auto","background-attachment":"scroll","background-type":"","background-media":"","overlay-type":"","overlay-color":"","overlay-opacity":"","overlay-gradient":""},"tablet":{"background-color":"var(--ast-global-color-5)","background-image":"","background-repeat":"repeat","background-position":"center center","background-size":"auto","background-attachment":"scroll","background-type":"","background-media":"","overlay-type":"","overlay-color":"","overlay-opacity":"","overlay-gradient":""},"mobile":{"background-color":"var(--ast-global-color-5)","background-image":"","background-repeat":"repeat","background-position":"center center","background-size":"auto","background-attachment":"scroll","background-type":"","background-media":"","overlay-type":"","overlay-color":"","overlay-opacity":"","overlay-gradient":""}},"footnotes":""},"class_list":["post-2181","page","type-page","status-publish","hentry"],"yoast_head":"<!-- This site is optimized with the Yoast SEO plugin v27.1.1 - https:\/\/yoast.com\/product\/yoast-seo-wordpress\/ -->\n<title>\u00c8 obbligatorio richiedere l&#039;ESTA per il transito?<\/title>\n<meta name=\"description\" content=\"Avete intenzione di transitare negli Stati Uniti e vi chiedete se dovete richiedere l&#039;ESTA.\" \/>\n<meta name=\"robots\" content=\"index, follow, max-snippet:-1, max-image-preview:large, max-video-preview:-1\" \/>\n<link rel=\"canonical\" href=\"https:\/\/123-esta.com\/it\/dovrebbe-uno-richiedere-un-esta-per-un-transito\/\" \/>\n<meta property=\"og:locale\" content=\"it_IT\" \/>\n<meta property=\"og:type\" content=\"article\" \/>\n<meta property=\"og:title\" content=\"\u00c8 obbligatorio richiedere l&#039;ESTA per il transito?\" \/>\n<meta property=\"og:description\" content=\"Avete intenzione di transitare negli Stati Uniti e vi chiedete se dovete richiedere l&#039;ESTA.\" \/>\n<meta property=\"og:url\" content=\"https:\/\/123-esta.com\/it\/dovrebbe-uno-richiedere-un-esta-per-un-transito\/\" \/>\n<meta property=\"og:site_name\" content=\"Formulaire ESTA pour les USA\" \/>\n<meta property=\"article:modified_time\" content=\"2022-08-23T21:11:45+00:00\" \/>\n<meta name=\"twitter:card\" content=\"summary_large_image\" \/>\n<meta name=\"twitter:label1\" content=\"Tempo di lettura stimato\" \/>\n\t<meta name=\"twitter:data1\" content=\"4 minuti\" \/>\n<script type=\"application\/ld+json\" class=\"yoast-schema-graph\">{\"@context\":\"https:\/\/schema.org\",\"@graph\":[{\"@type\":\"WebPage\",\"@id\":\"https:\/\/123-esta.com\/it\/dovrebbe-uno-richiedere-un-esta-per-un-transito\/\",\"url\":\"https:\/\/123-esta.com\/it\/dovrebbe-uno-richiedere-un-esta-per-un-transito\/\",\"name\":\"\u00c8 obbligatorio richiedere l'ESTA per il transito?\",\"isPartOf\":{\"@id\":\"https:\/\/123-esta.com\/it\/#website\"},\"datePublished\":\"2022-07-27T19:33:20+00:00\",\"dateModified\":\"2022-08-23T21:11:45+00:00\",\"description\":\"Avete intenzione di transitare negli Stati Uniti e vi chiedete se dovete richiedere l'ESTA.\",\"inLanguage\":\"it-IT\",\"potentialAction\":[{\"@type\":\"ReadAction\",\"target\":[\"https:\/\/123-esta.com\/it\/dovrebbe-uno-richiedere-un-esta-per-un-transito\/\"]}]},{\"@type\":\"WebSite\",\"@id\":\"https:\/\/123-esta.com\/it\/#website\",\"url\":\"https:\/\/123-esta.com\/it\/\",\"name\":\"Formulaire ESTA pour les USA\",\"description\":\"\",\"publisher\":{\"@id\":\"https:\/\/123-esta.com\/it\/#organization\"},\"potentialAction\":[{\"@type\":\"SearchAction\",\"target\":{\"@type\":\"EntryPoint\",\"urlTemplate\":\"https:\/\/123-esta.com\/it\/?s={search_term_string}\"},\"query-input\":{\"@type\":\"PropertyValueSpecification\",\"valueRequired\":true,\"valueName\":\"search_term_string\"}}],\"inLanguage\":\"it-IT\"},{\"@type\":\"Organization\",\"@id\":\"https:\/\/123-esta.com\/it\/#organization\",\"name\":\"Formulaire ESTA pour les USA\",\"url\":\"https:\/\/123-esta.com\/it\/\",\"logo\":{\"@type\":\"ImageObject\",\"inLanguage\":\"it-IT\",\"@id\":\"https:\/\/123-esta.com\/it\/#\/schema\/logo\/image\/\",\"url\":\"https:\/\/123-esta.com\/wp-content\/uploads\/2018\/03\/logo-123-esta.png\",\"contentUrl\":\"https:\/\/123-esta.com\/wp-content\/uploads\/2018\/03\/logo-123-esta.png\",\"width\":191,\"height\":54,\"caption\":\"Formulaire ESTA pour les USA\"},\"image\":{\"@id\":\"https:\/\/123-esta.com\/it\/#\/schema\/logo\/image\/\"}}]}<\/script>\n<!-- \/ Yoast SEO plugin. -->","yoast_head_json":{"title":"\u00c8 obbligatorio richiedere l'ESTA per il transito?","description":"Avete intenzione di transitare negli Stati Uniti e vi chiedete se dovete richiedere l'ESTA.","robots":{"index":"index","follow":"follow","max-snippet":"max-snippet:-1","max-image-preview":"max-image-preview:large","max-video-preview":"max-video-preview:-1"},"canonical":"https:\/\/123-esta.com\/it\/dovrebbe-uno-richiedere-un-esta-per-un-transito\/","og_locale":"it_IT","og_type":"article","og_title":"\u00c8 obbligatorio richiedere l'ESTA per il transito?","og_description":"Avete intenzione di transitare negli Stati Uniti e vi chiedete se dovete richiedere l'ESTA.","og_url":"https:\/\/123-esta.com\/it\/dovrebbe-uno-richiedere-un-esta-per-un-transito\/","og_site_name":"Formulaire ESTA pour les USA","article_modified_time":"2022-08-23T21:11:45+00:00","twitter_card":"summary_large_image","twitter_misc":{"Tempo di lettura stimato":"4 minuti"},"schema":{"@context":"https:\/\/schema.org","@graph":[{"@type":"WebPage","@id":"https:\/\/123-esta.com\/it\/dovrebbe-uno-richiedere-un-esta-per-un-transito\/","url":"https:\/\/123-esta.com\/it\/dovrebbe-uno-richiedere-un-esta-per-un-transito\/","name":"\u00c8 obbligatorio richiedere l'ESTA per il transito?","isPartOf":{"@id":"https:\/\/123-esta.com\/it\/#website"},"datePublished":"2022-07-27T19:33:20+00:00","dateModified":"2022-08-23T21:11:45+00:00","description":"Avete intenzione di transitare negli Stati Uniti e vi chiedete se dovete richiedere l'ESTA.","inLanguage":"it-IT","potentialAction":[{"@type":"ReadAction","target":["https:\/\/123-esta.com\/it\/dovrebbe-uno-richiedere-un-esta-per-un-transito\/"]}]},{"@type":"WebSite","@id":"https:\/\/123-esta.com\/it\/#website","url":"https:\/\/123-esta.com\/it\/","name":"Formulaire ESTA pour les USA","description":"","publisher":{"@id":"https:\/\/123-esta.com\/it\/#organization"},"potentialAction":[{"@type":"SearchAction","target":{"@type":"EntryPoint","urlTemplate":"https:\/\/123-esta.com\/it\/?s={search_term_string}"},"query-input":{"@type":"PropertyValueSpecification","valueRequired":true,"valueName":"search_term_string"}}],"inLanguage":"it-IT"},{"@type":"Organization","@id":"https:\/\/123-esta.com\/it\/#organization","name":"Formulaire ESTA pour les USA","url":"https:\/\/123-esta.com\/it\/","logo":{"@type":"ImageObject","inLanguage":"it-IT","@id":"https:\/\/123-esta.com\/it\/#\/schema\/logo\/image\/","url":"https:\/\/123-esta.com\/wp-content\/uploads\/2018\/03\/logo-123-esta.png","contentUrl":"https:\/\/123-esta.com\/wp-content\/uploads\/2018\/03\/logo-123-esta.png","width":191,"height":54,"caption":"Formulaire ESTA pour les USA"},"image":{"@id":"https:\/\/123-esta.com\/it\/#\/schema\/logo\/image\/"}}]}},"_links":{"self":[{"href":"https:\/\/123-esta.com\/it\/wp-json\/wp\/v2\/pages\/2181","targetHints":{"allow":["GET"]}}],"collection":[{"href":"https:\/\/123-esta.com\/it\/wp-json\/wp\/v2\/pages"}],"about":[{"href":"https:\/\/123-esta.com\/it\/wp-json\/wp\/v2\/types\/page"}],"author":[{"embeddable":true,"href":"https:\/\/123-esta.com\/it\/wp-json\/wp\/v2\/users\/1"}],"replies":[{"embeddable":true,"href":"https:\/\/123-esta.com\/it\/wp-json\/wp\/v2\/comments?post=2181"}],"version-history":[{"count":0,"href":"https:\/\/123-esta.com\/it\/wp-json\/wp\/v2\/pages\/2181\/revisions"}],"wp:attachment":[{"href":"https:\/\/123-esta.com\/it\/wp-json\/wp\/v2\/media?parent=2181"}],"curies":[{"name":"wp","href":"https:\/\/api.w.org\/{rel}","templated":true}]}}