{"id":2172,"date":"2022-07-27T21:33:19","date_gmt":"2022-07-27T19:33:19","guid":{"rendered":"https:\/\/123-esta.com\/tutto-sapere-sulla-domanda-per-desta-sulla-linea-di-movimento-a-usa\/"},"modified":"2022-09-19T16:57:44","modified_gmt":"2022-09-19T14:57:44","slug":"tutte-le-conoscenze-sulla-domanda-esta","status":"publish","type":"page","link":"https:\/\/123-esta.com\/it\/tutte-le-conoscenze-sulla-domanda-esta\/","title":{"rendered":"Tutto quello che c&#8217;\u00e8 da sapere sulla richiesta di ESTA online"},"content":{"rendered":"\n<p>State per recarvi negli Stati Uniti e sapete che avete bisogno di un&#8217;<a href=\"https:\/\/123-esta.com\/it\/\">autorizzazione ESTA<\/a>. Ma forse non sapete dove cercare o quali informazioni dovete fornire per la vostra domanda ESTA online? In questo caso, in questo articolo troverete tutto quello che c&#8217;\u00e8 da sapere sulla domanda ESTA online.  <\/p>\n\n<h2 class=\"wp-block-heading\">ESTA online: per chi?<\/h2>\n\n<p>Prima di tutto, siete sicuri di dover richiedere un&#8217;ESTA online prima del vostro viaggio negli Stati Uniti? Ricordate che l&#8217;ESTA \u00e8 riservato ai cittadini dei Paesi che rientrano nel Programma <a href=\"https:\/\/123-esta.com\/it\/elenco-dei-paesi-visa-waiver-program\/\">Viaggio senza Visto (VWP)<\/a> istituito dal governo americano. I cittadini dei 40 Paesi membri sono quindi esentati dal richiedere un visto per gli Stati Uniti e non devono recarsi all&#8217;ambasciata statunitense per richiedere un <a href=\"https:\/\/123-esta.com\/it\/visto-turistico-stati-uniti\/\">visto turistico per gli Stati Uniti<\/a>.  <\/p>\n\n<p>Si noti inoltre che l&#8217;ESTA online \u00e8 disponibile solo se ci si reca negli Stati Uniti per turismo o affari per un periodo massimo di 90 giorni. Questa autorizzazione \u00e8 necessaria solo se si entra negli Stati Uniti per via aerea o marittima.  <\/p>\n\n<p>L&#8217;ESTA online \u00e8 necessaria anche per il transito attraverso gli Stati Uniti d&#8217;America verso la destinazione finale. Se siete ancora convinti di dover richiedere l&#8217;ESTA online, vediamo i diversi modi per farlo.  <\/p>\n\n<h2 class=\"wp-block-heading\">Dove e come richiedere l&#8217;ESTA online?  <\/h2>\n\n<p>Esistono diversi modi per richiedere l&#8217;ESTA online. Il primo \u00e8 quello di andare sul sito ufficiale del governo, il secondo \u00e8 quello di utilizzare i servizi di un sito specializzato come il nostro partner, che effettuer\u00e0 la procedura per voi.  <\/p>\n\n<p>In entrambi i casi, \u00e8 necessario compilare un modulo online (il modulo ESTA \u00e8 semplificato se si utilizza un sito privato), con il passaporto.  <\/p>\n\n<h3 class=\"wp-block-heading\">Possedere un passaporto valido<\/h3>\n\n<p>Si ricorda che per candidarsi \u00e8 necessario essere in possesso di un passaporto valido. Per le autorit\u00e0 statunitensi, ci\u00f2 significa che deve trattarsi di un passaporto elettronico o biometrico, dotato di un chip elettronico in grado di memorizzare le informazioni di identificazione personale (impronte digitali, scanner della retina, ecc.). L&#8217;ESTA \u00e8 collegato al numero di passaporto e, senza un documento conforme alle misure di sicurezza richieste dal governo statunitense, non sar\u00e0 possibile presentare una domanda ESTA online.  <\/p>\n\n<p>Il modulo ESTA \u00e8 diviso in tre parti, ognuna delle quali si concentra su dati specifici.<\/p>\n\n<h3 class=\"wp-block-heading\">Le prime due parti del modulo ESTA<\/h3>\n\n<p>La prima parte si concentra sulle informazioni personali. Vi viene chiesto di fornire nome, cognome, cognome da nubile, data e luogo di nascita, indirizzo postale, indirizzo e-mail, numero di telefono, numero di passaporto, ecc. Dovrebbero essere fornite anche informazioni sulla vostra attivit\u00e0 professionale, come i dati di contatto del vostro datore di lavoro.<\/p>\n\n<p>La seconda parte riguarda il viaggio negli Stati Uniti. In particolare, vi viene chiesto di fornire i dati di contatto per gli Stati Uniti e l&#8217;indirizzo del luogo in cui soggiornerete durante il vostro soggiorno negli Stati Uniti. Se non avete un contatto o non disponete ancora di queste informazioni, potete rispondere &#8220;sconosciuto&#8221;.<\/p>\n\n<h3 class=\"wp-block-heading\">Ultima parte del modulo ESTA  <\/h3>\n\n<p>La terza e ultima parte si concentra sulla possibile minaccia che rappresentate per la sicurezza interna degli Stati Uniti, ponendovi una serie di domande chiuse (in cui le uniche risposte possibili sono s\u00ec o no).<\/p>\n\n<p>Le domande riguardano la vostra storia criminale e medica, se vi \u00e8 stato rifiutato un visto in passato o se avete intenzione di commettere atti terroristici una volta negli Stati Uniti. Rispondete alle domande nel modo pi\u00f9 onesto possibile, ma sappiate che una risposta affermativa in questo questionario compromette fortemente le vostre possibilit\u00e0 di ottenere l&#8217;ESTA.  <\/p>\n\n<p>Se viaggiate con bambini, potete fare domanda come gruppo per tutti i membri della famiglia. Se non siete in grado di compilare il modulo da soli, pu\u00f2 farlo un terzo. Si ricorda che l&#8217;utente \u00e8 l&#8217;unico responsabile delle informazioni fornite a suo nome.  <\/p>\n\n<h3 class=\"wp-block-heading\">Una volta completato il modulo<\/h3>\n\n<p>Una volta compilato il modulo, non resta che pagare la tassa di iscrizione. La tassa \u00e8 di 21 dollari sul sito web del governo. Il<a href=\"https:\/\/123-esta.com\/it\/prezzi-e-pagamenti-esta\/\"> costo dell&#8217;ESTA<\/a> su un sito privato pu\u00f2 variare a seconda del livello di assistenza e supporto scelto.<\/p>\n\n<p>Una volta effettuato il pagamento, non resta che attendere la risposta degli agenti incaricati di controllare le domande. Se avete utilizzato un fornitore di servizi privato come il nostro partner, sarete informati in tempo reale sullo stato di avanzamento della vostra richiesta. Al contrario, se avete richiesto l&#8217;ESTA online sul sito web del governo, \u00e8 vostro compito controllare regolarmente lo stato della vostra domanda ESTA.  <\/p>\n","protected":false},"excerpt":{"rendered":"<p>State per recarvi negli Stati Uniti e sapete che avete bisogno di un&#8217;autorizzazione ESTA. Ma forse non sapete dove cercare o quali informazioni dovete fornire per la vostra domanda ESTA online? In questo caso, in questo articolo troverete tutto quello che c&#8217;\u00e8 da sapere sulla domanda ESTA online. ESTA online: per chi? Prima di tutto, [&hellip;]<\/p>\n","protected":false},"author":1,"featured_media":0,"parent":0,"menu_order":0,"comment_status":"closed","ping_status":"closed","template":"","meta":{"site-sidebar-layout":"default","site-content-layout":"default","ast-site-content-layout":"default","site-content-style":"default","site-sidebar-style":"default","ast-global-header-display":"","ast-banner-title-visibility":"","ast-main-header-display":"","ast-hfb-above-header-display":"","ast-hfb-below-header-display":"","ast-hfb-mobile-header-display":"","site-post-title":"","ast-breadcrumbs-content":"","ast-featured-img":"","footer-sml-layout":"","ast-disable-related-posts":"","theme-transparent-header-meta":"default","adv-header-id-meta":"","stick-header-meta":"default","header-above-stick-meta":"","header-main-stick-meta":"","header-below-stick-meta":"","astra-migrate-meta-layouts":"default","ast-page-background-enabled":"default","ast-page-background-meta":{"desktop":{"background-color":"","background-image":"","background-repeat":"repeat","background-position":"center center","background-size":"auto","background-attachment":"scroll","background-type":"","background-media":"","overlay-type":"","overlay-color":"","overlay-opacity":"","overlay-gradient":""},"tablet":{"background-color":"","background-image":"","background-repeat":"repeat","background-position":"center center","background-size":"auto","background-attachment":"scroll","background-type":"","background-media":"","overlay-type":"","overlay-color":"","overlay-opacity":"","overlay-gradient":""},"mobile":{"background-color":"","background-image":"","background-repeat":"repeat","background-position":"center center","background-size":"auto","background-attachment":"scroll","background-type":"","background-media":"","overlay-type":"","overlay-color":"","overlay-opacity":"","overlay-gradient":""}},"ast-content-background-meta":{"desktop":{"background-color":"var(--ast-global-color-5)","background-image":"","background-repeat":"repeat","background-position":"center center","background-size":"auto","background-attachment":"scroll","background-type":"","background-media":"","overlay-type":"","overlay-color":"","overlay-opacity":"","overlay-gradient":""},"tablet":{"background-color":"var(--ast-global-color-5)","background-image":"","background-repeat":"repeat","background-position":"center center","background-size":"auto","background-attachment":"scroll","background-type":"","background-media":"","overlay-type":"","overlay-color":"","overlay-opacity":"","overlay-gradient":""},"mobile":{"background-color":"var(--ast-global-color-5)","background-image":"","background-repeat":"repeat","background-position":"center center","background-size":"auto","background-attachment":"scroll","background-type":"","background-media":"","overlay-type":"","overlay-color":"","overlay-opacity":"","overlay-gradient":""}},"footnotes":""},"class_list":["post-2172","page","type-page","status-publish","hentry"],"yoast_head":"<!-- This site is optimized with the Yoast SEO plugin v27.1.1 - https:\/\/yoast.com\/product\/yoast-seo-wordpress\/ -->\n<title>Tutto quello che c&#039;\u00e8 da sapere sulla domanda ESTA online per gli USA<\/title>\n<meta name=\"description\" content=\"Volete sapere come e dove richiedere l&#039;ESTA online? Andate negli Stati Uniti senza preoccupazioni con tutte le nostre spiegazioni in questo articolo.\" \/>\n<meta name=\"robots\" content=\"index, follow, max-snippet:-1, max-image-preview:large, max-video-preview:-1\" \/>\n<link rel=\"canonical\" href=\"https:\/\/123-esta.com\/it\/tutte-le-conoscenze-sulla-domanda-esta\/\" \/>\n<meta property=\"og:locale\" content=\"it_IT\" \/>\n<meta property=\"og:type\" content=\"article\" \/>\n<meta property=\"og:title\" content=\"Tutto quello che c&#039;\u00e8 da sapere sulla domanda ESTA online per gli USA\" \/>\n<meta property=\"og:description\" content=\"Volete sapere come e dove richiedere l&#039;ESTA online? Andate negli Stati Uniti senza preoccupazioni con tutte le nostre spiegazioni in questo articolo.\" \/>\n<meta property=\"og:url\" content=\"https:\/\/123-esta.com\/it\/tutte-le-conoscenze-sulla-domanda-esta\/\" \/>\n<meta property=\"og:site_name\" content=\"Formulaire ESTA pour les USA\" \/>\n<meta property=\"article:modified_time\" content=\"2022-09-19T14:57:44+00:00\" \/>\n<meta name=\"twitter:card\" content=\"summary_large_image\" \/>\n<meta name=\"twitter:label1\" content=\"Tempo di lettura stimato\" \/>\n\t<meta name=\"twitter:data1\" content=\"4 minuti\" \/>\n<script type=\"application\/ld+json\" class=\"yoast-schema-graph\">{\"@context\":\"https:\/\/schema.org\",\"@graph\":[{\"@type\":\"WebPage\",\"@id\":\"https:\/\/123-esta.com\/it\/tutte-le-conoscenze-sulla-domanda-esta\/\",\"url\":\"https:\/\/123-esta.com\/it\/tutte-le-conoscenze-sulla-domanda-esta\/\",\"name\":\"Tutto quello che c'\u00e8 da sapere sulla domanda ESTA online per gli USA\",\"isPartOf\":{\"@id\":\"https:\/\/123-esta.com\/it\/#website\"},\"datePublished\":\"2022-07-27T19:33:19+00:00\",\"dateModified\":\"2022-09-19T14:57:44+00:00\",\"description\":\"Volete sapere come e dove richiedere l'ESTA online? Andate negli Stati Uniti senza preoccupazioni con tutte le nostre spiegazioni in questo articolo.\",\"inLanguage\":\"it-IT\",\"potentialAction\":[{\"@type\":\"ReadAction\",\"target\":[\"https:\/\/123-esta.com\/it\/tutte-le-conoscenze-sulla-domanda-esta\/\"]}]},{\"@type\":\"WebSite\",\"@id\":\"https:\/\/123-esta.com\/it\/#website\",\"url\":\"https:\/\/123-esta.com\/it\/\",\"name\":\"Formulaire ESTA pour les USA\",\"description\":\"\",\"publisher\":{\"@id\":\"https:\/\/123-esta.com\/it\/#organization\"},\"potentialAction\":[{\"@type\":\"SearchAction\",\"target\":{\"@type\":\"EntryPoint\",\"urlTemplate\":\"https:\/\/123-esta.com\/it\/?s={search_term_string}\"},\"query-input\":{\"@type\":\"PropertyValueSpecification\",\"valueRequired\":true,\"valueName\":\"search_term_string\"}}],\"inLanguage\":\"it-IT\"},{\"@type\":\"Organization\",\"@id\":\"https:\/\/123-esta.com\/it\/#organization\",\"name\":\"Formulaire ESTA pour les USA\",\"url\":\"https:\/\/123-esta.com\/it\/\",\"logo\":{\"@type\":\"ImageObject\",\"inLanguage\":\"it-IT\",\"@id\":\"https:\/\/123-esta.com\/it\/#\/schema\/logo\/image\/\",\"url\":\"https:\/\/123-esta.com\/wp-content\/uploads\/2018\/03\/logo-123-esta.png\",\"contentUrl\":\"https:\/\/123-esta.com\/wp-content\/uploads\/2018\/03\/logo-123-esta.png\",\"width\":191,\"height\":54,\"caption\":\"Formulaire ESTA pour les USA\"},\"image\":{\"@id\":\"https:\/\/123-esta.com\/it\/#\/schema\/logo\/image\/\"}}]}<\/script>\n<!-- \/ Yoast SEO plugin. -->","yoast_head_json":{"title":"Tutto quello che c'\u00e8 da sapere sulla domanda ESTA online per gli USA","description":"Volete sapere come e dove richiedere l'ESTA online? Andate negli Stati Uniti senza preoccupazioni con tutte le nostre spiegazioni in questo articolo.","robots":{"index":"index","follow":"follow","max-snippet":"max-snippet:-1","max-image-preview":"max-image-preview:large","max-video-preview":"max-video-preview:-1"},"canonical":"https:\/\/123-esta.com\/it\/tutte-le-conoscenze-sulla-domanda-esta\/","og_locale":"it_IT","og_type":"article","og_title":"Tutto quello che c'\u00e8 da sapere sulla domanda ESTA online per gli USA","og_description":"Volete sapere come e dove richiedere l'ESTA online? Andate negli Stati Uniti senza preoccupazioni con tutte le nostre spiegazioni in questo articolo.","og_url":"https:\/\/123-esta.com\/it\/tutte-le-conoscenze-sulla-domanda-esta\/","og_site_name":"Formulaire ESTA pour les USA","article_modified_time":"2022-09-19T14:57:44+00:00","twitter_card":"summary_large_image","twitter_misc":{"Tempo di lettura stimato":"4 minuti"},"schema":{"@context":"https:\/\/schema.org","@graph":[{"@type":"WebPage","@id":"https:\/\/123-esta.com\/it\/tutte-le-conoscenze-sulla-domanda-esta\/","url":"https:\/\/123-esta.com\/it\/tutte-le-conoscenze-sulla-domanda-esta\/","name":"Tutto quello che c'\u00e8 da sapere sulla domanda ESTA online per gli USA","isPartOf":{"@id":"https:\/\/123-esta.com\/it\/#website"},"datePublished":"2022-07-27T19:33:19+00:00","dateModified":"2022-09-19T14:57:44+00:00","description":"Volete sapere come e dove richiedere l'ESTA online? Andate negli Stati Uniti senza preoccupazioni con tutte le nostre spiegazioni in questo articolo.","inLanguage":"it-IT","potentialAction":[{"@type":"ReadAction","target":["https:\/\/123-esta.com\/it\/tutte-le-conoscenze-sulla-domanda-esta\/"]}]},{"@type":"WebSite","@id":"https:\/\/123-esta.com\/it\/#website","url":"https:\/\/123-esta.com\/it\/","name":"Formulaire ESTA pour les USA","description":"","publisher":{"@id":"https:\/\/123-esta.com\/it\/#organization"},"potentialAction":[{"@type":"SearchAction","target":{"@type":"EntryPoint","urlTemplate":"https:\/\/123-esta.com\/it\/?s={search_term_string}"},"query-input":{"@type":"PropertyValueSpecification","valueRequired":true,"valueName":"search_term_string"}}],"inLanguage":"it-IT"},{"@type":"Organization","@id":"https:\/\/123-esta.com\/it\/#organization","name":"Formulaire ESTA pour les USA","url":"https:\/\/123-esta.com\/it\/","logo":{"@type":"ImageObject","inLanguage":"it-IT","@id":"https:\/\/123-esta.com\/it\/#\/schema\/logo\/image\/","url":"https:\/\/123-esta.com\/wp-content\/uploads\/2018\/03\/logo-123-esta.png","contentUrl":"https:\/\/123-esta.com\/wp-content\/uploads\/2018\/03\/logo-123-esta.png","width":191,"height":54,"caption":"Formulaire ESTA pour les USA"},"image":{"@id":"https:\/\/123-esta.com\/it\/#\/schema\/logo\/image\/"}}]}},"_links":{"self":[{"href":"https:\/\/123-esta.com\/it\/wp-json\/wp\/v2\/pages\/2172","targetHints":{"allow":["GET"]}}],"collection":[{"href":"https:\/\/123-esta.com\/it\/wp-json\/wp\/v2\/pages"}],"about":[{"href":"https:\/\/123-esta.com\/it\/wp-json\/wp\/v2\/types\/page"}],"author":[{"embeddable":true,"href":"https:\/\/123-esta.com\/it\/wp-json\/wp\/v2\/users\/1"}],"replies":[{"embeddable":true,"href":"https:\/\/123-esta.com\/it\/wp-json\/wp\/v2\/comments?post=2172"}],"version-history":[{"count":0,"href":"https:\/\/123-esta.com\/it\/wp-json\/wp\/v2\/pages\/2172\/revisions"}],"wp:attachment":[{"href":"https:\/\/123-esta.com\/it\/wp-json\/wp\/v2\/media?parent=2172"}],"curies":[{"name":"wp","href":"https:\/\/api.w.org\/{rel}","templated":true}]}}