{"id":2159,"date":"2022-07-27T21:33:16","date_gmt":"2022-07-27T19:33:16","guid":{"rendered":"https:\/\/123-esta.com\/larea-dei-problemi-di-ammissibilita-delle-formule\/"},"modified":"2022-08-31T11:37:04","modified_gmt":"2022-08-31T09:37:04","slug":"domande-di-idoneita-per-il-modulo-esta","status":"publish","type":"page","link":"https:\/\/123-esta.com\/it\/domande-di-idoneita-per-il-modulo-esta\/","title":{"rendered":"Domande di ammissibilit\u00e0 sul modulo ESTA"},"content":{"rendered":"\n<p>Volete preparare il vostro viaggio negli Stati Uniti d&#8217;America il prima possibile e ottenere l&#8217;<a href=\"\/\">ESTA<\/a>. Il modulo ESTA \u00e8 spesso considerato pi\u00f9 accessibile e pi\u00f9 facile del visto statunitense, il che \u00e8 vero. Tuttavia, \u00e8 necessario che siano soddisfatte determinate condizioni e che non vengano commessi errori. Quali sono le domande dell&#8217;ESTA? Come \u00e8 costituito il modulo online? Le nostre risposte qui.  <\/p>\n\n<h2 class=\"wp-block-heading\">Quali sono le domande del modulo ESTA?<\/h2>\n\n<p>Le domande sull&#8217;idoneit\u00e0 ESTA sono domande chiuse e quindi richiedono una sola risposta affermativa o negativa, senza alcuna giustificazione.  <\/p>\n\n<p>Il questionario ESTA chiede informazioni sulla vostra storia medica e\/o legale e pu\u00f2 sembrare semplice e sorprendente. Tuttavia, il Dipartimento di Sicurezza Nazionale degli Stati Uniti ha incluso queste domande come misura di sicurezza, quindi non siate sorpresi e rispondete sinceramente. Ecco alcuni esempi di domande sul modulo ESTA:  <\/p>\n\n<ul class=\"wp-block-list\"><li>Soffre di una malattia fisica o mentale?<\/li><li>\u00c8 mai stato arrestato o condannato per un crimine che ha causato gravi danni o lesioni a propriet\u00e0, persone o autorit\u00e0 governative?<\/li><li>Siete attualmente alla ricerca di un impiego negli Stati Uniti o siete stati impiegati negli Stati Uniti in passato senza la necessaria approvazione governativa?<\/li><li>ecc.<\/li><\/ul>\n\n<p>\u00c8 vero che rispondere alle domande chiuse dell&#8217;ESTA \u00e8 un passo importante. Tuttavia, non \u00e8 l&#8217;unica fase del documento online. Il modulo ESTA \u00e8 diviso in tre parti: i dati del richiedente (i dati del passaporto), i dati del viaggiatore (i motivi del viaggio negli Stati Uniti) e il questionario ESTA chiuso.  <\/p>\n\n<h2 class=\"wp-block-heading\">Questionario ESTA: come prepararsi?<\/h2>\n\n<p>Per ottenere l&#8217;approvazione delle autorit\u00e0 statunitensi, tutte e tre le parti del modulo ESTA devono soddisfare i criteri di ammissibilit\u00e0 stabiliti dal governo americano.  <\/p>\n\n<p>Prima di tutto, prima di andare sul sito ufficiale del governo o su un sito privato per compilare il modulo, vi consigliamo di verificare di soddisfare questi criteri obbligatori:  <\/p>\n\n<ul class=\"wp-block-list\"><li>siete cittadini di uno dei 40 Paesi membri del Visa Waiver Program (VWP);<\/li><li>desiderate soggiornare negli Stati Uniti per un massimo di 90 giorni;  <\/li><li>volete recarvi negli Stati Uniti per un soggiorno turistico, un viaggio d&#8217;affari o uno scalo;<\/li><li>avete un passaporto valido.<\/li><\/ul>\n\n<p>Se non soddisfate questi criteri, vi consigliamo di richiedere un visto. La procedura \u00e8 pi\u00f9 noiosa, in quanto richiede un appuntamento presso l&#8217;ambasciata (o il consolato generale) statunitense, ma vi permetter\u00e0 di avere pi\u00f9 diritti negli Stati Uniti. Se queste condizioni sono soddisfatte, vediamo la costituzione del modulo online contenente le domande chiuse dell&#8217;ESTA.<\/p>\n\n<h3 class=\"wp-block-heading\">I dati personali del viaggiatore  <\/h3>\n\n<p>Questa parte \u00e8 il primo passo del modulo e richiede la semplice copia dei dati personali cos\u00ec come appaiono sul passaporto (indirizzo, cognome, nome, data di nascita&#8230;).<\/p>\n\n<p>Sappiate che il vostro passaporto biometrico o elettronico sar\u00e0 l&#8217;elemento chiave del vostro viaggio. Senza un passaporto elettronico o biometrico, \u00e8 impossibile <a href=\"https:\/\/123-esta.com\/it\/come-compilare-il-questionario-esta\/\">compilare correttamente il questionario ESTA<\/a> e quindi recarsi negli Stati Uniti.  <\/p>\n\n<p>Allo stesso modo, se il vostro passaporto \u00e8 scaduto e avete gi\u00e0 ottenuto l&#8217;autorizzazione ESTA, dovrete rinnovare l&#8217;ESTA con i dati del nuovo passaporto.  <\/p>\n\n<p>Non tentate di frodare, poich\u00e9 la dogana utilizza sofisticati sistemi elettronici per leggere il vostro ESTA collegato al numero di passaporto. In questo modo, il reparto IT rileva automaticamente se le informazioni contenute nei due documenti corrispondono o meno.  <\/p>\n\n<h3 class=\"wp-block-heading\">Motivi per viaggiare negli Stati Uniti  <\/h3>\n\n<p>Per questa fase, \u00e8 necessario indicare i motivi per cui si desidera recarsi negli Stati Uniti (turismo, affari o transito). Se il vostro scopo \u00e8 quello di soggiornare negli Stati Uniti (per turismo o per affari), avrete la possibilit\u00e0 di fornire i dettagli del vostro alloggio negli Stati Uniti, ma non \u00e8 obbligatorio.  <br\/><\/p>\n\n<p>Nota bene: se non siete sicuri dell&#8217;<a href=\"https:\/\/123-esta.com\/it\/quale-hotel-scegliere-negli-usa\/\">hotel o dell&#8217;alloggio da scegliere negli Stati Uniti<\/a>, potete cambiare il vostro indirizzo di residenza anche dopo aver ricevuto l&#8217;ESTA.<\/p>\n\n<h3 class=\"wp-block-heading\">  Domande sull&#8217;ESTA<\/h3>\n\n<p>Il terzo e ultimo passo riguarda le domande chiuse del modulo ESTA, che abbiamo descritto nel paragrafo precedente. Una volta completato il questionario e pagata la tassa, riceverete una risposta dalle autorit\u00e0 statunitensi entro 72 ore.  <\/p>\n\n<p>Tuttavia, ricevere l&#8217;autorizzazione ESTA non significa poter entrare negli Stati Uniti. Al momento dello sbarco, solo il funzionario della dogana \u00e8 responsabile di determinare la vostra ammissibilit\u00e0. Per massimizzare le possibilit\u00e0 di accesso al territorio americano, vi consigliamo di munirvi di biglietti aerei di andata e ritorno e di utilizzare una compagnia aerea riconosciuta dalle autorit\u00e0 americane.  <\/p>\n","protected":false},"excerpt":{"rendered":"<p>Volete preparare il vostro viaggio negli Stati Uniti d&#8217;America il prima possibile e ottenere l&#8217;ESTA. Il modulo ESTA \u00e8 spesso considerato pi\u00f9 accessibile e pi\u00f9 facile del visto statunitense, il che \u00e8 vero. Tuttavia, \u00e8 necessario che siano soddisfatte determinate condizioni e che non vengano commessi errori. Quali sono le domande dell&#8217;ESTA? Come \u00e8 costituito [&hellip;]<\/p>\n","protected":false},"author":1,"featured_media":0,"parent":0,"menu_order":0,"comment_status":"closed","ping_status":"closed","template":"","meta":{"site-sidebar-layout":"default","site-content-layout":"default","ast-site-content-layout":"default","site-content-style":"default","site-sidebar-style":"default","ast-global-header-display":"","ast-banner-title-visibility":"","ast-main-header-display":"","ast-hfb-above-header-display":"","ast-hfb-below-header-display":"","ast-hfb-mobile-header-display":"","site-post-title":"","ast-breadcrumbs-content":"","ast-featured-img":"","footer-sml-layout":"","ast-disable-related-posts":"","theme-transparent-header-meta":"default","adv-header-id-meta":"","stick-header-meta":"default","header-above-stick-meta":"","header-main-stick-meta":"","header-below-stick-meta":"","astra-migrate-meta-layouts":"default","ast-page-background-enabled":"default","ast-page-background-meta":{"desktop":{"background-color":"","background-image":"","background-repeat":"repeat","background-position":"center center","background-size":"auto","background-attachment":"scroll","background-type":"","background-media":"","overlay-type":"","overlay-color":"","overlay-opacity":"","overlay-gradient":""},"tablet":{"background-color":"","background-image":"","background-repeat":"repeat","background-position":"center center","background-size":"auto","background-attachment":"scroll","background-type":"","background-media":"","overlay-type":"","overlay-color":"","overlay-opacity":"","overlay-gradient":""},"mobile":{"background-color":"","background-image":"","background-repeat":"repeat","background-position":"center center","background-size":"auto","background-attachment":"scroll","background-type":"","background-media":"","overlay-type":"","overlay-color":"","overlay-opacity":"","overlay-gradient":""}},"ast-content-background-meta":{"desktop":{"background-color":"var(--ast-global-color-5)","background-image":"","background-repeat":"repeat","background-position":"center center","background-size":"auto","background-attachment":"scroll","background-type":"","background-media":"","overlay-type":"","overlay-color":"","overlay-opacity":"","overlay-gradient":""},"tablet":{"background-color":"var(--ast-global-color-5)","background-image":"","background-repeat":"repeat","background-position":"center center","background-size":"auto","background-attachment":"scroll","background-type":"","background-media":"","overlay-type":"","overlay-color":"","overlay-opacity":"","overlay-gradient":""},"mobile":{"background-color":"var(--ast-global-color-5)","background-image":"","background-repeat":"repeat","background-position":"center center","background-size":"auto","background-attachment":"scroll","background-type":"","background-media":"","overlay-type":"","overlay-color":"","overlay-opacity":"","overlay-gradient":""}},"footnotes":""},"class_list":["post-2159","page","type-page","status-publish","hentry"],"yoast_head":"<!-- This site is optimized with the Yoast SEO plugin v27.1.1 - https:\/\/yoast.com\/product\/yoast-seo-wordpress\/ -->\n<title>Quali sono le domande di ammissibilit\u00e0 sul modulo ESTA?<\/title>\n<meta name=\"description\" content=\"Il modulo ESTA \u00e8 suddiviso in 3 parti, una delle quali consiste nel rispondere a domande chiuse. Come si presentano le domande dell&#039;ESTA? Eccoli.\" \/>\n<meta name=\"robots\" content=\"index, follow, max-snippet:-1, max-image-preview:large, max-video-preview:-1\" \/>\n<link rel=\"canonical\" href=\"https:\/\/123-esta.com\/it\/domande-di-idoneita-per-il-modulo-esta\/\" \/>\n<meta property=\"og:locale\" content=\"it_IT\" \/>\n<meta property=\"og:type\" content=\"article\" \/>\n<meta property=\"og:title\" content=\"Quali sono le domande di ammissibilit\u00e0 sul modulo ESTA?\" \/>\n<meta property=\"og:description\" content=\"Il modulo ESTA \u00e8 suddiviso in 3 parti, una delle quali consiste nel rispondere a domande chiuse. Come si presentano le domande dell&#039;ESTA? Eccoli.\" \/>\n<meta property=\"og:url\" content=\"https:\/\/123-esta.com\/it\/domande-di-idoneita-per-il-modulo-esta\/\" \/>\n<meta property=\"og:site_name\" content=\"Formulaire ESTA pour les USA\" \/>\n<meta property=\"article:modified_time\" content=\"2022-08-31T09:37:04+00:00\" \/>\n<meta name=\"twitter:card\" content=\"summary_large_image\" \/>\n<meta name=\"twitter:label1\" content=\"Tempo di lettura stimato\" \/>\n\t<meta name=\"twitter:data1\" content=\"3 minuti\" \/>\n<script type=\"application\/ld+json\" class=\"yoast-schema-graph\">{\"@context\":\"https:\/\/schema.org\",\"@graph\":[{\"@type\":\"WebPage\",\"@id\":\"https:\/\/123-esta.com\/it\/domande-di-idoneita-per-il-modulo-esta\/\",\"url\":\"https:\/\/123-esta.com\/it\/domande-di-idoneita-per-il-modulo-esta\/\",\"name\":\"Quali sono le domande di ammissibilit\u00e0 sul modulo ESTA?\",\"isPartOf\":{\"@id\":\"https:\/\/123-esta.com\/it\/#website\"},\"datePublished\":\"2022-07-27T19:33:16+00:00\",\"dateModified\":\"2022-08-31T09:37:04+00:00\",\"description\":\"Il modulo ESTA \u00e8 suddiviso in 3 parti, una delle quali consiste nel rispondere a domande chiuse. Come si presentano le domande dell'ESTA? Eccoli.\",\"inLanguage\":\"it-IT\",\"potentialAction\":[{\"@type\":\"ReadAction\",\"target\":[\"https:\/\/123-esta.com\/it\/domande-di-idoneita-per-il-modulo-esta\/\"]}]},{\"@type\":\"WebSite\",\"@id\":\"https:\/\/123-esta.com\/it\/#website\",\"url\":\"https:\/\/123-esta.com\/it\/\",\"name\":\"Formulaire ESTA pour les USA\",\"description\":\"\",\"publisher\":{\"@id\":\"https:\/\/123-esta.com\/it\/#organization\"},\"potentialAction\":[{\"@type\":\"SearchAction\",\"target\":{\"@type\":\"EntryPoint\",\"urlTemplate\":\"https:\/\/123-esta.com\/it\/?s={search_term_string}\"},\"query-input\":{\"@type\":\"PropertyValueSpecification\",\"valueRequired\":true,\"valueName\":\"search_term_string\"}}],\"inLanguage\":\"it-IT\"},{\"@type\":\"Organization\",\"@id\":\"https:\/\/123-esta.com\/it\/#organization\",\"name\":\"Formulaire ESTA pour les USA\",\"url\":\"https:\/\/123-esta.com\/it\/\",\"logo\":{\"@type\":\"ImageObject\",\"inLanguage\":\"it-IT\",\"@id\":\"https:\/\/123-esta.com\/it\/#\/schema\/logo\/image\/\",\"url\":\"https:\/\/123-esta.com\/wp-content\/uploads\/2018\/03\/logo-123-esta.png\",\"contentUrl\":\"https:\/\/123-esta.com\/wp-content\/uploads\/2018\/03\/logo-123-esta.png\",\"width\":191,\"height\":54,\"caption\":\"Formulaire ESTA pour les USA\"},\"image\":{\"@id\":\"https:\/\/123-esta.com\/it\/#\/schema\/logo\/image\/\"}}]}<\/script>\n<!-- \/ Yoast SEO plugin. -->","yoast_head_json":{"title":"Quali sono le domande di ammissibilit\u00e0 sul modulo ESTA?","description":"Il modulo ESTA \u00e8 suddiviso in 3 parti, una delle quali consiste nel rispondere a domande chiuse. Come si presentano le domande dell'ESTA? Eccoli.","robots":{"index":"index","follow":"follow","max-snippet":"max-snippet:-1","max-image-preview":"max-image-preview:large","max-video-preview":"max-video-preview:-1"},"canonical":"https:\/\/123-esta.com\/it\/domande-di-idoneita-per-il-modulo-esta\/","og_locale":"it_IT","og_type":"article","og_title":"Quali sono le domande di ammissibilit\u00e0 sul modulo ESTA?","og_description":"Il modulo ESTA \u00e8 suddiviso in 3 parti, una delle quali consiste nel rispondere a domande chiuse. Come si presentano le domande dell'ESTA? Eccoli.","og_url":"https:\/\/123-esta.com\/it\/domande-di-idoneita-per-il-modulo-esta\/","og_site_name":"Formulaire ESTA pour les USA","article_modified_time":"2022-08-31T09:37:04+00:00","twitter_card":"summary_large_image","twitter_misc":{"Tempo di lettura stimato":"3 minuti"},"schema":{"@context":"https:\/\/schema.org","@graph":[{"@type":"WebPage","@id":"https:\/\/123-esta.com\/it\/domande-di-idoneita-per-il-modulo-esta\/","url":"https:\/\/123-esta.com\/it\/domande-di-idoneita-per-il-modulo-esta\/","name":"Quali sono le domande di ammissibilit\u00e0 sul modulo ESTA?","isPartOf":{"@id":"https:\/\/123-esta.com\/it\/#website"},"datePublished":"2022-07-27T19:33:16+00:00","dateModified":"2022-08-31T09:37:04+00:00","description":"Il modulo ESTA \u00e8 suddiviso in 3 parti, una delle quali consiste nel rispondere a domande chiuse. Come si presentano le domande dell'ESTA? Eccoli.","inLanguage":"it-IT","potentialAction":[{"@type":"ReadAction","target":["https:\/\/123-esta.com\/it\/domande-di-idoneita-per-il-modulo-esta\/"]}]},{"@type":"WebSite","@id":"https:\/\/123-esta.com\/it\/#website","url":"https:\/\/123-esta.com\/it\/","name":"Formulaire ESTA pour les USA","description":"","publisher":{"@id":"https:\/\/123-esta.com\/it\/#organization"},"potentialAction":[{"@type":"SearchAction","target":{"@type":"EntryPoint","urlTemplate":"https:\/\/123-esta.com\/it\/?s={search_term_string}"},"query-input":{"@type":"PropertyValueSpecification","valueRequired":true,"valueName":"search_term_string"}}],"inLanguage":"it-IT"},{"@type":"Organization","@id":"https:\/\/123-esta.com\/it\/#organization","name":"Formulaire ESTA pour les USA","url":"https:\/\/123-esta.com\/it\/","logo":{"@type":"ImageObject","inLanguage":"it-IT","@id":"https:\/\/123-esta.com\/it\/#\/schema\/logo\/image\/","url":"https:\/\/123-esta.com\/wp-content\/uploads\/2018\/03\/logo-123-esta.png","contentUrl":"https:\/\/123-esta.com\/wp-content\/uploads\/2018\/03\/logo-123-esta.png","width":191,"height":54,"caption":"Formulaire ESTA pour les USA"},"image":{"@id":"https:\/\/123-esta.com\/it\/#\/schema\/logo\/image\/"}}]}},"_links":{"self":[{"href":"https:\/\/123-esta.com\/it\/wp-json\/wp\/v2\/pages\/2159","targetHints":{"allow":["GET"]}}],"collection":[{"href":"https:\/\/123-esta.com\/it\/wp-json\/wp\/v2\/pages"}],"about":[{"href":"https:\/\/123-esta.com\/it\/wp-json\/wp\/v2\/types\/page"}],"author":[{"embeddable":true,"href":"https:\/\/123-esta.com\/it\/wp-json\/wp\/v2\/users\/1"}],"replies":[{"embeddable":true,"href":"https:\/\/123-esta.com\/it\/wp-json\/wp\/v2\/comments?post=2159"}],"version-history":[{"count":0,"href":"https:\/\/123-esta.com\/it\/wp-json\/wp\/v2\/pages\/2159\/revisions"}],"wp:attachment":[{"href":"https:\/\/123-esta.com\/it\/wp-json\/wp\/v2\/media?parent=2159"}],"curies":[{"name":"wp","href":"https:\/\/api.w.org\/{rel}","templated":true}]}}