{"id":2152,"date":"2022-07-27T21:32:42","date_gmt":"2022-07-27T19:32:42","guid":{"rendered":"https:\/\/123-esta.com\/lingua-soggiorno-con-esta\/"},"modified":"2022-08-23T23:25:01","modified_gmt":"2022-08-23T21:25:01","slug":"lingua-soggiorno-con-esta","status":"publish","type":"page","link":"https:\/\/123-esta.com\/it\/lingua-soggiorno-con-esta\/","title":{"rendered":"L&#8217;autorizzazione ESTA pu\u00f2 essere utilizzata per un soggiorno linguistico?"},"content":{"rendered":"\n<p>Nel caso degli studi linguistici, potrete imparare l&#8217;inglese con la coscienza pulita grazie all&#8217;autorizzazione ESTA, che vi risparmier\u00e0 le pratiche burocratiche necessarie per richiedere un visto.<\/p>\n\n<p>Se volete migliorare il vostro inglese, <a href=\"https:\/\/123-esta.com\/it\/consigli-per-viaggiare-negli-stati-uniti\/\">andare negli Stati Uniti \u00e8 un&#8217;idea eccellente e ve la consigliamo caldamente<\/a>. \u00c8 infatti riconosciuto che l&#8217;inglese americano \u00e8 molto pi\u00f9 semplice di quello dei cittadini inglesi, che spesso hanno un accento difficile da capire.<\/p>\n\n<p>Una volta negli Stati Uniti, \u00e8 possibile seguire corsi di inglese per meno di 18 ore settimanali, ad esempio. Tuttavia, si prega di assicurarsi che il corso non superi i 90 giorni, limite dell&#8217;autorizzazione ESTA.<\/p>\n\n<p>Infatti, per una durata superiore a questo limite, dovrete richiedere un visto, che a volte pu\u00f2 essere difficile da ottenere. Scommettiamo che in 3 mesi sarete gi\u00e0 in grado di migliorare il vostro livello nella lingua di Shakespeare.<\/p>\n\n<h2 class=\"wp-block-heading\">Approfittate del vostro soggiorno negli Stati Uniti per migliorare il vostro livello di inglese.<\/h2>\n\n<p>Se vi trovate negli Stati Uniti in vacanza o come turisti, avrete sicuramente molte opportunit\u00e0 per migliorare il vostro inglese. Una volta acquisite le basi di una lingua, la cosa pi\u00f9 importante \u00e8 fare pratica! Se trascorrete diverse settimane negli Stati Uniti, avrete sicuramente questa possibilit\u00e0.<\/p>\n\n<p>Per chi lo desidera, molte scuole offrono corsi di lingua per stranieri in loco. Questi corsi durano solitamente 3 ore al giorno, dal luned\u00ec al venerd\u00ec. In questo modo avrete il tempo di scoprire le meraviglie della citt\u00e0 o della regione in cui vi troverete.<\/p>\n\n<h2 class=\"wp-block-heading\">Scoprite cos&#8217;\u00e8 l&#8217;autorizzazione ESTA<\/h2>\n\n<p>L&#8217;autorizzazione ESTA deve essere richiesta prima della partenza. Per candidarsi, \u00e8 sufficiente compilare il nostro <a href=\"https:\/\/123-esta.com\/it\/forma-esta\/\">modulo online<\/a>.<\/p>\n\n<p>Naturalmente, fate attenzione alle informazioni fornite per evitare che la vostra domanda venga respinta. Questo pu\u00f2 accadere se i dati non corrispondono a quelli del passaporto. \u00c8 inoltre consigliabile <a href=\"https:\/\/123-esta.com\/it\/perche-applicare-esta-per-gli-usa\/\">presentare la domanda<\/a> alcuni giorni prima della partenza, nel caso in cui la domanda sia in sospeso. Un &#8220;hold&#8221; significa che l&#8217;amministrazione statunitense ha alcuni giorni di tempo per analizzare se la vostra domanda \u00e8 accettabile o meno.<\/p>\n\n<p>L&#8217;autorizzazione ESTA \u00e8 valida per un massimo di 2 anni o fino alla scadenza del passaporto.<\/p>\n\n<p>Una volta concessa l&#8217;autorizzazione, potete entrare negli Stati Uniti ogni volta che lo desiderate, purch\u00e9 non superiate il limite di 90 giorni. Se per qualsiasi motivo la vostra domanda non viene approvata, \u00e8 consigliabile richiedere un visto il prima possibile. Tuttavia, va notato che i rifiuti sono molto rari.<\/p>\n\n<p>Naturalmente, concludiamo ricordando che la domanda ESTA non \u00e8 valida per coloro che intendono vivere e lavorare negli Stati Uniti. In questa situazione, \u00e8 necessario richiedere immediatamente un visto, poich\u00e9 l&#8217;autorizzazione ESTA non consente di lavorare nel Paese.<\/p>\n","protected":false},"excerpt":{"rendered":"<p>Nel caso degli studi linguistici, potrete imparare l&#8217;inglese con la coscienza pulita grazie all&#8217;autorizzazione ESTA, che vi risparmier\u00e0 le pratiche burocratiche necessarie per richiedere un visto. Se volete migliorare il vostro inglese, andare negli Stati Uniti \u00e8 un&#8217;idea eccellente e ve la consigliamo caldamente. \u00c8 infatti riconosciuto che l&#8217;inglese americano \u00e8 molto pi\u00f9 semplice di [&hellip;]<\/p>\n","protected":false},"author":1,"featured_media":0,"parent":0,"menu_order":0,"comment_status":"closed","ping_status":"closed","template":"","meta":{"site-sidebar-layout":"default","site-content-layout":"default","ast-site-content-layout":"default","site-content-style":"default","site-sidebar-style":"default","ast-global-header-display":"","ast-banner-title-visibility":"","ast-main-header-display":"","ast-hfb-above-header-display":"","ast-hfb-below-header-display":"","ast-hfb-mobile-header-display":"","site-post-title":"","ast-breadcrumbs-content":"","ast-featured-img":"","footer-sml-layout":"","ast-disable-related-posts":"","theme-transparent-header-meta":"default","adv-header-id-meta":"","stick-header-meta":"default","header-above-stick-meta":"","header-main-stick-meta":"","header-below-stick-meta":"","astra-migrate-meta-layouts":"default","ast-page-background-enabled":"default","ast-page-background-meta":{"desktop":{"background-color":"","background-image":"","background-repeat":"repeat","background-position":"center center","background-size":"auto","background-attachment":"scroll","background-type":"","background-media":"","overlay-type":"","overlay-color":"","overlay-opacity":"","overlay-gradient":""},"tablet":{"background-color":"","background-image":"","background-repeat":"repeat","background-position":"center center","background-size":"auto","background-attachment":"scroll","background-type":"","background-media":"","overlay-type":"","overlay-color":"","overlay-opacity":"","overlay-gradient":""},"mobile":{"background-color":"","background-image":"","background-repeat":"repeat","background-position":"center center","background-size":"auto","background-attachment":"scroll","background-type":"","background-media":"","overlay-type":"","overlay-color":"","overlay-opacity":"","overlay-gradient":""}},"ast-content-background-meta":{"desktop":{"background-color":"var(--ast-global-color-5)","background-image":"","background-repeat":"repeat","background-position":"center center","background-size":"auto","background-attachment":"scroll","background-type":"","background-media":"","overlay-type":"","overlay-color":"","overlay-opacity":"","overlay-gradient":""},"tablet":{"background-color":"var(--ast-global-color-5)","background-image":"","background-repeat":"repeat","background-position":"center center","background-size":"auto","background-attachment":"scroll","background-type":"","background-media":"","overlay-type":"","overlay-color":"","overlay-opacity":"","overlay-gradient":""},"mobile":{"background-color":"var(--ast-global-color-5)","background-image":"","background-repeat":"repeat","background-position":"center center","background-size":"auto","background-attachment":"scroll","background-type":"","background-media":"","overlay-type":"","overlay-color":"","overlay-opacity":"","overlay-gradient":""}},"footnotes":""},"class_list":["post-2152","page","type-page","status-publish","hentry"],"yoast_head":"<!-- This site is optimized with the Yoast SEO plugin v27.1.1 - https:\/\/yoast.com\/product\/yoast-seo-wordpress\/ -->\n<title>Un soggiorno linguistico negli Stati Uniti richiede un&#039;ESTA?<\/title>\n<meta name=\"description\" content=\"\u00c8 possibile andare negli Stati Uniti per imparare l&#039;inglese. \u00c8 sufficiente una semplice autorizzazione ESTA? La risposta \u00e8 qui.\" \/>\n<meta name=\"robots\" content=\"index, follow, max-snippet:-1, max-image-preview:large, max-video-preview:-1\" \/>\n<link rel=\"canonical\" href=\"https:\/\/123-esta.com\/it\/lingua-soggiorno-con-esta\/\" \/>\n<meta property=\"og:locale\" content=\"it_IT\" \/>\n<meta property=\"og:type\" content=\"article\" \/>\n<meta property=\"og:title\" content=\"Un soggiorno linguistico negli Stati Uniti richiede un&#039;ESTA?\" \/>\n<meta property=\"og:description\" content=\"\u00c8 possibile andare negli Stati Uniti per imparare l&#039;inglese. \u00c8 sufficiente una semplice autorizzazione ESTA? La risposta \u00e8 qui.\" \/>\n<meta property=\"og:url\" content=\"https:\/\/123-esta.com\/it\/lingua-soggiorno-con-esta\/\" \/>\n<meta property=\"og:site_name\" content=\"Formulaire ESTA pour les USA\" \/>\n<meta property=\"article:modified_time\" content=\"2022-08-23T21:25:01+00:00\" \/>\n<meta name=\"twitter:card\" content=\"summary_large_image\" \/>\n<meta name=\"twitter:label1\" content=\"Tempo di lettura stimato\" \/>\n\t<meta name=\"twitter:data1\" content=\"2 minuti\" \/>\n<script type=\"application\/ld+json\" class=\"yoast-schema-graph\">{\"@context\":\"https:\/\/schema.org\",\"@graph\":[{\"@type\":\"WebPage\",\"@id\":\"https:\/\/123-esta.com\/it\/lingua-soggiorno-con-esta\/\",\"url\":\"https:\/\/123-esta.com\/it\/lingua-soggiorno-con-esta\/\",\"name\":\"Un soggiorno linguistico negli Stati Uniti richiede un'ESTA?\",\"isPartOf\":{\"@id\":\"https:\/\/123-esta.com\/it\/#website\"},\"datePublished\":\"2022-07-27T19:32:42+00:00\",\"dateModified\":\"2022-08-23T21:25:01+00:00\",\"description\":\"\u00c8 possibile andare negli Stati Uniti per imparare l'inglese. \u00c8 sufficiente una semplice autorizzazione ESTA? La risposta \u00e8 qui.\",\"inLanguage\":\"it-IT\",\"potentialAction\":[{\"@type\":\"ReadAction\",\"target\":[\"https:\/\/123-esta.com\/it\/lingua-soggiorno-con-esta\/\"]}]},{\"@type\":\"WebSite\",\"@id\":\"https:\/\/123-esta.com\/it\/#website\",\"url\":\"https:\/\/123-esta.com\/it\/\",\"name\":\"Formulaire ESTA pour les USA\",\"description\":\"\",\"publisher\":{\"@id\":\"https:\/\/123-esta.com\/it\/#organization\"},\"potentialAction\":[{\"@type\":\"SearchAction\",\"target\":{\"@type\":\"EntryPoint\",\"urlTemplate\":\"https:\/\/123-esta.com\/it\/?s={search_term_string}\"},\"query-input\":{\"@type\":\"PropertyValueSpecification\",\"valueRequired\":true,\"valueName\":\"search_term_string\"}}],\"inLanguage\":\"it-IT\"},{\"@type\":\"Organization\",\"@id\":\"https:\/\/123-esta.com\/it\/#organization\",\"name\":\"Formulaire ESTA pour les USA\",\"url\":\"https:\/\/123-esta.com\/it\/\",\"logo\":{\"@type\":\"ImageObject\",\"inLanguage\":\"it-IT\",\"@id\":\"https:\/\/123-esta.com\/it\/#\/schema\/logo\/image\/\",\"url\":\"https:\/\/123-esta.com\/wp-content\/uploads\/2018\/03\/logo-123-esta.png\",\"contentUrl\":\"https:\/\/123-esta.com\/wp-content\/uploads\/2018\/03\/logo-123-esta.png\",\"width\":191,\"height\":54,\"caption\":\"Formulaire ESTA pour les USA\"},\"image\":{\"@id\":\"https:\/\/123-esta.com\/it\/#\/schema\/logo\/image\/\"}}]}<\/script>\n<!-- \/ Yoast SEO plugin. -->","yoast_head_json":{"title":"Un soggiorno linguistico negli Stati Uniti richiede un'ESTA?","description":"\u00c8 possibile andare negli Stati Uniti per imparare l'inglese. \u00c8 sufficiente una semplice autorizzazione ESTA? La risposta \u00e8 qui.","robots":{"index":"index","follow":"follow","max-snippet":"max-snippet:-1","max-image-preview":"max-image-preview:large","max-video-preview":"max-video-preview:-1"},"canonical":"https:\/\/123-esta.com\/it\/lingua-soggiorno-con-esta\/","og_locale":"it_IT","og_type":"article","og_title":"Un soggiorno linguistico negli Stati Uniti richiede un'ESTA?","og_description":"\u00c8 possibile andare negli Stati Uniti per imparare l'inglese. \u00c8 sufficiente una semplice autorizzazione ESTA? La risposta \u00e8 qui.","og_url":"https:\/\/123-esta.com\/it\/lingua-soggiorno-con-esta\/","og_site_name":"Formulaire ESTA pour les USA","article_modified_time":"2022-08-23T21:25:01+00:00","twitter_card":"summary_large_image","twitter_misc":{"Tempo di lettura stimato":"2 minuti"},"schema":{"@context":"https:\/\/schema.org","@graph":[{"@type":"WebPage","@id":"https:\/\/123-esta.com\/it\/lingua-soggiorno-con-esta\/","url":"https:\/\/123-esta.com\/it\/lingua-soggiorno-con-esta\/","name":"Un soggiorno linguistico negli Stati Uniti richiede un'ESTA?","isPartOf":{"@id":"https:\/\/123-esta.com\/it\/#website"},"datePublished":"2022-07-27T19:32:42+00:00","dateModified":"2022-08-23T21:25:01+00:00","description":"\u00c8 possibile andare negli Stati Uniti per imparare l'inglese. \u00c8 sufficiente una semplice autorizzazione ESTA? La risposta \u00e8 qui.","inLanguage":"it-IT","potentialAction":[{"@type":"ReadAction","target":["https:\/\/123-esta.com\/it\/lingua-soggiorno-con-esta\/"]}]},{"@type":"WebSite","@id":"https:\/\/123-esta.com\/it\/#website","url":"https:\/\/123-esta.com\/it\/","name":"Formulaire ESTA pour les USA","description":"","publisher":{"@id":"https:\/\/123-esta.com\/it\/#organization"},"potentialAction":[{"@type":"SearchAction","target":{"@type":"EntryPoint","urlTemplate":"https:\/\/123-esta.com\/it\/?s={search_term_string}"},"query-input":{"@type":"PropertyValueSpecification","valueRequired":true,"valueName":"search_term_string"}}],"inLanguage":"it-IT"},{"@type":"Organization","@id":"https:\/\/123-esta.com\/it\/#organization","name":"Formulaire ESTA pour les USA","url":"https:\/\/123-esta.com\/it\/","logo":{"@type":"ImageObject","inLanguage":"it-IT","@id":"https:\/\/123-esta.com\/it\/#\/schema\/logo\/image\/","url":"https:\/\/123-esta.com\/wp-content\/uploads\/2018\/03\/logo-123-esta.png","contentUrl":"https:\/\/123-esta.com\/wp-content\/uploads\/2018\/03\/logo-123-esta.png","width":191,"height":54,"caption":"Formulaire ESTA pour les USA"},"image":{"@id":"https:\/\/123-esta.com\/it\/#\/schema\/logo\/image\/"}}]}},"_links":{"self":[{"href":"https:\/\/123-esta.com\/it\/wp-json\/wp\/v2\/pages\/2152","targetHints":{"allow":["GET"]}}],"collection":[{"href":"https:\/\/123-esta.com\/it\/wp-json\/wp\/v2\/pages"}],"about":[{"href":"https:\/\/123-esta.com\/it\/wp-json\/wp\/v2\/types\/page"}],"author":[{"embeddable":true,"href":"https:\/\/123-esta.com\/it\/wp-json\/wp\/v2\/users\/1"}],"replies":[{"embeddable":true,"href":"https:\/\/123-esta.com\/it\/wp-json\/wp\/v2\/comments?post=2152"}],"version-history":[{"count":0,"href":"https:\/\/123-esta.com\/it\/wp-json\/wp\/v2\/pages\/2152\/revisions"}],"wp:attachment":[{"href":"https:\/\/123-esta.com\/it\/wp-json\/wp\/v2\/media?parent=2152"}],"curies":[{"name":"wp","href":"https:\/\/api.w.org\/{rel}","templated":true}]}}