{"id":2150,"date":"2022-07-27T21:32:42","date_gmt":"2022-07-27T19:32:42","guid":{"rendered":"https:\/\/123-esta.com\/o-cambiare-la-valuta-in-dollari\/"},"modified":"2022-08-23T22:07:11","modified_gmt":"2022-08-23T20:07:11","slug":"cambiare-la-valuta-in-dollari","status":"publish","type":"page","link":"https:\/\/123-esta.com\/it\/cambiare-la-valuta-in-dollari\/","title":{"rendered":"Come e dove cambiare la valuta quando si va negli USA"},"content":{"rendered":"\n<p>La valuta utilizzata negli Stati Uniti \u00e8 il dollaro USA.<\/p>\n\n<p>Poich\u00e9 probabilmente arriverete da un Paese che non ha questa moneta, dovrete cambiare la valuta, soprattutto se il vostro Paese di origine fa parte dell&#8217;Eurozona, quindi <a href=\"https:\/\/123-esta.com\/it\/consigli-per-viaggiare-negli-stati-uniti\/\">il nostro consiglio \u00e8 chiaramente quello di anticipare<\/a> questo aspetto. Dove e come si pu\u00f2 cambiare il denaro?<\/p>\n\n<h2 class=\"wp-block-heading\">In un aeroporto<\/h2>\n\n<p>Che sia prima del volo o subito dopo, il cambio di valuta pu\u00f2 essere effettuato in qualsiasi aeroporto.<\/p>\n\n<p>Tuttavia, se potete, vi consigliamo di informarvi sui livelli di cambio effettivi della valuta che intendete cambiare. Infatti, ogni volta che si effettua un cambio di valuta, gli uffici di cambio applicano commissioni pi\u00f9 o meno importanti.<\/p>\n\n<p>E, purtroppo consapevoli del loro vantaggio &#8220;strategico&#8221;, gli aeroporti hanno quasi sempre tariffe pi\u00f9 alte rispetto alla citt\u00e0. Si consiglia di cambiare solo una piccola somma di denaro all&#8217;arrivo in aeroporto e di effettuare la maggior parte del cambio di valuta fuori dall&#8217;aeroporto, dove i tassi sono spesso migliori.<\/p>\n\n<p>Per il cambio di valuta si deve tenere conto anche del tasso di cambio. Pu\u00f2 oscillare nel corso della giornata. Sulla base di tutti i criteri sopra elencati, il viaggiatore sar\u00e0 in grado di determinare il momento pi\u00f9 vantaggioso per cambiare la valuta in dollari.<\/p>\n\n<h2 class=\"wp-block-heading\">In una banca<\/h2>\n\n<p>Il cambio di valuta in dollari pu\u00f2 essere effettuato anche presso qualsiasi banca del Paese di provenienza del viaggiatore. Si pu\u00f2 fare allo sportello o da un sito sicuro che alcune banche hanno.<\/p>\n\n<p>Tuttavia, possono essere necessari fino a dieci giorni per ricevere il denaro.<\/p>\n\n<h2 class=\"wp-block-heading\">Una volta negli Stati Uniti<\/h2>\n\n<p>Come spiegato sopra, il cambio pu\u00f2 avvenire anche dopo l&#8217;arrivo negli Stati Uniti.<\/p>\n\n<p>Anche in questo caso bisogna tenere conto del fattore costo, ma un cambio di valuta locale consente di risparmiare tempo e spesso denaro. Le commissioni sono pi\u00f9 basse e il tasso \u00e8 migliore rispetto a quello di una banca o di un aeroporto. Nota bene: la maggior parte dei cambiavalute vi chieder\u00e0 il passaporto per una verifica.<\/p>\n\n<h2 class=\"wp-block-heading\">Carte bancarie<\/h2>\n\n<p>Le carte bancarie, in particolare Visa o Mastercard, possono essere utilizzate nella maggior parte dei Paesi.<\/p>\n\n<p>Quando si viaggia negli Stati Uniti, il possesso di uno di questi due tipi di carta eviter\u00e0 di trasportare contanti da un Paese all&#8217;altro. In effetti, i prelievi possono essere effettuati presso la maggior parte degli sportelli bancomat locali. Il tasso di cambio da tenere in considerazione \u00e8 quello della vostra banca.<\/p>\n\n<h2 class=\"wp-block-heading\">Come viene effettuato lo scambio?<\/h2>\n\n<p>Per cambiare una valuta in dollari, basta scegliere l&#8217;importo da cambiare (nella valuta a disposizione) e calcolare il suo equivalente in valuta statunitense in base al tasso del dollaro.<\/p>\n\n<p>Naturalmente, l&#8217;importo riconosciuto al viaggiatore dipender\u00e0 anche dalle commissioni applicate dall&#8217;agenzia presso la quale \u00e8 stato effettuato lo scambio.<\/p>\n","protected":false},"excerpt":{"rendered":"<p>La valuta utilizzata negli Stati Uniti \u00e8 il dollaro USA. Poich\u00e9 probabilmente arriverete da un Paese che non ha questa moneta, dovrete cambiare la valuta, soprattutto se il vostro Paese di origine fa parte dell&#8217;Eurozona, quindi il nostro consiglio \u00e8 chiaramente quello di anticipare questo aspetto. Dove e come si pu\u00f2 cambiare il denaro? In [&hellip;]<\/p>\n","protected":false},"author":1,"featured_media":0,"parent":0,"menu_order":0,"comment_status":"closed","ping_status":"closed","template":"","meta":{"site-sidebar-layout":"default","site-content-layout":"default","ast-site-content-layout":"default","site-content-style":"default","site-sidebar-style":"default","ast-global-header-display":"","ast-banner-title-visibility":"","ast-main-header-display":"","ast-hfb-above-header-display":"","ast-hfb-below-header-display":"","ast-hfb-mobile-header-display":"","site-post-title":"","ast-breadcrumbs-content":"","ast-featured-img":"","footer-sml-layout":"","ast-disable-related-posts":"","theme-transparent-header-meta":"default","adv-header-id-meta":"","stick-header-meta":"default","header-above-stick-meta":"","header-main-stick-meta":"","header-below-stick-meta":"","astra-migrate-meta-layouts":"default","ast-page-background-enabled":"default","ast-page-background-meta":{"desktop":{"background-color":"","background-image":"","background-repeat":"repeat","background-position":"center center","background-size":"auto","background-attachment":"scroll","background-type":"","background-media":"","overlay-type":"","overlay-color":"","overlay-opacity":"","overlay-gradient":""},"tablet":{"background-color":"","background-image":"","background-repeat":"repeat","background-position":"center center","background-size":"auto","background-attachment":"scroll","background-type":"","background-media":"","overlay-type":"","overlay-color":"","overlay-opacity":"","overlay-gradient":""},"mobile":{"background-color":"","background-image":"","background-repeat":"repeat","background-position":"center center","background-size":"auto","background-attachment":"scroll","background-type":"","background-media":"","overlay-type":"","overlay-color":"","overlay-opacity":"","overlay-gradient":""}},"ast-content-background-meta":{"desktop":{"background-color":"var(--ast-global-color-5)","background-image":"","background-repeat":"repeat","background-position":"center center","background-size":"auto","background-attachment":"scroll","background-type":"","background-media":"","overlay-type":"","overlay-color":"","overlay-opacity":"","overlay-gradient":""},"tablet":{"background-color":"var(--ast-global-color-5)","background-image":"","background-repeat":"repeat","background-position":"center center","background-size":"auto","background-attachment":"scroll","background-type":"","background-media":"","overlay-type":"","overlay-color":"","overlay-opacity":"","overlay-gradient":""},"mobile":{"background-color":"var(--ast-global-color-5)","background-image":"","background-repeat":"repeat","background-position":"center center","background-size":"auto","background-attachment":"scroll","background-type":"","background-media":"","overlay-type":"","overlay-color":"","overlay-opacity":"","overlay-gradient":""}},"footnotes":""},"class_list":["post-2150","page","type-page","status-publish","hentry"],"yoast_head":"<!-- This site is optimized with the Yoast SEO plugin v27.1.1 - https:\/\/yoast.com\/product\/yoast-seo-wordpress\/ -->\n<title>Come cambiare il denaro in dollari USA?<\/title>\n<meta name=\"description\" content=\"Andr\u00e0 presto negli Stati Uniti? Seguite i nostri consigli per cambiare i vostri euro in dollari USA: come, quando e dove? Le nostre risposte!\" \/>\n<meta name=\"robots\" content=\"index, follow, max-snippet:-1, max-image-preview:large, max-video-preview:-1\" \/>\n<link rel=\"canonical\" href=\"https:\/\/123-esta.com\/it\/cambiare-la-valuta-in-dollari\/\" \/>\n<meta property=\"og:locale\" content=\"it_IT\" \/>\n<meta property=\"og:type\" content=\"article\" \/>\n<meta property=\"og:title\" content=\"Come cambiare il denaro in dollari USA?\" \/>\n<meta property=\"og:description\" content=\"Andr\u00e0 presto negli Stati Uniti? Seguite i nostri consigli per cambiare i vostri euro in dollari USA: come, quando e dove? Le nostre risposte!\" \/>\n<meta property=\"og:url\" content=\"https:\/\/123-esta.com\/it\/cambiare-la-valuta-in-dollari\/\" \/>\n<meta property=\"og:site_name\" content=\"Formulaire ESTA pour les USA\" \/>\n<meta property=\"article:modified_time\" content=\"2022-08-23T20:07:11+00:00\" \/>\n<meta name=\"twitter:card\" content=\"summary_large_image\" \/>\n<meta name=\"twitter:label1\" content=\"Tempo di lettura stimato\" \/>\n\t<meta name=\"twitter:data1\" content=\"2 minuti\" \/>\n<script type=\"application\/ld+json\" class=\"yoast-schema-graph\">{\"@context\":\"https:\/\/schema.org\",\"@graph\":[{\"@type\":\"WebPage\",\"@id\":\"https:\/\/123-esta.com\/it\/cambiare-la-valuta-in-dollari\/\",\"url\":\"https:\/\/123-esta.com\/it\/cambiare-la-valuta-in-dollari\/\",\"name\":\"Come cambiare il denaro in dollari USA?\",\"isPartOf\":{\"@id\":\"https:\/\/123-esta.com\/it\/#website\"},\"datePublished\":\"2022-07-27T19:32:42+00:00\",\"dateModified\":\"2022-08-23T20:07:11+00:00\",\"description\":\"Andr\u00e0 presto negli Stati Uniti? Seguite i nostri consigli per cambiare i vostri euro in dollari USA: come, quando e dove? Le nostre risposte!\",\"inLanguage\":\"it-IT\",\"potentialAction\":[{\"@type\":\"ReadAction\",\"target\":[\"https:\/\/123-esta.com\/it\/cambiare-la-valuta-in-dollari\/\"]}]},{\"@type\":\"WebSite\",\"@id\":\"https:\/\/123-esta.com\/it\/#website\",\"url\":\"https:\/\/123-esta.com\/it\/\",\"name\":\"Formulaire ESTA pour les USA\",\"description\":\"\",\"publisher\":{\"@id\":\"https:\/\/123-esta.com\/it\/#organization\"},\"potentialAction\":[{\"@type\":\"SearchAction\",\"target\":{\"@type\":\"EntryPoint\",\"urlTemplate\":\"https:\/\/123-esta.com\/it\/?s={search_term_string}\"},\"query-input\":{\"@type\":\"PropertyValueSpecification\",\"valueRequired\":true,\"valueName\":\"search_term_string\"}}],\"inLanguage\":\"it-IT\"},{\"@type\":\"Organization\",\"@id\":\"https:\/\/123-esta.com\/it\/#organization\",\"name\":\"Formulaire ESTA pour les USA\",\"url\":\"https:\/\/123-esta.com\/it\/\",\"logo\":{\"@type\":\"ImageObject\",\"inLanguage\":\"it-IT\",\"@id\":\"https:\/\/123-esta.com\/it\/#\/schema\/logo\/image\/\",\"url\":\"https:\/\/123-esta.com\/wp-content\/uploads\/2018\/03\/logo-123-esta.png\",\"contentUrl\":\"https:\/\/123-esta.com\/wp-content\/uploads\/2018\/03\/logo-123-esta.png\",\"width\":191,\"height\":54,\"caption\":\"Formulaire ESTA pour les USA\"},\"image\":{\"@id\":\"https:\/\/123-esta.com\/it\/#\/schema\/logo\/image\/\"}}]}<\/script>\n<!-- \/ Yoast SEO plugin. -->","yoast_head_json":{"title":"Come cambiare il denaro in dollari USA?","description":"Andr\u00e0 presto negli Stati Uniti? Seguite i nostri consigli per cambiare i vostri euro in dollari USA: come, quando e dove? Le nostre risposte!","robots":{"index":"index","follow":"follow","max-snippet":"max-snippet:-1","max-image-preview":"max-image-preview:large","max-video-preview":"max-video-preview:-1"},"canonical":"https:\/\/123-esta.com\/it\/cambiare-la-valuta-in-dollari\/","og_locale":"it_IT","og_type":"article","og_title":"Come cambiare il denaro in dollari USA?","og_description":"Andr\u00e0 presto negli Stati Uniti? Seguite i nostri consigli per cambiare i vostri euro in dollari USA: come, quando e dove? Le nostre risposte!","og_url":"https:\/\/123-esta.com\/it\/cambiare-la-valuta-in-dollari\/","og_site_name":"Formulaire ESTA pour les USA","article_modified_time":"2022-08-23T20:07:11+00:00","twitter_card":"summary_large_image","twitter_misc":{"Tempo di lettura stimato":"2 minuti"},"schema":{"@context":"https:\/\/schema.org","@graph":[{"@type":"WebPage","@id":"https:\/\/123-esta.com\/it\/cambiare-la-valuta-in-dollari\/","url":"https:\/\/123-esta.com\/it\/cambiare-la-valuta-in-dollari\/","name":"Come cambiare il denaro in dollari USA?","isPartOf":{"@id":"https:\/\/123-esta.com\/it\/#website"},"datePublished":"2022-07-27T19:32:42+00:00","dateModified":"2022-08-23T20:07:11+00:00","description":"Andr\u00e0 presto negli Stati Uniti? Seguite i nostri consigli per cambiare i vostri euro in dollari USA: come, quando e dove? Le nostre risposte!","inLanguage":"it-IT","potentialAction":[{"@type":"ReadAction","target":["https:\/\/123-esta.com\/it\/cambiare-la-valuta-in-dollari\/"]}]},{"@type":"WebSite","@id":"https:\/\/123-esta.com\/it\/#website","url":"https:\/\/123-esta.com\/it\/","name":"Formulaire ESTA pour les USA","description":"","publisher":{"@id":"https:\/\/123-esta.com\/it\/#organization"},"potentialAction":[{"@type":"SearchAction","target":{"@type":"EntryPoint","urlTemplate":"https:\/\/123-esta.com\/it\/?s={search_term_string}"},"query-input":{"@type":"PropertyValueSpecification","valueRequired":true,"valueName":"search_term_string"}}],"inLanguage":"it-IT"},{"@type":"Organization","@id":"https:\/\/123-esta.com\/it\/#organization","name":"Formulaire ESTA pour les USA","url":"https:\/\/123-esta.com\/it\/","logo":{"@type":"ImageObject","inLanguage":"it-IT","@id":"https:\/\/123-esta.com\/it\/#\/schema\/logo\/image\/","url":"https:\/\/123-esta.com\/wp-content\/uploads\/2018\/03\/logo-123-esta.png","contentUrl":"https:\/\/123-esta.com\/wp-content\/uploads\/2018\/03\/logo-123-esta.png","width":191,"height":54,"caption":"Formulaire ESTA pour les USA"},"image":{"@id":"https:\/\/123-esta.com\/it\/#\/schema\/logo\/image\/"}}]}},"_links":{"self":[{"href":"https:\/\/123-esta.com\/it\/wp-json\/wp\/v2\/pages\/2150","targetHints":{"allow":["GET"]}}],"collection":[{"href":"https:\/\/123-esta.com\/it\/wp-json\/wp\/v2\/pages"}],"about":[{"href":"https:\/\/123-esta.com\/it\/wp-json\/wp\/v2\/types\/page"}],"author":[{"embeddable":true,"href":"https:\/\/123-esta.com\/it\/wp-json\/wp\/v2\/users\/1"}],"replies":[{"embeddable":true,"href":"https:\/\/123-esta.com\/it\/wp-json\/wp\/v2\/comments?post=2150"}],"version-history":[{"count":0,"href":"https:\/\/123-esta.com\/it\/wp-json\/wp\/v2\/pages\/2150\/revisions"}],"wp:attachment":[{"href":"https:\/\/123-esta.com\/it\/wp-json\/wp\/v2\/media?parent=2150"}],"curies":[{"name":"wp","href":"https:\/\/api.w.org\/{rel}","templated":true}]}}