{"id":2128,"date":"2022-07-27T21:32:39","date_gmt":"2022-07-27T19:32:39","guid":{"rendered":"https:\/\/123-esta.com\/consigli-prima-di-andare-da-noi\/"},"modified":"2022-09-01T09:18:54","modified_gmt":"2022-09-01T07:18:54","slug":"consigli-per-viaggiare-negli-stati-uniti","status":"publish","type":"page","link":"https:\/\/123-esta.com\/it\/consigli-per-viaggiare-negli-stati-uniti\/","title":{"rendered":"I nostri consigli per viaggiare negli Stati Uniti senza preoccupazioni"},"content":{"rendered":"\n<p>Avete deciso di andare negli Stati Uniti per le vostre prossime vacanze? Avete il passaporto valido, l&#8217;<a href=\"\/\/123-esta.com\/it\/\">ESTA<\/a> in tasca e avete anche prenotato i biglietti aerei? Eccellente!<br\/>Sia che andiate a New York per visitare la citt\u00e0 che non dorme mai, sia che ci andiate per un corso di <a href=\"https:\/\/123-esta.com\/it\/lingua-soggiorno-con-esta\/\">lingua<\/a>, ecco i nostri ultimi consigli prima della grande partenza per essere il pi\u00f9 preparati possibile ed evitare spiacevoli sorprese.<\/p>\n\n<h2 class=\"wp-block-heading\">Visite e viaggi<\/h2>\n\n<p>Se il vostro itinerario non \u00e8 ancora stato definito con precisione, una cosa \u00e8 certa: le destinazioni per una <a href=\"https:\/\/123-esta.com\/it\/cosa-fare-e-visitare-negli-stati-uniti\/\">visita negli Stati Uniti<\/a> non mancano! Le grandi citt\u00e0, come New York, sono apprezzate per la loro eccessivit\u00e0, mentre la California \u00e8 il luogo ideale per uno stile di vita dolce. Partire con la famiglia? La Florida, con i suoi numerosi parchi a tema, far\u00e0 la gioia di grandi e piccini!<\/p>\n\n<p>Se non ci si limita a una sola citt\u00e0, il Paese \u00e8 ben dotato di infrastrutture ed \u00e8 facile viaggiare in treno, in autobus o anche in aereo per lunghe distanze. Per un viaggio su strada, l&#8217;auto a noleggio \u00e8 ancora il <a href=\"https:\/\/123-esta.com\/it\/trasporti-negli-stati-uniti\/\">modo<\/a> migliore per spostarsi <a href=\"https:\/\/123-esta.com\/it\/trasporti-negli-stati-uniti\/\">negli Stati Uniti<\/a>. A questo proposito, \u00e8 importante notare che non \u00e8 necessario richiedere una patente di guida internazionale prima di partire, poich\u00e9 la patente francese \u00e8 sufficiente per noleggiare un veicolo.<\/p>\n\n<h2 class=\"wp-block-heading\">Copertura sanitaria e cambio valuta<\/h2>\n\n<p>Dovreste anche considerare la possibilit\u00e0 di stipulare un&#8217;<a href=\"https:\/\/123-esta.com\/it\/assicurazione-sanitaria-per-un-viaggio-negli-stati-uniti\/\">assicurazione di viaggio<\/a>. \u00c8 ideale optare per una polizza assicurativa completa che copra, tra l&#8217;altro, parte delle cure fornite negli Stati Uniti. Purtroppo, il Paese \u00e8 noto per i suoi costi medici molto elevati. Il detto &#8220;meglio prevenire che curare&#8221; \u00e8 particolarmente pertinente per un viaggio negli Stati Uniti e sarebbe un peccato se un incidente, anche se di lieve entit\u00e0, dovesse intaccare il budget della vostra vacanza.<\/p>\n\n<p>Come \u00e8 noto, la valuta degli Stati Uniti \u00e8 il dollaro USA. Pertanto, prima o poi dovrete cambiare i vostri euro in dollari. Ci sono molte opzioni per farlo. \u00c8 possibile cambiare il denaro prima della partenza o una volta arrivati sul posto: in banca, in aeroporto, presso un <a href=\"https:\/\/123-esta.com\/it\/cambiare-la-valuta-in-dollari\/\">ufficio di cambio<\/a> o prelevando contanti dagli sportelli automatici.<\/p>\n\n<h2 class=\"wp-block-heading\">Cultura americana<\/h2>\n\n<p>Infine, la scoperta di un&#8217;altra cultura \u00e8 ci\u00f2 che rende un viaggio all&#8217;estero cos\u00ec affascinante, e la gastronomia ne fa parte. Il fast food, e i suoi numerosi rappresentanti nel nostro Paese, \u00e8 ovviamente un punto fermo della <a href=\"https:\/\/123-esta.com\/it\/la-cucina-americana\/\">cucina americana<\/a>. Tuttavia, le specialit\u00e0 culinarie del Paese non si limitano all&#8217;hamburger o all&#8217;hot dog. Gli Stati Uniti sono composti da 50 stati, ognuno con le proprie specialit\u00e0 culinarie, dalla carne al pesce, dal cibo sano a quello spazzatura, ce n&#8217;\u00e8 per tutti i gusti!<\/p>\n\n<p>Non stupitevi nemmeno se gli americani vi avvicinano per strada. Gli americani sono molto accoglienti e anche curiosi, essendo un Paese di immigrati. Se vi capita, sar\u00e0 un&#8217;occasione per interagire, conoscere la cultura del Paese e praticare l&#8217;inglese.<\/p>\n","protected":false},"excerpt":{"rendered":"<p>Avete deciso di andare negli Stati Uniti per le vostre prossime vacanze? Avete il passaporto valido, l&#8217;ESTA in tasca e avete anche prenotato i biglietti aerei? Eccellente!Sia che andiate a New York per visitare la citt\u00e0 che non dorme mai, sia che ci andiate per un corso di lingua, ecco i nostri ultimi consigli prima [&hellip;]<\/p>\n","protected":false},"author":1,"featured_media":0,"parent":0,"menu_order":0,"comment_status":"closed","ping_status":"closed","template":"","meta":{"site-sidebar-layout":"default","site-content-layout":"default","ast-site-content-layout":"default","site-content-style":"default","site-sidebar-style":"default","ast-global-header-display":"","ast-banner-title-visibility":"","ast-main-header-display":"","ast-hfb-above-header-display":"","ast-hfb-below-header-display":"","ast-hfb-mobile-header-display":"","site-post-title":"","ast-breadcrumbs-content":"","ast-featured-img":"","footer-sml-layout":"","ast-disable-related-posts":"","theme-transparent-header-meta":"default","adv-header-id-meta":"","stick-header-meta":"default","header-above-stick-meta":"","header-main-stick-meta":"","header-below-stick-meta":"","astra-migrate-meta-layouts":"default","ast-page-background-enabled":"default","ast-page-background-meta":{"desktop":{"background-color":"","background-image":"","background-repeat":"repeat","background-position":"center center","background-size":"auto","background-attachment":"scroll","background-type":"","background-media":"","overlay-type":"","overlay-color":"","overlay-opacity":"","overlay-gradient":""},"tablet":{"background-color":"","background-image":"","background-repeat":"repeat","background-position":"center center","background-size":"auto","background-attachment":"scroll","background-type":"","background-media":"","overlay-type":"","overlay-color":"","overlay-opacity":"","overlay-gradient":""},"mobile":{"background-color":"","background-image":"","background-repeat":"repeat","background-position":"center center","background-size":"auto","background-attachment":"scroll","background-type":"","background-media":"","overlay-type":"","overlay-color":"","overlay-opacity":"","overlay-gradient":""}},"ast-content-background-meta":{"desktop":{"background-color":"var(--ast-global-color-5)","background-image":"","background-repeat":"repeat","background-position":"center center","background-size":"auto","background-attachment":"scroll","background-type":"","background-media":"","overlay-type":"","overlay-color":"","overlay-opacity":"","overlay-gradient":""},"tablet":{"background-color":"var(--ast-global-color-5)","background-image":"","background-repeat":"repeat","background-position":"center center","background-size":"auto","background-attachment":"scroll","background-type":"","background-media":"","overlay-type":"","overlay-color":"","overlay-opacity":"","overlay-gradient":""},"mobile":{"background-color":"var(--ast-global-color-5)","background-image":"","background-repeat":"repeat","background-position":"center center","background-size":"auto","background-attachment":"scroll","background-type":"","background-media":"","overlay-type":"","overlay-color":"","overlay-opacity":"","overlay-gradient":""}},"footnotes":""},"class_list":["post-2128","page","type-page","status-publish","hentry"],"yoast_head":"<!-- This site is optimized with the Yoast SEO plugin v27.1.1 - https:\/\/yoast.com\/product\/yoast-seo-wordpress\/ -->\n<title>I nostri consigli per preparare il vostro viaggio negli Stati Uniti<\/title>\n<meta name=\"description\" content=\"I viaggiatori che desiderano visitare gli Stati Uniti devono preparare con cura il loro programma. Qui trovate i nostri consigli per una vacanza di successo.\" \/>\n<meta name=\"robots\" content=\"index, follow, max-snippet:-1, max-image-preview:large, max-video-preview:-1\" \/>\n<link rel=\"canonical\" href=\"https:\/\/123-esta.com\/it\/consigli-per-viaggiare-negli-stati-uniti\/\" \/>\n<meta property=\"og:locale\" content=\"it_IT\" \/>\n<meta property=\"og:type\" content=\"article\" \/>\n<meta property=\"og:title\" content=\"I nostri consigli per preparare il vostro viaggio negli Stati Uniti\" \/>\n<meta property=\"og:description\" content=\"I viaggiatori che desiderano visitare gli Stati Uniti devono preparare con cura il loro programma. Qui trovate i nostri consigli per una vacanza di successo.\" \/>\n<meta property=\"og:url\" content=\"https:\/\/123-esta.com\/it\/consigli-per-viaggiare-negli-stati-uniti\/\" \/>\n<meta property=\"og:site_name\" content=\"Formulaire ESTA pour les USA\" \/>\n<meta property=\"article:modified_time\" content=\"2022-09-01T07:18:54+00:00\" \/>\n<meta name=\"twitter:card\" content=\"summary_large_image\" \/>\n<meta name=\"twitter:label1\" content=\"Tempo di lettura stimato\" \/>\n\t<meta name=\"twitter:data1\" content=\"2 minuti\" \/>\n<script type=\"application\/ld+json\" class=\"yoast-schema-graph\">{\"@context\":\"https:\/\/schema.org\",\"@graph\":[{\"@type\":\"WebPage\",\"@id\":\"https:\/\/123-esta.com\/it\/consigli-per-viaggiare-negli-stati-uniti\/\",\"url\":\"https:\/\/123-esta.com\/it\/consigli-per-viaggiare-negli-stati-uniti\/\",\"name\":\"I nostri consigli per preparare il vostro viaggio negli Stati Uniti\",\"isPartOf\":{\"@id\":\"https:\/\/123-esta.com\/it\/#website\"},\"datePublished\":\"2022-07-27T19:32:39+00:00\",\"dateModified\":\"2022-09-01T07:18:54+00:00\",\"description\":\"I viaggiatori che desiderano visitare gli Stati Uniti devono preparare con cura il loro programma. Qui trovate i nostri consigli per una vacanza di successo.\",\"inLanguage\":\"it-IT\",\"potentialAction\":[{\"@type\":\"ReadAction\",\"target\":[\"https:\/\/123-esta.com\/it\/consigli-per-viaggiare-negli-stati-uniti\/\"]}]},{\"@type\":\"WebSite\",\"@id\":\"https:\/\/123-esta.com\/it\/#website\",\"url\":\"https:\/\/123-esta.com\/it\/\",\"name\":\"Formulaire ESTA pour les USA\",\"description\":\"\",\"publisher\":{\"@id\":\"https:\/\/123-esta.com\/it\/#organization\"},\"potentialAction\":[{\"@type\":\"SearchAction\",\"target\":{\"@type\":\"EntryPoint\",\"urlTemplate\":\"https:\/\/123-esta.com\/it\/?s={search_term_string}\"},\"query-input\":{\"@type\":\"PropertyValueSpecification\",\"valueRequired\":true,\"valueName\":\"search_term_string\"}}],\"inLanguage\":\"it-IT\"},{\"@type\":\"Organization\",\"@id\":\"https:\/\/123-esta.com\/it\/#organization\",\"name\":\"Formulaire ESTA pour les USA\",\"url\":\"https:\/\/123-esta.com\/it\/\",\"logo\":{\"@type\":\"ImageObject\",\"inLanguage\":\"it-IT\",\"@id\":\"https:\/\/123-esta.com\/it\/#\/schema\/logo\/image\/\",\"url\":\"https:\/\/123-esta.com\/wp-content\/uploads\/2018\/03\/logo-123-esta.png\",\"contentUrl\":\"https:\/\/123-esta.com\/wp-content\/uploads\/2018\/03\/logo-123-esta.png\",\"width\":191,\"height\":54,\"caption\":\"Formulaire ESTA pour les USA\"},\"image\":{\"@id\":\"https:\/\/123-esta.com\/it\/#\/schema\/logo\/image\/\"}}]}<\/script>\n<!-- \/ Yoast SEO plugin. -->","yoast_head_json":{"title":"I nostri consigli per preparare il vostro viaggio negli Stati Uniti","description":"I viaggiatori che desiderano visitare gli Stati Uniti devono preparare con cura il loro programma. Qui trovate i nostri consigli per una vacanza di successo.","robots":{"index":"index","follow":"follow","max-snippet":"max-snippet:-1","max-image-preview":"max-image-preview:large","max-video-preview":"max-video-preview:-1"},"canonical":"https:\/\/123-esta.com\/it\/consigli-per-viaggiare-negli-stati-uniti\/","og_locale":"it_IT","og_type":"article","og_title":"I nostri consigli per preparare il vostro viaggio negli Stati Uniti","og_description":"I viaggiatori che desiderano visitare gli Stati Uniti devono preparare con cura il loro programma. Qui trovate i nostri consigli per una vacanza di successo.","og_url":"https:\/\/123-esta.com\/it\/consigli-per-viaggiare-negli-stati-uniti\/","og_site_name":"Formulaire ESTA pour les USA","article_modified_time":"2022-09-01T07:18:54+00:00","twitter_card":"summary_large_image","twitter_misc":{"Tempo di lettura stimato":"2 minuti"},"schema":{"@context":"https:\/\/schema.org","@graph":[{"@type":"WebPage","@id":"https:\/\/123-esta.com\/it\/consigli-per-viaggiare-negli-stati-uniti\/","url":"https:\/\/123-esta.com\/it\/consigli-per-viaggiare-negli-stati-uniti\/","name":"I nostri consigli per preparare il vostro viaggio negli Stati Uniti","isPartOf":{"@id":"https:\/\/123-esta.com\/it\/#website"},"datePublished":"2022-07-27T19:32:39+00:00","dateModified":"2022-09-01T07:18:54+00:00","description":"I viaggiatori che desiderano visitare gli Stati Uniti devono preparare con cura il loro programma. Qui trovate i nostri consigli per una vacanza di successo.","inLanguage":"it-IT","potentialAction":[{"@type":"ReadAction","target":["https:\/\/123-esta.com\/it\/consigli-per-viaggiare-negli-stati-uniti\/"]}]},{"@type":"WebSite","@id":"https:\/\/123-esta.com\/it\/#website","url":"https:\/\/123-esta.com\/it\/","name":"Formulaire ESTA pour les USA","description":"","publisher":{"@id":"https:\/\/123-esta.com\/it\/#organization"},"potentialAction":[{"@type":"SearchAction","target":{"@type":"EntryPoint","urlTemplate":"https:\/\/123-esta.com\/it\/?s={search_term_string}"},"query-input":{"@type":"PropertyValueSpecification","valueRequired":true,"valueName":"search_term_string"}}],"inLanguage":"it-IT"},{"@type":"Organization","@id":"https:\/\/123-esta.com\/it\/#organization","name":"Formulaire ESTA pour les USA","url":"https:\/\/123-esta.com\/it\/","logo":{"@type":"ImageObject","inLanguage":"it-IT","@id":"https:\/\/123-esta.com\/it\/#\/schema\/logo\/image\/","url":"https:\/\/123-esta.com\/wp-content\/uploads\/2018\/03\/logo-123-esta.png","contentUrl":"https:\/\/123-esta.com\/wp-content\/uploads\/2018\/03\/logo-123-esta.png","width":191,"height":54,"caption":"Formulaire ESTA pour les USA"},"image":{"@id":"https:\/\/123-esta.com\/it\/#\/schema\/logo\/image\/"}}]}},"_links":{"self":[{"href":"https:\/\/123-esta.com\/it\/wp-json\/wp\/v2\/pages\/2128","targetHints":{"allow":["GET"]}}],"collection":[{"href":"https:\/\/123-esta.com\/it\/wp-json\/wp\/v2\/pages"}],"about":[{"href":"https:\/\/123-esta.com\/it\/wp-json\/wp\/v2\/types\/page"}],"author":[{"embeddable":true,"href":"https:\/\/123-esta.com\/it\/wp-json\/wp\/v2\/users\/1"}],"replies":[{"embeddable":true,"href":"https:\/\/123-esta.com\/it\/wp-json\/wp\/v2\/comments?post=2128"}],"version-history":[{"count":0,"href":"https:\/\/123-esta.com\/it\/wp-json\/wp\/v2\/pages\/2128\/revisions"}],"wp:attachment":[{"href":"https:\/\/123-esta.com\/it\/wp-json\/wp\/v2\/media?parent=2128"}],"curies":[{"name":"wp","href":"https:\/\/api.w.org\/{rel}","templated":true}]}}