{"id":2127,"date":"2022-07-27T21:32:39","date_gmt":"2022-07-27T19:32:39","guid":{"rendered":"https:\/\/123-esta.com\/casa\/"},"modified":"2025-12-18T12:31:37","modified_gmt":"2025-12-18T11:31:37","slug":"casa","status":"publish","type":"page","link":"https:\/\/123-esta.com\/it\/","title":{"rendered":"Modulo ESTA per gli Stati Uniti"},"content":{"rendered":"\t\t<div data-elementor-type=\"wp-post\" data-elementor-id=\"2127\" class=\"elementor elementor-2127 elementor-4\" data-elementor-post-type=\"page\">\n\t\t\t\t\t\t<section class=\"elementor-section elementor-top-section elementor-element elementor-element-2d3ad03 elementor-section-stretched elementor-section-boxed elementor-section-height-default elementor-section-height-default\" data-id=\"2d3ad03\" data-element_type=\"section\" data-e-type=\"section\" data-settings=\"{&quot;stretch_section&quot;:&quot;section-stretched&quot;,&quot;background_background&quot;:&quot;classic&quot;}\">\n\t\t\t\t\t\t<div class=\"elementor-container elementor-column-gap-default\">\n\t\t\t\t\t<div class=\"elementor-column elementor-col-100 elementor-top-column elementor-element elementor-element-6d353e0\" data-id=\"6d353e0\" data-element_type=\"column\" data-e-type=\"column\">\n\t\t\t<div class=\"elementor-widget-wrap elementor-element-populated\">\n\t\t\t\t\t\t<section class=\"elementor-section elementor-inner-section elementor-element elementor-element-9bafa84 elementor-section-boxed elementor-section-height-default elementor-section-height-default\" data-id=\"9bafa84\" data-element_type=\"section\" data-e-type=\"section\">\n\t\t\t\t\t\t<div class=\"elementor-container elementor-column-gap-default\">\n\t\t\t\t\t<div class=\"elementor-column elementor-col-50 elementor-inner-column elementor-element elementor-element-2436f2e\" data-id=\"2436f2e\" data-element_type=\"column\" data-e-type=\"column\">\n\t\t\t<div class=\"elementor-widget-wrap elementor-element-populated\">\n\t\t\t\t\t\t<div class=\"elementor-element elementor-element-5f977d7 elementor-widget elementor-widget-spacer\" data-id=\"5f977d7\" data-element_type=\"widget\" data-e-type=\"widget\" data-widget_type=\"spacer.default\">\n\t\t\t\t<div class=\"elementor-widget-container\">\n\t\t\t\t\t\t\t<div class=\"elementor-spacer\">\n\t\t\t<div class=\"elementor-spacer-inner\"><\/div>\n\t\t<\/div>\n\t\t\t\t\t\t<\/div>\n\t\t\t\t<\/div>\n\t\t\t\t\t<\/div>\n\t\t<\/div>\n\t\t\t\t<div class=\"elementor-column elementor-col-50 elementor-inner-column elementor-element elementor-element-3773590\" data-id=\"3773590\" data-element_type=\"column\" data-e-type=\"column\">\n\t\t\t<div class=\"elementor-widget-wrap elementor-element-populated\">\n\t\t\t\t\t\t<div class=\"elementor-element elementor-element-f1ba379 elementor-widget elementor-widget-heading\" data-id=\"f1ba379\" data-element_type=\"widget\" data-e-type=\"widget\" data-widget_type=\"heading.default\">\n\t\t\t\t<div class=\"elementor-widget-container\">\n\t\t\t\t\t<h1 class=\"elementor-heading-title elementor-size-default\">\nAutorizzazione di viaggio ESTA per gli Stati Uniti<\/h1>\t\t\t\t<\/div>\n\t\t\t\t<\/div>\n\t\t\t\t<div class=\"elementor-element elementor-element-075bfb1 elementor-widget elementor-widget-text-editor\" data-id=\"075bfb1\" data-element_type=\"widget\" data-e-type=\"widget\" data-widget_type=\"text-editor.default\">\n\t\t\t\t<div class=\"elementor-widget-container\">\n\t\t\t\t\t\t\t\t\t<p>La procedura di richiesta dell&#8217;ESTA online vi garantisce di ricevere l&#8217;autorizzazione ESTA in tempi rapidi. Il modulo \u00e8 disponibile online, con istruzioni dettagliate per ogni campo. La compilazione e l&#8217;invio della domanda online richiedono solo pochi minuti.<\/p>\t\t\t\t\t\t\t\t<\/div>\n\t\t\t\t<\/div>\n\t\t\t\t\t<\/div>\n\t\t<\/div>\n\t\t\t\t\t<\/div>\n\t\t<\/section>\n\t\t\t\t\t<\/div>\n\t\t<\/div>\n\t\t\t\t\t<\/div>\n\t\t<\/section>\n\t\t\t\t<section class=\"elementor-section elementor-top-section elementor-element elementor-element-d5a5f66 elementor-section-boxed elementor-section-height-default elementor-section-height-default\" data-id=\"d5a5f66\" data-element_type=\"section\" data-e-type=\"section\">\n\t\t\t\t\t\t<div class=\"elementor-container elementor-column-gap-default\">\n\t\t\t\t\t<div class=\"elementor-column elementor-col-100 elementor-top-column elementor-element elementor-element-a391abb\" data-id=\"a391abb\" data-element_type=\"column\" data-e-type=\"column\">\n\t\t\t<div class=\"elementor-widget-wrap elementor-element-populated\">\n\t\t\t\t\t\t<div class=\"elementor-element elementor-element-21084ef elementor-widget elementor-widget-text-editor\" data-id=\"21084ef\" data-element_type=\"widget\" data-e-type=\"widget\" data-widget_type=\"text-editor.default\">\n\t\t\t\t<div class=\"elementor-widget-container\">\n\t\t\t\t\t\t\t\t\t<h2>Viaggiare negli Stati Uniti senza un visto statunitense<\/h2><p>Le formalit\u00e0 per un soggiorno negli USA inferiore a 90 giorni possono essere espletate direttamente online. Non \u00e8 necessario ottenere un appuntamento presso l&#8217;ambasciata o il consolato americano.<\/p><p><strong>Per un soggiorno di meno di 90 giorni negli Stati Uniti<\/strong>: potete completare le formalit\u00e0 cliccando sul <a href=\"https:\/\/123-esta.com\/it\/forma-esta\/\">modulo online<\/a>.<\/p><p>Il modulo online pu\u00f2 essere compilato in pochi minuti se si dispone del passaporto, e tutto ci\u00f2 che si deve fare \u00e8 inserire i dati personali richiesti per ottenere l&#8217;autorizzazione ESTA. Il pagamento viene effettuato direttamente dopo la compilazione del modulo online e riceverete la conferma della convalida dell&#8217;ESTA entro pochi minuti.<\/p><h2>Che cos&#8217;\u00e8 l&#8217;ESTA?<\/h2><p>L&#8217;ESTA \u00e8 un&#8217;autorizzazione elettronica di viaggio per gli Stati Uniti. \u00c8 stato introdotto dal governo statunitense nel 2009 e deve essere ottenuto prima dell&#8217;imbarco. L&#8217;autorizzazione ESTA \u00e8 riservata ai viaggi d&#8217;affari e ai soggiorni turistici fino a 90 giorni sul territorio americano. L&#8217;ESTA \u00e8 obbligatoria anche per un semplice scalo in territorio americano.<\/p><p>L&#8217;ESTA \u00e8 necessario per tutte le persone idonee che viaggiano in aereo e via mare e deve essere compilato per ogni membro della famiglia, compresi i neonati. Per fare domanda \u00e8 necessario essere in possesso di un passaporto elettronico o biometrico. Non \u00e8 pi\u00f9 necessario recarsi all&#8217;ambasciata o al consolato degli Stati Uniti, poich\u00e9 la procedura di richiesta si svolge interamente online. Per saperne di pi\u00f9, leggete la nostra pagina su <a href=\"https:\/\/123-esta.com\/it\/cose-esta-per-gli-stati-uniti\/\">cos&#8217;\u00e8 l&#8217;ESTA<\/a>.<\/p><p>L&#8217;ESTA \u00e8 valido per due anni, durante i quali il viaggiatore pu\u00f2 effettuare tutti i viaggi di ritorno che desidera. Una volta scaduto il periodo di validit\u00e0, o se nel frattempo si ottiene un nuovo passaporto francese, \u00e8 necessario presentare una nuova domanda online. Per ottenere questa autorizzazione al viaggio, \u00e8 necessario compilare il modulo ESTA. Per ulteriori informazioni sull&#8217;ESTA, visitate questo sito.<\/p><h2>Perch\u00e9 l&#8217;ESTA \u00e8 obbligatorio?<\/h2><p>Non \u00e8 possibile recarsi negli Stati Uniti senza autorizzazione al viaggio, ESTA o visto statunitense. L&#8217;ESTA, o Sistema Elettronico per l&#8217;Autorizzazione al Viaggio, \u00e8 un meccanismo per rafforzare le misure di sicurezza per i viaggi negli Stati Uniti. Si tratta di un sistema di preselezione di ogni viaggiatore. In base alle informazioni fornite nel questionario online, le autorit\u00e0 statunitensi stabiliranno se il viaggiatore \u00e8 autorizzato o meno a recarsi negli Stati Uniti senza visto.<\/p><p>L&#8217;ESTA aumenta la sicurezza e riduce i tempi di attesa alla frontiera, in quanto consente alla dogana di avere informazioni sui viaggiatori ancor prima che arrivino negli Stati Uniti. Il DHS (Department of Homeland Security) \u00e8 responsabile della gestione della <a href=\"https:\/\/123-esta.com\/it\/tutte-le-conoscenze-sulla-domanda-esta\/\">domanda ESTA<\/a>.<\/p><h2>Quali paesi sono coperti dall&#8217;ESTA?<\/h2><p>L&#8217;ESTA si basa sul <a href=\"https:\/\/travel.state.gov\/content\/travel\/en\/us-visas\/tourism-visit\/visa-waiver-program.html\">Programma Viaggio senza Visto (Visa Waiver Program<\/a>). Questo regime si applica ai cittadini dei seguenti Paesi: Andorra, Australia, Austria, Belgio, Brunei, Cile, Croazia, Danimarca, Estonia, Finlandia, Francia, Germania, Grecia, Irlanda, Islanda, Israele, Italia, Giappone, Lettonia, Liechtenstein, Lituania, Lussemburgo, Monaco, Paesi Bassi, Nuova Zelanda, Norvegia, Polonia, Portogallo, Repubblica di Malta, San Marino, Singapore, Slovacchia, Slovenia, Corea del Sud, Spagna, Svezia, Svizzera, Taiwan e Regno Unito.  <\/p><p>Potete richiedere l&#8217;ESTA se avete una di queste nazionalit\u00e0 e desiderate recarvi negli Stati Uniti per un soggiorno temporaneo.<\/p><h2>Qual \u00e8 la differenza tra visto ed ESTA?<\/h2><p>Spesso si associano le due parole visto ed ESTA. Molti parlano di visto ESTA perch\u00e9 l&#8217;autorizzazione di viaggio ESTA consente l&#8217;ingresso negli Stati Uniti. Il rilascio di un visto turistico B2 \u00e8 molto pi\u00f9 vincolante per il Dipartimento di Sicurezza Nazionale degli Stati Uniti. I vari visti statunitensi consentono ai cittadini stranieri di soggiornare negli Stati Uniti molto pi\u00f9 a lungo rispetto all&#8217;ESTA, che consente solo un massimo di 90 giorni negli Stati Uniti.<\/p><p>Ottenere un visto per gli Stati Uniti \u00e8 un processo pi\u00f9 lungo e complicato rispetto al semplice ottenimento dell&#8217;autorizzazione ESTA via internet. Per ottenere un visto per gli Stati Uniti, i candidati devono sostenere un colloquio presso l&#8217;ambasciata americana. Questo colloquio con un agente americano \u00e8 obbligatorio e decisivo per l&#8217;ottenimento del visto per il viaggio negli USA.<\/p><h2>Quanto tempo ci vuole per elaborare il mio modulo ESTA?<\/h2><p>Una volta completato il modulo ESTA ed effettuato il pagamento, l&#8217;elaborazione della richiesta di autorizzazione ESTA inizia immediatamente. Il primo passo \u00e8 quello di verificare le proprie informazioni. In questo modo si rileveranno eventuali errori o omissioni nella compilazione del modulo online. Se le informazioni sono complete e accurate, \u00e8 possibile ricevere la domanda in pochi minuti.<\/p><p>Il rilascio di questo documento pu\u00f2 richiedere fino a 72 ore se la <a href=\"https:\/\/123-esta.com\/it\/cosa-fare-se-la-domanda-esta-e-in-attesa\/\">domanda viene messa in attesa<\/a> dalle autorit\u00e0 statunitensi. <br>In questo caso, le autorit\u00e0 americane si concedono un massimo di tre giorni per studiare la tua domanda e inviarci una risposta. Una volta ricevuta l&#8217;ESTA, cogli l&#8217;occasione per leggere i nostri<a href=\"https:\/\/123-esta.com\/it\/consigli-per-viaggiare-negli-stati-uniti\/\">consigli per viaggiare negli Stati Uniti<\/a>. Che stiate pianificando un viaggio a New York, alle cascate del Niagara o in Florida, il vostro prossimo viaggio negli Stati Uniti sar\u00e0 molto pi\u00f9 facile da organizzare.<\/p><h2>Posso viaggiare in Canada o nel Regno Unito con un ESTA?<\/h2><p>L&#8217;autorizzazione ESTA non consente di entrare in Canada o nel Regno Unito. L&#8217;ESTA serve solo per l&#8217;ingresso negli Stati Uniti. Dal 2016, il Canada ha introdotto un sistema di autorizzazione al viaggio informatizzato simile a quello degli Stati Uniti. Questo sistema rilascia un&#8217;autorizzazione eTA Canada ai viaggiatori che desiderano visitare il Canada.<\/p><p>Nel 2024, il Regno Unito ha lanciato anche il programma Electronic Travel Document, che rilascia un <a href=\"https:\/\/uk-gb.net\/it\/eta-inghilterra-regno-unito\/\">eTA per il Regno Unito<\/a>. Questo certificato di viaggio anticipato consente ai viaggiatori stranieri idonei di effettuare un breve soggiorno nel Regno Unito senza visto.<\/p>\t\t\t\t\t\t\t\t<\/div>\n\t\t\t\t<\/div>\n\t\t\t\t\t<\/div>\n\t\t<\/div>\n\t\t\t\t\t<\/div>\n\t\t<\/section>\n\t\t\t\t<\/div>\n\t\t","protected":false},"excerpt":{"rendered":"<p>Autorizzazione di viaggio ESTA per gli Stati Uniti La procedura di richiesta dell&#8217;ESTA online vi garantisce di ricevere l&#8217;autorizzazione ESTA in tempi rapidi. Il modulo \u00e8 disponibile online, con istruzioni dettagliate per ogni campo. La compilazione e l&#8217;invio della domanda online richiedono solo pochi minuti. Viaggiare negli Stati Uniti senza un visto statunitense Le formalit\u00e0 [&hellip;]<\/p>\n","protected":false},"author":1,"featured_media":0,"parent":0,"menu_order":0,"comment_status":"closed","ping_status":"closed","template":"","meta":{"site-sidebar-layout":"no-sidebar","site-content-layout":"page-builder","ast-site-content-layout":"full-width-container","site-content-style":"unboxed","site-sidebar-style":"unboxed","ast-global-header-display":"","ast-banner-title-visibility":"","ast-main-header-display":"","ast-hfb-above-header-display":"","ast-hfb-below-header-display":"","ast-hfb-mobile-header-display":"","site-post-title":"disabled","ast-breadcrumbs-content":"","ast-featured-img":"disabled","footer-sml-layout":"","ast-disable-related-posts":"","theme-transparent-header-meta":"default","adv-header-id-meta":"","stick-header-meta":"default","header-above-stick-meta":"","header-main-stick-meta":"","header-below-stick-meta":"","astra-migrate-meta-layouts":"default","ast-page-background-enabled":"default","ast-page-background-meta":{"desktop":{"background-color":"","background-image":"","background-repeat":"repeat","background-position":"center center","background-size":"auto","background-attachment":"scroll","background-type":"","background-media":"","overlay-type":"","overlay-color":"","overlay-opacity":"","overlay-gradient":""},"tablet":{"background-color":"","background-image":"","background-repeat":"repeat","background-position":"center center","background-size":"auto","background-attachment":"scroll","background-type":"","background-media":"","overlay-type":"","overlay-color":"","overlay-opacity":"","overlay-gradient":""},"mobile":{"background-color":"","background-image":"","background-repeat":"repeat","background-position":"center center","background-size":"auto","background-attachment":"scroll","background-type":"","background-media":"","overlay-type":"","overlay-color":"","overlay-opacity":"","overlay-gradient":""}},"ast-content-background-meta":{"desktop":{"background-color":"var(--ast-global-color-5)","background-image":"","background-repeat":"repeat","background-position":"center center","background-size":"auto","background-attachment":"scroll","background-type":"","background-media":"","overlay-type":"","overlay-color":"","overlay-opacity":"","overlay-gradient":""},"tablet":{"background-color":"var(--ast-global-color-5)","background-image":"","background-repeat":"repeat","background-position":"center center","background-size":"auto","background-attachment":"scroll","background-type":"","background-media":"","overlay-type":"","overlay-color":"","overlay-opacity":"","overlay-gradient":""},"mobile":{"background-color":"var(--ast-global-color-5)","background-image":"","background-repeat":"repeat","background-position":"center center","background-size":"auto","background-attachment":"scroll","background-type":"","background-media":"","overlay-type":"","overlay-color":"","overlay-opacity":"","overlay-gradient":""}},"footnotes":""},"class_list":["post-2127","page","type-page","status-publish","hentry"],"yoast_head":"<!-- This site is optimized with the Yoast SEO plugin v27.1.1 - https:\/\/yoast.com\/product\/yoast-seo-wordpress\/ -->\n<title>Modulo ESTA per gli Stati Uniti<\/title>\n<meta name=\"description\" content=\"Vi forniamo tutte le informazioni necessarie per ottenere facilmente un visto ESTA via Internet, il suo prezzo e le condizioni per ottenerlo.\" \/>\n<meta name=\"robots\" content=\"index, follow, max-snippet:-1, max-image-preview:large, max-video-preview:-1\" \/>\n<link rel=\"canonical\" href=\"https:\/\/123-esta.com\/it\/\" \/>\n<meta property=\"og:locale\" content=\"it_IT\" \/>\n<meta property=\"og:type\" content=\"article\" \/>\n<meta property=\"og:title\" content=\"Modulo ESTA per gli Stati Uniti\" \/>\n<meta property=\"og:description\" content=\"Vi forniamo tutte le informazioni necessarie per ottenere facilmente un visto ESTA via Internet, il suo prezzo e le condizioni per ottenerlo.\" \/>\n<meta property=\"og:url\" content=\"https:\/\/123-esta.com\/it\/\" \/>\n<meta property=\"og:site_name\" content=\"Formulaire ESTA pour les USA\" \/>\n<meta property=\"article:modified_time\" content=\"2025-12-18T11:31:37+00:00\" \/>\n<meta name=\"twitter:card\" content=\"summary_large_image\" \/>\n<meta name=\"twitter:label1\" content=\"Tempo di lettura stimato\" \/>\n\t<meta name=\"twitter:data1\" content=\"5 minuti\" \/>\n<script type=\"application\/ld+json\" class=\"yoast-schema-graph\">{\"@context\":\"https:\/\/schema.org\",\"@graph\":[{\"@type\":\"WebPage\",\"@id\":\"https:\/\/123-esta.com\/it\/\",\"url\":\"https:\/\/123-esta.com\/it\/\",\"name\":\"Modulo ESTA per gli Stati Uniti\",\"isPartOf\":{\"@id\":\"https:\/\/123-esta.com\/it\/#website\"},\"datePublished\":\"2022-07-27T19:32:39+00:00\",\"dateModified\":\"2025-12-18T11:31:37+00:00\",\"description\":\"Vi forniamo tutte le informazioni necessarie per ottenere facilmente un visto ESTA via Internet, il suo prezzo e le condizioni per ottenerlo.\",\"inLanguage\":\"it-IT\",\"potentialAction\":[{\"@type\":\"ReadAction\",\"target\":[\"https:\/\/123-esta.com\/it\/\"]}]},{\"@type\":\"WebSite\",\"@id\":\"https:\/\/123-esta.com\/it\/#website\",\"url\":\"https:\/\/123-esta.com\/it\/\",\"name\":\"Formulaire ESTA pour les USA\",\"description\":\"\",\"publisher\":{\"@id\":\"https:\/\/123-esta.com\/it\/#organization\"},\"potentialAction\":[{\"@type\":\"SearchAction\",\"target\":{\"@type\":\"EntryPoint\",\"urlTemplate\":\"https:\/\/123-esta.com\/it\/?s={search_term_string}\"},\"query-input\":{\"@type\":\"PropertyValueSpecification\",\"valueRequired\":true,\"valueName\":\"search_term_string\"}}],\"inLanguage\":\"it-IT\"},{\"@type\":\"Organization\",\"@id\":\"https:\/\/123-esta.com\/it\/#organization\",\"name\":\"Formulaire ESTA pour les USA\",\"url\":\"https:\/\/123-esta.com\/it\/\",\"logo\":{\"@type\":\"ImageObject\",\"inLanguage\":\"it-IT\",\"@id\":\"https:\/\/123-esta.com\/it\/#\/schema\/logo\/image\/\",\"url\":\"https:\/\/123-esta.com\/wp-content\/uploads\/2018\/03\/logo-123-esta.png\",\"contentUrl\":\"https:\/\/123-esta.com\/wp-content\/uploads\/2018\/03\/logo-123-esta.png\",\"width\":191,\"height\":54,\"caption\":\"Formulaire ESTA pour les USA\"},\"image\":{\"@id\":\"https:\/\/123-esta.com\/it\/#\/schema\/logo\/image\/\"}}]}<\/script>\n<!-- \/ Yoast SEO plugin. -->","yoast_head_json":{"title":"Modulo ESTA per gli Stati Uniti","description":"Vi forniamo tutte le informazioni necessarie per ottenere facilmente un visto ESTA via Internet, il suo prezzo e le condizioni per ottenerlo.","robots":{"index":"index","follow":"follow","max-snippet":"max-snippet:-1","max-image-preview":"max-image-preview:large","max-video-preview":"max-video-preview:-1"},"canonical":"https:\/\/123-esta.com\/it\/","og_locale":"it_IT","og_type":"article","og_title":"Modulo ESTA per gli Stati Uniti","og_description":"Vi forniamo tutte le informazioni necessarie per ottenere facilmente un visto ESTA via Internet, il suo prezzo e le condizioni per ottenerlo.","og_url":"https:\/\/123-esta.com\/it\/","og_site_name":"Formulaire ESTA pour les USA","article_modified_time":"2025-12-18T11:31:37+00:00","twitter_card":"summary_large_image","twitter_misc":{"Tempo di lettura stimato":"5 minuti"},"schema":{"@context":"https:\/\/schema.org","@graph":[{"@type":"WebPage","@id":"https:\/\/123-esta.com\/it\/","url":"https:\/\/123-esta.com\/it\/","name":"Modulo ESTA per gli Stati Uniti","isPartOf":{"@id":"https:\/\/123-esta.com\/it\/#website"},"datePublished":"2022-07-27T19:32:39+00:00","dateModified":"2025-12-18T11:31:37+00:00","description":"Vi forniamo tutte le informazioni necessarie per ottenere facilmente un visto ESTA via Internet, il suo prezzo e le condizioni per ottenerlo.","inLanguage":"it-IT","potentialAction":[{"@type":"ReadAction","target":["https:\/\/123-esta.com\/it\/"]}]},{"@type":"WebSite","@id":"https:\/\/123-esta.com\/it\/#website","url":"https:\/\/123-esta.com\/it\/","name":"Formulaire ESTA pour les USA","description":"","publisher":{"@id":"https:\/\/123-esta.com\/it\/#organization"},"potentialAction":[{"@type":"SearchAction","target":{"@type":"EntryPoint","urlTemplate":"https:\/\/123-esta.com\/it\/?s={search_term_string}"},"query-input":{"@type":"PropertyValueSpecification","valueRequired":true,"valueName":"search_term_string"}}],"inLanguage":"it-IT"},{"@type":"Organization","@id":"https:\/\/123-esta.com\/it\/#organization","name":"Formulaire ESTA pour les USA","url":"https:\/\/123-esta.com\/it\/","logo":{"@type":"ImageObject","inLanguage":"it-IT","@id":"https:\/\/123-esta.com\/it\/#\/schema\/logo\/image\/","url":"https:\/\/123-esta.com\/wp-content\/uploads\/2018\/03\/logo-123-esta.png","contentUrl":"https:\/\/123-esta.com\/wp-content\/uploads\/2018\/03\/logo-123-esta.png","width":191,"height":54,"caption":"Formulaire ESTA pour les USA"},"image":{"@id":"https:\/\/123-esta.com\/it\/#\/schema\/logo\/image\/"}}]}},"_links":{"self":[{"href":"https:\/\/123-esta.com\/it\/wp-json\/wp\/v2\/pages\/2127","targetHints":{"allow":["GET"]}}],"collection":[{"href":"https:\/\/123-esta.com\/it\/wp-json\/wp\/v2\/pages"}],"about":[{"href":"https:\/\/123-esta.com\/it\/wp-json\/wp\/v2\/types\/page"}],"author":[{"embeddable":true,"href":"https:\/\/123-esta.com\/it\/wp-json\/wp\/v2\/users\/1"}],"replies":[{"embeddable":true,"href":"https:\/\/123-esta.com\/it\/wp-json\/wp\/v2\/comments?post=2127"}],"version-history":[{"count":0,"href":"https:\/\/123-esta.com\/it\/wp-json\/wp\/v2\/pages\/2127\/revisions"}],"wp:attachment":[{"href":"https:\/\/123-esta.com\/it\/wp-json\/wp\/v2\/media?parent=2127"}],"curies":[{"name":"wp","href":"https:\/\/api.w.org\/{rel}","templated":true}]}}