{"id":2124,"date":"2022-07-27T21:32:39","date_gmt":"2022-07-27T19:32:39","guid":{"rendered":"https:\/\/123-esta.com\/la-cucina-americana\/"},"modified":"2022-08-23T23:31:57","modified_gmt":"2022-08-23T21:31:57","slug":"la-cucina-americana","status":"publish","type":"page","link":"https:\/\/123-esta.com\/it\/la-cucina-americana\/","title":{"rendered":"Cucina americana: un must per il vostro viaggio"},"content":{"rendered":"\n<p>La cucina americana soffre di una immeritata mancanza di riconoscimento a livello mondiale. Questo perch\u00e9 per i non addetti ai lavori la cucina americana \u00e8 sinonimo di fritti e cibo spazzatura. La globalizzazione del fast food americano ha avuto un ruolo negativo su ci\u00f2 che attualmente crediamo di conoscere della gastronomia americana. Tuttavia, seguendo i <a href=\"https:\/\/123-esta.com\/it\/consigli-per-viaggiare-negli-stati-uniti\/\">nostri consigli sugli USA<\/a>, potrete trovare l&#8217;alimento giusto per voi.<\/p>\n\n<p>Prima di andare avanti, vale la pena di notare che il fast food \u00e8 stato democratizzato solo all&#8217;inizio degli anni &#8217;40, per la precisione nel 1937, con la creazione della multinazionale McDonalds. La cucina americana, tuttavia, \u00e8 pi\u00f9 antica. Wikipedia ci dice che le ricette tradizionali degli indiani d&#8217;America sono oggi ben conservate e considerate patrimonio culturale americano.<\/p>\n\n<h2 class=\"wp-block-heading\">Gastronomia americana<\/h2>\n\n<p>La grandezza degli Stati Uniti si riflette nella loro cultura ricca e diversificata. Ogni Stato ha una propria cultura che lo differenzia dagli altri, e lo stesso vale per la cucina americana. A prima vista, sembra una miscela perfetta delle abilit\u00e0 culinarie degli immigrati giunti nel Paese a partire dal XVI secolo.<\/p>\n\n<p><a href=\"https:\/\/123-esta.com\/it\/cibo-usa-buona-scelta\/\">Alcune specialit\u00e0 americane<\/a>, come il famoso hamburger, non sono state inventate dagli americani. Tuttavia, gli americani gli dedicano ancora una giornata nazionale (28 maggio).<\/p>\n\n<p>Ogni Stato degli Stati Uniti ha la sua specialit\u00e0 e alcuni piatti sono diventati popolari e sono diventati una specialit\u00e0 americana a tutti gli effetti. Nel reparto dolce: pancake, ciambelle, brownies, muffin, ecc. e nel reparto salato: polpettone al bacon, bistecca e uova, Maine lobster roll (un involtino di hot dog con aragosta, verdure e una buona salsa), chili con carne, Mac and Cheese e, naturalmente, l&#8217;hot dog.<\/p>\n\n<h2 class=\"wp-block-heading\">I famosi fast-food americani<\/h2>\n\n<p>Dopo avervi fatto sospettare il lato ignorato della cucina americana, diamo una breve occhiata ai famosi fast food che si sono fatti conoscere nel mondo.<\/p>\n\n<p>Come abbiamo appena detto, l&#8217;hamburger non \u00e8 americano, ma gli Stati Uniti lo hanno perfezionato e fatto proprio. Esistono diversi marchi di fast food americani, la maggior parte dei quali si \u00e8 diffusa in Europa: McDonald&#8217;s, Burger King, Denny&#8217;s, Taco Bell, Pizza Hut, KFC, ecc. L&#8217;elenco \u00e8 lungo.<\/p>\n\n<p>In questi negozi vi verranno servite generose porzioni di cibo delizioso che ha un sapore un po&#8217; diverso da quello delle filiali locali. \u00c8 certo che tutti rischiano di mettere su qualche chilo durante le feste, indipendentemente dal luogo in cui ci si reca. Mangiare uno o due hamburger negli Stati Uniti non far\u00e0 male. D&#8217;altra parte, mangiare solo questo, anche qui in Francia, potrebbe essere dannoso per la salute. \u00c8 difficile resistere al venditore di hot dog a Time Square! Vale sicuramente la pena di visitarlo per chi si trova di passaggio a New York.<\/p>\n","protected":false},"excerpt":{"rendered":"<p>La cucina americana soffre di una immeritata mancanza di riconoscimento a livello mondiale. Questo perch\u00e9 per i non addetti ai lavori la cucina americana \u00e8 sinonimo di fritti e cibo spazzatura. La globalizzazione del fast food americano ha avuto un ruolo negativo su ci\u00f2 che attualmente crediamo di conoscere della gastronomia americana. Tuttavia, seguendo i [&hellip;]<\/p>\n","protected":false},"author":1,"featured_media":0,"parent":0,"menu_order":0,"comment_status":"closed","ping_status":"closed","template":"","meta":{"site-sidebar-layout":"default","site-content-layout":"default","ast-site-content-layout":"default","site-content-style":"default","site-sidebar-style":"default","ast-global-header-display":"","ast-banner-title-visibility":"","ast-main-header-display":"","ast-hfb-above-header-display":"","ast-hfb-below-header-display":"","ast-hfb-mobile-header-display":"","site-post-title":"","ast-breadcrumbs-content":"","ast-featured-img":"","footer-sml-layout":"","ast-disable-related-posts":"","theme-transparent-header-meta":"default","adv-header-id-meta":"","stick-header-meta":"default","header-above-stick-meta":"","header-main-stick-meta":"","header-below-stick-meta":"","astra-migrate-meta-layouts":"default","ast-page-background-enabled":"default","ast-page-background-meta":{"desktop":{"background-color":"","background-image":"","background-repeat":"repeat","background-position":"center center","background-size":"auto","background-attachment":"scroll","background-type":"","background-media":"","overlay-type":"","overlay-color":"","overlay-opacity":"","overlay-gradient":""},"tablet":{"background-color":"","background-image":"","background-repeat":"repeat","background-position":"center center","background-size":"auto","background-attachment":"scroll","background-type":"","background-media":"","overlay-type":"","overlay-color":"","overlay-opacity":"","overlay-gradient":""},"mobile":{"background-color":"","background-image":"","background-repeat":"repeat","background-position":"center center","background-size":"auto","background-attachment":"scroll","background-type":"","background-media":"","overlay-type":"","overlay-color":"","overlay-opacity":"","overlay-gradient":""}},"ast-content-background-meta":{"desktop":{"background-color":"var(--ast-global-color-5)","background-image":"","background-repeat":"repeat","background-position":"center center","background-size":"auto","background-attachment":"scroll","background-type":"","background-media":"","overlay-type":"","overlay-color":"","overlay-opacity":"","overlay-gradient":""},"tablet":{"background-color":"var(--ast-global-color-5)","background-image":"","background-repeat":"repeat","background-position":"center center","background-size":"auto","background-attachment":"scroll","background-type":"","background-media":"","overlay-type":"","overlay-color":"","overlay-opacity":"","overlay-gradient":""},"mobile":{"background-color":"var(--ast-global-color-5)","background-image":"","background-repeat":"repeat","background-position":"center center","background-size":"auto","background-attachment":"scroll","background-type":"","background-media":"","overlay-type":"","overlay-color":"","overlay-opacity":"","overlay-gradient":""}},"footnotes":""},"class_list":["post-2124","page","type-page","status-publish","hentry"],"yoast_head":"<!-- This site is optimized with the Yoast SEO plugin v27.1.1 - https:\/\/yoast.com\/product\/yoast-seo-wordpress\/ -->\n<title>La cucina americana: una scoperta imperdibile<\/title>\n<meta name=\"description\" content=\"Ecco un piccolo tour della cucina americana e della ricchezza culinaria degli Stati Uniti. Si parler\u00e0 anche di fast food americano.\" \/>\n<meta name=\"robots\" content=\"index, follow, max-snippet:-1, max-image-preview:large, max-video-preview:-1\" \/>\n<link rel=\"canonical\" href=\"https:\/\/123-esta.com\/it\/la-cucina-americana\/\" \/>\n<meta property=\"og:locale\" content=\"it_IT\" \/>\n<meta property=\"og:type\" content=\"article\" \/>\n<meta property=\"og:title\" content=\"La cucina americana: una scoperta imperdibile\" \/>\n<meta property=\"og:description\" content=\"Ecco un piccolo tour della cucina americana e della ricchezza culinaria degli Stati Uniti. Si parler\u00e0 anche di fast food americano.\" \/>\n<meta property=\"og:url\" content=\"https:\/\/123-esta.com\/it\/la-cucina-americana\/\" \/>\n<meta property=\"og:site_name\" content=\"Formulaire ESTA pour les USA\" \/>\n<meta property=\"article:modified_time\" content=\"2022-08-23T21:31:57+00:00\" \/>\n<meta name=\"twitter:card\" content=\"summary_large_image\" \/>\n<meta name=\"twitter:label1\" content=\"Tempo di lettura stimato\" \/>\n\t<meta name=\"twitter:data1\" content=\"2 minuti\" \/>\n<script type=\"application\/ld+json\" class=\"yoast-schema-graph\">{\"@context\":\"https:\/\/schema.org\",\"@graph\":[{\"@type\":\"WebPage\",\"@id\":\"https:\/\/123-esta.com\/it\/la-cucina-americana\/\",\"url\":\"https:\/\/123-esta.com\/it\/la-cucina-americana\/\",\"name\":\"La cucina americana: una scoperta imperdibile\",\"isPartOf\":{\"@id\":\"https:\/\/123-esta.com\/it\/#website\"},\"datePublished\":\"2022-07-27T19:32:39+00:00\",\"dateModified\":\"2022-08-23T21:31:57+00:00\",\"description\":\"Ecco un piccolo tour della cucina americana e della ricchezza culinaria degli Stati Uniti. Si parler\u00e0 anche di fast food americano.\",\"inLanguage\":\"it-IT\",\"potentialAction\":[{\"@type\":\"ReadAction\",\"target\":[\"https:\/\/123-esta.com\/it\/la-cucina-americana\/\"]}]},{\"@type\":\"WebSite\",\"@id\":\"https:\/\/123-esta.com\/it\/#website\",\"url\":\"https:\/\/123-esta.com\/it\/\",\"name\":\"Formulaire ESTA pour les USA\",\"description\":\"\",\"publisher\":{\"@id\":\"https:\/\/123-esta.com\/it\/#organization\"},\"potentialAction\":[{\"@type\":\"SearchAction\",\"target\":{\"@type\":\"EntryPoint\",\"urlTemplate\":\"https:\/\/123-esta.com\/it\/?s={search_term_string}\"},\"query-input\":{\"@type\":\"PropertyValueSpecification\",\"valueRequired\":true,\"valueName\":\"search_term_string\"}}],\"inLanguage\":\"it-IT\"},{\"@type\":\"Organization\",\"@id\":\"https:\/\/123-esta.com\/it\/#organization\",\"name\":\"Formulaire ESTA pour les USA\",\"url\":\"https:\/\/123-esta.com\/it\/\",\"logo\":{\"@type\":\"ImageObject\",\"inLanguage\":\"it-IT\",\"@id\":\"https:\/\/123-esta.com\/it\/#\/schema\/logo\/image\/\",\"url\":\"https:\/\/123-esta.com\/wp-content\/uploads\/2018\/03\/logo-123-esta.png\",\"contentUrl\":\"https:\/\/123-esta.com\/wp-content\/uploads\/2018\/03\/logo-123-esta.png\",\"width\":191,\"height\":54,\"caption\":\"Formulaire ESTA pour les USA\"},\"image\":{\"@id\":\"https:\/\/123-esta.com\/it\/#\/schema\/logo\/image\/\"}}]}<\/script>\n<!-- \/ Yoast SEO plugin. -->","yoast_head_json":{"title":"La cucina americana: una scoperta imperdibile","description":"Ecco un piccolo tour della cucina americana e della ricchezza culinaria degli Stati Uniti. Si parler\u00e0 anche di fast food americano.","robots":{"index":"index","follow":"follow","max-snippet":"max-snippet:-1","max-image-preview":"max-image-preview:large","max-video-preview":"max-video-preview:-1"},"canonical":"https:\/\/123-esta.com\/it\/la-cucina-americana\/","og_locale":"it_IT","og_type":"article","og_title":"La cucina americana: una scoperta imperdibile","og_description":"Ecco un piccolo tour della cucina americana e della ricchezza culinaria degli Stati Uniti. Si parler\u00e0 anche di fast food americano.","og_url":"https:\/\/123-esta.com\/it\/la-cucina-americana\/","og_site_name":"Formulaire ESTA pour les USA","article_modified_time":"2022-08-23T21:31:57+00:00","twitter_card":"summary_large_image","twitter_misc":{"Tempo di lettura stimato":"2 minuti"},"schema":{"@context":"https:\/\/schema.org","@graph":[{"@type":"WebPage","@id":"https:\/\/123-esta.com\/it\/la-cucina-americana\/","url":"https:\/\/123-esta.com\/it\/la-cucina-americana\/","name":"La cucina americana: una scoperta imperdibile","isPartOf":{"@id":"https:\/\/123-esta.com\/it\/#website"},"datePublished":"2022-07-27T19:32:39+00:00","dateModified":"2022-08-23T21:31:57+00:00","description":"Ecco un piccolo tour della cucina americana e della ricchezza culinaria degli Stati Uniti. Si parler\u00e0 anche di fast food americano.","inLanguage":"it-IT","potentialAction":[{"@type":"ReadAction","target":["https:\/\/123-esta.com\/it\/la-cucina-americana\/"]}]},{"@type":"WebSite","@id":"https:\/\/123-esta.com\/it\/#website","url":"https:\/\/123-esta.com\/it\/","name":"Formulaire ESTA pour les USA","description":"","publisher":{"@id":"https:\/\/123-esta.com\/it\/#organization"},"potentialAction":[{"@type":"SearchAction","target":{"@type":"EntryPoint","urlTemplate":"https:\/\/123-esta.com\/it\/?s={search_term_string}"},"query-input":{"@type":"PropertyValueSpecification","valueRequired":true,"valueName":"search_term_string"}}],"inLanguage":"it-IT"},{"@type":"Organization","@id":"https:\/\/123-esta.com\/it\/#organization","name":"Formulaire ESTA pour les USA","url":"https:\/\/123-esta.com\/it\/","logo":{"@type":"ImageObject","inLanguage":"it-IT","@id":"https:\/\/123-esta.com\/it\/#\/schema\/logo\/image\/","url":"https:\/\/123-esta.com\/wp-content\/uploads\/2018\/03\/logo-123-esta.png","contentUrl":"https:\/\/123-esta.com\/wp-content\/uploads\/2018\/03\/logo-123-esta.png","width":191,"height":54,"caption":"Formulaire ESTA pour les USA"},"image":{"@id":"https:\/\/123-esta.com\/it\/#\/schema\/logo\/image\/"}}]}},"_links":{"self":[{"href":"https:\/\/123-esta.com\/it\/wp-json\/wp\/v2\/pages\/2124","targetHints":{"allow":["GET"]}}],"collection":[{"href":"https:\/\/123-esta.com\/it\/wp-json\/wp\/v2\/pages"}],"about":[{"href":"https:\/\/123-esta.com\/it\/wp-json\/wp\/v2\/types\/page"}],"author":[{"embeddable":true,"href":"https:\/\/123-esta.com\/it\/wp-json\/wp\/v2\/users\/1"}],"replies":[{"embeddable":true,"href":"https:\/\/123-esta.com\/it\/wp-json\/wp\/v2\/comments?post=2124"}],"version-history":[{"count":0,"href":"https:\/\/123-esta.com\/it\/wp-json\/wp\/v2\/pages\/2124\/revisions"}],"wp:attachment":[{"href":"https:\/\/123-esta.com\/it\/wp-json\/wp\/v2\/media?parent=2124"}],"curies":[{"name":"wp","href":"https:\/\/api.w.org\/{rel}","templated":true}]}}