{"id":2115,"date":"2022-07-27T21:32:37","date_gmt":"2022-07-27T19:32:37","guid":{"rendered":"https:\/\/123-esta.com\/cibo-usa-buona-scelta\/"},"modified":"2022-08-23T23:03:03","modified_gmt":"2022-08-23T21:03:03","slug":"cibo-usa-buona-scelta","status":"publish","type":"page","link":"https:\/\/123-esta.com\/it\/cibo-usa-buona-scelta\/","title":{"rendered":"Fare la scelta alimentare giusta negli Stati Uniti"},"content":{"rendered":"<p>Con una popolazione di oltre 320 milioni di abitanti, gli Stati Uniti non sono esattamente a corto di cibo. Il Paese \u00e8 purtroppo noto per l&#8217;obesit\u00e0 di gran parte della sua popolazione.<\/p>\n<h2>Come mangiare bene negli Stati Uniti?<\/h2>\n<p>Negli Stati Uniti sar\u00e0 sempre facile trovare un&#8217;ampia scelta di ristoranti e fast food. Per quanto riguarda i primi, non avrete problemi a trovare un&#8217;ampia scelta nelle principali citt\u00e0, cos\u00ec come <a href=\"https:\/\/123-esta.com\/it\/la-cucina-americana\/\">buoni ristoranti culinari<\/a>, anche se spesso dovrete pagare un prezzo.<\/p>\n<p>Nelle zone pi\u00f9 remote, potreste dovervi abituare ad abitudini alimentari diverse. Questa pu\u00f2 essere una notizia positiva o negativa. Chiss\u00e0, potrebbe anche piacervi la zuppa di mais con fagioli rossi tipica delle regioni di confine con il Messico? \u00c8 anche possibile che non vi piaccia affatto&#8230;<\/p>\n<p>Nel peggiore dei casi, potete sempre affidarvi al fast food locale per soddisfare il vostro fabbisogno calorico. A vostro rischio e pericolo!<\/p>\n<p>Se prenotate una camera d&#8217;albergo, spesso troverete che la colazione, il pranzo e la cena sono inclusi nel prezzo della camera, il che pu\u00f2 essere utile se vi fermate nello stesso posto per diversi giorni.<\/p>\n<p>Infine, non dimenticate che se viaggiate in auto attraverso i grandi spazi aperti dell&#8217;America, il viaggio per trovare un posto dove mangiare pu\u00f2 essere a volte molto lungo.<\/p>\n<h2>Suggerimenti e trucchi<\/h2>\n<p>\u00c8 consigliabile acquistare una borsa termica se si decide di andare lontano o se non ci si pu\u00f2 permettere un ristorante o un negozio di alimentari. Questo vi permetter\u00e0 di mangiare una dieta pi\u00f9 equilibrata rispetto all&#8217;americano medio, e a un prezzo pi\u00f9 basso. Prendete un gelato e fate scorta di tutto ci\u00f2 che vi serve al supermercato pi\u00f9 vicino: frutta, verdura, latte, ecc. Con un po&#8217; di fantasia, dovreste essere in grado di preparare qualsiasi tipo di insalata.<\/p>\n<p>In caso di difficolt\u00e0 o di lunghi viaggi fuori citt\u00e0, anche l&#8217;opzione picnic con cibo in scatola pu\u00f2 aiutarvi.<\/p>\n<p>\u00c8 utile anche il fatto che i Salad Bar si trovano ovunque negli Stati Uniti. Si tratta di scaffali di insalate fresche con salsa a scelta, da mangiare con pane e formaggio se ne avete voglia. Ci sono anche molte catene che offrono prodotti alimentari diversi a seconda della loro specialit\u00e0.<\/p>\n<p>Come potete vedere, negli Stati Uniti \u00e8 possibile trovare tutto ci\u00f2 che fa per voi. Anche se \u00e8 consigliabile non avere troppe aspettative quando si va all&#8217;estero. Le sorprese sono ancora pi\u00f9 belle!<\/p>\n","protected":false},"excerpt":{"rendered":"<p>Con una popolazione di oltre 320 milioni di abitanti, gli Stati Uniti non sono esattamente a corto di cibo. Il Paese \u00e8 purtroppo noto per l&#8217;obesit\u00e0 di gran parte della sua popolazione. Come mangiare bene negli Stati Uniti? Negli Stati Uniti sar\u00e0 sempre facile trovare un&#8217;ampia scelta di ristoranti e fast food. Per quanto riguarda [&hellip;]<\/p>\n","protected":false},"author":1,"featured_media":0,"parent":0,"menu_order":0,"comment_status":"closed","ping_status":"closed","template":"","meta":{"site-sidebar-layout":"default","site-content-layout":"default","ast-site-content-layout":"default","site-content-style":"default","site-sidebar-style":"default","ast-global-header-display":"","ast-banner-title-visibility":"","ast-main-header-display":"","ast-hfb-above-header-display":"","ast-hfb-below-header-display":"","ast-hfb-mobile-header-display":"","site-post-title":"","ast-breadcrumbs-content":"","ast-featured-img":"","footer-sml-layout":"","ast-disable-related-posts":"","theme-transparent-header-meta":"default","adv-header-id-meta":"","stick-header-meta":"default","header-above-stick-meta":"","header-main-stick-meta":"","header-below-stick-meta":"","astra-migrate-meta-layouts":"default","ast-page-background-enabled":"default","ast-page-background-meta":{"desktop":{"background-color":"","background-image":"","background-repeat":"repeat","background-position":"center center","background-size":"auto","background-attachment":"scroll","background-type":"","background-media":"","overlay-type":"","overlay-color":"","overlay-opacity":"","overlay-gradient":""},"tablet":{"background-color":"","background-image":"","background-repeat":"repeat","background-position":"center center","background-size":"auto","background-attachment":"scroll","background-type":"","background-media":"","overlay-type":"","overlay-color":"","overlay-opacity":"","overlay-gradient":""},"mobile":{"background-color":"","background-image":"","background-repeat":"repeat","background-position":"center center","background-size":"auto","background-attachment":"scroll","background-type":"","background-media":"","overlay-type":"","overlay-color":"","overlay-opacity":"","overlay-gradient":""}},"ast-content-background-meta":{"desktop":{"background-color":"var(--ast-global-color-5)","background-image":"","background-repeat":"repeat","background-position":"center center","background-size":"auto","background-attachment":"scroll","background-type":"","background-media":"","overlay-type":"","overlay-color":"","overlay-opacity":"","overlay-gradient":""},"tablet":{"background-color":"var(--ast-global-color-5)","background-image":"","background-repeat":"repeat","background-position":"center center","background-size":"auto","background-attachment":"scroll","background-type":"","background-media":"","overlay-type":"","overlay-color":"","overlay-opacity":"","overlay-gradient":""},"mobile":{"background-color":"var(--ast-global-color-5)","background-image":"","background-repeat":"repeat","background-position":"center center","background-size":"auto","background-attachment":"scroll","background-type":"","background-media":"","overlay-type":"","overlay-color":"","overlay-opacity":"","overlay-gradient":""}},"footnotes":""},"class_list":["post-2115","page","type-page","status-publish","hentry"],"yoast_head":"<!-- This site is optimized with the Yoast SEO plugin v27.1.1 - https:\/\/yoast.com\/product\/yoast-seo-wordpress\/ -->\n<title>I nostri consigli per scegliere il cibo negli Stati Uniti<\/title>\n<meta name=\"description\" content=\"Scoprite i ristoranti degli Stati Uniti, le specialit\u00e0 culinarie e i consigli per mangiare bene.\" \/>\n<meta name=\"robots\" content=\"index, follow, max-snippet:-1, max-image-preview:large, max-video-preview:-1\" \/>\n<link rel=\"canonical\" href=\"https:\/\/123-esta.com\/it\/cibo-usa-buona-scelta\/\" \/>\n<meta property=\"og:locale\" content=\"it_IT\" \/>\n<meta property=\"og:type\" content=\"article\" \/>\n<meta property=\"og:title\" content=\"I nostri consigli per scegliere il cibo negli Stati Uniti\" \/>\n<meta property=\"og:description\" content=\"Scoprite i ristoranti degli Stati Uniti, le specialit\u00e0 culinarie e i consigli per mangiare bene.\" \/>\n<meta property=\"og:url\" content=\"https:\/\/123-esta.com\/it\/cibo-usa-buona-scelta\/\" \/>\n<meta property=\"og:site_name\" content=\"Formulaire ESTA pour les USA\" \/>\n<meta property=\"article:modified_time\" content=\"2022-08-23T21:03:03+00:00\" \/>\n<meta name=\"twitter:card\" content=\"summary_large_image\" \/>\n<meta name=\"twitter:label1\" content=\"Tempo di lettura stimato\" \/>\n\t<meta name=\"twitter:data1\" content=\"2 minuti\" \/>\n<script type=\"application\/ld+json\" class=\"yoast-schema-graph\">{\"@context\":\"https:\/\/schema.org\",\"@graph\":[{\"@type\":\"WebPage\",\"@id\":\"https:\/\/123-esta.com\/it\/cibo-usa-buona-scelta\/\",\"url\":\"https:\/\/123-esta.com\/it\/cibo-usa-buona-scelta\/\",\"name\":\"I nostri consigli per scegliere il cibo negli Stati Uniti\",\"isPartOf\":{\"@id\":\"https:\/\/123-esta.com\/it\/#website\"},\"datePublished\":\"2022-07-27T19:32:37+00:00\",\"dateModified\":\"2022-08-23T21:03:03+00:00\",\"description\":\"Scoprite i ristoranti degli Stati Uniti, le specialit\u00e0 culinarie e i consigli per mangiare bene.\",\"inLanguage\":\"it-IT\",\"potentialAction\":[{\"@type\":\"ReadAction\",\"target\":[\"https:\/\/123-esta.com\/it\/cibo-usa-buona-scelta\/\"]}]},{\"@type\":\"WebSite\",\"@id\":\"https:\/\/123-esta.com\/it\/#website\",\"url\":\"https:\/\/123-esta.com\/it\/\",\"name\":\"Formulaire ESTA pour les USA\",\"description\":\"\",\"publisher\":{\"@id\":\"https:\/\/123-esta.com\/it\/#organization\"},\"potentialAction\":[{\"@type\":\"SearchAction\",\"target\":{\"@type\":\"EntryPoint\",\"urlTemplate\":\"https:\/\/123-esta.com\/it\/?s={search_term_string}\"},\"query-input\":{\"@type\":\"PropertyValueSpecification\",\"valueRequired\":true,\"valueName\":\"search_term_string\"}}],\"inLanguage\":\"it-IT\"},{\"@type\":\"Organization\",\"@id\":\"https:\/\/123-esta.com\/it\/#organization\",\"name\":\"Formulaire ESTA pour les USA\",\"url\":\"https:\/\/123-esta.com\/it\/\",\"logo\":{\"@type\":\"ImageObject\",\"inLanguage\":\"it-IT\",\"@id\":\"https:\/\/123-esta.com\/it\/#\/schema\/logo\/image\/\",\"url\":\"https:\/\/123-esta.com\/wp-content\/uploads\/2018\/03\/logo-123-esta.png\",\"contentUrl\":\"https:\/\/123-esta.com\/wp-content\/uploads\/2018\/03\/logo-123-esta.png\",\"width\":191,\"height\":54,\"caption\":\"Formulaire ESTA pour les USA\"},\"image\":{\"@id\":\"https:\/\/123-esta.com\/it\/#\/schema\/logo\/image\/\"}}]}<\/script>\n<!-- \/ Yoast SEO plugin. -->","yoast_head_json":{"title":"I nostri consigli per scegliere il cibo negli Stati Uniti","description":"Scoprite i ristoranti degli Stati Uniti, le specialit\u00e0 culinarie e i consigli per mangiare bene.","robots":{"index":"index","follow":"follow","max-snippet":"max-snippet:-1","max-image-preview":"max-image-preview:large","max-video-preview":"max-video-preview:-1"},"canonical":"https:\/\/123-esta.com\/it\/cibo-usa-buona-scelta\/","og_locale":"it_IT","og_type":"article","og_title":"I nostri consigli per scegliere il cibo negli Stati Uniti","og_description":"Scoprite i ristoranti degli Stati Uniti, le specialit\u00e0 culinarie e i consigli per mangiare bene.","og_url":"https:\/\/123-esta.com\/it\/cibo-usa-buona-scelta\/","og_site_name":"Formulaire ESTA pour les USA","article_modified_time":"2022-08-23T21:03:03+00:00","twitter_card":"summary_large_image","twitter_misc":{"Tempo di lettura stimato":"2 minuti"},"schema":{"@context":"https:\/\/schema.org","@graph":[{"@type":"WebPage","@id":"https:\/\/123-esta.com\/it\/cibo-usa-buona-scelta\/","url":"https:\/\/123-esta.com\/it\/cibo-usa-buona-scelta\/","name":"I nostri consigli per scegliere il cibo negli Stati Uniti","isPartOf":{"@id":"https:\/\/123-esta.com\/it\/#website"},"datePublished":"2022-07-27T19:32:37+00:00","dateModified":"2022-08-23T21:03:03+00:00","description":"Scoprite i ristoranti degli Stati Uniti, le specialit\u00e0 culinarie e i consigli per mangiare bene.","inLanguage":"it-IT","potentialAction":[{"@type":"ReadAction","target":["https:\/\/123-esta.com\/it\/cibo-usa-buona-scelta\/"]}]},{"@type":"WebSite","@id":"https:\/\/123-esta.com\/it\/#website","url":"https:\/\/123-esta.com\/it\/","name":"Formulaire ESTA pour les USA","description":"","publisher":{"@id":"https:\/\/123-esta.com\/it\/#organization"},"potentialAction":[{"@type":"SearchAction","target":{"@type":"EntryPoint","urlTemplate":"https:\/\/123-esta.com\/it\/?s={search_term_string}"},"query-input":{"@type":"PropertyValueSpecification","valueRequired":true,"valueName":"search_term_string"}}],"inLanguage":"it-IT"},{"@type":"Organization","@id":"https:\/\/123-esta.com\/it\/#organization","name":"Formulaire ESTA pour les USA","url":"https:\/\/123-esta.com\/it\/","logo":{"@type":"ImageObject","inLanguage":"it-IT","@id":"https:\/\/123-esta.com\/it\/#\/schema\/logo\/image\/","url":"https:\/\/123-esta.com\/wp-content\/uploads\/2018\/03\/logo-123-esta.png","contentUrl":"https:\/\/123-esta.com\/wp-content\/uploads\/2018\/03\/logo-123-esta.png","width":191,"height":54,"caption":"Formulaire ESTA pour les USA"},"image":{"@id":"https:\/\/123-esta.com\/it\/#\/schema\/logo\/image\/"}}]}},"_links":{"self":[{"href":"https:\/\/123-esta.com\/it\/wp-json\/wp\/v2\/pages\/2115","targetHints":{"allow":["GET"]}}],"collection":[{"href":"https:\/\/123-esta.com\/it\/wp-json\/wp\/v2\/pages"}],"about":[{"href":"https:\/\/123-esta.com\/it\/wp-json\/wp\/v2\/types\/page"}],"author":[{"embeddable":true,"href":"https:\/\/123-esta.com\/it\/wp-json\/wp\/v2\/users\/1"}],"replies":[{"embeddable":true,"href":"https:\/\/123-esta.com\/it\/wp-json\/wp\/v2\/comments?post=2115"}],"version-history":[{"count":0,"href":"https:\/\/123-esta.com\/it\/wp-json\/wp\/v2\/pages\/2115\/revisions"}],"wp:attachment":[{"href":"https:\/\/123-esta.com\/it\/wp-json\/wp\/v2\/media?parent=2115"}],"curies":[{"name":"wp","href":"https:\/\/api.w.org\/{rel}","templated":true}]}}