{"id":2196,"date":"2022-07-27T21:33:21","date_gmt":"2022-07-27T19:33:21","guid":{"rendered":"https:\/\/123-esta.com\/visado-de-turista-para-los-estados-unidos\/"},"modified":"2023-12-24T10:56:40","modified_gmt":"2023-12-24T09:56:40","slug":"visado-turista-estados-unidos","status":"publish","type":"page","link":"https:\/\/123-esta.com\/es\/visado-turista-estados-unidos\/","title":{"rendered":"Visado de turista para EE.UU. &#8211; Visado B2"},"content":{"rendered":"\n<p>Cuando se viaja a Estados Unidos por turismo, hay varias formas de obtener un visado de visitante para entrar en el pa\u00eds. El prop\u00f3sito tur\u00edstico de un viaje indica el tipo de visado que el viajero debe solicitar a la administraci\u00f3n estadounidense. El visado de turista de EE.UU. se solicita en l\u00ednea a trav\u00e9s de Internet.<\/p>\n\n<p><strong>Para una estancia inferior a 90 d\u00edas en Estados<\/strong> Unidos: No es necesario solicitar un visado de turista para Estados Unidos, puede realizar sus tr\u00e1mites directamente en l\u00ednea y obtener una Autorizaci\u00f3n Electr\u00f3nica de Viaje ESTA en unos minutos haciendo clic en el<a href=\"https:\/\/123-esta.com\/es\/formulario-esta-en-espanol\/\"> formulario en l\u00ednea<\/a>.<\/p>\n\n<p>El visado de turista estadounidense para una estancia de m\u00e1s de 90 d\u00edas consecutivos es el visado B2. Este visado de visitante permite al viajero permanecer en Estados Unidos por motivos de turismo o de ocio, o para visitar a sus familiares que viven en Estados Unidos.  <\/p>\n\n<h2 class=\"wp-block-heading\">\u00bfQu\u00e9 es el visado de turista B2 para Estados Unidos?<\/h2>\n\n<p>El visado B2 es un visado de turismo que obtienen los viajeros extranjeros de la administraci\u00f3n estadounidense en su pa\u00eds de residencia. Este visado permite a los viajeros permanecer m\u00e1s de 90 d\u00edas consecutivos en Estados Unidos. Este tipo de <a href=\"https:\/\/usa-esta.net\/es\/visa-ee-uu\/visa-b2\/\">visado de turista estadounidense<\/a> se ha vuelto menos popular desde que Estados Unidos introdujo la Autorizaci\u00f3n Electr\u00f3nica de Viaje en 2009, que exime a los viajeros de obtener un visado para una estancia inferior a 90 d\u00edas.<\/p>\n\n<h2 class=\"wp-block-heading\">\u00bfQui\u00e9n puede solicitar un visado de turista para Estados Unidos?<\/h2>\n\n<p>El visado de turista B2 puede ser solicitado por todos los viajeros que deseen permanecer en Estados Unidos durante 6 meses. Los nacionales de los pa\u00edses del VWP (Programa de Exenci\u00f3n de Visado de EE.UU.) tambi\u00e9n pueden solicitar un visado cuando su estancia tur\u00edstica en EE.UU. se prevea superior a 90 d\u00edas.<\/p>\n\n<h2 class=\"wp-block-heading\">\u00bfCu\u00e1les son los criterios de elegibilidad?<\/h2>\n\n<p>Los principales criterios para solicitar un visado de turista en Estados Unidos son<\/p>\n\n<ul class=\"wp-block-list\"><li>Debe tener medios econ\u00f3micos suficientes para pagar toda su estancia en Estados Unidos;<\/li><li>No debes planear trabajar en Estados Unidos, ni buscar trabajo mientras est\u00e9s all\u00ed;<\/li><li>Tambi\u00e9n debe demostrar que tiene previsto regresar a su pa\u00eds de origen al final de su estancia en Estados Unidos.<\/li><\/ul>\n\n<h2 class=\"wp-block-heading\">Qu\u00e9 actividades est\u00e1n permitidas con el visado de turista B2<\/h2>\n\n<p>Una vez que haya obtenido un visado de turista B2, podr\u00e1 realizar las siguientes actividades:<\/p>\n\n<ul class=\"wp-block-list\"><li>Podr\u00e1 tener una estancia tur\u00edstica en todo el pa\u00eds, realizar todo tipo de actividades de ocio in situ;<\/li><li>Puede asistir a eventos deportivos y musicales en Estados Unidos;<\/li><li>Tambi\u00e9n ser\u00e1 posible recibir tratamiento m\u00e9dico si es necesario;<\/li><li>Podr\u00e1s visitar a tu familia en Estados Unidos o a tus amigos.<\/li><\/ul>\n\n<h2 class=\"wp-block-heading\">foto de un visado de turista B2<\/h2>\n\n<figure class=\"wp-block-image size-full\"><img fetchpriority=\"high\" decoding=\"async\" width=\"2214\" height=\"1464\" src=\"https:\/\/123-esta.com\/wp-content\/uploads\/2022\/07\/visa-usa-tourist.jpg\" alt=\"Visado de turista para EE.UU. - Visado B2\" class=\"wp-image-2002\" srcset=\"https:\/\/123-esta.com\/wp-content\/uploads\/2022\/07\/visa-usa-tourist.jpg 2214w, https:\/\/123-esta.com\/wp-content\/uploads\/2022\/07\/visa-usa-tourist-300x198.jpg 300w, https:\/\/123-esta.com\/wp-content\/uploads\/2022\/07\/visa-usa-tourist-1024x677.jpg 1024w, https:\/\/123-esta.com\/wp-content\/uploads\/2022\/07\/visa-usa-tourist-768x508.jpg 768w, https:\/\/123-esta.com\/wp-content\/uploads\/2022\/07\/visa-usa-tourist-1536x1016.jpg 1536w, https:\/\/123-esta.com\/wp-content\/uploads\/2022\/07\/visa-usa-tourist-2048x1354.jpg 2048w\" sizes=\"(max-width: 2214px) 100vw, 2214px\" \/><figcaption>Foto de un visado de turista de EE.UU. &#8211; Visado B2 de EE.UU.<\/figcaption><\/figure>\n\n<h2 class=\"wp-block-heading\">Solicitud de visado de turista para EE.UU.<\/h2>\n\n<p>La solicitud de un visado B2 se realiza a trav\u00e9s de Internet en la p\u00e1gina oficial <a href=\"https:\/\/www.uscis.gov\/\">uscis.gov<\/a>. Al final del proceso de solicitud de visado de EE.UU. en l\u00ednea, los viajeros deben realizar una entrevista visitando la embajada o el consulado de EE.UU. en el pa\u00eds de residencia.<\/p>\n\n<p>La solicitud de un visado de turista para Estados Unidos se realiza de la siguiente manera:<\/p>\n\n<ol class=\"wp-block-list\"><li>El viajero debe rellenar primero el formulario DS-160 en l\u00ednea;<\/li><li>Al final del formulario en l\u00ednea, se le pide al solicitante del visado que pague la tasa administrativa por la tramitaci\u00f3n de la solicitud de visado, que es de 160 d\u00f3lares;<\/li><li>Para finalizar la solicitud, el viajero debe escanear y adjuntar los documentos justificativos a la solicitud de visado en l\u00ednea;<\/li><li>Una vez completada la solicitud en l\u00ednea, el solicitante del visado debe programar una entrevista con el Consulado de Estados Unidos;<\/li><\/ol>\n\n<h3 class=\"wp-block-heading\">\u00bfCu\u00e1les son los documentos justificativos para un visado de turista?<\/h3>\n\n<p>Todos los documentos justificativos que se adjunten a la solicitud de visado deben ser escaneados. Estos documentos son imprescindibles para la tramitaci\u00f3n de la solicitud de visado.  <\/p>\n\n<p>La lista completa de documentos requeridos para un visado de turista en EE.UU. es la siguiente:  <\/p>\n\n<ul class=\"wp-block-list\"><li>Debe demostrar que tiene un pasaporte con m\u00e1s de 6 meses de validez;<\/li><li>Debe adjuntar una fotograf\u00eda de pasaporte que cumpla con las normas de visado de Estados Unidos;<\/li><li>Debe adjuntar los documentos que acrediten que ha presentado el formulario DS-160 y que ha pagado la tasa administrativa del visado (160 d\u00f3lares);<\/li><li>Debe haber programado su entrevista con el Consulado de Estados Unidos;<\/li><li>Tambi\u00e9n deber\u00e1 adjuntar una carta personal en la que describa el motivo de su viaje a Estados Unidos;<\/li><li>Deber\u00e1 demostrar su capacidad financiera para cubrir todo el viaje a Estados Unidos, que es de casi 300 d\u00f3lares por d\u00eda y por persona.<\/li><li>Tambi\u00e9n tendr\u00e1 que demostrar que sus lazos con su pa\u00eds de origen son reales y que le llevar\u00e1n de vuelta a Estados Unidos despu\u00e9s de su estancia;<\/li><li>Por \u00faltimo, debe presentar un certificado de antecedentes penales que demuestre que no tiene condenas recientes.<\/li><\/ul>\n\n<h2 class=\"wp-block-heading\">Momento de obtener el visado de turista para EE.UU.<\/h2>\n\n<p>El tiempo de tramitaci\u00f3n de un visado de turista var\u00eda mucho: puede tardar desde una semana hasta varios meses. El tiempo depender\u00e1 del consulado al que se dirija y de su carga de trabajo en el momento de la solicitud.<\/p>\n\n<h2 class=\"wp-block-heading\">Duraci\u00f3n de la validez y pr\u00f3rroga de un visado de turista B2<\/h2>\n\n<p>El visado de turista B2 de Estados Unidos tiene una validez de 5 a\u00f1os. Sin embargo, no puede permanecer m\u00e1s de 6 meses consecutivos. Debe abandonar Estados Unidos despu\u00e9s de 6 meses y regresar a su pa\u00eds de origen.<\/p>\n\n<p>Puede obtener una pr\u00f3rroga de su visado de turista para permanecer 6 meses m\u00e1s despu\u00e9s de la validez inicial de su visado. Para obtener una pr\u00f3rroga, debe solicitarla al menos 8 semanas antes de que expire su visado B2.<\/p>\n","protected":false},"excerpt":{"rendered":"<p>Cuando se viaja a Estados Unidos por turismo, hay varias formas de obtener un visado de visitante para entrar en el pa\u00eds. El prop\u00f3sito tur\u00edstico de un viaje indica el tipo de visado que el viajero debe solicitar a la administraci\u00f3n estadounidense. El visado de turista de EE.UU. se solicita en l\u00ednea a trav\u00e9s de [&hellip;]<\/p>\n","protected":false},"author":1,"featured_media":0,"parent":0,"menu_order":0,"comment_status":"closed","ping_status":"closed","template":"","meta":{"site-sidebar-layout":"default","site-content-layout":"","ast-site-content-layout":"default","site-content-style":"default","site-sidebar-style":"default","ast-global-header-display":"","ast-banner-title-visibility":"","ast-main-header-display":"","ast-hfb-above-header-display":"","ast-hfb-below-header-display":"","ast-hfb-mobile-header-display":"","site-post-title":"","ast-breadcrumbs-content":"","ast-featured-img":"","footer-sml-layout":"","ast-disable-related-posts":"","theme-transparent-header-meta":"","adv-header-id-meta":"","stick-header-meta":"","header-above-stick-meta":"","header-main-stick-meta":"","header-below-stick-meta":"","astra-migrate-meta-layouts":"default","ast-page-background-enabled":"default","ast-page-background-meta":{"desktop":{"background-color":"","background-image":"","background-repeat":"repeat","background-position":"center center","background-size":"auto","background-attachment":"scroll","background-type":"","background-media":"","overlay-type":"","overlay-color":"","overlay-opacity":"","overlay-gradient":""},"tablet":{"background-color":"","background-image":"","background-repeat":"repeat","background-position":"center center","background-size":"auto","background-attachment":"scroll","background-type":"","background-media":"","overlay-type":"","overlay-color":"","overlay-opacity":"","overlay-gradient":""},"mobile":{"background-color":"","background-image":"","background-repeat":"repeat","background-position":"center center","background-size":"auto","background-attachment":"scroll","background-type":"","background-media":"","overlay-type":"","overlay-color":"","overlay-opacity":"","overlay-gradient":""}},"ast-content-background-meta":{"desktop":{"background-color":"var(--ast-global-color-5)","background-image":"","background-repeat":"repeat","background-position":"center center","background-size":"auto","background-attachment":"scroll","background-type":"","background-media":"","overlay-type":"","overlay-color":"","overlay-opacity":"","overlay-gradient":""},"tablet":{"background-color":"var(--ast-global-color-5)","background-image":"","background-repeat":"repeat","background-position":"center center","background-size":"auto","background-attachment":"scroll","background-type":"","background-media":"","overlay-type":"","overlay-color":"","overlay-opacity":"","overlay-gradient":""},"mobile":{"background-color":"var(--ast-global-color-5)","background-image":"","background-repeat":"repeat","background-position":"center center","background-size":"auto","background-attachment":"scroll","background-type":"","background-media":"","overlay-type":"","overlay-color":"","overlay-opacity":"","overlay-gradient":""}},"footnotes":""},"class_list":["post-2196","page","type-page","status-publish","hentry"],"yoast_head":"<!-- This site is optimized with the Yoast SEO plugin v27.1.1 - https:\/\/yoast.com\/product\/yoast-seo-wordpress\/ -->\n<title>Visado de turista para EE.UU. - Visado B2<\/title>\n<meta name=\"description\" content=\"C\u00f3mo obtener un visado de turista para Estados Unidos. Descubra toda la informaci\u00f3n que necesita para solicitar con \u00e9xito un visado.\" \/>\n<meta name=\"robots\" content=\"index, follow, max-snippet:-1, max-image-preview:large, max-video-preview:-1\" \/>\n<link rel=\"canonical\" href=\"https:\/\/123-esta.com\/es\/visado-turista-estados-unidos\/\" \/>\n<meta property=\"og:locale\" content=\"es_ES\" \/>\n<meta property=\"og:type\" content=\"article\" \/>\n<meta property=\"og:title\" content=\"Visado de turista para EE.UU. - Visado B2\" \/>\n<meta property=\"og:description\" content=\"C\u00f3mo obtener un visado de turista para Estados Unidos. Descubra toda la informaci\u00f3n que necesita para solicitar con \u00e9xito un visado.\" \/>\n<meta property=\"og:url\" content=\"https:\/\/123-esta.com\/es\/visado-turista-estados-unidos\/\" \/>\n<meta property=\"og:site_name\" content=\"Formulaire ESTA pour les USA\" \/>\n<meta property=\"article:modified_time\" content=\"2023-12-24T09:56:40+00:00\" \/>\n<meta property=\"og:image\" content=\"https:\/\/123-esta.com\/wp-content\/uploads\/2022\/07\/visa-usa-tourist.jpg\" \/>\n<meta name=\"twitter:card\" content=\"summary_large_image\" \/>\n<meta name=\"twitter:label1\" content=\"Tiempo de lectura\" \/>\n\t<meta name=\"twitter:data1\" content=\"5 minutos\" \/>\n<script type=\"application\/ld+json\" class=\"yoast-schema-graph\">{\"@context\":\"https:\/\/schema.org\",\"@graph\":[{\"@type\":\"WebPage\",\"@id\":\"https:\/\/123-esta.com\/es\/visado-turista-estados-unidos\/\",\"url\":\"https:\/\/123-esta.com\/es\/visado-turista-estados-unidos\/\",\"name\":\"Visado de turista para EE.UU. - Visado B2\",\"isPartOf\":{\"@id\":\"https:\/\/123-esta.com\/es\/#website\"},\"primaryImageOfPage\":{\"@id\":\"https:\/\/123-esta.com\/es\/visado-turista-estados-unidos\/#primaryimage\"},\"image\":{\"@id\":\"https:\/\/123-esta.com\/es\/visado-turista-estados-unidos\/#primaryimage\"},\"thumbnailUrl\":\"https:\/\/123-esta.com\/wp-content\/uploads\/2022\/07\/visa-usa-tourist.jpg\",\"datePublished\":\"2022-07-27T19:33:21+00:00\",\"dateModified\":\"2023-12-24T09:56:40+00:00\",\"description\":\"C\u00f3mo obtener un visado de turista para Estados Unidos. Descubra toda la informaci\u00f3n que necesita para solicitar con \u00e9xito un visado.\",\"inLanguage\":\"es\",\"potentialAction\":[{\"@type\":\"ReadAction\",\"target\":[\"https:\/\/123-esta.com\/es\/visado-turista-estados-unidos\/\"]}]},{\"@type\":\"ImageObject\",\"inLanguage\":\"es\",\"@id\":\"https:\/\/123-esta.com\/es\/visado-turista-estados-unidos\/#primaryimage\",\"url\":\"https:\/\/123-esta.com\/wp-content\/uploads\/2022\/07\/visa-usa-tourist.jpg\",\"contentUrl\":\"https:\/\/123-esta.com\/wp-content\/uploads\/2022\/07\/visa-usa-tourist.jpg\"},{\"@type\":\"WebSite\",\"@id\":\"https:\/\/123-esta.com\/es\/#website\",\"url\":\"https:\/\/123-esta.com\/es\/\",\"name\":\"Formulaire ESTA pour les USA\",\"description\":\"\",\"publisher\":{\"@id\":\"https:\/\/123-esta.com\/es\/#organization\"},\"potentialAction\":[{\"@type\":\"SearchAction\",\"target\":{\"@type\":\"EntryPoint\",\"urlTemplate\":\"https:\/\/123-esta.com\/es\/?s={search_term_string}\"},\"query-input\":{\"@type\":\"PropertyValueSpecification\",\"valueRequired\":true,\"valueName\":\"search_term_string\"}}],\"inLanguage\":\"es\"},{\"@type\":\"Organization\",\"@id\":\"https:\/\/123-esta.com\/es\/#organization\",\"name\":\"Formulaire ESTA pour les USA\",\"url\":\"https:\/\/123-esta.com\/es\/\",\"logo\":{\"@type\":\"ImageObject\",\"inLanguage\":\"es\",\"@id\":\"https:\/\/123-esta.com\/es\/#\/schema\/logo\/image\/\",\"url\":\"https:\/\/123-esta.com\/wp-content\/uploads\/2018\/03\/logo-123-esta.png\",\"contentUrl\":\"https:\/\/123-esta.com\/wp-content\/uploads\/2018\/03\/logo-123-esta.png\",\"width\":191,\"height\":54,\"caption\":\"Formulaire ESTA pour les USA\"},\"image\":{\"@id\":\"https:\/\/123-esta.com\/es\/#\/schema\/logo\/image\/\"}}]}<\/script>\n<!-- \/ Yoast SEO plugin. -->","yoast_head_json":{"title":"Visado de turista para EE.UU. - Visado B2","description":"C\u00f3mo obtener un visado de turista para Estados Unidos. Descubra toda la informaci\u00f3n que necesita para solicitar con \u00e9xito un visado.","robots":{"index":"index","follow":"follow","max-snippet":"max-snippet:-1","max-image-preview":"max-image-preview:large","max-video-preview":"max-video-preview:-1"},"canonical":"https:\/\/123-esta.com\/es\/visado-turista-estados-unidos\/","og_locale":"es_ES","og_type":"article","og_title":"Visado de turista para EE.UU. - Visado B2","og_description":"C\u00f3mo obtener un visado de turista para Estados Unidos. Descubra toda la informaci\u00f3n que necesita para solicitar con \u00e9xito un visado.","og_url":"https:\/\/123-esta.com\/es\/visado-turista-estados-unidos\/","og_site_name":"Formulaire ESTA pour les USA","article_modified_time":"2023-12-24T09:56:40+00:00","og_image":[{"url":"https:\/\/123-esta.com\/wp-content\/uploads\/2022\/07\/visa-usa-tourist.jpg","type":"","width":"","height":""}],"twitter_card":"summary_large_image","twitter_misc":{"Tiempo de lectura":"5 minutos"},"schema":{"@context":"https:\/\/schema.org","@graph":[{"@type":"WebPage","@id":"https:\/\/123-esta.com\/es\/visado-turista-estados-unidos\/","url":"https:\/\/123-esta.com\/es\/visado-turista-estados-unidos\/","name":"Visado de turista para EE.UU. - Visado B2","isPartOf":{"@id":"https:\/\/123-esta.com\/es\/#website"},"primaryImageOfPage":{"@id":"https:\/\/123-esta.com\/es\/visado-turista-estados-unidos\/#primaryimage"},"image":{"@id":"https:\/\/123-esta.com\/es\/visado-turista-estados-unidos\/#primaryimage"},"thumbnailUrl":"https:\/\/123-esta.com\/wp-content\/uploads\/2022\/07\/visa-usa-tourist.jpg","datePublished":"2022-07-27T19:33:21+00:00","dateModified":"2023-12-24T09:56:40+00:00","description":"C\u00f3mo obtener un visado de turista para Estados Unidos. Descubra toda la informaci\u00f3n que necesita para solicitar con \u00e9xito un visado.","inLanguage":"es","potentialAction":[{"@type":"ReadAction","target":["https:\/\/123-esta.com\/es\/visado-turista-estados-unidos\/"]}]},{"@type":"ImageObject","inLanguage":"es","@id":"https:\/\/123-esta.com\/es\/visado-turista-estados-unidos\/#primaryimage","url":"https:\/\/123-esta.com\/wp-content\/uploads\/2022\/07\/visa-usa-tourist.jpg","contentUrl":"https:\/\/123-esta.com\/wp-content\/uploads\/2022\/07\/visa-usa-tourist.jpg"},{"@type":"WebSite","@id":"https:\/\/123-esta.com\/es\/#website","url":"https:\/\/123-esta.com\/es\/","name":"Formulaire ESTA pour les USA","description":"","publisher":{"@id":"https:\/\/123-esta.com\/es\/#organization"},"potentialAction":[{"@type":"SearchAction","target":{"@type":"EntryPoint","urlTemplate":"https:\/\/123-esta.com\/es\/?s={search_term_string}"},"query-input":{"@type":"PropertyValueSpecification","valueRequired":true,"valueName":"search_term_string"}}],"inLanguage":"es"},{"@type":"Organization","@id":"https:\/\/123-esta.com\/es\/#organization","name":"Formulaire ESTA pour les USA","url":"https:\/\/123-esta.com\/es\/","logo":{"@type":"ImageObject","inLanguage":"es","@id":"https:\/\/123-esta.com\/es\/#\/schema\/logo\/image\/","url":"https:\/\/123-esta.com\/wp-content\/uploads\/2018\/03\/logo-123-esta.png","contentUrl":"https:\/\/123-esta.com\/wp-content\/uploads\/2018\/03\/logo-123-esta.png","width":191,"height":54,"caption":"Formulaire ESTA pour les USA"},"image":{"@id":"https:\/\/123-esta.com\/es\/#\/schema\/logo\/image\/"}}]}},"_links":{"self":[{"href":"https:\/\/123-esta.com\/es\/wp-json\/wp\/v2\/pages\/2196","targetHints":{"allow":["GET"]}}],"collection":[{"href":"https:\/\/123-esta.com\/es\/wp-json\/wp\/v2\/pages"}],"about":[{"href":"https:\/\/123-esta.com\/es\/wp-json\/wp\/v2\/types\/page"}],"author":[{"embeddable":true,"href":"https:\/\/123-esta.com\/es\/wp-json\/wp\/v2\/users\/1"}],"replies":[{"embeddable":true,"href":"https:\/\/123-esta.com\/es\/wp-json\/wp\/v2\/comments?post=2196"}],"version-history":[{"count":0,"href":"https:\/\/123-esta.com\/es\/wp-json\/wp\/v2\/pages\/2196\/revisions"}],"wp:attachment":[{"href":"https:\/\/123-esta.com\/es\/wp-json\/wp\/v2\/media?parent=2196"}],"curies":[{"name":"wp","href":"https:\/\/api.w.org\/{rel}","templated":true}]}}