{"id":1640,"date":"2022-01-02T10:01:59","date_gmt":"2022-01-02T09:01:59","guid":{"rendered":"https:\/\/123-esta.com\/es-posible-un-tour-en-bicicleta-por-estados-unidos-o-es-una-locura\/"},"modified":"2022-09-19T17:12:21","modified_gmt":"2022-09-19T15:12:21","slug":"una-gira-de-los-estados-unidos-es-posible","status":"publish","type":"page","link":"https:\/\/123-esta.com\/es\/una-gira-de-los-estados-unidos-es-posible\/","title":{"rendered":"\u00bfEs posible un tour en bicicleta por Estados Unidos o es una locura?"},"content":{"rendered":"\n<p>Dificultad para viajar libremente en Estados Unidos sin medios de transporte privados. Adem\u00e1s, las empresas de alquiler de coches son numerosas y el alquiler de bicicletas tambi\u00e9n es frecuente y muy de moda entre <a href=\"https:\/\/123-esta.com\/es\/el-medio-de-transporte-para-visitar-estados-unidos\/\">los medios de transporte en los Estados Unidos<\/a> .<\/p>\n\n<p>En los EE. UU., Donde quiera que vaya, puede alquilar una bicicleta f\u00e1cilmente y encontrar\u00e1 rutas de senderismo. La experiencia es diferente y esto garantiza una mejor manera de explorar a fondo el paisaje, como si se tratara de una caminata corta.<\/p>\n\n<h2 class=\"wp-block-heading\">\u00bfQu\u00e9 lugares para andar en bicicleta?<\/h2>\n\n<p>Es imposible enumerar los hermosos lugares para explorar en bicicleta en los Estados Unidos. Todo es hermoso, desde las grandes ciudades, pasando por el campo, hasta parques famosos como el Gran Ca\u00f1\u00f3n.<\/p>\n\n<p>Para nombrar solo Nueva York, caminar por Manhattan, cruzar el Puente de Brooklyn o explorar Central Park en bicicleta promete una experiencia \u00e9pica. Casi todas las carreteras en las ciudades de los Estados Unidos incluyen un carril para bicicletas. A veces, las bicicletas y los autom\u00f3viles se mezclan, pero los conductores estadounidenses son muy amigables con el tr\u00e1fico. Sin embargo, conviene tener precauci\u00f3n.<\/p>\n\n<p>Fuera de las grandes ciudades, existen circuitos tur\u00edsticos en bicicleta. Los sitios web de \u201csenderos para bicicletas\u201d, como dicen, son numerosos en Internet y ofrecen diferentes rutas en bicicleta, solas o en grupo, con mapa, distancia a recorrer y nivel de dificultad. Los viajeros tienen una variada selecci\u00f3n de paisajes para explorar: llanura verde, bosque, monta\u00f1a verde o rocoso; todo se puede hacer en bicicleta.<\/p>\n\n<p>Estados Unidos es un gran pa\u00eds con grandes lugares y grandes espect\u00e1culos. Realmente no existe una ciudad o sitio tur\u00edstico a priorizar, la diferencia radica en la forma en que se realiza la exploraci\u00f3n. Andar en bicicleta, en lugar de un autom\u00f3vil, puede cambiarlo todo y promete un gran descubrimiento.<\/p>\n\n<h2 class=\"wp-block-heading\">\u00bfY la gira por Estados Unidos?<\/h2>\n\n<p>La idea ha atra\u00eddo a m\u00e1s de uno. Algunos emprenden una larga traves\u00eda que une el Oc\u00e9ano Atl\u00e1ntico con el Oc\u00e9ano Pac\u00edfico, otros optan por un circuito m\u00e1s suave como el tour en bicicleta por Los \u00c1ngeles, Chicago o Washington.<\/p>\n\n<p>Los m\u00e1s valientes hacen el mejor viaje por carretera desde San Francisco a Nueva York en solo 90 d\u00edas. Imposible describir la sensaci\u00f3n que tiene este tipo de viaje sin haberlo probado. Solo debe tenerse en cuenta que un paseo en bicicleta o un gran viaje por carretera como cruzar los Estados Unidos siempre requiere una buena y meticulosa preparaci\u00f3n. Hoteles, rutas, costos y gastos; todo debe estar preparado con anticipaci\u00f3n.<\/p>\n","protected":false},"excerpt":{"rendered":"<p>Dificultad para viajar libremente en Estados Unidos sin medios de transporte privados. Adem\u00e1s, las empresas de alquiler de coches son numerosas y el alquiler de bicicletas tambi\u00e9n es frecuente y muy de moda entre los medios de transporte en los Estados Unidos . En los EE. UU., Donde quiera que vaya, puede alquilar una bicicleta [&hellip;]<\/p>\n","protected":false},"author":1,"featured_media":0,"parent":0,"menu_order":0,"comment_status":"closed","ping_status":"closed","template":"","meta":{"site-sidebar-layout":"default","site-content-layout":"default","ast-site-content-layout":"default","site-content-style":"default","site-sidebar-style":"default","ast-global-header-display":"","ast-banner-title-visibility":"","ast-main-header-display":"","ast-hfb-above-header-display":"","ast-hfb-below-header-display":"","ast-hfb-mobile-header-display":"","site-post-title":"","ast-breadcrumbs-content":"","ast-featured-img":"","footer-sml-layout":"","ast-disable-related-posts":"","theme-transparent-header-meta":"default","adv-header-id-meta":"","stick-header-meta":"default","header-above-stick-meta":"","header-main-stick-meta":"","header-below-stick-meta":"","astra-migrate-meta-layouts":"default","ast-page-background-enabled":"default","ast-page-background-meta":{"desktop":{"background-color":"","background-image":"","background-repeat":"repeat","background-position":"center center","background-size":"auto","background-attachment":"scroll","background-type":"","background-media":"","overlay-type":"","overlay-color":"","overlay-opacity":"","overlay-gradient":""},"tablet":{"background-color":"","background-image":"","background-repeat":"repeat","background-position":"center center","background-size":"auto","background-attachment":"scroll","background-type":"","background-media":"","overlay-type":"","overlay-color":"","overlay-opacity":"","overlay-gradient":""},"mobile":{"background-color":"","background-image":"","background-repeat":"repeat","background-position":"center center","background-size":"auto","background-attachment":"scroll","background-type":"","background-media":"","overlay-type":"","overlay-color":"","overlay-opacity":"","overlay-gradient":""}},"ast-content-background-meta":{"desktop":{"background-color":"var(--ast-global-color-5)","background-image":"","background-repeat":"repeat","background-position":"center center","background-size":"auto","background-attachment":"scroll","background-type":"","background-media":"","overlay-type":"","overlay-color":"","overlay-opacity":"","overlay-gradient":""},"tablet":{"background-color":"var(--ast-global-color-5)","background-image":"","background-repeat":"repeat","background-position":"center center","background-size":"auto","background-attachment":"scroll","background-type":"","background-media":"","overlay-type":"","overlay-color":"","overlay-opacity":"","overlay-gradient":""},"mobile":{"background-color":"var(--ast-global-color-5)","background-image":"","background-repeat":"repeat","background-position":"center center","background-size":"auto","background-attachment":"scroll","background-type":"","background-media":"","overlay-type":"","overlay-color":"","overlay-opacity":"","overlay-gradient":""}},"footnotes":""},"class_list":["post-1640","page","type-page","status-publish","hentry"],"yoast_head":"<!-- This site is optimized with the Yoast SEO plugin v27.1.1 - https:\/\/yoast.com\/product\/yoast-seo-wordpress\/ -->\n<title>\u00bfEs posible un tour en bicicleta por Estados Unidos o es una locura?<\/title>\n<meta name=\"description\" content=\"Te tienta una aventura, has pensado en visitar Estados Unidos en bicicleta, es muy posible pero requiere una preparaci\u00f3n\" \/>\n<meta name=\"robots\" content=\"index, follow, max-snippet:-1, max-image-preview:large, max-video-preview:-1\" \/>\n<link rel=\"canonical\" href=\"https:\/\/123-esta.com\/es\/una-gira-de-los-estados-unidos-es-posible\/\" \/>\n<meta property=\"og:locale\" content=\"es_ES\" \/>\n<meta property=\"og:type\" content=\"article\" \/>\n<meta property=\"og:title\" content=\"\u00bfEs posible un tour en bicicleta por Estados Unidos o es una locura?\" \/>\n<meta property=\"og:description\" content=\"Te tienta una aventura, has pensado en visitar Estados Unidos en bicicleta, es muy posible pero requiere una preparaci\u00f3n\" \/>\n<meta property=\"og:url\" content=\"https:\/\/123-esta.com\/es\/una-gira-de-los-estados-unidos-es-posible\/\" \/>\n<meta property=\"og:site_name\" content=\"Formulaire ESTA pour les USA\" \/>\n<meta property=\"article:modified_time\" content=\"2022-09-19T15:12:21+00:00\" \/>\n<meta name=\"twitter:card\" content=\"summary_large_image\" \/>\n<meta name=\"twitter:label1\" content=\"Tiempo de lectura\" \/>\n\t<meta name=\"twitter:data1\" content=\"3 minutos\" \/>\n<script type=\"application\/ld+json\" class=\"yoast-schema-graph\">{\"@context\":\"https:\/\/schema.org\",\"@graph\":[{\"@type\":\"WebPage\",\"@id\":\"https:\/\/123-esta.com\/es\/una-gira-de-los-estados-unidos-es-posible\/\",\"url\":\"https:\/\/123-esta.com\/es\/una-gira-de-los-estados-unidos-es-posible\/\",\"name\":\"\u00bfEs posible un tour en bicicleta por Estados Unidos o es una locura?\",\"isPartOf\":{\"@id\":\"https:\/\/123-esta.com\/es\/#website\"},\"datePublished\":\"2022-01-02T09:01:59+00:00\",\"dateModified\":\"2022-09-19T15:12:21+00:00\",\"description\":\"Te tienta una aventura, has pensado en visitar Estados Unidos en bicicleta, es muy posible pero requiere una preparaci\u00f3n\",\"inLanguage\":\"es\",\"potentialAction\":[{\"@type\":\"ReadAction\",\"target\":[\"https:\/\/123-esta.com\/es\/una-gira-de-los-estados-unidos-es-posible\/\"]}]},{\"@type\":\"WebSite\",\"@id\":\"https:\/\/123-esta.com\/es\/#website\",\"url\":\"https:\/\/123-esta.com\/es\/\",\"name\":\"Formulaire ESTA pour les USA\",\"description\":\"\",\"publisher\":{\"@id\":\"https:\/\/123-esta.com\/es\/#organization\"},\"potentialAction\":[{\"@type\":\"SearchAction\",\"target\":{\"@type\":\"EntryPoint\",\"urlTemplate\":\"https:\/\/123-esta.com\/es\/?s={search_term_string}\"},\"query-input\":{\"@type\":\"PropertyValueSpecification\",\"valueRequired\":true,\"valueName\":\"search_term_string\"}}],\"inLanguage\":\"es\"},{\"@type\":\"Organization\",\"@id\":\"https:\/\/123-esta.com\/es\/#organization\",\"name\":\"Formulaire ESTA pour les USA\",\"url\":\"https:\/\/123-esta.com\/es\/\",\"logo\":{\"@type\":\"ImageObject\",\"inLanguage\":\"es\",\"@id\":\"https:\/\/123-esta.com\/es\/#\/schema\/logo\/image\/\",\"url\":\"https:\/\/123-esta.com\/wp-content\/uploads\/2018\/03\/logo-123-esta.png\",\"contentUrl\":\"https:\/\/123-esta.com\/wp-content\/uploads\/2018\/03\/logo-123-esta.png\",\"width\":191,\"height\":54,\"caption\":\"Formulaire ESTA pour les USA\"},\"image\":{\"@id\":\"https:\/\/123-esta.com\/es\/#\/schema\/logo\/image\/\"}}]}<\/script>\n<!-- \/ Yoast SEO plugin. -->","yoast_head_json":{"title":"\u00bfEs posible un tour en bicicleta por Estados Unidos o es una locura?","description":"Te tienta una aventura, has pensado en visitar Estados Unidos en bicicleta, es muy posible pero requiere una preparaci\u00f3n","robots":{"index":"index","follow":"follow","max-snippet":"max-snippet:-1","max-image-preview":"max-image-preview:large","max-video-preview":"max-video-preview:-1"},"canonical":"https:\/\/123-esta.com\/es\/una-gira-de-los-estados-unidos-es-posible\/","og_locale":"es_ES","og_type":"article","og_title":"\u00bfEs posible un tour en bicicleta por Estados Unidos o es una locura?","og_description":"Te tienta una aventura, has pensado en visitar Estados Unidos en bicicleta, es muy posible pero requiere una preparaci\u00f3n","og_url":"https:\/\/123-esta.com\/es\/una-gira-de-los-estados-unidos-es-posible\/","og_site_name":"Formulaire ESTA pour les USA","article_modified_time":"2022-09-19T15:12:21+00:00","twitter_card":"summary_large_image","twitter_misc":{"Tiempo de lectura":"3 minutos"},"schema":{"@context":"https:\/\/schema.org","@graph":[{"@type":"WebPage","@id":"https:\/\/123-esta.com\/es\/una-gira-de-los-estados-unidos-es-posible\/","url":"https:\/\/123-esta.com\/es\/una-gira-de-los-estados-unidos-es-posible\/","name":"\u00bfEs posible un tour en bicicleta por Estados Unidos o es una locura?","isPartOf":{"@id":"https:\/\/123-esta.com\/es\/#website"},"datePublished":"2022-01-02T09:01:59+00:00","dateModified":"2022-09-19T15:12:21+00:00","description":"Te tienta una aventura, has pensado en visitar Estados Unidos en bicicleta, es muy posible pero requiere una preparaci\u00f3n","inLanguage":"es","potentialAction":[{"@type":"ReadAction","target":["https:\/\/123-esta.com\/es\/una-gira-de-los-estados-unidos-es-posible\/"]}]},{"@type":"WebSite","@id":"https:\/\/123-esta.com\/es\/#website","url":"https:\/\/123-esta.com\/es\/","name":"Formulaire ESTA pour les USA","description":"","publisher":{"@id":"https:\/\/123-esta.com\/es\/#organization"},"potentialAction":[{"@type":"SearchAction","target":{"@type":"EntryPoint","urlTemplate":"https:\/\/123-esta.com\/es\/?s={search_term_string}"},"query-input":{"@type":"PropertyValueSpecification","valueRequired":true,"valueName":"search_term_string"}}],"inLanguage":"es"},{"@type":"Organization","@id":"https:\/\/123-esta.com\/es\/#organization","name":"Formulaire ESTA pour les USA","url":"https:\/\/123-esta.com\/es\/","logo":{"@type":"ImageObject","inLanguage":"es","@id":"https:\/\/123-esta.com\/es\/#\/schema\/logo\/image\/","url":"https:\/\/123-esta.com\/wp-content\/uploads\/2018\/03\/logo-123-esta.png","contentUrl":"https:\/\/123-esta.com\/wp-content\/uploads\/2018\/03\/logo-123-esta.png","width":191,"height":54,"caption":"Formulaire ESTA pour les USA"},"image":{"@id":"https:\/\/123-esta.com\/es\/#\/schema\/logo\/image\/"}}]}},"_links":{"self":[{"href":"https:\/\/123-esta.com\/es\/wp-json\/wp\/v2\/pages\/1640","targetHints":{"allow":["GET"]}}],"collection":[{"href":"https:\/\/123-esta.com\/es\/wp-json\/wp\/v2\/pages"}],"about":[{"href":"https:\/\/123-esta.com\/es\/wp-json\/wp\/v2\/types\/page"}],"author":[{"embeddable":true,"href":"https:\/\/123-esta.com\/es\/wp-json\/wp\/v2\/users\/1"}],"replies":[{"embeddable":true,"href":"https:\/\/123-esta.com\/es\/wp-json\/wp\/v2\/comments?post=1640"}],"version-history":[{"count":0,"href":"https:\/\/123-esta.com\/es\/wp-json\/wp\/v2\/pages\/1640\/revisions"}],"wp:attachment":[{"href":"https:\/\/123-esta.com\/es\/wp-json\/wp\/v2\/media?parent=1640"}],"curies":[{"name":"wp","href":"https:\/\/api.w.org\/{rel}","templated":true}]}}