{"id":1638,"date":"2022-01-02T10:01:45","date_gmt":"2022-01-02T09:01:45","guid":{"rendered":"https:\/\/123-esta.com\/las-10-visitas-obligadas-en-nueva-york\/"},"modified":"2022-09-19T16:53:33","modified_gmt":"2022-09-19T14:53:33","slug":"las-10-visitas-obligadas-en-nueva-york","status":"publish","type":"page","link":"https:\/\/123-esta.com\/es\/las-10-visitas-obligadas-en-nueva-york\/","title":{"rendered":"Las 10 visitas obligadas en Nueva York"},"content":{"rendered":"\n<p>Para llegar a Estados Unidos, puedes tomar el avi\u00f3n o el barco y \u00a1visitar la m\u00edtica ciudad de Nueva York!<\/p>\n\n<p>Para hacerlo, todo lo que necesita hacer es realizar una simple solicitud de autorizaci\u00f3n electr\u00f3nica en Internet llamada ESTA. Una vez concedida, la ESTA te permitir\u00e1 ofrecerte un viaje inolvidable a la Gran Manzana, por un plazo legal de hasta 90 d\u00edas. Nueva York es, con mucho, la ciudad m\u00e1s visitada de los EE. UU. Y es una de las <a href=\"https:\/\/123-esta.com\/es\/ciudades-y-regiones-para-visitar-los-estados-unidos\/\">mejores cosas que ver en los EE<\/a> . UU., Atrayendo a millones de visitantes cada a\u00f1o de todo el mundo. \u00bfSer\u00e1s el pr\u00f3ximo?<\/p>\n\n<h2 class=\"wp-block-heading\">Turismo en Nueva York: consejos<\/h2>\n\n<p>Si va a ir a Nueva York por primera vez, preparar su programa de visitas podr\u00eda ser muy importante, ya que hay muchos sitios para visitar. Por tanto, es preferible establecer un horario de lugares a visitar antes de su salida para evitar p\u00e9rdidas de tiempo innecesarias.<\/p>\n\n<p>En el programa de visitas recomendadas se pueden realizar multitud de actividades, como visitar la propia ciudad, sus museos, ir de compras o incluso ir a un bar o discoteca. Si tienes tiempo, no dudes en perderte un poco por la ciudad, cada calle te puede deparar muchas sorpresas.<\/p>\n\n<h2 class=\"wp-block-heading\">Tour guiado de Nueva York<\/h2>\n\n<p>Nueva York tiene tantos lugares interesantes que tardar\u00eda una eternidad en ver cada uno. Visitas a monumentos, actividades n\u00e1uticas y cruceros, espect\u00e1culos, eventos deportivos, etc. Nueva York ofrece multitud de actividades. Para ayudarte a tomar una decisi\u00f3n, aqu\u00ed tienes algunas ideas:<\/p>\n\n<ul class=\"wp-block-list\"><li>los sitios m\u00e1s imperdibles son la Estatua de la Libertad y el Puente de Brooklyn.<\/li><li>un recorrido en helic\u00f3ptero le permitir\u00e1 disfrutar de una amplia apertura en el paisaje de Manhattan con un presupuesto personalizado. Al contrario de lo que se podr\u00eda pensar, las tarifas no son tan caras. \u00a1Volar sobre la ciudad es una experiencia inolvidable!<\/li><li>El Rockefeller Center es un complejo de 19 edificios comerciales que se extiende entre las calles 48 y 51 de Manhattan. \u00a1En la parte superior del edificio tendr\u00e1s una vista incre\u00edble de toda la ciudad!<\/li><li>Una de las maravillas de la ciudad de Nueva York es sin contexto la isla de Ellis Island, el lugar donde desembarcaron much\u00edsimos inmigrantes europeos en busca de una vida mejor en Estados Unidos.<\/li><li>\u00bfC\u00f3mo hablar de Nueva York sin acercarse a <a href=\"https:\/\/123-esta.com\/es\/visite-central-park-el-pulmon-de-nueva-york\/\">Central Park<\/a> ?<\/li><\/ul>\n\n<h2 class=\"wp-block-heading\">Nueva York y sus calles legendarias<\/h2>\n\n<p>Las calles de la ciudad de Nueva York todav\u00eda est\u00e1n pobladas y vivas como la famosa plaza en el coraz\u00f3n de Manhattan apodada Cross Road of the World. Este lugar ofrece al visitante un verdadero espect\u00e1culo arquitect\u00f3nico y lum\u00ednico de forma totalmente gratuita.<\/p>\n\n<p>En Nueva York, encontrar\u00e1 f\u00e1cilmente hoteles de lujo y deliciosos restaurantes. Una actividad que recomendamos en noviembre es el Desfile del D\u00eda de Acci\u00f3n de Gracias de Macy&#8217;s. Es un evento anual que recibe a m\u00e1s de tres millones de visitantes, atra\u00eddos por el desfile organizado para la ocasi\u00f3n.<\/p>\n","protected":false},"excerpt":{"rendered":"<p>Para llegar a Estados Unidos, puedes tomar el avi\u00f3n o el barco y \u00a1visitar la m\u00edtica ciudad de Nueva York! Para hacerlo, todo lo que necesita hacer es realizar una simple solicitud de autorizaci\u00f3n electr\u00f3nica en Internet llamada ESTA. Una vez concedida, la ESTA te permitir\u00e1 ofrecerte un viaje inolvidable a la Gran Manzana, por [&hellip;]<\/p>\n","protected":false},"author":1,"featured_media":0,"parent":0,"menu_order":0,"comment_status":"closed","ping_status":"closed","template":"","meta":{"site-sidebar-layout":"default","site-content-layout":"default","ast-site-content-layout":"default","site-content-style":"default","site-sidebar-style":"default","ast-global-header-display":"","ast-banner-title-visibility":"","ast-main-header-display":"","ast-hfb-above-header-display":"","ast-hfb-below-header-display":"","ast-hfb-mobile-header-display":"","site-post-title":"","ast-breadcrumbs-content":"","ast-featured-img":"","footer-sml-layout":"","ast-disable-related-posts":"","theme-transparent-header-meta":"default","adv-header-id-meta":"","stick-header-meta":"default","header-above-stick-meta":"","header-main-stick-meta":"","header-below-stick-meta":"","astra-migrate-meta-layouts":"default","ast-page-background-enabled":"default","ast-page-background-meta":{"desktop":{"background-color":"","background-image":"","background-repeat":"repeat","background-position":"center center","background-size":"auto","background-attachment":"scroll","background-type":"","background-media":"","overlay-type":"","overlay-color":"","overlay-opacity":"","overlay-gradient":""},"tablet":{"background-color":"","background-image":"","background-repeat":"repeat","background-position":"center center","background-size":"auto","background-attachment":"scroll","background-type":"","background-media":"","overlay-type":"","overlay-color":"","overlay-opacity":"","overlay-gradient":""},"mobile":{"background-color":"","background-image":"","background-repeat":"repeat","background-position":"center center","background-size":"auto","background-attachment":"scroll","background-type":"","background-media":"","overlay-type":"","overlay-color":"","overlay-opacity":"","overlay-gradient":""}},"ast-content-background-meta":{"desktop":{"background-color":"var(--ast-global-color-5)","background-image":"","background-repeat":"repeat","background-position":"center center","background-size":"auto","background-attachment":"scroll","background-type":"","background-media":"","overlay-type":"","overlay-color":"","overlay-opacity":"","overlay-gradient":""},"tablet":{"background-color":"var(--ast-global-color-5)","background-image":"","background-repeat":"repeat","background-position":"center center","background-size":"auto","background-attachment":"scroll","background-type":"","background-media":"","overlay-type":"","overlay-color":"","overlay-opacity":"","overlay-gradient":""},"mobile":{"background-color":"var(--ast-global-color-5)","background-image":"","background-repeat":"repeat","background-position":"center center","background-size":"auto","background-attachment":"scroll","background-type":"","background-media":"","overlay-type":"","overlay-color":"","overlay-opacity":"","overlay-gradient":""}},"footnotes":""},"class_list":["post-1638","page","type-page","status-publish","hentry"],"yoast_head":"<!-- This site is optimized with the Yoast SEO plugin v27.1.1 - https:\/\/yoast.com\/product\/yoast-seo-wordpress\/ -->\n<title>Nuestras 10 mejores atracciones para ver y hacer en Nueva York<\/title>\n<meta name=\"description\" content=\"Una vez que haya obtenido el formulario ESTA por Internet, podr\u00e1 viajar a Nueva York y a cualquier lugar de Estados Unidos.\" \/>\n<meta name=\"robots\" content=\"index, follow, max-snippet:-1, max-image-preview:large, max-video-preview:-1\" \/>\n<link rel=\"canonical\" href=\"https:\/\/123-esta.com\/es\/las-10-visitas-obligadas-en-nueva-york\/\" \/>\n<meta property=\"og:locale\" content=\"es_ES\" \/>\n<meta property=\"og:type\" content=\"article\" \/>\n<meta property=\"og:title\" content=\"Nuestras 10 mejores atracciones para ver y hacer en Nueva York\" \/>\n<meta property=\"og:description\" content=\"Una vez que haya obtenido el formulario ESTA por Internet, podr\u00e1 viajar a Nueva York y a cualquier lugar de Estados Unidos.\" \/>\n<meta property=\"og:url\" content=\"https:\/\/123-esta.com\/es\/las-10-visitas-obligadas-en-nueva-york\/\" \/>\n<meta property=\"og:site_name\" content=\"Formulaire ESTA pour les USA\" \/>\n<meta property=\"article:modified_time\" content=\"2022-09-19T14:53:33+00:00\" \/>\n<meta name=\"twitter:card\" content=\"summary_large_image\" \/>\n<meta name=\"twitter:label1\" content=\"Tiempo de lectura\" \/>\n\t<meta name=\"twitter:data1\" content=\"3 minutos\" \/>\n<script type=\"application\/ld+json\" class=\"yoast-schema-graph\">{\"@context\":\"https:\/\/schema.org\",\"@graph\":[{\"@type\":\"WebPage\",\"@id\":\"https:\/\/123-esta.com\/es\/las-10-visitas-obligadas-en-nueva-york\/\",\"url\":\"https:\/\/123-esta.com\/es\/las-10-visitas-obligadas-en-nueva-york\/\",\"name\":\"Nuestras 10 mejores atracciones para ver y hacer en Nueva York\",\"isPartOf\":{\"@id\":\"https:\/\/123-esta.com\/es\/#website\"},\"datePublished\":\"2022-01-02T09:01:45+00:00\",\"dateModified\":\"2022-09-19T14:53:33+00:00\",\"description\":\"Una vez que haya obtenido el formulario ESTA por Internet, podr\u00e1 viajar a Nueva York y a cualquier lugar de Estados Unidos.\",\"inLanguage\":\"es\",\"potentialAction\":[{\"@type\":\"ReadAction\",\"target\":[\"https:\/\/123-esta.com\/es\/las-10-visitas-obligadas-en-nueva-york\/\"]}]},{\"@type\":\"WebSite\",\"@id\":\"https:\/\/123-esta.com\/es\/#website\",\"url\":\"https:\/\/123-esta.com\/es\/\",\"name\":\"Formulaire ESTA pour les USA\",\"description\":\"\",\"publisher\":{\"@id\":\"https:\/\/123-esta.com\/es\/#organization\"},\"potentialAction\":[{\"@type\":\"SearchAction\",\"target\":{\"@type\":\"EntryPoint\",\"urlTemplate\":\"https:\/\/123-esta.com\/es\/?s={search_term_string}\"},\"query-input\":{\"@type\":\"PropertyValueSpecification\",\"valueRequired\":true,\"valueName\":\"search_term_string\"}}],\"inLanguage\":\"es\"},{\"@type\":\"Organization\",\"@id\":\"https:\/\/123-esta.com\/es\/#organization\",\"name\":\"Formulaire ESTA pour les USA\",\"url\":\"https:\/\/123-esta.com\/es\/\",\"logo\":{\"@type\":\"ImageObject\",\"inLanguage\":\"es\",\"@id\":\"https:\/\/123-esta.com\/es\/#\/schema\/logo\/image\/\",\"url\":\"https:\/\/123-esta.com\/wp-content\/uploads\/2018\/03\/logo-123-esta.png\",\"contentUrl\":\"https:\/\/123-esta.com\/wp-content\/uploads\/2018\/03\/logo-123-esta.png\",\"width\":191,\"height\":54,\"caption\":\"Formulaire ESTA pour les USA\"},\"image\":{\"@id\":\"https:\/\/123-esta.com\/es\/#\/schema\/logo\/image\/\"}}]}<\/script>\n<!-- \/ Yoast SEO plugin. -->","yoast_head_json":{"title":"Nuestras 10 mejores atracciones para ver y hacer en Nueva York","description":"Una vez que haya obtenido el formulario ESTA por Internet, podr\u00e1 viajar a Nueva York y a cualquier lugar de Estados Unidos.","robots":{"index":"index","follow":"follow","max-snippet":"max-snippet:-1","max-image-preview":"max-image-preview:large","max-video-preview":"max-video-preview:-1"},"canonical":"https:\/\/123-esta.com\/es\/las-10-visitas-obligadas-en-nueva-york\/","og_locale":"es_ES","og_type":"article","og_title":"Nuestras 10 mejores atracciones para ver y hacer en Nueva York","og_description":"Una vez que haya obtenido el formulario ESTA por Internet, podr\u00e1 viajar a Nueva York y a cualquier lugar de Estados Unidos.","og_url":"https:\/\/123-esta.com\/es\/las-10-visitas-obligadas-en-nueva-york\/","og_site_name":"Formulaire ESTA pour les USA","article_modified_time":"2022-09-19T14:53:33+00:00","twitter_card":"summary_large_image","twitter_misc":{"Tiempo de lectura":"3 minutos"},"schema":{"@context":"https:\/\/schema.org","@graph":[{"@type":"WebPage","@id":"https:\/\/123-esta.com\/es\/las-10-visitas-obligadas-en-nueva-york\/","url":"https:\/\/123-esta.com\/es\/las-10-visitas-obligadas-en-nueva-york\/","name":"Nuestras 10 mejores atracciones para ver y hacer en Nueva York","isPartOf":{"@id":"https:\/\/123-esta.com\/es\/#website"},"datePublished":"2022-01-02T09:01:45+00:00","dateModified":"2022-09-19T14:53:33+00:00","description":"Una vez que haya obtenido el formulario ESTA por Internet, podr\u00e1 viajar a Nueva York y a cualquier lugar de Estados Unidos.","inLanguage":"es","potentialAction":[{"@type":"ReadAction","target":["https:\/\/123-esta.com\/es\/las-10-visitas-obligadas-en-nueva-york\/"]}]},{"@type":"WebSite","@id":"https:\/\/123-esta.com\/es\/#website","url":"https:\/\/123-esta.com\/es\/","name":"Formulaire ESTA pour les USA","description":"","publisher":{"@id":"https:\/\/123-esta.com\/es\/#organization"},"potentialAction":[{"@type":"SearchAction","target":{"@type":"EntryPoint","urlTemplate":"https:\/\/123-esta.com\/es\/?s={search_term_string}"},"query-input":{"@type":"PropertyValueSpecification","valueRequired":true,"valueName":"search_term_string"}}],"inLanguage":"es"},{"@type":"Organization","@id":"https:\/\/123-esta.com\/es\/#organization","name":"Formulaire ESTA pour les USA","url":"https:\/\/123-esta.com\/es\/","logo":{"@type":"ImageObject","inLanguage":"es","@id":"https:\/\/123-esta.com\/es\/#\/schema\/logo\/image\/","url":"https:\/\/123-esta.com\/wp-content\/uploads\/2018\/03\/logo-123-esta.png","contentUrl":"https:\/\/123-esta.com\/wp-content\/uploads\/2018\/03\/logo-123-esta.png","width":191,"height":54,"caption":"Formulaire ESTA pour les USA"},"image":{"@id":"https:\/\/123-esta.com\/es\/#\/schema\/logo\/image\/"}}]}},"_links":{"self":[{"href":"https:\/\/123-esta.com\/es\/wp-json\/wp\/v2\/pages\/1638","targetHints":{"allow":["GET"]}}],"collection":[{"href":"https:\/\/123-esta.com\/es\/wp-json\/wp\/v2\/pages"}],"about":[{"href":"https:\/\/123-esta.com\/es\/wp-json\/wp\/v2\/types\/page"}],"author":[{"embeddable":true,"href":"https:\/\/123-esta.com\/es\/wp-json\/wp\/v2\/users\/1"}],"replies":[{"embeddable":true,"href":"https:\/\/123-esta.com\/es\/wp-json\/wp\/v2\/comments?post=1638"}],"version-history":[{"count":0,"href":"https:\/\/123-esta.com\/es\/wp-json\/wp\/v2\/pages\/1638\/revisions"}],"wp:attachment":[{"href":"https:\/\/123-esta.com\/es\/wp-json\/wp\/v2\/media?parent=1638"}],"curies":[{"name":"wp","href":"https:\/\/api.w.org\/{rel}","templated":true}]}}