{"id":1636,"date":"2022-01-02T10:01:29","date_gmt":"2022-01-02T09:01:29","guid":{"rendered":"https:\/\/123-esta.com\/cuales-son-las-mejores-playas-de-estados-unidos\/"},"modified":"2022-09-13T23:24:35","modified_gmt":"2022-09-13T21:24:35","slug":"cuales-son-las-mejores-playas-de-estados-unidos","status":"publish","type":"page","link":"https:\/\/123-esta.com\/es\/cuales-son-las-mejores-playas-de-estados-unidos\/","title":{"rendered":"\u00bfCu\u00e1les son las mejores playas de Estados Unidos?"},"content":{"rendered":"\n<p>Es dif\u00edcil hacer una lista completa de las playas estadounidenses porque <a href=\"https:\/\/123-esta.com\/es\/que-ver-y-visitar-durante-su-estadia-en-estados-unidos\/\">Estados Unidos tiene muchos lugares para visitar<\/a> . En este art\u00edculo, solo intentaremos brindarle una descripci\u00f3n general de las playas m\u00e1s famosas con la esperanza de que esto le ahorre un tedioso tiempo de investigaci\u00f3n.<\/p>\n\n<p>No hay escasez de playas \u00abhermosas\u00bb en los Estados Unidos. Nada menos que 19.000 km de costa con playas est\u00e1n hechos para el ba\u00f1o y otros que no. Incluso podr\u00edamos recopilar un top 10 de las mejores playas de cada estado de Estados Unidos (las que no est\u00e1n en la costa, claro).<\/p>\n\n<p>Los estadounidenses cuentan con un experto llamado Stephen P. Leatherman, dice el Dr. Beach, quien califica las playas m\u00e1s hermosas de todo el pa\u00eds en base a diferentes criterios como la belleza de la playa en s\u00ed, la arena, la temperatura, la calidad de la infraestructura, etc. \u00a1S\u00ed, con ellos, no se r\u00ede!<\/p>\n\n<h2 class=\"wp-block-heading\">Las playas m\u00e1s famosas de EE. UU.<\/h2>\n\n<p>Entre los 50 estados de los Estados Unidos, Haw\u00e1i ocupa el primer lugar por reunir las playas m\u00e1s hermosas del pa\u00eds. El Hanauma Bay Beach Park, ubicado en la isla de Oahu, incluso fue votada como la \u00abmejor playa\u00bb en los Estados Unidos para el a\u00f1o 2016.<\/p>\n\n<p>Hay de todo para agradar: cielo azul, arena blanca, cocoteros y mar en calma; todo en un entorno natural y verde. El buceo y el esn\u00f3rquel son muy populares all\u00ed por la calidad y claridad del mar, as\u00ed como por la existencia de un arrecife de coral poblado de peces multicolores. En Haw\u00e1i, a\u00fan as\u00ed, tenemos algunas menciones honor\u00edficas como Kapalua Bay y North Shore Oahu que vale la pena echarle un vistazo.<\/p>\n\n<p>Florida tiene tres playas interesantes, que incluyen Caladesi Island State Park, Siesta Beach y Langdon Beach. All\u00ed, las playas se caracterizan por un mar cristalino y una suave arena blanca. Son ideales para nadar.<\/p>\n\n<p>California tambi\u00e9n est\u00e1 llena de playas de renombre como la famosa Malibu Beach, Venice Beach, Laguna Beach y m\u00e1s.<\/p>\n\n<h2 class=\"wp-block-heading\">Cuando ir<\/h2>\n\n<p>Lo ideal es ir de julio a septiembre. Sin embargo, las playas est\u00e1n mucho m\u00e1s concurridas debido al buen tiempo. En Estados Unidos, este per\u00edodo corresponde a la temporada alta tur\u00edstica y ser\u00e1 necesario planificar un presupuesto m\u00ednimo por la subida de precios.<\/p>\n","protected":false},"excerpt":{"rendered":"<p>Es dif\u00edcil hacer una lista completa de las playas estadounidenses porque Estados Unidos tiene muchos lugares para visitar . En este art\u00edculo, solo intentaremos brindarle una descripci\u00f3n general de las playas m\u00e1s famosas con la esperanza de que esto le ahorre un tedioso tiempo de investigaci\u00f3n. No hay escasez de playas \u00abhermosas\u00bb en los Estados [&hellip;]<\/p>\n","protected":false},"author":1,"featured_media":0,"parent":0,"menu_order":0,"comment_status":"closed","ping_status":"closed","template":"","meta":{"site-sidebar-layout":"default","site-content-layout":"default","ast-site-content-layout":"default","site-content-style":"default","site-sidebar-style":"default","ast-global-header-display":"","ast-banner-title-visibility":"","ast-main-header-display":"","ast-hfb-above-header-display":"","ast-hfb-below-header-display":"","ast-hfb-mobile-header-display":"","site-post-title":"","ast-breadcrumbs-content":"","ast-featured-img":"","footer-sml-layout":"","ast-disable-related-posts":"","theme-transparent-header-meta":"default","adv-header-id-meta":"","stick-header-meta":"default","header-above-stick-meta":"","header-main-stick-meta":"","header-below-stick-meta":"","astra-migrate-meta-layouts":"default","ast-page-background-enabled":"default","ast-page-background-meta":{"desktop":{"background-color":"","background-image":"","background-repeat":"repeat","background-position":"center center","background-size":"auto","background-attachment":"scroll","background-type":"","background-media":"","overlay-type":"","overlay-color":"","overlay-opacity":"","overlay-gradient":""},"tablet":{"background-color":"","background-image":"","background-repeat":"repeat","background-position":"center center","background-size":"auto","background-attachment":"scroll","background-type":"","background-media":"","overlay-type":"","overlay-color":"","overlay-opacity":"","overlay-gradient":""},"mobile":{"background-color":"","background-image":"","background-repeat":"repeat","background-position":"center center","background-size":"auto","background-attachment":"scroll","background-type":"","background-media":"","overlay-type":"","overlay-color":"","overlay-opacity":"","overlay-gradient":""}},"ast-content-background-meta":{"desktop":{"background-color":"var(--ast-global-color-5)","background-image":"","background-repeat":"repeat","background-position":"center center","background-size":"auto","background-attachment":"scroll","background-type":"","background-media":"","overlay-type":"","overlay-color":"","overlay-opacity":"","overlay-gradient":""},"tablet":{"background-color":"var(--ast-global-color-5)","background-image":"","background-repeat":"repeat","background-position":"center center","background-size":"auto","background-attachment":"scroll","background-type":"","background-media":"","overlay-type":"","overlay-color":"","overlay-opacity":"","overlay-gradient":""},"mobile":{"background-color":"var(--ast-global-color-5)","background-image":"","background-repeat":"repeat","background-position":"center center","background-size":"auto","background-attachment":"scroll","background-type":"","background-media":"","overlay-type":"","overlay-color":"","overlay-opacity":"","overlay-gradient":""}},"footnotes":""},"class_list":["post-1636","page","type-page","status-publish","hentry"],"yoast_head":"<!-- This site is optimized with the Yoast SEO plugin v27.1.1 - https:\/\/yoast.com\/product\/yoast-seo-wordpress\/ -->\n<title>Destacando las playas m\u00e1s hermosas de Estados Unidos<\/title>\n<meta name=\"description\" content=\"Estados Unidos no es conocido simplemente por sus ciudadanos y sus principales ciudades. Tambi\u00e9n recomendamos las playas americanas.\" \/>\n<meta name=\"robots\" content=\"index, follow, max-snippet:-1, max-image-preview:large, max-video-preview:-1\" \/>\n<link rel=\"canonical\" href=\"https:\/\/123-esta.com\/es\/cuales-son-las-mejores-playas-de-estados-unidos\/\" \/>\n<meta property=\"og:locale\" content=\"es_ES\" \/>\n<meta property=\"og:type\" content=\"article\" \/>\n<meta property=\"og:title\" content=\"Destacando las playas m\u00e1s hermosas de Estados Unidos\" \/>\n<meta property=\"og:description\" content=\"Estados Unidos no es conocido simplemente por sus ciudadanos y sus principales ciudades. Tambi\u00e9n recomendamos las playas americanas.\" \/>\n<meta property=\"og:url\" content=\"https:\/\/123-esta.com\/es\/cuales-son-las-mejores-playas-de-estados-unidos\/\" \/>\n<meta property=\"og:site_name\" content=\"Formulaire ESTA pour les USA\" \/>\n<meta property=\"article:modified_time\" content=\"2022-09-13T21:24:35+00:00\" \/>\n<meta name=\"twitter:card\" content=\"summary_large_image\" \/>\n<meta name=\"twitter:label1\" content=\"Tiempo de lectura\" \/>\n\t<meta name=\"twitter:data1\" content=\"2 minutos\" \/>\n<script type=\"application\/ld+json\" class=\"yoast-schema-graph\">{\"@context\":\"https:\/\/schema.org\",\"@graph\":[{\"@type\":\"WebPage\",\"@id\":\"https:\/\/123-esta.com\/es\/cuales-son-las-mejores-playas-de-estados-unidos\/\",\"url\":\"https:\/\/123-esta.com\/es\/cuales-son-las-mejores-playas-de-estados-unidos\/\",\"name\":\"Destacando las playas m\u00e1s hermosas de Estados Unidos\",\"isPartOf\":{\"@id\":\"https:\/\/123-esta.com\/es\/#website\"},\"datePublished\":\"2022-01-02T09:01:29+00:00\",\"dateModified\":\"2022-09-13T21:24:35+00:00\",\"description\":\"Estados Unidos no es conocido simplemente por sus ciudadanos y sus principales ciudades. Tambi\u00e9n recomendamos las playas americanas.\",\"inLanguage\":\"es\",\"potentialAction\":[{\"@type\":\"ReadAction\",\"target\":[\"https:\/\/123-esta.com\/es\/cuales-son-las-mejores-playas-de-estados-unidos\/\"]}]},{\"@type\":\"WebSite\",\"@id\":\"https:\/\/123-esta.com\/es\/#website\",\"url\":\"https:\/\/123-esta.com\/es\/\",\"name\":\"Formulaire ESTA pour les USA\",\"description\":\"\",\"publisher\":{\"@id\":\"https:\/\/123-esta.com\/es\/#organization\"},\"potentialAction\":[{\"@type\":\"SearchAction\",\"target\":{\"@type\":\"EntryPoint\",\"urlTemplate\":\"https:\/\/123-esta.com\/es\/?s={search_term_string}\"},\"query-input\":{\"@type\":\"PropertyValueSpecification\",\"valueRequired\":true,\"valueName\":\"search_term_string\"}}],\"inLanguage\":\"es\"},{\"@type\":\"Organization\",\"@id\":\"https:\/\/123-esta.com\/es\/#organization\",\"name\":\"Formulaire ESTA pour les USA\",\"url\":\"https:\/\/123-esta.com\/es\/\",\"logo\":{\"@type\":\"ImageObject\",\"inLanguage\":\"es\",\"@id\":\"https:\/\/123-esta.com\/es\/#\/schema\/logo\/image\/\",\"url\":\"https:\/\/123-esta.com\/wp-content\/uploads\/2018\/03\/logo-123-esta.png\",\"contentUrl\":\"https:\/\/123-esta.com\/wp-content\/uploads\/2018\/03\/logo-123-esta.png\",\"width\":191,\"height\":54,\"caption\":\"Formulaire ESTA pour les USA\"},\"image\":{\"@id\":\"https:\/\/123-esta.com\/es\/#\/schema\/logo\/image\/\"}}]}<\/script>\n<!-- \/ Yoast SEO plugin. -->","yoast_head_json":{"title":"Destacando las playas m\u00e1s hermosas de Estados Unidos","description":"Estados Unidos no es conocido simplemente por sus ciudadanos y sus principales ciudades. Tambi\u00e9n recomendamos las playas americanas.","robots":{"index":"index","follow":"follow","max-snippet":"max-snippet:-1","max-image-preview":"max-image-preview:large","max-video-preview":"max-video-preview:-1"},"canonical":"https:\/\/123-esta.com\/es\/cuales-son-las-mejores-playas-de-estados-unidos\/","og_locale":"es_ES","og_type":"article","og_title":"Destacando las playas m\u00e1s hermosas de Estados Unidos","og_description":"Estados Unidos no es conocido simplemente por sus ciudadanos y sus principales ciudades. Tambi\u00e9n recomendamos las playas americanas.","og_url":"https:\/\/123-esta.com\/es\/cuales-son-las-mejores-playas-de-estados-unidos\/","og_site_name":"Formulaire ESTA pour les USA","article_modified_time":"2022-09-13T21:24:35+00:00","twitter_card":"summary_large_image","twitter_misc":{"Tiempo de lectura":"2 minutos"},"schema":{"@context":"https:\/\/schema.org","@graph":[{"@type":"WebPage","@id":"https:\/\/123-esta.com\/es\/cuales-son-las-mejores-playas-de-estados-unidos\/","url":"https:\/\/123-esta.com\/es\/cuales-son-las-mejores-playas-de-estados-unidos\/","name":"Destacando las playas m\u00e1s hermosas de Estados Unidos","isPartOf":{"@id":"https:\/\/123-esta.com\/es\/#website"},"datePublished":"2022-01-02T09:01:29+00:00","dateModified":"2022-09-13T21:24:35+00:00","description":"Estados Unidos no es conocido simplemente por sus ciudadanos y sus principales ciudades. Tambi\u00e9n recomendamos las playas americanas.","inLanguage":"es","potentialAction":[{"@type":"ReadAction","target":["https:\/\/123-esta.com\/es\/cuales-son-las-mejores-playas-de-estados-unidos\/"]}]},{"@type":"WebSite","@id":"https:\/\/123-esta.com\/es\/#website","url":"https:\/\/123-esta.com\/es\/","name":"Formulaire ESTA pour les USA","description":"","publisher":{"@id":"https:\/\/123-esta.com\/es\/#organization"},"potentialAction":[{"@type":"SearchAction","target":{"@type":"EntryPoint","urlTemplate":"https:\/\/123-esta.com\/es\/?s={search_term_string}"},"query-input":{"@type":"PropertyValueSpecification","valueRequired":true,"valueName":"search_term_string"}}],"inLanguage":"es"},{"@type":"Organization","@id":"https:\/\/123-esta.com\/es\/#organization","name":"Formulaire ESTA pour les USA","url":"https:\/\/123-esta.com\/es\/","logo":{"@type":"ImageObject","inLanguage":"es","@id":"https:\/\/123-esta.com\/es\/#\/schema\/logo\/image\/","url":"https:\/\/123-esta.com\/wp-content\/uploads\/2018\/03\/logo-123-esta.png","contentUrl":"https:\/\/123-esta.com\/wp-content\/uploads\/2018\/03\/logo-123-esta.png","width":191,"height":54,"caption":"Formulaire ESTA pour les USA"},"image":{"@id":"https:\/\/123-esta.com\/es\/#\/schema\/logo\/image\/"}}]}},"_links":{"self":[{"href":"https:\/\/123-esta.com\/es\/wp-json\/wp\/v2\/pages\/1636","targetHints":{"allow":["GET"]}}],"collection":[{"href":"https:\/\/123-esta.com\/es\/wp-json\/wp\/v2\/pages"}],"about":[{"href":"https:\/\/123-esta.com\/es\/wp-json\/wp\/v2\/types\/page"}],"author":[{"embeddable":true,"href":"https:\/\/123-esta.com\/es\/wp-json\/wp\/v2\/users\/1"}],"replies":[{"embeddable":true,"href":"https:\/\/123-esta.com\/es\/wp-json\/wp\/v2\/comments?post=1636"}],"version-history":[{"count":0,"href":"https:\/\/123-esta.com\/es\/wp-json\/wp\/v2\/pages\/1636\/revisions"}],"wp:attachment":[{"href":"https:\/\/123-esta.com\/es\/wp-json\/wp\/v2\/media?parent=1636"}],"curies":[{"name":"wp","href":"https:\/\/api.w.org\/{rel}","templated":true}]}}