{"id":1634,"date":"2022-01-02T10:01:16","date_gmt":"2022-01-02T09:01:16","guid":{"rendered":"https:\/\/123-esta.com\/cuales-son-las-atracciones-imperdibles-en-florida\/"},"modified":"2022-09-19T16:51:49","modified_gmt":"2022-09-19T14:51:49","slug":"que-hacer-en-florida","status":"publish","type":"page","link":"https:\/\/123-esta.com\/es\/que-hacer-en-florida\/","title":{"rendered":"\u00bfCu\u00e1les son las atracciones imperdibles en Florida?"},"content":{"rendered":"\n<p>Con una superficie de 151,940 km2, la pen\u00ednsula de Florida tiene 700 km de largo y limita al sur y al este con el Oc\u00e9ano Atl\u00e1ntico y al oeste con el Golfo de M\u00e9xico. Su costa de m\u00e1s de 1930 km ofrece hermosas playas hasta donde alcanza la vista con bonitas bah\u00edas y muchos lugares para visitar. Con una costa de casi 4.000 islas, Florida es conocida como el semillero de agua azul. Es una de <a href=\"https:\/\/123-esta.com\/es\/ciudades-y-regiones-para-visitar-los-estados-unidos\/\">las principales regiones tur\u00edsticas de Estados Unidos<\/a> .<\/p>\n\n<p>Para no estropear nada, Florida est\u00e1 lejos de limitarse a sus playas. Aparte de su inigualable entorno natural, hay varios sitios en Florida que le gustar\u00e1 descubrir, como Disney World, un parque de atracciones considerado una visita obligada por la mayor\u00eda de los visitantes de Florida.<\/p>\n\n<h2 class=\"wp-block-heading\">Descubriendo Miami<\/h2>\n\n<p>Con casi cinco millones de habitantes, Miami y su regi\u00f3n constituyen un centro econ\u00f3mico y tur\u00edstico por descubrir. La ciudad es tambi\u00e9n la puerta de entrada para cruceros al Caribe y es f\u00e1cilmente accesible para una escapada de invierno o un fin de semana memorable.<br\/><a href=\"https:\/\/123-esta.com\/es\/nuestras-10-mejores-atracciones-para-ver-y-hacer-en-miami\/\">Visitar Miami<\/a> es tambi\u00e9n hablar de South Beach, de la incomparable vida nocturna, de los culturistas y de la playa. Pero tambi\u00e9n la Peque\u00f1a Habana, un pedacito de Cuba en medio de la ciudad. En cuanto a hoteles, no hay escasez de hoteles en Florida y puede encontrar f\u00e1cilmente una opci\u00f3n que satisfaga sus demandas. Un viaje a <a href=\"https:\/\/123-esta.com\/es\/fort-lauderdale-crucero\/\">Fort Lauderdale<\/a> tambi\u00e9n le permitir\u00e1 disfrutar de uno de los muchos <a href=\"https:\/\/123-esta.com\/es\/luxury-cruise-usque-opcion-de-crucero-de-lujo-con-salida-desde-estados-unidos\/\">cruceros de lujo estadounidenses<\/a> que se ofrecen.<\/p>\n\n<h2 class=\"wp-block-heading\">Vaya a Florida con la autorizaci\u00f3n de viaje electr\u00f3nica ESTA<\/h2>\n\n<p>Cualquiera que desee descubrir Florida desde Francia debe obtener una autorizaci\u00f3n de viaje ESTA antes de tomar su vuelo.<\/p>\n\n<p>Para tener esta autorizaci\u00f3n, debe realizar una solicitud en l\u00ednea completando un formulario y pagando las tarifas. Es bueno recordar que, de hecho, la autorizaci\u00f3n no se otorga. Puede rechazarse tal como se otorg\u00f3 sin m\u00e1s acciones legales. Pero tenga la seguridad de que las negativas siguen siendo raras.<\/p>\n\n<h2 class=\"wp-block-heading\">\u00bfY si no cumple con las condiciones?<\/h2>\n\n<p>Si, por alguna raz\u00f3n, no cumple los criterios para la autorizaci\u00f3n de viaje ESTA, tiene una segunda opci\u00f3n: acudir a la embajada de Estados Unidos para solicitar <a href=\"https:\/\/123-esta.com\/es\/visado-turista-estados-unidos\/\">un visado de turista<\/a>.<\/p>\n\n<p>Tenga en cuenta: incluso si cumple con los criterios y el rechazo de su solicitud ESTA es el resultado de un error o un malentendido, no puede completar el formulario de solicitud por segunda vez consecutiva. Tendr\u00e1 que esperar diez d\u00edas antes de volver a solicitar la autorizaci\u00f3n. La respuesta de este siempre depende del ministerio encargado de la gesti\u00f3n de la inmigraci\u00f3n.<\/p>\n","protected":false},"excerpt":{"rendered":"<p>Con una superficie de 151,940 km2, la pen\u00ednsula de Florida tiene 700 km de largo y limita al sur y al este con el Oc\u00e9ano Atl\u00e1ntico y al oeste con el Golfo de M\u00e9xico. Su costa de m\u00e1s de 1930 km ofrece hermosas playas hasta donde alcanza la vista con bonitas bah\u00edas y muchos lugares [&hellip;]<\/p>\n","protected":false},"author":1,"featured_media":0,"parent":0,"menu_order":0,"comment_status":"closed","ping_status":"closed","template":"","meta":{"site-sidebar-layout":"default","site-content-layout":"default","ast-site-content-layout":"default","site-content-style":"default","site-sidebar-style":"default","ast-global-header-display":"","ast-banner-title-visibility":"","ast-main-header-display":"","ast-hfb-above-header-display":"","ast-hfb-below-header-display":"","ast-hfb-mobile-header-display":"","site-post-title":"","ast-breadcrumbs-content":"","ast-featured-img":"","footer-sml-layout":"","ast-disable-related-posts":"","theme-transparent-header-meta":"default","adv-header-id-meta":"","stick-header-meta":"default","header-above-stick-meta":"","header-main-stick-meta":"","header-below-stick-meta":"","astra-migrate-meta-layouts":"default","ast-page-background-enabled":"default","ast-page-background-meta":{"desktop":{"background-color":"","background-image":"","background-repeat":"repeat","background-position":"center center","background-size":"auto","background-attachment":"scroll","background-type":"","background-media":"","overlay-type":"","overlay-color":"","overlay-opacity":"","overlay-gradient":""},"tablet":{"background-color":"","background-image":"","background-repeat":"repeat","background-position":"center center","background-size":"auto","background-attachment":"scroll","background-type":"","background-media":"","overlay-type":"","overlay-color":"","overlay-opacity":"","overlay-gradient":""},"mobile":{"background-color":"","background-image":"","background-repeat":"repeat","background-position":"center center","background-size":"auto","background-attachment":"scroll","background-type":"","background-media":"","overlay-type":"","overlay-color":"","overlay-opacity":"","overlay-gradient":""}},"ast-content-background-meta":{"desktop":{"background-color":"var(--ast-global-color-5)","background-image":"","background-repeat":"repeat","background-position":"center center","background-size":"auto","background-attachment":"scroll","background-type":"","background-media":"","overlay-type":"","overlay-color":"","overlay-opacity":"","overlay-gradient":""},"tablet":{"background-color":"var(--ast-global-color-5)","background-image":"","background-repeat":"repeat","background-position":"center center","background-size":"auto","background-attachment":"scroll","background-type":"","background-media":"","overlay-type":"","overlay-color":"","overlay-opacity":"","overlay-gradient":""},"mobile":{"background-color":"var(--ast-global-color-5)","background-image":"","background-repeat":"repeat","background-position":"center center","background-size":"auto","background-attachment":"scroll","background-type":"","background-media":"","overlay-type":"","overlay-color":"","overlay-opacity":"","overlay-gradient":""}},"footnotes":""},"class_list":["post-1634","page","type-page","status-publish","hentry"],"yoast_head":"<!-- This site is optimized with the Yoast SEO plugin v27.1.1 - https:\/\/yoast.com\/product\/yoast-seo-wordpress\/ -->\n<title>Qu\u00e9 visitar en sus vacaciones en Florida<\/title>\n<meta name=\"description\" content=\"Se recomienda visitar Florida para disfrutar del sol, la playa, las compras y la vida nocturna. Viajar a Florida con un ESTA\" \/>\n<meta name=\"robots\" content=\"index, follow, max-snippet:-1, max-image-preview:large, max-video-preview:-1\" \/>\n<link rel=\"canonical\" href=\"https:\/\/123-esta.com\/es\/que-hacer-en-florida\/\" \/>\n<meta property=\"og:locale\" content=\"es_ES\" \/>\n<meta property=\"og:type\" content=\"article\" \/>\n<meta property=\"og:title\" content=\"Qu\u00e9 visitar en sus vacaciones en Florida\" \/>\n<meta property=\"og:description\" content=\"Se recomienda visitar Florida para disfrutar del sol, la playa, las compras y la vida nocturna. Viajar a Florida con un ESTA\" \/>\n<meta property=\"og:url\" content=\"https:\/\/123-esta.com\/es\/que-hacer-en-florida\/\" \/>\n<meta property=\"og:site_name\" content=\"Formulaire ESTA pour les USA\" \/>\n<meta property=\"article:modified_time\" content=\"2022-09-19T14:51:49+00:00\" \/>\n<meta name=\"twitter:card\" content=\"summary_large_image\" \/>\n<meta name=\"twitter:label1\" content=\"Tiempo de lectura\" \/>\n\t<meta name=\"twitter:data1\" content=\"3 minutos\" \/>\n<script type=\"application\/ld+json\" class=\"yoast-schema-graph\">{\"@context\":\"https:\/\/schema.org\",\"@graph\":[{\"@type\":\"WebPage\",\"@id\":\"https:\/\/123-esta.com\/es\/que-hacer-en-florida\/\",\"url\":\"https:\/\/123-esta.com\/es\/que-hacer-en-florida\/\",\"name\":\"Qu\u00e9 visitar en sus vacaciones en Florida\",\"isPartOf\":{\"@id\":\"https:\/\/123-esta.com\/es\/#website\"},\"datePublished\":\"2022-01-02T09:01:16+00:00\",\"dateModified\":\"2022-09-19T14:51:49+00:00\",\"description\":\"Se recomienda visitar Florida para disfrutar del sol, la playa, las compras y la vida nocturna. Viajar a Florida con un ESTA\",\"inLanguage\":\"es\",\"potentialAction\":[{\"@type\":\"ReadAction\",\"target\":[\"https:\/\/123-esta.com\/es\/que-hacer-en-florida\/\"]}]},{\"@type\":\"WebSite\",\"@id\":\"https:\/\/123-esta.com\/es\/#website\",\"url\":\"https:\/\/123-esta.com\/es\/\",\"name\":\"Formulaire ESTA pour les USA\",\"description\":\"\",\"publisher\":{\"@id\":\"https:\/\/123-esta.com\/es\/#organization\"},\"potentialAction\":[{\"@type\":\"SearchAction\",\"target\":{\"@type\":\"EntryPoint\",\"urlTemplate\":\"https:\/\/123-esta.com\/es\/?s={search_term_string}\"},\"query-input\":{\"@type\":\"PropertyValueSpecification\",\"valueRequired\":true,\"valueName\":\"search_term_string\"}}],\"inLanguage\":\"es\"},{\"@type\":\"Organization\",\"@id\":\"https:\/\/123-esta.com\/es\/#organization\",\"name\":\"Formulaire ESTA pour les USA\",\"url\":\"https:\/\/123-esta.com\/es\/\",\"logo\":{\"@type\":\"ImageObject\",\"inLanguage\":\"es\",\"@id\":\"https:\/\/123-esta.com\/es\/#\/schema\/logo\/image\/\",\"url\":\"https:\/\/123-esta.com\/wp-content\/uploads\/2018\/03\/logo-123-esta.png\",\"contentUrl\":\"https:\/\/123-esta.com\/wp-content\/uploads\/2018\/03\/logo-123-esta.png\",\"width\":191,\"height\":54,\"caption\":\"Formulaire ESTA pour les USA\"},\"image\":{\"@id\":\"https:\/\/123-esta.com\/es\/#\/schema\/logo\/image\/\"}}]}<\/script>\n<!-- \/ Yoast SEO plugin. -->","yoast_head_json":{"title":"Qu\u00e9 visitar en sus vacaciones en Florida","description":"Se recomienda visitar Florida para disfrutar del sol, la playa, las compras y la vida nocturna. Viajar a Florida con un ESTA","robots":{"index":"index","follow":"follow","max-snippet":"max-snippet:-1","max-image-preview":"max-image-preview:large","max-video-preview":"max-video-preview:-1"},"canonical":"https:\/\/123-esta.com\/es\/que-hacer-en-florida\/","og_locale":"es_ES","og_type":"article","og_title":"Qu\u00e9 visitar en sus vacaciones en Florida","og_description":"Se recomienda visitar Florida para disfrutar del sol, la playa, las compras y la vida nocturna. Viajar a Florida con un ESTA","og_url":"https:\/\/123-esta.com\/es\/que-hacer-en-florida\/","og_site_name":"Formulaire ESTA pour les USA","article_modified_time":"2022-09-19T14:51:49+00:00","twitter_card":"summary_large_image","twitter_misc":{"Tiempo de lectura":"3 minutos"},"schema":{"@context":"https:\/\/schema.org","@graph":[{"@type":"WebPage","@id":"https:\/\/123-esta.com\/es\/que-hacer-en-florida\/","url":"https:\/\/123-esta.com\/es\/que-hacer-en-florida\/","name":"Qu\u00e9 visitar en sus vacaciones en Florida","isPartOf":{"@id":"https:\/\/123-esta.com\/es\/#website"},"datePublished":"2022-01-02T09:01:16+00:00","dateModified":"2022-09-19T14:51:49+00:00","description":"Se recomienda visitar Florida para disfrutar del sol, la playa, las compras y la vida nocturna. Viajar a Florida con un ESTA","inLanguage":"es","potentialAction":[{"@type":"ReadAction","target":["https:\/\/123-esta.com\/es\/que-hacer-en-florida\/"]}]},{"@type":"WebSite","@id":"https:\/\/123-esta.com\/es\/#website","url":"https:\/\/123-esta.com\/es\/","name":"Formulaire ESTA pour les USA","description":"","publisher":{"@id":"https:\/\/123-esta.com\/es\/#organization"},"potentialAction":[{"@type":"SearchAction","target":{"@type":"EntryPoint","urlTemplate":"https:\/\/123-esta.com\/es\/?s={search_term_string}"},"query-input":{"@type":"PropertyValueSpecification","valueRequired":true,"valueName":"search_term_string"}}],"inLanguage":"es"},{"@type":"Organization","@id":"https:\/\/123-esta.com\/es\/#organization","name":"Formulaire ESTA pour les USA","url":"https:\/\/123-esta.com\/es\/","logo":{"@type":"ImageObject","inLanguage":"es","@id":"https:\/\/123-esta.com\/es\/#\/schema\/logo\/image\/","url":"https:\/\/123-esta.com\/wp-content\/uploads\/2018\/03\/logo-123-esta.png","contentUrl":"https:\/\/123-esta.com\/wp-content\/uploads\/2018\/03\/logo-123-esta.png","width":191,"height":54,"caption":"Formulaire ESTA pour les USA"},"image":{"@id":"https:\/\/123-esta.com\/es\/#\/schema\/logo\/image\/"}}]}},"_links":{"self":[{"href":"https:\/\/123-esta.com\/es\/wp-json\/wp\/v2\/pages\/1634","targetHints":{"allow":["GET"]}}],"collection":[{"href":"https:\/\/123-esta.com\/es\/wp-json\/wp\/v2\/pages"}],"about":[{"href":"https:\/\/123-esta.com\/es\/wp-json\/wp\/v2\/types\/page"}],"author":[{"embeddable":true,"href":"https:\/\/123-esta.com\/es\/wp-json\/wp\/v2\/users\/1"}],"replies":[{"embeddable":true,"href":"https:\/\/123-esta.com\/es\/wp-json\/wp\/v2\/comments?post=1634"}],"version-history":[{"count":0,"href":"https:\/\/123-esta.com\/es\/wp-json\/wp\/v2\/pages\/1634\/revisions"}],"wp:attachment":[{"href":"https:\/\/123-esta.com\/es\/wp-json\/wp\/v2\/media?parent=1634"}],"curies":[{"name":"wp","href":"https:\/\/api.w.org\/{rel}","templated":true}]}}