{"id":1631,"date":"2022-01-02T09:57:12","date_gmt":"2022-01-02T08:57:12","guid":{"rendered":"https:\/\/123-esta.com\/cuales-son-las-atracciones-imperdibles-en-los-angeles\/"},"modified":"2022-09-13T23:00:51","modified_gmt":"2022-09-13T21:00:51","slug":"cuales-son-las-atracciones-imperdibles-en-los-angeles","status":"publish","type":"page","link":"https:\/\/123-esta.com\/es\/cuales-son-las-atracciones-imperdibles-en-los-angeles\/","title":{"rendered":"\u00bfCu\u00e1les son las atracciones imperdibles en Los \u00c1ngeles?"},"content":{"rendered":"\n<p>Para muchos, Los \u00c1ngeles &#8211; o \u00abLA\u00bb &#8211; encarna el sue\u00f1o americano. Ubicada en <a href=\"https:\/\/123-esta.com\/es\/que-ver-y-hacer-en-california\/\">la costa de California<\/a> , la ciudad disfruta de un clima templado, hermosas playas y un ambiente c\u00e1lido y acogedor. \u00a1La simple evocaci\u00f3n de \u00abLos \u00c1ngeles\u00bb nos hace so\u00f1ar!<\/p>\n\n<p>La Ciudad de los \u00c1ngeles (traducci\u00f3n del espa\u00f1ol al franc\u00e9s de Los \u00c1ngeles) tambi\u00e9n evoca Hollywood, las estrellas y una incomparable dulzura de vida. Los \u00c1ngeles tambi\u00e9n es famosa por sus barrios como Beverly Hills, Bel Air o Malibu. \u00a1Tantos nombres que se hicieron famosos por ciertas series de los 90! Y eso no es todo, la ciudad tambi\u00e9n es conocida por ser la \u00abciudad mundial del cine\u00bb: sus numerosos estudios, sus famosos actores y productores. \u00bfTe tienta una aventura sin precedentes en el coraz\u00f3n de la segunda ciudad m\u00e1s grande de Estados Unidos?<\/p>\n\n<h2 class=\"wp-block-heading\">Rodeo Drive<\/h2>\n\n<p>Rodeo Drive es el lugar ideal para los compradores de alto nivel.<\/p>\n\n<p>Es una calle comercial que se encuentra entre los bulevares de Wilshire y Santa M\u00f3nica. Tiffany &amp; Co, Dior, Armani, Chanel, Christian Dior, Gucci &#8230; \u00a1todas las marcas m\u00e1s importantes est\u00e1n ah\u00ed! Con un poco de suerte, es posible que se encuentre cara a cara con una estrella de Hollywood de compras.<\/p>\n\n<p>Tenga en cuenta que Rodeo Drive alberga la tienda m\u00e1s cara del mundo: la joyer\u00eda y perfumer\u00eda Bijan.<\/p>\n\n<h2 class=\"wp-block-heading\">Sunset Boulevard<\/h2>\n\n<p>Sunset Boulevard es mundialmente conocido por su vida nocturna. \u00bfQuieres desahogarte? \u00bfTe gustan las discotecas? \u00a1Toma un peque\u00f1o desv\u00edo hacia Sunset Boulevard!<\/p>\n\n<p>Lleno de bares de baile y discotecas, Sunset Boulevard te promete una noche inolvidable. Los amantes de la vida nocturna disfrutar\u00e1n de este viaje \u00fanico a Los \u00c1ngeles.<\/p>\n\n<h2 class=\"wp-block-heading\">Hollywood<\/h2>\n\n<p>\u00bfQui\u00e9n nunca ha so\u00f1ado con caminar por <a href=\"https:\/\/en.wikipedia.org\/wiki\/Hollywood_Walk_of_Fame\">el \u201cPaseo de la Fama\u201d de Hollywood Boulevard<\/a> ? Siga los pasos de las estrellas m\u00e1s importantes de Hollywood visitando el \u201cGrauman&#8217;s Chinese Theatre\u201d para descubrir las famosas huellas de manos y pies que dejaron m\u00e1s de cien celebridades.<\/p>\n\n<p>Adem\u00e1s, ser\u00eda impensable viajar a Los \u00c1ngeles sin al menos visitar los famosos estudios de Hollywood. Se encuentran disponibles muchos recorridos organizados desde los estudios de Hollywood. Te permitir\u00e1n ver lo que sucede detr\u00e1s de la c\u00e1mara. Un momento \u00fanico e inolvidable que te marcar\u00e1 para siempre.<\/p>\n\n<h2 class=\"wp-block-heading\">\u00a1Disneyland y sus muchas atracciones!<\/h2>\n\n<p>Los \u00c1ngeles tiene muchos parques tem\u00e1ticos. Si solo vieras uno, \u00a1definitivamente ser\u00eda el Disneyland local!<\/p>\n\n<p>\u00a1Dir\u00edgete a Anaheim para descubrir el famoso parque de Walt Disney! Mickey y sus amigos te invitan a un viaje al reino de tu infancia. Este parque de atracciones es sin duda el m\u00e1s famoso de toda la costa oeste, entre sus famosas monta\u00f1as rusas (la monta\u00f1a rusa en versi\u00f3n francesa) y sus grandes ruedas.<\/p>\n\n<p>Durante tu visita, no te pierdas las principales atracciones del parque como el Eporium (un bazar lleno de todo tipo de recuerdos de Disney), Fantasyland (donde encontrar\u00e1s a todos los personajes de Disney en persona), Tomorrowland (un programa cohete y exploraci\u00f3n espacial), etc.<\/p>\n","protected":false},"excerpt":{"rendered":"<p>Para muchos, Los \u00c1ngeles &#8211; o \u00abLA\u00bb &#8211; encarna el sue\u00f1o americano. Ubicada en la costa de California , la ciudad disfruta de un clima templado, hermosas playas y un ambiente c\u00e1lido y acogedor. \u00a1La simple evocaci\u00f3n de \u00abLos \u00c1ngeles\u00bb nos hace so\u00f1ar! La Ciudad de los \u00c1ngeles (traducci\u00f3n del espa\u00f1ol al franc\u00e9s de Los [&hellip;]<\/p>\n","protected":false},"author":1,"featured_media":0,"parent":0,"menu_order":0,"comment_status":"closed","ping_status":"closed","template":"","meta":{"site-sidebar-layout":"default","site-content-layout":"default","ast-site-content-layout":"default","site-content-style":"default","site-sidebar-style":"default","ast-global-header-display":"","ast-banner-title-visibility":"","ast-main-header-display":"","ast-hfb-above-header-display":"","ast-hfb-below-header-display":"","ast-hfb-mobile-header-display":"","site-post-title":"","ast-breadcrumbs-content":"","ast-featured-img":"","footer-sml-layout":"","ast-disable-related-posts":"","theme-transparent-header-meta":"default","adv-header-id-meta":"","stick-header-meta":"default","header-above-stick-meta":"","header-main-stick-meta":"","header-below-stick-meta":"","astra-migrate-meta-layouts":"default","ast-page-background-enabled":"default","ast-page-background-meta":{"desktop":{"background-color":"","background-image":"","background-repeat":"repeat","background-position":"center center","background-size":"auto","background-attachment":"scroll","background-type":"","background-media":"","overlay-type":"","overlay-color":"","overlay-opacity":"","overlay-gradient":""},"tablet":{"background-color":"","background-image":"","background-repeat":"repeat","background-position":"center center","background-size":"auto","background-attachment":"scroll","background-type":"","background-media":"","overlay-type":"","overlay-color":"","overlay-opacity":"","overlay-gradient":""},"mobile":{"background-color":"","background-image":"","background-repeat":"repeat","background-position":"center center","background-size":"auto","background-attachment":"scroll","background-type":"","background-media":"","overlay-type":"","overlay-color":"","overlay-opacity":"","overlay-gradient":""}},"ast-content-background-meta":{"desktop":{"background-color":"var(--ast-global-color-5)","background-image":"","background-repeat":"repeat","background-position":"center center","background-size":"auto","background-attachment":"scroll","background-type":"","background-media":"","overlay-type":"","overlay-color":"","overlay-opacity":"","overlay-gradient":""},"tablet":{"background-color":"var(--ast-global-color-5)","background-image":"","background-repeat":"repeat","background-position":"center center","background-size":"auto","background-attachment":"scroll","background-type":"","background-media":"","overlay-type":"","overlay-color":"","overlay-opacity":"","overlay-gradient":""},"mobile":{"background-color":"var(--ast-global-color-5)","background-image":"","background-repeat":"repeat","background-position":"center center","background-size":"auto","background-attachment":"scroll","background-type":"","background-media":"","overlay-type":"","overlay-color":"","overlay-opacity":"","overlay-gradient":""}},"footnotes":""},"class_list":["post-1631","page","type-page","status-publish","hentry"],"yoast_head":"<!-- This site is optimized with the Yoast SEO plugin v27.1.1 - https:\/\/yoast.com\/product\/yoast-seo-wordpress\/ -->\n<title>\u00bfQu\u00e9 ver y hacer durante una estad\u00eda en Los \u00c1ngeles, EE. UU.?<\/title>\n<meta name=\"description\" content=\"Informaci\u00f3n sobre los mejores lugares para visitar en Los \u00c1ngeles: Rodeo Drive, Sunset Boulevard, Hollywood o Disneyland.\" \/>\n<meta name=\"robots\" content=\"index, follow, max-snippet:-1, max-image-preview:large, max-video-preview:-1\" \/>\n<link rel=\"canonical\" href=\"https:\/\/123-esta.com\/es\/cuales-son-las-atracciones-imperdibles-en-los-angeles\/\" \/>\n<meta property=\"og:locale\" content=\"es_ES\" \/>\n<meta property=\"og:type\" content=\"article\" \/>\n<meta property=\"og:title\" content=\"\u00bfQu\u00e9 ver y hacer durante una estad\u00eda en Los \u00c1ngeles, EE. UU.?\" \/>\n<meta property=\"og:description\" content=\"Informaci\u00f3n sobre los mejores lugares para visitar en Los \u00c1ngeles: Rodeo Drive, Sunset Boulevard, Hollywood o Disneyland.\" \/>\n<meta property=\"og:url\" content=\"https:\/\/123-esta.com\/es\/cuales-son-las-atracciones-imperdibles-en-los-angeles\/\" \/>\n<meta property=\"og:site_name\" content=\"Formulaire ESTA pour les USA\" \/>\n<meta property=\"article:modified_time\" content=\"2022-09-13T21:00:51+00:00\" \/>\n<meta name=\"twitter:card\" content=\"summary_large_image\" \/>\n<meta name=\"twitter:label1\" content=\"Tiempo de lectura\" \/>\n\t<meta name=\"twitter:data1\" content=\"3 minutos\" \/>\n<script type=\"application\/ld+json\" class=\"yoast-schema-graph\">{\"@context\":\"https:\/\/schema.org\",\"@graph\":[{\"@type\":\"WebPage\",\"@id\":\"https:\/\/123-esta.com\/es\/cuales-son-las-atracciones-imperdibles-en-los-angeles\/\",\"url\":\"https:\/\/123-esta.com\/es\/cuales-son-las-atracciones-imperdibles-en-los-angeles\/\",\"name\":\"\u00bfQu\u00e9 ver y hacer durante una estad\u00eda en Los \u00c1ngeles, EE. UU.?\",\"isPartOf\":{\"@id\":\"https:\/\/123-esta.com\/es\/#website\"},\"datePublished\":\"2022-01-02T08:57:12+00:00\",\"dateModified\":\"2022-09-13T21:00:51+00:00\",\"description\":\"Informaci\u00f3n sobre los mejores lugares para visitar en Los \u00c1ngeles: Rodeo Drive, Sunset Boulevard, Hollywood o Disneyland.\",\"inLanguage\":\"es\",\"potentialAction\":[{\"@type\":\"ReadAction\",\"target\":[\"https:\/\/123-esta.com\/es\/cuales-son-las-atracciones-imperdibles-en-los-angeles\/\"]}]},{\"@type\":\"WebSite\",\"@id\":\"https:\/\/123-esta.com\/es\/#website\",\"url\":\"https:\/\/123-esta.com\/es\/\",\"name\":\"Formulaire ESTA pour les USA\",\"description\":\"\",\"publisher\":{\"@id\":\"https:\/\/123-esta.com\/es\/#organization\"},\"potentialAction\":[{\"@type\":\"SearchAction\",\"target\":{\"@type\":\"EntryPoint\",\"urlTemplate\":\"https:\/\/123-esta.com\/es\/?s={search_term_string}\"},\"query-input\":{\"@type\":\"PropertyValueSpecification\",\"valueRequired\":true,\"valueName\":\"search_term_string\"}}],\"inLanguage\":\"es\"},{\"@type\":\"Organization\",\"@id\":\"https:\/\/123-esta.com\/es\/#organization\",\"name\":\"Formulaire ESTA pour les USA\",\"url\":\"https:\/\/123-esta.com\/es\/\",\"logo\":{\"@type\":\"ImageObject\",\"inLanguage\":\"es\",\"@id\":\"https:\/\/123-esta.com\/es\/#\/schema\/logo\/image\/\",\"url\":\"https:\/\/123-esta.com\/wp-content\/uploads\/2018\/03\/logo-123-esta.png\",\"contentUrl\":\"https:\/\/123-esta.com\/wp-content\/uploads\/2018\/03\/logo-123-esta.png\",\"width\":191,\"height\":54,\"caption\":\"Formulaire ESTA pour les USA\"},\"image\":{\"@id\":\"https:\/\/123-esta.com\/es\/#\/schema\/logo\/image\/\"}}]}<\/script>\n<!-- \/ Yoast SEO plugin. -->","yoast_head_json":{"title":"\u00bfQu\u00e9 ver y hacer durante una estad\u00eda en Los \u00c1ngeles, EE. UU.?","description":"Informaci\u00f3n sobre los mejores lugares para visitar en Los \u00c1ngeles: Rodeo Drive, Sunset Boulevard, Hollywood o Disneyland.","robots":{"index":"index","follow":"follow","max-snippet":"max-snippet:-1","max-image-preview":"max-image-preview:large","max-video-preview":"max-video-preview:-1"},"canonical":"https:\/\/123-esta.com\/es\/cuales-son-las-atracciones-imperdibles-en-los-angeles\/","og_locale":"es_ES","og_type":"article","og_title":"\u00bfQu\u00e9 ver y hacer durante una estad\u00eda en Los \u00c1ngeles, EE. UU.?","og_description":"Informaci\u00f3n sobre los mejores lugares para visitar en Los \u00c1ngeles: Rodeo Drive, Sunset Boulevard, Hollywood o Disneyland.","og_url":"https:\/\/123-esta.com\/es\/cuales-son-las-atracciones-imperdibles-en-los-angeles\/","og_site_name":"Formulaire ESTA pour les USA","article_modified_time":"2022-09-13T21:00:51+00:00","twitter_card":"summary_large_image","twitter_misc":{"Tiempo de lectura":"3 minutos"},"schema":{"@context":"https:\/\/schema.org","@graph":[{"@type":"WebPage","@id":"https:\/\/123-esta.com\/es\/cuales-son-las-atracciones-imperdibles-en-los-angeles\/","url":"https:\/\/123-esta.com\/es\/cuales-son-las-atracciones-imperdibles-en-los-angeles\/","name":"\u00bfQu\u00e9 ver y hacer durante una estad\u00eda en Los \u00c1ngeles, EE. UU.?","isPartOf":{"@id":"https:\/\/123-esta.com\/es\/#website"},"datePublished":"2022-01-02T08:57:12+00:00","dateModified":"2022-09-13T21:00:51+00:00","description":"Informaci\u00f3n sobre los mejores lugares para visitar en Los \u00c1ngeles: Rodeo Drive, Sunset Boulevard, Hollywood o Disneyland.","inLanguage":"es","potentialAction":[{"@type":"ReadAction","target":["https:\/\/123-esta.com\/es\/cuales-son-las-atracciones-imperdibles-en-los-angeles\/"]}]},{"@type":"WebSite","@id":"https:\/\/123-esta.com\/es\/#website","url":"https:\/\/123-esta.com\/es\/","name":"Formulaire ESTA pour les USA","description":"","publisher":{"@id":"https:\/\/123-esta.com\/es\/#organization"},"potentialAction":[{"@type":"SearchAction","target":{"@type":"EntryPoint","urlTemplate":"https:\/\/123-esta.com\/es\/?s={search_term_string}"},"query-input":{"@type":"PropertyValueSpecification","valueRequired":true,"valueName":"search_term_string"}}],"inLanguage":"es"},{"@type":"Organization","@id":"https:\/\/123-esta.com\/es\/#organization","name":"Formulaire ESTA pour les USA","url":"https:\/\/123-esta.com\/es\/","logo":{"@type":"ImageObject","inLanguage":"es","@id":"https:\/\/123-esta.com\/es\/#\/schema\/logo\/image\/","url":"https:\/\/123-esta.com\/wp-content\/uploads\/2018\/03\/logo-123-esta.png","contentUrl":"https:\/\/123-esta.com\/wp-content\/uploads\/2018\/03\/logo-123-esta.png","width":191,"height":54,"caption":"Formulaire ESTA pour les USA"},"image":{"@id":"https:\/\/123-esta.com\/es\/#\/schema\/logo\/image\/"}}]}},"_links":{"self":[{"href":"https:\/\/123-esta.com\/es\/wp-json\/wp\/v2\/pages\/1631","targetHints":{"allow":["GET"]}}],"collection":[{"href":"https:\/\/123-esta.com\/es\/wp-json\/wp\/v2\/pages"}],"about":[{"href":"https:\/\/123-esta.com\/es\/wp-json\/wp\/v2\/types\/page"}],"author":[{"embeddable":true,"href":"https:\/\/123-esta.com\/es\/wp-json\/wp\/v2\/users\/1"}],"replies":[{"embeddable":true,"href":"https:\/\/123-esta.com\/es\/wp-json\/wp\/v2\/comments?post=1631"}],"version-history":[{"count":0,"href":"https:\/\/123-esta.com\/es\/wp-json\/wp\/v2\/pages\/1631\/revisions"}],"wp:attachment":[{"href":"https:\/\/123-esta.com\/es\/wp-json\/wp\/v2\/media?parent=1631"}],"curies":[{"name":"wp","href":"https:\/\/api.w.org\/{rel}","templated":true}]}}