{"id":1629,"date":"2022-01-02T09:56:56","date_gmt":"2022-01-02T08:56:56","guid":{"rendered":"https:\/\/123-esta.com\/que-opcion-de-crucero-de-lujo-con-salida-desde-estados-unidos\/"},"modified":"2022-09-13T21:07:28","modified_gmt":"2022-09-13T19:07:28","slug":"luxury-cruise-usque-opcion-de-crucero-de-lujo-con-salida-desde-estados-unidos","status":"publish","type":"page","link":"https:\/\/123-esta.com\/es\/luxury-cruise-usque-opcion-de-crucero-de-lujo-con-salida-desde-estados-unidos\/","title":{"rendered":"\u00bfQu\u00e9 opci\u00f3n de crucero de lujo con salida desde Estados Unidos?"},"content":{"rendered":"\n<p>Si tiene la oportunidad, \u00a1un crucero de lujo puede convertirse en una experiencia excepcional! La mayor\u00eda de cruceros de este tipo te brindan placer, m\u00faltiples distracciones, descubrimientos, numerosas escalas y puertos de ensue\u00f1o. <a href=\"https:\/\/123-esta.com\/es\/que-hacer-en-florida\/\">Visitar Florida<\/a> le dejar\u00e1 muchas opciones cuando se trata de cruceros de lujo.<\/p>\n\n<p>Puedes realizar un crucero de prestigio con tu familia, en grupo y \/ o en pareja. Muchas empresas ofrecen ofertas de cruceros de lujo con los mejores barcos, servicios de calidad y tripulaciones ultra capacitadas para mantener a los viajeros lo m\u00e1s felices posible.<\/p>\n\n<p>Es un mercado en crecimiento hoy en d\u00eda, que sabe atraer a un gran n\u00famero de personas a pesar de su elevado precio.<\/p>\n\n<h2 class=\"wp-block-heading\">Ofertas atractivas y estad\u00edsticas interesantes<\/h2>\n\n<p>Cuando viaja en un crucero de lujo, sabe de antemano que tendr\u00e1 m\u00faltiples beneficios \/ entretenimiento ilimitado.<\/p>\n\n<p>Los servicios de un crucero de prestigio est\u00e1n altamente cualificados. Garantizan la paz, el bienestar y la comodidad de todos los pasajeros. La piscina, el spa, un catering inigualable, una variedad de platos y muchos servicios de relajaci\u00f3n se ofrecen y logran satisfacer incluso a los clientes m\u00e1s exigentes.<\/p>\n\n<p>Seg\u00fan cifras y estudios de diversas asociaciones y agencias de viajes especializadas, m\u00e1s de un mill\u00f3n de personas ya han actuado. Los estadounidenses son los clientes m\u00e1s numerosos para este tipo de actividad. Representan el 62% del mercado actual. Al mismo tiempo, los europeos representan \u00absolo\u00bb el 27% del mercado. Queda el caso de las l\u00edneas de cruceros asi\u00e1ticas. A\u00fan representados en un n\u00famero limitado, cada vez son m\u00e1s los que se dejan seducir por un crucero de lujo. En unos a\u00f1os, su n\u00famero podr\u00eda llegar hasta el 30% del mercado.<\/p>\n\n<h2 class=\"wp-block-heading\">Entusiasmo y ganas de volver a viajar en un crucero de lujo.<\/h2>\n\n<p>Cuando los clientes est\u00e1n contentos con su viaje, quieren una nueva experiencia. En muchos casos, algunas personas hacen una nueva reserva para otro destino tan pronto como regresan a tierra firme.<\/p>\n\n<p>La mayor\u00eda de las veces, regresan entusiasmados con las ofertas, los servicios y la variedad de actividades de ocio. Por ejemplo, entre otros, algunos est\u00e1n encantados de poder practicar su deporte favorito como &#8230; \u00a1el golf! Mientras que otros se sentir\u00e1n atra\u00eddos por la idea de poder seguir asistiendo a una velada relajante con un espect\u00e1culo internacional de calidad.<\/p>\n","protected":false},"excerpt":{"rendered":"<p>Si tiene la oportunidad, \u00a1un crucero de lujo puede convertirse en una experiencia excepcional! La mayor\u00eda de cruceros de este tipo te brindan placer, m\u00faltiples distracciones, descubrimientos, numerosas escalas y puertos de ensue\u00f1o. Visitar Florida le dejar\u00e1 muchas opciones cuando se trata de cruceros de lujo. Puedes realizar un crucero de prestigio con tu familia, [&hellip;]<\/p>\n","protected":false},"author":1,"featured_media":0,"parent":0,"menu_order":0,"comment_status":"closed","ping_status":"closed","template":"","meta":{"site-sidebar-layout":"default","site-content-layout":"default","ast-site-content-layout":"default","site-content-style":"default","site-sidebar-style":"default","ast-global-header-display":"","ast-banner-title-visibility":"","ast-main-header-display":"","ast-hfb-above-header-display":"","ast-hfb-below-header-display":"","ast-hfb-mobile-header-display":"","site-post-title":"","ast-breadcrumbs-content":"","ast-featured-img":"","footer-sml-layout":"","ast-disable-related-posts":"","theme-transparent-header-meta":"default","adv-header-id-meta":"","stick-header-meta":"default","header-above-stick-meta":"","header-main-stick-meta":"","header-below-stick-meta":"","astra-migrate-meta-layouts":"default","ast-page-background-enabled":"default","ast-page-background-meta":{"desktop":{"background-color":"","background-image":"","background-repeat":"repeat","background-position":"center center","background-size":"auto","background-attachment":"scroll","background-type":"","background-media":"","overlay-type":"","overlay-color":"","overlay-opacity":"","overlay-gradient":""},"tablet":{"background-color":"","background-image":"","background-repeat":"repeat","background-position":"center center","background-size":"auto","background-attachment":"scroll","background-type":"","background-media":"","overlay-type":"","overlay-color":"","overlay-opacity":"","overlay-gradient":""},"mobile":{"background-color":"","background-image":"","background-repeat":"repeat","background-position":"center center","background-size":"auto","background-attachment":"scroll","background-type":"","background-media":"","overlay-type":"","overlay-color":"","overlay-opacity":"","overlay-gradient":""}},"ast-content-background-meta":{"desktop":{"background-color":"var(--ast-global-color-5)","background-image":"","background-repeat":"repeat","background-position":"center center","background-size":"auto","background-attachment":"scroll","background-type":"","background-media":"","overlay-type":"","overlay-color":"","overlay-opacity":"","overlay-gradient":""},"tablet":{"background-color":"var(--ast-global-color-5)","background-image":"","background-repeat":"repeat","background-position":"center center","background-size":"auto","background-attachment":"scroll","background-type":"","background-media":"","overlay-type":"","overlay-color":"","overlay-opacity":"","overlay-gradient":""},"mobile":{"background-color":"var(--ast-global-color-5)","background-image":"","background-repeat":"repeat","background-position":"center center","background-size":"auto","background-attachment":"scroll","background-type":"","background-media":"","overlay-type":"","overlay-color":"","overlay-opacity":"","overlay-gradient":""}},"footnotes":""},"class_list":["post-1629","page","type-page","status-publish","hentry"],"yoast_head":"<!-- This site is optimized with the Yoast SEO plugin v27.1.1 - https:\/\/yoast.com\/product\/yoast-seo-wordpress\/ -->\n<title>\u00bfLe apetece un crucero de lujo en los Estados Unidos? Nuestros consejos<\/title>\n<meta name=\"description\" content=\"Los cruceros de lujo son un modo de viaje excepcional. Ofrece una gran cantidad de entretenimientos, descubrimientos y paradas.\" \/>\n<meta name=\"robots\" content=\"index, follow, max-snippet:-1, max-image-preview:large, max-video-preview:-1\" \/>\n<link rel=\"canonical\" href=\"https:\/\/123-esta.com\/es\/luxury-cruise-usque-opcion-de-crucero-de-lujo-con-salida-desde-estados-unidos\/\" \/>\n<meta property=\"og:locale\" content=\"es_ES\" \/>\n<meta property=\"og:type\" content=\"article\" \/>\n<meta property=\"og:title\" content=\"\u00bfLe apetece un crucero de lujo en los Estados Unidos? Nuestros consejos\" \/>\n<meta property=\"og:description\" content=\"Los cruceros de lujo son un modo de viaje excepcional. Ofrece una gran cantidad de entretenimientos, descubrimientos y paradas.\" \/>\n<meta property=\"og:url\" content=\"https:\/\/123-esta.com\/es\/luxury-cruise-usque-opcion-de-crucero-de-lujo-con-salida-desde-estados-unidos\/\" \/>\n<meta property=\"og:site_name\" content=\"Formulaire ESTA pour les USA\" \/>\n<meta property=\"article:modified_time\" content=\"2022-09-13T19:07:28+00:00\" \/>\n<meta name=\"twitter:card\" content=\"summary_large_image\" \/>\n<meta name=\"twitter:label1\" content=\"Tiempo de lectura\" \/>\n\t<meta name=\"twitter:data1\" content=\"2 minutos\" \/>\n<script type=\"application\/ld+json\" class=\"yoast-schema-graph\">{\"@context\":\"https:\/\/schema.org\",\"@graph\":[{\"@type\":\"WebPage\",\"@id\":\"https:\/\/123-esta.com\/es\/luxury-cruise-usque-opcion-de-crucero-de-lujo-con-salida-desde-estados-unidos\/\",\"url\":\"https:\/\/123-esta.com\/es\/luxury-cruise-usque-opcion-de-crucero-de-lujo-con-salida-desde-estados-unidos\/\",\"name\":\"\u00bfLe apetece un crucero de lujo en los Estados Unidos? Nuestros consejos\",\"isPartOf\":{\"@id\":\"https:\/\/123-esta.com\/es\/#website\"},\"datePublished\":\"2022-01-02T08:56:56+00:00\",\"dateModified\":\"2022-09-13T19:07:28+00:00\",\"description\":\"Los cruceros de lujo son un modo de viaje excepcional. Ofrece una gran cantidad de entretenimientos, descubrimientos y paradas.\",\"inLanguage\":\"es\",\"potentialAction\":[{\"@type\":\"ReadAction\",\"target\":[\"https:\/\/123-esta.com\/es\/luxury-cruise-usque-opcion-de-crucero-de-lujo-con-salida-desde-estados-unidos\/\"]}]},{\"@type\":\"WebSite\",\"@id\":\"https:\/\/123-esta.com\/es\/#website\",\"url\":\"https:\/\/123-esta.com\/es\/\",\"name\":\"Formulaire ESTA pour les USA\",\"description\":\"\",\"publisher\":{\"@id\":\"https:\/\/123-esta.com\/es\/#organization\"},\"potentialAction\":[{\"@type\":\"SearchAction\",\"target\":{\"@type\":\"EntryPoint\",\"urlTemplate\":\"https:\/\/123-esta.com\/es\/?s={search_term_string}\"},\"query-input\":{\"@type\":\"PropertyValueSpecification\",\"valueRequired\":true,\"valueName\":\"search_term_string\"}}],\"inLanguage\":\"es\"},{\"@type\":\"Organization\",\"@id\":\"https:\/\/123-esta.com\/es\/#organization\",\"name\":\"Formulaire ESTA pour les USA\",\"url\":\"https:\/\/123-esta.com\/es\/\",\"logo\":{\"@type\":\"ImageObject\",\"inLanguage\":\"es\",\"@id\":\"https:\/\/123-esta.com\/es\/#\/schema\/logo\/image\/\",\"url\":\"https:\/\/123-esta.com\/wp-content\/uploads\/2018\/03\/logo-123-esta.png\",\"contentUrl\":\"https:\/\/123-esta.com\/wp-content\/uploads\/2018\/03\/logo-123-esta.png\",\"width\":191,\"height\":54,\"caption\":\"Formulaire ESTA pour les USA\"},\"image\":{\"@id\":\"https:\/\/123-esta.com\/es\/#\/schema\/logo\/image\/\"}}]}<\/script>\n<!-- \/ Yoast SEO plugin. -->","yoast_head_json":{"title":"\u00bfLe apetece un crucero de lujo en los Estados Unidos? Nuestros consejos","description":"Los cruceros de lujo son un modo de viaje excepcional. Ofrece una gran cantidad de entretenimientos, descubrimientos y paradas.","robots":{"index":"index","follow":"follow","max-snippet":"max-snippet:-1","max-image-preview":"max-image-preview:large","max-video-preview":"max-video-preview:-1"},"canonical":"https:\/\/123-esta.com\/es\/luxury-cruise-usque-opcion-de-crucero-de-lujo-con-salida-desde-estados-unidos\/","og_locale":"es_ES","og_type":"article","og_title":"\u00bfLe apetece un crucero de lujo en los Estados Unidos? Nuestros consejos","og_description":"Los cruceros de lujo son un modo de viaje excepcional. Ofrece una gran cantidad de entretenimientos, descubrimientos y paradas.","og_url":"https:\/\/123-esta.com\/es\/luxury-cruise-usque-opcion-de-crucero-de-lujo-con-salida-desde-estados-unidos\/","og_site_name":"Formulaire ESTA pour les USA","article_modified_time":"2022-09-13T19:07:28+00:00","twitter_card":"summary_large_image","twitter_misc":{"Tiempo de lectura":"2 minutos"},"schema":{"@context":"https:\/\/schema.org","@graph":[{"@type":"WebPage","@id":"https:\/\/123-esta.com\/es\/luxury-cruise-usque-opcion-de-crucero-de-lujo-con-salida-desde-estados-unidos\/","url":"https:\/\/123-esta.com\/es\/luxury-cruise-usque-opcion-de-crucero-de-lujo-con-salida-desde-estados-unidos\/","name":"\u00bfLe apetece un crucero de lujo en los Estados Unidos? Nuestros consejos","isPartOf":{"@id":"https:\/\/123-esta.com\/es\/#website"},"datePublished":"2022-01-02T08:56:56+00:00","dateModified":"2022-09-13T19:07:28+00:00","description":"Los cruceros de lujo son un modo de viaje excepcional. Ofrece una gran cantidad de entretenimientos, descubrimientos y paradas.","inLanguage":"es","potentialAction":[{"@type":"ReadAction","target":["https:\/\/123-esta.com\/es\/luxury-cruise-usque-opcion-de-crucero-de-lujo-con-salida-desde-estados-unidos\/"]}]},{"@type":"WebSite","@id":"https:\/\/123-esta.com\/es\/#website","url":"https:\/\/123-esta.com\/es\/","name":"Formulaire ESTA pour les USA","description":"","publisher":{"@id":"https:\/\/123-esta.com\/es\/#organization"},"potentialAction":[{"@type":"SearchAction","target":{"@type":"EntryPoint","urlTemplate":"https:\/\/123-esta.com\/es\/?s={search_term_string}"},"query-input":{"@type":"PropertyValueSpecification","valueRequired":true,"valueName":"search_term_string"}}],"inLanguage":"es"},{"@type":"Organization","@id":"https:\/\/123-esta.com\/es\/#organization","name":"Formulaire ESTA pour les USA","url":"https:\/\/123-esta.com\/es\/","logo":{"@type":"ImageObject","inLanguage":"es","@id":"https:\/\/123-esta.com\/es\/#\/schema\/logo\/image\/","url":"https:\/\/123-esta.com\/wp-content\/uploads\/2018\/03\/logo-123-esta.png","contentUrl":"https:\/\/123-esta.com\/wp-content\/uploads\/2018\/03\/logo-123-esta.png","width":191,"height":54,"caption":"Formulaire ESTA pour les USA"},"image":{"@id":"https:\/\/123-esta.com\/es\/#\/schema\/logo\/image\/"}}]}},"_links":{"self":[{"href":"https:\/\/123-esta.com\/es\/wp-json\/wp\/v2\/pages\/1629","targetHints":{"allow":["GET"]}}],"collection":[{"href":"https:\/\/123-esta.com\/es\/wp-json\/wp\/v2\/pages"}],"about":[{"href":"https:\/\/123-esta.com\/es\/wp-json\/wp\/v2\/types\/page"}],"author":[{"embeddable":true,"href":"https:\/\/123-esta.com\/es\/wp-json\/wp\/v2\/users\/1"}],"replies":[{"embeddable":true,"href":"https:\/\/123-esta.com\/es\/wp-json\/wp\/v2\/comments?post=1629"}],"version-history":[{"count":0,"href":"https:\/\/123-esta.com\/es\/wp-json\/wp\/v2\/pages\/1629\/revisions"}],"wp:attachment":[{"href":"https:\/\/123-esta.com\/es\/wp-json\/wp\/v2\/media?parent=1629"}],"curies":[{"name":"wp","href":"https:\/\/api.w.org\/{rel}","templated":true}]}}