{"id":1627,"date":"2022-01-02T09:56:41","date_gmt":"2022-01-02T08:56:41","guid":{"rendered":"https:\/\/123-esta.com\/que-ver-y-hacer-en-nueva-orleans\/"},"modified":"2022-09-08T20:01:05","modified_gmt":"2022-09-08T18:01:05","slug":"que-ver-y-hacer-en-nueva-orleans","status":"publish","type":"page","link":"https:\/\/123-esta.com\/es\/que-ver-y-hacer-en-nueva-orleans\/","title":{"rendered":"\u00bfQu\u00e9 ver y hacer en Nueva Orleans?"},"content":{"rendered":"\n<p>Si eres franc\u00f3fono, te encanta la buena m\u00fasica y siempre has so\u00f1ado con descubrir los Estados Unidos, \u00a1solo podemos aconsejarte que vayas a dar un paseo por Luisiana, en Nueva Orleans! Uno de <a href=\"https:\/\/123-esta.com\/es\/ciudades-y-regiones-para-visitar-los-estados-unidos\/\">los lugares m\u00e1s emblem\u00e1ticos de Estados Unidos<\/a> .<\/p>\n\n<p>Con una poblaci\u00f3n de poco m\u00e1s de 1.240.000, Nueva Orleans es la ciudad principal de un estado que, con un poco de suerte o sentido com\u00fan, \u00a1podr\u00eda haber sido parte de Francia! De hecho, la ciudad fue vendida definitivamente a Estados Unidos, junto con Luisiana, por Napole\u00f3n Bonaparte en 1803.<\/p>\n\n<p>Un per\u00edodo ciertamente muy lejano pero que hace de esta ciudad un lugar \u00fanico en los Estados Unidos, con una arquitectura colonial propia de la ciudad, una escena musical afroamericana de incre\u00edble calidad y un famoso distrito nombrado para la gloria de Francia: el Barrio Franc\u00e9s.<\/p>\n\n<p>Si quieres descubrir la incre\u00edble cultura de Luisiana, no debes olvidar solicitar una autorizaci\u00f3n ESTA que te permitir\u00e1 visitar la antigua ciudad francesa de forma legal por un per\u00edodo m\u00e1ximo de 3 meses. Cuando haya obtenido su permiso, ser\u00e1 libre de descubrir los diferentes polos de atracci\u00f3n que mencionaremos a continuaci\u00f3n.<\/p>\n\n<h2 class=\"wp-block-heading\">\u00a1Nueva Orleans y su famoso Barrio Franc\u00e9s!<\/h2>\n\n<p>El &#8216;Barrio Franc\u00e9s&#8217; (o Vieux Carr\u00e9 Fran\u00e7ais en VF) es el centro hist\u00f3rico de una ciudad que fue fundada en 1718 por Jean-Baptiste Le Moyne de Bienville. Es un lugar \u00fanico en todo Estados Unidos porque ha logrado preservar la arquitectura que ya estaba en su lugar hace m\u00e1s de 200 a\u00f1os, un hecho extremadamente raro en el pa\u00eds del T\u00edo Sam.<\/p>\n\n<p>Todas las casas del distrito est\u00e1n catalogadas y son cuidadas por sus propietarios a menudo adinerados. Durante la Guerra Civil, esta parte de la ciudad afortunadamente se salv\u00f3 de la destrucci\u00f3n ya que los lugare\u00f1os decidieron no luchar. Mucho m\u00e1s tarde, en 2005, durante el terrible hurac\u00e1n Katrina, el distrito tambi\u00e9n se salv\u00f3: construido a 1,5 metros sobre el nivel del mar, solo los distritos m\u00e1s bajos, a menudo pobres, se vieron realmente afectados.<\/p>\n\n<p>Durante su visita al Barrio Franc\u00e9s, puede admirar la Catedral de Saint-Louis en Nueva Orleans, la iglesia m\u00e1s antigua de los EE. UU. (Fundada en 1718), Bourbon Street y sus casas t\u00edpicas, as\u00ed como Royal Street., Un punto de acceso para la noche. festividades para turistas de todo el mundo.<\/p>\n\n<h2 class=\"wp-block-heading\">Jazz, blues, Nueva Orleans y su lado amante de la m\u00fasica<\/h2>\n\n<p>Una visita a Nueva Orleans no estar\u00eda completa sin interesarse por el lado amante de la m\u00fasica de esta hermosa ciudad. Muchos artistas famosos provienen de \u00e9l: Louis Armstrong, Fats Domino, King Oliver, etc. \u00a1La lista es larga!<\/p>\n\n<p>Si quieres una experiencia no tur\u00edstica que te acerque a c\u00f3mo debieron ser las locas noches de m\u00fasica en Nueva Orleans al comienzo del Jazz y Blues, \u00a1te recomendamos que vayas al Spotted Cat m\u00e1s que nunca! Este legendario bar de m\u00fasica jazz ubicado en Frenchmen Street ofrece deliciosas cervezas artesanales, para consumir (con moderaci\u00f3n) frente a uno de los muchos espect\u00e1culos musicales que se reproducen todos los d\u00edas en el lugar. Inolvidable!<\/p>\n\n<h2 class=\"wp-block-heading\">\u00bfCu\u00e1ndo visitar Nueva Orleans?<\/h2>\n\n<p>Cuando haya obtenido su autorizaci\u00f3n ESTA para ingresar legalmente a los EE. UU., Finalmente podr\u00e1 descubrir la ciudad a la que los lugare\u00f1os llaman NoLa. Para ello, te recomendamos encarecidamente que vengas entre octubre y mayo, que son fuera de los meses m\u00e1s lluviosos y ventosos.<\/p>\n\n<p>Fuera de este per\u00edodo, lamentablemente se sabe que la ciudad es muy fr\u00e1gil frente a los ataques de la madre naturaleza. Durante su historia, la ciudad ha sido devastada 27 veces (!) Por desastres meteorol\u00f3gicos. Podemos apostar que, aparte de los meses de junio, julio, agosto y septiembre, no correr\u00e1s absolutamente ning\u00fan riesgo.<\/p>\n","protected":false},"excerpt":{"rendered":"<p>Si eres franc\u00f3fono, te encanta la buena m\u00fasica y siempre has so\u00f1ado con descubrir los Estados Unidos, \u00a1solo podemos aconsejarte que vayas a dar un paseo por Luisiana, en Nueva Orleans! Uno de los lugares m\u00e1s emblem\u00e1ticos de Estados Unidos . Con una poblaci\u00f3n de poco m\u00e1s de 1.240.000, Nueva Orleans es la ciudad principal [&hellip;]<\/p>\n","protected":false},"author":1,"featured_media":0,"parent":0,"menu_order":0,"comment_status":"closed","ping_status":"closed","template":"","meta":{"site-sidebar-layout":"default","site-content-layout":"default","ast-site-content-layout":"default","site-content-style":"default","site-sidebar-style":"default","ast-global-header-display":"","ast-banner-title-visibility":"","ast-main-header-display":"","ast-hfb-above-header-display":"","ast-hfb-below-header-display":"","ast-hfb-mobile-header-display":"","site-post-title":"","ast-breadcrumbs-content":"","ast-featured-img":"","footer-sml-layout":"","ast-disable-related-posts":"","theme-transparent-header-meta":"default","adv-header-id-meta":"","stick-header-meta":"default","header-above-stick-meta":"","header-main-stick-meta":"","header-below-stick-meta":"","astra-migrate-meta-layouts":"default","ast-page-background-enabled":"default","ast-page-background-meta":{"desktop":{"background-color":"","background-image":"","background-repeat":"repeat","background-position":"center center","background-size":"auto","background-attachment":"scroll","background-type":"","background-media":"","overlay-type":"","overlay-color":"","overlay-opacity":"","overlay-gradient":""},"tablet":{"background-color":"","background-image":"","background-repeat":"repeat","background-position":"center center","background-size":"auto","background-attachment":"scroll","background-type":"","background-media":"","overlay-type":"","overlay-color":"","overlay-opacity":"","overlay-gradient":""},"mobile":{"background-color":"","background-image":"","background-repeat":"repeat","background-position":"center center","background-size":"auto","background-attachment":"scroll","background-type":"","background-media":"","overlay-type":"","overlay-color":"","overlay-opacity":"","overlay-gradient":""}},"ast-content-background-meta":{"desktop":{"background-color":"var(--ast-global-color-5)","background-image":"","background-repeat":"repeat","background-position":"center center","background-size":"auto","background-attachment":"scroll","background-type":"","background-media":"","overlay-type":"","overlay-color":"","overlay-opacity":"","overlay-gradient":""},"tablet":{"background-color":"var(--ast-global-color-5)","background-image":"","background-repeat":"repeat","background-position":"center center","background-size":"auto","background-attachment":"scroll","background-type":"","background-media":"","overlay-type":"","overlay-color":"","overlay-opacity":"","overlay-gradient":""},"mobile":{"background-color":"var(--ast-global-color-5)","background-image":"","background-repeat":"repeat","background-position":"center center","background-size":"auto","background-attachment":"scroll","background-type":"","background-media":"","overlay-type":"","overlay-color":"","overlay-opacity":"","overlay-gradient":""}},"footnotes":""},"class_list":["post-1627","page","type-page","status-publish","hentry"],"yoast_head":"<!-- This site is optimized with the Yoast SEO plugin v27.1.1 - https:\/\/yoast.com\/product\/yoast-seo-wordpress\/ -->\n<title>\u00bfQu\u00e9 puedes ver y hacer en Nueva Orleans?<\/title>\n<meta name=\"description\" content=\"Nueva Orleans, sus or\u00edgenes franceses, su Jazz y sus especialidades criollas est\u00e1n a su alcance con ESTA. No lo dudes !\" \/>\n<meta name=\"robots\" content=\"index, follow, max-snippet:-1, max-image-preview:large, max-video-preview:-1\" \/>\n<link rel=\"canonical\" href=\"https:\/\/123-esta.com\/es\/que-ver-y-hacer-en-nueva-orleans\/\" \/>\n<meta property=\"og:locale\" content=\"es_ES\" \/>\n<meta property=\"og:type\" content=\"article\" \/>\n<meta property=\"og:title\" content=\"\u00bfQu\u00e9 puedes ver y hacer en Nueva Orleans?\" \/>\n<meta property=\"og:description\" content=\"Nueva Orleans, sus or\u00edgenes franceses, su Jazz y sus especialidades criollas est\u00e1n a su alcance con ESTA. No lo dudes !\" \/>\n<meta property=\"og:url\" content=\"https:\/\/123-esta.com\/es\/que-ver-y-hacer-en-nueva-orleans\/\" \/>\n<meta property=\"og:site_name\" content=\"Formulaire ESTA pour les USA\" \/>\n<meta property=\"article:modified_time\" content=\"2022-09-08T18:01:05+00:00\" \/>\n<meta name=\"twitter:card\" content=\"summary_large_image\" \/>\n<meta name=\"twitter:label1\" content=\"Tiempo de lectura\" \/>\n\t<meta name=\"twitter:data1\" content=\"4 minutos\" \/>\n<script type=\"application\/ld+json\" class=\"yoast-schema-graph\">{\"@context\":\"https:\/\/schema.org\",\"@graph\":[{\"@type\":\"WebPage\",\"@id\":\"https:\/\/123-esta.com\/es\/que-ver-y-hacer-en-nueva-orleans\/\",\"url\":\"https:\/\/123-esta.com\/es\/que-ver-y-hacer-en-nueva-orleans\/\",\"name\":\"\u00bfQu\u00e9 puedes ver y hacer en Nueva Orleans?\",\"isPartOf\":{\"@id\":\"https:\/\/123-esta.com\/es\/#website\"},\"datePublished\":\"2022-01-02T08:56:41+00:00\",\"dateModified\":\"2022-09-08T18:01:05+00:00\",\"description\":\"Nueva Orleans, sus or\u00edgenes franceses, su Jazz y sus especialidades criollas est\u00e1n a su alcance con ESTA. No lo dudes !\",\"inLanguage\":\"es\",\"potentialAction\":[{\"@type\":\"ReadAction\",\"target\":[\"https:\/\/123-esta.com\/es\/que-ver-y-hacer-en-nueva-orleans\/\"]}]},{\"@type\":\"WebSite\",\"@id\":\"https:\/\/123-esta.com\/es\/#website\",\"url\":\"https:\/\/123-esta.com\/es\/\",\"name\":\"Formulaire ESTA pour les USA\",\"description\":\"\",\"publisher\":{\"@id\":\"https:\/\/123-esta.com\/es\/#organization\"},\"potentialAction\":[{\"@type\":\"SearchAction\",\"target\":{\"@type\":\"EntryPoint\",\"urlTemplate\":\"https:\/\/123-esta.com\/es\/?s={search_term_string}\"},\"query-input\":{\"@type\":\"PropertyValueSpecification\",\"valueRequired\":true,\"valueName\":\"search_term_string\"}}],\"inLanguage\":\"es\"},{\"@type\":\"Organization\",\"@id\":\"https:\/\/123-esta.com\/es\/#organization\",\"name\":\"Formulaire ESTA pour les USA\",\"url\":\"https:\/\/123-esta.com\/es\/\",\"logo\":{\"@type\":\"ImageObject\",\"inLanguage\":\"es\",\"@id\":\"https:\/\/123-esta.com\/es\/#\/schema\/logo\/image\/\",\"url\":\"https:\/\/123-esta.com\/wp-content\/uploads\/2018\/03\/logo-123-esta.png\",\"contentUrl\":\"https:\/\/123-esta.com\/wp-content\/uploads\/2018\/03\/logo-123-esta.png\",\"width\":191,\"height\":54,\"caption\":\"Formulaire ESTA pour les USA\"},\"image\":{\"@id\":\"https:\/\/123-esta.com\/es\/#\/schema\/logo\/image\/\"}}]}<\/script>\n<!-- \/ Yoast SEO plugin. -->","yoast_head_json":{"title":"\u00bfQu\u00e9 puedes ver y hacer en Nueva Orleans?","description":"Nueva Orleans, sus or\u00edgenes franceses, su Jazz y sus especialidades criollas est\u00e1n a su alcance con ESTA. No lo dudes !","robots":{"index":"index","follow":"follow","max-snippet":"max-snippet:-1","max-image-preview":"max-image-preview:large","max-video-preview":"max-video-preview:-1"},"canonical":"https:\/\/123-esta.com\/es\/que-ver-y-hacer-en-nueva-orleans\/","og_locale":"es_ES","og_type":"article","og_title":"\u00bfQu\u00e9 puedes ver y hacer en Nueva Orleans?","og_description":"Nueva Orleans, sus or\u00edgenes franceses, su Jazz y sus especialidades criollas est\u00e1n a su alcance con ESTA. No lo dudes !","og_url":"https:\/\/123-esta.com\/es\/que-ver-y-hacer-en-nueva-orleans\/","og_site_name":"Formulaire ESTA pour les USA","article_modified_time":"2022-09-08T18:01:05+00:00","twitter_card":"summary_large_image","twitter_misc":{"Tiempo de lectura":"4 minutos"},"schema":{"@context":"https:\/\/schema.org","@graph":[{"@type":"WebPage","@id":"https:\/\/123-esta.com\/es\/que-ver-y-hacer-en-nueva-orleans\/","url":"https:\/\/123-esta.com\/es\/que-ver-y-hacer-en-nueva-orleans\/","name":"\u00bfQu\u00e9 puedes ver y hacer en Nueva Orleans?","isPartOf":{"@id":"https:\/\/123-esta.com\/es\/#website"},"datePublished":"2022-01-02T08:56:41+00:00","dateModified":"2022-09-08T18:01:05+00:00","description":"Nueva Orleans, sus or\u00edgenes franceses, su Jazz y sus especialidades criollas est\u00e1n a su alcance con ESTA. No lo dudes !","inLanguage":"es","potentialAction":[{"@type":"ReadAction","target":["https:\/\/123-esta.com\/es\/que-ver-y-hacer-en-nueva-orleans\/"]}]},{"@type":"WebSite","@id":"https:\/\/123-esta.com\/es\/#website","url":"https:\/\/123-esta.com\/es\/","name":"Formulaire ESTA pour les USA","description":"","publisher":{"@id":"https:\/\/123-esta.com\/es\/#organization"},"potentialAction":[{"@type":"SearchAction","target":{"@type":"EntryPoint","urlTemplate":"https:\/\/123-esta.com\/es\/?s={search_term_string}"},"query-input":{"@type":"PropertyValueSpecification","valueRequired":true,"valueName":"search_term_string"}}],"inLanguage":"es"},{"@type":"Organization","@id":"https:\/\/123-esta.com\/es\/#organization","name":"Formulaire ESTA pour les USA","url":"https:\/\/123-esta.com\/es\/","logo":{"@type":"ImageObject","inLanguage":"es","@id":"https:\/\/123-esta.com\/es\/#\/schema\/logo\/image\/","url":"https:\/\/123-esta.com\/wp-content\/uploads\/2018\/03\/logo-123-esta.png","contentUrl":"https:\/\/123-esta.com\/wp-content\/uploads\/2018\/03\/logo-123-esta.png","width":191,"height":54,"caption":"Formulaire ESTA pour les USA"},"image":{"@id":"https:\/\/123-esta.com\/es\/#\/schema\/logo\/image\/"}}]}},"_links":{"self":[{"href":"https:\/\/123-esta.com\/es\/wp-json\/wp\/v2\/pages\/1627","targetHints":{"allow":["GET"]}}],"collection":[{"href":"https:\/\/123-esta.com\/es\/wp-json\/wp\/v2\/pages"}],"about":[{"href":"https:\/\/123-esta.com\/es\/wp-json\/wp\/v2\/types\/page"}],"author":[{"embeddable":true,"href":"https:\/\/123-esta.com\/es\/wp-json\/wp\/v2\/users\/1"}],"replies":[{"embeddable":true,"href":"https:\/\/123-esta.com\/es\/wp-json\/wp\/v2\/comments?post=1627"}],"version-history":[{"count":0,"href":"https:\/\/123-esta.com\/es\/wp-json\/wp\/v2\/pages\/1627\/revisions"}],"wp:attachment":[{"href":"https:\/\/123-esta.com\/es\/wp-json\/wp\/v2\/media?parent=1627"}],"curies":[{"name":"wp","href":"https:\/\/api.w.org\/{rel}","templated":true}]}}