{"id":1626,"date":"2022-01-02T09:56:29","date_gmt":"2022-01-02T08:56:29","guid":{"rendered":"https:\/\/123-esta.com\/que-ver-y-hacer-en-chicago\/"},"modified":"2022-09-06T23:22:45","modified_gmt":"2022-09-06T21:22:45","slug":"que-ver-y-hacer-en-chicago","status":"publish","type":"page","link":"https:\/\/123-esta.com\/es\/que-ver-y-hacer-en-chicago\/","title":{"rendered":"\u00bfQu\u00e9 ver y hacer en Chicago?"},"content":{"rendered":"\n<p>A veces sufriendo de mala reputaci\u00f3n, Chicago es sin embargo una de las ciudades para ver absolutamente en el marco de una estad\u00eda en el <a href=\"https:\/\/123-esta.com\/es\/que-hacer-en-el-noreste-de-los-estados-unidos\/\">noreste de los Estados Unidos<\/a> .<\/p>\n\n<p>Antes de darte 5 motivos para ir a visitar la ciudad querida por Al Capone, te recordamos por supuesto que es imprescindible tener una autorizaci\u00f3n ESTA para poder permanecer en suelo americano. \u00a1Puede hacer su solicitud en nuestro sitio y explorar Chicago con total seguridad una vez que haya obtenido su autorizaci\u00f3n!<\/p>\n\n<h2 class=\"wp-block-heading\">\u00a1Alquile una bicicleta y salga a conquistar la inmensidad de la ciudad!<\/h2>\n\n<p>Equipado con un mapa o un GPS, alquilar una bicicleta es una excelente opci\u00f3n para conquistar la tercera aglomeraci\u00f3n americana, con poco menos de 10 millones de habitantes.<\/p>\n\n<p>Para facilitar su aventura, le recomendamos que contrate una de las muchas empresas de turismo que ofrecen un &#8216;Bike Tour&#8217; por una peque\u00f1a tarifa. Dirigido por un gu\u00eda, puede descubrir con seguridad partes de Chicago menos conocidas por los turistas. Adem\u00e1s, si la mayor parte de la ciudad est\u00e1 libre de riesgos, ciertos distritos pobres son igualmente peligrosos y deben evitarse.<\/p>\n\n<h2 class=\"wp-block-heading\">Compre lujo en la &#8216;Magnificent Mile&#8217;<\/h2>\n\n<p>La &#8216; <a href=\"https:\/\/www.themagnificentmile.com\/\">Magnificent Mile<\/a> &#8216; es el apodo que se le da a parte de la avenida m\u00e1s grande de la ciudad, Michigan Avenue, que lleva el nombre del lago que bordea la ciudad. Esta &#8216;Magnificent Mile&#8217; representa LA parte de la ciudad conocida por sus numerosas boutiques de lujo, pero tambi\u00e9n por sus numerosos clubes nocturnos. Aqu\u00ed es donde encontrar\u00e1s el John Hancock Center en particular, del que te contamos a continuaci\u00f3n.<\/p>\n\n<h2 class=\"wp-block-heading\">Visite el mundialmente famoso Instituto de Arte<\/h2>\n\n<p>El <a href=\"http:\/\/www.artic.edu\/\">Art Institute of Chicago<\/a> es EL museo que no debe perderse durante su estad\u00eda en Chicago. De hecho, es el segundo museo de arte m\u00e1s grande del pa\u00eds con muchas obras de Francia en particular: pinturas de Renoir y Monet, esculturas del mismo Renoir pero tambi\u00e9n de Henri Matisse y Auguste Rodin., Etc.<\/p>\n\n<p>Para no estropear nada, el museo tiene muchas colecciones de diversos objetos de arte de todo el mundo (\u00c1frica, Asia, Ocean\u00eda, Europa, etc.) que le permiten un peque\u00f1o recorrido real por el mundo en un solo d\u00eda. Parada obligatoria si dispones de un m\u00ednimo de tiempo.<\/p>\n\n<h2 class=\"wp-block-heading\">Pasea por el futurista Millenium Park<\/h2>\n\n<p>Inaugurado en 2004, el Millenium Park es un lugar que no debe perderse en la ciudad del norte de los EE. UU. Ofrece acceso gratuito a diversas obras monumentales contempor\u00e1neas y futuristas.<\/p>\n\n<p>Adem\u00e1s de las muchas esculturas, puede disfrutar de un teatro (el Harris Theather), un enorme \u00abquiosco de m\u00fasica\u00bb (el Jay Pritzker Pavilion), pero tambi\u00e9n muchas fuentes.<\/p>\n\n<h2 class=\"wp-block-heading\">Toma una copa en la parte superior del John Hancock Center<\/h2>\n\n<p>Cuando el sol est\u00e1 a punto de ponerse y el cielo est\u00e1 despejado, le recomendamos m\u00e1s que nunca que pase por el John Hancock Center, ubicado en Michigan Avenue.<\/p>\n\n<p>Este rascacielos de 344 m de altura, terminado en 1969, tiene un lounge bar ubicado en el \u00faltimo piso del edificio. La vista es absolutamente incre\u00edble y admirar\u00e1s la ciudad tanto de d\u00eda como de noche. Lo ideal es llegar al anochecer, solo para ver desaparecer el sol en el horizonte.<\/p>\n","protected":false},"excerpt":{"rendered":"<p>A veces sufriendo de mala reputaci\u00f3n, Chicago es sin embargo una de las ciudades para ver absolutamente en el marco de una estad\u00eda en el noreste de los Estados Unidos . Antes de darte 5 motivos para ir a visitar la ciudad querida por Al Capone, te recordamos por supuesto que es imprescindible tener una [&hellip;]<\/p>\n","protected":false},"author":1,"featured_media":0,"parent":0,"menu_order":0,"comment_status":"closed","ping_status":"closed","template":"","meta":{"site-sidebar-layout":"default","site-content-layout":"default","ast-site-content-layout":"default","site-content-style":"default","site-sidebar-style":"default","ast-global-header-display":"","ast-banner-title-visibility":"","ast-main-header-display":"","ast-hfb-above-header-display":"","ast-hfb-below-header-display":"","ast-hfb-mobile-header-display":"","site-post-title":"","ast-breadcrumbs-content":"","ast-featured-img":"","footer-sml-layout":"","ast-disable-related-posts":"","theme-transparent-header-meta":"default","adv-header-id-meta":"","stick-header-meta":"default","header-above-stick-meta":"","header-main-stick-meta":"","header-below-stick-meta":"","astra-migrate-meta-layouts":"default","ast-page-background-enabled":"default","ast-page-background-meta":{"desktop":{"background-color":"","background-image":"","background-repeat":"repeat","background-position":"center center","background-size":"auto","background-attachment":"scroll","background-type":"","background-media":"","overlay-type":"","overlay-color":"","overlay-opacity":"","overlay-gradient":""},"tablet":{"background-color":"","background-image":"","background-repeat":"repeat","background-position":"center center","background-size":"auto","background-attachment":"scroll","background-type":"","background-media":"","overlay-type":"","overlay-color":"","overlay-opacity":"","overlay-gradient":""},"mobile":{"background-color":"","background-image":"","background-repeat":"repeat","background-position":"center center","background-size":"auto","background-attachment":"scroll","background-type":"","background-media":"","overlay-type":"","overlay-color":"","overlay-opacity":"","overlay-gradient":""}},"ast-content-background-meta":{"desktop":{"background-color":"var(--ast-global-color-5)","background-image":"","background-repeat":"repeat","background-position":"center center","background-size":"auto","background-attachment":"scroll","background-type":"","background-media":"","overlay-type":"","overlay-color":"","overlay-opacity":"","overlay-gradient":""},"tablet":{"background-color":"var(--ast-global-color-5)","background-image":"","background-repeat":"repeat","background-position":"center center","background-size":"auto","background-attachment":"scroll","background-type":"","background-media":"","overlay-type":"","overlay-color":"","overlay-opacity":"","overlay-gradient":""},"mobile":{"background-color":"var(--ast-global-color-5)","background-image":"","background-repeat":"repeat","background-position":"center center","background-size":"auto","background-attachment":"scroll","background-type":"","background-media":"","overlay-type":"","overlay-color":"","overlay-opacity":"","overlay-gradient":""}},"footnotes":""},"class_list":["post-1626","page","type-page","status-publish","hentry"],"yoast_head":"<!-- This site is optimized with the Yoast SEO plugin v27.1.1 - https:\/\/yoast.com\/product\/yoast-seo-wordpress\/ -->\n<title>\u00bfCu\u00e1les son las cosas que hay que ver en Chicago?<\/title>\n<meta name=\"description\" content=\"Chicago, una ciudad llena de sorpresas, que sin embargo no es la favorita de los turistas. \u00a1No cometa el error de ignorarlo!\" \/>\n<meta name=\"robots\" content=\"index, follow, max-snippet:-1, max-image-preview:large, max-video-preview:-1\" \/>\n<link rel=\"canonical\" href=\"https:\/\/123-esta.com\/es\/que-ver-y-hacer-en-chicago\/\" \/>\n<meta property=\"og:locale\" content=\"es_ES\" \/>\n<meta property=\"og:type\" content=\"article\" \/>\n<meta property=\"og:title\" content=\"\u00bfCu\u00e1les son las cosas que hay que ver en Chicago?\" \/>\n<meta property=\"og:description\" content=\"Chicago, una ciudad llena de sorpresas, que sin embargo no es la favorita de los turistas. \u00a1No cometa el error de ignorarlo!\" \/>\n<meta property=\"og:url\" content=\"https:\/\/123-esta.com\/es\/que-ver-y-hacer-en-chicago\/\" \/>\n<meta property=\"og:site_name\" content=\"Formulaire ESTA pour les USA\" \/>\n<meta property=\"article:modified_time\" content=\"2022-09-06T21:22:45+00:00\" \/>\n<meta name=\"twitter:card\" content=\"summary_large_image\" \/>\n<meta name=\"twitter:label1\" content=\"Tiempo de lectura\" \/>\n\t<meta name=\"twitter:data1\" content=\"3 minutos\" \/>\n<script type=\"application\/ld+json\" class=\"yoast-schema-graph\">{\"@context\":\"https:\/\/schema.org\",\"@graph\":[{\"@type\":\"WebPage\",\"@id\":\"https:\/\/123-esta.com\/es\/que-ver-y-hacer-en-chicago\/\",\"url\":\"https:\/\/123-esta.com\/es\/que-ver-y-hacer-en-chicago\/\",\"name\":\"\u00bfCu\u00e1les son las cosas que hay que ver en Chicago?\",\"isPartOf\":{\"@id\":\"https:\/\/123-esta.com\/es\/#website\"},\"datePublished\":\"2022-01-02T08:56:29+00:00\",\"dateModified\":\"2022-09-06T21:22:45+00:00\",\"description\":\"Chicago, una ciudad llena de sorpresas, que sin embargo no es la favorita de los turistas. \u00a1No cometa el error de ignorarlo!\",\"inLanguage\":\"es\",\"potentialAction\":[{\"@type\":\"ReadAction\",\"target\":[\"https:\/\/123-esta.com\/es\/que-ver-y-hacer-en-chicago\/\"]}]},{\"@type\":\"WebSite\",\"@id\":\"https:\/\/123-esta.com\/es\/#website\",\"url\":\"https:\/\/123-esta.com\/es\/\",\"name\":\"Formulaire ESTA pour les USA\",\"description\":\"\",\"publisher\":{\"@id\":\"https:\/\/123-esta.com\/es\/#organization\"},\"potentialAction\":[{\"@type\":\"SearchAction\",\"target\":{\"@type\":\"EntryPoint\",\"urlTemplate\":\"https:\/\/123-esta.com\/es\/?s={search_term_string}\"},\"query-input\":{\"@type\":\"PropertyValueSpecification\",\"valueRequired\":true,\"valueName\":\"search_term_string\"}}],\"inLanguage\":\"es\"},{\"@type\":\"Organization\",\"@id\":\"https:\/\/123-esta.com\/es\/#organization\",\"name\":\"Formulaire ESTA pour les USA\",\"url\":\"https:\/\/123-esta.com\/es\/\",\"logo\":{\"@type\":\"ImageObject\",\"inLanguage\":\"es\",\"@id\":\"https:\/\/123-esta.com\/es\/#\/schema\/logo\/image\/\",\"url\":\"https:\/\/123-esta.com\/wp-content\/uploads\/2018\/03\/logo-123-esta.png\",\"contentUrl\":\"https:\/\/123-esta.com\/wp-content\/uploads\/2018\/03\/logo-123-esta.png\",\"width\":191,\"height\":54,\"caption\":\"Formulaire ESTA pour les USA\"},\"image\":{\"@id\":\"https:\/\/123-esta.com\/es\/#\/schema\/logo\/image\/\"}}]}<\/script>\n<!-- \/ Yoast SEO plugin. -->","yoast_head_json":{"title":"\u00bfCu\u00e1les son las cosas que hay que ver en Chicago?","description":"Chicago, una ciudad llena de sorpresas, que sin embargo no es la favorita de los turistas. \u00a1No cometa el error de ignorarlo!","robots":{"index":"index","follow":"follow","max-snippet":"max-snippet:-1","max-image-preview":"max-image-preview:large","max-video-preview":"max-video-preview:-1"},"canonical":"https:\/\/123-esta.com\/es\/que-ver-y-hacer-en-chicago\/","og_locale":"es_ES","og_type":"article","og_title":"\u00bfCu\u00e1les son las cosas que hay que ver en Chicago?","og_description":"Chicago, una ciudad llena de sorpresas, que sin embargo no es la favorita de los turistas. \u00a1No cometa el error de ignorarlo!","og_url":"https:\/\/123-esta.com\/es\/que-ver-y-hacer-en-chicago\/","og_site_name":"Formulaire ESTA pour les USA","article_modified_time":"2022-09-06T21:22:45+00:00","twitter_card":"summary_large_image","twitter_misc":{"Tiempo de lectura":"3 minutos"},"schema":{"@context":"https:\/\/schema.org","@graph":[{"@type":"WebPage","@id":"https:\/\/123-esta.com\/es\/que-ver-y-hacer-en-chicago\/","url":"https:\/\/123-esta.com\/es\/que-ver-y-hacer-en-chicago\/","name":"\u00bfCu\u00e1les son las cosas que hay que ver en Chicago?","isPartOf":{"@id":"https:\/\/123-esta.com\/es\/#website"},"datePublished":"2022-01-02T08:56:29+00:00","dateModified":"2022-09-06T21:22:45+00:00","description":"Chicago, una ciudad llena de sorpresas, que sin embargo no es la favorita de los turistas. \u00a1No cometa el error de ignorarlo!","inLanguage":"es","potentialAction":[{"@type":"ReadAction","target":["https:\/\/123-esta.com\/es\/que-ver-y-hacer-en-chicago\/"]}]},{"@type":"WebSite","@id":"https:\/\/123-esta.com\/es\/#website","url":"https:\/\/123-esta.com\/es\/","name":"Formulaire ESTA pour les USA","description":"","publisher":{"@id":"https:\/\/123-esta.com\/es\/#organization"},"potentialAction":[{"@type":"SearchAction","target":{"@type":"EntryPoint","urlTemplate":"https:\/\/123-esta.com\/es\/?s={search_term_string}"},"query-input":{"@type":"PropertyValueSpecification","valueRequired":true,"valueName":"search_term_string"}}],"inLanguage":"es"},{"@type":"Organization","@id":"https:\/\/123-esta.com\/es\/#organization","name":"Formulaire ESTA pour les USA","url":"https:\/\/123-esta.com\/es\/","logo":{"@type":"ImageObject","inLanguage":"es","@id":"https:\/\/123-esta.com\/es\/#\/schema\/logo\/image\/","url":"https:\/\/123-esta.com\/wp-content\/uploads\/2018\/03\/logo-123-esta.png","contentUrl":"https:\/\/123-esta.com\/wp-content\/uploads\/2018\/03\/logo-123-esta.png","width":191,"height":54,"caption":"Formulaire ESTA pour les USA"},"image":{"@id":"https:\/\/123-esta.com\/es\/#\/schema\/logo\/image\/"}}]}},"_links":{"self":[{"href":"https:\/\/123-esta.com\/es\/wp-json\/wp\/v2\/pages\/1626","targetHints":{"allow":["GET"]}}],"collection":[{"href":"https:\/\/123-esta.com\/es\/wp-json\/wp\/v2\/pages"}],"about":[{"href":"https:\/\/123-esta.com\/es\/wp-json\/wp\/v2\/types\/page"}],"author":[{"embeddable":true,"href":"https:\/\/123-esta.com\/es\/wp-json\/wp\/v2\/users\/1"}],"replies":[{"embeddable":true,"href":"https:\/\/123-esta.com\/es\/wp-json\/wp\/v2\/comments?post=1626"}],"version-history":[{"count":0,"href":"https:\/\/123-esta.com\/es\/wp-json\/wp\/v2\/pages\/1626\/revisions"}],"wp:attachment":[{"href":"https:\/\/123-esta.com\/es\/wp-json\/wp\/v2\/media?parent=1626"}],"curies":[{"name":"wp","href":"https:\/\/api.w.org\/{rel}","templated":true}]}}