{"id":1623,"date":"2022-01-02T09:56:08","date_gmt":"2022-01-02T08:56:08","guid":{"rendered":"https:\/\/123-esta.com\/nuestras-10-mejores-atracciones-para-ver-y-hacer-en-miami\/"},"modified":"2022-09-01T09:39:58","modified_gmt":"2022-09-01T07:39:58","slug":"nuestras-10-mejores-atracciones-para-ver-y-hacer-en-miami","status":"publish","type":"page","link":"https:\/\/123-esta.com\/es\/nuestras-10-mejores-atracciones-para-ver-y-hacer-en-miami\/","title":{"rendered":"Nuestras 10 mejores atracciones para ver y hacer en Miami"},"content":{"rendered":"\n<p>Si esta es su primera vez en Miami, r\u00e1pidamente se dar\u00e1 cuenta del enorme potencial tur\u00edstico de esta ciudad que es inseparable de su <a href=\"https:\/\/123-esta.com\/es\/que-hacer-en-florida\/\">visita a Florida<\/a>.<\/p>\n\n<p>Con su documento ESTA en su bolsillo, puede explorar lo mejor que Miami tiene para ofrecer por hasta 90 d\u00edas. Un paseo por Miami Beach por la ma\u00f1ana en buena compa\u00f1\u00eda, una visita al museo por la tarde, una abundante comida en un restaurante cubano por la noche y una noche de fiesta en un club. \u00a1Las actividades son infinitas y todos deber\u00edan encontrar su cuenta!<\/p>\n\n<h2 class=\"wp-block-heading\">\u00bfPor d\u00f3nde empezar tu visita?<\/h2>\n\n<p>Su visita a Miami puede comenzar con la exploraci\u00f3n de Miami Beach, que es uno de los lugares m\u00e1s interesantes y populares para los visitantes. En esta zona encontrar\u00e1 una playa bordeada de palmeras que se extiende por varios kil\u00f3metros y es uno de los lugares m\u00e1s famosos de su tipo en el mundo.<\/p>\n\n<p>En los alrededores, encontrar\u00e1 terrazas de restaurantes con una vista impresionante del paseo mar\u00edtimo, parques muy limpios sin olvidar muchas discotecas. Tambi\u00e9n puede disfrutar de un crucero desde el puerto local, actividades n\u00e1uticas en la bah\u00eda o una visita guiada en veh\u00edculos anfibios.<\/p>\n\n<h2 class=\"wp-block-heading\">Los cinco polos de atracci\u00f3n de Miami<\/h2>\n\n<p>Seg\u00fan los gu\u00edas, Miami presenta cinco grandes atractivos para los turistas:<\/p>\n\n<ul class=\"wp-block-list\"><li>el art dec\u00f3 y las iluminaciones nocturnas que hacen brillar a Miami Beach sin contar los grandes edificios y los m\u00faltiples hoteles que no dejan indiferente al visitante;<\/li><li>La m\u00edtica avenida de Ocean Drive, junto al mar;<\/li><li>The World Erotic Art Museum, un museo que te habla sobre erotismo, arte y que tambi\u00e9n traza lo que Miami tiene m\u00e1s importante en su diversidad cultural;<\/li><li>El New World Center, un espacio que se ha hecho famoso gracias a sus espect\u00e1culos de renombre internacional;<\/li><li>South Beach, un lugar que recibe a miles de visitantes de todos los \u00e1mbitos de la vida cada a\u00f1o.<\/li><\/ul>\n\n<h2 class=\"wp-block-heading\">Un poco m\u00e1s sobre la ciudad de Miami y su regi\u00f3n.<\/h2>\n\n<p>La ciudad de Miami tiene un total de tres millones de habitantes que comparten un \u00e1rea de 6.297 km2. La poblaci\u00f3n, a menudo de habla hispana, se encuentra en uno de los innumerables vecindarios de Miami: Coral Gables, Little Havana, Overtown, Coconut Grove, Miami Beach y muchos otros. Tenga en cuenta que varios de estos distritos est\u00e1n en islas unidas por puentes.<\/p>\n\n<p>Miami es una ciudad latinoamericana (la mayor\u00eda de las indicaciones siempre estar\u00e1n en ingl\u00e9s y espa\u00f1ol) conocida por sus playas de arena pero tambi\u00e9n por sus muchos edificios modernos hasta donde alcanza la vista y su poblaci\u00f3n muy contrastante.<\/p>\n\n<p>Con muchos hoteles y restaurantes elegantes con arquitecturas de un pasado casi olvidado, Miami es un \u00e1rea popular para la industria del cine y la televisi\u00f3n estadounidenses. \u00a1Es posible que te topes con el set de uno u otro \u00e9xito de taquilla local mientras est\u00e9s en Florida!<\/p>\n","protected":false},"excerpt":{"rendered":"<p>Si esta es su primera vez en Miami, r\u00e1pidamente se dar\u00e1 cuenta del enorme potencial tur\u00edstico de esta ciudad que es inseparable de su visita a Florida. Con su documento ESTA en su bolsillo, puede explorar lo mejor que Miami tiene para ofrecer por hasta 90 d\u00edas. Un paseo por Miami Beach por la ma\u00f1ana [&hellip;]<\/p>\n","protected":false},"author":1,"featured_media":0,"parent":0,"menu_order":0,"comment_status":"closed","ping_status":"closed","template":"","meta":{"site-sidebar-layout":"default","site-content-layout":"default","ast-site-content-layout":"default","site-content-style":"default","site-sidebar-style":"default","ast-global-header-display":"","ast-banner-title-visibility":"","ast-main-header-display":"","ast-hfb-above-header-display":"","ast-hfb-below-header-display":"","ast-hfb-mobile-header-display":"","site-post-title":"","ast-breadcrumbs-content":"","ast-featured-img":"","footer-sml-layout":"","ast-disable-related-posts":"","theme-transparent-header-meta":"default","adv-header-id-meta":"","stick-header-meta":"default","header-above-stick-meta":"","header-main-stick-meta":"","header-below-stick-meta":"","astra-migrate-meta-layouts":"default","ast-page-background-enabled":"default","ast-page-background-meta":{"desktop":{"background-color":"","background-image":"","background-repeat":"repeat","background-position":"center center","background-size":"auto","background-attachment":"scroll","background-type":"","background-media":"","overlay-type":"","overlay-color":"","overlay-opacity":"","overlay-gradient":""},"tablet":{"background-color":"","background-image":"","background-repeat":"repeat","background-position":"center center","background-size":"auto","background-attachment":"scroll","background-type":"","background-media":"","overlay-type":"","overlay-color":"","overlay-opacity":"","overlay-gradient":""},"mobile":{"background-color":"","background-image":"","background-repeat":"repeat","background-position":"center center","background-size":"auto","background-attachment":"scroll","background-type":"","background-media":"","overlay-type":"","overlay-color":"","overlay-opacity":"","overlay-gradient":""}},"ast-content-background-meta":{"desktop":{"background-color":"var(--ast-global-color-5)","background-image":"","background-repeat":"repeat","background-position":"center center","background-size":"auto","background-attachment":"scroll","background-type":"","background-media":"","overlay-type":"","overlay-color":"","overlay-opacity":"","overlay-gradient":""},"tablet":{"background-color":"var(--ast-global-color-5)","background-image":"","background-repeat":"repeat","background-position":"center center","background-size":"auto","background-attachment":"scroll","background-type":"","background-media":"","overlay-type":"","overlay-color":"","overlay-opacity":"","overlay-gradient":""},"mobile":{"background-color":"var(--ast-global-color-5)","background-image":"","background-repeat":"repeat","background-position":"center center","background-size":"auto","background-attachment":"scroll","background-type":"","background-media":"","overlay-type":"","overlay-color":"","overlay-opacity":"","overlay-gradient":""}},"footnotes":""},"class_list":["post-1623","page","type-page","status-publish","hentry"],"yoast_head":"<!-- This site is optimized with the Yoast SEO plugin v27.1.1 - https:\/\/yoast.com\/product\/yoast-seo-wordpress\/ -->\n<title>Nuestros 10 mejores tours imperdibles en Miami<\/title>\n<meta name=\"description\" content=\"Presentaci\u00f3n de los 10 lugares que no hay que perderse en Miami. No olvide solicitar el ESTA para disfrutar de esta m\u00e1gica ciudad.\" \/>\n<meta name=\"robots\" content=\"index, follow, max-snippet:-1, max-image-preview:large, max-video-preview:-1\" \/>\n<link rel=\"canonical\" href=\"https:\/\/123-esta.com\/es\/nuestras-10-mejores-atracciones-para-ver-y-hacer-en-miami\/\" \/>\n<meta property=\"og:locale\" content=\"es_ES\" \/>\n<meta property=\"og:type\" content=\"article\" \/>\n<meta property=\"og:title\" content=\"Nuestros 10 mejores tours imperdibles en Miami\" \/>\n<meta property=\"og:description\" content=\"Presentaci\u00f3n de los 10 lugares que no hay que perderse en Miami. No olvide solicitar el ESTA para disfrutar de esta m\u00e1gica ciudad.\" \/>\n<meta property=\"og:url\" content=\"https:\/\/123-esta.com\/es\/nuestras-10-mejores-atracciones-para-ver-y-hacer-en-miami\/\" \/>\n<meta property=\"og:site_name\" content=\"Formulaire ESTA pour les USA\" \/>\n<meta property=\"article:modified_time\" content=\"2022-09-01T07:39:58+00:00\" \/>\n<meta name=\"twitter:card\" content=\"summary_large_image\" \/>\n<meta name=\"twitter:label1\" content=\"Tiempo de lectura\" \/>\n\t<meta name=\"twitter:data1\" content=\"3 minutos\" \/>\n<script type=\"application\/ld+json\" class=\"yoast-schema-graph\">{\"@context\":\"https:\/\/schema.org\",\"@graph\":[{\"@type\":\"WebPage\",\"@id\":\"https:\/\/123-esta.com\/es\/nuestras-10-mejores-atracciones-para-ver-y-hacer-en-miami\/\",\"url\":\"https:\/\/123-esta.com\/es\/nuestras-10-mejores-atracciones-para-ver-y-hacer-en-miami\/\",\"name\":\"Nuestros 10 mejores tours imperdibles en Miami\",\"isPartOf\":{\"@id\":\"https:\/\/123-esta.com\/es\/#website\"},\"datePublished\":\"2022-01-02T08:56:08+00:00\",\"dateModified\":\"2022-09-01T07:39:58+00:00\",\"description\":\"Presentaci\u00f3n de los 10 lugares que no hay que perderse en Miami. No olvide solicitar el ESTA para disfrutar de esta m\u00e1gica ciudad.\",\"inLanguage\":\"es\",\"potentialAction\":[{\"@type\":\"ReadAction\",\"target\":[\"https:\/\/123-esta.com\/es\/nuestras-10-mejores-atracciones-para-ver-y-hacer-en-miami\/\"]}]},{\"@type\":\"WebSite\",\"@id\":\"https:\/\/123-esta.com\/es\/#website\",\"url\":\"https:\/\/123-esta.com\/es\/\",\"name\":\"Formulaire ESTA pour les USA\",\"description\":\"\",\"publisher\":{\"@id\":\"https:\/\/123-esta.com\/es\/#organization\"},\"potentialAction\":[{\"@type\":\"SearchAction\",\"target\":{\"@type\":\"EntryPoint\",\"urlTemplate\":\"https:\/\/123-esta.com\/es\/?s={search_term_string}\"},\"query-input\":{\"@type\":\"PropertyValueSpecification\",\"valueRequired\":true,\"valueName\":\"search_term_string\"}}],\"inLanguage\":\"es\"},{\"@type\":\"Organization\",\"@id\":\"https:\/\/123-esta.com\/es\/#organization\",\"name\":\"Formulaire ESTA pour les USA\",\"url\":\"https:\/\/123-esta.com\/es\/\",\"logo\":{\"@type\":\"ImageObject\",\"inLanguage\":\"es\",\"@id\":\"https:\/\/123-esta.com\/es\/#\/schema\/logo\/image\/\",\"url\":\"https:\/\/123-esta.com\/wp-content\/uploads\/2018\/03\/logo-123-esta.png\",\"contentUrl\":\"https:\/\/123-esta.com\/wp-content\/uploads\/2018\/03\/logo-123-esta.png\",\"width\":191,\"height\":54,\"caption\":\"Formulaire ESTA pour les USA\"},\"image\":{\"@id\":\"https:\/\/123-esta.com\/es\/#\/schema\/logo\/image\/\"}}]}<\/script>\n<!-- \/ Yoast SEO plugin. -->","yoast_head_json":{"title":"Nuestros 10 mejores tours imperdibles en Miami","description":"Presentaci\u00f3n de los 10 lugares que no hay que perderse en Miami. No olvide solicitar el ESTA para disfrutar de esta m\u00e1gica ciudad.","robots":{"index":"index","follow":"follow","max-snippet":"max-snippet:-1","max-image-preview":"max-image-preview:large","max-video-preview":"max-video-preview:-1"},"canonical":"https:\/\/123-esta.com\/es\/nuestras-10-mejores-atracciones-para-ver-y-hacer-en-miami\/","og_locale":"es_ES","og_type":"article","og_title":"Nuestros 10 mejores tours imperdibles en Miami","og_description":"Presentaci\u00f3n de los 10 lugares que no hay que perderse en Miami. No olvide solicitar el ESTA para disfrutar de esta m\u00e1gica ciudad.","og_url":"https:\/\/123-esta.com\/es\/nuestras-10-mejores-atracciones-para-ver-y-hacer-en-miami\/","og_site_name":"Formulaire ESTA pour les USA","article_modified_time":"2022-09-01T07:39:58+00:00","twitter_card":"summary_large_image","twitter_misc":{"Tiempo de lectura":"3 minutos"},"schema":{"@context":"https:\/\/schema.org","@graph":[{"@type":"WebPage","@id":"https:\/\/123-esta.com\/es\/nuestras-10-mejores-atracciones-para-ver-y-hacer-en-miami\/","url":"https:\/\/123-esta.com\/es\/nuestras-10-mejores-atracciones-para-ver-y-hacer-en-miami\/","name":"Nuestros 10 mejores tours imperdibles en Miami","isPartOf":{"@id":"https:\/\/123-esta.com\/es\/#website"},"datePublished":"2022-01-02T08:56:08+00:00","dateModified":"2022-09-01T07:39:58+00:00","description":"Presentaci\u00f3n de los 10 lugares que no hay que perderse en Miami. No olvide solicitar el ESTA para disfrutar de esta m\u00e1gica ciudad.","inLanguage":"es","potentialAction":[{"@type":"ReadAction","target":["https:\/\/123-esta.com\/es\/nuestras-10-mejores-atracciones-para-ver-y-hacer-en-miami\/"]}]},{"@type":"WebSite","@id":"https:\/\/123-esta.com\/es\/#website","url":"https:\/\/123-esta.com\/es\/","name":"Formulaire ESTA pour les USA","description":"","publisher":{"@id":"https:\/\/123-esta.com\/es\/#organization"},"potentialAction":[{"@type":"SearchAction","target":{"@type":"EntryPoint","urlTemplate":"https:\/\/123-esta.com\/es\/?s={search_term_string}"},"query-input":{"@type":"PropertyValueSpecification","valueRequired":true,"valueName":"search_term_string"}}],"inLanguage":"es"},{"@type":"Organization","@id":"https:\/\/123-esta.com\/es\/#organization","name":"Formulaire ESTA pour les USA","url":"https:\/\/123-esta.com\/es\/","logo":{"@type":"ImageObject","inLanguage":"es","@id":"https:\/\/123-esta.com\/es\/#\/schema\/logo\/image\/","url":"https:\/\/123-esta.com\/wp-content\/uploads\/2018\/03\/logo-123-esta.png","contentUrl":"https:\/\/123-esta.com\/wp-content\/uploads\/2018\/03\/logo-123-esta.png","width":191,"height":54,"caption":"Formulaire ESTA pour les USA"},"image":{"@id":"https:\/\/123-esta.com\/es\/#\/schema\/logo\/image\/"}}]}},"_links":{"self":[{"href":"https:\/\/123-esta.com\/es\/wp-json\/wp\/v2\/pages\/1623","targetHints":{"allow":["GET"]}}],"collection":[{"href":"https:\/\/123-esta.com\/es\/wp-json\/wp\/v2\/pages"}],"about":[{"href":"https:\/\/123-esta.com\/es\/wp-json\/wp\/v2\/types\/page"}],"author":[{"embeddable":true,"href":"https:\/\/123-esta.com\/es\/wp-json\/wp\/v2\/users\/1"}],"replies":[{"embeddable":true,"href":"https:\/\/123-esta.com\/es\/wp-json\/wp\/v2\/comments?post=1623"}],"version-history":[{"count":0,"href":"https:\/\/123-esta.com\/es\/wp-json\/wp\/v2\/pages\/1623\/revisions"}],"wp:attachment":[{"href":"https:\/\/123-esta.com\/es\/wp-json\/wp\/v2\/media?parent=1623"}],"curies":[{"name":"wp","href":"https:\/\/api.w.org\/{rel}","templated":true}]}}