{"id":1620,"date":"2021-12-24T16:51:43","date_gmt":"2021-12-24T15:51:43","guid":{"rendered":"https:\/\/123-esta.com\/fort-lauderdale-el-punto-de-partida-de-los-cruceros-por-el-caribe\/"},"modified":"2022-09-16T10:39:00","modified_gmt":"2022-09-16T08:39:00","slug":"fort-lauderdale-crucero","status":"publish","type":"page","link":"https:\/\/123-esta.com\/es\/fort-lauderdale-crucero\/","title":{"rendered":"Fort Lauderdale, el punto de partida de los cruceros por el Caribe"},"content":{"rendered":"\n<p>Ubicado en el sureste del <a href=\"https:\/\/123-esta.com\/es\/que-hacer-en-florida\/\">estado de Florida<\/a> , Fort Lauderdale es un destino tur\u00edstico con muchos atractivos, ideal para comenzar su viaje en crucero por el Caribe. Tambi\u00e9n llamada la Venecia de Am\u00e9rica, la ciudad tiene muchas ventajas.<\/p>\n\n<h2 class=\"wp-block-heading\">Los principales activos de la ciudad<\/h2>\n\n<p>Una de las principales ventajas de esta ciudad es su apertura al Caribe, lo que la convierte en un punto de partida privilegiado para muchos cruceros. Fort-Lauderdale tambi\u00e9n est\u00e1 a menos de una hora en autom\u00f3vil de Miami, sus incre\u00edbles playas, su ambiente latino y sus famosas fiestas. Sin embargo, no tienes que viajar especialmente fuera de la ciudad. Muchos sitios tur\u00edsticos se pueden ver en el sitio, le damos una lista no exhaustiva a continuaci\u00f3n.<\/p>\n\n<h2 class=\"wp-block-heading\">Los canales de Fort Lauderdale<\/h2>\n\n<p>La ciudad se distingue de otras por muchas v\u00edas fluviales de m\u00e1s de 400 kil\u00f3metros de largo. Estos canales fueron dise\u00f1ados a principios del siglo XX para drenar los pantanos originales y permitir el desarrollo urbano.<\/p>\n\n<p>Los canales son v\u00edas fluviales que utiliza el &#8216;autob\u00fas acu\u00e1tico&#8217; con el que se puede recorrer la ciudad. Se pueden admirar especialmente las bonitas casas y sus yates. De hecho, para una poblaci\u00f3n de apenas 165.000 habitantes, Fort Lauderdale tiene cerca de 50.000 barcos anclados en los cientos de puertos disponibles.<\/p>\n\n<h2 class=\"wp-block-heading\">La casa del capot<\/h2>\n\n<p>La Casa Bonnet es una de las casas hist\u00f3ricas de la ciudad, totalmente construida en coral y que conserva una colecci\u00f3n \u00fanica de pinturas postimpresionistas. Est\u00e1 rodeado por un magn\u00edfico parque de 14 hect\u00e1reas.<\/p>\n\n<p>Un invernadero de orqu\u00eddeas y esculturas muy originales tambi\u00e9n forman parte de los atractivos tur\u00edsticos de este sitio. Los voluntarios de la asociaci\u00f3n local organizan constantemente visitas guiadas.<\/p>\n\n<h2 class=\"wp-block-heading\">Lo Strip<\/h2>\n\n<p>Esta larga avenida junto al mar se encuentra entre los Bulevares de Las Olas y Sunrise. Es conocido por sus caf\u00e9s, hoteles y restaurantes que son populares entre los turistas debido a la proximidad a las bonitas playas de la ciudad.<\/p>\n\n<p>La Casa Bonnet est\u00e1 cerca de la franja donde tambi\u00e9n se puede visitar el Sal\u00f3n de la Fama de la Nataci\u00f3n Internacional, un complejo de nataci\u00f3n donde se llevan a cabo competiciones de alto nivel que tambi\u00e9n incluye un museo dedicado al deporte querido por Michael Phelps.<\/p>\n\n<h2 class=\"wp-block-heading\">La vida nocturna de Fort Lauderdale<\/h2>\n\n<p>La Meca de la vida nocturna de Florida, la ciudad le permitir\u00e1 disfrutar de diversas festividades y otras veladas interminables.<\/p>\n\n<p>Recomendamos especialmente el Blue Martini, que es uno de los lugares m\u00e1s populares entre los j\u00f3venes locales de moda. Esta cadena de bares lounge se encuentra en toda Florida con un estilo moderno y el ambiente perfecto para aquellos de ustedes que necesitan desahogarse hasta el final de la noche.<\/p>\n\n<p>El Smoke Caf\u00e9 es adecuado para los amantes del vino. Con su ambiente acogedor, esta bodega presenta muchas variedades de uva de diversos or\u00edgenes, as\u00ed como excelentes puros de Cuba.<\/p>\n","protected":false},"excerpt":{"rendered":"<p>Ubicado en el sureste del estado de Florida , Fort Lauderdale es un destino tur\u00edstico con muchos atractivos, ideal para comenzar su viaje en crucero por el Caribe. Tambi\u00e9n llamada la Venecia de Am\u00e9rica, la ciudad tiene muchas ventajas. Los principales activos de la ciudad Una de las principales ventajas de esta ciudad es su [&hellip;]<\/p>\n","protected":false},"author":1,"featured_media":0,"parent":0,"menu_order":0,"comment_status":"closed","ping_status":"closed","template":"","meta":{"site-sidebar-layout":"default","site-content-layout":"default","ast-site-content-layout":"default","site-content-style":"default","site-sidebar-style":"default","ast-global-header-display":"","ast-banner-title-visibility":"","ast-main-header-display":"","ast-hfb-above-header-display":"","ast-hfb-below-header-display":"","ast-hfb-mobile-header-display":"","site-post-title":"","ast-breadcrumbs-content":"","ast-featured-img":"","footer-sml-layout":"","ast-disable-related-posts":"","theme-transparent-header-meta":"default","adv-header-id-meta":"","stick-header-meta":"default","header-above-stick-meta":"","header-main-stick-meta":"","header-below-stick-meta":"","astra-migrate-meta-layouts":"default","ast-page-background-enabled":"default","ast-page-background-meta":{"desktop":{"background-color":"","background-image":"","background-repeat":"repeat","background-position":"center center","background-size":"auto","background-attachment":"scroll","background-type":"","background-media":"","overlay-type":"","overlay-color":"","overlay-opacity":"","overlay-gradient":""},"tablet":{"background-color":"","background-image":"","background-repeat":"repeat","background-position":"center center","background-size":"auto","background-attachment":"scroll","background-type":"","background-media":"","overlay-type":"","overlay-color":"","overlay-opacity":"","overlay-gradient":""},"mobile":{"background-color":"","background-image":"","background-repeat":"repeat","background-position":"center center","background-size":"auto","background-attachment":"scroll","background-type":"","background-media":"","overlay-type":"","overlay-color":"","overlay-opacity":"","overlay-gradient":""}},"ast-content-background-meta":{"desktop":{"background-color":"var(--ast-global-color-5)","background-image":"","background-repeat":"repeat","background-position":"center center","background-size":"auto","background-attachment":"scroll","background-type":"","background-media":"","overlay-type":"","overlay-color":"","overlay-opacity":"","overlay-gradient":""},"tablet":{"background-color":"var(--ast-global-color-5)","background-image":"","background-repeat":"repeat","background-position":"center center","background-size":"auto","background-attachment":"scroll","background-type":"","background-media":"","overlay-type":"","overlay-color":"","overlay-opacity":"","overlay-gradient":""},"mobile":{"background-color":"var(--ast-global-color-5)","background-image":"","background-repeat":"repeat","background-position":"center center","background-size":"auto","background-attachment":"scroll","background-type":"","background-media":"","overlay-type":"","overlay-color":"","overlay-opacity":"","overlay-gradient":""}},"footnotes":""},"class_list":["post-1620","page","type-page","status-publish","hentry"],"yoast_head":"<!-- This site is optimized with the Yoast SEO plugin v27.1.1 - https:\/\/yoast.com\/product\/yoast-seo-wordpress\/ -->\n<title>Fort Lauderdale, puerto de salida de su crucero por el Caribe<\/title>\n<meta name=\"description\" content=\"Fort Lauderdale, la Venecia de Am\u00e9rica, es un lugar tur\u00edstico con muchas atracciones. Tambi\u00e9n es el punto de partida de los cruceros.\" \/>\n<meta name=\"robots\" content=\"index, follow, max-snippet:-1, max-image-preview:large, max-video-preview:-1\" \/>\n<link rel=\"canonical\" href=\"https:\/\/123-esta.com\/es\/fort-lauderdale-crucero\/\" \/>\n<meta property=\"og:locale\" content=\"es_ES\" \/>\n<meta property=\"og:type\" content=\"article\" \/>\n<meta property=\"og:title\" content=\"Fort Lauderdale, puerto de salida de su crucero por el Caribe\" \/>\n<meta property=\"og:description\" content=\"Fort Lauderdale, la Venecia de Am\u00e9rica, es un lugar tur\u00edstico con muchas atracciones. Tambi\u00e9n es el punto de partida de los cruceros.\" \/>\n<meta property=\"og:url\" content=\"https:\/\/123-esta.com\/es\/fort-lauderdale-crucero\/\" \/>\n<meta property=\"og:site_name\" content=\"Formulaire ESTA pour les USA\" \/>\n<meta property=\"article:modified_time\" content=\"2022-09-16T08:39:00+00:00\" \/>\n<meta name=\"twitter:card\" content=\"summary_large_image\" \/>\n<meta name=\"twitter:label1\" content=\"Tiempo de lectura\" \/>\n\t<meta name=\"twitter:data1\" content=\"3 minutos\" \/>\n<script type=\"application\/ld+json\" class=\"yoast-schema-graph\">{\"@context\":\"https:\/\/schema.org\",\"@graph\":[{\"@type\":\"WebPage\",\"@id\":\"https:\/\/123-esta.com\/es\/fort-lauderdale-crucero\/\",\"url\":\"https:\/\/123-esta.com\/es\/fort-lauderdale-crucero\/\",\"name\":\"Fort Lauderdale, puerto de salida de su crucero por el Caribe\",\"isPartOf\":{\"@id\":\"https:\/\/123-esta.com\/es\/#website\"},\"datePublished\":\"2021-12-24T15:51:43+00:00\",\"dateModified\":\"2022-09-16T08:39:00+00:00\",\"description\":\"Fort Lauderdale, la Venecia de Am\u00e9rica, es un lugar tur\u00edstico con muchas atracciones. Tambi\u00e9n es el punto de partida de los cruceros.\",\"inLanguage\":\"es\",\"potentialAction\":[{\"@type\":\"ReadAction\",\"target\":[\"https:\/\/123-esta.com\/es\/fort-lauderdale-crucero\/\"]}]},{\"@type\":\"WebSite\",\"@id\":\"https:\/\/123-esta.com\/es\/#website\",\"url\":\"https:\/\/123-esta.com\/es\/\",\"name\":\"Formulaire ESTA pour les USA\",\"description\":\"\",\"publisher\":{\"@id\":\"https:\/\/123-esta.com\/es\/#organization\"},\"potentialAction\":[{\"@type\":\"SearchAction\",\"target\":{\"@type\":\"EntryPoint\",\"urlTemplate\":\"https:\/\/123-esta.com\/es\/?s={search_term_string}\"},\"query-input\":{\"@type\":\"PropertyValueSpecification\",\"valueRequired\":true,\"valueName\":\"search_term_string\"}}],\"inLanguage\":\"es\"},{\"@type\":\"Organization\",\"@id\":\"https:\/\/123-esta.com\/es\/#organization\",\"name\":\"Formulaire ESTA pour les USA\",\"url\":\"https:\/\/123-esta.com\/es\/\",\"logo\":{\"@type\":\"ImageObject\",\"inLanguage\":\"es\",\"@id\":\"https:\/\/123-esta.com\/es\/#\/schema\/logo\/image\/\",\"url\":\"https:\/\/123-esta.com\/wp-content\/uploads\/2018\/03\/logo-123-esta.png\",\"contentUrl\":\"https:\/\/123-esta.com\/wp-content\/uploads\/2018\/03\/logo-123-esta.png\",\"width\":191,\"height\":54,\"caption\":\"Formulaire ESTA pour les USA\"},\"image\":{\"@id\":\"https:\/\/123-esta.com\/es\/#\/schema\/logo\/image\/\"}}]}<\/script>\n<!-- \/ Yoast SEO plugin. -->","yoast_head_json":{"title":"Fort Lauderdale, puerto de salida de su crucero por el Caribe","description":"Fort Lauderdale, la Venecia de Am\u00e9rica, es un lugar tur\u00edstico con muchas atracciones. Tambi\u00e9n es el punto de partida de los cruceros.","robots":{"index":"index","follow":"follow","max-snippet":"max-snippet:-1","max-image-preview":"max-image-preview:large","max-video-preview":"max-video-preview:-1"},"canonical":"https:\/\/123-esta.com\/es\/fort-lauderdale-crucero\/","og_locale":"es_ES","og_type":"article","og_title":"Fort Lauderdale, puerto de salida de su crucero por el Caribe","og_description":"Fort Lauderdale, la Venecia de Am\u00e9rica, es un lugar tur\u00edstico con muchas atracciones. Tambi\u00e9n es el punto de partida de los cruceros.","og_url":"https:\/\/123-esta.com\/es\/fort-lauderdale-crucero\/","og_site_name":"Formulaire ESTA pour les USA","article_modified_time":"2022-09-16T08:39:00+00:00","twitter_card":"summary_large_image","twitter_misc":{"Tiempo de lectura":"3 minutos"},"schema":{"@context":"https:\/\/schema.org","@graph":[{"@type":"WebPage","@id":"https:\/\/123-esta.com\/es\/fort-lauderdale-crucero\/","url":"https:\/\/123-esta.com\/es\/fort-lauderdale-crucero\/","name":"Fort Lauderdale, puerto de salida de su crucero por el Caribe","isPartOf":{"@id":"https:\/\/123-esta.com\/es\/#website"},"datePublished":"2021-12-24T15:51:43+00:00","dateModified":"2022-09-16T08:39:00+00:00","description":"Fort Lauderdale, la Venecia de Am\u00e9rica, es un lugar tur\u00edstico con muchas atracciones. Tambi\u00e9n es el punto de partida de los cruceros.","inLanguage":"es","potentialAction":[{"@type":"ReadAction","target":["https:\/\/123-esta.com\/es\/fort-lauderdale-crucero\/"]}]},{"@type":"WebSite","@id":"https:\/\/123-esta.com\/es\/#website","url":"https:\/\/123-esta.com\/es\/","name":"Formulaire ESTA pour les USA","description":"","publisher":{"@id":"https:\/\/123-esta.com\/es\/#organization"},"potentialAction":[{"@type":"SearchAction","target":{"@type":"EntryPoint","urlTemplate":"https:\/\/123-esta.com\/es\/?s={search_term_string}"},"query-input":{"@type":"PropertyValueSpecification","valueRequired":true,"valueName":"search_term_string"}}],"inLanguage":"es"},{"@type":"Organization","@id":"https:\/\/123-esta.com\/es\/#organization","name":"Formulaire ESTA pour les USA","url":"https:\/\/123-esta.com\/es\/","logo":{"@type":"ImageObject","inLanguage":"es","@id":"https:\/\/123-esta.com\/es\/#\/schema\/logo\/image\/","url":"https:\/\/123-esta.com\/wp-content\/uploads\/2018\/03\/logo-123-esta.png","contentUrl":"https:\/\/123-esta.com\/wp-content\/uploads\/2018\/03\/logo-123-esta.png","width":191,"height":54,"caption":"Formulaire ESTA pour les USA"},"image":{"@id":"https:\/\/123-esta.com\/es\/#\/schema\/logo\/image\/"}}]}},"_links":{"self":[{"href":"https:\/\/123-esta.com\/es\/wp-json\/wp\/v2\/pages\/1620","targetHints":{"allow":["GET"]}}],"collection":[{"href":"https:\/\/123-esta.com\/es\/wp-json\/wp\/v2\/pages"}],"about":[{"href":"https:\/\/123-esta.com\/es\/wp-json\/wp\/v2\/types\/page"}],"author":[{"embeddable":true,"href":"https:\/\/123-esta.com\/es\/wp-json\/wp\/v2\/users\/1"}],"replies":[{"embeddable":true,"href":"https:\/\/123-esta.com\/es\/wp-json\/wp\/v2\/comments?post=1620"}],"version-history":[{"count":0,"href":"https:\/\/123-esta.com\/es\/wp-json\/wp\/v2\/pages\/1620\/revisions"}],"wp:attachment":[{"href":"https:\/\/123-esta.com\/es\/wp-json\/wp\/v2\/media?parent=1620"}],"curies":[{"name":"wp","href":"https:\/\/api.w.org\/{rel}","templated":true}]}}