{"id":1616,"date":"2021-12-21T18:46:29","date_gmt":"2021-12-21T17:46:29","guid":{"rendered":"https:\/\/123-esta.com\/visite-central-park-el-pulmon-de-nueva-york\/"},"modified":"2022-09-19T17:24:31","modified_gmt":"2022-09-19T15:24:31","slug":"visite-central-park-el-pulmon-de-nueva-york","status":"publish","type":"page","link":"https:\/\/123-esta.com\/es\/visite-central-park-el-pulmon-de-nueva-york\/","title":{"rendered":"Visite Central Park, el pulm\u00f3n de Nueva York"},"content":{"rendered":"\n<p><a href=\"https:\/\/123-esta.com\/es\/las-10-visitas-obligadas-en-nueva-york\/\">Nueva York<\/a> es famosa por muchas cosas. Reconocida por ser la ciudad m\u00e1s visitada del mundo, fascina por su modernidad y la diversidad cultural que ofrece. Sus enormes rascacielos impresionan y su mayor espacio verde, Central Parc, ubicado en Manhattan ha grabado la memoria y el coraz\u00f3n de quienes lo han visitado.<\/p>\n\n<p>De los parques de los cinco distritos de Nueva York, Central Parc es el m\u00e1s grande y el m\u00e1s conocido. Cubre un \u00e1rea de 341 hect\u00e1reas y es la culminaci\u00f3n de 13 a\u00f1os de arduo trabajo por parte de profesionales y entusiastas del paisajismo.<\/p>\n\n<p>Central Park se compone de varios elementos que incluyen grandes \u00e1reas de c\u00e9sped muy populares entre las familias de Nueva York, jardines multicolores, espacios boscosos y silvestres poblados por m\u00e1s de 280 especies de aves y diez especies de mam\u00edferos, y un mapa de agua compuesto por estanques simples. con grandes lagos artificiales. Por lo tanto, este magn\u00edfico lugar se llama con raz\u00f3n \u00abel pulm\u00f3n de Nueva York\u00bb. \u00ab<\/p>\n\n<h2 class=\"wp-block-heading\">En que \u00e9poca del a\u00f1o visitar Central Park<\/h2>\n\n<p>Central Park est\u00e1 dedicado a la familia, a los deportistas, a los amantes de la naturaleza y a todos aquellos que anhelan la paz. Ofrece diferentes espect\u00e1culos seg\u00fan la \u00e9poca del a\u00f1o. El parque est\u00e1 a tope en el verano cuando la mayor\u00eda de los neoyorquinos vienen aqu\u00ed para tomar el sol o relajarse bajo la sombra de los \u00e1rboles.<\/p>\n\n<p>El ambiente es casi el mismo durante el oto\u00f1o y la primavera, excepto a nivel de la decoraci\u00f3n marcada por un encantador juego de colores debido a la floraci\u00f3n de las plantas durante la primavera y a las hojas de los \u00e1rboles que cambian de color en el oto\u00f1o. Y en invierno, cuando la nieve lo permite, Central Parc se convierte en una verdadera estaci\u00f3n de esqu\u00ed popular entre las familias de Nueva York. Todo est\u00e1 ah\u00ed, desde trineos hasta esqu\u00ed de fondo, sin mencionar el patinaje sobre hielo.<\/p>\n\n<h2 class=\"wp-block-heading\">Como visitar Central Park<\/h2>\n\n<p>Se recomienda el recorrido a pie o en bicicleta. El alquiler de bicicletas es omnipresente en los Estados Unidos, y especialmente en las principales ciudades y lugares tur\u00edsticos de todo el pa\u00eds. Pedalear por Central Parc te permite disfrutar mejor del paisaje y llegar a tantos lugares del parque como sea posible. No olvide que Central Parc es enorme y se extiende hasta 4 km sobre un \u00e1rea de 800m\u00b2.<\/p>\n\n<p>Generalmente, las parejas se sienten atra\u00eddas por el alquiler de un barco. Es una forma m\u00e1s rom\u00e1ntica y original de visitar el parque y pasar un buen rato juntos.<\/p>\n\n<p>Puede encontrar f\u00e1cilmente comida en la calle para comprar bebidas fr\u00edas y disfrutar de buenos perritos calientes. Hay restaurantes encantadores donde sentarse a tomar una copa y disfrutar de la belleza del paisaje. Central Parc es simplemente magn\u00edfico.<\/p>\n","protected":false},"excerpt":{"rendered":"<p>Nueva York es famosa por muchas cosas. Reconocida por ser la ciudad m\u00e1s visitada del mundo, fascina por su modernidad y la diversidad cultural que ofrece. Sus enormes rascacielos impresionan y su mayor espacio verde, Central Parc, ubicado en Manhattan ha grabado la memoria y el coraz\u00f3n de quienes lo han visitado. De los parques [&hellip;]<\/p>\n","protected":false},"author":1,"featured_media":0,"parent":0,"menu_order":0,"comment_status":"closed","ping_status":"closed","template":"","meta":{"site-sidebar-layout":"default","site-content-layout":"default","ast-site-content-layout":"default","site-content-style":"default","site-sidebar-style":"default","ast-global-header-display":"","ast-banner-title-visibility":"","ast-main-header-display":"","ast-hfb-above-header-display":"","ast-hfb-below-header-display":"","ast-hfb-mobile-header-display":"","site-post-title":"","ast-breadcrumbs-content":"","ast-featured-img":"","footer-sml-layout":"","ast-disable-related-posts":"","theme-transparent-header-meta":"default","adv-header-id-meta":"","stick-header-meta":"default","header-above-stick-meta":"","header-main-stick-meta":"","header-below-stick-meta":"","astra-migrate-meta-layouts":"default","ast-page-background-enabled":"default","ast-page-background-meta":{"desktop":{"background-color":"","background-image":"","background-repeat":"repeat","background-position":"center center","background-size":"auto","background-attachment":"scroll","background-type":"","background-media":"","overlay-type":"","overlay-color":"","overlay-opacity":"","overlay-gradient":""},"tablet":{"background-color":"","background-image":"","background-repeat":"repeat","background-position":"center center","background-size":"auto","background-attachment":"scroll","background-type":"","background-media":"","overlay-type":"","overlay-color":"","overlay-opacity":"","overlay-gradient":""},"mobile":{"background-color":"","background-image":"","background-repeat":"repeat","background-position":"center center","background-size":"auto","background-attachment":"scroll","background-type":"","background-media":"","overlay-type":"","overlay-color":"","overlay-opacity":"","overlay-gradient":""}},"ast-content-background-meta":{"desktop":{"background-color":"var(--ast-global-color-5)","background-image":"","background-repeat":"repeat","background-position":"center center","background-size":"auto","background-attachment":"scroll","background-type":"","background-media":"","overlay-type":"","overlay-color":"","overlay-opacity":"","overlay-gradient":""},"tablet":{"background-color":"var(--ast-global-color-5)","background-image":"","background-repeat":"repeat","background-position":"center center","background-size":"auto","background-attachment":"scroll","background-type":"","background-media":"","overlay-type":"","overlay-color":"","overlay-opacity":"","overlay-gradient":""},"mobile":{"background-color":"var(--ast-global-color-5)","background-image":"","background-repeat":"repeat","background-position":"center center","background-size":"auto","background-attachment":"scroll","background-type":"","background-media":"","overlay-type":"","overlay-color":"","overlay-opacity":"","overlay-gradient":""}},"footnotes":""},"class_list":["post-1616","page","type-page","status-publish","hentry"],"yoast_head":"<!-- This site is optimized with the Yoast SEO plugin v27.1.1 - https:\/\/yoast.com\/product\/yoast-seo-wordpress\/ -->\n<title>Visite Central Park, lugar emblem\u00e1tico de Nueva York<\/title>\n<meta name=\"description\" content=\"Central Park, el pulm\u00f3n de Nueva York. Lugar extraordinario en el coraz\u00f3n de la ciudad que nunca duerme. No te lo pierdas.\" \/>\n<meta name=\"robots\" content=\"index, follow, max-snippet:-1, max-image-preview:large, max-video-preview:-1\" \/>\n<link rel=\"canonical\" href=\"https:\/\/123-esta.com\/es\/visite-central-park-el-pulmon-de-nueva-york\/\" \/>\n<meta property=\"og:locale\" content=\"es_ES\" \/>\n<meta property=\"og:type\" content=\"article\" \/>\n<meta property=\"og:title\" content=\"Visite Central Park, lugar emblem\u00e1tico de Nueva York\" \/>\n<meta property=\"og:description\" content=\"Central Park, el pulm\u00f3n de Nueva York. Lugar extraordinario en el coraz\u00f3n de la ciudad que nunca duerme. No te lo pierdas.\" \/>\n<meta property=\"og:url\" content=\"https:\/\/123-esta.com\/es\/visite-central-park-el-pulmon-de-nueva-york\/\" \/>\n<meta property=\"og:site_name\" content=\"Formulaire ESTA pour les USA\" \/>\n<meta property=\"article:modified_time\" content=\"2022-09-19T15:24:31+00:00\" \/>\n<meta name=\"twitter:card\" content=\"summary_large_image\" \/>\n<meta name=\"twitter:label1\" content=\"Tiempo de lectura\" \/>\n\t<meta name=\"twitter:data1\" content=\"3 minutos\" \/>\n<script type=\"application\/ld+json\" class=\"yoast-schema-graph\">{\"@context\":\"https:\/\/schema.org\",\"@graph\":[{\"@type\":\"WebPage\",\"@id\":\"https:\/\/123-esta.com\/es\/visite-central-park-el-pulmon-de-nueva-york\/\",\"url\":\"https:\/\/123-esta.com\/es\/visite-central-park-el-pulmon-de-nueva-york\/\",\"name\":\"Visite Central Park, lugar emblem\u00e1tico de Nueva York\",\"isPartOf\":{\"@id\":\"https:\/\/123-esta.com\/es\/#website\"},\"datePublished\":\"2021-12-21T17:46:29+00:00\",\"dateModified\":\"2022-09-19T15:24:31+00:00\",\"description\":\"Central Park, el pulm\u00f3n de Nueva York. Lugar extraordinario en el coraz\u00f3n de la ciudad que nunca duerme. No te lo pierdas.\",\"inLanguage\":\"es\",\"potentialAction\":[{\"@type\":\"ReadAction\",\"target\":[\"https:\/\/123-esta.com\/es\/visite-central-park-el-pulmon-de-nueva-york\/\"]}]},{\"@type\":\"WebSite\",\"@id\":\"https:\/\/123-esta.com\/es\/#website\",\"url\":\"https:\/\/123-esta.com\/es\/\",\"name\":\"Formulaire ESTA pour les USA\",\"description\":\"\",\"publisher\":{\"@id\":\"https:\/\/123-esta.com\/es\/#organization\"},\"potentialAction\":[{\"@type\":\"SearchAction\",\"target\":{\"@type\":\"EntryPoint\",\"urlTemplate\":\"https:\/\/123-esta.com\/es\/?s={search_term_string}\"},\"query-input\":{\"@type\":\"PropertyValueSpecification\",\"valueRequired\":true,\"valueName\":\"search_term_string\"}}],\"inLanguage\":\"es\"},{\"@type\":\"Organization\",\"@id\":\"https:\/\/123-esta.com\/es\/#organization\",\"name\":\"Formulaire ESTA pour les USA\",\"url\":\"https:\/\/123-esta.com\/es\/\",\"logo\":{\"@type\":\"ImageObject\",\"inLanguage\":\"es\",\"@id\":\"https:\/\/123-esta.com\/es\/#\/schema\/logo\/image\/\",\"url\":\"https:\/\/123-esta.com\/wp-content\/uploads\/2018\/03\/logo-123-esta.png\",\"contentUrl\":\"https:\/\/123-esta.com\/wp-content\/uploads\/2018\/03\/logo-123-esta.png\",\"width\":191,\"height\":54,\"caption\":\"Formulaire ESTA pour les USA\"},\"image\":{\"@id\":\"https:\/\/123-esta.com\/es\/#\/schema\/logo\/image\/\"}}]}<\/script>\n<!-- \/ Yoast SEO plugin. -->","yoast_head_json":{"title":"Visite Central Park, lugar emblem\u00e1tico de Nueva York","description":"Central Park, el pulm\u00f3n de Nueva York. Lugar extraordinario en el coraz\u00f3n de la ciudad que nunca duerme. No te lo pierdas.","robots":{"index":"index","follow":"follow","max-snippet":"max-snippet:-1","max-image-preview":"max-image-preview:large","max-video-preview":"max-video-preview:-1"},"canonical":"https:\/\/123-esta.com\/es\/visite-central-park-el-pulmon-de-nueva-york\/","og_locale":"es_ES","og_type":"article","og_title":"Visite Central Park, lugar emblem\u00e1tico de Nueva York","og_description":"Central Park, el pulm\u00f3n de Nueva York. Lugar extraordinario en el coraz\u00f3n de la ciudad que nunca duerme. No te lo pierdas.","og_url":"https:\/\/123-esta.com\/es\/visite-central-park-el-pulmon-de-nueva-york\/","og_site_name":"Formulaire ESTA pour les USA","article_modified_time":"2022-09-19T15:24:31+00:00","twitter_card":"summary_large_image","twitter_misc":{"Tiempo de lectura":"3 minutos"},"schema":{"@context":"https:\/\/schema.org","@graph":[{"@type":"WebPage","@id":"https:\/\/123-esta.com\/es\/visite-central-park-el-pulmon-de-nueva-york\/","url":"https:\/\/123-esta.com\/es\/visite-central-park-el-pulmon-de-nueva-york\/","name":"Visite Central Park, lugar emblem\u00e1tico de Nueva York","isPartOf":{"@id":"https:\/\/123-esta.com\/es\/#website"},"datePublished":"2021-12-21T17:46:29+00:00","dateModified":"2022-09-19T15:24:31+00:00","description":"Central Park, el pulm\u00f3n de Nueva York. Lugar extraordinario en el coraz\u00f3n de la ciudad que nunca duerme. No te lo pierdas.","inLanguage":"es","potentialAction":[{"@type":"ReadAction","target":["https:\/\/123-esta.com\/es\/visite-central-park-el-pulmon-de-nueva-york\/"]}]},{"@type":"WebSite","@id":"https:\/\/123-esta.com\/es\/#website","url":"https:\/\/123-esta.com\/es\/","name":"Formulaire ESTA pour les USA","description":"","publisher":{"@id":"https:\/\/123-esta.com\/es\/#organization"},"potentialAction":[{"@type":"SearchAction","target":{"@type":"EntryPoint","urlTemplate":"https:\/\/123-esta.com\/es\/?s={search_term_string}"},"query-input":{"@type":"PropertyValueSpecification","valueRequired":true,"valueName":"search_term_string"}}],"inLanguage":"es"},{"@type":"Organization","@id":"https:\/\/123-esta.com\/es\/#organization","name":"Formulaire ESTA pour les USA","url":"https:\/\/123-esta.com\/es\/","logo":{"@type":"ImageObject","inLanguage":"es","@id":"https:\/\/123-esta.com\/es\/#\/schema\/logo\/image\/","url":"https:\/\/123-esta.com\/wp-content\/uploads\/2018\/03\/logo-123-esta.png","contentUrl":"https:\/\/123-esta.com\/wp-content\/uploads\/2018\/03\/logo-123-esta.png","width":191,"height":54,"caption":"Formulaire ESTA pour les USA"},"image":{"@id":"https:\/\/123-esta.com\/es\/#\/schema\/logo\/image\/"}}]}},"_links":{"self":[{"href":"https:\/\/123-esta.com\/es\/wp-json\/wp\/v2\/pages\/1616","targetHints":{"allow":["GET"]}}],"collection":[{"href":"https:\/\/123-esta.com\/es\/wp-json\/wp\/v2\/pages"}],"about":[{"href":"https:\/\/123-esta.com\/es\/wp-json\/wp\/v2\/types\/page"}],"author":[{"embeddable":true,"href":"https:\/\/123-esta.com\/es\/wp-json\/wp\/v2\/users\/1"}],"replies":[{"embeddable":true,"href":"https:\/\/123-esta.com\/es\/wp-json\/wp\/v2\/comments?post=1616"}],"version-history":[{"count":0,"href":"https:\/\/123-esta.com\/es\/wp-json\/wp\/v2\/pages\/1616\/revisions"}],"wp:attachment":[{"href":"https:\/\/123-esta.com\/es\/wp-json\/wp\/v2\/media?parent=1616"}],"curies":[{"name":"wp","href":"https:\/\/api.w.org\/{rel}","templated":true}]}}