{"id":1614,"date":"2021-12-21T18:46:17","date_gmt":"2021-12-21T17:46:17","guid":{"rendered":"https:\/\/123-esta.com\/visita-la-casa-blanca-washington-dc\/"},"modified":"2022-09-19T17:46:13","modified_gmt":"2022-09-19T15:46:13","slug":"visita-a-la-casa-blanca","status":"publish","type":"page","link":"https:\/\/123-esta.com\/es\/visita-a-la-casa-blanca\/","title":{"rendered":"Visita la Casa Blanca, Washington DC"},"content":{"rendered":"\n<p>Para quienes se sientan tentados por la idea, la visita a la Casa Blanca es posible y es uno de los <a href=\"https:\/\/123-esta.com\/es\/ciudades-y-regiones-para-visitar-los-estados-unidos\/\">lugares que hay que visitar en Estados Unidos<\/a>. Esta pr\u00e1ctica est\u00e1 permitida desde Thomas Jefferson en 1805, cuando este presidente estadounidense decidi\u00f3 abrir las puertas del palacio presidencial al p\u00fablico en general.<\/p>\n\n<h2 class=\"wp-block-heading\">Prepara tu viaje y planifica una visita<\/h2>\n\n<p>Primero, comience por obtener su autorizaci\u00f3n de viaje ESTA. Este documento reemplaza la visa regular y es obligatorio para quienes deseen ingresar o transitar por los Estados Unidos por un per\u00edodo de menos de 90 d\u00edas.<\/p>\n\n<p>A continuaci\u00f3n, planifique su visita a Estados Unidos, y especialmente a la Casa Blanca. Le tomar\u00e1 de 3 semanas a cinco, o incluso seis meses de anticipaci\u00f3n, obtener una autorizaci\u00f3n de visita. La solicitud se realiza al consulado franc\u00e9s en Washington. Los solicitantes ser\u00e1n sometidos a rigurosas investigaciones realizadas con las autoridades estadounidenses con el fin de validar las solicitudes (lo que explica la lentitud de los tr\u00e1mites). Tenga en cuenta que los procedimientos son los mismos para todos y no hay excepciones para los ciudadanos estadounidenses.<\/p>\n\n<h2 class=\"wp-block-heading\">Visitando la Casa Blanca<\/h2>\n\n<p>Una vez all\u00ed, los visitantes deber\u00e1n traer su pasaporte. No se permitir\u00e1n efectos personales durante la visita. Por razones de seguridad, los tel\u00e9fonos y c\u00e1maras tambi\u00e9n deben excluirse de la visita.<\/p>\n\n<p>Solo unas pocas habitaciones de la Casa Blanca est\u00e1n abiertas al p\u00fablico. En general, una visita tiene una duraci\u00f3n media de media hora. Durante la excursi\u00f3n, el visitante tendr\u00e1 el privilegio de visitar el Blueroom, el Greenroom, el famoso Despacho Oval, el East lounge donde se realizan las ruedas de prensa de la Casa Blanca, el Roosevelt Room, el muy chic Vermeil Room, etc. Las visitas solo se han realizado en grupos desde los ataques del 11 de septiembre.<\/p>\n\n<p>El anterior presidente de los Estados Unidos, Barack Obama, brind\u00f3 un recorrido virtual de 360 \u00b0 por dos hermosas salas de la Casa Blanca. Se trata de su antigua oficina, el Despacho Oval y la Sala de Situaci\u00f3n, una de las salas m\u00e1s importantes desde donde se deciden todas las cuestiones importantes relativas a la estrategia estadounidense.<\/p>\n\n<p>Visitar la Casa Blanca garantiza una experiencia extremadamente gratificante, una para probar mientras se encuentra en los Estados Unidos.<\/p>\n","protected":false},"excerpt":{"rendered":"<p>Para quienes se sientan tentados por la idea, la visita a la Casa Blanca es posible y es uno de los lugares que hay que visitar en Estados Unidos. Esta pr\u00e1ctica est\u00e1 permitida desde Thomas Jefferson en 1805, cuando este presidente estadounidense decidi\u00f3 abrir las puertas del palacio presidencial al p\u00fablico en general. Prepara tu [&hellip;]<\/p>\n","protected":false},"author":1,"featured_media":0,"parent":0,"menu_order":0,"comment_status":"closed","ping_status":"closed","template":"","meta":{"site-sidebar-layout":"default","site-content-layout":"default","ast-site-content-layout":"default","site-content-style":"default","site-sidebar-style":"default","ast-global-header-display":"","ast-banner-title-visibility":"","ast-main-header-display":"","ast-hfb-above-header-display":"","ast-hfb-below-header-display":"","ast-hfb-mobile-header-display":"","site-post-title":"","ast-breadcrumbs-content":"","ast-featured-img":"","footer-sml-layout":"","ast-disable-related-posts":"","theme-transparent-header-meta":"default","adv-header-id-meta":"","stick-header-meta":"default","header-above-stick-meta":"","header-main-stick-meta":"","header-below-stick-meta":"","astra-migrate-meta-layouts":"default","ast-page-background-enabled":"default","ast-page-background-meta":{"desktop":{"background-color":"","background-image":"","background-repeat":"repeat","background-position":"center center","background-size":"auto","background-attachment":"scroll","background-type":"","background-media":"","overlay-type":"","overlay-color":"","overlay-opacity":"","overlay-gradient":""},"tablet":{"background-color":"","background-image":"","background-repeat":"repeat","background-position":"center center","background-size":"auto","background-attachment":"scroll","background-type":"","background-media":"","overlay-type":"","overlay-color":"","overlay-opacity":"","overlay-gradient":""},"mobile":{"background-color":"","background-image":"","background-repeat":"repeat","background-position":"center center","background-size":"auto","background-attachment":"scroll","background-type":"","background-media":"","overlay-type":"","overlay-color":"","overlay-opacity":"","overlay-gradient":""}},"ast-content-background-meta":{"desktop":{"background-color":"var(--ast-global-color-5)","background-image":"","background-repeat":"repeat","background-position":"center center","background-size":"auto","background-attachment":"scroll","background-type":"","background-media":"","overlay-type":"","overlay-color":"","overlay-opacity":"","overlay-gradient":""},"tablet":{"background-color":"var(--ast-global-color-5)","background-image":"","background-repeat":"repeat","background-position":"center center","background-size":"auto","background-attachment":"scroll","background-type":"","background-media":"","overlay-type":"","overlay-color":"","overlay-opacity":"","overlay-gradient":""},"mobile":{"background-color":"var(--ast-global-color-5)","background-image":"","background-repeat":"repeat","background-position":"center center","background-size":"auto","background-attachment":"scroll","background-type":"","background-media":"","overlay-type":"","overlay-color":"","overlay-opacity":"","overlay-gradient":""}},"footnotes":""},"class_list":["post-1614","page","type-page","status-publish","hentry"],"yoast_head":"<!-- This site is optimized with the Yoast SEO plugin v27.1.1 - https:\/\/yoast.com\/product\/yoast-seo-wordpress\/ -->\n<title>Visita la Casa Blanca mientras est\u00e1s en Washington<\/title>\n<meta name=\"description\" content=\"La Casa Blanca, s\u00edmbolo de Estados Unidos, est\u00e1 abierta al p\u00fablico bajo ciertas condiciones. Encuentra aqu\u00ed toda nuestra informaci\u00f3n para una visita inolvidable.\" \/>\n<meta name=\"robots\" content=\"index, follow, max-snippet:-1, max-image-preview:large, max-video-preview:-1\" \/>\n<link rel=\"canonical\" href=\"https:\/\/123-esta.com\/es\/visita-a-la-casa-blanca\/\" \/>\n<meta property=\"og:locale\" content=\"es_ES\" \/>\n<meta property=\"og:type\" content=\"article\" \/>\n<meta property=\"og:title\" content=\"Visita la Casa Blanca mientras est\u00e1s en Washington\" \/>\n<meta property=\"og:description\" content=\"La Casa Blanca, s\u00edmbolo de Estados Unidos, est\u00e1 abierta al p\u00fablico bajo ciertas condiciones. Encuentra aqu\u00ed toda nuestra informaci\u00f3n para una visita inolvidable.\" \/>\n<meta property=\"og:url\" content=\"https:\/\/123-esta.com\/es\/visita-a-la-casa-blanca\/\" \/>\n<meta property=\"og:site_name\" content=\"Formulaire ESTA pour les USA\" \/>\n<meta property=\"article:modified_time\" content=\"2022-09-19T15:46:13+00:00\" \/>\n<meta name=\"twitter:card\" content=\"summary_large_image\" \/>\n<meta name=\"twitter:label1\" content=\"Tiempo de lectura\" \/>\n\t<meta name=\"twitter:data1\" content=\"2 minutos\" \/>\n<script type=\"application\/ld+json\" class=\"yoast-schema-graph\">{\"@context\":\"https:\/\/schema.org\",\"@graph\":[{\"@type\":\"WebPage\",\"@id\":\"https:\/\/123-esta.com\/es\/visita-a-la-casa-blanca\/\",\"url\":\"https:\/\/123-esta.com\/es\/visita-a-la-casa-blanca\/\",\"name\":\"Visita la Casa Blanca mientras est\u00e1s en Washington\",\"isPartOf\":{\"@id\":\"https:\/\/123-esta.com\/es\/#website\"},\"datePublished\":\"2021-12-21T17:46:17+00:00\",\"dateModified\":\"2022-09-19T15:46:13+00:00\",\"description\":\"La Casa Blanca, s\u00edmbolo de Estados Unidos, est\u00e1 abierta al p\u00fablico bajo ciertas condiciones. Encuentra aqu\u00ed toda nuestra informaci\u00f3n para una visita inolvidable.\",\"inLanguage\":\"es\",\"potentialAction\":[{\"@type\":\"ReadAction\",\"target\":[\"https:\/\/123-esta.com\/es\/visita-a-la-casa-blanca\/\"]}]},{\"@type\":\"WebSite\",\"@id\":\"https:\/\/123-esta.com\/es\/#website\",\"url\":\"https:\/\/123-esta.com\/es\/\",\"name\":\"Formulaire ESTA pour les USA\",\"description\":\"\",\"publisher\":{\"@id\":\"https:\/\/123-esta.com\/es\/#organization\"},\"potentialAction\":[{\"@type\":\"SearchAction\",\"target\":{\"@type\":\"EntryPoint\",\"urlTemplate\":\"https:\/\/123-esta.com\/es\/?s={search_term_string}\"},\"query-input\":{\"@type\":\"PropertyValueSpecification\",\"valueRequired\":true,\"valueName\":\"search_term_string\"}}],\"inLanguage\":\"es\"},{\"@type\":\"Organization\",\"@id\":\"https:\/\/123-esta.com\/es\/#organization\",\"name\":\"Formulaire ESTA pour les USA\",\"url\":\"https:\/\/123-esta.com\/es\/\",\"logo\":{\"@type\":\"ImageObject\",\"inLanguage\":\"es\",\"@id\":\"https:\/\/123-esta.com\/es\/#\/schema\/logo\/image\/\",\"url\":\"https:\/\/123-esta.com\/wp-content\/uploads\/2018\/03\/logo-123-esta.png\",\"contentUrl\":\"https:\/\/123-esta.com\/wp-content\/uploads\/2018\/03\/logo-123-esta.png\",\"width\":191,\"height\":54,\"caption\":\"Formulaire ESTA pour les USA\"},\"image\":{\"@id\":\"https:\/\/123-esta.com\/es\/#\/schema\/logo\/image\/\"}}]}<\/script>\n<!-- \/ Yoast SEO plugin. -->","yoast_head_json":{"title":"Visita la Casa Blanca mientras est\u00e1s en Washington","description":"La Casa Blanca, s\u00edmbolo de Estados Unidos, est\u00e1 abierta al p\u00fablico bajo ciertas condiciones. Encuentra aqu\u00ed toda nuestra informaci\u00f3n para una visita inolvidable.","robots":{"index":"index","follow":"follow","max-snippet":"max-snippet:-1","max-image-preview":"max-image-preview:large","max-video-preview":"max-video-preview:-1"},"canonical":"https:\/\/123-esta.com\/es\/visita-a-la-casa-blanca\/","og_locale":"es_ES","og_type":"article","og_title":"Visita la Casa Blanca mientras est\u00e1s en Washington","og_description":"La Casa Blanca, s\u00edmbolo de Estados Unidos, est\u00e1 abierta al p\u00fablico bajo ciertas condiciones. Encuentra aqu\u00ed toda nuestra informaci\u00f3n para una visita inolvidable.","og_url":"https:\/\/123-esta.com\/es\/visita-a-la-casa-blanca\/","og_site_name":"Formulaire ESTA pour les USA","article_modified_time":"2022-09-19T15:46:13+00:00","twitter_card":"summary_large_image","twitter_misc":{"Tiempo de lectura":"2 minutos"},"schema":{"@context":"https:\/\/schema.org","@graph":[{"@type":"WebPage","@id":"https:\/\/123-esta.com\/es\/visita-a-la-casa-blanca\/","url":"https:\/\/123-esta.com\/es\/visita-a-la-casa-blanca\/","name":"Visita la Casa Blanca mientras est\u00e1s en Washington","isPartOf":{"@id":"https:\/\/123-esta.com\/es\/#website"},"datePublished":"2021-12-21T17:46:17+00:00","dateModified":"2022-09-19T15:46:13+00:00","description":"La Casa Blanca, s\u00edmbolo de Estados Unidos, est\u00e1 abierta al p\u00fablico bajo ciertas condiciones. Encuentra aqu\u00ed toda nuestra informaci\u00f3n para una visita inolvidable.","inLanguage":"es","potentialAction":[{"@type":"ReadAction","target":["https:\/\/123-esta.com\/es\/visita-a-la-casa-blanca\/"]}]},{"@type":"WebSite","@id":"https:\/\/123-esta.com\/es\/#website","url":"https:\/\/123-esta.com\/es\/","name":"Formulaire ESTA pour les USA","description":"","publisher":{"@id":"https:\/\/123-esta.com\/es\/#organization"},"potentialAction":[{"@type":"SearchAction","target":{"@type":"EntryPoint","urlTemplate":"https:\/\/123-esta.com\/es\/?s={search_term_string}"},"query-input":{"@type":"PropertyValueSpecification","valueRequired":true,"valueName":"search_term_string"}}],"inLanguage":"es"},{"@type":"Organization","@id":"https:\/\/123-esta.com\/es\/#organization","name":"Formulaire ESTA pour les USA","url":"https:\/\/123-esta.com\/es\/","logo":{"@type":"ImageObject","inLanguage":"es","@id":"https:\/\/123-esta.com\/es\/#\/schema\/logo\/image\/","url":"https:\/\/123-esta.com\/wp-content\/uploads\/2018\/03\/logo-123-esta.png","contentUrl":"https:\/\/123-esta.com\/wp-content\/uploads\/2018\/03\/logo-123-esta.png","width":191,"height":54,"caption":"Formulaire ESTA pour les USA"},"image":{"@id":"https:\/\/123-esta.com\/es\/#\/schema\/logo\/image\/"}}]}},"_links":{"self":[{"href":"https:\/\/123-esta.com\/es\/wp-json\/wp\/v2\/pages\/1614","targetHints":{"allow":["GET"]}}],"collection":[{"href":"https:\/\/123-esta.com\/es\/wp-json\/wp\/v2\/pages"}],"about":[{"href":"https:\/\/123-esta.com\/es\/wp-json\/wp\/v2\/types\/page"}],"author":[{"embeddable":true,"href":"https:\/\/123-esta.com\/es\/wp-json\/wp\/v2\/users\/1"}],"replies":[{"embeddable":true,"href":"https:\/\/123-esta.com\/es\/wp-json\/wp\/v2\/comments?post=1614"}],"version-history":[{"count":0,"href":"https:\/\/123-esta.com\/es\/wp-json\/wp\/v2\/pages\/1614\/revisions"}],"wp:attachment":[{"href":"https:\/\/123-esta.com\/es\/wp-json\/wp\/v2\/media?parent=1614"}],"curies":[{"name":"wp","href":"https:\/\/api.w.org\/{rel}","templated":true}]}}