{"id":1609,"date":"2021-12-21T18:45:57","date_gmt":"2021-12-21T17:45:57","guid":{"rendered":"https:\/\/123-esta.com\/viaja-sin-visado-a-ee-uu-gracias-al-esta-oficial\/"},"modified":"2022-09-19T17:57:33","modified_gmt":"2022-09-19T15:57:33","slug":"esta-oficial","status":"publish","type":"page","link":"https:\/\/123-esta.com\/es\/esta-oficial\/","title":{"rendered":"Viaja sin visado a EE. UU. Gracias al ESTA oficial"},"content":{"rendered":"\n<p><span style=\"font-weight: 400;\">\u00bfEres fan\u00e1tico de la cultura estadounidense? Viajar a Estados Unidos nunca ha sido tan f\u00e1cil. Es perfectamente posible viajar a Estados Unidos sin un <a href=\"https:\/\/123-esta.com\/es\/visado-turista-estados-unidos\/\">visado de turista B2<\/a>. Basta con una simple autorizaci\u00f3n electr\u00f3nica de viaje: el ESTA oficial. Establecido por la administraci\u00f3n estadounidense, su objetivo es fortalecer la seguridad interna al tiempo que facilita los tr\u00e1mites de entrada a Estados Unidos. Sin embargo, el ESTA oficial no est\u00e1 disponible para todos. Veremos en este art\u00edculo las diferentes condiciones a respetar para poder optar a la ESTA. Luego detallaremos el procedimiento a seguir para realizar la solicitud. <\/span><\/p>\n\n<h2 class=\"wp-block-heading\"><span style=\"font-weight: 400;\">Las condiciones de elegibilidad para el<\/span> <span style=\"font-weight: 400;\">ESTA oficial<\/span> de <span style=\"font-weight: 400;\">Estados Unidos<\/span> <\/h2>\n\n<h3 class=\"wp-block-heading\"><span style=\"font-weight: 400;\">Nacionalidad del nacional<\/span><\/h3>\n\n<p><span style=\"font-weight: 400;\">Lo primero que debe verificar antes de solicitar la autorizaci\u00f3n oficial ESTA es asegurarse de que su nacionalidad sea parte del VWP (Visa Waiver Program). Este r\u00e9gimen de exenci\u00f3n de visado abarca un total de 40 naciones desde 2022. Entre los pa\u00edses miembros se encuentran los de la UE (Francia, Italia, Espa\u00f1a, Polonia, etc.), Australia, Nueva Zelanda y Jap\u00f3n.<\/span><\/p>\n\n<p><span style=\"font-weight: 400;\">Por tanto, los ciudadanos europeos pueden viajar a Estados Unidos sin visado, siempre que no tengan doble nacionalidad siria, iraqu\u00ed, iran\u00ed o sudanesa.  <\/span><\/p>\n\n<h3 class=\"wp-block-heading\"><span style=\"font-weight: 400;\">El pasaporte del viajero <\/span><\/h3>\n\n<p><span style=\"font-weight: 400;\">Para ingresar al territorio nacional, obviamente siempre debe ir acompa\u00f1ado de un documento de identidad v\u00e1lido. Las autoridades estadounidenses exigen que los viajeros tengan un pasaporte biom\u00e9trico o un pasaporte electr\u00f3nico. Esta condici\u00f3n tambi\u00e9n es v\u00e1lida para ESTA, as\u00ed como para la visa de EE. UU. <\/span><\/p>\n\n<p><span style=\"font-weight: 400;\">Tambi\u00e9n se requiere tener un pasaporte v\u00e1lido que cubra toda la duraci\u00f3n de su viaje a los EE. UU. Si este \u00faltimo expira antes de partir hacia los Estados Unidos, deber\u00e1 renovar su pasaporte con su ayuntamiento.<\/span><\/p>\n\n<h3 class=\"wp-block-heading\"><span style=\"font-weight: 400;\">El modo de entrada a los Estados Unidos. <\/span><\/h3>\n\n<p><span style=\"font-weight: 400;\">La visa ESTA autoriza a los extranjeros a ingresar al territorio por v\u00eda a\u00e9rea o mar\u00edtima. Si llega a Estados Unidos por tierra, ahora tambi\u00e9n es necesario solicitar un ESTA desde M\u00e9xico o Canad\u00e1, el formulario l94-W ya no es suficiente desde mayo de 2022.  <\/span><\/p>\n\n<h3 class=\"wp-block-heading\"><span style=\"font-weight: 400;\">El motivo del viaje a EE. UU. <\/span><\/h3>\n\n<p><span style=\"font-weight: 400;\">El ESTA oficial solo se emite para tres tipos de estad\u00eda en los EE. UU.: <\/span><\/p>\n\n<ul class=\"wp-block-list\"><li><span style=\"font-weight: 400;\">un viaje tur\u00edstico (visita a Nueva York, camping en parques nacionales, road trip en el oeste americano, etc.); <\/span><\/li><li><span style=\"font-weight: 400;\">un viaje de negocios (visita de un socio comercial, firma de contrato, conferencia, etc.). Tenga en cuenta que si desea ir a los EE. UU. Para realizar una pasant\u00eda o trabajar, no podr\u00e1 beneficiarse de la ESTA. Debe solicitar imperativamente una visa estadounidense en la Embajada de los Estados Unidos; <\/span><\/li><li><span style=\"font-weight: 400;\"> <a href=\"https:\/\/123-esta.com\/es\/debe-uno-solicitar-una-esta-para-un-transito\/\">tr\u00e1nsito por Estados Unidos<\/a> hasta su destino final.  <\/span><\/li><\/ul>\n\n<h3 class=\"wp-block-heading\"><span style=\"font-weight: 400;\">Duraci\u00f3n de la estad\u00eda en los Estados Unidos <\/span><\/h3>\n\n<p><span style=\"font-weight: 400;\">Si planea permanecer en los EE. UU. Por un m\u00e1ximo de 90 d\u00edas, es posible que pueda viajar a suelo estadounidense, simplemente con un<\/span> certificado <span style=\"font-weight: 400;\">oficial ESTA<\/span> .<span style=\"font-weight: 400;\">. Se le pedir\u00e1 que presente al oficial de inmigraci\u00f3n un boleto de regreso o de continuaci\u00f3n (salida del territorio).<\/span><\/p>\n\n<p><span style=\"font-weight: 400;\">Si su estad\u00eda excede este umbral, incluso por un d\u00eda, ser\u00e1 necesaria una solicitud para una visa de EE. UU. Para <a href=\"https:\/\/123-esta.com\/es\/obtener-una-visa-para-los-estados-unidos\/\">obtener una visa estadounidense<\/a> , deber\u00e1 acudir f\u00edsicamente a la embajada estadounidense o al consulado de los Estados Unidos. <\/span><\/p>\n\n<p><span style=\"font-weight: 400;\">Si cumple con todos los requisitos, puede presentar oficialmente una solicitud de permiso de residencia temporal para viajar a los EE. UU. <\/span><\/p>\n\n<h2 class=\"wp-block-heading\"><span style=\"font-weight: 400;\">\u00bfC\u00f3mo solicitar un ESTA oficial?  <\/span><\/h2>\n\n<p><span style=\"font-weight: 400;\">Para solicitar una autorizaci\u00f3n ESTA oficial, el procedimiento es simple: solo necesita completar <a href=\"https:\/\/123-esta.com\/es\/formulario-en-linea-esta\/\">un formulario en l\u00ednea<\/a> . Para acceder al formulario de solicitud, vaya al sitio web oficial del gobierno de EE. UU. <\/span><\/p>\n\n<h3 class=\"wp-block-heading\"><span style=\"font-weight: 400;\">El formulario en l\u00ednea en el sitio web oficial<\/span><\/h3>\n\n<p><span style=\"font-weight: 400;\">El formulario oficial ESTA se completa r\u00e1pidamente. Sin embargo, requiere cierto rigor, pues en caso de error en la informaci\u00f3n solicitada, los sistemas electr\u00f3nicos de Estados Unidos pueden rechazar su solicitud. Vigilancia en particular para mujeres casadas: el apellido que se indicar\u00e1 en el formulario ESTA es el nombre que aparece en su pasaporte (apellido de soltera o apellido de la esposa). <\/span><\/p>\n\n<p><span style=\"font-weight: 400;\">El formulario oficial ESTA est\u00e1 estructurado de la siguiente manera: <\/span><\/p>\n\n<ol class=\"wp-block-list\"><li style=\"font-weight: 400;\"><span style=\"font-weight: 400;\">la primera parte est\u00e1 relacionada con su estado civil y los motivos de su viaje a Estados Unidos; <\/span><\/li><li style=\"font-weight: 400;\"><span style=\"font-weight: 400;\">en la segunda parte, deber\u00e1 proporcionar los datos de su pasaporte (n\u00famero de pasaporte, pa\u00eds de emisi\u00f3n, fecha de vencimiento, etc.); <\/span><\/li><li style=\"font-weight: 400;\"><span style=\"font-weight: 400;\">la \u00faltima parte tiene la forma de un cuestionario. Deber\u00e1 responder a diez preguntas cerradas (que se responder\u00e1n con un s\u00ed o un no). Estas preguntas se relacionan con sus antecedentes penales, sus estancias anteriores en el extranjero y su estado de salud actual. <\/span><\/li><\/ol>\n\n<p><span style=\"font-weight: 400;\">Si no ha sido culpable de descuido, no es propenso a una enfermedad contagiosa y nunca ha sido condenado por un delito grave, lo m\u00e1s probable es que la Oficina de Aduanas y Protecci\u00f3n Fronteriza de los EE. UU. Apruebe su solicitud en l\u00ednea. <\/span><\/p>\n\n<p><span style=\"font-weight: 400;\">Despu\u00e9s de enviar su archivo al sitio web oficial de la ESTA, se requerir\u00e1 una espera m\u00e1xima de 72 horas antes de recibir una respuesta del gobierno. <\/span><\/p>\n\n<h2 class=\"wp-block-heading\"><span style=\"font-weight: 400;\">Solicitud oficial ESTA: \u00bfque precio? <\/span><\/h2>\n\n<p><span style=\"font-weight: 400;\">La solicitud de un ESTA oficial en l\u00ednea conlleva una tasa administrativa de 21 USD. La tarifa ESTA USA se compone de la siguiente manera: <\/span><\/p>\n\n<ul class=\"wp-block-list\"><li><span style=\"font-weight: 400;\">$ 4 por la tarifa de procesamiento de la solicitud; <\/span><\/li><li><span style=\"font-weight: 400;\">17 d\u00f3lares para la cuenta de la tasa de autorizaci\u00f3n. La cantidad recaudada se utiliza para promover el turismo de EE. UU. A nivel internacional. Si su solicitud oficial del ESTA es rechazada por el gobierno estadounidense, no tendr\u00e1 que pagar esta tasa.  <\/span><\/li><\/ul>\n\n<p><span style=\"font-weight: 400;\">Para pagar, simplemente se le pedir\u00e1 que complete los datos de su tarjeta bancaria (Mastercard, Visa, American Express, etc.).<\/span><\/p>\n\n<h2 class=\"wp-block-heading\"><span style=\"font-weight: 400;\">Condiciones de servicio<\/span> <span style=\"font-weight: 400;\">oficiales de ESTA USA<\/span> <\/h2>\n\n<p><span style=\"font-weight: 400;\">Cuando se otorga, el<\/span> documento de viaje <span style=\"font-weight: 400;\">oficial ESTA USA<\/span> <span style=\"font-weight: 400;\">es v\u00e1lido por 24 meses. Permite a los nacionales realizar varias estancias tur\u00edsticas o de negocios en EE.UU. durante este per\u00edodo. Sin embargo, esta condici\u00f3n solo es v\u00e1lida si est\u00e1 en posesi\u00f3n de un pasaporte v\u00e1lido. Si el documento de identidad vence antes de la fecha de finalizaci\u00f3n de su ESTA, su autorizaci\u00f3n de viaje en l\u00ednea quedar\u00e1 inutilizable.<\/span><\/p>\n\n<p><span style=\"font-weight: 400;\">Una vez transcurridos los dos a\u00f1os, si desea volver a visitar los Estados Unidos, es totalmente posible renovar el documento oficial ESTA USA. El procedimiento es el mismo que para la primera solicitud del ESTA: basta con ir al sitio web del gobierno estadounidense y presentar una nueva solicitud con su nuevo pasaporte.<\/span><\/p>\n\n<p><span style=\"font-weight: 400;\">Tenga en cuenta que no es necesario imprimir el formulario ESTA antes de ir a EE. UU. Para asegurarse de que est\u00e1 en posesi\u00f3n del<\/span><span style=\"font-weight: 400;\">ESTA oficial,<\/span><span style=\"font-weight: 400;\"> el oficial en el puesto fronterizo simplemente escanear\u00e1 su pasaporte. Gracias a los sistemas de informaci\u00f3n de la Aduana y Protecci\u00f3n Fronteriza de los Estados Unidos, el oficial de control podr\u00e1 ver instant\u00e1neamente si tiene la autorizaci\u00f3n para permanecer en los Estados Unidos.<\/span><\/p>\n\n<h2 class=\"wp-block-heading\"><span style=\"font-weight: 400;\">\u00bfQu\u00e9 hacer si su ESTA oficial ha sido rechazada? <\/span><\/h2>\n\n<p><span style=\"font-weight: 400;\">Si alguna vez las autoridades estadounidenses se niegan a otorgarle la autorizaci\u00f3n de viaje ESTA. Primero aseg\u00farese de que el rechazo no provenga de un error cometido en el formulario. En esta etapa, son posibles dos escenarios: <\/span><\/p>\n\n<ul class=\"wp-block-list\"><li style=\"font-weight: 400;\"><span style=\"font-weight: 400;\">aparece un error en el formulario. Deber\u00e1 iniciar el procedimiento desde cero desde el sitio web oficial de ESTA; <\/span><\/li><li style=\"font-weight: 400;\"><span style=\"font-weight: 400;\">no hay error. La denegaci\u00f3n probablemente se deba al incumplimiento de las condiciones necesarias para estar exento de una visa. Entonces, la \u00fanica alternativa posible es ponerse en contacto con la embajada o los servicios consulares de los EE. UU. Para solicitar una visa. <\/span><\/li><\/ul>\n\n<p><span style=\"font-weight: 400;\">Aclaraci\u00f3n de que hacer una solicitud ESTA en un sitio privado especializado no es de ninguna manera un obst\u00e1culo para obtener una ESTA oficial. Por lo tanto, no se tiene en cuenta el valor de su ESTA. La diferencia radica en la asistencia personalizada que se te ofrece para reducir el <a href=\"https:\/\/123-esta.com\/es\/los-motivos-que-conducen-a-un-esta-rechazado\/\">riesgo de rechazo<\/a> .<\/span><\/p>\n","protected":false},"excerpt":{"rendered":"<p>\u00bfEres fan\u00e1tico de la cultura estadounidense? Viajar a Estados Unidos nunca ha sido tan f\u00e1cil. Es perfectamente posible viajar a Estados Unidos sin un visado de turista B2. Basta con una simple autorizaci\u00f3n electr\u00f3nica de viaje: el ESTA oficial. Establecido por la administraci\u00f3n estadounidense, su objetivo es fortalecer la seguridad interna al tiempo que facilita [&hellip;]<\/p>\n","protected":false},"author":1,"featured_media":0,"parent":0,"menu_order":0,"comment_status":"closed","ping_status":"closed","template":"","meta":{"site-sidebar-layout":"default","site-content-layout":"default","ast-site-content-layout":"default","site-content-style":"default","site-sidebar-style":"default","ast-global-header-display":"","ast-banner-title-visibility":"","ast-main-header-display":"","ast-hfb-above-header-display":"","ast-hfb-below-header-display":"","ast-hfb-mobile-header-display":"","site-post-title":"","ast-breadcrumbs-content":"","ast-featured-img":"","footer-sml-layout":"","ast-disable-related-posts":"","theme-transparent-header-meta":"default","adv-header-id-meta":"","stick-header-meta":"default","header-above-stick-meta":"","header-main-stick-meta":"","header-below-stick-meta":"","astra-migrate-meta-layouts":"default","ast-page-background-enabled":"default","ast-page-background-meta":{"desktop":{"background-color":"","background-image":"","background-repeat":"repeat","background-position":"center center","background-size":"auto","background-attachment":"scroll","background-type":"","background-media":"","overlay-type":"","overlay-color":"","overlay-opacity":"","overlay-gradient":""},"tablet":{"background-color":"","background-image":"","background-repeat":"repeat","background-position":"center center","background-size":"auto","background-attachment":"scroll","background-type":"","background-media":"","overlay-type":"","overlay-color":"","overlay-opacity":"","overlay-gradient":""},"mobile":{"background-color":"","background-image":"","background-repeat":"repeat","background-position":"center center","background-size":"auto","background-attachment":"scroll","background-type":"","background-media":"","overlay-type":"","overlay-color":"","overlay-opacity":"","overlay-gradient":""}},"ast-content-background-meta":{"desktop":{"background-color":"var(--ast-global-color-5)","background-image":"","background-repeat":"repeat","background-position":"center center","background-size":"auto","background-attachment":"scroll","background-type":"","background-media":"","overlay-type":"","overlay-color":"","overlay-opacity":"","overlay-gradient":""},"tablet":{"background-color":"var(--ast-global-color-5)","background-image":"","background-repeat":"repeat","background-position":"center center","background-size":"auto","background-attachment":"scroll","background-type":"","background-media":"","overlay-type":"","overlay-color":"","overlay-opacity":"","overlay-gradient":""},"mobile":{"background-color":"var(--ast-global-color-5)","background-image":"","background-repeat":"repeat","background-position":"center center","background-size":"auto","background-attachment":"scroll","background-type":"","background-media":"","overlay-type":"","overlay-color":"","overlay-opacity":"","overlay-gradient":""}},"footnotes":""},"class_list":["post-1609","page","type-page","status-publish","hentry"],"yoast_head":"<!-- This site is optimized with the Yoast SEO plugin v27.1.1 - https:\/\/yoast.com\/product\/yoast-seo-wordpress\/ -->\n<title>Viaja a Estados Unidos con el ESTA oficial<\/title>\n<meta name=\"description\" content=\"Es posible entrar en Estados Unidos sin visado. s\u00f3lo tiene que solicitar un ESTA oficial. Se requieren ciertas condiciones para obtenerla.\" \/>\n<meta name=\"robots\" content=\"index, follow, max-snippet:-1, max-image-preview:large, max-video-preview:-1\" \/>\n<link rel=\"canonical\" href=\"https:\/\/123-esta.com\/es\/esta-oficial\/\" \/>\n<meta property=\"og:locale\" content=\"es_ES\" \/>\n<meta property=\"og:type\" content=\"article\" \/>\n<meta property=\"og:title\" content=\"Viaja a Estados Unidos con el ESTA oficial\" \/>\n<meta property=\"og:description\" content=\"Es posible entrar en Estados Unidos sin visado. s\u00f3lo tiene que solicitar un ESTA oficial. Se requieren ciertas condiciones para obtenerla.\" \/>\n<meta property=\"og:url\" content=\"https:\/\/123-esta.com\/es\/esta-oficial\/\" \/>\n<meta property=\"og:site_name\" content=\"Formulaire ESTA pour les USA\" \/>\n<meta property=\"article:modified_time\" content=\"2022-09-19T15:57:33+00:00\" \/>\n<meta name=\"twitter:card\" content=\"summary_large_image\" \/>\n<meta name=\"twitter:label1\" content=\"Tiempo de lectura\" \/>\n\t<meta name=\"twitter:data1\" content=\"7 minutos\" \/>\n<script type=\"application\/ld+json\" class=\"yoast-schema-graph\">{\"@context\":\"https:\/\/schema.org\",\"@graph\":[{\"@type\":\"WebPage\",\"@id\":\"https:\/\/123-esta.com\/es\/esta-oficial\/\",\"url\":\"https:\/\/123-esta.com\/es\/esta-oficial\/\",\"name\":\"Viaja a Estados Unidos con el ESTA oficial\",\"isPartOf\":{\"@id\":\"https:\/\/123-esta.com\/es\/#website\"},\"datePublished\":\"2021-12-21T17:45:57+00:00\",\"dateModified\":\"2022-09-19T15:57:33+00:00\",\"description\":\"Es posible entrar en Estados Unidos sin visado. s\u00f3lo tiene que solicitar un ESTA oficial. Se requieren ciertas condiciones para obtenerla.\",\"inLanguage\":\"es\",\"potentialAction\":[{\"@type\":\"ReadAction\",\"target\":[\"https:\/\/123-esta.com\/es\/esta-oficial\/\"]}]},{\"@type\":\"WebSite\",\"@id\":\"https:\/\/123-esta.com\/es\/#website\",\"url\":\"https:\/\/123-esta.com\/es\/\",\"name\":\"Formulaire ESTA pour les USA\",\"description\":\"\",\"publisher\":{\"@id\":\"https:\/\/123-esta.com\/es\/#organization\"},\"potentialAction\":[{\"@type\":\"SearchAction\",\"target\":{\"@type\":\"EntryPoint\",\"urlTemplate\":\"https:\/\/123-esta.com\/es\/?s={search_term_string}\"},\"query-input\":{\"@type\":\"PropertyValueSpecification\",\"valueRequired\":true,\"valueName\":\"search_term_string\"}}],\"inLanguage\":\"es\"},{\"@type\":\"Organization\",\"@id\":\"https:\/\/123-esta.com\/es\/#organization\",\"name\":\"Formulaire ESTA pour les USA\",\"url\":\"https:\/\/123-esta.com\/es\/\",\"logo\":{\"@type\":\"ImageObject\",\"inLanguage\":\"es\",\"@id\":\"https:\/\/123-esta.com\/es\/#\/schema\/logo\/image\/\",\"url\":\"https:\/\/123-esta.com\/wp-content\/uploads\/2018\/03\/logo-123-esta.png\",\"contentUrl\":\"https:\/\/123-esta.com\/wp-content\/uploads\/2018\/03\/logo-123-esta.png\",\"width\":191,\"height\":54,\"caption\":\"Formulaire ESTA pour les USA\"},\"image\":{\"@id\":\"https:\/\/123-esta.com\/es\/#\/schema\/logo\/image\/\"}}]}<\/script>\n<!-- \/ Yoast SEO plugin. -->","yoast_head_json":{"title":"Viaja a Estados Unidos con el ESTA oficial","description":"Es posible entrar en Estados Unidos sin visado. s\u00f3lo tiene que solicitar un ESTA oficial. Se requieren ciertas condiciones para obtenerla.","robots":{"index":"index","follow":"follow","max-snippet":"max-snippet:-1","max-image-preview":"max-image-preview:large","max-video-preview":"max-video-preview:-1"},"canonical":"https:\/\/123-esta.com\/es\/esta-oficial\/","og_locale":"es_ES","og_type":"article","og_title":"Viaja a Estados Unidos con el ESTA oficial","og_description":"Es posible entrar en Estados Unidos sin visado. s\u00f3lo tiene que solicitar un ESTA oficial. Se requieren ciertas condiciones para obtenerla.","og_url":"https:\/\/123-esta.com\/es\/esta-oficial\/","og_site_name":"Formulaire ESTA pour les USA","article_modified_time":"2022-09-19T15:57:33+00:00","twitter_card":"summary_large_image","twitter_misc":{"Tiempo de lectura":"7 minutos"},"schema":{"@context":"https:\/\/schema.org","@graph":[{"@type":"WebPage","@id":"https:\/\/123-esta.com\/es\/esta-oficial\/","url":"https:\/\/123-esta.com\/es\/esta-oficial\/","name":"Viaja a Estados Unidos con el ESTA oficial","isPartOf":{"@id":"https:\/\/123-esta.com\/es\/#website"},"datePublished":"2021-12-21T17:45:57+00:00","dateModified":"2022-09-19T15:57:33+00:00","description":"Es posible entrar en Estados Unidos sin visado. s\u00f3lo tiene que solicitar un ESTA oficial. Se requieren ciertas condiciones para obtenerla.","inLanguage":"es","potentialAction":[{"@type":"ReadAction","target":["https:\/\/123-esta.com\/es\/esta-oficial\/"]}]},{"@type":"WebSite","@id":"https:\/\/123-esta.com\/es\/#website","url":"https:\/\/123-esta.com\/es\/","name":"Formulaire ESTA pour les USA","description":"","publisher":{"@id":"https:\/\/123-esta.com\/es\/#organization"},"potentialAction":[{"@type":"SearchAction","target":{"@type":"EntryPoint","urlTemplate":"https:\/\/123-esta.com\/es\/?s={search_term_string}"},"query-input":{"@type":"PropertyValueSpecification","valueRequired":true,"valueName":"search_term_string"}}],"inLanguage":"es"},{"@type":"Organization","@id":"https:\/\/123-esta.com\/es\/#organization","name":"Formulaire ESTA pour les USA","url":"https:\/\/123-esta.com\/es\/","logo":{"@type":"ImageObject","inLanguage":"es","@id":"https:\/\/123-esta.com\/es\/#\/schema\/logo\/image\/","url":"https:\/\/123-esta.com\/wp-content\/uploads\/2018\/03\/logo-123-esta.png","contentUrl":"https:\/\/123-esta.com\/wp-content\/uploads\/2018\/03\/logo-123-esta.png","width":191,"height":54,"caption":"Formulaire ESTA pour les USA"},"image":{"@id":"https:\/\/123-esta.com\/es\/#\/schema\/logo\/image\/"}}]}},"_links":{"self":[{"href":"https:\/\/123-esta.com\/es\/wp-json\/wp\/v2\/pages\/1609","targetHints":{"allow":["GET"]}}],"collection":[{"href":"https:\/\/123-esta.com\/es\/wp-json\/wp\/v2\/pages"}],"about":[{"href":"https:\/\/123-esta.com\/es\/wp-json\/wp\/v2\/types\/page"}],"author":[{"embeddable":true,"href":"https:\/\/123-esta.com\/es\/wp-json\/wp\/v2\/users\/1"}],"replies":[{"embeddable":true,"href":"https:\/\/123-esta.com\/es\/wp-json\/wp\/v2\/comments?post=1609"}],"version-history":[{"count":0,"href":"https:\/\/123-esta.com\/es\/wp-json\/wp\/v2\/pages\/1609\/revisions"}],"wp:attachment":[{"href":"https:\/\/123-esta.com\/es\/wp-json\/wp\/v2\/media?parent=1609"}],"curies":[{"name":"wp","href":"https:\/\/api.w.org\/{rel}","templated":true}]}}