{"id":1604,"date":"2021-12-21T18:45:42","date_gmt":"2021-12-21T17:45:42","guid":{"rendered":"https:\/\/123-esta.com\/visite-canada-durante-su-estadia-en-los-estados-unidos\/"},"modified":"2022-09-19T17:55:29","modified_gmt":"2022-09-19T15:55:29","slug":"viaje-a-canada-desde-estados-unidos","status":"publish","type":"page","link":"https:\/\/123-esta.com\/es\/viaje-a-canada-desde-estados-unidos\/","title":{"rendered":"Visite Canad\u00e1 durante su estad\u00eda en los Estados Unidos"},"content":{"rendered":"\n<p>Canad\u00e1 es un pa\u00eds tan grande como Estados Unidos. Este pa\u00eds ofrece un enorme potencial tur\u00edstico a los visitantes que llegan a su suelo. Con un \u00e1rea de 9,984,670 km2 y una poblaci\u00f3n estimada de 35,540,400, Canad\u00e1 ofrece inmensos espacios desprovistos de presencia humana. Es m\u00e1s f\u00e1cil disfrutar de Canad\u00e1 pasando por el <a href=\"https:\/\/123-esta.com\/es\/que-hacer-en-el-noreste-de-los-estados-unidos\/\">noreste de Estados Unidos<\/a> .<\/p>\n\n<p>Su clima var\u00eda seg\u00fan la regi\u00f3n y se caracteriza por inviernos fr\u00edos y veranos frescos o templados y h\u00famedos. La vegetaci\u00f3n est\u00e1 formada por varios tipos de bosques que ofrecen, siempre que el clima lo permita, famosos trekkings y aventuras &#8216;en la naturaleza&#8217;.<\/p>\n\n<p>Durante sus aventuras en uno de los muchos parques naturales de Canad\u00e1, puede encontrarse con muchos animales como castores, osos, muchos tipos de peces, etc.<\/p>\n\n<p>En invierno, la nieve y un clima relativamente fr\u00edo invaden la mayor parte del pa\u00eds. Los deportes de invierno son practicables all\u00ed a voluntad. Como recordatorio, los Juegos Ol\u00edmpicos de Invierno se celebraron all\u00ed en 2012, en la ciudad de Vancouver.<\/p>\n\n<h2 class=\"wp-block-heading\">\u00bfCon que documentos regresar a Canad\u00e1?<\/h2>\n\n<p>Los viajeros extranjeros que deseen volver a ingresar a Canad\u00e1 deben tener un pasaporte v\u00e1lido.<\/p>\n\n<p>Los ciudadanos de Francia, Reino Unido, Alemania, Jap\u00f3n, Corea del Sur, Australia y la mayor\u00eda de los pa\u00edses europeos no necesitan visa para ingresar a Canad\u00e1. Se puede solicitar una autorizaci\u00f3n de viaje electr\u00f3nica de <a href=\"https:\/\/ave-eta-canada.com\/es\/\">eTA Canad\u00e1<\/a> seg\u00fan el modo de entrada a Canad\u00e1.<\/p>\n\n<p>Si es un viajero franc\u00e9s que desea visitar los EE. UU. Tomando un vuelo programado o en autom\u00f3vil desde Canad\u00e1, puede hacer escala en los Estados Unidos siempre que cumpla con los requisitos para viajar a los EE. UU. Y \u00bb haya solicitado una autorizaci\u00f3n ESTA en l\u00ednea.<\/p>\n\n<h2 class=\"wp-block-heading\">Hoteles, restaurantes, transporte en Canad\u00e1<\/h2>\n\n<p>El pa\u00eds cuenta con varios tipos de infraestructura hotelera. No dormimos bajo las estrellas y tenemos suficiente para comer en Canad\u00e1. Todo depende de tus expectativas. Cabe se\u00f1alar que el costo de vida es m\u00e1s o menos el mismo en Par\u00eds o en Toronto. En otras palabras, es necesario un cierto presupuesto.<\/p>\n\n<p>En todo el pa\u00eds, puede encontrar f\u00e1cilmente hoteles, albergues juveniles y apartamentos en alquiler con diferentes precios.<\/p>\n\n<p>En cuanto a los restaurantes, ofrecen todo lo que puedes encontrar en Espa\u00f1a. La inmigraci\u00f3n a Canad\u00e1 es bastante reciente, por lo que muchos inmigrantes europeos de primera y segunda generaci\u00f3n ven sus restaurantes inspirados en lo mejor del viejo continente.<\/p>\n\n<p>En las grandes ciudades de Canad\u00e1 nos movemos como lo har\u00edamos en Barcelona: taxi, autob\u00fas, metro, alquiler de coches, por no hablar de autocaravanas, etc. Para ir de una provincia a otra, no faltan los medios de transporte (avi\u00f3n, coche de alquiler, autocar y tren) y te ofrecen diferentes tipos de tarifas para diferentes destinos y diferentes horarios.<\/p>\n\n<h2 class=\"wp-block-heading\">Sitios para descubrir en Canad\u00e1<\/h2>\n\n<p>No hay escasez de sitios y regiones para descubrir en un pa\u00eds tan vasto como Canad\u00e1. Aqu\u00ed hay una lista no exhaustiva de lugares que recomendamos:<\/p>\n\n<ul class=\"wp-block-list\"><li>Las Cataratas del Ni\u00e1gara ;<\/li><li>Parque Nacional Banff;<\/li><li>Isla de Vancouver y la ciudad del mismo nombre;<\/li><li>Escapadas a la naturaleza en Lake Louise o en la provincia de Yukon;<\/li><li>La enorme ciudad de Toronto (la tercera ciudad m\u00e1s grande de Am\u00e9rica del Norte);<\/li><li>Las 2 principales ciudades franc\u00f3fonas de Quebec, la ciudad de Quebec y Montreal.<\/li><\/ul>\n\n<p>Tantas regiones, ciudades y sitios naturales que valen la pena si planeas hacer un peque\u00f1o recorrido por Canad\u00e1 desde los Estados Unidos de Am\u00e9rica.<\/p>\n","protected":false},"excerpt":{"rendered":"<p>Canad\u00e1 es un pa\u00eds tan grande como Estados Unidos. Este pa\u00eds ofrece un enorme potencial tur\u00edstico a los visitantes que llegan a su suelo. Con un \u00e1rea de 9,984,670 km2 y una poblaci\u00f3n estimada de 35,540,400, Canad\u00e1 ofrece inmensos espacios desprovistos de presencia humana. Es m\u00e1s f\u00e1cil disfrutar de Canad\u00e1 pasando por el noreste de [&hellip;]<\/p>\n","protected":false},"author":1,"featured_media":0,"parent":0,"menu_order":0,"comment_status":"closed","ping_status":"closed","template":"","meta":{"site-sidebar-layout":"default","site-content-layout":"default","ast-site-content-layout":"default","site-content-style":"default","site-sidebar-style":"default","ast-global-header-display":"","ast-banner-title-visibility":"","ast-main-header-display":"","ast-hfb-above-header-display":"","ast-hfb-below-header-display":"","ast-hfb-mobile-header-display":"","site-post-title":"","ast-breadcrumbs-content":"","ast-featured-img":"","footer-sml-layout":"","ast-disable-related-posts":"","theme-transparent-header-meta":"default","adv-header-id-meta":"","stick-header-meta":"default","header-above-stick-meta":"","header-main-stick-meta":"","header-below-stick-meta":"","astra-migrate-meta-layouts":"default","ast-page-background-enabled":"default","ast-page-background-meta":{"desktop":{"background-color":"","background-image":"","background-repeat":"repeat","background-position":"center center","background-size":"auto","background-attachment":"scroll","background-type":"","background-media":"","overlay-type":"","overlay-color":"","overlay-opacity":"","overlay-gradient":""},"tablet":{"background-color":"","background-image":"","background-repeat":"repeat","background-position":"center center","background-size":"auto","background-attachment":"scroll","background-type":"","background-media":"","overlay-type":"","overlay-color":"","overlay-opacity":"","overlay-gradient":""},"mobile":{"background-color":"","background-image":"","background-repeat":"repeat","background-position":"center center","background-size":"auto","background-attachment":"scroll","background-type":"","background-media":"","overlay-type":"","overlay-color":"","overlay-opacity":"","overlay-gradient":""}},"ast-content-background-meta":{"desktop":{"background-color":"var(--ast-global-color-5)","background-image":"","background-repeat":"repeat","background-position":"center center","background-size":"auto","background-attachment":"scroll","background-type":"","background-media":"","overlay-type":"","overlay-color":"","overlay-opacity":"","overlay-gradient":""},"tablet":{"background-color":"var(--ast-global-color-5)","background-image":"","background-repeat":"repeat","background-position":"center center","background-size":"auto","background-attachment":"scroll","background-type":"","background-media":"","overlay-type":"","overlay-color":"","overlay-opacity":"","overlay-gradient":""},"mobile":{"background-color":"var(--ast-global-color-5)","background-image":"","background-repeat":"repeat","background-position":"center center","background-size":"auto","background-attachment":"scroll","background-type":"","background-media":"","overlay-type":"","overlay-color":"","overlay-opacity":"","overlay-gradient":""}},"footnotes":""},"class_list":["post-1604","page","type-page","status-publish","hentry"],"yoast_head":"<!-- This site is optimized with the Yoast SEO plugin v27.1.1 - https:\/\/yoast.com\/product\/yoast-seo-wordpress\/ -->\n<title>Viajar a Canad\u00e1 desde EE. UU. Es posible y recomendado<\/title>\n<meta name=\"description\" content=\"Combinar los Estados Unidos y Canad\u00e1 es bastante posible, de cualquier manera. Estos dos pa\u00edses son complementarios.\" \/>\n<meta name=\"robots\" content=\"index, follow, max-snippet:-1, max-image-preview:large, max-video-preview:-1\" \/>\n<link rel=\"canonical\" href=\"https:\/\/123-esta.com\/es\/viaje-a-canada-desde-estados-unidos\/\" \/>\n<meta property=\"og:locale\" content=\"es_ES\" \/>\n<meta property=\"og:type\" content=\"article\" \/>\n<meta property=\"og:title\" content=\"Viajar a Canad\u00e1 desde EE. UU. Es posible y recomendado\" \/>\n<meta property=\"og:description\" content=\"Combinar los Estados Unidos y Canad\u00e1 es bastante posible, de cualquier manera. Estos dos pa\u00edses son complementarios.\" \/>\n<meta property=\"og:url\" content=\"https:\/\/123-esta.com\/es\/viaje-a-canada-desde-estados-unidos\/\" \/>\n<meta property=\"og:site_name\" content=\"Formulaire ESTA pour les USA\" \/>\n<meta property=\"article:modified_time\" content=\"2022-09-19T15:55:29+00:00\" \/>\n<meta name=\"twitter:card\" content=\"summary_large_image\" \/>\n<meta name=\"twitter:label1\" content=\"Tiempo de lectura\" \/>\n\t<meta name=\"twitter:data1\" content=\"3 minutos\" \/>\n<script type=\"application\/ld+json\" class=\"yoast-schema-graph\">{\"@context\":\"https:\/\/schema.org\",\"@graph\":[{\"@type\":\"WebPage\",\"@id\":\"https:\/\/123-esta.com\/es\/viaje-a-canada-desde-estados-unidos\/\",\"url\":\"https:\/\/123-esta.com\/es\/viaje-a-canada-desde-estados-unidos\/\",\"name\":\"Viajar a Canad\u00e1 desde EE. UU. Es posible y recomendado\",\"isPartOf\":{\"@id\":\"https:\/\/123-esta.com\/es\/#website\"},\"datePublished\":\"2021-12-21T17:45:42+00:00\",\"dateModified\":\"2022-09-19T15:55:29+00:00\",\"description\":\"Combinar los Estados Unidos y Canad\u00e1 es bastante posible, de cualquier manera. Estos dos pa\u00edses son complementarios.\",\"inLanguage\":\"es\",\"potentialAction\":[{\"@type\":\"ReadAction\",\"target\":[\"https:\/\/123-esta.com\/es\/viaje-a-canada-desde-estados-unidos\/\"]}]},{\"@type\":\"WebSite\",\"@id\":\"https:\/\/123-esta.com\/es\/#website\",\"url\":\"https:\/\/123-esta.com\/es\/\",\"name\":\"Formulaire ESTA pour les USA\",\"description\":\"\",\"publisher\":{\"@id\":\"https:\/\/123-esta.com\/es\/#organization\"},\"potentialAction\":[{\"@type\":\"SearchAction\",\"target\":{\"@type\":\"EntryPoint\",\"urlTemplate\":\"https:\/\/123-esta.com\/es\/?s={search_term_string}\"},\"query-input\":{\"@type\":\"PropertyValueSpecification\",\"valueRequired\":true,\"valueName\":\"search_term_string\"}}],\"inLanguage\":\"es\"},{\"@type\":\"Organization\",\"@id\":\"https:\/\/123-esta.com\/es\/#organization\",\"name\":\"Formulaire ESTA pour les USA\",\"url\":\"https:\/\/123-esta.com\/es\/\",\"logo\":{\"@type\":\"ImageObject\",\"inLanguage\":\"es\",\"@id\":\"https:\/\/123-esta.com\/es\/#\/schema\/logo\/image\/\",\"url\":\"https:\/\/123-esta.com\/wp-content\/uploads\/2018\/03\/logo-123-esta.png\",\"contentUrl\":\"https:\/\/123-esta.com\/wp-content\/uploads\/2018\/03\/logo-123-esta.png\",\"width\":191,\"height\":54,\"caption\":\"Formulaire ESTA pour les USA\"},\"image\":{\"@id\":\"https:\/\/123-esta.com\/es\/#\/schema\/logo\/image\/\"}}]}<\/script>\n<!-- \/ Yoast SEO plugin. -->","yoast_head_json":{"title":"Viajar a Canad\u00e1 desde EE. UU. Es posible y recomendado","description":"Combinar los Estados Unidos y Canad\u00e1 es bastante posible, de cualquier manera. Estos dos pa\u00edses son complementarios.","robots":{"index":"index","follow":"follow","max-snippet":"max-snippet:-1","max-image-preview":"max-image-preview:large","max-video-preview":"max-video-preview:-1"},"canonical":"https:\/\/123-esta.com\/es\/viaje-a-canada-desde-estados-unidos\/","og_locale":"es_ES","og_type":"article","og_title":"Viajar a Canad\u00e1 desde EE. UU. Es posible y recomendado","og_description":"Combinar los Estados Unidos y Canad\u00e1 es bastante posible, de cualquier manera. Estos dos pa\u00edses son complementarios.","og_url":"https:\/\/123-esta.com\/es\/viaje-a-canada-desde-estados-unidos\/","og_site_name":"Formulaire ESTA pour les USA","article_modified_time":"2022-09-19T15:55:29+00:00","twitter_card":"summary_large_image","twitter_misc":{"Tiempo de lectura":"3 minutos"},"schema":{"@context":"https:\/\/schema.org","@graph":[{"@type":"WebPage","@id":"https:\/\/123-esta.com\/es\/viaje-a-canada-desde-estados-unidos\/","url":"https:\/\/123-esta.com\/es\/viaje-a-canada-desde-estados-unidos\/","name":"Viajar a Canad\u00e1 desde EE. UU. Es posible y recomendado","isPartOf":{"@id":"https:\/\/123-esta.com\/es\/#website"},"datePublished":"2021-12-21T17:45:42+00:00","dateModified":"2022-09-19T15:55:29+00:00","description":"Combinar los Estados Unidos y Canad\u00e1 es bastante posible, de cualquier manera. Estos dos pa\u00edses son complementarios.","inLanguage":"es","potentialAction":[{"@type":"ReadAction","target":["https:\/\/123-esta.com\/es\/viaje-a-canada-desde-estados-unidos\/"]}]},{"@type":"WebSite","@id":"https:\/\/123-esta.com\/es\/#website","url":"https:\/\/123-esta.com\/es\/","name":"Formulaire ESTA pour les USA","description":"","publisher":{"@id":"https:\/\/123-esta.com\/es\/#organization"},"potentialAction":[{"@type":"SearchAction","target":{"@type":"EntryPoint","urlTemplate":"https:\/\/123-esta.com\/es\/?s={search_term_string}"},"query-input":{"@type":"PropertyValueSpecification","valueRequired":true,"valueName":"search_term_string"}}],"inLanguage":"es"},{"@type":"Organization","@id":"https:\/\/123-esta.com\/es\/#organization","name":"Formulaire ESTA pour les USA","url":"https:\/\/123-esta.com\/es\/","logo":{"@type":"ImageObject","inLanguage":"es","@id":"https:\/\/123-esta.com\/es\/#\/schema\/logo\/image\/","url":"https:\/\/123-esta.com\/wp-content\/uploads\/2018\/03\/logo-123-esta.png","contentUrl":"https:\/\/123-esta.com\/wp-content\/uploads\/2018\/03\/logo-123-esta.png","width":191,"height":54,"caption":"Formulaire ESTA pour les USA"},"image":{"@id":"https:\/\/123-esta.com\/es\/#\/schema\/logo\/image\/"}}]}},"_links":{"self":[{"href":"https:\/\/123-esta.com\/es\/wp-json\/wp\/v2\/pages\/1604","targetHints":{"allow":["GET"]}}],"collection":[{"href":"https:\/\/123-esta.com\/es\/wp-json\/wp\/v2\/pages"}],"about":[{"href":"https:\/\/123-esta.com\/es\/wp-json\/wp\/v2\/types\/page"}],"author":[{"embeddable":true,"href":"https:\/\/123-esta.com\/es\/wp-json\/wp\/v2\/users\/1"}],"replies":[{"embeddable":true,"href":"https:\/\/123-esta.com\/es\/wp-json\/wp\/v2\/comments?post=1604"}],"version-history":[{"count":0,"href":"https:\/\/123-esta.com\/es\/wp-json\/wp\/v2\/pages\/1604\/revisions"}],"wp:attachment":[{"href":"https:\/\/123-esta.com\/es\/wp-json\/wp\/v2\/media?parent=1604"}],"curies":[{"name":"wp","href":"https:\/\/api.w.org\/{rel}","templated":true}]}}