{"id":1602,"date":"2021-12-21T18:44:29","date_gmt":"2021-12-21T17:44:29","guid":{"rendered":"https:\/\/123-esta.com\/programa-de-exencion-de-visa-paises-del-programa-de-exencion-de-visa\/"},"modified":"2022-09-19T17:20:02","modified_gmt":"2022-09-19T15:20:02","slug":"pais-visa-waiver-program","status":"publish","type":"page","link":"https:\/\/123-esta.com\/es\/pais-visa-waiver-program\/","title":{"rendered":"Programa de exenci\u00f3n de visa: pa\u00edses del programa de exenci\u00f3n de visa"},"content":{"rendered":"\n<p>Si la estancia en Estados Unidos es de hasta 90 d\u00edas consecutivos, los viajeros pueden entrar en el pa\u00eds sin visado.<\/p>\n\n<p>De hecho, todo lo que tienen que hacer es solicitar una exenci\u00f3n de visa (ESTA que les permitir\u00e1 ingresar legalmente a los Estados Unidos), a trav\u00e9s de un formulario en l\u00ednea.<br\/>Sin embargo, este programa solo es efectivo en ciertos pa\u00edses en asociaci\u00f3n con los Estados Unidos y solo est\u00e1 abierto a viajeros que cumplan con los criterios establecidos por el Departamento de Seguridad Nacional de los Estados Unidos. Volveremos al programa de exenci\u00f3n de visa aqu\u00ed, pero si tiene preguntas m\u00e1s espec\u00edficas, no dude en consultar nuestras <a href=\"https:\/\/123-esta.com\/es\/faq-todas-las-respuestas-a-sus-preguntas-sobre-esta\/\">preguntas frecuentes sobre ESTA<\/a> .<\/p>\n\n<h2 class=\"wp-block-heading\">Pa\u00edses miembros del Programa de exenci\u00f3n de visa (ESTA)<\/h2>\n\n<p>Creado el 12 de enero de 2009, el Programa de Exenci\u00f3n de Visado contar\u00e1 con un total de 40 pa\u00edses miembros a finales de 2021. Por lo tanto, sus nacionales son potencialmente elegibles para la solicitud ESTA. La lista de pa\u00edses se presenta en orden alfab\u00e9tico:<\/p>\n\n<ul class=\"wp-block-list\"><li>Alemania, Andorra, Australia, Austria<\/li><li>B\u00e9lgica, Brunei<\/li><li>Chile, Corea del Sur, Croacia<\/li><li>Dinamarca<\/li><li>Espa\u00f1a, Estonia<\/li><li>Finlandia, Francia<\/li><li>Grecia<\/li><li>Hungr\u00eda<\/li><li>Islandia, Irlanda, Italia<\/li><li>Jap\u00f3n<\/li><li>Letonia, Liechtenstein, Lituania, Luxemburgo<\/li><li>Malta, M\u00f3naco<\/li><li>Nueva Zelanda, Noruega<\/li><li>Pa\u00edses Bajos, Portugal, Polonia<\/li><li>Rep\u00fablica Checa, Reino Unido<\/li><li>San Marino, Singapur, Eslovaquia, Eslovenia, Suecia, Suiza<\/li><li>Taiw\u00e1n<\/li><\/ul>\n\n<h2 class=\"wp-block-heading\">Condiciones que deben cumplirse para beneficiarse de la exenci\u00f3n de visado de EE. UU.<\/h2>\n\n<p>Para poder aprovechar el programa de exenci\u00f3n de visa, el viajero debe tener la nacionalidad de uno de los pa\u00edses mencionados anteriormente. Las personas con doble nacionalidad deben viajar con el pasaporte del pa\u00eds exento. Los ciudadanos con doble nacionalidad de Irak, Ir\u00e1n, Siria y Sud\u00e1n quedan autom\u00e1ticamente excluidos de la ESTA.<\/p>\n\n<p>Sin embargo, la ciudadan\u00eda del viajero no es la \u00fanica condici\u00f3n necesaria para poder solicitar una ESTA. Tambi\u00e9n es imperativo estar en posesi\u00f3n de un pasaporte v\u00e1lido que contenga un chip integrado, es decir un pasaporte electr\u00f3nico o biom\u00e9trico compatible con los sistemas electr\u00f3nicos de la administraci\u00f3n estadounidense. El n\u00famero de pasaporte tambi\u00e9n es informaci\u00f3n que se debe comunicar al solicitar la autorizaci\u00f3n, lo que permite a las autoridades estadounidenses verificar su identidad en sentido ascendente.<\/p>\n\n<p>La duraci\u00f3n de la estad\u00eda en Estados Unidos tampoco debe exceder los 90 d\u00edas como m\u00e1ximo, y debe ser parte de un viaje tur\u00edstico o profesional (visitar Estados Unidos, hacer un viaje de idiomas, participar en congresos &#8230;). Tambi\u00e9n es necesario para el tr\u00e1nsito.<\/p>\n\n<p>El solicitante debe viajar a EE. UU. Por v\u00eda a\u00e9rea o mar\u00edtima con una empresa aprobada por el gobierno de EE. UU.<\/p>\n\n<h2 class=\"wp-block-heading\">Tarifas y plazos para la obtenci\u00f3n de la ESTA<\/h2>\n\n<p>La solicitud de exenci\u00f3n de visa se realiza a trav\u00e9s de Internet. El viajero debe pagar la tasa ESTA de 21 d\u00f3lares (nueva tarifa desde 2022) en impuestos estadounidenses para finalizar la solicitud en l\u00ednea. Es recomendable completar el formulario ESTA antes de embarcar, idealmente lo antes posible y a m\u00e1s tardar 3 d\u00edas antes de la salida.<\/p>\n\n<p>Las autoridades estadounidenses comunicar\u00e1n una respuesta en un plazo m\u00e1ximo de 72 horas. Por lo tanto, si el estado ESTA est\u00e1 pendiente, no hay nada anormal en eso: las aduanas estadounidenses realizan controles aleatorios con regularidad.<\/p>\n\n<h2 class=\"wp-block-heading\">Posibles motivos de la denegaci\u00f3n de la autorizaci\u00f3n ESTA<\/h2>\n\n<p>La autorizaci\u00f3n ESTA generalmente se <a href=\"https:\/\/123-esta.com\/es\/los-motivos-que-conducen-a-un-esta-rechazado\/\">denegar\u00e1<\/a> a las personas que se encuentren en una de estas situaciones:<\/p>\n\n<ul class=\"wp-block-list\"><li>tener antecedentes penales, incluso en caso de absoluci\u00f3n o acto de indulgencia;<\/li><li>tiene una enfermedad grave o contagiosa;<\/li><li>se le ha negado la admisi\u00f3n en el pasado o ha excedido la duraci\u00f3n de la estad\u00eda en el pa\u00eds en un viaje anterior a los Estados Unidos;<\/li><li>ha cometido una infracci\u00f3n de tr\u00e1fico en los EE. UU.;<\/li><li>tener un pasaporte cuya validez expira durante el viaje (luego se tendr\u00e1 que volver a emitir un nuevo pasaporte);<\/li><li>han cambiado de estatus durante la estad\u00eda en los Estados Unidos (pasando de turista a trabajador migrante, por ejemplo);<\/li><li>han viajado a Ir\u00e1n, Irak, Libia, Somalia, Siria, Sud\u00e1n o Yemen desde el 1 de marzo de 2011.<\/li><\/ul>\n\n<p>Por lo tanto, el programa de exenci\u00f3n de visa estadounidense permanece abierto a cualquier viajero que no tenga ninguna de estas particularidades, y los rechazos son raros. Pero de lo contrario, y con la esperanza de ingresar al pa\u00eds, la alternativa ser\u00e1 solicitar una visa. Los ciudadanos de la UE pueden ponerse en contacto con el consulado o la embajada de Estados Unidos en su pa\u00eds. El Consulado de Estados Unidos es el \u00fanico organismo que puede expedir un visado estadounidense en el extranjero.<\/p>\n","protected":false},"excerpt":{"rendered":"<p>Si la estancia en Estados Unidos es de hasta 90 d\u00edas consecutivos, los viajeros pueden entrar en el pa\u00eds sin visado. De hecho, todo lo que tienen que hacer es solicitar una exenci\u00f3n de visa (ESTA que les permitir\u00e1 ingresar legalmente a los Estados Unidos), a trav\u00e9s de un formulario en l\u00ednea.Sin embargo, este programa [&hellip;]<\/p>\n","protected":false},"author":1,"featured_media":0,"parent":0,"menu_order":0,"comment_status":"closed","ping_status":"closed","template":"","meta":{"site-sidebar-layout":"default","site-content-layout":"default","ast-site-content-layout":"default","site-content-style":"default","site-sidebar-style":"default","ast-global-header-display":"","ast-banner-title-visibility":"","ast-main-header-display":"","ast-hfb-above-header-display":"","ast-hfb-below-header-display":"","ast-hfb-mobile-header-display":"","site-post-title":"","ast-breadcrumbs-content":"","ast-featured-img":"","footer-sml-layout":"","ast-disable-related-posts":"","theme-transparent-header-meta":"default","adv-header-id-meta":"","stick-header-meta":"default","header-above-stick-meta":"","header-main-stick-meta":"","header-below-stick-meta":"","astra-migrate-meta-layouts":"default","ast-page-background-enabled":"default","ast-page-background-meta":{"desktop":{"background-color":"","background-image":"","background-repeat":"repeat","background-position":"center center","background-size":"auto","background-attachment":"scroll","background-type":"","background-media":"","overlay-type":"","overlay-color":"","overlay-opacity":"","overlay-gradient":""},"tablet":{"background-color":"","background-image":"","background-repeat":"repeat","background-position":"center center","background-size":"auto","background-attachment":"scroll","background-type":"","background-media":"","overlay-type":"","overlay-color":"","overlay-opacity":"","overlay-gradient":""},"mobile":{"background-color":"","background-image":"","background-repeat":"repeat","background-position":"center center","background-size":"auto","background-attachment":"scroll","background-type":"","background-media":"","overlay-type":"","overlay-color":"","overlay-opacity":"","overlay-gradient":""}},"ast-content-background-meta":{"desktop":{"background-color":"var(--ast-global-color-5)","background-image":"","background-repeat":"repeat","background-position":"center center","background-size":"auto","background-attachment":"scroll","background-type":"","background-media":"","overlay-type":"","overlay-color":"","overlay-opacity":"","overlay-gradient":""},"tablet":{"background-color":"var(--ast-global-color-5)","background-image":"","background-repeat":"repeat","background-position":"center center","background-size":"auto","background-attachment":"scroll","background-type":"","background-media":"","overlay-type":"","overlay-color":"","overlay-opacity":"","overlay-gradient":""},"mobile":{"background-color":"var(--ast-global-color-5)","background-image":"","background-repeat":"repeat","background-position":"center center","background-size":"auto","background-attachment":"scroll","background-type":"","background-media":"","overlay-type":"","overlay-color":"","overlay-opacity":"","overlay-gradient":""}},"footnotes":""},"class_list":["post-1602","page","type-page","status-publish","hentry"],"yoast_head":"<!-- This site is optimized with the Yoast SEO plugin v27.1.1 - https:\/\/yoast.com\/product\/yoast-seo-wordpress\/ -->\n<title>Programa de exenci\u00f3n de visa: pa\u00edses del programa de exenci\u00f3n de visa<\/title>\n<meta name=\"description\" content=\"Lista de pa\u00edses miembros del Programa de exenci\u00f3n de visa y condiciones para obtener ESTA. Toda la informaci\u00f3n que necesita para conseguir el ESTA sin problemas\" \/>\n<meta name=\"robots\" content=\"index, follow, max-snippet:-1, max-image-preview:large, max-video-preview:-1\" \/>\n<link rel=\"canonical\" href=\"https:\/\/123-esta.com\/es\/pais-visa-waiver-program\/\" \/>\n<meta property=\"og:locale\" content=\"es_ES\" \/>\n<meta property=\"og:type\" content=\"article\" \/>\n<meta property=\"og:title\" content=\"Programa de exenci\u00f3n de visa: pa\u00edses del programa de exenci\u00f3n de visa\" \/>\n<meta property=\"og:description\" content=\"Lista de pa\u00edses miembros del Programa de exenci\u00f3n de visa y condiciones para obtener ESTA. Toda la informaci\u00f3n que necesita para conseguir el ESTA sin problemas\" \/>\n<meta property=\"og:url\" content=\"https:\/\/123-esta.com\/es\/pais-visa-waiver-program\/\" \/>\n<meta property=\"og:site_name\" content=\"Formulaire ESTA pour les USA\" \/>\n<meta property=\"article:modified_time\" content=\"2022-09-19T15:20:02+00:00\" \/>\n<meta name=\"twitter:card\" content=\"summary_large_image\" \/>\n<meta name=\"twitter:label1\" content=\"Tiempo de lectura\" \/>\n\t<meta name=\"twitter:data1\" content=\"4 minutos\" \/>\n<script type=\"application\/ld+json\" class=\"yoast-schema-graph\">{\"@context\":\"https:\/\/schema.org\",\"@graph\":[{\"@type\":\"WebPage\",\"@id\":\"https:\/\/123-esta.com\/es\/pais-visa-waiver-program\/\",\"url\":\"https:\/\/123-esta.com\/es\/pais-visa-waiver-program\/\",\"name\":\"Programa de exenci\u00f3n de visa: pa\u00edses del programa de exenci\u00f3n de visa\",\"isPartOf\":{\"@id\":\"https:\/\/123-esta.com\/es\/#website\"},\"datePublished\":\"2021-12-21T17:44:29+00:00\",\"dateModified\":\"2022-09-19T15:20:02+00:00\",\"description\":\"Lista de pa\u00edses miembros del Programa de exenci\u00f3n de visa y condiciones para obtener ESTA. Toda la informaci\u00f3n que necesita para conseguir el ESTA sin problemas\",\"inLanguage\":\"es\",\"potentialAction\":[{\"@type\":\"ReadAction\",\"target\":[\"https:\/\/123-esta.com\/es\/pais-visa-waiver-program\/\"]}]},{\"@type\":\"WebSite\",\"@id\":\"https:\/\/123-esta.com\/es\/#website\",\"url\":\"https:\/\/123-esta.com\/es\/\",\"name\":\"Formulaire ESTA pour les USA\",\"description\":\"\",\"publisher\":{\"@id\":\"https:\/\/123-esta.com\/es\/#organization\"},\"potentialAction\":[{\"@type\":\"SearchAction\",\"target\":{\"@type\":\"EntryPoint\",\"urlTemplate\":\"https:\/\/123-esta.com\/es\/?s={search_term_string}\"},\"query-input\":{\"@type\":\"PropertyValueSpecification\",\"valueRequired\":true,\"valueName\":\"search_term_string\"}}],\"inLanguage\":\"es\"},{\"@type\":\"Organization\",\"@id\":\"https:\/\/123-esta.com\/es\/#organization\",\"name\":\"Formulaire ESTA pour les USA\",\"url\":\"https:\/\/123-esta.com\/es\/\",\"logo\":{\"@type\":\"ImageObject\",\"inLanguage\":\"es\",\"@id\":\"https:\/\/123-esta.com\/es\/#\/schema\/logo\/image\/\",\"url\":\"https:\/\/123-esta.com\/wp-content\/uploads\/2018\/03\/logo-123-esta.png\",\"contentUrl\":\"https:\/\/123-esta.com\/wp-content\/uploads\/2018\/03\/logo-123-esta.png\",\"width\":191,\"height\":54,\"caption\":\"Formulaire ESTA pour les USA\"},\"image\":{\"@id\":\"https:\/\/123-esta.com\/es\/#\/schema\/logo\/image\/\"}}]}<\/script>\n<!-- \/ Yoast SEO plugin. -->","yoast_head_json":{"title":"Programa de exenci\u00f3n de visa: pa\u00edses del programa de exenci\u00f3n de visa","description":"Lista de pa\u00edses miembros del Programa de exenci\u00f3n de visa y condiciones para obtener ESTA. Toda la informaci\u00f3n que necesita para conseguir el ESTA sin problemas","robots":{"index":"index","follow":"follow","max-snippet":"max-snippet:-1","max-image-preview":"max-image-preview:large","max-video-preview":"max-video-preview:-1"},"canonical":"https:\/\/123-esta.com\/es\/pais-visa-waiver-program\/","og_locale":"es_ES","og_type":"article","og_title":"Programa de exenci\u00f3n de visa: pa\u00edses del programa de exenci\u00f3n de visa","og_description":"Lista de pa\u00edses miembros del Programa de exenci\u00f3n de visa y condiciones para obtener ESTA. Toda la informaci\u00f3n que necesita para conseguir el ESTA sin problemas","og_url":"https:\/\/123-esta.com\/es\/pais-visa-waiver-program\/","og_site_name":"Formulaire ESTA pour les USA","article_modified_time":"2022-09-19T15:20:02+00:00","twitter_card":"summary_large_image","twitter_misc":{"Tiempo de lectura":"4 minutos"},"schema":{"@context":"https:\/\/schema.org","@graph":[{"@type":"WebPage","@id":"https:\/\/123-esta.com\/es\/pais-visa-waiver-program\/","url":"https:\/\/123-esta.com\/es\/pais-visa-waiver-program\/","name":"Programa de exenci\u00f3n de visa: pa\u00edses del programa de exenci\u00f3n de visa","isPartOf":{"@id":"https:\/\/123-esta.com\/es\/#website"},"datePublished":"2021-12-21T17:44:29+00:00","dateModified":"2022-09-19T15:20:02+00:00","description":"Lista de pa\u00edses miembros del Programa de exenci\u00f3n de visa y condiciones para obtener ESTA. Toda la informaci\u00f3n que necesita para conseguir el ESTA sin problemas","inLanguage":"es","potentialAction":[{"@type":"ReadAction","target":["https:\/\/123-esta.com\/es\/pais-visa-waiver-program\/"]}]},{"@type":"WebSite","@id":"https:\/\/123-esta.com\/es\/#website","url":"https:\/\/123-esta.com\/es\/","name":"Formulaire ESTA pour les USA","description":"","publisher":{"@id":"https:\/\/123-esta.com\/es\/#organization"},"potentialAction":[{"@type":"SearchAction","target":{"@type":"EntryPoint","urlTemplate":"https:\/\/123-esta.com\/es\/?s={search_term_string}"},"query-input":{"@type":"PropertyValueSpecification","valueRequired":true,"valueName":"search_term_string"}}],"inLanguage":"es"},{"@type":"Organization","@id":"https:\/\/123-esta.com\/es\/#organization","name":"Formulaire ESTA pour les USA","url":"https:\/\/123-esta.com\/es\/","logo":{"@type":"ImageObject","inLanguage":"es","@id":"https:\/\/123-esta.com\/es\/#\/schema\/logo\/image\/","url":"https:\/\/123-esta.com\/wp-content\/uploads\/2018\/03\/logo-123-esta.png","contentUrl":"https:\/\/123-esta.com\/wp-content\/uploads\/2018\/03\/logo-123-esta.png","width":191,"height":54,"caption":"Formulaire ESTA pour les USA"},"image":{"@id":"https:\/\/123-esta.com\/es\/#\/schema\/logo\/image\/"}}]}},"_links":{"self":[{"href":"https:\/\/123-esta.com\/es\/wp-json\/wp\/v2\/pages\/1602","targetHints":{"allow":["GET"]}}],"collection":[{"href":"https:\/\/123-esta.com\/es\/wp-json\/wp\/v2\/pages"}],"about":[{"href":"https:\/\/123-esta.com\/es\/wp-json\/wp\/v2\/types\/page"}],"author":[{"embeddable":true,"href":"https:\/\/123-esta.com\/es\/wp-json\/wp\/v2\/users\/1"}],"replies":[{"embeddable":true,"href":"https:\/\/123-esta.com\/es\/wp-json\/wp\/v2\/comments?post=1602"}],"version-history":[{"count":0,"href":"https:\/\/123-esta.com\/es\/wp-json\/wp\/v2\/pages\/1602\/revisions"}],"wp:attachment":[{"href":"https:\/\/123-esta.com\/es\/wp-json\/wp\/v2\/media?parent=1602"}],"curies":[{"name":"wp","href":"https:\/\/api.w.org\/{rel}","templated":true}]}}