{"id":1590,"date":"2021-12-21T18:39:03","date_gmt":"2021-12-21T17:39:03","guid":{"rendered":"https:\/\/123-esta.com\/todo-lo-que-necesita-saber-sobre-la-validez-de-la-autorizacion-de-viaje-esta\/"},"modified":"2022-09-23T11:20:12","modified_gmt":"2022-09-23T09:20:12","slug":"validez-esta","status":"publish","type":"page","link":"https:\/\/123-esta.com\/es\/validez-esta\/","title":{"rendered":"La validez de la autorizaci\u00f3n de viaje ESTA"},"content":{"rendered":"\n<p>El ESTA es la mejor manera de viajar a Estados Unidos gracias al Programa de Exenci\u00f3n de Visado, del que se benefician ciudadanos de 40 pa\u00edses de todo el mundo.<\/p>\n\n<p>La simplicidad y los <a href=\"https:\/\/123-esta.com\/es\/cuales-son-los-plazos-para-obtener-la-esta-para-ir-a-ee-uu\/\">tiempos de respuesta<\/a> r\u00e1pidos caracterizan esta autorizaci\u00f3n de viaje, tambi\u00e9n llamada <a href=\"https:\/\/123-esta.com\/es\/que-es-esta\/\">visa de EE. UU. ESTA<\/a>, que es muy popular entre los viajeros que desean ir de vacaciones a los EE. UU. Sin embargo, este documento no tiene validez indefinida. Volveremos en detalle sobre la validez de la ESTA, qu\u00e9 permite hacer y en qu\u00e9 medida.<\/p>\n\n<h2 class=\"wp-block-heading\">\u00bfCu\u00e1nto tiempo es v\u00e1lida la ESTA?<\/h2>\n\n<p>La autorizaci\u00f3n de viaje de EE. UU. Tiene un l\u00edmite de tiempo: la <a href=\"https:\/\/123-esta.com\/es\/los-riesgos-incurridos-en-caso-de-una-estancia-excesiva-en-los-ee-uu\/\">duraci\u00f3n del ESTA<\/a> es de 2 a\u00f1os a partir de la fecha de emisi\u00f3n. Durante este per\u00edodo, puede realizar numerosos viajes a los Estados Unidos con una misma autorizaci\u00f3n.<\/p>\n\n<p>No obstante, debes asegurarte de que se cumplen determinadas condiciones: tus estancias no deben exceder los 90 d\u00edas consecutivos y deben realizarse con fines tur\u00edsticos o comerciales (pero no remunerados). Despu\u00e9s de eso, debe salir de los Estados Unidos antes de regresar despu\u00e9s de un per\u00edodo de tiempo razonable, para que la aduana no sospeche que reside ilegalmente en los Estados Unidos. Este plazo debe tomarse muy en serio porque la confusi\u00f3n entre 90 d\u00edas y 3 meses puede ocurrir r\u00e1pidamente (tenga cuidado con los meses impares en particular). Adem\u00e1s, para comprobar la vigencia de la ESTA, todo lo que tienes que hacer es consultar tu documento, la fecha est\u00e1 en \u00e9l.<\/p>\n\n<p>Cuando expira la vigencia de la ESTA, no es posible solicitar la <a href=\"https:\/\/123-esta.com\/es\/cuando-debo-solicitar-una-renovacion-esta\/\">renovaci\u00f3n<\/a> de la misma autorizaci\u00f3n. Es obligatorio presentar una nueva solicitud del ESTA para poder viajar legalmente a Estados Unidos.<\/p>\n\n<h2 class=\"wp-block-heading\">Validez ESTA despu\u00e9s de un cambio de pasaporte<\/h2>\n\n<p>Si la validez de la ESTA es de dos a\u00f1os, de hecho puede expirar mucho antes de este per\u00edodo. De hecho, durante su solicitud, debe completar un formulario que lo invita a brindar informaci\u00f3n sobre su estado civil, su pasaporte o su estad\u00eda en los Estados Unidos. Toda esta informaci\u00f3n permite al gobierno de los Estados Unidos identificarlo y determinar si se le permite o no ingresar a la frontera de los Estados Unidos. Como habr\u00e1s entendido, el per\u00edodo de validez de la ESTA no solo depende del calendario.<\/p>\n\n<p>A menudo sucede que es necesario cambiar parte de su informaci\u00f3n (cambio de pasaporte, estado civil, etc.). Por lo tanto, si cambia su <a href=\"https:\/\/123-esta.com\/es\/esta-eeuu-pasaporte\/\">pasaporte de EE<\/a> . UU. Durante estos dos a\u00f1os, se le asignar\u00e1 un nuevo n\u00famero de identificaci\u00f3n que ya no corresponder\u00e1 al que figura en su autorizaci\u00f3n de viaje. La validez de la ESTA caducar\u00e1 entonces a los ojos de las autoridades estadounidenses.<\/p>\n\n<p>En tal caso, para actualizar su informaci\u00f3n, no tendr\u00e1 m\u00e1s remedio que renovar su pasaporte antes de solicitar una nueva autorizaci\u00f3n de viaje, \u00a1y no al rev\u00e9s!<\/p>\n\n<p>Estos dos documentos se encuentran entre las pocas <a href=\"https:\/\/123-esta.com\/es\/tramites-usa\/\">formalidades esenciales de Estados Unidos<\/a> para poder pisar suelo estadounidense. Si sus documentos no est\u00e1n en orden, el gobierno de los EE. UU. Le negar\u00e1 la entrada con seguridad.<\/p>\n\n<p>Por lo tanto, aseg\u00farese de que su ESTA sea v\u00e1lida, as\u00ed como la de su pasaporte, antes de planificar su estad\u00eda en los Estados Unidos con m\u00e1s detalle.<\/p>\n","protected":false},"excerpt":{"rendered":"<p>El ESTA es la mejor manera de viajar a Estados Unidos gracias al Programa de Exenci\u00f3n de Visado, del que se benefician ciudadanos de 40 pa\u00edses de todo el mundo. La simplicidad y los tiempos de respuesta r\u00e1pidos caracterizan esta autorizaci\u00f3n de viaje, tambi\u00e9n llamada visa de EE. UU. ESTA, que es muy popular entre [&hellip;]<\/p>\n","protected":false},"author":1,"featured_media":0,"parent":0,"menu_order":0,"comment_status":"closed","ping_status":"closed","template":"","meta":{"site-sidebar-layout":"default","site-content-layout":"default","ast-site-content-layout":"default","site-content-style":"default","site-sidebar-style":"default","ast-global-header-display":"","ast-banner-title-visibility":"","ast-main-header-display":"","ast-hfb-above-header-display":"","ast-hfb-below-header-display":"","ast-hfb-mobile-header-display":"","site-post-title":"","ast-breadcrumbs-content":"","ast-featured-img":"","footer-sml-layout":"","ast-disable-related-posts":"","theme-transparent-header-meta":"default","adv-header-id-meta":"","stick-header-meta":"default","header-above-stick-meta":"","header-main-stick-meta":"","header-below-stick-meta":"","astra-migrate-meta-layouts":"default","ast-page-background-enabled":"default","ast-page-background-meta":{"desktop":{"background-color":"","background-image":"","background-repeat":"repeat","background-position":"center center","background-size":"auto","background-attachment":"scroll","background-type":"","background-media":"","overlay-type":"","overlay-color":"","overlay-opacity":"","overlay-gradient":""},"tablet":{"background-color":"","background-image":"","background-repeat":"repeat","background-position":"center center","background-size":"auto","background-attachment":"scroll","background-type":"","background-media":"","overlay-type":"","overlay-color":"","overlay-opacity":"","overlay-gradient":""},"mobile":{"background-color":"","background-image":"","background-repeat":"repeat","background-position":"center center","background-size":"auto","background-attachment":"scroll","background-type":"","background-media":"","overlay-type":"","overlay-color":"","overlay-opacity":"","overlay-gradient":""}},"ast-content-background-meta":{"desktop":{"background-color":"var(--ast-global-color-5)","background-image":"","background-repeat":"repeat","background-position":"center center","background-size":"auto","background-attachment":"scroll","background-type":"","background-media":"","overlay-type":"","overlay-color":"","overlay-opacity":"","overlay-gradient":""},"tablet":{"background-color":"var(--ast-global-color-5)","background-image":"","background-repeat":"repeat","background-position":"center center","background-size":"auto","background-attachment":"scroll","background-type":"","background-media":"","overlay-type":"","overlay-color":"","overlay-opacity":"","overlay-gradient":""},"mobile":{"background-color":"var(--ast-global-color-5)","background-image":"","background-repeat":"repeat","background-position":"center center","background-size":"auto","background-attachment":"scroll","background-type":"","background-media":"","overlay-type":"","overlay-color":"","overlay-opacity":"","overlay-gradient":""}},"footnotes":""},"class_list":["post-1590","page","type-page","status-publish","hentry"],"yoast_head":"<!-- This site is optimized with the Yoast SEO plugin v27.1.1 - https:\/\/yoast.com\/product\/yoast-seo-wordpress\/ -->\n<title>La validez de la autorizaci\u00f3n de viaje ESTA<\/title>\n<meta name=\"description\" content=\"No es necesario solicitar una autorizaci\u00f3n ESTA cada vez que viaje a EE. UU. De hecho, la ESTA tiene una validez de varios a\u00f1os.\" \/>\n<meta name=\"robots\" content=\"index, follow, max-snippet:-1, max-image-preview:large, max-video-preview:-1\" \/>\n<link rel=\"canonical\" href=\"https:\/\/123-esta.com\/es\/validez-esta\/\" \/>\n<meta property=\"og:locale\" content=\"es_ES\" \/>\n<meta property=\"og:type\" content=\"article\" \/>\n<meta property=\"og:title\" content=\"La validez de la autorizaci\u00f3n de viaje ESTA\" \/>\n<meta property=\"og:description\" content=\"No es necesario solicitar una autorizaci\u00f3n ESTA cada vez que viaje a EE. UU. De hecho, la ESTA tiene una validez de varios a\u00f1os.\" \/>\n<meta property=\"og:url\" content=\"https:\/\/123-esta.com\/es\/validez-esta\/\" \/>\n<meta property=\"og:site_name\" content=\"Formulaire ESTA pour les USA\" \/>\n<meta property=\"article:modified_time\" content=\"2022-09-23T09:20:12+00:00\" \/>\n<meta name=\"twitter:card\" content=\"summary_large_image\" \/>\n<meta name=\"twitter:label1\" content=\"Tiempo de lectura\" \/>\n\t<meta name=\"twitter:data1\" content=\"3 minutos\" \/>\n<script type=\"application\/ld+json\" class=\"yoast-schema-graph\">{\"@context\":\"https:\/\/schema.org\",\"@graph\":[{\"@type\":\"WebPage\",\"@id\":\"https:\/\/123-esta.com\/es\/validez-esta\/\",\"url\":\"https:\/\/123-esta.com\/es\/validez-esta\/\",\"name\":\"La validez de la autorizaci\u00f3n de viaje ESTA\",\"isPartOf\":{\"@id\":\"https:\/\/123-esta.com\/es\/#website\"},\"datePublished\":\"2021-12-21T17:39:03+00:00\",\"dateModified\":\"2022-09-23T09:20:12+00:00\",\"description\":\"No es necesario solicitar una autorizaci\u00f3n ESTA cada vez que viaje a EE. UU. De hecho, la ESTA tiene una validez de varios a\u00f1os.\",\"inLanguage\":\"es\",\"potentialAction\":[{\"@type\":\"ReadAction\",\"target\":[\"https:\/\/123-esta.com\/es\/validez-esta\/\"]}]},{\"@type\":\"WebSite\",\"@id\":\"https:\/\/123-esta.com\/es\/#website\",\"url\":\"https:\/\/123-esta.com\/es\/\",\"name\":\"Formulaire ESTA pour les USA\",\"description\":\"\",\"publisher\":{\"@id\":\"https:\/\/123-esta.com\/es\/#organization\"},\"potentialAction\":[{\"@type\":\"SearchAction\",\"target\":{\"@type\":\"EntryPoint\",\"urlTemplate\":\"https:\/\/123-esta.com\/es\/?s={search_term_string}\"},\"query-input\":{\"@type\":\"PropertyValueSpecification\",\"valueRequired\":true,\"valueName\":\"search_term_string\"}}],\"inLanguage\":\"es\"},{\"@type\":\"Organization\",\"@id\":\"https:\/\/123-esta.com\/es\/#organization\",\"name\":\"Formulaire ESTA pour les USA\",\"url\":\"https:\/\/123-esta.com\/es\/\",\"logo\":{\"@type\":\"ImageObject\",\"inLanguage\":\"es\",\"@id\":\"https:\/\/123-esta.com\/es\/#\/schema\/logo\/image\/\",\"url\":\"https:\/\/123-esta.com\/wp-content\/uploads\/2018\/03\/logo-123-esta.png\",\"contentUrl\":\"https:\/\/123-esta.com\/wp-content\/uploads\/2018\/03\/logo-123-esta.png\",\"width\":191,\"height\":54,\"caption\":\"Formulaire ESTA pour les USA\"},\"image\":{\"@id\":\"https:\/\/123-esta.com\/es\/#\/schema\/logo\/image\/\"}}]}<\/script>\n<!-- \/ Yoast SEO plugin. -->","yoast_head_json":{"title":"La validez de la autorizaci\u00f3n de viaje ESTA","description":"No es necesario solicitar una autorizaci\u00f3n ESTA cada vez que viaje a EE. UU. De hecho, la ESTA tiene una validez de varios a\u00f1os.","robots":{"index":"index","follow":"follow","max-snippet":"max-snippet:-1","max-image-preview":"max-image-preview:large","max-video-preview":"max-video-preview:-1"},"canonical":"https:\/\/123-esta.com\/es\/validez-esta\/","og_locale":"es_ES","og_type":"article","og_title":"La validez de la autorizaci\u00f3n de viaje ESTA","og_description":"No es necesario solicitar una autorizaci\u00f3n ESTA cada vez que viaje a EE. UU. De hecho, la ESTA tiene una validez de varios a\u00f1os.","og_url":"https:\/\/123-esta.com\/es\/validez-esta\/","og_site_name":"Formulaire ESTA pour les USA","article_modified_time":"2022-09-23T09:20:12+00:00","twitter_card":"summary_large_image","twitter_misc":{"Tiempo de lectura":"3 minutos"},"schema":{"@context":"https:\/\/schema.org","@graph":[{"@type":"WebPage","@id":"https:\/\/123-esta.com\/es\/validez-esta\/","url":"https:\/\/123-esta.com\/es\/validez-esta\/","name":"La validez de la autorizaci\u00f3n de viaje ESTA","isPartOf":{"@id":"https:\/\/123-esta.com\/es\/#website"},"datePublished":"2021-12-21T17:39:03+00:00","dateModified":"2022-09-23T09:20:12+00:00","description":"No es necesario solicitar una autorizaci\u00f3n ESTA cada vez que viaje a EE. UU. De hecho, la ESTA tiene una validez de varios a\u00f1os.","inLanguage":"es","potentialAction":[{"@type":"ReadAction","target":["https:\/\/123-esta.com\/es\/validez-esta\/"]}]},{"@type":"WebSite","@id":"https:\/\/123-esta.com\/es\/#website","url":"https:\/\/123-esta.com\/es\/","name":"Formulaire ESTA pour les USA","description":"","publisher":{"@id":"https:\/\/123-esta.com\/es\/#organization"},"potentialAction":[{"@type":"SearchAction","target":{"@type":"EntryPoint","urlTemplate":"https:\/\/123-esta.com\/es\/?s={search_term_string}"},"query-input":{"@type":"PropertyValueSpecification","valueRequired":true,"valueName":"search_term_string"}}],"inLanguage":"es"},{"@type":"Organization","@id":"https:\/\/123-esta.com\/es\/#organization","name":"Formulaire ESTA pour les USA","url":"https:\/\/123-esta.com\/es\/","logo":{"@type":"ImageObject","inLanguage":"es","@id":"https:\/\/123-esta.com\/es\/#\/schema\/logo\/image\/","url":"https:\/\/123-esta.com\/wp-content\/uploads\/2018\/03\/logo-123-esta.png","contentUrl":"https:\/\/123-esta.com\/wp-content\/uploads\/2018\/03\/logo-123-esta.png","width":191,"height":54,"caption":"Formulaire ESTA pour les USA"},"image":{"@id":"https:\/\/123-esta.com\/es\/#\/schema\/logo\/image\/"}}]}},"_links":{"self":[{"href":"https:\/\/123-esta.com\/es\/wp-json\/wp\/v2\/pages\/1590","targetHints":{"allow":["GET"]}}],"collection":[{"href":"https:\/\/123-esta.com\/es\/wp-json\/wp\/v2\/pages"}],"about":[{"href":"https:\/\/123-esta.com\/es\/wp-json\/wp\/v2\/types\/page"}],"author":[{"embeddable":true,"href":"https:\/\/123-esta.com\/es\/wp-json\/wp\/v2\/users\/1"}],"replies":[{"embeddable":true,"href":"https:\/\/123-esta.com\/es\/wp-json\/wp\/v2\/comments?post=1590"}],"version-history":[{"count":0,"href":"https:\/\/123-esta.com\/es\/wp-json\/wp\/v2\/pages\/1590\/revisions"}],"wp:attachment":[{"href":"https:\/\/123-esta.com\/es\/wp-json\/wp\/v2\/media?parent=1590"}],"curies":[{"name":"wp","href":"https:\/\/api.w.org\/{rel}","templated":true}]}}