{"id":1586,"date":"2021-12-21T18:37:53","date_gmt":"2021-12-21T17:37:53","guid":{"rendered":"https:\/\/123-esta.com\/cuales-son-los-plazos-para-obtener-la-esta-para-ir-a-ee-uu\/"},"modified":"2022-09-13T23:37:04","modified_gmt":"2022-09-13T21:37:04","slug":"cuales-son-los-plazos-para-obtener-la-esta-para-ir-a-ee-uu","status":"publish","type":"page","link":"https:\/\/123-esta.com\/es\/cuales-son-los-plazos-para-obtener-la-esta-para-ir-a-ee-uu\/","title":{"rendered":"\u00bfCu\u00e1les son los plazos para obtener la ESTA para ir a EE. UU.?"},"content":{"rendered":"\n<p>\u00bfVas a Estados Unidos por un viaje de turismo o de negocios? O tal vez simplemente pasa por los Estados Unidos de Am\u00e9rica hasta su destino final y se da cuenta de que tambi\u00e9n necesita la autorizaci\u00f3n ESTA en este caso. \u00bfCu\u00e1nto tiempo se tarda en obtener el ESTA y c\u00f3mo solicito una autorizaci\u00f3n? Respuestas en detalle en este art\u00edculo.<\/p>\n\n<h2 class=\"wp-block-heading\">Plazos de ESTA: lo que dice la administraci\u00f3n de EE. UU.<\/h2>\n\n<p>En el sitio web oficial del gobierno de EE. UU., Se estipula que la solicitud ESTA debe realizarse a m\u00e1s tardar 72 horas antes de la salida. En la pr\u00e1ctica, el plazo de la ESTA es generalmente m\u00e1s corto.<\/p>\n\n<p>Una respuesta tard\u00eda puede indicar que se necesitan m\u00e1s verificaciones de su parte. Estos controles pueden significar que no es elegible para una ESTA para viajar a los Estados Unidos. El procedimiento para obtener este documento consiste en completar el formulario ESTA en l\u00ednea, en el sitio web del gobierno o mediante los servicios de un proveedor privado como el de nuestro socio.<\/p>\n\n<p>La respuesta suele llegar en un per\u00edodo de tiempo bastante corto. Tenga en cuenta que la administraci\u00f3n de EE. UU. No se molesta en informarle sobre el progreso de su solicitud en l\u00ednea. El tiempo para obtener ESTA puede parecerle largo en algunos casos. Depende de usted volver al sitio para averiguar si se le otorga la autorizaci\u00f3n. <\/p>\n\n<p>Un proveedor privado, como nuestro socio, te mantendr\u00e1 informado en tiempo real del estado de tu solicitud, para que ya no tengas que preocuparte por el plazo de ESTA.<\/p>\n\n<h2 class=\"wp-block-heading\">\u00bfTiene alguna duda sobre el plazo de su ESTA?<\/h2>\n\n<p>Si cree que la fecha l\u00edmite para obtener su ESTA es demasiado larga o si tiene dudas de que sea elegible para el Programa de exenci\u00f3n de visa de EE. UU., Revise los requisitos para ser elegible para una autorizaci\u00f3n de viaje.<\/p>\n\n<p>Primero, debe ser ciudadano de un pa\u00eds que sea miembro del programa de exenci\u00f3n de visa llamado Programa de exenci\u00f3n de visa (VWP). Treinta y ocho pa\u00edses forman parte actualmente de este programa que permite a los viajeros viajar a los Estados Unidos sin tener que solicitar una visa de turista B1 o B2.<\/p>\n\n<p>Aqu\u00ed est\u00e1 la lista de pa\u00edses que forman parte del <a href=\"https:\/\/123-esta.com\/es\/pais-visa-waiver-program\/\">Programa de exenci\u00f3n de visa<\/a> :<\/p>\n\n<p>Alemania, Andorra, Australia, Austria, B\u00e9lgica, Brunei, Chile, Croacia (2021), Corea del Sur, Dinamarca, Eslovaquia, Eslovenia, Espa\u00f1a, Estonia, Finlandia, Francia, Grecia, Hungr\u00eda, Irlanda, Islandia, Italia, Jap\u00f3n, Letonia, Liechtenstein, Lituania, Luxemburgo, Malta, M\u00f3naco, Noruega, Nueva Zelanda, Pa\u00edses Bajos, Polonia (2019), Portugal, Reino Unido, Rep\u00fablica Checa, San Marino, Singapur, Suecia, Suiza, Taiw\u00e1n.<\/p>\n\n<p>Otro punto importante es que debes tener un <a href=\"https:\/\/123-esta.com\/es\/esta-eeuu-pasaporte\/\">pasaporte biom\u00e9trico<\/a> o un pasaporte electr\u00f3nico con suficiente per\u00edodo de vigencia. Si su pasaporte vence durante la fecha prevista de estad\u00eda en los Estados Unidos, significa que debe solicitar uno nuevo.<\/p>\n\n<p>\u00bfEst\u00e1 seguro de haber completado el formulario en l\u00ednea sin cometer ning\u00fan error? Estados Unidos no es una broma sobre la seguridad nacional, y un simple error tipogr\u00e1fico en su nombre de casada o n\u00famero de pasaporte podr\u00eda interpretarse como un intento de fraude.<\/p>\n\n<p>\u00bfEntendiste la utilidad de una ESTA? Quiz\u00e1s mencion\u00f3 que desea encontrar un trabajo durante su estad\u00eda en los EE. UU. ESTA no es una tarjeta verde o una tarjeta de residente permanente que le permite trabajar o incluso vivir en los EE. UU. Se trata de una autorizaci\u00f3n de viaje electr\u00f3nica necesaria para viajes de negocios, viajes de tr\u00e1nsito o estancias tur\u00edsticas de hasta 90 d\u00edas.<\/p>\n\n<p>Si cree que ha cometido un error y se le niega el ESTA, tiene la posibilidad de volver a solicitarlo en un plazo de 10 d\u00edas.<\/p>\n\n<p>Si no cumple con todas las condiciones establecidas, no se le permite viajar a los EE. UU. Con un ESTA. Deber\u00e1 solicitar una visa de turista estadounidense para ingresar a suelo estadounidense, dirigi\u00e9ndose a la embajada o consulado estadounidense m\u00e1s cercano.<\/p>\n","protected":false},"excerpt":{"rendered":"<p>\u00bfVas a Estados Unidos por un viaje de turismo o de negocios? O tal vez simplemente pasa por los Estados Unidos de Am\u00e9rica hasta su destino final y se da cuenta de que tambi\u00e9n necesita la autorizaci\u00f3n ESTA en este caso. \u00bfCu\u00e1nto tiempo se tarda en obtener el ESTA y c\u00f3mo solicito una autorizaci\u00f3n? Respuestas [&hellip;]<\/p>\n","protected":false},"author":1,"featured_media":0,"parent":0,"menu_order":0,"comment_status":"closed","ping_status":"closed","template":"","meta":{"site-sidebar-layout":"default","site-content-layout":"default","ast-site-content-layout":"default","site-content-style":"default","site-sidebar-style":"default","ast-global-header-display":"","ast-banner-title-visibility":"","ast-main-header-display":"","ast-hfb-above-header-display":"","ast-hfb-below-header-display":"","ast-hfb-mobile-header-display":"","site-post-title":"","ast-breadcrumbs-content":"","ast-featured-img":"","footer-sml-layout":"","ast-disable-related-posts":"","theme-transparent-header-meta":"","adv-header-id-meta":"","stick-header-meta":"default","header-above-stick-meta":"","header-main-stick-meta":"","header-below-stick-meta":"","astra-migrate-meta-layouts":"default","ast-page-background-enabled":"default","ast-page-background-meta":{"desktop":{"background-color":"","background-image":"","background-repeat":"repeat","background-position":"center center","background-size":"auto","background-attachment":"scroll","background-type":"","background-media":"","overlay-type":"","overlay-color":"","overlay-opacity":"","overlay-gradient":""},"tablet":{"background-color":"","background-image":"","background-repeat":"repeat","background-position":"center center","background-size":"auto","background-attachment":"scroll","background-type":"","background-media":"","overlay-type":"","overlay-color":"","overlay-opacity":"","overlay-gradient":""},"mobile":{"background-color":"","background-image":"","background-repeat":"repeat","background-position":"center center","background-size":"auto","background-attachment":"scroll","background-type":"","background-media":"","overlay-type":"","overlay-color":"","overlay-opacity":"","overlay-gradient":""}},"ast-content-background-meta":{"desktop":{"background-color":"var(--ast-global-color-5)","background-image":"","background-repeat":"repeat","background-position":"center center","background-size":"auto","background-attachment":"scroll","background-type":"","background-media":"","overlay-type":"","overlay-color":"","overlay-opacity":"","overlay-gradient":""},"tablet":{"background-color":"var(--ast-global-color-5)","background-image":"","background-repeat":"repeat","background-position":"center center","background-size":"auto","background-attachment":"scroll","background-type":"","background-media":"","overlay-type":"","overlay-color":"","overlay-opacity":"","overlay-gradient":""},"mobile":{"background-color":"var(--ast-global-color-5)","background-image":"","background-repeat":"repeat","background-position":"center center","background-size":"auto","background-attachment":"scroll","background-type":"","background-media":"","overlay-type":"","overlay-color":"","overlay-opacity":"","overlay-gradient":""}},"footnotes":""},"class_list":["post-1586","page","type-page","status-publish","hentry"],"yoast_head":"<!-- This site is optimized with the Yoast SEO plugin v27.1.1 - https:\/\/yoast.com\/product\/yoast-seo-wordpress\/ -->\n<title>\u00bfCu\u00e1nto tiempo se tarda en obtener el ESTA para viajar a Estados Unidos?<\/title>\n<meta name=\"description\" content=\"Explicaci\u00f3n detallada del tiempo necesario para obtener una autorizaci\u00f3n de viaje ESTA para viajar a los Estados Unidos de Am\u00e9rica\" \/>\n<meta name=\"robots\" content=\"index, follow, max-snippet:-1, max-image-preview:large, max-video-preview:-1\" \/>\n<link rel=\"canonical\" href=\"https:\/\/123-esta.com\/es\/cuales-son-los-plazos-para-obtener-la-esta-para-ir-a-ee-uu\/\" \/>\n<meta property=\"og:locale\" content=\"es_ES\" \/>\n<meta property=\"og:type\" content=\"article\" \/>\n<meta property=\"og:title\" content=\"\u00bfCu\u00e1nto tiempo se tarda en obtener el ESTA para viajar a Estados Unidos?\" \/>\n<meta property=\"og:description\" content=\"Explicaci\u00f3n detallada del tiempo necesario para obtener una autorizaci\u00f3n de viaje ESTA para viajar a los Estados Unidos de Am\u00e9rica\" \/>\n<meta property=\"og:url\" content=\"https:\/\/123-esta.com\/es\/cuales-son-los-plazos-para-obtener-la-esta-para-ir-a-ee-uu\/\" \/>\n<meta property=\"og:site_name\" content=\"Formulaire ESTA pour les USA\" \/>\n<meta property=\"article:modified_time\" content=\"2022-09-13T21:37:04+00:00\" \/>\n<meta name=\"twitter:card\" content=\"summary_large_image\" \/>\n<meta name=\"twitter:label1\" content=\"Tiempo de lectura\" \/>\n\t<meta name=\"twitter:data1\" content=\"4 minutos\" \/>\n<script type=\"application\/ld+json\" class=\"yoast-schema-graph\">{\"@context\":\"https:\/\/schema.org\",\"@graph\":[{\"@type\":\"WebPage\",\"@id\":\"https:\/\/123-esta.com\/es\/cuales-son-los-plazos-para-obtener-la-esta-para-ir-a-ee-uu\/\",\"url\":\"https:\/\/123-esta.com\/es\/cuales-son-los-plazos-para-obtener-la-esta-para-ir-a-ee-uu\/\",\"name\":\"\u00bfCu\u00e1nto tiempo se tarda en obtener el ESTA para viajar a Estados Unidos?\",\"isPartOf\":{\"@id\":\"https:\/\/123-esta.com\/es\/#website\"},\"datePublished\":\"2021-12-21T17:37:53+00:00\",\"dateModified\":\"2022-09-13T21:37:04+00:00\",\"description\":\"Explicaci\u00f3n detallada del tiempo necesario para obtener una autorizaci\u00f3n de viaje ESTA para viajar a los Estados Unidos de Am\u00e9rica\",\"inLanguage\":\"es\",\"potentialAction\":[{\"@type\":\"ReadAction\",\"target\":[\"https:\/\/123-esta.com\/es\/cuales-son-los-plazos-para-obtener-la-esta-para-ir-a-ee-uu\/\"]}]},{\"@type\":\"WebSite\",\"@id\":\"https:\/\/123-esta.com\/es\/#website\",\"url\":\"https:\/\/123-esta.com\/es\/\",\"name\":\"Formulaire ESTA pour les USA\",\"description\":\"\",\"publisher\":{\"@id\":\"https:\/\/123-esta.com\/es\/#organization\"},\"potentialAction\":[{\"@type\":\"SearchAction\",\"target\":{\"@type\":\"EntryPoint\",\"urlTemplate\":\"https:\/\/123-esta.com\/es\/?s={search_term_string}\"},\"query-input\":{\"@type\":\"PropertyValueSpecification\",\"valueRequired\":true,\"valueName\":\"search_term_string\"}}],\"inLanguage\":\"es\"},{\"@type\":\"Organization\",\"@id\":\"https:\/\/123-esta.com\/es\/#organization\",\"name\":\"Formulaire ESTA pour les USA\",\"url\":\"https:\/\/123-esta.com\/es\/\",\"logo\":{\"@type\":\"ImageObject\",\"inLanguage\":\"es\",\"@id\":\"https:\/\/123-esta.com\/es\/#\/schema\/logo\/image\/\",\"url\":\"https:\/\/123-esta.com\/wp-content\/uploads\/2018\/03\/logo-123-esta.png\",\"contentUrl\":\"https:\/\/123-esta.com\/wp-content\/uploads\/2018\/03\/logo-123-esta.png\",\"width\":191,\"height\":54,\"caption\":\"Formulaire ESTA pour les USA\"},\"image\":{\"@id\":\"https:\/\/123-esta.com\/es\/#\/schema\/logo\/image\/\"}}]}<\/script>\n<!-- \/ Yoast SEO plugin. -->","yoast_head_json":{"title":"\u00bfCu\u00e1nto tiempo se tarda en obtener el ESTA para viajar a Estados Unidos?","description":"Explicaci\u00f3n detallada del tiempo necesario para obtener una autorizaci\u00f3n de viaje ESTA para viajar a los Estados Unidos de Am\u00e9rica","robots":{"index":"index","follow":"follow","max-snippet":"max-snippet:-1","max-image-preview":"max-image-preview:large","max-video-preview":"max-video-preview:-1"},"canonical":"https:\/\/123-esta.com\/es\/cuales-son-los-plazos-para-obtener-la-esta-para-ir-a-ee-uu\/","og_locale":"es_ES","og_type":"article","og_title":"\u00bfCu\u00e1nto tiempo se tarda en obtener el ESTA para viajar a Estados Unidos?","og_description":"Explicaci\u00f3n detallada del tiempo necesario para obtener una autorizaci\u00f3n de viaje ESTA para viajar a los Estados Unidos de Am\u00e9rica","og_url":"https:\/\/123-esta.com\/es\/cuales-son-los-plazos-para-obtener-la-esta-para-ir-a-ee-uu\/","og_site_name":"Formulaire ESTA pour les USA","article_modified_time":"2022-09-13T21:37:04+00:00","twitter_card":"summary_large_image","twitter_misc":{"Tiempo de lectura":"4 minutos"},"schema":{"@context":"https:\/\/schema.org","@graph":[{"@type":"WebPage","@id":"https:\/\/123-esta.com\/es\/cuales-son-los-plazos-para-obtener-la-esta-para-ir-a-ee-uu\/","url":"https:\/\/123-esta.com\/es\/cuales-son-los-plazos-para-obtener-la-esta-para-ir-a-ee-uu\/","name":"\u00bfCu\u00e1nto tiempo se tarda en obtener el ESTA para viajar a Estados Unidos?","isPartOf":{"@id":"https:\/\/123-esta.com\/es\/#website"},"datePublished":"2021-12-21T17:37:53+00:00","dateModified":"2022-09-13T21:37:04+00:00","description":"Explicaci\u00f3n detallada del tiempo necesario para obtener una autorizaci\u00f3n de viaje ESTA para viajar a los Estados Unidos de Am\u00e9rica","inLanguage":"es","potentialAction":[{"@type":"ReadAction","target":["https:\/\/123-esta.com\/es\/cuales-son-los-plazos-para-obtener-la-esta-para-ir-a-ee-uu\/"]}]},{"@type":"WebSite","@id":"https:\/\/123-esta.com\/es\/#website","url":"https:\/\/123-esta.com\/es\/","name":"Formulaire ESTA pour les USA","description":"","publisher":{"@id":"https:\/\/123-esta.com\/es\/#organization"},"potentialAction":[{"@type":"SearchAction","target":{"@type":"EntryPoint","urlTemplate":"https:\/\/123-esta.com\/es\/?s={search_term_string}"},"query-input":{"@type":"PropertyValueSpecification","valueRequired":true,"valueName":"search_term_string"}}],"inLanguage":"es"},{"@type":"Organization","@id":"https:\/\/123-esta.com\/es\/#organization","name":"Formulaire ESTA pour les USA","url":"https:\/\/123-esta.com\/es\/","logo":{"@type":"ImageObject","inLanguage":"es","@id":"https:\/\/123-esta.com\/es\/#\/schema\/logo\/image\/","url":"https:\/\/123-esta.com\/wp-content\/uploads\/2018\/03\/logo-123-esta.png","contentUrl":"https:\/\/123-esta.com\/wp-content\/uploads\/2018\/03\/logo-123-esta.png","width":191,"height":54,"caption":"Formulaire ESTA pour les USA"},"image":{"@id":"https:\/\/123-esta.com\/es\/#\/schema\/logo\/image\/"}}]}},"_links":{"self":[{"href":"https:\/\/123-esta.com\/es\/wp-json\/wp\/v2\/pages\/1586","targetHints":{"allow":["GET"]}}],"collection":[{"href":"https:\/\/123-esta.com\/es\/wp-json\/wp\/v2\/pages"}],"about":[{"href":"https:\/\/123-esta.com\/es\/wp-json\/wp\/v2\/types\/page"}],"author":[{"embeddable":true,"href":"https:\/\/123-esta.com\/es\/wp-json\/wp\/v2\/users\/1"}],"replies":[{"embeddable":true,"href":"https:\/\/123-esta.com\/es\/wp-json\/wp\/v2\/comments?post=1586"}],"version-history":[{"count":0,"href":"https:\/\/123-esta.com\/es\/wp-json\/wp\/v2\/pages\/1586\/revisions"}],"wp:attachment":[{"href":"https:\/\/123-esta.com\/es\/wp-json\/wp\/v2\/media?parent=1586"}],"curies":[{"name":"wp","href":"https:\/\/api.w.org\/{rel}","templated":true}]}}