{"id":1580,"date":"2021-12-21T18:31:28","date_gmt":"2021-12-21T17:31:28","guid":{"rendered":"https:\/\/123-esta.com\/todo-sobre-la-solicitud-esta-en-linea\/"},"modified":"2022-09-19T16:58:09","modified_gmt":"2022-09-19T14:58:09","slug":"todo-conocimiento-sobre-la-solicitud-para-destacar-en-linea-para-mudarse-a-usa","status":"publish","type":"page","link":"https:\/\/123-esta.com\/es\/todo-conocimiento-sobre-la-solicitud-para-destacar-en-linea-para-mudarse-a-usa\/","title":{"rendered":"Todo sobre la solicitud ESTA en l\u00ednea"},"content":{"rendered":"\n<p>Est\u00e1 a punto de viajar a los Estados Unidos y sabe que necesita <a href=\"https:\/\/123-esta.com\/es\/\">una autorizaci\u00f3n ESTA<\/a>. \u00bfPero tal vez no sepa d\u00f3nde buscar o qu\u00e9 informaci\u00f3n necesita proporcionar para su solicitud ESTA en l\u00ednea? Si es as\u00ed, en este art\u00edculo encontrar\u00e1 todo lo que necesita saber sobre c\u00f3mo solicitar ESTA en l\u00ednea. <\/p>\n\n<h2 class=\"wp-block-heading\">ESTA online: \u00bfpara qui\u00e9n?<\/h2>\n\n<p>En primer lugar, \u00bfest\u00e1 seguro de que necesita solicitar el ESTA en l\u00ednea antes de viajar a los EE. UU.? Recuerde que ESTA est\u00e1 reservado para ciudadanos de pa\u00edses afectados por el programa de exenci\u00f3n de visa establecido por el gobierno de los EE. UU., Llamado <a href=\"https:\/\/123-esta.com\/es\/pais-visa-waiver-program\/\">Programa de exenci\u00f3n de visa<\/a> (VWP). Los nacionales de los 40 pa\u00edses miembros est\u00e1n, por tanto, exentos de solicitar un visado estadounidense y no necesitan acudir a la embajada de Estados Unidos para solicitar un <a href=\"https:\/\/123-esta.com\/es\/visado-turista-estados-unidos\/\">visado de turista<\/a>.  <\/p>\n\n<p>Tambi\u00e9n cabe destacar que el ESTA online solo est\u00e1 disponible si vas a viajar a Estados Unidos como parte de un viaje tur\u00edstico o de negocios de una duraci\u00f3n m\u00e1xima de 90 d\u00edas. Esta autorizaci\u00f3n solo es necesaria si ingresa a los Estados Unidos por v\u00eda a\u00e9rea o mar\u00edtima. <\/p>\n\n<p>Tambi\u00e9n es necesario un ESTA en l\u00ednea en el caso de tr\u00e1nsito a trav\u00e9s de los Estados Unidos de Am\u00e9rica hasta su destino final. Si a\u00fan est\u00e1 seguro de que necesita solicitar un ESTA en l\u00ednea, echemos un vistazo a las diferentes formas de hacerlo. <\/p>\n\n<h2 class=\"wp-block-heading\">\u00bfD\u00f3nde y c\u00f3mo completar una solicitud ESTA en l\u00ednea? <\/h2>\n\n<p>Hay varias formas de solicitar ESTA en l\u00ednea. El primero es ir al sitio oficial del gobierno, el segundo es llamar a los servicios de un sitio especializado como nuestro socio, para que se encargue del procedimiento por usted. <\/p>\n\n<p>En ambos casos, debe completar un formulario en l\u00ednea (el formulario ESTA se simplifica si pasa por un sitio privado), con su pasaporte. <\/p>\n\n<h3 class=\"wp-block-heading\">Tener un pasaporte v\u00e1lido<\/h3>\n\n<p>Recuerda que para realizar tu solicitud debes tener un pasaporte vigente. Para las autoridades estadounidenses, esto significa que debe ser un pasaporte electr\u00f3nico o un pasaporte biom\u00e9trico, equipado con el chip electr\u00f3nico capaz de almacenar su informaci\u00f3n de identificaci\u00f3n personal (huellas dactilares, esc\u00e1ner de retina, etc.). El ESTA est\u00e1 vinculado a su n\u00famero de pasaporte, y sin un documento que cumpla con las medidas de seguridad requeridas por el gobierno de los EE. UU., Una solicitud de autorizaci\u00f3n ESTA en l\u00ednea simplemente no ser\u00e1 posible. <\/p>\n\n<p>El formulario ESTA se divide en tres partes, cada una de las cuales se centra en datos espec\u00edficos.<\/p>\n\n<h3 class=\"wp-block-heading\">Las dos primeras partes del formulario ESTA<\/h3>\n\n<p>La primera parte se centra en su informaci\u00f3n personal. Se le pedir\u00e1 que ingrese su nombre, nombre, apellido de soltera, fecha y lugar de nacimiento, direcci\u00f3n postal, direcci\u00f3n de correo electr\u00f3nico, n\u00famero de tel\u00e9fono, n\u00famero de pasaporte, etc. Tambi\u00e9n debe proporcionar informaci\u00f3n sobre su actividad profesional, como los datos de contacto de su empleador.<\/p>\n\n<p>La segunda parte se refiere a su viaje a los propios Estados Unidos. En particular, se le solicita que proporcione los detalles de un contacto en los Estados Unidos y la direcci\u00f3n del lugar donde residir\u00e1 durante su estad\u00eda en los Estados Unidos. Si no tiene contacto o a\u00fan no tiene esta informaci\u00f3n, puede responder \u00abdesconocido\u00bb.<\/p>\n\n<h3 class=\"wp-block-heading\">\u00daltima parte del formulario ESTA <\/h3>\n\n<p>La tercera y \u00faltima parte se centra en su posible amenaza a la seguridad nacional de los EE. UU., Haci\u00e9ndose una serie de preguntas cerradas (donde las \u00fanicas respuestas posibles son s\u00ed o no).<\/p>\n\n<p>Las preguntas giran en torno a su historial m\u00e9dico y criminal, una posible solicitud de visa rechazada en el pasado o su intenci\u00f3n de cometer actos terroristas una vez en los Estados Unidos. Responda las preguntas de la manera m\u00e1s honesta posible, pero tenga en cuenta que una respuesta afirmativa en este cuestionario compromete en gran medida sus posibilidades de obtener su ESTA. <\/p>\n\n<p>Si viaja con ni\u00f1os, tiene la opci\u00f3n de realizar una solicitud grupal para todos los miembros de la familia. Si no puede completar el formulario usted mismo, otra persona puede hacerlo. Tenga en cuenta que usted es el \u00fanico responsable de la informaci\u00f3n proporcionada en su nombre. <\/p>\n\n<h3 class=\"wp-block-heading\">Una vez que se completa el formulario<\/h3>\n\n<p>Una vez completado el formulario, todo lo que tiene que hacer es pagar los costos de gesti\u00f3n de su solicitud. La tasa es de 21 d\u00f3lares en la p\u00e1gina web del gobierno. El <a href=\"https:\/\/123-esta.com\/es\/precios-y-pagos-esta\/\">costo de ESTA<\/a> en un sitio privado puede variar seg\u00fan el nivel de asistencia y soporte elegido.<\/p>\n\n<p>Una vez realizado el pago, lo \u00fanico que tienes que hacer es esperar la respuesta de los agentes encargados de verificar las solicitudes. Por lo general, se lleva a cabo en un plazo m\u00e1ximo de 72 horas.Si ha utilizado un proveedor de servicios privado como nuestro socio, se le notificar\u00e1 en tiempo real del progreso de su solicitud. Por el contrario, si ha solicitado el ESTA en l\u00ednea en el sitio web del gobierno, es usted quien debe comprobar regularmente el estado de su solicitud del ESTA.  <\/p>\n","protected":false},"excerpt":{"rendered":"<p>Est\u00e1 a punto de viajar a los Estados Unidos y sabe que necesita una autorizaci\u00f3n ESTA. \u00bfPero tal vez no sepa d\u00f3nde buscar o qu\u00e9 informaci\u00f3n necesita proporcionar para su solicitud ESTA en l\u00ednea? Si es as\u00ed, en este art\u00edculo encontrar\u00e1 todo lo que necesita saber sobre c\u00f3mo solicitar ESTA en l\u00ednea. ESTA online: \u00bfpara [&hellip;]<\/p>\n","protected":false},"author":1,"featured_media":0,"parent":0,"menu_order":0,"comment_status":"closed","ping_status":"closed","template":"","meta":{"site-sidebar-layout":"default","site-content-layout":"default","ast-site-content-layout":"default","site-content-style":"default","site-sidebar-style":"default","ast-global-header-display":"","ast-banner-title-visibility":"","ast-main-header-display":"","ast-hfb-above-header-display":"","ast-hfb-below-header-display":"","ast-hfb-mobile-header-display":"","site-post-title":"","ast-breadcrumbs-content":"","ast-featured-img":"","footer-sml-layout":"","ast-disable-related-posts":"","theme-transparent-header-meta":"default","adv-header-id-meta":"","stick-header-meta":"default","header-above-stick-meta":"","header-main-stick-meta":"","header-below-stick-meta":"","astra-migrate-meta-layouts":"default","ast-page-background-enabled":"default","ast-page-background-meta":{"desktop":{"background-color":"","background-image":"","background-repeat":"repeat","background-position":"center center","background-size":"auto","background-attachment":"scroll","background-type":"","background-media":"","overlay-type":"","overlay-color":"","overlay-opacity":"","overlay-gradient":""},"tablet":{"background-color":"","background-image":"","background-repeat":"repeat","background-position":"center center","background-size":"auto","background-attachment":"scroll","background-type":"","background-media":"","overlay-type":"","overlay-color":"","overlay-opacity":"","overlay-gradient":""},"mobile":{"background-color":"","background-image":"","background-repeat":"repeat","background-position":"center center","background-size":"auto","background-attachment":"scroll","background-type":"","background-media":"","overlay-type":"","overlay-color":"","overlay-opacity":"","overlay-gradient":""}},"ast-content-background-meta":{"desktop":{"background-color":"var(--ast-global-color-5)","background-image":"","background-repeat":"repeat","background-position":"center center","background-size":"auto","background-attachment":"scroll","background-type":"","background-media":"","overlay-type":"","overlay-color":"","overlay-opacity":"","overlay-gradient":""},"tablet":{"background-color":"var(--ast-global-color-5)","background-image":"","background-repeat":"repeat","background-position":"center center","background-size":"auto","background-attachment":"scroll","background-type":"","background-media":"","overlay-type":"","overlay-color":"","overlay-opacity":"","overlay-gradient":""},"mobile":{"background-color":"var(--ast-global-color-5)","background-image":"","background-repeat":"repeat","background-position":"center center","background-size":"auto","background-attachment":"scroll","background-type":"","background-media":"","overlay-type":"","overlay-color":"","overlay-opacity":"","overlay-gradient":""}},"footnotes":""},"class_list":["post-1580","page","type-page","status-publish","hentry"],"yoast_head":"<!-- This site is optimized with the Yoast SEO plugin v27.1.1 - https:\/\/yoast.com\/product\/yoast-seo-wordpress\/ -->\n<title>Todo sobre la solicitud en l\u00ednea ESTA para los Estados Unidos<\/title>\n<meta name=\"description\" content=\"\u00bfQuiere saber d\u00f3nde y c\u00f3mo solicitar el ESTA en l\u00ednea? Ve a Estados Unidos sin preocupaciones con todas nuestras explicaciones en este art\u00edculo.\" \/>\n<meta name=\"robots\" content=\"index, follow, max-snippet:-1, max-image-preview:large, max-video-preview:-1\" \/>\n<link rel=\"canonical\" href=\"https:\/\/123-esta.com\/es\/todo-conocimiento-sobre-la-solicitud-para-destacar-en-linea-para-mudarse-a-usa\/\" \/>\n<meta property=\"og:locale\" content=\"es_ES\" \/>\n<meta property=\"og:type\" content=\"article\" \/>\n<meta property=\"og:title\" content=\"Todo sobre la solicitud en l\u00ednea ESTA para los Estados Unidos\" \/>\n<meta property=\"og:description\" content=\"\u00bfQuiere saber d\u00f3nde y c\u00f3mo solicitar el ESTA en l\u00ednea? Ve a Estados Unidos sin preocupaciones con todas nuestras explicaciones en este art\u00edculo.\" \/>\n<meta property=\"og:url\" content=\"https:\/\/123-esta.com\/es\/todo-conocimiento-sobre-la-solicitud-para-destacar-en-linea-para-mudarse-a-usa\/\" \/>\n<meta property=\"og:site_name\" content=\"Formulaire ESTA pour les USA\" \/>\n<meta property=\"article:modified_time\" content=\"2022-09-19T14:58:09+00:00\" \/>\n<meta name=\"twitter:card\" content=\"summary_large_image\" \/>\n<meta name=\"twitter:label1\" content=\"Tiempo de lectura\" \/>\n\t<meta name=\"twitter:data1\" content=\"5 minutos\" \/>\n<script type=\"application\/ld+json\" class=\"yoast-schema-graph\">{\"@context\":\"https:\/\/schema.org\",\"@graph\":[{\"@type\":\"WebPage\",\"@id\":\"https:\/\/123-esta.com\/es\/todo-conocimiento-sobre-la-solicitud-para-destacar-en-linea-para-mudarse-a-usa\/\",\"url\":\"https:\/\/123-esta.com\/es\/todo-conocimiento-sobre-la-solicitud-para-destacar-en-linea-para-mudarse-a-usa\/\",\"name\":\"Todo sobre la solicitud en l\u00ednea ESTA para los Estados Unidos\",\"isPartOf\":{\"@id\":\"https:\/\/123-esta.com\/es\/#website\"},\"datePublished\":\"2021-12-21T17:31:28+00:00\",\"dateModified\":\"2022-09-19T14:58:09+00:00\",\"description\":\"\u00bfQuiere saber d\u00f3nde y c\u00f3mo solicitar el ESTA en l\u00ednea? Ve a Estados Unidos sin preocupaciones con todas nuestras explicaciones en este art\u00edculo.\",\"inLanguage\":\"es\",\"potentialAction\":[{\"@type\":\"ReadAction\",\"target\":[\"https:\/\/123-esta.com\/es\/todo-conocimiento-sobre-la-solicitud-para-destacar-en-linea-para-mudarse-a-usa\/\"]}]},{\"@type\":\"WebSite\",\"@id\":\"https:\/\/123-esta.com\/es\/#website\",\"url\":\"https:\/\/123-esta.com\/es\/\",\"name\":\"Formulaire ESTA pour les USA\",\"description\":\"\",\"publisher\":{\"@id\":\"https:\/\/123-esta.com\/es\/#organization\"},\"potentialAction\":[{\"@type\":\"SearchAction\",\"target\":{\"@type\":\"EntryPoint\",\"urlTemplate\":\"https:\/\/123-esta.com\/es\/?s={search_term_string}\"},\"query-input\":{\"@type\":\"PropertyValueSpecification\",\"valueRequired\":true,\"valueName\":\"search_term_string\"}}],\"inLanguage\":\"es\"},{\"@type\":\"Organization\",\"@id\":\"https:\/\/123-esta.com\/es\/#organization\",\"name\":\"Formulaire ESTA pour les USA\",\"url\":\"https:\/\/123-esta.com\/es\/\",\"logo\":{\"@type\":\"ImageObject\",\"inLanguage\":\"es\",\"@id\":\"https:\/\/123-esta.com\/es\/#\/schema\/logo\/image\/\",\"url\":\"https:\/\/123-esta.com\/wp-content\/uploads\/2018\/03\/logo-123-esta.png\",\"contentUrl\":\"https:\/\/123-esta.com\/wp-content\/uploads\/2018\/03\/logo-123-esta.png\",\"width\":191,\"height\":54,\"caption\":\"Formulaire ESTA pour les USA\"},\"image\":{\"@id\":\"https:\/\/123-esta.com\/es\/#\/schema\/logo\/image\/\"}}]}<\/script>\n<!-- \/ Yoast SEO plugin. -->","yoast_head_json":{"title":"Todo sobre la solicitud en l\u00ednea ESTA para los Estados Unidos","description":"\u00bfQuiere saber d\u00f3nde y c\u00f3mo solicitar el ESTA en l\u00ednea? Ve a Estados Unidos sin preocupaciones con todas nuestras explicaciones en este art\u00edculo.","robots":{"index":"index","follow":"follow","max-snippet":"max-snippet:-1","max-image-preview":"max-image-preview:large","max-video-preview":"max-video-preview:-1"},"canonical":"https:\/\/123-esta.com\/es\/todo-conocimiento-sobre-la-solicitud-para-destacar-en-linea-para-mudarse-a-usa\/","og_locale":"es_ES","og_type":"article","og_title":"Todo sobre la solicitud en l\u00ednea ESTA para los Estados Unidos","og_description":"\u00bfQuiere saber d\u00f3nde y c\u00f3mo solicitar el ESTA en l\u00ednea? Ve a Estados Unidos sin preocupaciones con todas nuestras explicaciones en este art\u00edculo.","og_url":"https:\/\/123-esta.com\/es\/todo-conocimiento-sobre-la-solicitud-para-destacar-en-linea-para-mudarse-a-usa\/","og_site_name":"Formulaire ESTA pour les USA","article_modified_time":"2022-09-19T14:58:09+00:00","twitter_card":"summary_large_image","twitter_misc":{"Tiempo de lectura":"5 minutos"},"schema":{"@context":"https:\/\/schema.org","@graph":[{"@type":"WebPage","@id":"https:\/\/123-esta.com\/es\/todo-conocimiento-sobre-la-solicitud-para-destacar-en-linea-para-mudarse-a-usa\/","url":"https:\/\/123-esta.com\/es\/todo-conocimiento-sobre-la-solicitud-para-destacar-en-linea-para-mudarse-a-usa\/","name":"Todo sobre la solicitud en l\u00ednea ESTA para los Estados Unidos","isPartOf":{"@id":"https:\/\/123-esta.com\/es\/#website"},"datePublished":"2021-12-21T17:31:28+00:00","dateModified":"2022-09-19T14:58:09+00:00","description":"\u00bfQuiere saber d\u00f3nde y c\u00f3mo solicitar el ESTA en l\u00ednea? Ve a Estados Unidos sin preocupaciones con todas nuestras explicaciones en este art\u00edculo.","inLanguage":"es","potentialAction":[{"@type":"ReadAction","target":["https:\/\/123-esta.com\/es\/todo-conocimiento-sobre-la-solicitud-para-destacar-en-linea-para-mudarse-a-usa\/"]}]},{"@type":"WebSite","@id":"https:\/\/123-esta.com\/es\/#website","url":"https:\/\/123-esta.com\/es\/","name":"Formulaire ESTA pour les USA","description":"","publisher":{"@id":"https:\/\/123-esta.com\/es\/#organization"},"potentialAction":[{"@type":"SearchAction","target":{"@type":"EntryPoint","urlTemplate":"https:\/\/123-esta.com\/es\/?s={search_term_string}"},"query-input":{"@type":"PropertyValueSpecification","valueRequired":true,"valueName":"search_term_string"}}],"inLanguage":"es"},{"@type":"Organization","@id":"https:\/\/123-esta.com\/es\/#organization","name":"Formulaire ESTA pour les USA","url":"https:\/\/123-esta.com\/es\/","logo":{"@type":"ImageObject","inLanguage":"es","@id":"https:\/\/123-esta.com\/es\/#\/schema\/logo\/image\/","url":"https:\/\/123-esta.com\/wp-content\/uploads\/2018\/03\/logo-123-esta.png","contentUrl":"https:\/\/123-esta.com\/wp-content\/uploads\/2018\/03\/logo-123-esta.png","width":191,"height":54,"caption":"Formulaire ESTA pour les USA"},"image":{"@id":"https:\/\/123-esta.com\/es\/#\/schema\/logo\/image\/"}}]}},"_links":{"self":[{"href":"https:\/\/123-esta.com\/es\/wp-json\/wp\/v2\/pages\/1580","targetHints":{"allow":["GET"]}}],"collection":[{"href":"https:\/\/123-esta.com\/es\/wp-json\/wp\/v2\/pages"}],"about":[{"href":"https:\/\/123-esta.com\/es\/wp-json\/wp\/v2\/types\/page"}],"author":[{"embeddable":true,"href":"https:\/\/123-esta.com\/es\/wp-json\/wp\/v2\/users\/1"}],"replies":[{"embeddable":true,"href":"https:\/\/123-esta.com\/es\/wp-json\/wp\/v2\/comments?post=1580"}],"version-history":[{"count":0,"href":"https:\/\/123-esta.com\/es\/wp-json\/wp\/v2\/pages\/1580\/revisions"}],"wp:attachment":[{"href":"https:\/\/123-esta.com\/es\/wp-json\/wp\/v2\/media?parent=1580"}],"curies":[{"name":"wp","href":"https:\/\/api.w.org\/{rel}","templated":true}]}}