{"id":1578,"date":"2021-12-21T18:10:51","date_gmt":"2021-12-21T17:10:51","guid":{"rendered":"https:\/\/123-esta.com\/que-ver-y-visitar-durante-su-estadia-en-estados-unidos\/"},"modified":"2022-09-13T21:00:54","modified_gmt":"2022-09-13T19:00:54","slug":"que-ver-y-visitar-durante-su-estadia-en-estados-unidos","status":"publish","type":"page","link":"https:\/\/123-esta.com\/es\/que-ver-y-visitar-durante-su-estadia-en-estados-unidos\/","title":{"rendered":"\u00bfQu\u00e9 ver y visitar durante su estad\u00eda en Estados Unidos?"},"content":{"rendered":"\n<p>Viajar por los Estados Unidos a veces puede parecer una verdadera carrera de obst\u00e1culos. Un <a href=\"https:\/\/123-esta.com\/es\/nuestro-consejo-para-un-viaje-pacifico-a-estados-unidos\/\">consejo antes de partir hacia EE<\/a> . UU., Para evitar al m\u00e1ximo las molestias: prepare su estancia, en particular revisando su ingl\u00e9s y traiga todos los documentos necesarios. Y para no perder el tiempo, es mejor definir los lugares que quieres visitar en EE. UU., \u00a1Porque hay tantos que tendr\u00e1s que elegir! Por cierto, \u00bfsabes qu\u00e9 ver en un viaje a Estados Unidos?<\/p>\n\n<h2 class=\"wp-block-heading\">Los lugares imperdibles de EE. UU.<\/h2>\n\n<p>Con una superficie de casi un mill\u00f3n de metros cuadrados, Estados Unidos ocupa el tercer lugar entre los pa\u00edses m\u00e1s grandes del mundo. Basta decir que no hay escasez <a href=\"https:\/\/123-esta.com\/es\/ciudades-y-regiones-para-visitar-los-estados-unidos\/\">de ciudades y regiones importantes para visitar en los EE<\/a> . UU. Y hacer la lista podr\u00eda llevar toda la vida. As\u00ed que centr\u00e9monos en los lugares imperdibles que hacen la reputaci\u00f3n de los EE. UU. Y te dan ganas de ir a los Estados Unidos.<\/p>\n\n<p>\u00bfC\u00f3mo no hablar de Nueva York? Tan conocida que la ciudad a menudo se considera la capital del pa\u00eds. Ciudad cosmopolita por excelencia y que nunca duerme, tiene atractivos para todos los gustos. Para los amantes de la naturaleza, es muy recomendable hacer un recorrido por el Gran Ca\u00f1\u00f3n, cuya historia de creaci\u00f3n se remonta a m\u00e1s de 1,7 millones de a\u00f1os. Los m\u00e1s jugadores seguramente apostar\u00e1n todas sus fichas al rojo en Las Vegas, la ciudad de todos los vicios donde el premio mayor espera a su pr\u00f3ximo due\u00f1o.<\/p>\n\n<p>Si tienes hijos o t\u00fa mismo todav\u00eda tienes alma de ni\u00f1o, hay buenas razones para ir y maravillarte con Disney World y su gigantesco parque de diversiones. No te preocupes por el alojamiento: podr\u00e1s <a href=\"https:\/\/123-esta.com\/es\/como-encontrar-alojamiento-u-hotel-para-su-estadia-en-usa\/\">encontrar un hotel<\/a> donde pasar una noche en un paisaje irreal. Finalmente, hagamos una parada en San Francisco y su famoso Puente Golden Gate. Pero la ciudad no se detiene en su puente y ofrece muchas tiendas t\u00edpicas y restaurantes de gran renombre. Tambi\u00e9n es en sus barrios donde se desarroll\u00f3 el movimiento hippie para aquellos interesados en volver a las ra\u00edces del Verano del Amor de 1967.<\/p>\n\n<h2 class=\"wp-block-heading\">\u00bfD\u00f3nde descansar durante un viaje a Estados Unidos?<\/h2>\n\n<p>Para todos aquellos que deseen evitar la efervescencia de los lugares muy tur\u00edsticos que pueden ser lugares de visita obligada, sepan que hay lugares menos conocidos para visitar en Estados Unidos pero igual de interesantes, sobre todo a la hora de descansar.<\/p>\n\n<p>\u00bfPor qu\u00e9 no ir a disfrutar de uno de los balnearios? \u00bfO estaciones de esqu\u00ed? Por ejemplo, el resort Snowmass en Colorado es uno de los m\u00e1s famosos del pa\u00eds, tan agradable en invierno como en verano. Si quieres aislarte un rato del mundo exterior, dir\u00edgete a la isla de Saint-Simon en Georgia: te esperan m\u00e1s de 45.000 m\u00b2 de naturaleza en total calma.<\/p>\n\n<p>En <a href=\"https:\/\/123-esta.com\/es\/cuales-son-las-mejores-playas-de-estados-unidos\/\">cuanto a las playas de Estados Unidos<\/a> , tampoco faltan destinos. Citemos Wallis Sands State Beach, que ofrece casi 30 magn\u00edficos kil\u00f3metros de costa ubicada en Rye en New Hampshire, donde muchas familias van a caminar. Miami Beach le permite combinar el fervor de una gran ciudad costera y una playa cuya reputaci\u00f3n est\u00e1 bien establecida. A\u00fan as\u00ed, se recomienda evitar acudir en \u00e9pocas de gran influencia para poder disfrutar plenamente del entorno.<\/p>\n","protected":false},"excerpt":{"rendered":"<p>Viajar por los Estados Unidos a veces puede parecer una verdadera carrera de obst\u00e1culos. Un consejo antes de partir hacia EE . UU., Para evitar al m\u00e1ximo las molestias: prepare su estancia, en particular revisando su ingl\u00e9s y traiga todos los documentos necesarios. Y para no perder el tiempo, es mejor definir los lugares que [&hellip;]<\/p>\n","protected":false},"author":1,"featured_media":0,"parent":0,"menu_order":0,"comment_status":"closed","ping_status":"closed","template":"","meta":{"site-sidebar-layout":"default","site-content-layout":"default","ast-site-content-layout":"default","site-content-style":"default","site-sidebar-style":"default","ast-global-header-display":"","ast-banner-title-visibility":"","ast-main-header-display":"","ast-hfb-above-header-display":"","ast-hfb-below-header-display":"","ast-hfb-mobile-header-display":"","site-post-title":"","ast-breadcrumbs-content":"","ast-featured-img":"","footer-sml-layout":"","ast-disable-related-posts":"","theme-transparent-header-meta":"default","adv-header-id-meta":"","stick-header-meta":"default","header-above-stick-meta":"","header-main-stick-meta":"","header-below-stick-meta":"","astra-migrate-meta-layouts":"default","ast-page-background-enabled":"default","ast-page-background-meta":{"desktop":{"background-color":"","background-image":"","background-repeat":"repeat","background-position":"center center","background-size":"auto","background-attachment":"scroll","background-type":"","background-media":"","overlay-type":"","overlay-color":"","overlay-opacity":"","overlay-gradient":""},"tablet":{"background-color":"","background-image":"","background-repeat":"repeat","background-position":"center center","background-size":"auto","background-attachment":"scroll","background-type":"","background-media":"","overlay-type":"","overlay-color":"","overlay-opacity":"","overlay-gradient":""},"mobile":{"background-color":"","background-image":"","background-repeat":"repeat","background-position":"center center","background-size":"auto","background-attachment":"scroll","background-type":"","background-media":"","overlay-type":"","overlay-color":"","overlay-opacity":"","overlay-gradient":""}},"ast-content-background-meta":{"desktop":{"background-color":"var(--ast-global-color-5)","background-image":"","background-repeat":"repeat","background-position":"center center","background-size":"auto","background-attachment":"scroll","background-type":"","background-media":"","overlay-type":"","overlay-color":"","overlay-opacity":"","overlay-gradient":""},"tablet":{"background-color":"var(--ast-global-color-5)","background-image":"","background-repeat":"repeat","background-position":"center center","background-size":"auto","background-attachment":"scroll","background-type":"","background-media":"","overlay-type":"","overlay-color":"","overlay-opacity":"","overlay-gradient":""},"mobile":{"background-color":"var(--ast-global-color-5)","background-image":"","background-repeat":"repeat","background-position":"center center","background-size":"auto","background-attachment":"scroll","background-type":"","background-media":"","overlay-type":"","overlay-color":"","overlay-opacity":"","overlay-gradient":""}},"footnotes":""},"class_list":["post-1578","page","type-page","status-publish","hentry"],"yoast_head":"<!-- This site is optimized with the Yoast SEO plugin v27.1.1 - https:\/\/yoast.com\/product\/yoast-seo-wordpress\/ -->\n<title>Nuestros consejos de visita para su viaje a Estados Unidos<\/title>\n<meta name=\"description\" content=\"Muchos quieren ir a Estados Unidos. Gracias a ESTA, esto ahora es m\u00e1s f\u00e1cil. Te recomendamos algunos lugares imperdibles.\" \/>\n<meta name=\"robots\" content=\"index, follow, max-snippet:-1, max-image-preview:large, max-video-preview:-1\" \/>\n<link rel=\"canonical\" href=\"https:\/\/123-esta.com\/es\/que-ver-y-visitar-durante-su-estadia-en-estados-unidos\/\" \/>\n<meta property=\"og:locale\" content=\"es_ES\" \/>\n<meta property=\"og:type\" content=\"article\" \/>\n<meta property=\"og:title\" content=\"Nuestros consejos de visita para su viaje a Estados Unidos\" \/>\n<meta property=\"og:description\" content=\"Muchos quieren ir a Estados Unidos. Gracias a ESTA, esto ahora es m\u00e1s f\u00e1cil. Te recomendamos algunos lugares imperdibles.\" \/>\n<meta property=\"og:url\" content=\"https:\/\/123-esta.com\/es\/que-ver-y-visitar-durante-su-estadia-en-estados-unidos\/\" \/>\n<meta property=\"og:site_name\" content=\"Formulaire ESTA pour les USA\" \/>\n<meta property=\"article:modified_time\" content=\"2022-09-13T19:00:54+00:00\" \/>\n<meta name=\"twitter:card\" content=\"summary_large_image\" \/>\n<meta name=\"twitter:label1\" content=\"Tiempo de lectura\" \/>\n\t<meta name=\"twitter:data1\" content=\"3 minutos\" \/>\n<script type=\"application\/ld+json\" class=\"yoast-schema-graph\">{\"@context\":\"https:\/\/schema.org\",\"@graph\":[{\"@type\":\"WebPage\",\"@id\":\"https:\/\/123-esta.com\/es\/que-ver-y-visitar-durante-su-estadia-en-estados-unidos\/\",\"url\":\"https:\/\/123-esta.com\/es\/que-ver-y-visitar-durante-su-estadia-en-estados-unidos\/\",\"name\":\"Nuestros consejos de visita para su viaje a Estados Unidos\",\"isPartOf\":{\"@id\":\"https:\/\/123-esta.com\/es\/#website\"},\"datePublished\":\"2021-12-21T17:10:51+00:00\",\"dateModified\":\"2022-09-13T19:00:54+00:00\",\"description\":\"Muchos quieren ir a Estados Unidos. Gracias a ESTA, esto ahora es m\u00e1s f\u00e1cil. Te recomendamos algunos lugares imperdibles.\",\"inLanguage\":\"es\",\"potentialAction\":[{\"@type\":\"ReadAction\",\"target\":[\"https:\/\/123-esta.com\/es\/que-ver-y-visitar-durante-su-estadia-en-estados-unidos\/\"]}]},{\"@type\":\"WebSite\",\"@id\":\"https:\/\/123-esta.com\/es\/#website\",\"url\":\"https:\/\/123-esta.com\/es\/\",\"name\":\"Formulaire ESTA pour les USA\",\"description\":\"\",\"publisher\":{\"@id\":\"https:\/\/123-esta.com\/es\/#organization\"},\"potentialAction\":[{\"@type\":\"SearchAction\",\"target\":{\"@type\":\"EntryPoint\",\"urlTemplate\":\"https:\/\/123-esta.com\/es\/?s={search_term_string}\"},\"query-input\":{\"@type\":\"PropertyValueSpecification\",\"valueRequired\":true,\"valueName\":\"search_term_string\"}}],\"inLanguage\":\"es\"},{\"@type\":\"Organization\",\"@id\":\"https:\/\/123-esta.com\/es\/#organization\",\"name\":\"Formulaire ESTA pour les USA\",\"url\":\"https:\/\/123-esta.com\/es\/\",\"logo\":{\"@type\":\"ImageObject\",\"inLanguage\":\"es\",\"@id\":\"https:\/\/123-esta.com\/es\/#\/schema\/logo\/image\/\",\"url\":\"https:\/\/123-esta.com\/wp-content\/uploads\/2018\/03\/logo-123-esta.png\",\"contentUrl\":\"https:\/\/123-esta.com\/wp-content\/uploads\/2018\/03\/logo-123-esta.png\",\"width\":191,\"height\":54,\"caption\":\"Formulaire ESTA pour les USA\"},\"image\":{\"@id\":\"https:\/\/123-esta.com\/es\/#\/schema\/logo\/image\/\"}}]}<\/script>\n<!-- \/ Yoast SEO plugin. -->","yoast_head_json":{"title":"Nuestros consejos de visita para su viaje a Estados Unidos","description":"Muchos quieren ir a Estados Unidos. Gracias a ESTA, esto ahora es m\u00e1s f\u00e1cil. Te recomendamos algunos lugares imperdibles.","robots":{"index":"index","follow":"follow","max-snippet":"max-snippet:-1","max-image-preview":"max-image-preview:large","max-video-preview":"max-video-preview:-1"},"canonical":"https:\/\/123-esta.com\/es\/que-ver-y-visitar-durante-su-estadia-en-estados-unidos\/","og_locale":"es_ES","og_type":"article","og_title":"Nuestros consejos de visita para su viaje a Estados Unidos","og_description":"Muchos quieren ir a Estados Unidos. Gracias a ESTA, esto ahora es m\u00e1s f\u00e1cil. Te recomendamos algunos lugares imperdibles.","og_url":"https:\/\/123-esta.com\/es\/que-ver-y-visitar-durante-su-estadia-en-estados-unidos\/","og_site_name":"Formulaire ESTA pour les USA","article_modified_time":"2022-09-13T19:00:54+00:00","twitter_card":"summary_large_image","twitter_misc":{"Tiempo de lectura":"3 minutos"},"schema":{"@context":"https:\/\/schema.org","@graph":[{"@type":"WebPage","@id":"https:\/\/123-esta.com\/es\/que-ver-y-visitar-durante-su-estadia-en-estados-unidos\/","url":"https:\/\/123-esta.com\/es\/que-ver-y-visitar-durante-su-estadia-en-estados-unidos\/","name":"Nuestros consejos de visita para su viaje a Estados Unidos","isPartOf":{"@id":"https:\/\/123-esta.com\/es\/#website"},"datePublished":"2021-12-21T17:10:51+00:00","dateModified":"2022-09-13T19:00:54+00:00","description":"Muchos quieren ir a Estados Unidos. Gracias a ESTA, esto ahora es m\u00e1s f\u00e1cil. Te recomendamos algunos lugares imperdibles.","inLanguage":"es","potentialAction":[{"@type":"ReadAction","target":["https:\/\/123-esta.com\/es\/que-ver-y-visitar-durante-su-estadia-en-estados-unidos\/"]}]},{"@type":"WebSite","@id":"https:\/\/123-esta.com\/es\/#website","url":"https:\/\/123-esta.com\/es\/","name":"Formulaire ESTA pour les USA","description":"","publisher":{"@id":"https:\/\/123-esta.com\/es\/#organization"},"potentialAction":[{"@type":"SearchAction","target":{"@type":"EntryPoint","urlTemplate":"https:\/\/123-esta.com\/es\/?s={search_term_string}"},"query-input":{"@type":"PropertyValueSpecification","valueRequired":true,"valueName":"search_term_string"}}],"inLanguage":"es"},{"@type":"Organization","@id":"https:\/\/123-esta.com\/es\/#organization","name":"Formulaire ESTA pour les USA","url":"https:\/\/123-esta.com\/es\/","logo":{"@type":"ImageObject","inLanguage":"es","@id":"https:\/\/123-esta.com\/es\/#\/schema\/logo\/image\/","url":"https:\/\/123-esta.com\/wp-content\/uploads\/2018\/03\/logo-123-esta.png","contentUrl":"https:\/\/123-esta.com\/wp-content\/uploads\/2018\/03\/logo-123-esta.png","width":191,"height":54,"caption":"Formulaire ESTA pour les USA"},"image":{"@id":"https:\/\/123-esta.com\/es\/#\/schema\/logo\/image\/"}}]}},"_links":{"self":[{"href":"https:\/\/123-esta.com\/es\/wp-json\/wp\/v2\/pages\/1578","targetHints":{"allow":["GET"]}}],"collection":[{"href":"https:\/\/123-esta.com\/es\/wp-json\/wp\/v2\/pages"}],"about":[{"href":"https:\/\/123-esta.com\/es\/wp-json\/wp\/v2\/types\/page"}],"author":[{"embeddable":true,"href":"https:\/\/123-esta.com\/es\/wp-json\/wp\/v2\/users\/1"}],"replies":[{"embeddable":true,"href":"https:\/\/123-esta.com\/es\/wp-json\/wp\/v2\/comments?post=1578"}],"version-history":[{"count":0,"href":"https:\/\/123-esta.com\/es\/wp-json\/wp\/v2\/pages\/1578\/revisions"}],"wp:attachment":[{"href":"https:\/\/123-esta.com\/es\/wp-json\/wp\/v2\/media?parent=1578"}],"curies":[{"name":"wp","href":"https:\/\/api.w.org\/{rel}","templated":true}]}}