{"id":1576,"date":"2021-12-21T18:10:18","date_gmt":"2021-12-21T17:10:18","guid":{"rendered":"https:\/\/123-esta.com\/que-visitar-durante-una-estancia-en-boston\/"},"modified":"2022-09-06T23:17:47","modified_gmt":"2022-09-06T21:17:47","slug":"que-visitar-durante-una-estancia-en-boston","status":"publish","type":"page","link":"https:\/\/123-esta.com\/es\/que-visitar-durante-una-estancia-en-boston\/","title":{"rendered":"\u00bfQu\u00e9 visitar durante una estancia en Boston?"},"content":{"rendered":"\n<p>Boston es una ciudad estadounidense ubicada en el estado de Massachusetts, en el <a href=\"https:\/\/123-esta.com\/es\/que-hacer-en-el-noreste-de-los-estados-unidos\/\">noreste de Estados Unidos<\/a> , a 300 km al norte de la ciudad de Nueva York. Est\u00e1 rodeado por las localidades de Chelsea, Quincy y Winthrop.<\/p>\n\n<p>En virtud de su inmensidad, en comparaci\u00f3n con otras ciudades del estado, es la capital y el centro cultural de la regi\u00f3n de Nueva Inglaterra. Tambi\u00e9n es la capital del estado de Massachusetts.<\/p>\n\n<p>Boston es accesible por mar a trav\u00e9s de su puerto de Boston Harbor. Este \u00faltimo es el puerto base de los cruceros que realizan recorridos para descubrir Estados Unidos y Canad\u00e1.<\/p>\n\n<h2 class=\"wp-block-heading\">Boston en breve<\/h2>\n\n<p>Boston es una de las ciudades m\u00e1s antiguas de los Estados Unidos, rica en historia y tradici\u00f3n. De hecho, muchos inmigrantes europeos llegaron a Boston antes de extenderse por todo el pa\u00eds.<\/p>\n\n<p>Boston es diferente a cualquier otra ciudad estadounidense con su notable centro hist\u00f3rico, lleno de edificios coloniales, calles adoquinadas y otros vestigios del pasado. Subdividido en muchos barrios, nos encontramos con multitud de curiosidades. Sin embargo, Boston ha evolucionado con los tiempos y tambi\u00e9n ofrece un lado muy moderno.<\/p>\n\n<p>Boston tambi\u00e9n es famosa por sus universidades. La ciudad alberga las famosas instituciones de <a href=\"https:\/\/www.harvard.edu\/\">Harvard<\/a> y <a href=\"http:\/\/web.mit.edu\/\">MIT<\/a> en su tierra. Para descubrirlos, se ofrecen a los visitantes varios paseos.<\/p>\n\n<h2 class=\"wp-block-heading\">Descubriendo Boston<\/h2>\n\n<p>Una excelente manera de experimentar la historia de Boston es tomar la L\u00ednea Roja en Freedom Trail. En una carretera de aproximadamente 4 km de largo, puede descubrir lugares importantes como la <a href=\"http:\/\/oldnorth.com\/\">Iglesia Old North<\/a> , <a href=\"http:\/\/www.office-tourisme-usa.com\/etat\/massachusetts\/massachusetts-state-house\">la Casa del Estado de Massachusetts<\/a> , la Estatua de Benjamin Franklin, el Barrio Italiano, la Antigua Casa de Reuniones y la Casa Paul Revere.<\/p>\n\n<p>Pasando por la zona residencial de &#8216;Beacon Hill&#8217; se pueden admirar encantadores senderos empedrados, la arquitectura de las casas con sus bonitos jardines, etc. Tambi\u00e9n es posible comprar algunos recuerdos antiguos en las tiendas vintage de la gran calle principal.<\/p>\n\n<p>En el distrito de &#8216;Back Bay&#8217;, en Copley Square, es posible que tenga la oportunidad de asistir a festivales, mercados y otros eventos que son comunes all\u00ed. La mayor\u00eda de las veces, simplemente pasear por el parque ser\u00e1 m\u00e1s que suficiente para mantenerte feliz.<\/p>\n\n<p>El recorrido hist\u00f3rico contin\u00faa por los campus de las famosas universidades de Harvard y MIT, reconocidas entre las mejores del mundo. En los vecindarios circundantes, vale la pena visitar algunos museos de arte, historia natural y arqueolog\u00eda.<\/p>\n\n<p>Cruzando puentes, como Arlington Street, se llega r\u00e1pidamente a Esplanade. Tambi\u00e9n se a\u00f1adir\u00e1 al programa un refrescante paseo por el r\u00edo Charles. Tanto para los fan\u00e1ticos del b\u00e9isbol como para los curiosos, el legendario estadio de Boston, Fenway Park, tambi\u00e9n merece una visita. All\u00ed se puede visitar un museo dedicado a los Red Sox.<\/p>\n\n<p>M\u00e1s que nunca, visitar Boston es una experiencia \u00fanica como ninguna otra ciudad que ver\u00e1 en los Estados Unidos.<\/p>\n","protected":false},"excerpt":{"rendered":"<p>Boston es una ciudad estadounidense ubicada en el estado de Massachusetts, en el noreste de Estados Unidos , a 300 km al norte de la ciudad de Nueva York. Est\u00e1 rodeado por las localidades de Chelsea, Quincy y Winthrop. En virtud de su inmensidad, en comparaci\u00f3n con otras ciudades del estado, es la capital y [&hellip;]<\/p>\n","protected":false},"author":1,"featured_media":0,"parent":0,"menu_order":0,"comment_status":"closed","ping_status":"closed","template":"","meta":{"site-sidebar-layout":"default","site-content-layout":"default","ast-site-content-layout":"default","site-content-style":"default","site-sidebar-style":"default","ast-global-header-display":"","ast-banner-title-visibility":"","ast-main-header-display":"","ast-hfb-above-header-display":"","ast-hfb-below-header-display":"","ast-hfb-mobile-header-display":"","site-post-title":"","ast-breadcrumbs-content":"","ast-featured-img":"","footer-sml-layout":"","ast-disable-related-posts":"","theme-transparent-header-meta":"default","adv-header-id-meta":"","stick-header-meta":"default","header-above-stick-meta":"","header-main-stick-meta":"","header-below-stick-meta":"","astra-migrate-meta-layouts":"default","ast-page-background-enabled":"default","ast-page-background-meta":{"desktop":{"background-color":"","background-image":"","background-repeat":"repeat","background-position":"center center","background-size":"auto","background-attachment":"scroll","background-type":"","background-media":"","overlay-type":"","overlay-color":"","overlay-opacity":"","overlay-gradient":""},"tablet":{"background-color":"","background-image":"","background-repeat":"repeat","background-position":"center center","background-size":"auto","background-attachment":"scroll","background-type":"","background-media":"","overlay-type":"","overlay-color":"","overlay-opacity":"","overlay-gradient":""},"mobile":{"background-color":"","background-image":"","background-repeat":"repeat","background-position":"center center","background-size":"auto","background-attachment":"scroll","background-type":"","background-media":"","overlay-type":"","overlay-color":"","overlay-opacity":"","overlay-gradient":""}},"ast-content-background-meta":{"desktop":{"background-color":"var(--ast-global-color-5)","background-image":"","background-repeat":"repeat","background-position":"center center","background-size":"auto","background-attachment":"scroll","background-type":"","background-media":"","overlay-type":"","overlay-color":"","overlay-opacity":"","overlay-gradient":""},"tablet":{"background-color":"var(--ast-global-color-5)","background-image":"","background-repeat":"repeat","background-position":"center center","background-size":"auto","background-attachment":"scroll","background-type":"","background-media":"","overlay-type":"","overlay-color":"","overlay-opacity":"","overlay-gradient":""},"mobile":{"background-color":"var(--ast-global-color-5)","background-image":"","background-repeat":"repeat","background-position":"center center","background-size":"auto","background-attachment":"scroll","background-type":"","background-media":"","overlay-type":"","overlay-color":"","overlay-opacity":"","overlay-gradient":""}},"footnotes":""},"class_list":["post-1576","page","type-page","status-publish","hentry"],"yoast_head":"<!-- This site is optimized with the Yoast SEO plugin v27.1.1 - https:\/\/yoast.com\/product\/yoast-seo-wordpress\/ -->\n<title>\u00bfQu\u00e9 hacer y ver durante una estancia en Boston?<\/title>\n<meta name=\"description\" content=\"Cuna hist\u00f3rica y cultural, vale la pena visitar Boston. Esta ciudad del noreste de Estados Unidos puede combinarse con un viaje a Nueva York.\" \/>\n<meta name=\"robots\" content=\"index, follow, max-snippet:-1, max-image-preview:large, max-video-preview:-1\" \/>\n<link rel=\"canonical\" href=\"https:\/\/123-esta.com\/es\/que-visitar-durante-una-estancia-en-boston\/\" \/>\n<meta property=\"og:locale\" content=\"es_ES\" \/>\n<meta property=\"og:type\" content=\"article\" \/>\n<meta property=\"og:title\" content=\"\u00bfQu\u00e9 hacer y ver durante una estancia en Boston?\" \/>\n<meta property=\"og:description\" content=\"Cuna hist\u00f3rica y cultural, vale la pena visitar Boston. Esta ciudad del noreste de Estados Unidos puede combinarse con un viaje a Nueva York.\" \/>\n<meta property=\"og:url\" content=\"https:\/\/123-esta.com\/es\/que-visitar-durante-una-estancia-en-boston\/\" \/>\n<meta property=\"og:site_name\" content=\"Formulaire ESTA pour les USA\" \/>\n<meta property=\"article:modified_time\" content=\"2022-09-06T21:17:47+00:00\" \/>\n<meta name=\"twitter:card\" content=\"summary_large_image\" \/>\n<meta name=\"twitter:label1\" content=\"Tiempo de lectura\" \/>\n\t<meta name=\"twitter:data1\" content=\"3 minutos\" \/>\n<script type=\"application\/ld+json\" class=\"yoast-schema-graph\">{\"@context\":\"https:\/\/schema.org\",\"@graph\":[{\"@type\":\"WebPage\",\"@id\":\"https:\/\/123-esta.com\/es\/que-visitar-durante-una-estancia-en-boston\/\",\"url\":\"https:\/\/123-esta.com\/es\/que-visitar-durante-una-estancia-en-boston\/\",\"name\":\"\u00bfQu\u00e9 hacer y ver durante una estancia en Boston?\",\"isPartOf\":{\"@id\":\"https:\/\/123-esta.com\/es\/#website\"},\"datePublished\":\"2021-12-21T17:10:18+00:00\",\"dateModified\":\"2022-09-06T21:17:47+00:00\",\"description\":\"Cuna hist\u00f3rica y cultural, vale la pena visitar Boston. Esta ciudad del noreste de Estados Unidos puede combinarse con un viaje a Nueva York.\",\"inLanguage\":\"es\",\"potentialAction\":[{\"@type\":\"ReadAction\",\"target\":[\"https:\/\/123-esta.com\/es\/que-visitar-durante-una-estancia-en-boston\/\"]}]},{\"@type\":\"WebSite\",\"@id\":\"https:\/\/123-esta.com\/es\/#website\",\"url\":\"https:\/\/123-esta.com\/es\/\",\"name\":\"Formulaire ESTA pour les USA\",\"description\":\"\",\"publisher\":{\"@id\":\"https:\/\/123-esta.com\/es\/#organization\"},\"potentialAction\":[{\"@type\":\"SearchAction\",\"target\":{\"@type\":\"EntryPoint\",\"urlTemplate\":\"https:\/\/123-esta.com\/es\/?s={search_term_string}\"},\"query-input\":{\"@type\":\"PropertyValueSpecification\",\"valueRequired\":true,\"valueName\":\"search_term_string\"}}],\"inLanguage\":\"es\"},{\"@type\":\"Organization\",\"@id\":\"https:\/\/123-esta.com\/es\/#organization\",\"name\":\"Formulaire ESTA pour les USA\",\"url\":\"https:\/\/123-esta.com\/es\/\",\"logo\":{\"@type\":\"ImageObject\",\"inLanguage\":\"es\",\"@id\":\"https:\/\/123-esta.com\/es\/#\/schema\/logo\/image\/\",\"url\":\"https:\/\/123-esta.com\/wp-content\/uploads\/2018\/03\/logo-123-esta.png\",\"contentUrl\":\"https:\/\/123-esta.com\/wp-content\/uploads\/2018\/03\/logo-123-esta.png\",\"width\":191,\"height\":54,\"caption\":\"Formulaire ESTA pour les USA\"},\"image\":{\"@id\":\"https:\/\/123-esta.com\/es\/#\/schema\/logo\/image\/\"}}]}<\/script>\n<!-- \/ Yoast SEO plugin. -->","yoast_head_json":{"title":"\u00bfQu\u00e9 hacer y ver durante una estancia en Boston?","description":"Cuna hist\u00f3rica y cultural, vale la pena visitar Boston. Esta ciudad del noreste de Estados Unidos puede combinarse con un viaje a Nueva York.","robots":{"index":"index","follow":"follow","max-snippet":"max-snippet:-1","max-image-preview":"max-image-preview:large","max-video-preview":"max-video-preview:-1"},"canonical":"https:\/\/123-esta.com\/es\/que-visitar-durante-una-estancia-en-boston\/","og_locale":"es_ES","og_type":"article","og_title":"\u00bfQu\u00e9 hacer y ver durante una estancia en Boston?","og_description":"Cuna hist\u00f3rica y cultural, vale la pena visitar Boston. Esta ciudad del noreste de Estados Unidos puede combinarse con un viaje a Nueva York.","og_url":"https:\/\/123-esta.com\/es\/que-visitar-durante-una-estancia-en-boston\/","og_site_name":"Formulaire ESTA pour les USA","article_modified_time":"2022-09-06T21:17:47+00:00","twitter_card":"summary_large_image","twitter_misc":{"Tiempo de lectura":"3 minutos"},"schema":{"@context":"https:\/\/schema.org","@graph":[{"@type":"WebPage","@id":"https:\/\/123-esta.com\/es\/que-visitar-durante-una-estancia-en-boston\/","url":"https:\/\/123-esta.com\/es\/que-visitar-durante-una-estancia-en-boston\/","name":"\u00bfQu\u00e9 hacer y ver durante una estancia en Boston?","isPartOf":{"@id":"https:\/\/123-esta.com\/es\/#website"},"datePublished":"2021-12-21T17:10:18+00:00","dateModified":"2022-09-06T21:17:47+00:00","description":"Cuna hist\u00f3rica y cultural, vale la pena visitar Boston. Esta ciudad del noreste de Estados Unidos puede combinarse con un viaje a Nueva York.","inLanguage":"es","potentialAction":[{"@type":"ReadAction","target":["https:\/\/123-esta.com\/es\/que-visitar-durante-una-estancia-en-boston\/"]}]},{"@type":"WebSite","@id":"https:\/\/123-esta.com\/es\/#website","url":"https:\/\/123-esta.com\/es\/","name":"Formulaire ESTA pour les USA","description":"","publisher":{"@id":"https:\/\/123-esta.com\/es\/#organization"},"potentialAction":[{"@type":"SearchAction","target":{"@type":"EntryPoint","urlTemplate":"https:\/\/123-esta.com\/es\/?s={search_term_string}"},"query-input":{"@type":"PropertyValueSpecification","valueRequired":true,"valueName":"search_term_string"}}],"inLanguage":"es"},{"@type":"Organization","@id":"https:\/\/123-esta.com\/es\/#organization","name":"Formulaire ESTA pour les USA","url":"https:\/\/123-esta.com\/es\/","logo":{"@type":"ImageObject","inLanguage":"es","@id":"https:\/\/123-esta.com\/es\/#\/schema\/logo\/image\/","url":"https:\/\/123-esta.com\/wp-content\/uploads\/2018\/03\/logo-123-esta.png","contentUrl":"https:\/\/123-esta.com\/wp-content\/uploads\/2018\/03\/logo-123-esta.png","width":191,"height":54,"caption":"Formulaire ESTA pour les USA"},"image":{"@id":"https:\/\/123-esta.com\/es\/#\/schema\/logo\/image\/"}}]}},"_links":{"self":[{"href":"https:\/\/123-esta.com\/es\/wp-json\/wp\/v2\/pages\/1576","targetHints":{"allow":["GET"]}}],"collection":[{"href":"https:\/\/123-esta.com\/es\/wp-json\/wp\/v2\/pages"}],"about":[{"href":"https:\/\/123-esta.com\/es\/wp-json\/wp\/v2\/types\/page"}],"author":[{"embeddable":true,"href":"https:\/\/123-esta.com\/es\/wp-json\/wp\/v2\/users\/1"}],"replies":[{"embeddable":true,"href":"https:\/\/123-esta.com\/es\/wp-json\/wp\/v2\/comments?post=1576"}],"version-history":[{"count":0,"href":"https:\/\/123-esta.com\/es\/wp-json\/wp\/v2\/pages\/1576\/revisions"}],"wp:attachment":[{"href":"https:\/\/123-esta.com\/es\/wp-json\/wp\/v2\/media?parent=1576"}],"curies":[{"name":"wp","href":"https:\/\/api.w.org\/{rel}","templated":true}]}}