{"id":1574,"date":"2021-12-21T18:10:08","date_gmt":"2021-12-21T17:10:08","guid":{"rendered":"https:\/\/123-esta.com\/que-ver-y-hacer-en-california\/"},"modified":"2022-09-06T21:22:19","modified_gmt":"2022-09-06T19:22:19","slug":"que-ver-y-hacer-en-california","status":"publish","type":"page","link":"https:\/\/123-esta.com\/es\/que-ver-y-hacer-en-california\/","title":{"rendered":"\u00bfQu\u00e9 ver y hacer en California?"},"content":{"rendered":"\n<p>Planificar un itinerario en un pa\u00eds tan grande como Estados Unidos puede ser una tarea complicada con tantos <a href=\"https:\/\/123-esta.com\/es\/ciudades-y-regiones-para-visitar-los-estados-unidos\/\">Principales ciudades y regiones para visitar en Estados Unidos<\/a>  \u00a1! Para ayudarle, nuestros expertos en viajes han redactado una gu\u00eda sobre California, la definici\u00f3n del sue\u00f1o americano.<\/p>\n\n<p>Este estado estadounidense evoca autom\u00e1ticamente \u00abel estilo de vida estadounidense\u00bb, un estilo de vida relajado junto a playas soleadas y una cultura multi\u00e9tnica acogedora, que atrae a millones de viajeros cada a\u00f1o. Este destino ofrece muchas posibilidades para todo tipo de viajeros:<\/p>\n\n<ul class=\"wp-block-list\"><li>Empiece un viaje por carretera por las carreteras m\u00e1s legendarias como la Ruta 66, US1 o Tioga Road;<\/li><li>Esqu\u00ed en las monta\u00f1as de San Gabriel en invierno;<\/li><li>Participar en una expedici\u00f3n en canoa por los 82 kil\u00f3metros del r\u00edo \u201cLos \u00c1ngeles\u201d;<\/li><li>Visite los vi\u00f1edos ubicados en las colinas del Valle de Napa para degustar el vino local;<\/li><li>Tome el sol en las innumerables playas a lo largo de la costa de California;<\/li><li>B\u00e1\u00f1ese en el Oc\u00e9ano Pac\u00edfico;<\/li><li>Disfrute de escenarios naturales incre\u00edbles en parques nacionales como Yosemite, Death Valley o Sequoia;<\/li><li>Divi\u00e9rtete solo o con tu familia en los parques de atracciones m\u00e1s famosos del mundo como Magic Kingdom (Disney), Lego Land, Six Flag o incluso Universal para los fan\u00e1ticos del cine;<\/li><li>Disfruta de los mejores lugares para surfear en todo Estados Unidos.<\/li><\/ul>\n\n<p>Apodado el Estado Dorado, California es exactamente como lo puedes ver en las pel\u00edculas o en la televisi\u00f3n: exuberante, lleno de vida, extraordinario, soleado, \u00a1donde nunca te aburres! Tambi\u00e9n es el estado donde encontramos varias de las metr\u00f3polis m\u00e1s famosas de Estados Unidos.<\/p>\n\n<p>La Ciudad de los \u00c1ngeles es conocida en todo el mundo, ya sea a trav\u00e9s de pel\u00edculas de cine, series de televisi\u00f3n o incluso en la literatura. Para muchos, Los \u00c1ngeles es tanto una modesta ciudad fronteriza como una brillante metr\u00f3polis urbana con muchas atracciones. Una verdadera capital mundial del entretenimiento, Los \u00c1ngeles es el sue\u00f1o de muchos viajeros cada a\u00f1o con su atm\u00f3sfera cinematogr\u00e1fica y musical, estudios, actores y productores famosos. Es impensable quedarse en California sin <a href=\"https:\/\/123-esta.com\/es\/cuales-son-las-atracciones-imperdibles-en-los-angeles\/\">visitar Los \u00c1ngeles<\/a> , ni siquiera por un d\u00eda.<\/p>\n\n<p>San Francisco no se queda atr\u00e1s, una ciudad emblem\u00e1tica que no deja indiferente a nadie. Entre los sitios tur\u00edsticos m\u00e1s populares se encuentran la famosa prisi\u00f3n de Alcatraz y el gigantesco \u00abPuente Golden Gate\u00bb. La \u201cCiudad de la Bah\u00eda\u201d, como se le conoce en Estados Unidos, es una ciudad que goza de influencia europea, <a href=\"https:\/\/123-esta.com\/es\/las-10-mejores-cosas-que-debes-ver-en-san-francisco\/\">lo que convierte a San Francisco en uno de los destinos favoritos de los franceses que visitan California<\/a> . Los viajeros experimentados describen SF como un lugar peculiar, tradicional pero moderno, vibrante y ecol\u00f3gico, y como Los \u00c1ngeles, tiene una poblaci\u00f3n diversa.<\/p>\n\n<p>Ubicada en la costa oeste de Estados Unidos, California es, por lo tanto, un destino emblem\u00e1tico para los amantes de las emociones fuertes, pero tambi\u00e9n un El Dorado para aquellos que desean interferir en el estilo de vida de Hollywood durante una semana o m\u00e1s.<\/p>\n","protected":false},"excerpt":{"rendered":"<p>Planificar un itinerario en un pa\u00eds tan grande como Estados Unidos puede ser una tarea complicada con tantos Principales ciudades y regiones para visitar en Estados Unidos \u00a1! Para ayudarle, nuestros expertos en viajes han redactado una gu\u00eda sobre California, la definici\u00f3n del sue\u00f1o americano. Este estado estadounidense evoca autom\u00e1ticamente \u00abel estilo de vida estadounidense\u00bb, [&hellip;]<\/p>\n","protected":false},"author":1,"featured_media":0,"parent":0,"menu_order":0,"comment_status":"closed","ping_status":"closed","template":"","meta":{"site-sidebar-layout":"default","site-content-layout":"default","ast-site-content-layout":"default","site-content-style":"default","site-sidebar-style":"default","ast-global-header-display":"","ast-banner-title-visibility":"","ast-main-header-display":"","ast-hfb-above-header-display":"","ast-hfb-below-header-display":"","ast-hfb-mobile-header-display":"","site-post-title":"","ast-breadcrumbs-content":"","ast-featured-img":"","footer-sml-layout":"","ast-disable-related-posts":"","theme-transparent-header-meta":"default","adv-header-id-meta":"","stick-header-meta":"default","header-above-stick-meta":"","header-main-stick-meta":"","header-below-stick-meta":"","astra-migrate-meta-layouts":"default","ast-page-background-enabled":"default","ast-page-background-meta":{"desktop":{"background-color":"","background-image":"","background-repeat":"repeat","background-position":"center center","background-size":"auto","background-attachment":"scroll","background-type":"","background-media":"","overlay-type":"","overlay-color":"","overlay-opacity":"","overlay-gradient":""},"tablet":{"background-color":"","background-image":"","background-repeat":"repeat","background-position":"center center","background-size":"auto","background-attachment":"scroll","background-type":"","background-media":"","overlay-type":"","overlay-color":"","overlay-opacity":"","overlay-gradient":""},"mobile":{"background-color":"","background-image":"","background-repeat":"repeat","background-position":"center center","background-size":"auto","background-attachment":"scroll","background-type":"","background-media":"","overlay-type":"","overlay-color":"","overlay-opacity":"","overlay-gradient":""}},"ast-content-background-meta":{"desktop":{"background-color":"var(--ast-global-color-5)","background-image":"","background-repeat":"repeat","background-position":"center center","background-size":"auto","background-attachment":"scroll","background-type":"","background-media":"","overlay-type":"","overlay-color":"","overlay-opacity":"","overlay-gradient":""},"tablet":{"background-color":"var(--ast-global-color-5)","background-image":"","background-repeat":"repeat","background-position":"center center","background-size":"auto","background-attachment":"scroll","background-type":"","background-media":"","overlay-type":"","overlay-color":"","overlay-opacity":"","overlay-gradient":""},"mobile":{"background-color":"var(--ast-global-color-5)","background-image":"","background-repeat":"repeat","background-position":"center center","background-size":"auto","background-attachment":"scroll","background-type":"","background-media":"","overlay-type":"","overlay-color":"","overlay-opacity":"","overlay-gradient":""}},"footnotes":""},"class_list":["post-1574","page","type-page","status-publish","hentry"],"yoast_head":"<!-- This site is optimized with the Yoast SEO plugin v27.1.1 - https:\/\/yoast.com\/product\/yoast-seo-wordpress\/ -->\n<title>\u00bfQu\u00e9 ver y visitar en sus vacaciones en California?<\/title>\n<meta name=\"description\" content=\"California ya no se presenta: el San Francisco europeo, el famoso Los \u00c1ngeles, parques nacionales impresionantes, \u00bfa qu\u00e9 est\u00e1s esperando?\" \/>\n<meta name=\"robots\" content=\"index, follow, max-snippet:-1, max-image-preview:large, max-video-preview:-1\" \/>\n<link rel=\"canonical\" href=\"https:\/\/123-esta.com\/es\/que-ver-y-hacer-en-california\/\" \/>\n<meta property=\"og:locale\" content=\"es_ES\" \/>\n<meta property=\"og:type\" content=\"article\" \/>\n<meta property=\"og:title\" content=\"\u00bfQu\u00e9 ver y visitar en sus vacaciones en California?\" \/>\n<meta property=\"og:description\" content=\"California ya no se presenta: el San Francisco europeo, el famoso Los \u00c1ngeles, parques nacionales impresionantes, \u00bfa qu\u00e9 est\u00e1s esperando?\" \/>\n<meta property=\"og:url\" content=\"https:\/\/123-esta.com\/es\/que-ver-y-hacer-en-california\/\" \/>\n<meta property=\"og:site_name\" content=\"Formulaire ESTA pour les USA\" \/>\n<meta property=\"article:modified_time\" content=\"2022-09-06T19:22:19+00:00\" \/>\n<meta name=\"twitter:card\" content=\"summary_large_image\" \/>\n<meta name=\"twitter:label1\" content=\"Tiempo de lectura\" \/>\n\t<meta name=\"twitter:data1\" content=\"3 minutos\" \/>\n<script type=\"application\/ld+json\" class=\"yoast-schema-graph\">{\"@context\":\"https:\/\/schema.org\",\"@graph\":[{\"@type\":\"WebPage\",\"@id\":\"https:\/\/123-esta.com\/es\/que-ver-y-hacer-en-california\/\",\"url\":\"https:\/\/123-esta.com\/es\/que-ver-y-hacer-en-california\/\",\"name\":\"\u00bfQu\u00e9 ver y visitar en sus vacaciones en California?\",\"isPartOf\":{\"@id\":\"https:\/\/123-esta.com\/es\/#website\"},\"datePublished\":\"2021-12-21T17:10:08+00:00\",\"dateModified\":\"2022-09-06T19:22:19+00:00\",\"description\":\"California ya no se presenta: el San Francisco europeo, el famoso Los \u00c1ngeles, parques nacionales impresionantes, \u00bfa qu\u00e9 est\u00e1s esperando?\",\"inLanguage\":\"es\",\"potentialAction\":[{\"@type\":\"ReadAction\",\"target\":[\"https:\/\/123-esta.com\/es\/que-ver-y-hacer-en-california\/\"]}]},{\"@type\":\"WebSite\",\"@id\":\"https:\/\/123-esta.com\/es\/#website\",\"url\":\"https:\/\/123-esta.com\/es\/\",\"name\":\"Formulaire ESTA pour les USA\",\"description\":\"\",\"publisher\":{\"@id\":\"https:\/\/123-esta.com\/es\/#organization\"},\"potentialAction\":[{\"@type\":\"SearchAction\",\"target\":{\"@type\":\"EntryPoint\",\"urlTemplate\":\"https:\/\/123-esta.com\/es\/?s={search_term_string}\"},\"query-input\":{\"@type\":\"PropertyValueSpecification\",\"valueRequired\":true,\"valueName\":\"search_term_string\"}}],\"inLanguage\":\"es\"},{\"@type\":\"Organization\",\"@id\":\"https:\/\/123-esta.com\/es\/#organization\",\"name\":\"Formulaire ESTA pour les USA\",\"url\":\"https:\/\/123-esta.com\/es\/\",\"logo\":{\"@type\":\"ImageObject\",\"inLanguage\":\"es\",\"@id\":\"https:\/\/123-esta.com\/es\/#\/schema\/logo\/image\/\",\"url\":\"https:\/\/123-esta.com\/wp-content\/uploads\/2018\/03\/logo-123-esta.png\",\"contentUrl\":\"https:\/\/123-esta.com\/wp-content\/uploads\/2018\/03\/logo-123-esta.png\",\"width\":191,\"height\":54,\"caption\":\"Formulaire ESTA pour les USA\"},\"image\":{\"@id\":\"https:\/\/123-esta.com\/es\/#\/schema\/logo\/image\/\"}}]}<\/script>\n<!-- \/ Yoast SEO plugin. -->","yoast_head_json":{"title":"\u00bfQu\u00e9 ver y visitar en sus vacaciones en California?","description":"California ya no se presenta: el San Francisco europeo, el famoso Los \u00c1ngeles, parques nacionales impresionantes, \u00bfa qu\u00e9 est\u00e1s esperando?","robots":{"index":"index","follow":"follow","max-snippet":"max-snippet:-1","max-image-preview":"max-image-preview:large","max-video-preview":"max-video-preview:-1"},"canonical":"https:\/\/123-esta.com\/es\/que-ver-y-hacer-en-california\/","og_locale":"es_ES","og_type":"article","og_title":"\u00bfQu\u00e9 ver y visitar en sus vacaciones en California?","og_description":"California ya no se presenta: el San Francisco europeo, el famoso Los \u00c1ngeles, parques nacionales impresionantes, \u00bfa qu\u00e9 est\u00e1s esperando?","og_url":"https:\/\/123-esta.com\/es\/que-ver-y-hacer-en-california\/","og_site_name":"Formulaire ESTA pour les USA","article_modified_time":"2022-09-06T19:22:19+00:00","twitter_card":"summary_large_image","twitter_misc":{"Tiempo de lectura":"3 minutos"},"schema":{"@context":"https:\/\/schema.org","@graph":[{"@type":"WebPage","@id":"https:\/\/123-esta.com\/es\/que-ver-y-hacer-en-california\/","url":"https:\/\/123-esta.com\/es\/que-ver-y-hacer-en-california\/","name":"\u00bfQu\u00e9 ver y visitar en sus vacaciones en California?","isPartOf":{"@id":"https:\/\/123-esta.com\/es\/#website"},"datePublished":"2021-12-21T17:10:08+00:00","dateModified":"2022-09-06T19:22:19+00:00","description":"California ya no se presenta: el San Francisco europeo, el famoso Los \u00c1ngeles, parques nacionales impresionantes, \u00bfa qu\u00e9 est\u00e1s esperando?","inLanguage":"es","potentialAction":[{"@type":"ReadAction","target":["https:\/\/123-esta.com\/es\/que-ver-y-hacer-en-california\/"]}]},{"@type":"WebSite","@id":"https:\/\/123-esta.com\/es\/#website","url":"https:\/\/123-esta.com\/es\/","name":"Formulaire ESTA pour les USA","description":"","publisher":{"@id":"https:\/\/123-esta.com\/es\/#organization"},"potentialAction":[{"@type":"SearchAction","target":{"@type":"EntryPoint","urlTemplate":"https:\/\/123-esta.com\/es\/?s={search_term_string}"},"query-input":{"@type":"PropertyValueSpecification","valueRequired":true,"valueName":"search_term_string"}}],"inLanguage":"es"},{"@type":"Organization","@id":"https:\/\/123-esta.com\/es\/#organization","name":"Formulaire ESTA pour les USA","url":"https:\/\/123-esta.com\/es\/","logo":{"@type":"ImageObject","inLanguage":"es","@id":"https:\/\/123-esta.com\/es\/#\/schema\/logo\/image\/","url":"https:\/\/123-esta.com\/wp-content\/uploads\/2018\/03\/logo-123-esta.png","contentUrl":"https:\/\/123-esta.com\/wp-content\/uploads\/2018\/03\/logo-123-esta.png","width":191,"height":54,"caption":"Formulaire ESTA pour les USA"},"image":{"@id":"https:\/\/123-esta.com\/es\/#\/schema\/logo\/image\/"}}]}},"_links":{"self":[{"href":"https:\/\/123-esta.com\/es\/wp-json\/wp\/v2\/pages\/1574","targetHints":{"allow":["GET"]}}],"collection":[{"href":"https:\/\/123-esta.com\/es\/wp-json\/wp\/v2\/pages"}],"about":[{"href":"https:\/\/123-esta.com\/es\/wp-json\/wp\/v2\/types\/page"}],"author":[{"embeddable":true,"href":"https:\/\/123-esta.com\/es\/wp-json\/wp\/v2\/users\/1"}],"replies":[{"embeddable":true,"href":"https:\/\/123-esta.com\/es\/wp-json\/wp\/v2\/comments?post=1574"}],"version-history":[{"count":0,"href":"https:\/\/123-esta.com\/es\/wp-json\/wp\/v2\/pages\/1574\/revisions"}],"wp:attachment":[{"href":"https:\/\/123-esta.com\/es\/wp-json\/wp\/v2\/media?parent=1574"}],"curies":[{"name":"wp","href":"https:\/\/api.w.org\/{rel}","templated":true}]}}