{"id":1570,"date":"2021-12-21T18:09:59","date_gmt":"2021-12-21T17:09:59","guid":{"rendered":"https:\/\/123-esta.com\/que-hacer-en-caso-de-una-solicitud-esta-pendiente\/"},"modified":"2022-09-06T23:11:38","modified_gmt":"2022-09-06T21:11:38","slug":"que-hacer-si-solicitas-esta-esperando","status":"publish","type":"page","link":"https:\/\/123-esta.com\/es\/que-hacer-si-solicitas-esta-esperando\/","title":{"rendered":"\u00bfQu\u00e9 hacer en caso de una solicitud ESTA \u00abpendiente\u00bb?"},"content":{"rendered":"\n<p><span style=\"font-weight: 400;\">Como sin duda sabr\u00e1, viajar a los Estados Unidos no es tan f\u00e1cil para los ciudadanos europeos como viajar en el espacio Schengen. Desafortunadamente, la posesi\u00f3n de un pasaporte v\u00e1lido no es suficiente para acceder a suelo estadounidense. Sin embargo, el gobierno de EE. UU. Fomenta los viajes temporales a EE. UU. Como prueba, el establecimiento del Visa Waiver Program (VWP). Incluso el deseo de proteger su territorio se hizo en el deseo de mantener el atractivo tur\u00edstico de los Estados Unidos no con la abolici\u00f3n de este programa de exenci\u00f3n de visas, sino con el establecimiento de ESTA. <\/span><\/p>\n\n<p><span style=\"font-weight: 400;\"><a href=\"\/\/123-esta.com\/es\/\">El ESTA<\/a> es una autorizaci\u00f3n electr\u00f3nica de viaje que s\u00f3lo pueden solicitar los extranjeros de los 40 pa\u00edses miembros del VWP (Visa Waiver Program). Para ello, deber\u00e1n completar un formulario en l\u00ednea y proceder al pago. Despu\u00e9s de enviar el formulario ESTA, los sistemas inform\u00e1ticos de US Customs and Border Protection analizan su solicitud ESTA y le asignan un estatus: ESTA concedido, ESTA pendiente o ESTA denegado.  <\/span><\/p>\n\n<p><span style=\"font-weight: 400;\">En este art\u00edculo, echamos un vistazo a la<\/span> <span style=\"font-weight: 400;\">solicitud ESTA pendiente.<\/span><\/p>\n\n<h2 class=\"wp-block-heading\"><span style=\"font-weight: 400;\">\u201cAutorizaci\u00f3n ESTA<\/span> <span style=\"font-weight: 400;\">pendiente<\/span> <span style=\"font-weight: 400;\">\u201d: \u00bfes esto un rechazo?<\/span> <\/h2>\n\n<p><span style=\"font-weight: 400;\">La respuesta a una solicitud ESTA es inmediata, pero la respuesta puede ser ESTA pendiente. Este resultado equivale a decir que se le dar\u00e1 una respuesta definitiva en un plazo m\u00e1ximo de 72 horas. Depende de usted verificar el estado de su solicitud ingresando su n\u00famero de pasaporte y su n\u00famero de solicitud en el sitio web oficial del gobierno de EE. UU. Si la solicitud del ESTA se hizo en un sitio web privado, como el de nuestro socio, se le env\u00eda un correo electr\u00f3nico para informarle del estado de su solicitud.<\/span><\/p>\n\n<p><span style=\"font-weight: 400;\">Estado<\/span> ESTA <span style=\"font-weight: 400;\">pendiente<\/span><span style=\"font-weight: 400;\"> no es necesariamente un signo de rechazo. Simplemente significa que su autorizaci\u00f3n de viaje est\u00e1 en revisi\u00f3n, ya sea debido a una gran cantidad de solicitudes o verificaci\u00f3n adicional.<\/span><\/p>\n\n<h2 class=\"wp-block-heading\"><span style=\"font-weight: 400;\">ESTA pendiente<\/span> <span style=\"font-weight: 400;\">: \u00bfqu\u00e9 estado final obtendr\u00e9?<\/span><\/h2>\n\n<p><span style=\"font-weight: 400;\">Obviamente, el<\/span> estado <span style=\"font-weight: 400;\">\u00abESTA pendiente\u00bb<\/span><span style=\"font-weight: 400;\"> no es definitivo. Podr\u00e1 saber si puede o no ir a EE. UU. Con un ESTA en un plazo m\u00e1ximo de 3 d\u00edas. <\/span><\/p>\n\n<p><span style=\"font-weight: 400;\">Su estado final de \u00abautorizaci\u00f3n aprobada\u00bb o \u00abviaje no autorizado\u00bb depender\u00e1 de su perfil. Te recordamos que la ESTA es ante todo una medida de seguridad, por lo que cumplir con los requisitos del gobierno de EE. UU. Es fundamental para obtenerla. Si se cumplen los criterios de elegibilidad, su solicitud <\/span><span style=\"font-weight: 400;\">La ESTA pendiente<\/span> <span style=\"font-weight: 400;\">resultar\u00e1 en la aprobaci\u00f3n de su estad\u00eda en los EE. UU.<\/span><\/p>\n\n<h3 class=\"wp-block-heading\"><span style=\"font-weight: 400;\">Autorizaci\u00f3n aprobada: \u00a1buen viaje!<\/span><\/h3>\n\n<p><span style=\"font-weight: 400;\">Cuando una<\/span> <span style=\"font-weight: 400;\">ESTA pendiente<\/span><span style=\"font-weight: 400;\"> se convierte en autorizaci\u00f3n aprobada, \u00a1felicitaciones! Esto significa que se le permite viajar a los Estados Unidos bajo el Programa de exenci\u00f3n de visa. <\/span><\/p>\n\n<p><span style=\"font-weight: 400;\">Sin embargo, <a href=\"https:\/\/123-esta.com\/es\/que-es-esta\/\">una autorizaci\u00f3n ESTA<\/a> no garantiza su admisi\u00f3n a los Estados Unidos; la decisi\u00f3n final recae en el oficial de aduanas. Para maximizar sus posibilidades de ingresar a los Estados Unidos, presente <a href=\"https:\/\/123-esta.com\/es\/esta-boleto-de-vuelta-de-avion-a-los-estados-unidos\/\">sus boletos de avi\u00f3n de regreso<\/a> a la aduana estadounidense y responda las preguntas con seriedad. <\/span><\/p>\n\n<p><span style=\"font-weight: 400;\">Consejos para viajeros: hay varias cosas que comprobar antes de su salida. Entre los cuales : <\/span><\/p>\n\n<ul class=\"wp-block-list\"><li style=\"font-weight: 400;\"><span style=\"font-weight: 400;\">Tener un pasaporte biom\u00e9trico (o electr\u00f3nico) v\u00e1lido. El n\u00famero de pasaporte est\u00e1 vinculado a su ESTA mediante sistemas electr\u00f3nicos de seguridad estadounidenses. Si su pasaporte expira, debe renovarlo y volver a aplicar ESTA con el nuevo pasaporte; <\/span><\/li><li style=\"font-weight: 400;\"><span style=\"font-weight: 400;\">Compruebe que su autorizaci\u00f3n siga siendo v\u00e1lida antes de su salida. La duraci\u00f3n oficial de esta autorizaci\u00f3n de viaje suele ser de 2 a\u00f1os, pero tambi\u00e9n depende de la fecha de caducidad de su pasaporte. Si el ESTA expira durante su viaje a los Estados Unidos de Am\u00e9rica, a\u00fan puede viajar siempre que tenga un pasaporte v\u00e1lido que cubra toda la estad\u00eda. <\/span><\/li><\/ul>\n\n<h3 class=\"wp-block-heading\"><span style=\"font-weight: 400;\">Viajes no autorizados: recurra a una visa <\/span><\/h3>\n\n<p><span style=\"font-weight: 400;\">La causa m\u00e1s com\u00fan de un estado denegado es el descuido al completar su informaci\u00f3n. Aseg\u00farese de completar el formulario correctamente y revisarlo antes de enviarlo. Si la solicitud es rechazada por este motivo, puede reiterar la solicitud en l\u00ednea dentro de los 10 d\u00edas. Para asegurar una solicitud autorizada y, en consecuencia, un viaje a EE. UU., Le recomendamos que pase por un sitio privado, como este. Nuestros expertos completar\u00e1n y verificar\u00e1n el formulario por usted. <\/span><\/p>\n\n<p><span style=\"font-weight: 400;\">Otro caso del pasaje<\/span> <span style=\"font-weight: 400;\">\u00abESTA pendiente\u00bb<\/span><span style=\"font-weight: 400;\"> a \u201cviajes no autorizados\u201d: no cumple con las condiciones para obtener una ESTA. Antes de realizar cualquier solicitud, aseg\u00farese de cumplir con estas condiciones: <\/span><\/p>\n\n<ul class=\"wp-block-list\"><li style=\"font-weight: 400;\"><span style=\"font-weight: 400;\">ser de la nacionalidad de uno de los pa\u00edses afectados por el VWP; <\/span><\/li><li style=\"font-weight: 400;\"><span style=\"font-weight: 400;\">hacer una estad\u00eda corta de hasta 90 d\u00edas; <\/span><\/li><li style=\"font-weight: 400;\"><span style=\"font-weight: 400;\">tener un pasaporte electr\u00f3nico (o biom\u00e9trico) v\u00e1lido; <\/span><\/li><li style=\"font-weight: 400;\"><span style=\"font-weight: 400;\">Vaya a los EE. UU. para un viaje tur\u00edstico, un viaje de negocios o una escala. <\/span><\/li><\/ul>\n\n<p><span style=\"font-weight: 400;\">Si desde el principio, uno o m\u00e1s de los elementos mencionados anteriormente no se respetan, proceda en cambio a una solicitud de visa estadounidense haciendo una cita en los servicios consulares de la embajada estadounidense. <\/span><\/p>\n","protected":false},"excerpt":{"rendered":"<p>Como sin duda sabr\u00e1, viajar a los Estados Unidos no es tan f\u00e1cil para los ciudadanos europeos como viajar en el espacio Schengen. Desafortunadamente, la posesi\u00f3n de un pasaporte v\u00e1lido no es suficiente para acceder a suelo estadounidense. Sin embargo, el gobierno de EE. UU. Fomenta los viajes temporales a EE. UU. Como prueba, el [&hellip;]<\/p>\n","protected":false},"author":1,"featured_media":0,"parent":0,"menu_order":0,"comment_status":"closed","ping_status":"closed","template":"","meta":{"site-sidebar-layout":"default","site-content-layout":"default","ast-site-content-layout":"default","site-content-style":"default","site-sidebar-style":"default","ast-global-header-display":"","ast-banner-title-visibility":"","ast-main-header-display":"","ast-hfb-above-header-display":"","ast-hfb-below-header-display":"","ast-hfb-mobile-header-display":"","site-post-title":"","ast-breadcrumbs-content":"","ast-featured-img":"","footer-sml-layout":"","ast-disable-related-posts":"","theme-transparent-header-meta":"default","adv-header-id-meta":"","stick-header-meta":"default","header-above-stick-meta":"","header-main-stick-meta":"","header-below-stick-meta":"","astra-migrate-meta-layouts":"default","ast-page-background-enabled":"default","ast-page-background-meta":{"desktop":{"background-color":"","background-image":"","background-repeat":"repeat","background-position":"center center","background-size":"auto","background-attachment":"scroll","background-type":"","background-media":"","overlay-type":"","overlay-color":"","overlay-opacity":"","overlay-gradient":""},"tablet":{"background-color":"","background-image":"","background-repeat":"repeat","background-position":"center center","background-size":"auto","background-attachment":"scroll","background-type":"","background-media":"","overlay-type":"","overlay-color":"","overlay-opacity":"","overlay-gradient":""},"mobile":{"background-color":"","background-image":"","background-repeat":"repeat","background-position":"center center","background-size":"auto","background-attachment":"scroll","background-type":"","background-media":"","overlay-type":"","overlay-color":"","overlay-opacity":"","overlay-gradient":""}},"ast-content-background-meta":{"desktop":{"background-color":"var(--ast-global-color-5)","background-image":"","background-repeat":"repeat","background-position":"center center","background-size":"auto","background-attachment":"scroll","background-type":"","background-media":"","overlay-type":"","overlay-color":"","overlay-opacity":"","overlay-gradient":""},"tablet":{"background-color":"var(--ast-global-color-5)","background-image":"","background-repeat":"repeat","background-position":"center center","background-size":"auto","background-attachment":"scroll","background-type":"","background-media":"","overlay-type":"","overlay-color":"","overlay-opacity":"","overlay-gradient":""},"mobile":{"background-color":"var(--ast-global-color-5)","background-image":"","background-repeat":"repeat","background-position":"center center","background-size":"auto","background-attachment":"scroll","background-type":"","background-media":"","overlay-type":"","overlay-color":"","overlay-opacity":"","overlay-gradient":""}},"footnotes":""},"class_list":["post-1570","page","type-page","status-publish","hentry"],"yoast_head":"<!-- This site is optimized with the Yoast SEO plugin v27.1.1 - https:\/\/yoast.com\/product\/yoast-seo-wordpress\/ -->\n<title>Solicitud de autorizaci\u00f3n ESTA \u201cpendiente\u201d: \u00bfqu\u00e9 hacer?<\/title>\n<meta name=\"description\" content=\"\u00bfSu solicitud de ESTA ha sido respondida como &quot;ESTA pendiente&quot;? \u00bfSe ve comprometida entonces su estancia en EE. UU.? Te explicamos todo sobre este estado ESTA.\" \/>\n<meta name=\"robots\" content=\"index, follow, max-snippet:-1, max-image-preview:large, max-video-preview:-1\" \/>\n<link rel=\"canonical\" href=\"https:\/\/123-esta.com\/es\/que-hacer-si-solicitas-esta-esperando\/\" \/>\n<meta property=\"og:locale\" content=\"es_ES\" \/>\n<meta property=\"og:type\" content=\"article\" \/>\n<meta property=\"og:title\" content=\"Solicitud de autorizaci\u00f3n ESTA \u201cpendiente\u201d: \u00bfqu\u00e9 hacer?\" \/>\n<meta property=\"og:description\" content=\"\u00bfSu solicitud de ESTA ha sido respondida como &quot;ESTA pendiente&quot;? \u00bfSe ve comprometida entonces su estancia en EE. UU.? Te explicamos todo sobre este estado ESTA.\" \/>\n<meta property=\"og:url\" content=\"https:\/\/123-esta.com\/es\/que-hacer-si-solicitas-esta-esperando\/\" \/>\n<meta property=\"og:site_name\" content=\"Formulaire ESTA pour les USA\" \/>\n<meta property=\"article:modified_time\" content=\"2022-09-06T21:11:38+00:00\" \/>\n<meta name=\"twitter:card\" content=\"summary_large_image\" \/>\n<meta name=\"twitter:label1\" content=\"Tiempo de lectura\" \/>\n\t<meta name=\"twitter:data1\" content=\"5 minutos\" \/>\n<script type=\"application\/ld+json\" class=\"yoast-schema-graph\">{\"@context\":\"https:\/\/schema.org\",\"@graph\":[{\"@type\":\"WebPage\",\"@id\":\"https:\/\/123-esta.com\/es\/que-hacer-si-solicitas-esta-esperando\/\",\"url\":\"https:\/\/123-esta.com\/es\/que-hacer-si-solicitas-esta-esperando\/\",\"name\":\"Solicitud de autorizaci\u00f3n ESTA \u201cpendiente\u201d: \u00bfqu\u00e9 hacer?\",\"isPartOf\":{\"@id\":\"https:\/\/123-esta.com\/es\/#website\"},\"datePublished\":\"2021-12-21T17:09:59+00:00\",\"dateModified\":\"2022-09-06T21:11:38+00:00\",\"description\":\"\u00bfSu solicitud de ESTA ha sido respondida como \\\"ESTA pendiente\\\"? \u00bfSe ve comprometida entonces su estancia en EE. UU.? Te explicamos todo sobre este estado ESTA.\",\"inLanguage\":\"es\",\"potentialAction\":[{\"@type\":\"ReadAction\",\"target\":[\"https:\/\/123-esta.com\/es\/que-hacer-si-solicitas-esta-esperando\/\"]}]},{\"@type\":\"WebSite\",\"@id\":\"https:\/\/123-esta.com\/es\/#website\",\"url\":\"https:\/\/123-esta.com\/es\/\",\"name\":\"Formulaire ESTA pour les USA\",\"description\":\"\",\"publisher\":{\"@id\":\"https:\/\/123-esta.com\/es\/#organization\"},\"potentialAction\":[{\"@type\":\"SearchAction\",\"target\":{\"@type\":\"EntryPoint\",\"urlTemplate\":\"https:\/\/123-esta.com\/es\/?s={search_term_string}\"},\"query-input\":{\"@type\":\"PropertyValueSpecification\",\"valueRequired\":true,\"valueName\":\"search_term_string\"}}],\"inLanguage\":\"es\"},{\"@type\":\"Organization\",\"@id\":\"https:\/\/123-esta.com\/es\/#organization\",\"name\":\"Formulaire ESTA pour les USA\",\"url\":\"https:\/\/123-esta.com\/es\/\",\"logo\":{\"@type\":\"ImageObject\",\"inLanguage\":\"es\",\"@id\":\"https:\/\/123-esta.com\/es\/#\/schema\/logo\/image\/\",\"url\":\"https:\/\/123-esta.com\/wp-content\/uploads\/2018\/03\/logo-123-esta.png\",\"contentUrl\":\"https:\/\/123-esta.com\/wp-content\/uploads\/2018\/03\/logo-123-esta.png\",\"width\":191,\"height\":54,\"caption\":\"Formulaire ESTA pour les USA\"},\"image\":{\"@id\":\"https:\/\/123-esta.com\/es\/#\/schema\/logo\/image\/\"}}]}<\/script>\n<!-- \/ Yoast SEO plugin. -->","yoast_head_json":{"title":"Solicitud de autorizaci\u00f3n ESTA \u201cpendiente\u201d: \u00bfqu\u00e9 hacer?","description":"\u00bfSu solicitud de ESTA ha sido respondida como \"ESTA pendiente\"? \u00bfSe ve comprometida entonces su estancia en EE. UU.? Te explicamos todo sobre este estado ESTA.","robots":{"index":"index","follow":"follow","max-snippet":"max-snippet:-1","max-image-preview":"max-image-preview:large","max-video-preview":"max-video-preview:-1"},"canonical":"https:\/\/123-esta.com\/es\/que-hacer-si-solicitas-esta-esperando\/","og_locale":"es_ES","og_type":"article","og_title":"Solicitud de autorizaci\u00f3n ESTA \u201cpendiente\u201d: \u00bfqu\u00e9 hacer?","og_description":"\u00bfSu solicitud de ESTA ha sido respondida como \"ESTA pendiente\"? \u00bfSe ve comprometida entonces su estancia en EE. UU.? Te explicamos todo sobre este estado ESTA.","og_url":"https:\/\/123-esta.com\/es\/que-hacer-si-solicitas-esta-esperando\/","og_site_name":"Formulaire ESTA pour les USA","article_modified_time":"2022-09-06T21:11:38+00:00","twitter_card":"summary_large_image","twitter_misc":{"Tiempo de lectura":"5 minutos"},"schema":{"@context":"https:\/\/schema.org","@graph":[{"@type":"WebPage","@id":"https:\/\/123-esta.com\/es\/que-hacer-si-solicitas-esta-esperando\/","url":"https:\/\/123-esta.com\/es\/que-hacer-si-solicitas-esta-esperando\/","name":"Solicitud de autorizaci\u00f3n ESTA \u201cpendiente\u201d: \u00bfqu\u00e9 hacer?","isPartOf":{"@id":"https:\/\/123-esta.com\/es\/#website"},"datePublished":"2021-12-21T17:09:59+00:00","dateModified":"2022-09-06T21:11:38+00:00","description":"\u00bfSu solicitud de ESTA ha sido respondida como \"ESTA pendiente\"? \u00bfSe ve comprometida entonces su estancia en EE. UU.? Te explicamos todo sobre este estado ESTA.","inLanguage":"es","potentialAction":[{"@type":"ReadAction","target":["https:\/\/123-esta.com\/es\/que-hacer-si-solicitas-esta-esperando\/"]}]},{"@type":"WebSite","@id":"https:\/\/123-esta.com\/es\/#website","url":"https:\/\/123-esta.com\/es\/","name":"Formulaire ESTA pour les USA","description":"","publisher":{"@id":"https:\/\/123-esta.com\/es\/#organization"},"potentialAction":[{"@type":"SearchAction","target":{"@type":"EntryPoint","urlTemplate":"https:\/\/123-esta.com\/es\/?s={search_term_string}"},"query-input":{"@type":"PropertyValueSpecification","valueRequired":true,"valueName":"search_term_string"}}],"inLanguage":"es"},{"@type":"Organization","@id":"https:\/\/123-esta.com\/es\/#organization","name":"Formulaire ESTA pour les USA","url":"https:\/\/123-esta.com\/es\/","logo":{"@type":"ImageObject","inLanguage":"es","@id":"https:\/\/123-esta.com\/es\/#\/schema\/logo\/image\/","url":"https:\/\/123-esta.com\/wp-content\/uploads\/2018\/03\/logo-123-esta.png","contentUrl":"https:\/\/123-esta.com\/wp-content\/uploads\/2018\/03\/logo-123-esta.png","width":191,"height":54,"caption":"Formulaire ESTA pour les USA"},"image":{"@id":"https:\/\/123-esta.com\/es\/#\/schema\/logo\/image\/"}}]}},"_links":{"self":[{"href":"https:\/\/123-esta.com\/es\/wp-json\/wp\/v2\/pages\/1570","targetHints":{"allow":["GET"]}}],"collection":[{"href":"https:\/\/123-esta.com\/es\/wp-json\/wp\/v2\/pages"}],"about":[{"href":"https:\/\/123-esta.com\/es\/wp-json\/wp\/v2\/types\/page"}],"author":[{"embeddable":true,"href":"https:\/\/123-esta.com\/es\/wp-json\/wp\/v2\/users\/1"}],"replies":[{"embeddable":true,"href":"https:\/\/123-esta.com\/es\/wp-json\/wp\/v2\/comments?post=1570"}],"version-history":[{"count":0,"href":"https:\/\/123-esta.com\/es\/wp-json\/wp\/v2\/pages\/1570\/revisions"}],"wp:attachment":[{"href":"https:\/\/123-esta.com\/es\/wp-json\/wp\/v2\/media?parent=1570"}],"curies":[{"name":"wp","href":"https:\/\/api.w.org\/{rel}","templated":true}]}}