{"id":1558,"date":"2021-12-21T18:08:02","date_gmt":"2021-12-21T17:08:02","guid":{"rendered":"https:\/\/123-esta.com\/precio-y-pago-esta\/"},"modified":"2022-07-28T14:01:10","modified_gmt":"2022-07-28T12:01:10","slug":"precios-y-pagos-esta","status":"publish","type":"page","link":"https:\/\/123-esta.com\/es\/precios-y-pagos-esta\/","title":{"rendered":"Precio y pago ESTA"},"content":{"rendered":"\n<p>La solicitud ESTA se realiza a trav\u00e9s de un formulario en l\u00ednea utilizando su pasaporte v\u00e1lido.<\/p>\n\n<h2 class=\"wp-block-heading\">Premio ESTA<\/h2>\n\n<p>Las autoridades estadounidenses han fijado una tasa \u00fanica de 21 d\u00f3lares por solicitud desde mayo de 2022. Por lo tanto, este es el precio b\u00e1sico ESTA.<\/p>\n\n<p>A esto \u00faltimo, se pueden sumar los honorarios del servicio de empresas privadas por la provisi\u00f3n de un equipo profesional encargado de verificar la informaci\u00f3n transmitida en el cuestionario ESTA, realizando los cambios necesarios si surge la necesidad, respondiendo a sus consultas y velando por la conservaci\u00f3n de su expediente por un per\u00edodo de 2 a\u00f1os.<\/p>\n\n<h2 class=\"wp-block-heading\">M\u00e9todo de pago ESTA<\/h2>\n\n<p>Tanto el registro del formulario de solicitud como el pago de la ESTA se realizan en un sitio seguro. El pago de la solicitud ESTA debe realizarse con tarjeta de cr\u00e9dito.<\/p>\n\n<h2 class=\"wp-block-heading\">Servicios de ASISTENCIA A EMPRESAS PRIVADAS<\/h2>\n\n<p>El gobierno de EE. UU. Es inflexible en lo que respecta a la seguridad nacional de EE. UU. Por tanto, no hace falta decir que se est\u00e1n intensificando los controles fronterizos. Cualquier viaje a los EE. UU. Est\u00e1 necesariamente acompa\u00f1ado de una autorizaci\u00f3n de viaje: ESTA o visa. Por supuesto, la solicitud ESTA es m\u00e1s simple y menos costosa que una solicitud de visa. Sin embargo, es peligroso creer que necesariamente se le entregar\u00e1 el ESTA porque cumple con las condiciones de elegibilidad. Un simple error de entrada en el formulario a completar y el ESTA puede ser rechazado.<\/p>\n\n<p>Al utilizar un servicio de asistencia privada, te aseguras de que toda la informaci\u00f3n proporcionada sea correcta, lo que reduce considerablemente el riesgo de rechazo. Adem\u00e1s, con frecuencia tiene soporte en l\u00ednea disponible para responder a todas sus preguntas.<\/p>\n","protected":false},"excerpt":{"rendered":"<p>La solicitud ESTA se realiza a trav\u00e9s de un formulario en l\u00ednea utilizando su pasaporte v\u00e1lido. Premio ESTA Las autoridades estadounidenses han fijado una tasa \u00fanica de 21 d\u00f3lares por solicitud desde mayo de 2022. Por lo tanto, este es el precio b\u00e1sico ESTA. A esto \u00faltimo, se pueden sumar los honorarios del servicio de [&hellip;]<\/p>\n","protected":false},"author":1,"featured_media":0,"parent":0,"menu_order":0,"comment_status":"closed","ping_status":"closed","template":"","meta":{"site-sidebar-layout":"default","site-content-layout":"default","ast-site-content-layout":"default","site-content-style":"default","site-sidebar-style":"default","ast-global-header-display":"","ast-banner-title-visibility":"","ast-main-header-display":"","ast-hfb-above-header-display":"","ast-hfb-below-header-display":"","ast-hfb-mobile-header-display":"","site-post-title":"","ast-breadcrumbs-content":"","ast-featured-img":"","footer-sml-layout":"","ast-disable-related-posts":"","theme-transparent-header-meta":"default","adv-header-id-meta":"","stick-header-meta":"default","header-above-stick-meta":"","header-main-stick-meta":"","header-below-stick-meta":"","astra-migrate-meta-layouts":"default","ast-page-background-enabled":"default","ast-page-background-meta":{"desktop":{"background-color":"","background-image":"","background-repeat":"repeat","background-position":"center center","background-size":"auto","background-attachment":"scroll","background-type":"","background-media":"","overlay-type":"","overlay-color":"","overlay-opacity":"","overlay-gradient":""},"tablet":{"background-color":"","background-image":"","background-repeat":"repeat","background-position":"center center","background-size":"auto","background-attachment":"scroll","background-type":"","background-media":"","overlay-type":"","overlay-color":"","overlay-opacity":"","overlay-gradient":""},"mobile":{"background-color":"","background-image":"","background-repeat":"repeat","background-position":"center center","background-size":"auto","background-attachment":"scroll","background-type":"","background-media":"","overlay-type":"","overlay-color":"","overlay-opacity":"","overlay-gradient":""}},"ast-content-background-meta":{"desktop":{"background-color":"var(--ast-global-color-5)","background-image":"","background-repeat":"repeat","background-position":"center center","background-size":"auto","background-attachment":"scroll","background-type":"","background-media":"","overlay-type":"","overlay-color":"","overlay-opacity":"","overlay-gradient":""},"tablet":{"background-color":"var(--ast-global-color-5)","background-image":"","background-repeat":"repeat","background-position":"center center","background-size":"auto","background-attachment":"scroll","background-type":"","background-media":"","overlay-type":"","overlay-color":"","overlay-opacity":"","overlay-gradient":""},"mobile":{"background-color":"var(--ast-global-color-5)","background-image":"","background-repeat":"repeat","background-position":"center center","background-size":"auto","background-attachment":"scroll","background-type":"","background-media":"","overlay-type":"","overlay-color":"","overlay-opacity":"","overlay-gradient":""}},"footnotes":""},"class_list":["post-1558","page","type-page","status-publish","hentry"],"yoast_head":"<!-- This site is optimized with the Yoast SEO plugin v27.1.1 - https:\/\/yoast.com\/product\/yoast-seo-wordpress\/ -->\n<title>Precio y pago ESTA<\/title>\n<meta name=\"description\" content=\"Informaci\u00f3n sobre c\u00f3mo pagar el ESTA y el precio de los servicios ofrecidos para obtenerlo.\" \/>\n<meta name=\"robots\" content=\"index, follow, max-snippet:-1, max-image-preview:large, max-video-preview:-1\" \/>\n<link rel=\"canonical\" href=\"https:\/\/123-esta.com\/es\/precios-y-pagos-esta\/\" \/>\n<meta property=\"og:locale\" content=\"es_ES\" \/>\n<meta property=\"og:type\" content=\"article\" \/>\n<meta property=\"og:title\" content=\"Precio y pago ESTA\" \/>\n<meta property=\"og:description\" content=\"Informaci\u00f3n sobre c\u00f3mo pagar el ESTA y el precio de los servicios ofrecidos para obtenerlo.\" \/>\n<meta property=\"og:url\" content=\"https:\/\/123-esta.com\/es\/precios-y-pagos-esta\/\" \/>\n<meta property=\"og:site_name\" content=\"Formulaire ESTA pour les USA\" \/>\n<meta property=\"article:modified_time\" content=\"2022-07-28T12:01:10+00:00\" \/>\n<meta name=\"twitter:card\" content=\"summary_large_image\" \/>\n<meta name=\"twitter:label1\" content=\"Tiempo de lectura\" \/>\n\t<meta name=\"twitter:data1\" content=\"2 minutos\" \/>\n<script type=\"application\/ld+json\" class=\"yoast-schema-graph\">{\"@context\":\"https:\/\/schema.org\",\"@graph\":[{\"@type\":\"WebPage\",\"@id\":\"https:\/\/123-esta.com\/es\/precios-y-pagos-esta\/\",\"url\":\"https:\/\/123-esta.com\/es\/precios-y-pagos-esta\/\",\"name\":\"Precio y pago ESTA\",\"isPartOf\":{\"@id\":\"https:\/\/123-esta.com\/es\/#website\"},\"datePublished\":\"2021-12-21T17:08:02+00:00\",\"dateModified\":\"2022-07-28T12:01:10+00:00\",\"description\":\"Informaci\u00f3n sobre c\u00f3mo pagar el ESTA y el precio de los servicios ofrecidos para obtenerlo.\",\"inLanguage\":\"es\",\"potentialAction\":[{\"@type\":\"ReadAction\",\"target\":[\"https:\/\/123-esta.com\/es\/precios-y-pagos-esta\/\"]}]},{\"@type\":\"WebSite\",\"@id\":\"https:\/\/123-esta.com\/es\/#website\",\"url\":\"https:\/\/123-esta.com\/es\/\",\"name\":\"Formulaire ESTA pour les USA\",\"description\":\"\",\"publisher\":{\"@id\":\"https:\/\/123-esta.com\/es\/#organization\"},\"potentialAction\":[{\"@type\":\"SearchAction\",\"target\":{\"@type\":\"EntryPoint\",\"urlTemplate\":\"https:\/\/123-esta.com\/es\/?s={search_term_string}\"},\"query-input\":{\"@type\":\"PropertyValueSpecification\",\"valueRequired\":true,\"valueName\":\"search_term_string\"}}],\"inLanguage\":\"es\"},{\"@type\":\"Organization\",\"@id\":\"https:\/\/123-esta.com\/es\/#organization\",\"name\":\"Formulaire ESTA pour les USA\",\"url\":\"https:\/\/123-esta.com\/es\/\",\"logo\":{\"@type\":\"ImageObject\",\"inLanguage\":\"es\",\"@id\":\"https:\/\/123-esta.com\/es\/#\/schema\/logo\/image\/\",\"url\":\"https:\/\/123-esta.com\/wp-content\/uploads\/2018\/03\/logo-123-esta.png\",\"contentUrl\":\"https:\/\/123-esta.com\/wp-content\/uploads\/2018\/03\/logo-123-esta.png\",\"width\":191,\"height\":54,\"caption\":\"Formulaire ESTA pour les USA\"},\"image\":{\"@id\":\"https:\/\/123-esta.com\/es\/#\/schema\/logo\/image\/\"}}]}<\/script>\n<!-- \/ Yoast SEO plugin. -->","yoast_head_json":{"title":"Precio y pago ESTA","description":"Informaci\u00f3n sobre c\u00f3mo pagar el ESTA y el precio de los servicios ofrecidos para obtenerlo.","robots":{"index":"index","follow":"follow","max-snippet":"max-snippet:-1","max-image-preview":"max-image-preview:large","max-video-preview":"max-video-preview:-1"},"canonical":"https:\/\/123-esta.com\/es\/precios-y-pagos-esta\/","og_locale":"es_ES","og_type":"article","og_title":"Precio y pago ESTA","og_description":"Informaci\u00f3n sobre c\u00f3mo pagar el ESTA y el precio de los servicios ofrecidos para obtenerlo.","og_url":"https:\/\/123-esta.com\/es\/precios-y-pagos-esta\/","og_site_name":"Formulaire ESTA pour les USA","article_modified_time":"2022-07-28T12:01:10+00:00","twitter_card":"summary_large_image","twitter_misc":{"Tiempo de lectura":"2 minutos"},"schema":{"@context":"https:\/\/schema.org","@graph":[{"@type":"WebPage","@id":"https:\/\/123-esta.com\/es\/precios-y-pagos-esta\/","url":"https:\/\/123-esta.com\/es\/precios-y-pagos-esta\/","name":"Precio y pago ESTA","isPartOf":{"@id":"https:\/\/123-esta.com\/es\/#website"},"datePublished":"2021-12-21T17:08:02+00:00","dateModified":"2022-07-28T12:01:10+00:00","description":"Informaci\u00f3n sobre c\u00f3mo pagar el ESTA y el precio de los servicios ofrecidos para obtenerlo.","inLanguage":"es","potentialAction":[{"@type":"ReadAction","target":["https:\/\/123-esta.com\/es\/precios-y-pagos-esta\/"]}]},{"@type":"WebSite","@id":"https:\/\/123-esta.com\/es\/#website","url":"https:\/\/123-esta.com\/es\/","name":"Formulaire ESTA pour les USA","description":"","publisher":{"@id":"https:\/\/123-esta.com\/es\/#organization"},"potentialAction":[{"@type":"SearchAction","target":{"@type":"EntryPoint","urlTemplate":"https:\/\/123-esta.com\/es\/?s={search_term_string}"},"query-input":{"@type":"PropertyValueSpecification","valueRequired":true,"valueName":"search_term_string"}}],"inLanguage":"es"},{"@type":"Organization","@id":"https:\/\/123-esta.com\/es\/#organization","name":"Formulaire ESTA pour les USA","url":"https:\/\/123-esta.com\/es\/","logo":{"@type":"ImageObject","inLanguage":"es","@id":"https:\/\/123-esta.com\/es\/#\/schema\/logo\/image\/","url":"https:\/\/123-esta.com\/wp-content\/uploads\/2018\/03\/logo-123-esta.png","contentUrl":"https:\/\/123-esta.com\/wp-content\/uploads\/2018\/03\/logo-123-esta.png","width":191,"height":54,"caption":"Formulaire ESTA pour les USA"},"image":{"@id":"https:\/\/123-esta.com\/es\/#\/schema\/logo\/image\/"}}]}},"_links":{"self":[{"href":"https:\/\/123-esta.com\/es\/wp-json\/wp\/v2\/pages\/1558","targetHints":{"allow":["GET"]}}],"collection":[{"href":"https:\/\/123-esta.com\/es\/wp-json\/wp\/v2\/pages"}],"about":[{"href":"https:\/\/123-esta.com\/es\/wp-json\/wp\/v2\/types\/page"}],"author":[{"embeddable":true,"href":"https:\/\/123-esta.com\/es\/wp-json\/wp\/v2\/users\/1"}],"replies":[{"embeddable":true,"href":"https:\/\/123-esta.com\/es\/wp-json\/wp\/v2\/comments?post=1558"}],"version-history":[{"count":0,"href":"https:\/\/123-esta.com\/es\/wp-json\/wp\/v2\/pages\/1558\/revisions"}],"wp:attachment":[{"href":"https:\/\/123-esta.com\/es\/wp-json\/wp\/v2\/media?parent=1558"}],"curies":[{"name":"wp","href":"https:\/\/api.w.org\/{rel}","templated":true}]}}