{"id":1556,"date":"2021-12-21T18:07:48","date_gmt":"2021-12-21T17:07:48","guid":{"rendered":"https:\/\/123-esta.com\/establecimiento-de-un-equivalente-de-la-esta-estadounidense-en-europa\/"},"modified":"2025-09-19T16:08:01","modified_gmt":"2025-09-19T14:08:01","slug":"establecimiento-de-un-equivalente-de-la-esta-estadounidense-en-europa","status":"publish","type":"page","link":"https:\/\/123-esta.com\/es\/establecimiento-de-un-equivalente-de-la-esta-estadounidense-en-europa\/","title":{"rendered":"Aplicaci\u00f3n de ETIAS PARA VIAJAR por Europa"},"content":{"rendered":"\n<p>Europa ha anunciado la introducci\u00f3n de un <a href=\"\/\/123-esta.com\/pays-visa-waiver-program\/\">programa europeo de exenci\u00f3n de visado<\/a> para los viajeros internacionales. Se trata del ETIAS (Sistema Europeo de Informaci\u00f3n y Autorizaci\u00f3n de Viajes). Previsto para entrar en vigor en 2027, el sistema se aplicar\u00e1 a los viajeros procedentes de pa\u00edses exentos de visado Schengen, como Estados Unidos, Canad\u00e1, Australia y Reino Unido.  <\/p>\n\n<p>Su objetivo es reforzar la seguridad de las fronteras europeas, facilitando al mismo tiempo la circulaci\u00f3n de viajeros. La introducci\u00f3n de ETIAS responde a una serie de condiciones: aumento de los controles de entrada, lucha contra la inmigraci\u00f3n ilegal y la delincuencia, y mejor gesti\u00f3n de los flujos tur\u00edsticos dentro del espacio Schengen. <\/p>\n\n<p>Inspir\u00e1ndose en gran medida en el ESTA (Sistema Electr\u00f3nico de Autorizaci\u00f3n de Viaje) estadounidense, la autorizaci\u00f3n europea ETIAS est\u00e1 en consonancia con las medidas adoptadas para reforzar la seguridad en Europa.<\/p>\n\n<h2 class=\"wp-block-heading\">Requisitos ETIAS<\/h2>\n\n<ol class=\"wp-block-list\">\n<li>Pasajeros afectados<\/li>\n<\/ol>\n\n<ul class=\"wp-block-list\">\n<li>Nacionales de m\u00e1s de 60 pa\u00edses exentos de visado Schengen.<\/li>\n\n\n\n<li>Estancias tur\u00edsticas, de negocios, m\u00e9dicas o de tr\u00e1nsito.<\/li>\n<\/ul>\n\n<ol start=\"2\" class=\"wp-block-list\">\n<li>Procedimiento de solicitud<\/li>\n<\/ol>\n\n<ul class=\"wp-block-list\">\n<li>Formulario en l\u00ednea disponible en el <a href=\"https:\/\/etias-eu.net\/es\/etias-sitio-web-oficial\/\">sitio web oficial de ETIAS<\/a>.<\/li>\n\n\n\n<li>Datos personales, pasaporte biom\u00e9trico v\u00e1lido, datos de contacto y motivo del viaje.<\/li>\n\n\n\n<li>Hay que pagar una tasa de 20 euros en el momento del lanzamiento, gratuita para los menores de 18 a\u00f1os y los mayores de 70.<\/li>\n<\/ul>\n\n<ol start=\"3\" class=\"wp-block-list\">\n<li>Plazos y validez<\/li>\n<\/ol>\n\n<ul class=\"wp-block-list\">\n<li>Respuesta normalmente en unos minutos (m\u00e1ximo 96 horas).<\/li>\n\n\n\n<li>La autorizaci\u00f3n ETIAS es v\u00e1lida durante 3 a\u00f1os o hasta que caduque el pasaporte.<\/li>\n\n\n\n<li>Permite m\u00faltiples entradas en el espacio Schengen.<\/li>\n<\/ul>\n\n<h2 class=\"wp-block-heading\">Diferencia entre el ETIAS y el visado Schengen<\/h2>\n\n<p>El ETIAS es una autorizaci\u00f3n electr\u00f3nica simple para los viajeros exentos de visado. El visado Schengen es un documento obligatorio para los nacionales sujetos a autorizaci\u00f3n previa. Ambos no son intercambiables.  <\/p>\n","protected":false},"excerpt":{"rendered":"<p>Europa ha anunciado la introducci\u00f3n de un programa europeo de exenci\u00f3n de visado para los viajeros internacionales. Se trata del ETIAS (Sistema Europeo de Informaci\u00f3n y Autorizaci\u00f3n de Viajes). Previsto para entrar en vigor en 2027, el sistema se aplicar\u00e1 a los viajeros procedentes de pa\u00edses exentos de visado Schengen, como Estados Unidos, Canad\u00e1, Australia [&hellip;]<\/p>\n","protected":false},"author":1,"featured_media":0,"parent":0,"menu_order":0,"comment_status":"closed","ping_status":"closed","template":"","meta":{"site-sidebar-layout":"default","site-content-layout":"default","ast-site-content-layout":"default","site-content-style":"default","site-sidebar-style":"default","ast-global-header-display":"","ast-banner-title-visibility":"","ast-main-header-display":"","ast-hfb-above-header-display":"","ast-hfb-below-header-display":"","ast-hfb-mobile-header-display":"","site-post-title":"","ast-breadcrumbs-content":"","ast-featured-img":"","footer-sml-layout":"","ast-disable-related-posts":"","theme-transparent-header-meta":"default","adv-header-id-meta":"","stick-header-meta":"default","header-above-stick-meta":"","header-main-stick-meta":"","header-below-stick-meta":"","astra-migrate-meta-layouts":"default","ast-page-background-enabled":"default","ast-page-background-meta":{"desktop":{"background-color":"","background-image":"","background-repeat":"repeat","background-position":"center center","background-size":"auto","background-attachment":"scroll","background-type":"","background-media":"","overlay-type":"","overlay-color":"","overlay-opacity":"","overlay-gradient":""},"tablet":{"background-color":"","background-image":"","background-repeat":"repeat","background-position":"center center","background-size":"auto","background-attachment":"scroll","background-type":"","background-media":"","overlay-type":"","overlay-color":"","overlay-opacity":"","overlay-gradient":""},"mobile":{"background-color":"","background-image":"","background-repeat":"repeat","background-position":"center center","background-size":"auto","background-attachment":"scroll","background-type":"","background-media":"","overlay-type":"","overlay-color":"","overlay-opacity":"","overlay-gradient":""}},"ast-content-background-meta":{"desktop":{"background-color":"var(--ast-global-color-5)","background-image":"","background-repeat":"repeat","background-position":"center center","background-size":"auto","background-attachment":"scroll","background-type":"","background-media":"","overlay-type":"","overlay-color":"","overlay-opacity":"","overlay-gradient":""},"tablet":{"background-color":"var(--ast-global-color-5)","background-image":"","background-repeat":"repeat","background-position":"center center","background-size":"auto","background-attachment":"scroll","background-type":"","background-media":"","overlay-type":"","overlay-color":"","overlay-opacity":"","overlay-gradient":""},"mobile":{"background-color":"var(--ast-global-color-5)","background-image":"","background-repeat":"repeat","background-position":"center center","background-size":"auto","background-attachment":"scroll","background-type":"","background-media":"","overlay-type":"","overlay-color":"","overlay-opacity":"","overlay-gradient":""}},"footnotes":""},"class_list":["post-1556","page","type-page","status-publish","hentry"],"yoast_head":"<!-- This site is optimized with the Yoast SEO plugin v27.1.1 - https:\/\/yoast.com\/product\/yoast-seo-wordpress\/ -->\n<title>Aplicaci\u00f3n de ETIAS PARA VIAJAR por Europa<\/title>\n<meta name=\"description\" content=\"Europa est\u00e1 trabajando para poner en marcha una autorizaci\u00f3n de viaje. Este proceso ya ha dejado su huella en Australia, Estados Unidos y Canad\u00e1.\" \/>\n<meta name=\"robots\" content=\"index, follow, max-snippet:-1, max-image-preview:large, max-video-preview:-1\" \/>\n<link rel=\"canonical\" href=\"https:\/\/123-esta.com\/es\/establecimiento-de-un-equivalente-de-la-esta-estadounidense-en-europa\/\" \/>\n<meta property=\"og:locale\" content=\"es_ES\" \/>\n<meta property=\"og:type\" content=\"article\" \/>\n<meta property=\"og:title\" content=\"Aplicaci\u00f3n de ETIAS PARA VIAJAR por Europa\" \/>\n<meta property=\"og:description\" content=\"Europa est\u00e1 trabajando para poner en marcha una autorizaci\u00f3n de viaje. Este proceso ya ha dejado su huella en Australia, Estados Unidos y Canad\u00e1.\" \/>\n<meta property=\"og:url\" content=\"https:\/\/123-esta.com\/es\/establecimiento-de-un-equivalente-de-la-esta-estadounidense-en-europa\/\" \/>\n<meta property=\"og:site_name\" content=\"Formulaire ESTA pour les USA\" \/>\n<meta property=\"article:modified_time\" content=\"2025-09-19T14:08:01+00:00\" \/>\n<meta name=\"twitter:card\" content=\"summary_large_image\" \/>\n<meta name=\"twitter:label1\" content=\"Tiempo de lectura\" \/>\n\t<meta name=\"twitter:data1\" content=\"2 minutos\" \/>\n<script type=\"application\/ld+json\" class=\"yoast-schema-graph\">{\"@context\":\"https:\/\/schema.org\",\"@graph\":[{\"@type\":\"WebPage\",\"@id\":\"https:\/\/123-esta.com\/es\/establecimiento-de-un-equivalente-de-la-esta-estadounidense-en-europa\/\",\"url\":\"https:\/\/123-esta.com\/es\/establecimiento-de-un-equivalente-de-la-esta-estadounidense-en-europa\/\",\"name\":\"Aplicaci\u00f3n de ETIAS PARA VIAJAR por Europa\",\"isPartOf\":{\"@id\":\"https:\/\/123-esta.com\/es\/#website\"},\"datePublished\":\"2021-12-21T17:07:48+00:00\",\"dateModified\":\"2025-09-19T14:08:01+00:00\",\"description\":\"Europa est\u00e1 trabajando para poner en marcha una autorizaci\u00f3n de viaje. Este proceso ya ha dejado su huella en Australia, Estados Unidos y Canad\u00e1.\",\"inLanguage\":\"es\",\"potentialAction\":[{\"@type\":\"ReadAction\",\"target\":[\"https:\/\/123-esta.com\/es\/establecimiento-de-un-equivalente-de-la-esta-estadounidense-en-europa\/\"]}]},{\"@type\":\"WebSite\",\"@id\":\"https:\/\/123-esta.com\/es\/#website\",\"url\":\"https:\/\/123-esta.com\/es\/\",\"name\":\"Formulaire ESTA pour les USA\",\"description\":\"\",\"publisher\":{\"@id\":\"https:\/\/123-esta.com\/es\/#organization\"},\"potentialAction\":[{\"@type\":\"SearchAction\",\"target\":{\"@type\":\"EntryPoint\",\"urlTemplate\":\"https:\/\/123-esta.com\/es\/?s={search_term_string}\"},\"query-input\":{\"@type\":\"PropertyValueSpecification\",\"valueRequired\":true,\"valueName\":\"search_term_string\"}}],\"inLanguage\":\"es\"},{\"@type\":\"Organization\",\"@id\":\"https:\/\/123-esta.com\/es\/#organization\",\"name\":\"Formulaire ESTA pour les USA\",\"url\":\"https:\/\/123-esta.com\/es\/\",\"logo\":{\"@type\":\"ImageObject\",\"inLanguage\":\"es\",\"@id\":\"https:\/\/123-esta.com\/es\/#\/schema\/logo\/image\/\",\"url\":\"https:\/\/123-esta.com\/wp-content\/uploads\/2018\/03\/logo-123-esta.png\",\"contentUrl\":\"https:\/\/123-esta.com\/wp-content\/uploads\/2018\/03\/logo-123-esta.png\",\"width\":191,\"height\":54,\"caption\":\"Formulaire ESTA pour les USA\"},\"image\":{\"@id\":\"https:\/\/123-esta.com\/es\/#\/schema\/logo\/image\/\"}}]}<\/script>\n<!-- \/ Yoast SEO plugin. -->","yoast_head_json":{"title":"Aplicaci\u00f3n de ETIAS PARA VIAJAR por Europa","description":"Europa est\u00e1 trabajando para poner en marcha una autorizaci\u00f3n de viaje. Este proceso ya ha dejado su huella en Australia, Estados Unidos y Canad\u00e1.","robots":{"index":"index","follow":"follow","max-snippet":"max-snippet:-1","max-image-preview":"max-image-preview:large","max-video-preview":"max-video-preview:-1"},"canonical":"https:\/\/123-esta.com\/es\/establecimiento-de-un-equivalente-de-la-esta-estadounidense-en-europa\/","og_locale":"es_ES","og_type":"article","og_title":"Aplicaci\u00f3n de ETIAS PARA VIAJAR por Europa","og_description":"Europa est\u00e1 trabajando para poner en marcha una autorizaci\u00f3n de viaje. Este proceso ya ha dejado su huella en Australia, Estados Unidos y Canad\u00e1.","og_url":"https:\/\/123-esta.com\/es\/establecimiento-de-un-equivalente-de-la-esta-estadounidense-en-europa\/","og_site_name":"Formulaire ESTA pour les USA","article_modified_time":"2025-09-19T14:08:01+00:00","twitter_card":"summary_large_image","twitter_misc":{"Tiempo de lectura":"2 minutos"},"schema":{"@context":"https:\/\/schema.org","@graph":[{"@type":"WebPage","@id":"https:\/\/123-esta.com\/es\/establecimiento-de-un-equivalente-de-la-esta-estadounidense-en-europa\/","url":"https:\/\/123-esta.com\/es\/establecimiento-de-un-equivalente-de-la-esta-estadounidense-en-europa\/","name":"Aplicaci\u00f3n de ETIAS PARA VIAJAR por Europa","isPartOf":{"@id":"https:\/\/123-esta.com\/es\/#website"},"datePublished":"2021-12-21T17:07:48+00:00","dateModified":"2025-09-19T14:08:01+00:00","description":"Europa est\u00e1 trabajando para poner en marcha una autorizaci\u00f3n de viaje. Este proceso ya ha dejado su huella en Australia, Estados Unidos y Canad\u00e1.","inLanguage":"es","potentialAction":[{"@type":"ReadAction","target":["https:\/\/123-esta.com\/es\/establecimiento-de-un-equivalente-de-la-esta-estadounidense-en-europa\/"]}]},{"@type":"WebSite","@id":"https:\/\/123-esta.com\/es\/#website","url":"https:\/\/123-esta.com\/es\/","name":"Formulaire ESTA pour les USA","description":"","publisher":{"@id":"https:\/\/123-esta.com\/es\/#organization"},"potentialAction":[{"@type":"SearchAction","target":{"@type":"EntryPoint","urlTemplate":"https:\/\/123-esta.com\/es\/?s={search_term_string}"},"query-input":{"@type":"PropertyValueSpecification","valueRequired":true,"valueName":"search_term_string"}}],"inLanguage":"es"},{"@type":"Organization","@id":"https:\/\/123-esta.com\/es\/#organization","name":"Formulaire ESTA pour les USA","url":"https:\/\/123-esta.com\/es\/","logo":{"@type":"ImageObject","inLanguage":"es","@id":"https:\/\/123-esta.com\/es\/#\/schema\/logo\/image\/","url":"https:\/\/123-esta.com\/wp-content\/uploads\/2018\/03\/logo-123-esta.png","contentUrl":"https:\/\/123-esta.com\/wp-content\/uploads\/2018\/03\/logo-123-esta.png","width":191,"height":54,"caption":"Formulaire ESTA pour les USA"},"image":{"@id":"https:\/\/123-esta.com\/es\/#\/schema\/logo\/image\/"}}]}},"_links":{"self":[{"href":"https:\/\/123-esta.com\/es\/wp-json\/wp\/v2\/pages\/1556","targetHints":{"allow":["GET"]}}],"collection":[{"href":"https:\/\/123-esta.com\/es\/wp-json\/wp\/v2\/pages"}],"about":[{"href":"https:\/\/123-esta.com\/es\/wp-json\/wp\/v2\/types\/page"}],"author":[{"embeddable":true,"href":"https:\/\/123-esta.com\/es\/wp-json\/wp\/v2\/users\/1"}],"replies":[{"embeddable":true,"href":"https:\/\/123-esta.com\/es\/wp-json\/wp\/v2\/comments?post=1556"}],"version-history":[{"count":0,"href":"https:\/\/123-esta.com\/es\/wp-json\/wp\/v2\/pages\/1556\/revisions"}],"wp:attachment":[{"href":"https:\/\/123-esta.com\/es\/wp-json\/wp\/v2\/media?parent=1556"}],"curies":[{"name":"wp","href":"https:\/\/api.w.org\/{rel}","templated":true}]}}